{"id":112,"date":"2017-07-26T15:17:26","date_gmt":"2017-07-26T13:17:26","guid":{"rendered":"http:\/\/www.avvisopubblico.it\/home\/?page_id=112"},"modified":"2017-07-26T15:17:26","modified_gmt":"2017-07-26T13:17:26","slug":"carta-di-avviso-pubblico","status":"publish","type":"page","link":"https:\/\/welaikaadv.site\/avviso\/carta-di-avviso-pubblico\/","title":{"rendered":"Carta di Avviso Pubblico"},"content":{"rendered":"<p>La\u00a0<strong>Carta di Avviso Pubblico<\/strong>\u00a0\u00e8 stata redatta da\u00a0<strong>un gruppo di lavoro di esperti, giuristi, funzionari pubblici e amministratori locali<\/strong> \u2013 coordinato dal Prof.\u00a0<strong>Alberto Vannucci<\/strong> (Universita\u0300 di Pisa) e dal <strong>Prof. Enrico Carloni<\/strong> (Universita\u0300 di Perugia),\u2013 che hanno rivisitato e aggiornato\u00a0 nel corso di questi anni la <strong>Carta di Pisa<\/strong>, il codice che l\u2019Associazione aveva presentato nel 2012, prima dell\u2019entrata in vigore di alcune leggi antimafia e anticorruzione.<\/p>\n<p>L&#8217;ultima edizione della <strong>Carta<\/strong> <strong>di Avviso Pubblico<\/strong> \u00e8 stata presentata\u00a0 durante un <span style=\"font-size: 1rem;\">seminario svoltosi il 21 marzo 2023, a Milano, in occasione della <em>Giornata nazionale della memoria e dell\u2019impegno in ricordo delle vittime innocenti delle mafie<\/em>.<\/span><\/p>\n<p>Composta da 20 articoli, <strong>la Carta indica concretamente come un buon amministratore\/amministratrice <\/strong>pu\u00f2 declinare nella quotidianit\u00e0 i principi di <strong>trasparenza, imparzialit\u00e0, disciplina e onore<\/strong> previsti dagli articoli 54 e 97 della Costituzione.<\/p>\n<blockquote><p><strong>PER SOTTOSCRIVERE LA CARTA DI AVVISO PUBBLICO NON \u00c8 OBBLIGATORIO ADERIRE ALL&#8217;ASSOCIAZIONE<\/strong><\/p><\/blockquote>\n<div class=\"page\" title=\"Page 2\">\n<div class=\"layoutArea\">\n<div class=\"column\">\n<div class=\"page\" title=\"Page 2\">\n<div class=\"layoutArea\">\n<div class=\"column\">\n<p>La nuova edizione della <strong>Carta di Avviso Pubblico<\/strong> punta maggiormente alla logica della <strong>responsabilizzazione<\/strong>, anziche\u0301 della prescrizione dei comportamenti di chi, pro tempore, amministra un ente e una comunita\u0300.<\/p>\n<p>La sua adesione \u00e8 stata <strong>estesa anche ai parlamentari nazionali ed europei<\/strong>, considerato anche il fatto che nel gennaio 2023 la Carta di Avviso Pubblico e\u0300 stata riconosciuta ufficialmente come <strong>\u201cbuona pratica\u201d italiana anticorruzione<\/strong> ed e\u0300 stata inserita nell\u2019<strong>Handbook of anticorruption best practices della Commissione Europea,<\/strong> accanto ad altri 26 strumenti \u2013 uno per ciascun paese dell\u2019Unione \u2013 di contrasto del malaffare politico-amministrativo.<\/p>\n<div class=\"page\" title=\"Page 3\">\n<div class=\"layoutArea\">\n<div class=\"column\">\n<p><strong>L\u2019adesione al codice etico proposto da Avviso Pubblico resta volontaria e pubblica<\/strong> e la sua <strong>sottoscrizione puo\u0300 avvenire sia a livello individuale che collettivo<\/strong> (giunte, consigli, ecc.).<\/p>\n<p>Il testo della Carta non e\u0300 rigido e immodificabile, ne\u0301 vuole essere percepito come calato dall\u2019alto. Come gia\u0300 si e\u0300 verificato in passato, la Carta puo\u0300 essere uno strumento da cui trarre spunto per redigere un documento che un organo politico collegiale ritiene piu\u0300 conforme alle proprie esigenze e sensibilita\u0300.<\/p>\n<\/div>\n<\/div>\n<\/div>\n<\/div>\n<\/div>\n<\/div>\n<\/div>\n<\/div>\n<\/div>\n<blockquote><p>Scarica la <strong><a href=\"https:\/\/welaikaadv.site\/avviso\/wp-content\/uploads\/2023\/12\/Carta-Avviso-Pubblico_Versione-italiana.pdf\">Carta di Avviso Pubblico<\/a><\/strong> (PDF, 310 KB)<\/p>\n<p>Scarica la versione della <a href=\"https:\/\/welaikaadv.site\/avviso\/wp-content\/uploads\/2024\/04\/cartaAP_inglese.pdf\"><strong>Carta di Avviso Pubblico in inglese<\/strong><\/a><\/p><\/blockquote>\n<p>Le adesioni alla Carta vanno inviate a: <strong><a href=\"mailto:segreteria@avvisopubblico.it\">organizzazione@avvisopubblico.it<\/a><\/strong><\/p>\n<p>Scarica il <strong><a href=\"https:\/\/welaikaadv.site\/avviso\/wp-content\/uploads\/2014\/05\/carta-di-avviso-pubblico_fac-simile_adesione_singoli.doc\">facsimile per l&#8217;adesione dei singoli amministratori o candidati<\/a><\/strong> (MS Word, 24 KB)<\/p>\n<p><iframe title=\"YouTube video player\" src=\"https:\/\/www.youtube.com\/embed\/TaHV2VixX_Y\" width=\"560\" height=\"315\" frameborder=\"0\" allowfullscreen=\"allowfullscreen\"><\/iframe><\/p>\n","protected":false},"excerpt":{"rendered":"<p>Un codice etico-comportamentale per gli amministratori pubblici&nbsp;<span class=\"hellipsis\">[&hellip;]<\/span><a class=\"more-link\" href=\"https:\/\/welaikaadv.site\/avviso\/carta-di-avviso-pubblico\/\">Leggi tutto <span class=\"screen-reader-text\">Carta di Avviso Pubblico<\/span> <span class=\"meta-nav\" aria-hidden=\"true\">&rarr;<\/span><\/a><\/p>\n","protected":false},"author":1,"featured_media":54262,"parent":0,"menu_order":60,"comment_status":"closed","ping_status":"closed","template":"page-templates\/about-template.php","meta":{"_acf_changed":false,"_exactmetrics_skip_tracking":false,"_exactmetrics_sitenote_active":false,"_exactmetrics_sitenote_note":"","_exactmetrics_sitenote_category":0,"wp_social_preview_title":"","wp_social_preview_description":"","wp_social_preview_image":0,"footnotes":""},"class_list":["post-112","page","type-page","status-publish","has-post-thumbnail","hentry"],"acf":[],"yoast_head":"<!-- This site is optimized with the Yoast SEO plugin v27.2 - https:\/\/yoast.com\/product\/yoast-seo-wordpress\/ -->\n<title>Carta di Avviso Pubblico - Staging Avviso Pubblico<\/title>\n<meta name=\"robots\" content=\"noindex, follow, max-snippet:-1, max-image-preview:large, max-video-preview:-1\" \/>\n<meta property=\"og:locale\" content=\"it_IT\" \/>\n<meta property=\"og:type\" content=\"article\" \/>\n<meta property=\"og:title\" content=\"Carta di Avviso Pubblico - Staging Avviso Pubblico\" \/>\n<meta property=\"og:description\" content=\"Un codice etico-comportamentale per gli amministratori pubblici&nbsp;[&hellip;]Leggi tutto Carta di Avviso Pubblico &rarr;\" \/>\n<meta property=\"og:url\" content=\"https:\/\/welaikaadv.site\/avviso\/carta-di-avviso-pubblico\/\" \/>\n<meta property=\"og:site_name\" content=\"Staging Avviso Pubblico\" \/>\n<meta name=\"twitter:card\" content=\"summary_large_image\" \/>\n<meta name=\"twitter:label1\" content=\"Tempo di lettura stimato\" \/>\n\t<meta name=\"twitter:data1\" content=\"2 minuti\" \/>\n<script type=\"application\/ld+json\" class=\"yoast-schema-graph\">{\"@context\":\"https:\/\/schema.org\",\"@graph\":[{\"@type\":\"WebPage\",\"@id\":\"https:\/\/welaikaadv.site\/avviso\/carta-di-avviso-pubblico\/\",\"url\":\"https:\/\/welaikaadv.site\/avviso\/carta-di-avviso-pubblico\/\",\"name\":\"Carta di Avviso Pubblico - Staging Avviso Pubblico\",\"isPartOf\":{\"@id\":\"https:\/\/welaikaadv.site\/avviso\/#website\"},\"primaryImageOfPage\":{\"@id\":\"https:\/\/welaikaadv.site\/avviso\/carta-di-avviso-pubblico\/#primaryimage\"},\"image\":{\"@id\":\"https:\/\/welaikaadv.site\/avviso\/carta-di-avviso-pubblico\/#primaryimage\"},\"thumbnailUrl\":\"\",\"datePublished\":\"2017-07-26T13:17:26+00:00\",\"breadcrumb\":{\"@id\":\"https:\/\/welaikaadv.site\/avviso\/carta-di-avviso-pubblico\/#breadcrumb\"},\"inLanguage\":\"it-IT\",\"potentialAction\":[{\"@type\":\"ReadAction\",\"target\":[\"https:\/\/welaikaadv.site\/avviso\/carta-di-avviso-pubblico\/\"]}]},{\"@type\":\"ImageObject\",\"inLanguage\":\"it-IT\",\"@id\":\"https:\/\/welaikaadv.site\/avviso\/carta-di-avviso-pubblico\/#primaryimage\",\"url\":\"\",\"contentUrl\":\"\"},{\"@type\":\"BreadcrumbList\",\"@id\":\"https:\/\/welaikaadv.site\/avviso\/carta-di-avviso-pubblico\/#breadcrumb\",\"itemListElement\":[{\"@type\":\"ListItem\",\"position\":1,\"name\":\"Home\",\"item\":\"https:\/\/welaikaadv.site\/avviso\/\"},{\"@type\":\"ListItem\",\"position\":2,\"name\":\"Home\",\"item\":\"https:\/\/welaikaadv.site\/avviso\/home\/\"},{\"@type\":\"ListItem\",\"position\":3,\"name\":\"Cosa facciamo\",\"item\":\"https:\/\/welaikaadv.site\/avviso\/home\/cosa-facciamo\/\"},{\"@type\":\"ListItem\",\"position\":4,\"name\":\"Carta di Avviso Pubblico\"}]},{\"@type\":\"WebSite\",\"@id\":\"https:\/\/welaikaadv.site\/avviso\/#website\",\"url\":\"https:\/\/welaikaadv.site\/avviso\/\",\"name\":\"Staging Avviso Pubblico\",\"description\":\"\",\"publisher\":{\"@id\":\"https:\/\/welaikaadv.site\/avviso\/#organization\"},\"potentialAction\":[{\"@type\":\"SearchAction\",\"target\":{\"@type\":\"EntryPoint\",\"urlTemplate\":\"https:\/\/welaikaadv.site\/avviso\/?s={search_term_string}\"},\"query-input\":{\"@type\":\"PropertyValueSpecification\",\"valueRequired\":true,\"valueName\":\"search_term_string\"}}],\"inLanguage\":\"it-IT\"},{\"@type\":\"Organization\",\"@id\":\"https:\/\/welaikaadv.site\/avviso\/#organization\",\"name\":\"Staging Avviso Pubblico\",\"url\":\"https:\/\/welaikaadv.site\/avviso\/\",\"logo\":{\"@type\":\"ImageObject\",\"inLanguage\":\"it-IT\",\"@id\":\"https:\/\/welaikaadv.site\/avviso\/#\/schema\/logo\/image\/\",\"url\":\"https:\/\/welaikaadv.site\/avviso\/wp-content\/uploads\/2024\/08\/logoAPsito-400.png\",\"contentUrl\":\"https:\/\/welaikaadv.site\/avviso\/wp-content\/uploads\/2024\/08\/logoAPsito-400.png\",\"width\":400,\"height\":97,\"caption\":\"Staging Avviso Pubblico\"},\"image\":{\"@id\":\"https:\/\/welaikaadv.site\/avviso\/#\/schema\/logo\/image\/\"}}]}<\/script>\n<!-- \/ Yoast SEO plugin. -->","yoast_head_json":{"title":"Carta di Avviso Pubblico - Staging Avviso Pubblico","robots":{"index":"noindex","follow":"follow","max-snippet":"max-snippet:-1","max-image-preview":"max-image-preview:large","max-video-preview":"max-video-preview:-1"},"og_locale":"it_IT","og_type":"article","og_title":"Carta di Avviso Pubblico - Staging Avviso Pubblico","og_description":"Un codice etico-comportamentale per gli amministratori pubblici&nbsp;[&hellip;]Leggi tutto Carta di Avviso Pubblico &rarr;","og_url":"https:\/\/welaikaadv.site\/avviso\/carta-di-avviso-pubblico\/","og_site_name":"Staging Avviso Pubblico","twitter_card":"summary_large_image","twitter_misc":{"Tempo di lettura stimato":"2 minuti"},"schema":{"@context":"https:\/\/schema.org","@graph":[{"@type":"WebPage","@id":"https:\/\/welaikaadv.site\/avviso\/carta-di-avviso-pubblico\/","url":"https:\/\/welaikaadv.site\/avviso\/carta-di-avviso-pubblico\/","name":"Carta di Avviso Pubblico - Staging Avviso Pubblico","isPartOf":{"@id":"https:\/\/welaikaadv.site\/avviso\/#website"},"primaryImageOfPage":{"@id":"https:\/\/welaikaadv.site\/avviso\/carta-di-avviso-pubblico\/#primaryimage"},"image":{"@id":"https:\/\/welaikaadv.site\/avviso\/carta-di-avviso-pubblico\/#primaryimage"},"thumbnailUrl":"","datePublished":"2017-07-26T13:17:26+00:00","breadcrumb":{"@id":"https:\/\/welaikaadv.site\/avviso\/carta-di-avviso-pubblico\/#breadcrumb"},"inLanguage":"it-IT","potentialAction":[{"@type":"ReadAction","target":["https:\/\/welaikaadv.site\/avviso\/carta-di-avviso-pubblico\/"]}]},{"@type":"ImageObject","inLanguage":"it-IT","@id":"https:\/\/welaikaadv.site\/avviso\/carta-di-avviso-pubblico\/#primaryimage","url":"","contentUrl":""},{"@type":"BreadcrumbList","@id":"https:\/\/welaikaadv.site\/avviso\/carta-di-avviso-pubblico\/#breadcrumb","itemListElement":[{"@type":"ListItem","position":1,"name":"Home","item":"https:\/\/welaikaadv.site\/avviso\/"},{"@type":"ListItem","position":2,"name":"Home","item":"https:\/\/welaikaadv.site\/avviso\/home\/"},{"@type":"ListItem","position":3,"name":"Cosa facciamo","item":"https:\/\/welaikaadv.site\/avviso\/home\/cosa-facciamo\/"},{"@type":"ListItem","position":4,"name":"Carta di Avviso Pubblico"}]},{"@type":"WebSite","@id":"https:\/\/welaikaadv.site\/avviso\/#website","url":"https:\/\/welaikaadv.site\/avviso\/","name":"Staging Avviso Pubblico","description":"","publisher":{"@id":"https:\/\/welaikaadv.site\/avviso\/#organization"},"potentialAction":[{"@type":"SearchAction","target":{"@type":"EntryPoint","urlTemplate":"https:\/\/welaikaadv.site\/avviso\/?s={search_term_string}"},"query-input":{"@type":"PropertyValueSpecification","valueRequired":true,"valueName":"search_term_string"}}],"inLanguage":"it-IT"},{"@type":"Organization","@id":"https:\/\/welaikaadv.site\/avviso\/#organization","name":"Staging Avviso Pubblico","url":"https:\/\/welaikaadv.site\/avviso\/","logo":{"@type":"ImageObject","inLanguage":"it-IT","@id":"https:\/\/welaikaadv.site\/avviso\/#\/schema\/logo\/image\/","url":"https:\/\/welaikaadv.site\/avviso\/wp-content\/uploads\/2024\/08\/logoAPsito-400.png","contentUrl":"https:\/\/welaikaadv.site\/avviso\/wp-content\/uploads\/2024\/08\/logoAPsito-400.png","width":400,"height":97,"caption":"Staging Avviso Pubblico"},"image":{"@id":"https:\/\/welaikaadv.site\/avviso\/#\/schema\/logo\/image\/"}}]}},"_links":{"self":[{"href":"https:\/\/welaikaadv.site\/avviso\/wp-json\/wp\/v2\/pages\/112","targetHints":{"allow":["GET"]}}],"collection":[{"href":"https:\/\/welaikaadv.site\/avviso\/wp-json\/wp\/v2\/pages"}],"about":[{"href":"https:\/\/welaikaadv.site\/avviso\/wp-json\/wp\/v2\/types\/page"}],"author":[{"embeddable":true,"href":"https:\/\/welaikaadv.site\/avviso\/wp-json\/wp\/v2\/users\/1"}],"replies":[{"embeddable":true,"href":"https:\/\/welaikaadv.site\/avviso\/wp-json\/wp\/v2\/comments?post=112"}],"version-history":[{"count":0,"href":"https:\/\/welaikaadv.site\/avviso\/wp-json\/wp\/v2\/pages\/112\/revisions"}],"wp:featuredmedia":[{"embeddable":true,"href":"https:\/\/welaikaadv.site\/avviso\/wp-json\/"}],"wp:attachment":[{"href":"https:\/\/welaikaadv.site\/avviso\/wp-json\/wp\/v2\/media?parent=112"}],"curies":[{"name":"wp","href":"https:\/\/api.w.org\/{rel}","templated":true}]}}