{"id":19070,"date":"2017-12-16T08:53:42","date_gmt":"2017-12-16T07:53:42","guid":{"rendered":"http:\/\/www.avvisopubblico.it\/osservatorio\/?page_id=7746"},"modified":"2017-12-16T08:53:42","modified_gmt":"2017-12-16T07:53:42","slug":"commissione-antimafia-audizione-del-presidente-del-consiglio-paolo-gentiloni","status":"publish","type":"page","link":"https:\/\/welaikaadv.site\/avviso\/home\/cosa-facciamo\/informare\/osservatorio-parlamentare\/attivita-dinchiesta\/attivita-dinchiesta-xvii\/commissione-bicamerale-antimafia\/commissione-antimafia-audizione-del-presidente-del-consiglio-paolo-gentiloni\/","title":{"rendered":"Commissione Antimafia: audizione del Presidente del Consiglio Paolo Gentiloni"},"content":{"rendered":"<p><strong>Premessa<\/strong>. La Commissione di inchiesta antimafia, nell\u2019ambito delle <strong><a href=\"https:\/\/welaikaadv.site\/avviso\/home\/cosa-facciamo\/informare\/osservatorio-parlamentare\/attivita-dinchiesta\/attivita-dinchiesta-xvii\/commissione-bicamerale-antimafia\/commissione-antimafia-audizioni-dei-rappresentanti-del-governo\/\">audizioni con diversi membri del Governo<\/a><\/strong>, ha infine ascoltato il <a href=\"http:\/\/www.camera.it\/leg17\/1058?idLegislatura=17&amp;tipologia=audiz2&amp;sottotipologia=audizione&amp;anno=2017&amp;mese=12&amp;giorno=06&amp;idCommissione=24&amp;numero=0235&amp;file=indice_stenografico\"><strong>6 dicembre 2017<\/strong><\/a> il Presidente del Consiglio. Qui di seguito sono sintetizzati i contenuti principali dell\u2019audizione<\/p>\n<p><strong>Il quadro di riferimento attuale<\/strong>. Nel corso degli ultimi anni sono stati conseguiti risultati molto importanti nel contrasto della criminalit\u00e0 organizzata sia sul piano della repressione che della prevenzione. Vengono ricordate a tale scopo le numerose inchieste giudiziarie, con l&#8217;arresto di 1.574 persone appartenenti ai diversi gruppi criminali e la cattura di 42 latitanti di particolare rilievo (tra cui Giuseppe Giorgi e Rocco Morabito); l\u2019adozione di misure di prevenzione patrimoniale (8.199 beni sequestrati, per un valore di 2 miliardi di euro e 4.599 beni confiscati, per un valore di 1,5 miliardi di euro); lo scioglimento di molti consigli comunali per infiltrazioni mafiose (22 da parte del governo Gentiloni); l&#8217;attivit\u00e0 di prevenzione antimafia svolta dalle prefetture (337 comunicazioni antimafia interdittive e 261 informazioni antimafia interdittive emesse nel corso del 2017).<\/p>\n<p>Tale imponente attivit\u00e0 da parte di magistratura e forze dell\u2019ordine, se ha inflitto pesanti colpi ai diversi gruppi criminali e alle loro leadership \u2013 in particolare Cosa nostra &#8211; non ne ha per\u00f2 scalfito la capacit\u00e0 operativa, con particolare riguardo alla \u2018ndrangheta, che continua a ricavare ingenti profitti dal narcotraffico, che vengono poi reinvestiti, in Italia e all\u2019estero, attraverso un\u2019opera di penetrazione nel tessuto istituzionale ed economico. Il Presidente del consiglio sottolinea a tale riguardo la costante ricerca di nuove modalit\u00e0 per aggirare i controlli di legalit\u00e0 (certificazioni antimafia, protocolli di legalit\u00e0 etc) e gli obblighi posti dalla normativa antiriciclaggio, grazie anche ad evoluti strumenti di tecnofinanza. Si registra in particolare una forte espansione verso i settori della grande distribuzione e dell&#8217;edilizia: \u201cLa contropartita per i servizi offerti \u00e8 sempre la stessa, appalti e relazioni. In questo modo i gruppi mafiosi sono divenuti dei veri e propri prestatori di servizi, a vantaggio dei comitati d&#8217;affari\u201d.<\/p>\n<p><strong>Le prospettive di intervento<\/strong>. Il Presidente del consiglio sottolinea l\u2019importanza dei provvedimenti legislativi adottati in questa legislatura, a partire dalla riforma del codice antimafia. Resta per\u00f2 essenziale, considerando le strette relazioni tra le organizzazioni mafiose italiane e quelle estere, una collaborazione sempre maggiore a livello internazionale e soprattutto tra i Paesi europei, da realizzare anche attraverso l\u2019adeguamento della normativa comunitaria. Vengono fornite informazioni sulle trattative in corso riguardanti il trattato di cooperazione giudiziaria e di estradizione con gli Emirati Arabi Uniti e l&#8217;attuazione della Convenzione di Palermo del 2000.<\/p>\n<p>Il premier auspica infine l\u2019adeguamento della disciplina riguardante lo scioglimento dei comuni per mafia, al fine di potenziare l&#8217;efficacia dell&#8217;azione delle gestioni straordinarie e favorire il ripristino della legalit\u00e0 (specie negli enti locali di maggiori dimensioni), e l\u2019approvazione entro la fine della legislatura della proposta di legge sui testimoni di giustizia.<\/p>\n","protected":false},"excerpt":{"rendered":"<p>Premessa. La Commissione di inchiesta antimafia, nell\u2019ambito delle audizioni con diversi membri del Governo, ha infine ascoltato il 6 dicembre 2017 il Presidente del Consiglio.&nbsp;<span class=\"hellipsis\">[&hellip;]<\/span><a class=\"more-link\" href=\"https:\/\/welaikaadv.site\/avviso\/home\/cosa-facciamo\/informare\/osservatorio-parlamentare\/attivita-dinchiesta\/attivita-dinchiesta-xvii\/commissione-bicamerale-antimafia\/commissione-antimafia-audizione-del-presidente-del-consiglio-paolo-gentiloni\/\">Leggi tutto <span class=\"screen-reader-text\">Commissione Antimafia: audizione del Presidente del Consiglio Paolo Gentiloni<\/span> <span class=\"meta-nav\" aria-hidden=\"true\">&rarr;<\/span><\/a><\/p>\n","protected":false},"author":1,"featured_media":0,"parent":2662,"menu_order":0,"comment_status":"closed","ping_status":"closed","template":"","meta":{"_acf_changed":false,"_exactmetrics_skip_tracking":false,"_exactmetrics_sitenote_active":false,"_exactmetrics_sitenote_note":"","_exactmetrics_sitenote_category":0,"wp_social_preview_title":"","wp_social_preview_description":"","wp_social_preview_image":0,"footnotes":""},"class_list":["post-19070","page","type-page","status-publish","hentry"],"acf":[],"yoast_head":"<!-- This site is optimized with the Yoast SEO plugin v27.2 - https:\/\/yoast.com\/product\/yoast-seo-wordpress\/ -->\n<title>Commissione Antimafia: audizione del Presidente del Consiglio Paolo Gentiloni - Staging Avviso Pubblico<\/title>\n<meta name=\"robots\" content=\"noindex, follow, max-snippet:-1, max-image-preview:large, max-video-preview:-1\" \/>\n<meta property=\"og:locale\" content=\"it_IT\" \/>\n<meta property=\"og:type\" content=\"article\" \/>\n<meta property=\"og:title\" content=\"Commissione Antimafia: audizione del Presidente del Consiglio Paolo Gentiloni - Staging Avviso Pubblico\" \/>\n<meta property=\"og:description\" content=\"Premessa. La Commissione di inchiesta antimafia, nell\u2019ambito delle audizioni con diversi membri del Governo, ha infine ascoltato il 6 dicembre 2017 il Presidente del Consiglio.&nbsp;[&hellip;]Leggi tutto Commissione Antimafia: audizione del Presidente del Consiglio Paolo Gentiloni &rarr;\" \/>\n<meta property=\"og:url\" content=\"https:\/\/welaikaadv.site\/avviso\/home\/cosa-facciamo\/informare\/osservatorio-parlamentare\/attivita-dinchiesta\/attivita-dinchiesta-xvii\/commissione-bicamerale-antimafia\/commissione-antimafia-audizione-del-presidente-del-consiglio-paolo-gentiloni\/\" \/>\n<meta property=\"og:site_name\" content=\"Staging Avviso Pubblico\" \/>\n<meta name=\"twitter:card\" content=\"summary_large_image\" \/>\n<meta name=\"twitter:label1\" content=\"Tempo di lettura stimato\" \/>\n\t<meta name=\"twitter:data1\" content=\"2 minuti\" \/>\n<script type=\"application\/ld+json\" class=\"yoast-schema-graph\">{\"@context\":\"https:\/\/schema.org\",\"@graph\":[{\"@type\":\"WebPage\",\"@id\":\"https:\/\/welaikaadv.site\/avviso\/home\/cosa-facciamo\/informare\/osservatorio-parlamentare\/attivita-dinchiesta\/attivita-dinchiesta-xvii\/commissione-bicamerale-antimafia\/commissione-antimafia-audizione-del-presidente-del-consiglio-paolo-gentiloni\/\",\"url\":\"https:\/\/welaikaadv.site\/avviso\/home\/cosa-facciamo\/informare\/osservatorio-parlamentare\/attivita-dinchiesta\/attivita-dinchiesta-xvii\/commissione-bicamerale-antimafia\/commissione-antimafia-audizione-del-presidente-del-consiglio-paolo-gentiloni\/\",\"name\":\"Commissione Antimafia: audizione del Presidente del Consiglio Paolo Gentiloni - Staging Avviso Pubblico\",\"isPartOf\":{\"@id\":\"https:\/\/welaikaadv.site\/avviso\/#website\"},\"datePublished\":\"2017-12-16T07:53:42+00:00\",\"breadcrumb\":{\"@id\":\"https:\/\/welaikaadv.site\/avviso\/home\/cosa-facciamo\/informare\/osservatorio-parlamentare\/attivita-dinchiesta\/attivita-dinchiesta-xvii\/commissione-bicamerale-antimafia\/commissione-antimafia-audizione-del-presidente-del-consiglio-paolo-gentiloni\/#breadcrumb\"},\"inLanguage\":\"it-IT\",\"potentialAction\":[{\"@type\":\"ReadAction\",\"target\":[\"https:\/\/welaikaadv.site\/avviso\/home\/cosa-facciamo\/informare\/osservatorio-parlamentare\/attivita-dinchiesta\/attivita-dinchiesta-xvii\/commissione-bicamerale-antimafia\/commissione-antimafia-audizione-del-presidente-del-consiglio-paolo-gentiloni\/\"]}]},{\"@type\":\"BreadcrumbList\",\"@id\":\"https:\/\/welaikaadv.site\/avviso\/home\/cosa-facciamo\/informare\/osservatorio-parlamentare\/attivita-dinchiesta\/attivita-dinchiesta-xvii\/commissione-bicamerale-antimafia\/commissione-antimafia-audizione-del-presidente-del-consiglio-paolo-gentiloni\/#breadcrumb\",\"itemListElement\":[{\"@type\":\"ListItem\",\"position\":1,\"name\":\"Home\",\"item\":\"https:\/\/welaikaadv.site\/avviso\/\"},{\"@type\":\"ListItem\",\"position\":2,\"name\":\"Commissione Antimafia: audizione del Presidente del Consiglio Paolo Gentiloni\"}]},{\"@type\":\"WebSite\",\"@id\":\"https:\/\/welaikaadv.site\/avviso\/#website\",\"url\":\"https:\/\/welaikaadv.site\/avviso\/\",\"name\":\"Staging Avviso Pubblico\",\"description\":\"\",\"publisher\":{\"@id\":\"https:\/\/welaikaadv.site\/avviso\/#organization\"},\"potentialAction\":[{\"@type\":\"SearchAction\",\"target\":{\"@type\":\"EntryPoint\",\"urlTemplate\":\"https:\/\/welaikaadv.site\/avviso\/?s={search_term_string}\"},\"query-input\":{\"@type\":\"PropertyValueSpecification\",\"valueRequired\":true,\"valueName\":\"search_term_string\"}}],\"inLanguage\":\"it-IT\"},{\"@type\":\"Organization\",\"@id\":\"https:\/\/welaikaadv.site\/avviso\/#organization\",\"name\":\"Staging Avviso Pubblico\",\"url\":\"https:\/\/welaikaadv.site\/avviso\/\",\"logo\":{\"@type\":\"ImageObject\",\"inLanguage\":\"it-IT\",\"@id\":\"https:\/\/welaikaadv.site\/avviso\/#\/schema\/logo\/image\/\",\"url\":\"https:\/\/welaikaadv.site\/avviso\/wp-content\/uploads\/2024\/08\/logoAPsito-400.png\",\"contentUrl\":\"https:\/\/welaikaadv.site\/avviso\/wp-content\/uploads\/2024\/08\/logoAPsito-400.png\",\"width\":400,\"height\":97,\"caption\":\"Staging Avviso Pubblico\"},\"image\":{\"@id\":\"https:\/\/welaikaadv.site\/avviso\/#\/schema\/logo\/image\/\"}}]}<\/script>\n<!-- \/ Yoast SEO plugin. -->","yoast_head_json":{"title":"Commissione Antimafia: audizione del Presidente del Consiglio Paolo Gentiloni - Staging Avviso Pubblico","robots":{"index":"noindex","follow":"follow","max-snippet":"max-snippet:-1","max-image-preview":"max-image-preview:large","max-video-preview":"max-video-preview:-1"},"og_locale":"it_IT","og_type":"article","og_title":"Commissione Antimafia: audizione del Presidente del Consiglio Paolo Gentiloni - Staging Avviso Pubblico","og_description":"Premessa. La Commissione di inchiesta antimafia, nell\u2019ambito delle audizioni con diversi membri del Governo, ha infine ascoltato il 6 dicembre 2017 il Presidente del Consiglio.&nbsp;[&hellip;]Leggi tutto Commissione Antimafia: audizione del Presidente del Consiglio Paolo Gentiloni &rarr;","og_url":"https:\/\/welaikaadv.site\/avviso\/home\/cosa-facciamo\/informare\/osservatorio-parlamentare\/attivita-dinchiesta\/attivita-dinchiesta-xvii\/commissione-bicamerale-antimafia\/commissione-antimafia-audizione-del-presidente-del-consiglio-paolo-gentiloni\/","og_site_name":"Staging Avviso Pubblico","twitter_card":"summary_large_image","twitter_misc":{"Tempo di lettura stimato":"2 minuti"},"schema":{"@context":"https:\/\/schema.org","@graph":[{"@type":"WebPage","@id":"https:\/\/welaikaadv.site\/avviso\/home\/cosa-facciamo\/informare\/osservatorio-parlamentare\/attivita-dinchiesta\/attivita-dinchiesta-xvii\/commissione-bicamerale-antimafia\/commissione-antimafia-audizione-del-presidente-del-consiglio-paolo-gentiloni\/","url":"https:\/\/welaikaadv.site\/avviso\/home\/cosa-facciamo\/informare\/osservatorio-parlamentare\/attivita-dinchiesta\/attivita-dinchiesta-xvii\/commissione-bicamerale-antimafia\/commissione-antimafia-audizione-del-presidente-del-consiglio-paolo-gentiloni\/","name":"Commissione Antimafia: audizione del Presidente del Consiglio Paolo Gentiloni - Staging Avviso Pubblico","isPartOf":{"@id":"https:\/\/welaikaadv.site\/avviso\/#website"},"datePublished":"2017-12-16T07:53:42+00:00","breadcrumb":{"@id":"https:\/\/welaikaadv.site\/avviso\/home\/cosa-facciamo\/informare\/osservatorio-parlamentare\/attivita-dinchiesta\/attivita-dinchiesta-xvii\/commissione-bicamerale-antimafia\/commissione-antimafia-audizione-del-presidente-del-consiglio-paolo-gentiloni\/#breadcrumb"},"inLanguage":"it-IT","potentialAction":[{"@type":"ReadAction","target":["https:\/\/welaikaadv.site\/avviso\/home\/cosa-facciamo\/informare\/osservatorio-parlamentare\/attivita-dinchiesta\/attivita-dinchiesta-xvii\/commissione-bicamerale-antimafia\/commissione-antimafia-audizione-del-presidente-del-consiglio-paolo-gentiloni\/"]}]},{"@type":"BreadcrumbList","@id":"https:\/\/welaikaadv.site\/avviso\/home\/cosa-facciamo\/informare\/osservatorio-parlamentare\/attivita-dinchiesta\/attivita-dinchiesta-xvii\/commissione-bicamerale-antimafia\/commissione-antimafia-audizione-del-presidente-del-consiglio-paolo-gentiloni\/#breadcrumb","itemListElement":[{"@type":"ListItem","position":1,"name":"Home","item":"https:\/\/welaikaadv.site\/avviso\/"},{"@type":"ListItem","position":2,"name":"Commissione Antimafia: audizione del Presidente del Consiglio Paolo Gentiloni"}]},{"@type":"WebSite","@id":"https:\/\/welaikaadv.site\/avviso\/#website","url":"https:\/\/welaikaadv.site\/avviso\/","name":"Staging Avviso Pubblico","description":"","publisher":{"@id":"https:\/\/welaikaadv.site\/avviso\/#organization"},"potentialAction":[{"@type":"SearchAction","target":{"@type":"EntryPoint","urlTemplate":"https:\/\/welaikaadv.site\/avviso\/?s={search_term_string}"},"query-input":{"@type":"PropertyValueSpecification","valueRequired":true,"valueName":"search_term_string"}}],"inLanguage":"it-IT"},{"@type":"Organization","@id":"https:\/\/welaikaadv.site\/avviso\/#organization","name":"Staging Avviso Pubblico","url":"https:\/\/welaikaadv.site\/avviso\/","logo":{"@type":"ImageObject","inLanguage":"it-IT","@id":"https:\/\/welaikaadv.site\/avviso\/#\/schema\/logo\/image\/","url":"https:\/\/welaikaadv.site\/avviso\/wp-content\/uploads\/2024\/08\/logoAPsito-400.png","contentUrl":"https:\/\/welaikaadv.site\/avviso\/wp-content\/uploads\/2024\/08\/logoAPsito-400.png","width":400,"height":97,"caption":"Staging Avviso Pubblico"},"image":{"@id":"https:\/\/welaikaadv.site\/avviso\/#\/schema\/logo\/image\/"}}]}},"_links":{"self":[{"href":"https:\/\/welaikaadv.site\/avviso\/wp-json\/wp\/v2\/pages\/19070","targetHints":{"allow":["GET"]}}],"collection":[{"href":"https:\/\/welaikaadv.site\/avviso\/wp-json\/wp\/v2\/pages"}],"about":[{"href":"https:\/\/welaikaadv.site\/avviso\/wp-json\/wp\/v2\/types\/page"}],"author":[{"embeddable":true,"href":"https:\/\/welaikaadv.site\/avviso\/wp-json\/wp\/v2\/users\/1"}],"replies":[{"embeddable":true,"href":"https:\/\/welaikaadv.site\/avviso\/wp-json\/wp\/v2\/comments?post=19070"}],"version-history":[{"count":0,"href":"https:\/\/welaikaadv.site\/avviso\/wp-json\/wp\/v2\/pages\/19070\/revisions"}],"up":[{"embeddable":true,"href":"https:\/\/welaikaadv.site\/avviso\/wp-json\/wp\/v2\/pages\/2662"}],"wp:attachment":[{"href":"https:\/\/welaikaadv.site\/avviso\/wp-json\/wp\/v2\/media?parent=19070"}],"curies":[{"name":"wp","href":"https:\/\/api.w.org\/{rel}","templated":true}]}}