{"id":19663,"date":"2018-03-05T12:50:18","date_gmt":"2018-03-05T11:50:18","guid":{"rendered":"http:\/\/www.avvisopubblico.it\/home\/?page_id=19663"},"modified":"2018-03-05T12:50:18","modified_gmt":"2018-03-05T11:50:18","slug":"commissione-banche-relazioni-conclusive","status":"publish","type":"page","link":"https:\/\/welaikaadv.site\/avviso\/home\/cosa-facciamo\/informare\/osservatorio-parlamentare\/attivita-dinchiesta\/attivita-dinchiesta-xvii\/commissione-di-inchiesta-sul-sistema-bancario-e-finanziario\/commissione-banche-relazioni-conclusive\/","title":{"rendered":"Commissione banche: relazioni conclusive"},"content":{"rendered":"<p><strong>Premessa<\/strong>. La Commissione di inchiesta sul settore bancario, al termine di un lungo ciclo di audizioni, ha approvato a maggioranza, il\u00a0<a href=\"http:\/\/www.camera.it\/leg17\/824?tipo=C&amp;anno=2018&amp;mese=01&amp;giorno=30&amp;view=&amp;commissione=75&amp;pagina=#data.20180130.com75.bollettino.sede00010.tit00020\"><strong>30 gennaio 2018<\/strong><\/a>, una\u00a0<a href=\"http:\/\/www.camera.it\/leg17\/824?tipo=A&amp;anno=2018&amp;mese=01&amp;giorno=30&amp;view=&amp;commissione=75#data.20180130.com75.allegati.all00010\"><strong>relazione conclusiva<\/strong><\/a>\u00a0che ricostruisce il lavoro svolto, il contesto in cui si inserisce la crisi di alcuni istituti bancari, l\u2019attivit\u00e0 di vigilanza esercitata nei loro confronti e le diverse soluzioni finora adottate per consentire il superamento della crisi; il capitolo finale \u00e8 dedicato alla prospettazione di un aggiornamento del quadro normativo nazionale e comunitario che potr\u00e0 essere discusso dal futuro Parlamento, qui di seguito sintetizzato. Le relazioni di minoranza, non poste in votazione, sono state allegate al resoconto della Commissione.<\/p>\n<p><strong>Le proposte della Commissione<\/strong>. Le riflessioni della Commissione si soffermano in particolare sui seguenti aspetti.<\/p>\n<p><em>Vigilanza<\/em>. La relazione sottolinea innanzitutto la necessit\u00e0 di rafforzare ulteriormente la collaborazione tra Banca d\u2019Italia e Consob, a partire dalla tempestiva comunicazione dei verbali integrali delle rispettive ispezioni, assieme ad una indicazione sintetica delle prescrizioni impartite all\u2019istituto bancario; da definire con precisione anche i flussi di informazione tra la BCE e le autorit\u00e0 di vigilanza nazionale, nell\u2019ambito di un complessivo ridisegno dell\u2019assetto istituzionale a livello europeo.\u00a0 Appare inoltre auspicabile accrescere i poteri ispettivi della Banca d\u2019Italia, in analogia a quelli gi\u00e0 attribuiti alla Consob e potenziare il ruolo del Comitato per la salvaguardia della stabilit\u00e0 finanziaria. Viene evidenziata la necessit\u00e0 di regole pi\u00f9 stringenti per quanto riguarda l\u2019assunzione di incarichi nelle banche di ex dipendenti delle pubbliche amministrazioni.<\/p>\n<p><em>Riforma della governance<\/em>. Le carenze emerse rendono necessario rafforzare la\u00a0<em>governance<\/em>\u00a0anche attraverso l\u2019innalzamento delle competenze dei board, in particolare nei momenti di crisi bancaria, e regole pi\u00f9 rigide in materia di conflitto di interessi.<\/p>\n<p><em>Efficacia dell\u2019azione penale<\/em>. La relazione sottolinea innanzitutto la necessit\u00e0 di una pi\u00f9 stretta relazione tra attivit\u00e0 di vigilanza ed azione penale, anche attraverso una pi\u00f9 puntuale individuazione della competenza territoriale, l\u2019unificazione dei due procedimenti e una precisazione delle responsabilit\u00e0 di ciascun organismo coinvolto. Sono inoltre fornite indicazioni in merito alla riscrittura di alcune norme penali, in particolare per sanzionare comportamenti fraudolenti anche in assenza di fallimento e l\u2019induzione a fare acquistare strumenti finanziari della banca contestualmente alla concessione di un credito.\u00a0 Viene infine sottolineata l\u2019importanza di una maggiore specializzazione della magistratura per i reati di natura finanziaria.<\/p>\n<p><em>Tutela dei risparmiatori<\/em>. La relazione pone attenzione sulla semplificazione dei prospetti informativi e su campagne di educazione finanziaria, ferma restando la necessit\u00e0 di un\u2019attenta valutazione del tema della separazione tra attivit\u00e0 bancaria e attivit\u00e0 finanziaria, oggetto di una specifica\u00a0<a href=\"http:\/\/www.senato.it\/3518?indagine=65\"><strong>indagine conoscitiva della Commissione Finanze del Senato<\/strong><\/a>.<\/p>\n","protected":false},"excerpt":{"rendered":"<p>Premessa. La Commissione di inchiesta sul settore bancario, al termine di un lungo ciclo di audizioni, ha approvato a maggioranza, il\u00a030 gennaio 2018, una\u00a0relazione conclusiva\u00a0che&nbsp;<span class=\"hellipsis\">[&hellip;]<\/span><a class=\"more-link\" href=\"https:\/\/welaikaadv.site\/avviso\/home\/cosa-facciamo\/informare\/osservatorio-parlamentare\/attivita-dinchiesta\/attivita-dinchiesta-xvii\/commissione-di-inchiesta-sul-sistema-bancario-e-finanziario\/commissione-banche-relazioni-conclusive\/\">Leggi tutto <span class=\"screen-reader-text\">Commissione banche: relazioni conclusive<\/span> <span class=\"meta-nav\" aria-hidden=\"true\">&rarr;<\/span><\/a><\/p>\n","protected":false},"author":1,"featured_media":0,"parent":23466,"menu_order":0,"comment_status":"closed","ping_status":"closed","template":"","meta":{"_acf_changed":false,"_exactmetrics_skip_tracking":false,"_exactmetrics_sitenote_active":false,"_exactmetrics_sitenote_note":"","_exactmetrics_sitenote_category":0,"wp_social_preview_title":"","wp_social_preview_description":"","wp_social_preview_image":0,"footnotes":""},"class_list":["post-19663","page","type-page","status-publish","hentry"],"acf":[],"yoast_head":"<!-- This site is optimized with the Yoast SEO plugin v27.2 - https:\/\/yoast.com\/product\/yoast-seo-wordpress\/ -->\n<title>Commissione banche: relazioni conclusive - Staging Avviso Pubblico<\/title>\n<meta name=\"robots\" content=\"noindex, follow, max-snippet:-1, max-image-preview:large, max-video-preview:-1\" \/>\n<meta property=\"og:locale\" content=\"it_IT\" \/>\n<meta property=\"og:type\" content=\"article\" \/>\n<meta property=\"og:title\" content=\"Commissione banche: relazioni conclusive - Staging Avviso Pubblico\" \/>\n<meta property=\"og:description\" content=\"Premessa. La Commissione di inchiesta sul settore bancario, al termine di un lungo ciclo di audizioni, ha approvato a maggioranza, il\u00a030 gennaio 2018, una\u00a0relazione conclusiva\u00a0che&nbsp;[&hellip;]Leggi tutto Commissione banche: relazioni conclusive &rarr;\" \/>\n<meta property=\"og:url\" content=\"https:\/\/welaikaadv.site\/avviso\/home\/cosa-facciamo\/informare\/osservatorio-parlamentare\/attivita-dinchiesta\/attivita-dinchiesta-xvii\/commissione-di-inchiesta-sul-sistema-bancario-e-finanziario\/commissione-banche-relazioni-conclusive\/\" \/>\n<meta property=\"og:site_name\" content=\"Staging Avviso Pubblico\" \/>\n<meta name=\"twitter:card\" content=\"summary_large_image\" \/>\n<meta name=\"twitter:label1\" content=\"Tempo di lettura stimato\" \/>\n\t<meta name=\"twitter:data1\" content=\"2 minuti\" \/>\n<script type=\"application\/ld+json\" class=\"yoast-schema-graph\">{\"@context\":\"https:\/\/schema.org\",\"@graph\":[{\"@type\":\"WebPage\",\"@id\":\"https:\/\/welaikaadv.site\/avviso\/home\/cosa-facciamo\/informare\/osservatorio-parlamentare\/attivita-dinchiesta\/attivita-dinchiesta-xvii\/commissione-di-inchiesta-sul-sistema-bancario-e-finanziario\/commissione-banche-relazioni-conclusive\/\",\"url\":\"https:\/\/welaikaadv.site\/avviso\/home\/cosa-facciamo\/informare\/osservatorio-parlamentare\/attivita-dinchiesta\/attivita-dinchiesta-xvii\/commissione-di-inchiesta-sul-sistema-bancario-e-finanziario\/commissione-banche-relazioni-conclusive\/\",\"name\":\"Commissione banche: relazioni conclusive - Staging Avviso Pubblico\",\"isPartOf\":{\"@id\":\"https:\/\/welaikaadv.site\/avviso\/#website\"},\"datePublished\":\"2018-03-05T11:50:18+00:00\",\"breadcrumb\":{\"@id\":\"https:\/\/welaikaadv.site\/avviso\/home\/cosa-facciamo\/informare\/osservatorio-parlamentare\/attivita-dinchiesta\/attivita-dinchiesta-xvii\/commissione-di-inchiesta-sul-sistema-bancario-e-finanziario\/commissione-banche-relazioni-conclusive\/#breadcrumb\"},\"inLanguage\":\"it-IT\",\"potentialAction\":[{\"@type\":\"ReadAction\",\"target\":[\"https:\/\/welaikaadv.site\/avviso\/home\/cosa-facciamo\/informare\/osservatorio-parlamentare\/attivita-dinchiesta\/attivita-dinchiesta-xvii\/commissione-di-inchiesta-sul-sistema-bancario-e-finanziario\/commissione-banche-relazioni-conclusive\/\"]}]},{\"@type\":\"BreadcrumbList\",\"@id\":\"https:\/\/welaikaadv.site\/avviso\/home\/cosa-facciamo\/informare\/osservatorio-parlamentare\/attivita-dinchiesta\/attivita-dinchiesta-xvii\/commissione-di-inchiesta-sul-sistema-bancario-e-finanziario\/commissione-banche-relazioni-conclusive\/#breadcrumb\",\"itemListElement\":[{\"@type\":\"ListItem\",\"position\":1,\"name\":\"Home\",\"item\":\"https:\/\/welaikaadv.site\/avviso\/\"},{\"@type\":\"ListItem\",\"position\":2,\"name\":\"Commissione di inchiesta sul sistema bancario e finanziario\",\"item\":\"https:\/\/welaikaadv.site\/avviso\/home\/cosa-facciamo\/informare\/osservatorio-parlamentare\/attivita-dinchiesta\/attivita-dinchiesta-xvii\/commissione-di-inchiesta-sul-sistema-bancario-e-finanziario\/\"},{\"@type\":\"ListItem\",\"position\":3,\"name\":\"Commissione banche: relazioni conclusive\"}]},{\"@type\":\"WebSite\",\"@id\":\"https:\/\/welaikaadv.site\/avviso\/#website\",\"url\":\"https:\/\/welaikaadv.site\/avviso\/\",\"name\":\"Staging Avviso Pubblico\",\"description\":\"\",\"publisher\":{\"@id\":\"https:\/\/welaikaadv.site\/avviso\/#organization\"},\"potentialAction\":[{\"@type\":\"SearchAction\",\"target\":{\"@type\":\"EntryPoint\",\"urlTemplate\":\"https:\/\/welaikaadv.site\/avviso\/?s={search_term_string}\"},\"query-input\":{\"@type\":\"PropertyValueSpecification\",\"valueRequired\":true,\"valueName\":\"search_term_string\"}}],\"inLanguage\":\"it-IT\"},{\"@type\":\"Organization\",\"@id\":\"https:\/\/welaikaadv.site\/avviso\/#organization\",\"name\":\"Staging Avviso Pubblico\",\"url\":\"https:\/\/welaikaadv.site\/avviso\/\",\"logo\":{\"@type\":\"ImageObject\",\"inLanguage\":\"it-IT\",\"@id\":\"https:\/\/welaikaadv.site\/avviso\/#\/schema\/logo\/image\/\",\"url\":\"https:\/\/welaikaadv.site\/avviso\/wp-content\/uploads\/2024\/08\/logoAPsito-400.png\",\"contentUrl\":\"https:\/\/welaikaadv.site\/avviso\/wp-content\/uploads\/2024\/08\/logoAPsito-400.png\",\"width\":400,\"height\":97,\"caption\":\"Staging Avviso Pubblico\"},\"image\":{\"@id\":\"https:\/\/welaikaadv.site\/avviso\/#\/schema\/logo\/image\/\"}}]}<\/script>\n<!-- \/ Yoast SEO plugin. -->","yoast_head_json":{"title":"Commissione banche: relazioni conclusive - Staging Avviso Pubblico","robots":{"index":"noindex","follow":"follow","max-snippet":"max-snippet:-1","max-image-preview":"max-image-preview:large","max-video-preview":"max-video-preview:-1"},"og_locale":"it_IT","og_type":"article","og_title":"Commissione banche: relazioni conclusive - Staging Avviso Pubblico","og_description":"Premessa. La Commissione di inchiesta sul settore bancario, al termine di un lungo ciclo di audizioni, ha approvato a maggioranza, il\u00a030 gennaio 2018, una\u00a0relazione conclusiva\u00a0che&nbsp;[&hellip;]Leggi tutto Commissione banche: relazioni conclusive &rarr;","og_url":"https:\/\/welaikaadv.site\/avviso\/home\/cosa-facciamo\/informare\/osservatorio-parlamentare\/attivita-dinchiesta\/attivita-dinchiesta-xvii\/commissione-di-inchiesta-sul-sistema-bancario-e-finanziario\/commissione-banche-relazioni-conclusive\/","og_site_name":"Staging Avviso Pubblico","twitter_card":"summary_large_image","twitter_misc":{"Tempo di lettura stimato":"2 minuti"},"schema":{"@context":"https:\/\/schema.org","@graph":[{"@type":"WebPage","@id":"https:\/\/welaikaadv.site\/avviso\/home\/cosa-facciamo\/informare\/osservatorio-parlamentare\/attivita-dinchiesta\/attivita-dinchiesta-xvii\/commissione-di-inchiesta-sul-sistema-bancario-e-finanziario\/commissione-banche-relazioni-conclusive\/","url":"https:\/\/welaikaadv.site\/avviso\/home\/cosa-facciamo\/informare\/osservatorio-parlamentare\/attivita-dinchiesta\/attivita-dinchiesta-xvii\/commissione-di-inchiesta-sul-sistema-bancario-e-finanziario\/commissione-banche-relazioni-conclusive\/","name":"Commissione banche: relazioni conclusive - Staging Avviso Pubblico","isPartOf":{"@id":"https:\/\/welaikaadv.site\/avviso\/#website"},"datePublished":"2018-03-05T11:50:18+00:00","breadcrumb":{"@id":"https:\/\/welaikaadv.site\/avviso\/home\/cosa-facciamo\/informare\/osservatorio-parlamentare\/attivita-dinchiesta\/attivita-dinchiesta-xvii\/commissione-di-inchiesta-sul-sistema-bancario-e-finanziario\/commissione-banche-relazioni-conclusive\/#breadcrumb"},"inLanguage":"it-IT","potentialAction":[{"@type":"ReadAction","target":["https:\/\/welaikaadv.site\/avviso\/home\/cosa-facciamo\/informare\/osservatorio-parlamentare\/attivita-dinchiesta\/attivita-dinchiesta-xvii\/commissione-di-inchiesta-sul-sistema-bancario-e-finanziario\/commissione-banche-relazioni-conclusive\/"]}]},{"@type":"BreadcrumbList","@id":"https:\/\/welaikaadv.site\/avviso\/home\/cosa-facciamo\/informare\/osservatorio-parlamentare\/attivita-dinchiesta\/attivita-dinchiesta-xvii\/commissione-di-inchiesta-sul-sistema-bancario-e-finanziario\/commissione-banche-relazioni-conclusive\/#breadcrumb","itemListElement":[{"@type":"ListItem","position":1,"name":"Home","item":"https:\/\/welaikaadv.site\/avviso\/"},{"@type":"ListItem","position":2,"name":"Commissione di inchiesta sul sistema bancario e finanziario","item":"https:\/\/welaikaadv.site\/avviso\/home\/cosa-facciamo\/informare\/osservatorio-parlamentare\/attivita-dinchiesta\/attivita-dinchiesta-xvii\/commissione-di-inchiesta-sul-sistema-bancario-e-finanziario\/"},{"@type":"ListItem","position":3,"name":"Commissione banche: relazioni conclusive"}]},{"@type":"WebSite","@id":"https:\/\/welaikaadv.site\/avviso\/#website","url":"https:\/\/welaikaadv.site\/avviso\/","name":"Staging Avviso Pubblico","description":"","publisher":{"@id":"https:\/\/welaikaadv.site\/avviso\/#organization"},"potentialAction":[{"@type":"SearchAction","target":{"@type":"EntryPoint","urlTemplate":"https:\/\/welaikaadv.site\/avviso\/?s={search_term_string}"},"query-input":{"@type":"PropertyValueSpecification","valueRequired":true,"valueName":"search_term_string"}}],"inLanguage":"it-IT"},{"@type":"Organization","@id":"https:\/\/welaikaadv.site\/avviso\/#organization","name":"Staging Avviso Pubblico","url":"https:\/\/welaikaadv.site\/avviso\/","logo":{"@type":"ImageObject","inLanguage":"it-IT","@id":"https:\/\/welaikaadv.site\/avviso\/#\/schema\/logo\/image\/","url":"https:\/\/welaikaadv.site\/avviso\/wp-content\/uploads\/2024\/08\/logoAPsito-400.png","contentUrl":"https:\/\/welaikaadv.site\/avviso\/wp-content\/uploads\/2024\/08\/logoAPsito-400.png","width":400,"height":97,"caption":"Staging Avviso Pubblico"},"image":{"@id":"https:\/\/welaikaadv.site\/avviso\/#\/schema\/logo\/image\/"}}]}},"_links":{"self":[{"href":"https:\/\/welaikaadv.site\/avviso\/wp-json\/wp\/v2\/pages\/19663","targetHints":{"allow":["GET"]}}],"collection":[{"href":"https:\/\/welaikaadv.site\/avviso\/wp-json\/wp\/v2\/pages"}],"about":[{"href":"https:\/\/welaikaadv.site\/avviso\/wp-json\/wp\/v2\/types\/page"}],"author":[{"embeddable":true,"href":"https:\/\/welaikaadv.site\/avviso\/wp-json\/wp\/v2\/users\/1"}],"replies":[{"embeddable":true,"href":"https:\/\/welaikaadv.site\/avviso\/wp-json\/wp\/v2\/comments?post=19663"}],"version-history":[{"count":0,"href":"https:\/\/welaikaadv.site\/avviso\/wp-json\/wp\/v2\/pages\/19663\/revisions"}],"up":[{"embeddable":true,"href":"https:\/\/welaikaadv.site\/avviso\/wp-json\/wp\/v2\/pages\/23466"}],"wp:attachment":[{"href":"https:\/\/welaikaadv.site\/avviso\/wp-json\/wp\/v2\/media?parent=19663"}],"curies":[{"name":"wp","href":"https:\/\/api.w.org\/{rel}","templated":true}]}}