{"id":23486,"date":"2015-07-29T21:35:01","date_gmt":"2015-07-29T19:35:01","guid":{"rendered":"http:\/\/www.avvisopubblico.it\/osservatorio\/?page_id=3356"},"modified":"2015-07-29T21:35:01","modified_gmt":"2015-07-29T19:35:01","slug":"commissione-contraffazione-audizioni-dei-rappresentanti-di-aziende-ed-artigiani","status":"publish","type":"page","link":"https:\/\/welaikaadv.site\/avviso\/home\/cosa-facciamo\/informare\/osservatorio-parlamentare\/attivita-dinchiesta\/attivita-dinchiesta-xvii\/commissione-sulla-contraffazione\/commissione-contraffazione-audizioni-dei-rappresentanti-di-aziende-ed-artigiani\/","title":{"rendered":"Commissione contraffazione: audizioni dei rappresentanti di aziende ed artigiani"},"content":{"rendered":"<p>La Commissione sulla contraffazione sta svolgendo una serie di audizioni con rappresentanti delle associazioni e delle aziende: Confartigianato (seduta del <a href=\"http:\/\/www.camera.it\/leg17\/1058?idLegislatura=17&amp;tipologia=audiz2&amp;sottotipologia=audizione&amp;anno=2014&amp;mese=09&amp;giorno=17&amp;idCommissione=64&amp;numero=0002&amp;file=indice_stenografico\"><strong>17 settembre 2014<\/strong><\/a>), Confindustria (sedute del <a href=\"http:\/\/www.camera.it\/leg17\/1058?idLegislatura=17&amp;tipologia=audiz2&amp;sottotipologia=audizione&amp;anno=2014&amp;mese=09&amp;giorno=25&amp;idCommissione=64&amp;numero=0003&amp;file=indice_stenografico\"><strong>25 settembre 2014<\/strong><\/a> e del <a href=\"http:\/\/www.camera.it\/leg17\/1058?idLegislatura=17&amp;tipologia=audiz2&amp;sottotipologia=audizione&amp;anno=2015&amp;mese=06&amp;giorno=18&amp;idCommissione=64&amp;numero=0024&amp;file=indice_stenografico\"><strong>18 giugno 2015<\/strong><\/a>), CNA (seduta del <a href=\"http:\/\/www.camera.it\/leg17\/1058?idLegislatura=17&amp;tipologia=audiz2&amp;sottotipologia=audizione&amp;anno=2014&amp;mese=10&amp;giorno=09&amp;idCommissione=64&amp;numero=0004&amp;file=indice_stenografico\"><strong>9 ottobre 2014<\/strong><\/a>) , Coldiretti (seduta del <a href=\"http:\/\/www.camera.it\/leg17\/1058?idLegislatura=17&amp;tipologia=audiz2&amp;sottotipologia=audizione&amp;anno=2014&amp;mese=10&amp;giorno=23&amp;idCommissione=64&amp;numero=0006&amp;file=indice_stenografico\"><strong>23 ottobre 2014<\/strong><\/a>), Agrinsieme (seduta del\u00a0 <a href=\"http:\/\/www.camera.it\/leg17\/1058?idLegislatura=17&amp;tipologia=audiz2&amp;sottotipologia=audizione&amp;anno=2014&amp;mese=11&amp;giorno=13&amp;idCommissione=64&amp;numero=0009&amp;file=indice_stenografico\"><strong>13 novembre 2014<\/strong><\/a>),\u00a0 Confcommercio (seduta del <a href=\"http:\/\/www.camera.it\/leg17\/824?tipo=C&amp;anno=2014&amp;mese=12&amp;giorno=04&amp;view=filtered&amp;commissione=64&amp;pagina=#data.20141204.com64.bollettino.sede00010.tit00020\"><strong>4 dicembre 2014<\/strong><\/a>), Assocalzaturifici (seduta dell\u2019<strong><a href=\"http:\/\/www.camera.it\/leg17\/1058?idLegislatura=17&amp;tipologia=audiz2&amp;sottotipologia=audizione&amp;anno=2015&amp;mese=03&amp;giorno=11&amp;idCommissione=64&amp;numero=0013&amp;file=indice_stenografico\">11 marzo 2015<\/a><\/strong>), Camera di commercio di Prato (seduta del <strong><a href=\"http:\/\/www.camera.it\/leg17\/824?tipo=C&amp;anno=2015&amp;mese=06&amp;giorno=18&amp;view=&amp;commissione=64&amp;pagina=#data.20150618.com64.bollettino.sede00010.tit00020\">18 giugno 2015<\/a><\/strong>), Stefano Ricci spa (seduta del <strong>18 <a href=\"http:\/\/www.camera.it\/leg17\/824?tipo=C&amp;anno=2015&amp;mese=06&amp;giorno=18&amp;view=&amp;commissione=64&amp;pagina=#data.20150618.com64.bollettino.sede00010.tit00020\">giugno 2015<\/a><\/strong>), Conad (seduta del <a href=\"http:\/\/www.camera.it\/leg17\/824?tipo=C&amp;anno=2015&amp;mese=06&amp;giorno=24&amp;view=&amp;commissione=64&amp;pagina=#data.20150624.com64.bollettino.sede00010.tit00010\"><strong>24 giugno 2015<\/strong><\/a>), Univendita (seduta del <a href=\"http:\/\/www.camera.it\/leg17\/824?tipo=C&amp;anno=2015&amp;mese=06&amp;giorno=25&amp;view=&amp;commissione=64&amp;pagina=#data.20150625.com64.bollettino.sede00010.tit00020\"><strong>25 giugno 2015<\/strong><\/a>), nel corso delle quali sono stati forniti dati preoccupanti sulle dimensioni del fenomeno nei diversi settori produttivi e sul ruolo svolto dalle organizzazioni criminali. Qui di seguito sono evidenziate le proposte pi\u00f9 significative emerse nel corso delle audizioni per contrastare la contraffazione.<\/p>\n<p><strong>Confartigianato<\/strong> auspica un maggiore coordinamento fra soggetti che a livello internazionale si occupano di repressione e contrasto, puntando forte sulla certificazione d\u2019origine, cio\u00e8 sulla tracciabilit\u00e0 del prodotto stesso; evidenzia, in pi\u00f9, una <em>best practice<\/em> di livello mondiale che vede protagonista l\u2019Italia e che riguarda i canali di distribuzione <em>extra web <\/em>dei farmaci, con un sistema di tracciabilit\u00e0 tale da rendere praticamente impermeabile il sistema della distribuzione.<\/p>\n<p>Si evidenzia, inoltre, in riferimento all\u2019approvazione della proposta di regolamento sulla sicurezza dei prodotti di consumo in ambito comunitario (cd. <em>made in<\/em>), la necessit\u00e0 di accompagnarlo con un sistema forte di tracciabilit\u00e0 del prodotto per evitare che il marchio in parola sia poi soggetto a contraffazione.<\/p>\n<p><strong>Confindustria<\/strong> propone di rafforzare la cooperazione amministrativa tra gli Stati europei con l\u2019istituzione di un unico centro di coordinamento, evitando una ripartizione delle competenze tra le direzioni generali dogane, commercio, impresa, consumatore e mercato interno che fanno capo a diversi commissari; in tal modo le autorit\u00e0 nazionali potrebbero operare all\u2019unisono.<\/p>\n<p>Altro aspetto cruciale riguarda il rafforzamento dei controlli portuali: in alcuni paesi che non hanno una legislazione strutturata, infatti, vengono introdotte merci contraffatte di provenienza extra europea, che poi possono circolare liberamente nei territori degli Stati membri, a scapito di paesi come l\u2019Italia che, invece, predispongono controlli molto stringenti.<\/p>\n<p>Un\u2019altra proposta riguarda la creazione di piattaforme di distribuzione di merci italiane nel mondo, con particolare riferimento a prodotti con un livello qualitativo di eccellenza (si pensi, per fare un esempio concernente il comparto alimentare, al cappero di Pantelleria); questo costituirebbe un veicolo importante per la promozione di prodotti soprattutto delle piccole e medie imprese che, per evidenti ragioni connesse alla esiguit\u00e0 del loro fatturato, non hanno i mezzi per commercializzare in tutto il mondo.<\/p>\n<p>Un aspetto specifico riguarda la tracciabilit\u00e0 dei prodotti nel comparto tessile, al fine di contrastare l\u2019importazione di semilavorati privi di controllo alle dogane e di etichettature e che spesso risultano anche dannosi per la salute.<\/p>\n<p>Il <strong>CNA<\/strong> pone l\u2019accento sull\u2019importanza dell\u2019azione di sensibilizzazione dell\u2019opinione pubblica e degli operatori, anche attraverso le associazioni dei consumatori, tanto vero che dal 2007 organizza periodicamente degli incontri con giovani e studenti, principalmente del settore moda, al fine di spiegare loro il fenomeno della contraffazione e tutte le implicazioni che esso comporta. A ci\u00f2 si deve aggiungere l&#8217;introduzione di sistemi di tracciabilit\u00e0 e l&#8217;aumento dei controlli sulla filiera di produzione e distribuzione.<\/p>\n<p><strong>Coldiretti<\/strong>, oltre all\u2019auspicio circa l\u2019inasprimento delle sanzioni per chi pone in essere condotte illecite (ad esempio si potrebbe prevedere la sospensione o la chiusura dell\u2019attivit\u00e0), avanza una proposta che riguarda i magistrati titolari delle indagini in materia, proponendo un percorso formativo <em>ad hoc<\/em> affinch\u00e9 acquisiscano conoscenze tecniche e di scenario che consentano loro di rendere l\u2019iter investigativo il pi\u00f9 efficiente possibile.<\/p>\n<p><strong>Agrinsieme<\/strong> pensa alle Prefetture come centri territoriali che si occupino di coordinare tutti i soggetti che hanno il compito di rilevazione di fenomeni contraffattivi, rafforzando il sistema sanzionatorio e la specializzazione degli operatori. Si dovrebbe costituire anche\u00a0 un portale che il consumatore possa consultare per capire come i prodotti possono essere contraffatti.<\/p>\n<p>Sull\u2019etichettatura, invece, viene suggerito il ricorso a una comunicazione essenziale, diretta, che fornisca messaggi importanti che possano essere immediatamente colti dal consumatore, evitando una massa di informazioni disordinate e difficilmente comprensibili.<\/p>\n<p><strong>Assocalzaturifici <\/strong>sottolinea la rilevanza del fenomeno della contraffazione nel settore calzaturiero, \u00a0in particolare attraverso internet, che va perci\u00f2 contrastato con un\u2019azione organica sia a livello internazionale che interno; tra le proposte avanzate, quelle relative all\u2019istituzione di un\u2019Autorithy che operi nel campo della contraffazione, un rinnovato impulso all\u2019azione di sensibilizzazione del consumatore ed una pi\u00f9 efficace lotta alla vendita per strada di prodotti contraffatti.<\/p>\n<p><strong>Confcommercio <\/strong>auspica una riscrittura complessiva della normativa in materia per rendere pi\u00f9 efficace l\u2019attivit\u00e0 di contrasto e sequestro dei beni: in tale contesto vanno rese operative le sanzioni a carico dei consumatori che acquistano prodotti contraffatti previste dal <a href=\"http:\/\/www.normattiva.it\/uri-res\/N2Ls?urn:nir:stato:decreto.legge:2005;35\"><strong>decreto legge n. 35 del 2005<\/strong><\/a> (art. 1). Molto importante \u00e8 anche l\u2019adozione di misure efficaci per colpire la vendite di beni contraffatti via internet.<\/p>\n<p>(<em>ultimo aggiornamento 17 agosto 2015<\/em>)<\/p>\n","protected":false},"excerpt":{"rendered":"<p>La Commissione sulla contraffazione sta svolgendo una serie di audizioni con rappresentanti delle associazioni e delle aziende: Confartigianato (seduta del 17 settembre 2014), Confindustria (sedute&nbsp;<span class=\"hellipsis\">[&hellip;]<\/span><a class=\"more-link\" href=\"https:\/\/welaikaadv.site\/avviso\/home\/cosa-facciamo\/informare\/osservatorio-parlamentare\/attivita-dinchiesta\/attivita-dinchiesta-xvii\/commissione-sulla-contraffazione\/commissione-contraffazione-audizioni-dei-rappresentanti-di-aziende-ed-artigiani\/\">Leggi tutto <span class=\"screen-reader-text\">Commissione contraffazione: audizioni dei rappresentanti di aziende ed artigiani<\/span> <span class=\"meta-nav\" aria-hidden=\"true\">&rarr;<\/span><\/a><\/p>\n","protected":false},"author":1,"featured_media":0,"parent":23482,"menu_order":0,"comment_status":"closed","ping_status":"closed","template":"","meta":{"_acf_changed":false,"_exactmetrics_skip_tracking":false,"_exactmetrics_sitenote_active":false,"_exactmetrics_sitenote_note":"","_exactmetrics_sitenote_category":0,"wp_social_preview_title":"","wp_social_preview_description":"","wp_social_preview_image":0,"footnotes":""},"class_list":["post-23486","page","type-page","status-publish","hentry"],"acf":[],"yoast_head":"<!-- This site is optimized with the Yoast SEO plugin v27.2 - https:\/\/yoast.com\/product\/yoast-seo-wordpress\/ -->\n<title>Commissione contraffazione: audizioni dei rappresentanti di aziende ed artigiani - Staging Avviso Pubblico<\/title>\n<meta name=\"robots\" content=\"noindex, follow, max-snippet:-1, max-image-preview:large, max-video-preview:-1\" \/>\n<meta property=\"og:locale\" content=\"it_IT\" \/>\n<meta property=\"og:type\" content=\"article\" \/>\n<meta property=\"og:title\" content=\"Commissione contraffazione: audizioni dei rappresentanti di aziende ed artigiani - Staging Avviso Pubblico\" \/>\n<meta property=\"og:description\" content=\"La Commissione sulla contraffazione sta svolgendo una serie di audizioni con rappresentanti delle associazioni e delle aziende: Confartigianato (seduta del 17 settembre 2014), Confindustria (sedute&nbsp;[&hellip;]Leggi tutto Commissione contraffazione: audizioni dei rappresentanti di aziende ed artigiani &rarr;\" \/>\n<meta property=\"og:url\" content=\"https:\/\/welaikaadv.site\/avviso\/home\/cosa-facciamo\/informare\/osservatorio-parlamentare\/attivita-dinchiesta\/attivita-dinchiesta-xvii\/commissione-sulla-contraffazione\/commissione-contraffazione-audizioni-dei-rappresentanti-di-aziende-ed-artigiani\/\" \/>\n<meta property=\"og:site_name\" content=\"Staging Avviso Pubblico\" \/>\n<meta name=\"twitter:card\" content=\"summary_large_image\" \/>\n<meta name=\"twitter:label1\" content=\"Tempo di lettura stimato\" \/>\n\t<meta name=\"twitter:data1\" content=\"4 minuti\" \/>\n<script type=\"application\/ld+json\" class=\"yoast-schema-graph\">{\"@context\":\"https:\/\/schema.org\",\"@graph\":[{\"@type\":\"WebPage\",\"@id\":\"https:\/\/welaikaadv.site\/avviso\/home\/cosa-facciamo\/informare\/osservatorio-parlamentare\/attivita-dinchiesta\/attivita-dinchiesta-xvii\/commissione-sulla-contraffazione\/commissione-contraffazione-audizioni-dei-rappresentanti-di-aziende-ed-artigiani\/\",\"url\":\"https:\/\/welaikaadv.site\/avviso\/home\/cosa-facciamo\/informare\/osservatorio-parlamentare\/attivita-dinchiesta\/attivita-dinchiesta-xvii\/commissione-sulla-contraffazione\/commissione-contraffazione-audizioni-dei-rappresentanti-di-aziende-ed-artigiani\/\",\"name\":\"Commissione contraffazione: audizioni dei rappresentanti di aziende ed artigiani - Staging Avviso Pubblico\",\"isPartOf\":{\"@id\":\"https:\/\/welaikaadv.site\/avviso\/#website\"},\"datePublished\":\"2015-07-29T19:35:01+00:00\",\"breadcrumb\":{\"@id\":\"https:\/\/welaikaadv.site\/avviso\/home\/cosa-facciamo\/informare\/osservatorio-parlamentare\/attivita-dinchiesta\/attivita-dinchiesta-xvii\/commissione-sulla-contraffazione\/commissione-contraffazione-audizioni-dei-rappresentanti-di-aziende-ed-artigiani\/#breadcrumb\"},\"inLanguage\":\"it-IT\",\"potentialAction\":[{\"@type\":\"ReadAction\",\"target\":[\"https:\/\/welaikaadv.site\/avviso\/home\/cosa-facciamo\/informare\/osservatorio-parlamentare\/attivita-dinchiesta\/attivita-dinchiesta-xvii\/commissione-sulla-contraffazione\/commissione-contraffazione-audizioni-dei-rappresentanti-di-aziende-ed-artigiani\/\"]}]},{\"@type\":\"BreadcrumbList\",\"@id\":\"https:\/\/welaikaadv.site\/avviso\/home\/cosa-facciamo\/informare\/osservatorio-parlamentare\/attivita-dinchiesta\/attivita-dinchiesta-xvii\/commissione-sulla-contraffazione\/commissione-contraffazione-audizioni-dei-rappresentanti-di-aziende-ed-artigiani\/#breadcrumb\",\"itemListElement\":[{\"@type\":\"ListItem\",\"position\":1,\"name\":\"Home\",\"item\":\"https:\/\/welaikaadv.site\/avviso\/\"},{\"@type\":\"ListItem\",\"position\":2,\"name\":\"Attivit\u00e0 d&#8217;inchiesta nella XVII legislatura\",\"item\":\"https:\/\/welaikaadv.site\/avviso\/home\/cosa-facciamo\/informare\/osservatorio-parlamentare\/attivita-dinchiesta\/attivita-dinchiesta-xvii\/\"},{\"@type\":\"ListItem\",\"position\":3,\"name\":\"Commissione sulla contraffazione \u2013 XVII legislatura\",\"item\":\"https:\/\/welaikaadv.site\/avviso\/home\/cosa-facciamo\/informare\/osservatorio-parlamentare\/attivita-dinchiesta\/attivita-dinchiesta-xvii\/commissione-sulla-contraffazione\/\"},{\"@type\":\"ListItem\",\"position\":4,\"name\":\"Commissione contraffazione: audizioni dei rappresentanti di aziende ed artigiani\"}]},{\"@type\":\"WebSite\",\"@id\":\"https:\/\/welaikaadv.site\/avviso\/#website\",\"url\":\"https:\/\/welaikaadv.site\/avviso\/\",\"name\":\"Staging Avviso Pubblico\",\"description\":\"\",\"publisher\":{\"@id\":\"https:\/\/welaikaadv.site\/avviso\/#organization\"},\"potentialAction\":[{\"@type\":\"SearchAction\",\"target\":{\"@type\":\"EntryPoint\",\"urlTemplate\":\"https:\/\/welaikaadv.site\/avviso\/?s={search_term_string}\"},\"query-input\":{\"@type\":\"PropertyValueSpecification\",\"valueRequired\":true,\"valueName\":\"search_term_string\"}}],\"inLanguage\":\"it-IT\"},{\"@type\":\"Organization\",\"@id\":\"https:\/\/welaikaadv.site\/avviso\/#organization\",\"name\":\"Staging Avviso Pubblico\",\"url\":\"https:\/\/welaikaadv.site\/avviso\/\",\"logo\":{\"@type\":\"ImageObject\",\"inLanguage\":\"it-IT\",\"@id\":\"https:\/\/welaikaadv.site\/avviso\/#\/schema\/logo\/image\/\",\"url\":\"https:\/\/welaikaadv.site\/avviso\/wp-content\/uploads\/2024\/08\/logoAPsito-400.png\",\"contentUrl\":\"https:\/\/welaikaadv.site\/avviso\/wp-content\/uploads\/2024\/08\/logoAPsito-400.png\",\"width\":400,\"height\":97,\"caption\":\"Staging Avviso Pubblico\"},\"image\":{\"@id\":\"https:\/\/welaikaadv.site\/avviso\/#\/schema\/logo\/image\/\"}}]}<\/script>\n<!-- \/ Yoast SEO plugin. -->","yoast_head_json":{"title":"Commissione contraffazione: audizioni dei rappresentanti di aziende ed artigiani - Staging Avviso Pubblico","robots":{"index":"noindex","follow":"follow","max-snippet":"max-snippet:-1","max-image-preview":"max-image-preview:large","max-video-preview":"max-video-preview:-1"},"og_locale":"it_IT","og_type":"article","og_title":"Commissione contraffazione: audizioni dei rappresentanti di aziende ed artigiani - Staging Avviso Pubblico","og_description":"La Commissione sulla contraffazione sta svolgendo una serie di audizioni con rappresentanti delle associazioni e delle aziende: Confartigianato (seduta del 17 settembre 2014), Confindustria (sedute&nbsp;[&hellip;]Leggi tutto Commissione contraffazione: audizioni dei rappresentanti di aziende ed artigiani &rarr;","og_url":"https:\/\/welaikaadv.site\/avviso\/home\/cosa-facciamo\/informare\/osservatorio-parlamentare\/attivita-dinchiesta\/attivita-dinchiesta-xvii\/commissione-sulla-contraffazione\/commissione-contraffazione-audizioni-dei-rappresentanti-di-aziende-ed-artigiani\/","og_site_name":"Staging Avviso Pubblico","twitter_card":"summary_large_image","twitter_misc":{"Tempo di lettura stimato":"4 minuti"},"schema":{"@context":"https:\/\/schema.org","@graph":[{"@type":"WebPage","@id":"https:\/\/welaikaadv.site\/avviso\/home\/cosa-facciamo\/informare\/osservatorio-parlamentare\/attivita-dinchiesta\/attivita-dinchiesta-xvii\/commissione-sulla-contraffazione\/commissione-contraffazione-audizioni-dei-rappresentanti-di-aziende-ed-artigiani\/","url":"https:\/\/welaikaadv.site\/avviso\/home\/cosa-facciamo\/informare\/osservatorio-parlamentare\/attivita-dinchiesta\/attivita-dinchiesta-xvii\/commissione-sulla-contraffazione\/commissione-contraffazione-audizioni-dei-rappresentanti-di-aziende-ed-artigiani\/","name":"Commissione contraffazione: audizioni dei rappresentanti di aziende ed artigiani - Staging Avviso Pubblico","isPartOf":{"@id":"https:\/\/welaikaadv.site\/avviso\/#website"},"datePublished":"2015-07-29T19:35:01+00:00","breadcrumb":{"@id":"https:\/\/welaikaadv.site\/avviso\/home\/cosa-facciamo\/informare\/osservatorio-parlamentare\/attivita-dinchiesta\/attivita-dinchiesta-xvii\/commissione-sulla-contraffazione\/commissione-contraffazione-audizioni-dei-rappresentanti-di-aziende-ed-artigiani\/#breadcrumb"},"inLanguage":"it-IT","potentialAction":[{"@type":"ReadAction","target":["https:\/\/welaikaadv.site\/avviso\/home\/cosa-facciamo\/informare\/osservatorio-parlamentare\/attivita-dinchiesta\/attivita-dinchiesta-xvii\/commissione-sulla-contraffazione\/commissione-contraffazione-audizioni-dei-rappresentanti-di-aziende-ed-artigiani\/"]}]},{"@type":"BreadcrumbList","@id":"https:\/\/welaikaadv.site\/avviso\/home\/cosa-facciamo\/informare\/osservatorio-parlamentare\/attivita-dinchiesta\/attivita-dinchiesta-xvii\/commissione-sulla-contraffazione\/commissione-contraffazione-audizioni-dei-rappresentanti-di-aziende-ed-artigiani\/#breadcrumb","itemListElement":[{"@type":"ListItem","position":1,"name":"Home","item":"https:\/\/welaikaadv.site\/avviso\/"},{"@type":"ListItem","position":2,"name":"Attivit\u00e0 d&#8217;inchiesta nella XVII legislatura","item":"https:\/\/welaikaadv.site\/avviso\/home\/cosa-facciamo\/informare\/osservatorio-parlamentare\/attivita-dinchiesta\/attivita-dinchiesta-xvii\/"},{"@type":"ListItem","position":3,"name":"Commissione sulla contraffazione \u2013 XVII legislatura","item":"https:\/\/welaikaadv.site\/avviso\/home\/cosa-facciamo\/informare\/osservatorio-parlamentare\/attivita-dinchiesta\/attivita-dinchiesta-xvii\/commissione-sulla-contraffazione\/"},{"@type":"ListItem","position":4,"name":"Commissione contraffazione: audizioni dei rappresentanti di aziende ed artigiani"}]},{"@type":"WebSite","@id":"https:\/\/welaikaadv.site\/avviso\/#website","url":"https:\/\/welaikaadv.site\/avviso\/","name":"Staging Avviso Pubblico","description":"","publisher":{"@id":"https:\/\/welaikaadv.site\/avviso\/#organization"},"potentialAction":[{"@type":"SearchAction","target":{"@type":"EntryPoint","urlTemplate":"https:\/\/welaikaadv.site\/avviso\/?s={search_term_string}"},"query-input":{"@type":"PropertyValueSpecification","valueRequired":true,"valueName":"search_term_string"}}],"inLanguage":"it-IT"},{"@type":"Organization","@id":"https:\/\/welaikaadv.site\/avviso\/#organization","name":"Staging Avviso Pubblico","url":"https:\/\/welaikaadv.site\/avviso\/","logo":{"@type":"ImageObject","inLanguage":"it-IT","@id":"https:\/\/welaikaadv.site\/avviso\/#\/schema\/logo\/image\/","url":"https:\/\/welaikaadv.site\/avviso\/wp-content\/uploads\/2024\/08\/logoAPsito-400.png","contentUrl":"https:\/\/welaikaadv.site\/avviso\/wp-content\/uploads\/2024\/08\/logoAPsito-400.png","width":400,"height":97,"caption":"Staging Avviso Pubblico"},"image":{"@id":"https:\/\/welaikaadv.site\/avviso\/#\/schema\/logo\/image\/"}}]}},"_links":{"self":[{"href":"https:\/\/welaikaadv.site\/avviso\/wp-json\/wp\/v2\/pages\/23486","targetHints":{"allow":["GET"]}}],"collection":[{"href":"https:\/\/welaikaadv.site\/avviso\/wp-json\/wp\/v2\/pages"}],"about":[{"href":"https:\/\/welaikaadv.site\/avviso\/wp-json\/wp\/v2\/types\/page"}],"author":[{"embeddable":true,"href":"https:\/\/welaikaadv.site\/avviso\/wp-json\/wp\/v2\/users\/1"}],"replies":[{"embeddable":true,"href":"https:\/\/welaikaadv.site\/avviso\/wp-json\/wp\/v2\/comments?post=23486"}],"version-history":[{"count":0,"href":"https:\/\/welaikaadv.site\/avviso\/wp-json\/wp\/v2\/pages\/23486\/revisions"}],"up":[{"embeddable":true,"href":"https:\/\/welaikaadv.site\/avviso\/wp-json\/wp\/v2\/pages\/23482"}],"wp:attachment":[{"href":"https:\/\/welaikaadv.site\/avviso\/wp-json\/wp\/v2\/media?parent=23486"}],"curies":[{"name":"wp","href":"https:\/\/api.w.org\/{rel}","templated":true}]}}