{"id":23487,"date":"2015-04-17T22:13:53","date_gmt":"2015-04-17T20:13:53","guid":{"rendered":"http:\/\/www.avvisopubblico.it\/osservatorio\/?page_id=3774"},"modified":"2015-04-17T22:13:53","modified_gmt":"2015-04-17T20:13:53","slug":"commissione-sulla-contraffazione-audizione-dellagenzia-delle-dogane","status":"publish","type":"page","link":"https:\/\/welaikaadv.site\/avviso\/home\/cosa-facciamo\/informare\/osservatorio-parlamentare\/attivita-dinchiesta\/attivita-dinchiesta-xvii\/commissione-sulla-contraffazione\/commissione-sulla-contraffazione-audizione-dellagenzia-delle-dogane\/","title":{"rendered":"Commissione sulla contraffazione: audizione dell\u2019Agenzia delle dogane"},"content":{"rendered":"<p>La Commissione sulla contraffazione ha svolto il <a href=\"http:\/\/www.camera.it\/leg17\/1058?idLegislatura=17&amp;tipologia=audiz2&amp;sottotipologia=audizione&amp;anno=2015&amp;mese=03&amp;giorno=25&amp;idCommissione=64&amp;numero=0014&amp;file=indice_stenografico\"><strong>25 marzo 2015<\/strong><\/a> un\u2019audizione con i responsabili dell\u2019Agenzia delle dogane e dei monopoli, e sono qui sintetizzati alcuni dei temi trattati.<\/p>\n<p><strong>L\u2019attivit\u00e0 dell\u2019Agenzia<\/strong>. I rappresentanti dell\u2019Agenzia evidenziano l\u2019importanza delle nuove tecnologie, che garantiscono la possibilit\u00e0 di effettuare\u00a0 controlli efficaci, senza per\u00f2 intralciare gli scambi commerciali. In particolare \u00e8 stata telematizzata la quasi totalit\u00e0 delle operazioni,\u00a0 con benefici effetti sul sistema di analisi dei rischi contro le frodi doganali (fondato sulle informazioni relative agli operatori coinvolti, ai Paesi di provenienza, alla tipologia dei prodotti etc), che viene cos\u00ec anticipata proprio al fine di selezionare opportunamente gli interventi\u00a0 all\u2019interno dei porti.<\/p>\n<p>Nel corso degli ultimi anni si \u00e8 molto sviluppata la collaborazione con gli organismi di controllo degli altri Paesi comunitari, facendo emergere il fenomeno della sotto fatturazione del valore dei beni, spesso utilizzato dagli operatori che introducono nel nostro territorio merce contraffatta.\u2002Particolare rilievo assumono anche i protocolli d\u2019intesa con le principali associazioni di produttori a tutela dei prodotti originali, che permettono di rendere pi\u00f9 efficaci i controlli, senza costi aggiuntivi per le imprese, ed anche di coinvolgere il consumatore finale nella verifica della qualit\u00e0 dei prodotti acquistati, attraverso in particolare l\u2019apposizione dei codici identificativi (QR Code, detto \u00a0glifo \u2013 il sistema si chiama appunto GLIFITALY &#8211; riconoscibile tramite un semplice cellulare) e di risalire immediatamente alle caratteristiche tecniche del prodotto originale: infatti il consumatore pu\u00f2 cos\u00ec confrontare ci\u00f2 che \u00e8 riportato sull&#8217;etichetta con quanto descritto sul sito istituzionale dell\u2019Agenzia, sulla base delle indicazioni fornite dalle aziende (vedi <a href=\"http:\/\/www.agenziadoganemonopoli.gov.it\/wps\/wcm\/connect\/internet\/ed\/dogane\/operatore\/aree+tematiche\/lotta+alla+contraffazione\/progetto+falstaff\"><strong>progetto Falstaff<\/strong><\/a>).<\/p>\n<p><strong>Proposte di miglioramento della normativa vigente<\/strong>. I rappresentanti dell\u2019Agenzia sottolineano la necessit\u00e0 di modificare in alcuni punti la normativa vigente, con particolare riferimento alla possibilit\u00e0, prevista dagli articoli 49 ss. della legge n. 350 del 2003, di poter comunque consentire l\u2019ingresso della merce con \u00a0indicazioni false, pagando un&#8217;ammenda amministrativa ed impegnandosi, al momento della commercializzazione, a fornire al consumatore finale ogni indicazione circa l&#8217;origine reale della merce: ma in tal modo, saltando il momento doganale (i punti di accesso in Italia sono logicamente limitati) si rende estremamente difficile effettuare un controllo reale della merce sul territorio, dove invece ci sono tantissimi punti vendita. Le conseguenze sono evidenti se si esamina la progressiva drastica riduzione del numero di pezzi sequestrati.<\/p>\n<p>Da valutare inoltre con estrema attenzione le conseguenze applicative nella lotta alla contraffazione del recente decreto legislativo n. 28 del 2015 sulla non punibilit\u00e0 per particolare tenuit\u00e0 del fatto. \u00a0Un altro aspetto importante riguarda il mancato accesso alla banca dati SDI (cio\u00e8 la banca dati riservata alle forze di polizia), che non \u00e8 neppure possibile alimentare con i dati in possesso dell\u2019Agenzia.<\/p>\n<p>(17\u00a0<em>aprile 2015<\/em>)<\/p>\n","protected":false},"excerpt":{"rendered":"<p>La Commissione sulla contraffazione ha svolto il 25 marzo 2015 un\u2019audizione con i responsabili dell\u2019Agenzia delle dogane e dei monopoli, e sono qui sintetizzati alcuni&nbsp;<span class=\"hellipsis\">[&hellip;]<\/span><a class=\"more-link\" href=\"https:\/\/welaikaadv.site\/avviso\/home\/cosa-facciamo\/informare\/osservatorio-parlamentare\/attivita-dinchiesta\/attivita-dinchiesta-xvii\/commissione-sulla-contraffazione\/commissione-sulla-contraffazione-audizione-dellagenzia-delle-dogane\/\">Leggi tutto <span class=\"screen-reader-text\">Commissione sulla contraffazione: audizione dell\u2019Agenzia delle dogane<\/span> <span class=\"meta-nav\" aria-hidden=\"true\">&rarr;<\/span><\/a><\/p>\n","protected":false},"author":1,"featured_media":0,"parent":23482,"menu_order":0,"comment_status":"closed","ping_status":"closed","template":"","meta":{"_acf_changed":false,"_exactmetrics_skip_tracking":false,"_exactmetrics_sitenote_active":false,"_exactmetrics_sitenote_note":"","_exactmetrics_sitenote_category":0,"wp_social_preview_title":"","wp_social_preview_description":"","wp_social_preview_image":0,"footnotes":""},"class_list":["post-23487","page","type-page","status-publish","hentry"],"acf":[],"yoast_head":"<!-- This site is optimized with the Yoast SEO plugin v27.2 - https:\/\/yoast.com\/product\/yoast-seo-wordpress\/ -->\n<title>Commissione sulla contraffazione: audizione dell\u2019Agenzia delle dogane - Staging Avviso Pubblico<\/title>\n<meta name=\"robots\" content=\"noindex, follow, max-snippet:-1, max-image-preview:large, max-video-preview:-1\" \/>\n<meta property=\"og:locale\" content=\"it_IT\" \/>\n<meta property=\"og:type\" content=\"article\" \/>\n<meta property=\"og:title\" content=\"Commissione sulla contraffazione: audizione dell\u2019Agenzia delle dogane - Staging Avviso Pubblico\" \/>\n<meta property=\"og:description\" content=\"La Commissione sulla contraffazione ha svolto il 25 marzo 2015 un\u2019audizione con i responsabili dell\u2019Agenzia delle dogane e dei monopoli, e sono qui sintetizzati alcuni&nbsp;[&hellip;]Leggi tutto Commissione sulla contraffazione: audizione dell\u2019Agenzia delle dogane &rarr;\" \/>\n<meta property=\"og:url\" content=\"https:\/\/welaikaadv.site\/avviso\/home\/cosa-facciamo\/informare\/osservatorio-parlamentare\/attivita-dinchiesta\/attivita-dinchiesta-xvii\/commissione-sulla-contraffazione\/commissione-sulla-contraffazione-audizione-dellagenzia-delle-dogane\/\" \/>\n<meta property=\"og:site_name\" content=\"Staging Avviso Pubblico\" \/>\n<meta name=\"twitter:card\" content=\"summary_large_image\" \/>\n<meta name=\"twitter:label1\" content=\"Tempo di lettura stimato\" \/>\n\t<meta name=\"twitter:data1\" content=\"2 minuti\" \/>\n<script type=\"application\/ld+json\" class=\"yoast-schema-graph\">{\"@context\":\"https:\/\/schema.org\",\"@graph\":[{\"@type\":\"WebPage\",\"@id\":\"https:\/\/welaikaadv.site\/avviso\/home\/cosa-facciamo\/informare\/osservatorio-parlamentare\/attivita-dinchiesta\/attivita-dinchiesta-xvii\/commissione-sulla-contraffazione\/commissione-sulla-contraffazione-audizione-dellagenzia-delle-dogane\/\",\"url\":\"https:\/\/welaikaadv.site\/avviso\/home\/cosa-facciamo\/informare\/osservatorio-parlamentare\/attivita-dinchiesta\/attivita-dinchiesta-xvii\/commissione-sulla-contraffazione\/commissione-sulla-contraffazione-audizione-dellagenzia-delle-dogane\/\",\"name\":\"Commissione sulla contraffazione: audizione dell\u2019Agenzia delle dogane - Staging Avviso Pubblico\",\"isPartOf\":{\"@id\":\"https:\/\/welaikaadv.site\/avviso\/#website\"},\"datePublished\":\"2015-04-17T20:13:53+00:00\",\"breadcrumb\":{\"@id\":\"https:\/\/welaikaadv.site\/avviso\/home\/cosa-facciamo\/informare\/osservatorio-parlamentare\/attivita-dinchiesta\/attivita-dinchiesta-xvii\/commissione-sulla-contraffazione\/commissione-sulla-contraffazione-audizione-dellagenzia-delle-dogane\/#breadcrumb\"},\"inLanguage\":\"it-IT\",\"potentialAction\":[{\"@type\":\"ReadAction\",\"target\":[\"https:\/\/welaikaadv.site\/avviso\/home\/cosa-facciamo\/informare\/osservatorio-parlamentare\/attivita-dinchiesta\/attivita-dinchiesta-xvii\/commissione-sulla-contraffazione\/commissione-sulla-contraffazione-audizione-dellagenzia-delle-dogane\/\"]}]},{\"@type\":\"BreadcrumbList\",\"@id\":\"https:\/\/welaikaadv.site\/avviso\/home\/cosa-facciamo\/informare\/osservatorio-parlamentare\/attivita-dinchiesta\/attivita-dinchiesta-xvii\/commissione-sulla-contraffazione\/commissione-sulla-contraffazione-audizione-dellagenzia-delle-dogane\/#breadcrumb\",\"itemListElement\":[{\"@type\":\"ListItem\",\"position\":1,\"name\":\"Home\",\"item\":\"https:\/\/welaikaadv.site\/avviso\/\"},{\"@type\":\"ListItem\",\"position\":2,\"name\":\"Attivit\u00e0 d&#8217;inchiesta nella XVII legislatura\",\"item\":\"https:\/\/welaikaadv.site\/avviso\/home\/cosa-facciamo\/informare\/osservatorio-parlamentare\/attivita-dinchiesta\/attivita-dinchiesta-xvii\/\"},{\"@type\":\"ListItem\",\"position\":3,\"name\":\"Commissione sulla contraffazione \u2013 XVII legislatura\",\"item\":\"https:\/\/welaikaadv.site\/avviso\/home\/cosa-facciamo\/informare\/osservatorio-parlamentare\/attivita-dinchiesta\/attivita-dinchiesta-xvii\/commissione-sulla-contraffazione\/\"},{\"@type\":\"ListItem\",\"position\":4,\"name\":\"Commissione sulla contraffazione: audizione dell\u2019Agenzia delle dogane\"}]},{\"@type\":\"WebSite\",\"@id\":\"https:\/\/welaikaadv.site\/avviso\/#website\",\"url\":\"https:\/\/welaikaadv.site\/avviso\/\",\"name\":\"Staging Avviso Pubblico\",\"description\":\"\",\"publisher\":{\"@id\":\"https:\/\/welaikaadv.site\/avviso\/#organization\"},\"potentialAction\":[{\"@type\":\"SearchAction\",\"target\":{\"@type\":\"EntryPoint\",\"urlTemplate\":\"https:\/\/welaikaadv.site\/avviso\/?s={search_term_string}\"},\"query-input\":{\"@type\":\"PropertyValueSpecification\",\"valueRequired\":true,\"valueName\":\"search_term_string\"}}],\"inLanguage\":\"it-IT\"},{\"@type\":\"Organization\",\"@id\":\"https:\/\/welaikaadv.site\/avviso\/#organization\",\"name\":\"Staging Avviso Pubblico\",\"url\":\"https:\/\/welaikaadv.site\/avviso\/\",\"logo\":{\"@type\":\"ImageObject\",\"inLanguage\":\"it-IT\",\"@id\":\"https:\/\/welaikaadv.site\/avviso\/#\/schema\/logo\/image\/\",\"url\":\"https:\/\/welaikaadv.site\/avviso\/wp-content\/uploads\/2024\/08\/logoAPsito-400.png\",\"contentUrl\":\"https:\/\/welaikaadv.site\/avviso\/wp-content\/uploads\/2024\/08\/logoAPsito-400.png\",\"width\":400,\"height\":97,\"caption\":\"Staging Avviso Pubblico\"},\"image\":{\"@id\":\"https:\/\/welaikaadv.site\/avviso\/#\/schema\/logo\/image\/\"}}]}<\/script>\n<!-- \/ Yoast SEO plugin. -->","yoast_head_json":{"title":"Commissione sulla contraffazione: audizione dell\u2019Agenzia delle dogane - Staging Avviso Pubblico","robots":{"index":"noindex","follow":"follow","max-snippet":"max-snippet:-1","max-image-preview":"max-image-preview:large","max-video-preview":"max-video-preview:-1"},"og_locale":"it_IT","og_type":"article","og_title":"Commissione sulla contraffazione: audizione dell\u2019Agenzia delle dogane - Staging Avviso Pubblico","og_description":"La Commissione sulla contraffazione ha svolto il 25 marzo 2015 un\u2019audizione con i responsabili dell\u2019Agenzia delle dogane e dei monopoli, e sono qui sintetizzati alcuni&nbsp;[&hellip;]Leggi tutto Commissione sulla contraffazione: audizione dell\u2019Agenzia delle dogane &rarr;","og_url":"https:\/\/welaikaadv.site\/avviso\/home\/cosa-facciamo\/informare\/osservatorio-parlamentare\/attivita-dinchiesta\/attivita-dinchiesta-xvii\/commissione-sulla-contraffazione\/commissione-sulla-contraffazione-audizione-dellagenzia-delle-dogane\/","og_site_name":"Staging Avviso Pubblico","twitter_card":"summary_large_image","twitter_misc":{"Tempo di lettura stimato":"2 minuti"},"schema":{"@context":"https:\/\/schema.org","@graph":[{"@type":"WebPage","@id":"https:\/\/welaikaadv.site\/avviso\/home\/cosa-facciamo\/informare\/osservatorio-parlamentare\/attivita-dinchiesta\/attivita-dinchiesta-xvii\/commissione-sulla-contraffazione\/commissione-sulla-contraffazione-audizione-dellagenzia-delle-dogane\/","url":"https:\/\/welaikaadv.site\/avviso\/home\/cosa-facciamo\/informare\/osservatorio-parlamentare\/attivita-dinchiesta\/attivita-dinchiesta-xvii\/commissione-sulla-contraffazione\/commissione-sulla-contraffazione-audizione-dellagenzia-delle-dogane\/","name":"Commissione sulla contraffazione: audizione dell\u2019Agenzia delle dogane - Staging Avviso Pubblico","isPartOf":{"@id":"https:\/\/welaikaadv.site\/avviso\/#website"},"datePublished":"2015-04-17T20:13:53+00:00","breadcrumb":{"@id":"https:\/\/welaikaadv.site\/avviso\/home\/cosa-facciamo\/informare\/osservatorio-parlamentare\/attivita-dinchiesta\/attivita-dinchiesta-xvii\/commissione-sulla-contraffazione\/commissione-sulla-contraffazione-audizione-dellagenzia-delle-dogane\/#breadcrumb"},"inLanguage":"it-IT","potentialAction":[{"@type":"ReadAction","target":["https:\/\/welaikaadv.site\/avviso\/home\/cosa-facciamo\/informare\/osservatorio-parlamentare\/attivita-dinchiesta\/attivita-dinchiesta-xvii\/commissione-sulla-contraffazione\/commissione-sulla-contraffazione-audizione-dellagenzia-delle-dogane\/"]}]},{"@type":"BreadcrumbList","@id":"https:\/\/welaikaadv.site\/avviso\/home\/cosa-facciamo\/informare\/osservatorio-parlamentare\/attivita-dinchiesta\/attivita-dinchiesta-xvii\/commissione-sulla-contraffazione\/commissione-sulla-contraffazione-audizione-dellagenzia-delle-dogane\/#breadcrumb","itemListElement":[{"@type":"ListItem","position":1,"name":"Home","item":"https:\/\/welaikaadv.site\/avviso\/"},{"@type":"ListItem","position":2,"name":"Attivit\u00e0 d&#8217;inchiesta nella XVII legislatura","item":"https:\/\/welaikaadv.site\/avviso\/home\/cosa-facciamo\/informare\/osservatorio-parlamentare\/attivita-dinchiesta\/attivita-dinchiesta-xvii\/"},{"@type":"ListItem","position":3,"name":"Commissione sulla contraffazione \u2013 XVII legislatura","item":"https:\/\/welaikaadv.site\/avviso\/home\/cosa-facciamo\/informare\/osservatorio-parlamentare\/attivita-dinchiesta\/attivita-dinchiesta-xvii\/commissione-sulla-contraffazione\/"},{"@type":"ListItem","position":4,"name":"Commissione sulla contraffazione: audizione dell\u2019Agenzia delle dogane"}]},{"@type":"WebSite","@id":"https:\/\/welaikaadv.site\/avviso\/#website","url":"https:\/\/welaikaadv.site\/avviso\/","name":"Staging Avviso Pubblico","description":"","publisher":{"@id":"https:\/\/welaikaadv.site\/avviso\/#organization"},"potentialAction":[{"@type":"SearchAction","target":{"@type":"EntryPoint","urlTemplate":"https:\/\/welaikaadv.site\/avviso\/?s={search_term_string}"},"query-input":{"@type":"PropertyValueSpecification","valueRequired":true,"valueName":"search_term_string"}}],"inLanguage":"it-IT"},{"@type":"Organization","@id":"https:\/\/welaikaadv.site\/avviso\/#organization","name":"Staging Avviso Pubblico","url":"https:\/\/welaikaadv.site\/avviso\/","logo":{"@type":"ImageObject","inLanguage":"it-IT","@id":"https:\/\/welaikaadv.site\/avviso\/#\/schema\/logo\/image\/","url":"https:\/\/welaikaadv.site\/avviso\/wp-content\/uploads\/2024\/08\/logoAPsito-400.png","contentUrl":"https:\/\/welaikaadv.site\/avviso\/wp-content\/uploads\/2024\/08\/logoAPsito-400.png","width":400,"height":97,"caption":"Staging Avviso Pubblico"},"image":{"@id":"https:\/\/welaikaadv.site\/avviso\/#\/schema\/logo\/image\/"}}]}},"_links":{"self":[{"href":"https:\/\/welaikaadv.site\/avviso\/wp-json\/wp\/v2\/pages\/23487","targetHints":{"allow":["GET"]}}],"collection":[{"href":"https:\/\/welaikaadv.site\/avviso\/wp-json\/wp\/v2\/pages"}],"about":[{"href":"https:\/\/welaikaadv.site\/avviso\/wp-json\/wp\/v2\/types\/page"}],"author":[{"embeddable":true,"href":"https:\/\/welaikaadv.site\/avviso\/wp-json\/wp\/v2\/users\/1"}],"replies":[{"embeddable":true,"href":"https:\/\/welaikaadv.site\/avviso\/wp-json\/wp\/v2\/comments?post=23487"}],"version-history":[{"count":0,"href":"https:\/\/welaikaadv.site\/avviso\/wp-json\/wp\/v2\/pages\/23487\/revisions"}],"up":[{"embeddable":true,"href":"https:\/\/welaikaadv.site\/avviso\/wp-json\/wp\/v2\/pages\/23482"}],"wp:attachment":[{"href":"https:\/\/welaikaadv.site\/avviso\/wp-json\/wp\/v2\/media?parent=23487"}],"curies":[{"name":"wp","href":"https:\/\/api.w.org\/{rel}","templated":true}]}}