{"id":23491,"date":"2015-07-29T10:21:04","date_gmt":"2015-07-29T08:21:04","guid":{"rendered":"http:\/\/www.avvisopubblico.it\/osservatorio\/?page_id=4159"},"modified":"2015-07-29T10:21:04","modified_gmt":"2015-07-29T08:21:04","slug":"commissione-antimafia-audizione-sulle-attivita-illecite-nel-comparto-agroalimentare","status":"publish","type":"page","link":"https:\/\/welaikaadv.site\/avviso\/home\/cosa-facciamo\/informare\/osservatorio-parlamentare\/attivita-dinchiesta\/attivita-dinchiesta-xvii\/commissione-bicamerale-antimafia\/commissione-antimafia-audizione-sulle-attivita-illecite-nel-comparto-agroalimentare\/","title":{"rendered":"Commissione antimafia: audizione sulle attivit\u00e0 illecite nel comparto agroalimentare"},"content":{"rendered":"<p><strong>Premessa<\/strong>. La Commissione ha audito il <a href=\"http:\/\/www.camera.it\/leg17\/1058?idLegislatura=17&amp;tipologia=audiz2&amp;sottotipologia=audizione&amp;anno=2015&amp;mese=07&amp;giorno=14&amp;idCommissione=24&amp;numero=0105&amp;file=indice_stenografico\"><strong>14 luglio 2015<\/strong><\/a> i responsabili del Corpo forestale dello Stato al fine di approfondire le tematiche relative alla penetrazione della criminalit\u00e0 organizzata nel settore agroalimentare, gi\u00e0 oggetto di analisi anche da parte della Commissione di inchiesta sulla contraffazione (leggi questa <strong><a href=\"https:\/\/welaikaadv.site\/avviso\/home\/cosa-facciamo\/informare\/osservatorio-parlamentare\/attivita-dinchiesta\/attivita-dinchiesta-xvii\/commissione-sulla-contraffazione\/audizioni-della-commissione-di-inchiesta-parlamentare-sul-fenomeno-della-contraffazione-degli-oli-di-oliva\/\">scheda<\/a><\/strong>). Qui di seguito sono sintetizzati gli aspetti pi\u00f9 rilevanti trattati nel corso della seduta.<\/p>\n<p><strong>Il contesto di riferimento<\/strong>. Il comparto ambientale-agricolo negli ultimi 15 anni \u00e8 stato oggetto di un forte interesse da parte della criminalit\u00e0 organizzata in ragione dei guadagni facilmente ottenibili con le attivit\u00e0 illecite e le difficolt\u00e0 di effettuare controlli sulle diverse forme di contraffazione e di frode in commercio: ci\u00f2 ha portato alla penetrazione in particolare nelle filiere dell\u2019ortofrutta e del settore oleario. In quest\u2019ultimo comparto, si effettua l\u2019importazione e vendita come olio italiano di prodotti di provenienza spagnola, greca e nordafricana, grazie alle c.d. imprese \u00abcartiere\u00bb, che emettono falsa documentazione sull&#8217;origine nazionale dell&#8217;olio extravergine di oliva, il quale spesso \u00e8 di origine comunitaria o extracomunitaria. Si tratta di un\u2019operazione molto difficile da contrastare sia per le carenze della normativa sia per l\u2019assenza di metodologie certificate (come invece nel settore vinicolo).<\/p>\n<p><strong>Proposte di intervento<\/strong>. In primo luogo \u00e8 stata sollecitata una riscrittura della normativa del codice penale, oggetto attualmente di studio da parte di un\u2019apposita commissione presso il Ministero della giustizia per innalzare le pene e consentire l\u2019utilizzo delle intercettazioni. Occorre poi intervenire sulla piena tracciabilit\u00e0 dei prodotti, in particolare per quel che riguarda i documenti di trasporto delle merci alimentari affinch\u00e8 siano certificati da un organismo pubblico \u2013 come gi\u00e0 avviene per il vino &#8211; in quanto attualmente \u00e8 molto semplice eludere i controlli grazie alla doppia documentazione dei beni trasportati. Essenziale risulta disporre di metodologie di analisi codificate, che consentano di individuare tutte le forme di contraffazione e frode.<\/p>\n<p>(<em>29 luglio 2015<\/em>)<\/p>\n","protected":false},"excerpt":{"rendered":"<p>Premessa. La Commissione ha audito il 14 luglio 2015 i responsabili del Corpo forestale dello Stato al fine di approfondire le tematiche relative alla penetrazione&nbsp;<span class=\"hellipsis\">[&hellip;]<\/span><a class=\"more-link\" href=\"https:\/\/welaikaadv.site\/avviso\/home\/cosa-facciamo\/informare\/osservatorio-parlamentare\/attivita-dinchiesta\/attivita-dinchiesta-xvii\/commissione-bicamerale-antimafia\/commissione-antimafia-audizione-sulle-attivita-illecite-nel-comparto-agroalimentare\/\">Leggi tutto <span class=\"screen-reader-text\">Commissione antimafia: audizione sulle attivit\u00e0 illecite nel comparto agroalimentare<\/span> <span class=\"meta-nav\" aria-hidden=\"true\">&rarr;<\/span><\/a><\/p>\n","protected":false},"author":1,"featured_media":0,"parent":2662,"menu_order":0,"comment_status":"closed","ping_status":"closed","template":"","meta":{"_acf_changed":false,"_exactmetrics_skip_tracking":false,"_exactmetrics_sitenote_active":false,"_exactmetrics_sitenote_note":"","_exactmetrics_sitenote_category":0,"wp_social_preview_title":"","wp_social_preview_description":"","wp_social_preview_image":0,"footnotes":""},"class_list":["post-23491","page","type-page","status-publish","hentry"],"acf":[],"yoast_head":"<!-- This site is optimized with the Yoast SEO plugin v27.2 - https:\/\/yoast.com\/product\/yoast-seo-wordpress\/ -->\n<title>Commissione antimafia: audizione sulle attivit\u00e0 illecite nel comparto agroalimentare - Staging Avviso Pubblico<\/title>\n<meta name=\"robots\" content=\"noindex, follow, max-snippet:-1, max-image-preview:large, max-video-preview:-1\" \/>\n<meta property=\"og:locale\" content=\"it_IT\" \/>\n<meta property=\"og:type\" content=\"article\" \/>\n<meta property=\"og:title\" content=\"Commissione antimafia: audizione sulle attivit\u00e0 illecite nel comparto agroalimentare - Staging Avviso Pubblico\" \/>\n<meta property=\"og:description\" content=\"Premessa. La Commissione ha audito il 14 luglio 2015 i responsabili del Corpo forestale dello Stato al fine di approfondire le tematiche relative alla penetrazione&nbsp;[&hellip;]Leggi tutto Commissione antimafia: audizione sulle attivit\u00e0 illecite nel comparto agroalimentare &rarr;\" \/>\n<meta property=\"og:url\" content=\"https:\/\/welaikaadv.site\/avviso\/home\/cosa-facciamo\/informare\/osservatorio-parlamentare\/attivita-dinchiesta\/attivita-dinchiesta-xvii\/commissione-bicamerale-antimafia\/commissione-antimafia-audizione-sulle-attivita-illecite-nel-comparto-agroalimentare\/\" \/>\n<meta property=\"og:site_name\" content=\"Staging Avviso Pubblico\" \/>\n<meta name=\"twitter:card\" content=\"summary_large_image\" \/>\n<meta name=\"twitter:label1\" content=\"Tempo di lettura stimato\" \/>\n\t<meta name=\"twitter:data1\" content=\"2 minuti\" \/>\n<script type=\"application\/ld+json\" class=\"yoast-schema-graph\">{\"@context\":\"https:\/\/schema.org\",\"@graph\":[{\"@type\":\"WebPage\",\"@id\":\"https:\/\/welaikaadv.site\/avviso\/home\/cosa-facciamo\/informare\/osservatorio-parlamentare\/attivita-dinchiesta\/attivita-dinchiesta-xvii\/commissione-bicamerale-antimafia\/commissione-antimafia-audizione-sulle-attivita-illecite-nel-comparto-agroalimentare\/\",\"url\":\"https:\/\/welaikaadv.site\/avviso\/home\/cosa-facciamo\/informare\/osservatorio-parlamentare\/attivita-dinchiesta\/attivita-dinchiesta-xvii\/commissione-bicamerale-antimafia\/commissione-antimafia-audizione-sulle-attivita-illecite-nel-comparto-agroalimentare\/\",\"name\":\"Commissione antimafia: audizione sulle attivit\u00e0 illecite nel comparto agroalimentare - Staging Avviso Pubblico\",\"isPartOf\":{\"@id\":\"https:\/\/welaikaadv.site\/avviso\/#website\"},\"datePublished\":\"2015-07-29T08:21:04+00:00\",\"breadcrumb\":{\"@id\":\"https:\/\/welaikaadv.site\/avviso\/home\/cosa-facciamo\/informare\/osservatorio-parlamentare\/attivita-dinchiesta\/attivita-dinchiesta-xvii\/commissione-bicamerale-antimafia\/commissione-antimafia-audizione-sulle-attivita-illecite-nel-comparto-agroalimentare\/#breadcrumb\"},\"inLanguage\":\"it-IT\",\"potentialAction\":[{\"@type\":\"ReadAction\",\"target\":[\"https:\/\/welaikaadv.site\/avviso\/home\/cosa-facciamo\/informare\/osservatorio-parlamentare\/attivita-dinchiesta\/attivita-dinchiesta-xvii\/commissione-bicamerale-antimafia\/commissione-antimafia-audizione-sulle-attivita-illecite-nel-comparto-agroalimentare\/\"]}]},{\"@type\":\"BreadcrumbList\",\"@id\":\"https:\/\/welaikaadv.site\/avviso\/home\/cosa-facciamo\/informare\/osservatorio-parlamentare\/attivita-dinchiesta\/attivita-dinchiesta-xvii\/commissione-bicamerale-antimafia\/commissione-antimafia-audizione-sulle-attivita-illecite-nel-comparto-agroalimentare\/#breadcrumb\",\"itemListElement\":[{\"@type\":\"ListItem\",\"position\":1,\"name\":\"Home\",\"item\":\"https:\/\/welaikaadv.site\/avviso\/\"},{\"@type\":\"ListItem\",\"position\":2,\"name\":\"Commissione antimafia: audizione sulle attivit\u00e0 illecite nel comparto agroalimentare\"}]},{\"@type\":\"WebSite\",\"@id\":\"https:\/\/welaikaadv.site\/avviso\/#website\",\"url\":\"https:\/\/welaikaadv.site\/avviso\/\",\"name\":\"Staging Avviso Pubblico\",\"description\":\"\",\"publisher\":{\"@id\":\"https:\/\/welaikaadv.site\/avviso\/#organization\"},\"potentialAction\":[{\"@type\":\"SearchAction\",\"target\":{\"@type\":\"EntryPoint\",\"urlTemplate\":\"https:\/\/welaikaadv.site\/avviso\/?s={search_term_string}\"},\"query-input\":{\"@type\":\"PropertyValueSpecification\",\"valueRequired\":true,\"valueName\":\"search_term_string\"}}],\"inLanguage\":\"it-IT\"},{\"@type\":\"Organization\",\"@id\":\"https:\/\/welaikaadv.site\/avviso\/#organization\",\"name\":\"Staging Avviso Pubblico\",\"url\":\"https:\/\/welaikaadv.site\/avviso\/\",\"logo\":{\"@type\":\"ImageObject\",\"inLanguage\":\"it-IT\",\"@id\":\"https:\/\/welaikaadv.site\/avviso\/#\/schema\/logo\/image\/\",\"url\":\"https:\/\/welaikaadv.site\/avviso\/wp-content\/uploads\/2024\/08\/logoAPsito-400.png\",\"contentUrl\":\"https:\/\/welaikaadv.site\/avviso\/wp-content\/uploads\/2024\/08\/logoAPsito-400.png\",\"width\":400,\"height\":97,\"caption\":\"Staging Avviso Pubblico\"},\"image\":{\"@id\":\"https:\/\/welaikaadv.site\/avviso\/#\/schema\/logo\/image\/\"}}]}<\/script>\n<!-- \/ Yoast SEO plugin. -->","yoast_head_json":{"title":"Commissione antimafia: audizione sulle attivit\u00e0 illecite nel comparto agroalimentare - Staging Avviso Pubblico","robots":{"index":"noindex","follow":"follow","max-snippet":"max-snippet:-1","max-image-preview":"max-image-preview:large","max-video-preview":"max-video-preview:-1"},"og_locale":"it_IT","og_type":"article","og_title":"Commissione antimafia: audizione sulle attivit\u00e0 illecite nel comparto agroalimentare - Staging Avviso Pubblico","og_description":"Premessa. La Commissione ha audito il 14 luglio 2015 i responsabili del Corpo forestale dello Stato al fine di approfondire le tematiche relative alla penetrazione&nbsp;[&hellip;]Leggi tutto Commissione antimafia: audizione sulle attivit\u00e0 illecite nel comparto agroalimentare &rarr;","og_url":"https:\/\/welaikaadv.site\/avviso\/home\/cosa-facciamo\/informare\/osservatorio-parlamentare\/attivita-dinchiesta\/attivita-dinchiesta-xvii\/commissione-bicamerale-antimafia\/commissione-antimafia-audizione-sulle-attivita-illecite-nel-comparto-agroalimentare\/","og_site_name":"Staging Avviso Pubblico","twitter_card":"summary_large_image","twitter_misc":{"Tempo di lettura stimato":"2 minuti"},"schema":{"@context":"https:\/\/schema.org","@graph":[{"@type":"WebPage","@id":"https:\/\/welaikaadv.site\/avviso\/home\/cosa-facciamo\/informare\/osservatorio-parlamentare\/attivita-dinchiesta\/attivita-dinchiesta-xvii\/commissione-bicamerale-antimafia\/commissione-antimafia-audizione-sulle-attivita-illecite-nel-comparto-agroalimentare\/","url":"https:\/\/welaikaadv.site\/avviso\/home\/cosa-facciamo\/informare\/osservatorio-parlamentare\/attivita-dinchiesta\/attivita-dinchiesta-xvii\/commissione-bicamerale-antimafia\/commissione-antimafia-audizione-sulle-attivita-illecite-nel-comparto-agroalimentare\/","name":"Commissione antimafia: audizione sulle attivit\u00e0 illecite nel comparto agroalimentare - Staging Avviso Pubblico","isPartOf":{"@id":"https:\/\/welaikaadv.site\/avviso\/#website"},"datePublished":"2015-07-29T08:21:04+00:00","breadcrumb":{"@id":"https:\/\/welaikaadv.site\/avviso\/home\/cosa-facciamo\/informare\/osservatorio-parlamentare\/attivita-dinchiesta\/attivita-dinchiesta-xvii\/commissione-bicamerale-antimafia\/commissione-antimafia-audizione-sulle-attivita-illecite-nel-comparto-agroalimentare\/#breadcrumb"},"inLanguage":"it-IT","potentialAction":[{"@type":"ReadAction","target":["https:\/\/welaikaadv.site\/avviso\/home\/cosa-facciamo\/informare\/osservatorio-parlamentare\/attivita-dinchiesta\/attivita-dinchiesta-xvii\/commissione-bicamerale-antimafia\/commissione-antimafia-audizione-sulle-attivita-illecite-nel-comparto-agroalimentare\/"]}]},{"@type":"BreadcrumbList","@id":"https:\/\/welaikaadv.site\/avviso\/home\/cosa-facciamo\/informare\/osservatorio-parlamentare\/attivita-dinchiesta\/attivita-dinchiesta-xvii\/commissione-bicamerale-antimafia\/commissione-antimafia-audizione-sulle-attivita-illecite-nel-comparto-agroalimentare\/#breadcrumb","itemListElement":[{"@type":"ListItem","position":1,"name":"Home","item":"https:\/\/welaikaadv.site\/avviso\/"},{"@type":"ListItem","position":2,"name":"Commissione antimafia: audizione sulle attivit\u00e0 illecite nel comparto agroalimentare"}]},{"@type":"WebSite","@id":"https:\/\/welaikaadv.site\/avviso\/#website","url":"https:\/\/welaikaadv.site\/avviso\/","name":"Staging Avviso Pubblico","description":"","publisher":{"@id":"https:\/\/welaikaadv.site\/avviso\/#organization"},"potentialAction":[{"@type":"SearchAction","target":{"@type":"EntryPoint","urlTemplate":"https:\/\/welaikaadv.site\/avviso\/?s={search_term_string}"},"query-input":{"@type":"PropertyValueSpecification","valueRequired":true,"valueName":"search_term_string"}}],"inLanguage":"it-IT"},{"@type":"Organization","@id":"https:\/\/welaikaadv.site\/avviso\/#organization","name":"Staging Avviso Pubblico","url":"https:\/\/welaikaadv.site\/avviso\/","logo":{"@type":"ImageObject","inLanguage":"it-IT","@id":"https:\/\/welaikaadv.site\/avviso\/#\/schema\/logo\/image\/","url":"https:\/\/welaikaadv.site\/avviso\/wp-content\/uploads\/2024\/08\/logoAPsito-400.png","contentUrl":"https:\/\/welaikaadv.site\/avviso\/wp-content\/uploads\/2024\/08\/logoAPsito-400.png","width":400,"height":97,"caption":"Staging Avviso Pubblico"},"image":{"@id":"https:\/\/welaikaadv.site\/avviso\/#\/schema\/logo\/image\/"}}]}},"_links":{"self":[{"href":"https:\/\/welaikaadv.site\/avviso\/wp-json\/wp\/v2\/pages\/23491","targetHints":{"allow":["GET"]}}],"collection":[{"href":"https:\/\/welaikaadv.site\/avviso\/wp-json\/wp\/v2\/pages"}],"about":[{"href":"https:\/\/welaikaadv.site\/avviso\/wp-json\/wp\/v2\/types\/page"}],"author":[{"embeddable":true,"href":"https:\/\/welaikaadv.site\/avviso\/wp-json\/wp\/v2\/users\/1"}],"replies":[{"embeddable":true,"href":"https:\/\/welaikaadv.site\/avviso\/wp-json\/wp\/v2\/comments?post=23491"}],"version-history":[{"count":0,"href":"https:\/\/welaikaadv.site\/avviso\/wp-json\/wp\/v2\/pages\/23491\/revisions"}],"up":[{"embeddable":true,"href":"https:\/\/welaikaadv.site\/avviso\/wp-json\/wp\/v2\/pages\/2662"}],"wp:attachment":[{"href":"https:\/\/welaikaadv.site\/avviso\/wp-json\/wp\/v2\/media?parent=23491"}],"curies":[{"name":"wp","href":"https:\/\/api.w.org\/{rel}","templated":true}]}}