{"id":23495,"date":"2016-03-04T10:55:14","date_gmt":"2016-03-04T09:55:14","guid":{"rendered":"http:\/\/www.avvisopubblico.it\/osservatorio\/?page_id=4188"},"modified":"2016-03-04T10:55:14","modified_gmt":"2016-03-04T09:55:14","slug":"commissione-sulla-contraffazione-relazione-sulle-modifiche-da-apportare-alla-normativa-penale","status":"publish","type":"page","link":"https:\/\/welaikaadv.site\/avviso\/home\/cosa-facciamo\/informare\/osservatorio-parlamentare\/attivita-dinchiesta\/attivita-dinchiesta-xvii\/commissione-sulla-contraffazione\/commissione-sulla-contraffazione-relazione-sulle-modifiche-da-apportare-alla-normativa-penale\/","title":{"rendered":"Commissione sulla contraffazione: relazione sulle modifiche da apportare alla normativa penale"},"content":{"rendered":"<p>La Commissione parlamentare sulla contraffazione, al termine di un lungo ciclo di audizioni con rappresentanti di<strong> <a href=\"https:\/\/welaikaadv.site\/avviso\/home\/cosa-facciamo\/informare\/osservatorio-parlamentare\/attivita-dinchiesta\/attivita-dinchiesta-xvii\/commissione-sulla-contraffazione\/commissione-sulla-contraffazione-audizioni-di-esponenti-della-magistratura\/\">magistratura<\/a><\/strong>, <strong><a href=\"https:\/\/welaikaadv.site\/avviso\/home\/cosa-facciamo\/informare\/osservatorio-parlamentare\/attivita-dinchiesta\/attivita-dinchiesta-xvii\/commissione-sulla-contraffazione\/commissione-sulla-contraffazione-audizione-della-guardia-di-finanza\/\">forze dell\u2019ordine<\/a><\/strong>, <strong><a href=\"https:\/\/welaikaadv.site\/avviso\/home\/cosa-facciamo\/informare\/osservatorio-parlamentare\/attivita-dinchiesta\/attivita-dinchiesta-xvii\/commissione-sulla-contraffazione\/commissione-contraffazione-audizioni-dei-rappresentanti-di-aziende-ed-artigiani\/\">parti sociali<\/a><\/strong> ed esperti, ha approvato il <a href=\"http:\/\/www.camera.it\/leg17\/824?tipo=I&amp;anno=2015&amp;mese=08&amp;giorno=04&amp;view=&amp;commissione=64\"><strong>4 agosto 2015<\/strong><\/a> un documento volto a suggerire una revisione della normativa penale al fine di rendere pi\u00f9 efficaci le misure di repressione dei comportamenti illeciti; qui di seguito la relazione della Commissione \u00e8 brevemente sintetizzata.<\/p>\n<p><strong>Contesto generale di riferimento<\/strong>. Il documento evidenzia innanzitutto le dimensioni del fenomeno della contraffazione e della frode in commercio, che riguarda tutti i Paesi e tutti i comparti produttivi (dall\u2019abbigliamento alle apparecchiature elettriche fino ai farmaci, ai prodotti alimentari e ai giocattoli). Esso \u00e8 in gran parte sotto il controllo delle organizzazioni criminali che ne traggono profitti significativi, approfittando anche delle inefficienze dei sistemi di repressione e contrasto e di una scarsa consapevolezza da parte dei cittadini-consumatori della gravit\u00e0 degli illeciti connessi alla contraffazione; non ci sono solo perdite per l\u2019Erario (stimate in circa 5 miliardi annui) e la violazione delle norme sulla concorrenza ma anche altri profili \u00a0molto rilevanti: dalla tutela dei lavoratori che spesso lavorano in nero e in violazione delle norme sulla sicurezza, alla tutela dell\u2019ambiente (gli scarti di lavorazione sono spesso smaltiti in modo illecito) fino alla tutela della salute (ad es. per i medicinali ed i giocattoli). Accanto al tradizionale canale di distribuzione rappresentato dagli ambulanti, si \u00e8 sviluppata prepotentemente la vendita dei prodotti contraffatti tramite internet; a questi si aggiunge il canale della distribuzione legale, talvolta nella inconsapevolezza dei commercianti coinvolti.<\/p>\n<p><strong>Per una pi\u00f9 efficace tutela penale<\/strong>. Dopo un\u2019approfondita analisi del quadro normativo internazionale e comunitario in materia di tutela del diritto d\u2019autore, della propriet\u00e0 industriale e di contraffazione e dei diversi organismi impegnati per contraria, il documento ricostruisce la normativa italiana, frutto di una serie di interventi stratificatisi nel corso del tempo: sono riprese a tal fine le considerazioni svolte nel corso delle numerose audizioni svolte dalla Commissione, in particolare con i magistrati impiegati nella repressione del fenomeno.<\/p>\n<p>Le proposte innovative riguardano innanzitutto una nuova collocazione sistematica dei reati in materia di contraffazione inserendo tutte le fattispecie di contraffazione nel titolo VIII (Delitti contro l\u2019industria e il commercio), al fine di evidenziare la plurioffensivit\u00e0 delle condotte illecite e superare la logica delle normative speciali relative a singoli settori produttivi o a specifiche finalit\u00e0 (ad es. la legge per la tutela dell\u2019olio di oliva o quella per il Made in Italy) ed evitare cos\u00ec la frammentazione della disciplina, facendo riferimento alla\u00a0 tutela prevista dal Codice per la propriet\u00e0 industriale: occorrerebbe ricomprendere sia la contraffazione dei segni distintivi sia le violazioni della normativa sulle etichettature, volte ad ingannare il consumatore finale. In questo quadro, la Commissione propone una notevole semplificazione delle fattispecie di reato e la revisione del sistema delle sanzioni, anche di natura pecuniaria, in modo da differenziare le fattispecie di minor rilievo, di carattere episodico o localistico, per le quali ricorrere prevalentemente a misure di carattere interdittivo (confisca della merce, chiusura degli esercizi commerciali, revoca delle licenze) dai casi pi\u00f9 gravi, nei quali la contraffazione \u00e8 frutto di un\u2019attivit\u00e0 sistematica ed organizzata ovvero ha un impatto economico molto significativo: l\u2019attuale art. 474 ter, oggi costruito come aggravante speciale, potrebbe trasformarsi in reato autonomo, integrato anche con riferimento ad altri gravi comportamenti illeciti (ad es. ai danni della salute o della sicurezza sul lavoro).<\/p>\n<p>La riscrittura dovr\u00e0 tener conto anche degli effetti della recente normativa sulla non punibilit\u00e0 per particolare tenuit\u00e0 del fatto (decreto legislativo n. 28 del 2015). Dal punto di vista investigativo, si suggerisce l\u2019applicazione alle fattispecie pi\u00f9 gravi dei poteri di intercettazione e l\u2019ampliamento dei termini di durata massima delle indagini preliminari.<\/p>\n<p>La Commissione si dichiara favorevole all\u2019applicazione delle misure di prevenzione per i casi di maggiore gravit\u00e0; da valutare anche il problema della competenza alle Procure distrettuali, dove gi\u00e0 operano gruppi di contrasto alla contraffazione, in luogo della Direzione nazionale antimafia; utili indicazioni sono fornite con riferimento all\u2019effettuazione dei sequestri, alle rogatorie internazionali e al coordinamento delle forze di polizia. Il documento esprime infine perplessit\u00e0 sull\u2019introduzione di un reato per i consumatori che acquistano consapevolmente prodotti contraffatti, ritenendo preferibile ricorrere a campagne di sensibilizzazione.<\/p>\n<p><strong>Discussione in Assemblea<\/strong>. L\u2019Aula di Montecitorio ha discusso la relazione il <a href=\"http:\/\/www.camera.it\/leg17\/410?idSeduta=0579&amp;tipo=stenografico#sed0579.stenografico.tit00030\"><strong>29 febbraio 2016<\/strong><\/a> ed il <a href=\"http:\/\/www.camera.it\/leg17\/410?idSeduta=0582&amp;tipo=stenografico#sed0582.stenografico.tit00060\"><strong>3 marzo 2016<\/strong><\/a>, approvando al termine, con il parere favorevole del Governo, la risoluzione presentata a firma Catania e Cenni (<a href=\"http:\/\/www.camera.it\/leg17\/410?idSeduta=0579&amp;tipo=documenti_seduta&amp;pag=allegato_a\"><strong>risoluzione n. 6\u201300212<\/strong><\/a><strong>).<\/strong><\/p>\n<p>(<em>Ultimo aggiornamento 4 marzo 2016<\/em>)<\/p>\n","protected":false},"excerpt":{"rendered":"<p>La Commissione parlamentare sulla contraffazione, al termine di un lungo ciclo di audizioni con rappresentanti di magistratura, forze dell\u2019ordine, parti sociali ed esperti, ha approvato&nbsp;<span class=\"hellipsis\">[&hellip;]<\/span><a class=\"more-link\" href=\"https:\/\/welaikaadv.site\/avviso\/home\/cosa-facciamo\/informare\/osservatorio-parlamentare\/attivita-dinchiesta\/attivita-dinchiesta-xvii\/commissione-sulla-contraffazione\/commissione-sulla-contraffazione-relazione-sulle-modifiche-da-apportare-alla-normativa-penale\/\">Leggi tutto <span class=\"screen-reader-text\">Commissione sulla contraffazione: relazione sulle modifiche da apportare alla normativa penale<\/span> <span class=\"meta-nav\" aria-hidden=\"true\">&rarr;<\/span><\/a><\/p>\n","protected":false},"author":1,"featured_media":0,"parent":23482,"menu_order":0,"comment_status":"closed","ping_status":"closed","template":"","meta":{"_acf_changed":false,"_exactmetrics_skip_tracking":false,"_exactmetrics_sitenote_active":false,"_exactmetrics_sitenote_note":"","_exactmetrics_sitenote_category":0,"wp_social_preview_title":"","wp_social_preview_description":"","wp_social_preview_image":0,"footnotes":""},"class_list":["post-23495","page","type-page","status-publish","hentry"],"acf":[],"yoast_head":"<!-- This site is optimized with the Yoast SEO plugin v27.2 - https:\/\/yoast.com\/product\/yoast-seo-wordpress\/ -->\n<title>Commissione sulla contraffazione: relazione sulle modifiche da apportare alla normativa penale - Staging Avviso Pubblico<\/title>\n<meta name=\"robots\" content=\"noindex, follow, max-snippet:-1, max-image-preview:large, max-video-preview:-1\" \/>\n<meta property=\"og:locale\" content=\"it_IT\" \/>\n<meta property=\"og:type\" content=\"article\" \/>\n<meta property=\"og:title\" content=\"Commissione sulla contraffazione: relazione sulle modifiche da apportare alla normativa penale - Staging Avviso Pubblico\" \/>\n<meta property=\"og:description\" content=\"La Commissione parlamentare sulla contraffazione, al termine di un lungo ciclo di audizioni con rappresentanti di magistratura, forze dell\u2019ordine, parti sociali ed esperti, ha approvato&nbsp;[&hellip;]Leggi tutto Commissione sulla contraffazione: relazione sulle modifiche da apportare alla normativa penale &rarr;\" \/>\n<meta property=\"og:url\" content=\"https:\/\/welaikaadv.site\/avviso\/home\/cosa-facciamo\/informare\/osservatorio-parlamentare\/attivita-dinchiesta\/attivita-dinchiesta-xvii\/commissione-sulla-contraffazione\/commissione-sulla-contraffazione-relazione-sulle-modifiche-da-apportare-alla-normativa-penale\/\" \/>\n<meta property=\"og:site_name\" content=\"Staging Avviso Pubblico\" \/>\n<meta name=\"twitter:card\" content=\"summary_large_image\" \/>\n<meta name=\"twitter:label1\" content=\"Tempo di lettura stimato\" \/>\n\t<meta name=\"twitter:data1\" content=\"4 minuti\" \/>\n<script type=\"application\/ld+json\" class=\"yoast-schema-graph\">{\"@context\":\"https:\/\/schema.org\",\"@graph\":[{\"@type\":\"WebPage\",\"@id\":\"https:\/\/welaikaadv.site\/avviso\/home\/cosa-facciamo\/informare\/osservatorio-parlamentare\/attivita-dinchiesta\/attivita-dinchiesta-xvii\/commissione-sulla-contraffazione\/commissione-sulla-contraffazione-relazione-sulle-modifiche-da-apportare-alla-normativa-penale\/\",\"url\":\"https:\/\/welaikaadv.site\/avviso\/home\/cosa-facciamo\/informare\/osservatorio-parlamentare\/attivita-dinchiesta\/attivita-dinchiesta-xvii\/commissione-sulla-contraffazione\/commissione-sulla-contraffazione-relazione-sulle-modifiche-da-apportare-alla-normativa-penale\/\",\"name\":\"Commissione sulla contraffazione: relazione sulle modifiche da apportare alla normativa penale - Staging Avviso Pubblico\",\"isPartOf\":{\"@id\":\"https:\/\/welaikaadv.site\/avviso\/#website\"},\"datePublished\":\"2016-03-04T09:55:14+00:00\",\"breadcrumb\":{\"@id\":\"https:\/\/welaikaadv.site\/avviso\/home\/cosa-facciamo\/informare\/osservatorio-parlamentare\/attivita-dinchiesta\/attivita-dinchiesta-xvii\/commissione-sulla-contraffazione\/commissione-sulla-contraffazione-relazione-sulle-modifiche-da-apportare-alla-normativa-penale\/#breadcrumb\"},\"inLanguage\":\"it-IT\",\"potentialAction\":[{\"@type\":\"ReadAction\",\"target\":[\"https:\/\/welaikaadv.site\/avviso\/home\/cosa-facciamo\/informare\/osservatorio-parlamentare\/attivita-dinchiesta\/attivita-dinchiesta-xvii\/commissione-sulla-contraffazione\/commissione-sulla-contraffazione-relazione-sulle-modifiche-da-apportare-alla-normativa-penale\/\"]}]},{\"@type\":\"BreadcrumbList\",\"@id\":\"https:\/\/welaikaadv.site\/avviso\/home\/cosa-facciamo\/informare\/osservatorio-parlamentare\/attivita-dinchiesta\/attivita-dinchiesta-xvii\/commissione-sulla-contraffazione\/commissione-sulla-contraffazione-relazione-sulle-modifiche-da-apportare-alla-normativa-penale\/#breadcrumb\",\"itemListElement\":[{\"@type\":\"ListItem\",\"position\":1,\"name\":\"Home\",\"item\":\"https:\/\/welaikaadv.site\/avviso\/\"},{\"@type\":\"ListItem\",\"position\":2,\"name\":\"Attivit\u00e0 d&#8217;inchiesta nella XVII legislatura\",\"item\":\"https:\/\/welaikaadv.site\/avviso\/home\/cosa-facciamo\/informare\/osservatorio-parlamentare\/attivita-dinchiesta\/attivita-dinchiesta-xvii\/\"},{\"@type\":\"ListItem\",\"position\":3,\"name\":\"Commissione sulla contraffazione \u2013 XVII legislatura\",\"item\":\"https:\/\/welaikaadv.site\/avviso\/home\/cosa-facciamo\/informare\/osservatorio-parlamentare\/attivita-dinchiesta\/attivita-dinchiesta-xvii\/commissione-sulla-contraffazione\/\"},{\"@type\":\"ListItem\",\"position\":4,\"name\":\"Commissione sulla contraffazione: relazione sulle modifiche da apportare alla normativa penale\"}]},{\"@type\":\"WebSite\",\"@id\":\"https:\/\/welaikaadv.site\/avviso\/#website\",\"url\":\"https:\/\/welaikaadv.site\/avviso\/\",\"name\":\"Staging Avviso Pubblico\",\"description\":\"\",\"publisher\":{\"@id\":\"https:\/\/welaikaadv.site\/avviso\/#organization\"},\"potentialAction\":[{\"@type\":\"SearchAction\",\"target\":{\"@type\":\"EntryPoint\",\"urlTemplate\":\"https:\/\/welaikaadv.site\/avviso\/?s={search_term_string}\"},\"query-input\":{\"@type\":\"PropertyValueSpecification\",\"valueRequired\":true,\"valueName\":\"search_term_string\"}}],\"inLanguage\":\"it-IT\"},{\"@type\":\"Organization\",\"@id\":\"https:\/\/welaikaadv.site\/avviso\/#organization\",\"name\":\"Staging Avviso Pubblico\",\"url\":\"https:\/\/welaikaadv.site\/avviso\/\",\"logo\":{\"@type\":\"ImageObject\",\"inLanguage\":\"it-IT\",\"@id\":\"https:\/\/welaikaadv.site\/avviso\/#\/schema\/logo\/image\/\",\"url\":\"https:\/\/welaikaadv.site\/avviso\/wp-content\/uploads\/2024\/08\/logoAPsito-400.png\",\"contentUrl\":\"https:\/\/welaikaadv.site\/avviso\/wp-content\/uploads\/2024\/08\/logoAPsito-400.png\",\"width\":400,\"height\":97,\"caption\":\"Staging Avviso Pubblico\"},\"image\":{\"@id\":\"https:\/\/welaikaadv.site\/avviso\/#\/schema\/logo\/image\/\"}}]}<\/script>\n<!-- \/ Yoast SEO plugin. -->","yoast_head_json":{"title":"Commissione sulla contraffazione: relazione sulle modifiche da apportare alla normativa penale - Staging Avviso Pubblico","robots":{"index":"noindex","follow":"follow","max-snippet":"max-snippet:-1","max-image-preview":"max-image-preview:large","max-video-preview":"max-video-preview:-1"},"og_locale":"it_IT","og_type":"article","og_title":"Commissione sulla contraffazione: relazione sulle modifiche da apportare alla normativa penale - Staging Avviso Pubblico","og_description":"La Commissione parlamentare sulla contraffazione, al termine di un lungo ciclo di audizioni con rappresentanti di magistratura, forze dell\u2019ordine, parti sociali ed esperti, ha approvato&nbsp;[&hellip;]Leggi tutto Commissione sulla contraffazione: relazione sulle modifiche da apportare alla normativa penale &rarr;","og_url":"https:\/\/welaikaadv.site\/avviso\/home\/cosa-facciamo\/informare\/osservatorio-parlamentare\/attivita-dinchiesta\/attivita-dinchiesta-xvii\/commissione-sulla-contraffazione\/commissione-sulla-contraffazione-relazione-sulle-modifiche-da-apportare-alla-normativa-penale\/","og_site_name":"Staging Avviso Pubblico","twitter_card":"summary_large_image","twitter_misc":{"Tempo di lettura stimato":"4 minuti"},"schema":{"@context":"https:\/\/schema.org","@graph":[{"@type":"WebPage","@id":"https:\/\/welaikaadv.site\/avviso\/home\/cosa-facciamo\/informare\/osservatorio-parlamentare\/attivita-dinchiesta\/attivita-dinchiesta-xvii\/commissione-sulla-contraffazione\/commissione-sulla-contraffazione-relazione-sulle-modifiche-da-apportare-alla-normativa-penale\/","url":"https:\/\/welaikaadv.site\/avviso\/home\/cosa-facciamo\/informare\/osservatorio-parlamentare\/attivita-dinchiesta\/attivita-dinchiesta-xvii\/commissione-sulla-contraffazione\/commissione-sulla-contraffazione-relazione-sulle-modifiche-da-apportare-alla-normativa-penale\/","name":"Commissione sulla contraffazione: relazione sulle modifiche da apportare alla normativa penale - Staging Avviso Pubblico","isPartOf":{"@id":"https:\/\/welaikaadv.site\/avviso\/#website"},"datePublished":"2016-03-04T09:55:14+00:00","breadcrumb":{"@id":"https:\/\/welaikaadv.site\/avviso\/home\/cosa-facciamo\/informare\/osservatorio-parlamentare\/attivita-dinchiesta\/attivita-dinchiesta-xvii\/commissione-sulla-contraffazione\/commissione-sulla-contraffazione-relazione-sulle-modifiche-da-apportare-alla-normativa-penale\/#breadcrumb"},"inLanguage":"it-IT","potentialAction":[{"@type":"ReadAction","target":["https:\/\/welaikaadv.site\/avviso\/home\/cosa-facciamo\/informare\/osservatorio-parlamentare\/attivita-dinchiesta\/attivita-dinchiesta-xvii\/commissione-sulla-contraffazione\/commissione-sulla-contraffazione-relazione-sulle-modifiche-da-apportare-alla-normativa-penale\/"]}]},{"@type":"BreadcrumbList","@id":"https:\/\/welaikaadv.site\/avviso\/home\/cosa-facciamo\/informare\/osservatorio-parlamentare\/attivita-dinchiesta\/attivita-dinchiesta-xvii\/commissione-sulla-contraffazione\/commissione-sulla-contraffazione-relazione-sulle-modifiche-da-apportare-alla-normativa-penale\/#breadcrumb","itemListElement":[{"@type":"ListItem","position":1,"name":"Home","item":"https:\/\/welaikaadv.site\/avviso\/"},{"@type":"ListItem","position":2,"name":"Attivit\u00e0 d&#8217;inchiesta nella XVII legislatura","item":"https:\/\/welaikaadv.site\/avviso\/home\/cosa-facciamo\/informare\/osservatorio-parlamentare\/attivita-dinchiesta\/attivita-dinchiesta-xvii\/"},{"@type":"ListItem","position":3,"name":"Commissione sulla contraffazione \u2013 XVII legislatura","item":"https:\/\/welaikaadv.site\/avviso\/home\/cosa-facciamo\/informare\/osservatorio-parlamentare\/attivita-dinchiesta\/attivita-dinchiesta-xvii\/commissione-sulla-contraffazione\/"},{"@type":"ListItem","position":4,"name":"Commissione sulla contraffazione: relazione sulle modifiche da apportare alla normativa penale"}]},{"@type":"WebSite","@id":"https:\/\/welaikaadv.site\/avviso\/#website","url":"https:\/\/welaikaadv.site\/avviso\/","name":"Staging Avviso Pubblico","description":"","publisher":{"@id":"https:\/\/welaikaadv.site\/avviso\/#organization"},"potentialAction":[{"@type":"SearchAction","target":{"@type":"EntryPoint","urlTemplate":"https:\/\/welaikaadv.site\/avviso\/?s={search_term_string}"},"query-input":{"@type":"PropertyValueSpecification","valueRequired":true,"valueName":"search_term_string"}}],"inLanguage":"it-IT"},{"@type":"Organization","@id":"https:\/\/welaikaadv.site\/avviso\/#organization","name":"Staging Avviso Pubblico","url":"https:\/\/welaikaadv.site\/avviso\/","logo":{"@type":"ImageObject","inLanguage":"it-IT","@id":"https:\/\/welaikaadv.site\/avviso\/#\/schema\/logo\/image\/","url":"https:\/\/welaikaadv.site\/avviso\/wp-content\/uploads\/2024\/08\/logoAPsito-400.png","contentUrl":"https:\/\/welaikaadv.site\/avviso\/wp-content\/uploads\/2024\/08\/logoAPsito-400.png","width":400,"height":97,"caption":"Staging Avviso Pubblico"},"image":{"@id":"https:\/\/welaikaadv.site\/avviso\/#\/schema\/logo\/image\/"}}]}},"_links":{"self":[{"href":"https:\/\/welaikaadv.site\/avviso\/wp-json\/wp\/v2\/pages\/23495","targetHints":{"allow":["GET"]}}],"collection":[{"href":"https:\/\/welaikaadv.site\/avviso\/wp-json\/wp\/v2\/pages"}],"about":[{"href":"https:\/\/welaikaadv.site\/avviso\/wp-json\/wp\/v2\/types\/page"}],"author":[{"embeddable":true,"href":"https:\/\/welaikaadv.site\/avviso\/wp-json\/wp\/v2\/users\/1"}],"replies":[{"embeddable":true,"href":"https:\/\/welaikaadv.site\/avviso\/wp-json\/wp\/v2\/comments?post=23495"}],"version-history":[{"count":0,"href":"https:\/\/welaikaadv.site\/avviso\/wp-json\/wp\/v2\/pages\/23495\/revisions"}],"up":[{"embeddable":true,"href":"https:\/\/welaikaadv.site\/avviso\/wp-json\/wp\/v2\/pages\/23482"}],"wp:attachment":[{"href":"https:\/\/welaikaadv.site\/avviso\/wp-json\/wp\/v2\/media?parent=23495"}],"curies":[{"name":"wp","href":"https:\/\/api.w.org\/{rel}","templated":true}]}}