{"id":23499,"date":"2016-04-12T09:27:39","date_gmt":"2016-04-12T07:27:39","guid":{"rendered":"http:\/\/www.avvisopubblico.it\/osservatorio\/?page_id=5179"},"modified":"2016-04-12T09:27:39","modified_gmt":"2016-04-12T07:27:39","slug":"commissione-antimafia-audizione-sugli-interessi-delle-mafie-nel-settore-dei-giochi","status":"publish","type":"page","link":"https:\/\/welaikaadv.site\/avviso\/home\/cosa-facciamo\/informare\/osservatorio-parlamentare\/attivita-dinchiesta\/attivita-dinchiesta-xvii\/commissione-bicamerale-antimafia\/commissione-antimafia-audizione-sugli-interessi-delle-mafie-nel-settore-dei-giochi\/","title":{"rendered":"Commissione antimafia: audizione sugli interessi delle mafie nel settore dei giochi"},"content":{"rendered":"<p><strong>Premessa<\/strong>. La Commissione di inchiesta, nel quadro degli approfondimenti gi\u00e0 avviati sul gioco lecito e illecito in Italia dall\u2019apposito Comitato, ha ascoltato il <a href=\"http:\/\/www.camera.it\/leg17\/1058?idLegislatura=17&amp;tipologia=audiz2&amp;sottotipologia=audizione&amp;anno=2016&amp;mese=04&amp;giorno=05&amp;idCommissione=24&amp;numero=0148&amp;file=indice_stenografico\"><strong>5 aprile 2016<\/strong><\/a> i rappresentanti dell&#8217;Agenzia delle dogane e dei monopoli per approfondire il fenomeno delle infiltrazioni della criminalit\u00e0 organizzata nel settore dei giochi pubblici. Qui di seguito sono sintetizzati gli aspetti principali emersi nel corso dell\u2019audizione, che \u00e8 stata in parte segretata.<\/p>\n<p><strong>Le dimensioni del settore<\/strong>. Attualmente l\u2019ammontare della raccolta \u00e8 stabilizzato in circa 88 miliardi di euro annui, con una crescita notevole rispetto agli anni precedenti al 2010, dovuta in parte alla emersione del gioco illegale e al segmento del gioco <em>on line <\/em>(prima non contabilizzato), mentre la spesa effettiva (cio\u00e8 la raccolta meno le vincite distribuite) \u00e8 sostanzialmente costante intorno ai 18 miliardi annui, di cui circa la met\u00e0 ritorna all&#8217;erario sotto forma di imposte dirette sul gioco, recentemente rialzate.<\/p>\n<p><strong>Le infiltrazioni della criminalit\u00e0 organizzata ed il rafforzamento dei controlli<\/strong>. Le indagini della magistratura confermano il forte coinvolgimento della criminalit\u00e0 organizzata nell&#8217;esercizio diretto del gioco al di fuori del circuito legale. Le societ\u00e0 concessionarie sono state solo lambite da tali indagini, a conferma della bont\u00e0 del sistema di verifiche previsto dal codice antimafia e dalla normativa in materia, che \u00e8 particolarmente rigoroso in questo settore; d\u2019altra parte, gli altri pezzi della filiera non sono invece immuni da forme di penetrazione e controllo dei gruppi criminali: pertanto andrebbero estese anche ai gestori le misure previste per i concessionari ed individuate ulteriori misure di controllo dei capitali in modo da contrastare le infiltrazioni della criminalit\u00e0, che utilizza il gioco anche come modalit\u00e0 di riciclaggio: le aree potenzialmente pi\u00f9 esposte riguardano i settori delle VLT, delle scommesse (I controlli effettuati, d\u2019intesa tra le diverse amministrazioni interessate, hanno dato luogo ad un elevato numero di sanzioni in questo comparto) e del bingo: l\u2019Agenzia ha allo studio l\u2019impiego di nuove tecnologie volte in particolare ad evidenziare le immissioni anomale di denaro a fronte di vincite in ipotesi irrisorie, segnale di un possibile scopo di riciclaggio di denaro. Una particolare attenzione dovr\u00e0 essere posta anche nel processo di sostituzione progressiva delle apparecchiature AWP con macchine da controllo remoto, prevista dalla normativa al fine di ridurre ulteriormente le possibilit\u00e0 di frode: in tale contesto si dovr\u00e0 disciplinare attentamente la procedura, soprattutto per evitare una libera circolazione le schede degli apparecchi rottamati.<\/p>\n<p>La discussione si \u00e8 sviluppata sulle forme per continuare il processo di legalizzazione del settore, da perseguire anche attraverso un rafforzamento del sistema delle sanzioni penali ed una maggiore responsabilizzazione dei concessionari.<\/p>\n","protected":false},"excerpt":{"rendered":"<p>Premessa. La Commissione di inchiesta, nel quadro degli approfondimenti gi\u00e0 avviati sul gioco lecito e illecito in Italia dall\u2019apposito Comitato, ha ascoltato il 5 aprile&nbsp;<span class=\"hellipsis\">[&hellip;]<\/span><a class=\"more-link\" href=\"https:\/\/welaikaadv.site\/avviso\/home\/cosa-facciamo\/informare\/osservatorio-parlamentare\/attivita-dinchiesta\/attivita-dinchiesta-xvii\/commissione-bicamerale-antimafia\/commissione-antimafia-audizione-sugli-interessi-delle-mafie-nel-settore-dei-giochi\/\">Leggi tutto <span class=\"screen-reader-text\">Commissione antimafia: audizione sugli interessi delle mafie nel settore dei giochi<\/span> <span class=\"meta-nav\" aria-hidden=\"true\">&rarr;<\/span><\/a><\/p>\n","protected":false},"author":1,"featured_media":0,"parent":2662,"menu_order":0,"comment_status":"closed","ping_status":"closed","template":"","meta":{"_acf_changed":false,"_exactmetrics_skip_tracking":false,"_exactmetrics_sitenote_active":false,"_exactmetrics_sitenote_note":"","_exactmetrics_sitenote_category":0,"wp_social_preview_title":"","wp_social_preview_description":"","wp_social_preview_image":0,"footnotes":""},"class_list":["post-23499","page","type-page","status-publish","hentry"],"acf":[],"yoast_head":"<!-- This site is optimized with the Yoast SEO plugin v27.2 - https:\/\/yoast.com\/product\/yoast-seo-wordpress\/ -->\n<title>Commissione antimafia: audizione sugli interessi delle mafie nel settore dei giochi - Staging Avviso Pubblico<\/title>\n<meta name=\"robots\" content=\"noindex, follow, max-snippet:-1, max-image-preview:large, max-video-preview:-1\" \/>\n<meta property=\"og:locale\" content=\"it_IT\" \/>\n<meta property=\"og:type\" content=\"article\" \/>\n<meta property=\"og:title\" content=\"Commissione antimafia: audizione sugli interessi delle mafie nel settore dei giochi - Staging Avviso Pubblico\" \/>\n<meta property=\"og:description\" content=\"Premessa. La Commissione di inchiesta, nel quadro degli approfondimenti gi\u00e0 avviati sul gioco lecito e illecito in Italia dall\u2019apposito Comitato, ha ascoltato il 5 aprile&nbsp;[&hellip;]Leggi tutto Commissione antimafia: audizione sugli interessi delle mafie nel settore dei giochi &rarr;\" \/>\n<meta property=\"og:url\" content=\"https:\/\/welaikaadv.site\/avviso\/home\/cosa-facciamo\/informare\/osservatorio-parlamentare\/attivita-dinchiesta\/attivita-dinchiesta-xvii\/commissione-bicamerale-antimafia\/commissione-antimafia-audizione-sugli-interessi-delle-mafie-nel-settore-dei-giochi\/\" \/>\n<meta property=\"og:site_name\" content=\"Staging Avviso Pubblico\" \/>\n<meta name=\"twitter:card\" content=\"summary_large_image\" \/>\n<meta name=\"twitter:label1\" content=\"Tempo di lettura stimato\" \/>\n\t<meta name=\"twitter:data1\" content=\"2 minuti\" \/>\n<script type=\"application\/ld+json\" class=\"yoast-schema-graph\">{\"@context\":\"https:\/\/schema.org\",\"@graph\":[{\"@type\":\"WebPage\",\"@id\":\"https:\/\/welaikaadv.site\/avviso\/home\/cosa-facciamo\/informare\/osservatorio-parlamentare\/attivita-dinchiesta\/attivita-dinchiesta-xvii\/commissione-bicamerale-antimafia\/commissione-antimafia-audizione-sugli-interessi-delle-mafie-nel-settore-dei-giochi\/\",\"url\":\"https:\/\/welaikaadv.site\/avviso\/home\/cosa-facciamo\/informare\/osservatorio-parlamentare\/attivita-dinchiesta\/attivita-dinchiesta-xvii\/commissione-bicamerale-antimafia\/commissione-antimafia-audizione-sugli-interessi-delle-mafie-nel-settore-dei-giochi\/\",\"name\":\"Commissione antimafia: audizione sugli interessi delle mafie nel settore dei giochi - Staging Avviso Pubblico\",\"isPartOf\":{\"@id\":\"https:\/\/welaikaadv.site\/avviso\/#website\"},\"datePublished\":\"2016-04-12T07:27:39+00:00\",\"breadcrumb\":{\"@id\":\"https:\/\/welaikaadv.site\/avviso\/home\/cosa-facciamo\/informare\/osservatorio-parlamentare\/attivita-dinchiesta\/attivita-dinchiesta-xvii\/commissione-bicamerale-antimafia\/commissione-antimafia-audizione-sugli-interessi-delle-mafie-nel-settore-dei-giochi\/#breadcrumb\"},\"inLanguage\":\"it-IT\",\"potentialAction\":[{\"@type\":\"ReadAction\",\"target\":[\"https:\/\/welaikaadv.site\/avviso\/home\/cosa-facciamo\/informare\/osservatorio-parlamentare\/attivita-dinchiesta\/attivita-dinchiesta-xvii\/commissione-bicamerale-antimafia\/commissione-antimafia-audizione-sugli-interessi-delle-mafie-nel-settore-dei-giochi\/\"]}]},{\"@type\":\"BreadcrumbList\",\"@id\":\"https:\/\/welaikaadv.site\/avviso\/home\/cosa-facciamo\/informare\/osservatorio-parlamentare\/attivita-dinchiesta\/attivita-dinchiesta-xvii\/commissione-bicamerale-antimafia\/commissione-antimafia-audizione-sugli-interessi-delle-mafie-nel-settore-dei-giochi\/#breadcrumb\",\"itemListElement\":[{\"@type\":\"ListItem\",\"position\":1,\"name\":\"Home\",\"item\":\"https:\/\/welaikaadv.site\/avviso\/\"},{\"@type\":\"ListItem\",\"position\":2,\"name\":\"Commissione antimafia: audizione sugli interessi delle mafie nel settore dei giochi\"}]},{\"@type\":\"WebSite\",\"@id\":\"https:\/\/welaikaadv.site\/avviso\/#website\",\"url\":\"https:\/\/welaikaadv.site\/avviso\/\",\"name\":\"Staging Avviso Pubblico\",\"description\":\"\",\"publisher\":{\"@id\":\"https:\/\/welaikaadv.site\/avviso\/#organization\"},\"potentialAction\":[{\"@type\":\"SearchAction\",\"target\":{\"@type\":\"EntryPoint\",\"urlTemplate\":\"https:\/\/welaikaadv.site\/avviso\/?s={search_term_string}\"},\"query-input\":{\"@type\":\"PropertyValueSpecification\",\"valueRequired\":true,\"valueName\":\"search_term_string\"}}],\"inLanguage\":\"it-IT\"},{\"@type\":\"Organization\",\"@id\":\"https:\/\/welaikaadv.site\/avviso\/#organization\",\"name\":\"Staging Avviso Pubblico\",\"url\":\"https:\/\/welaikaadv.site\/avviso\/\",\"logo\":{\"@type\":\"ImageObject\",\"inLanguage\":\"it-IT\",\"@id\":\"https:\/\/welaikaadv.site\/avviso\/#\/schema\/logo\/image\/\",\"url\":\"https:\/\/welaikaadv.site\/avviso\/wp-content\/uploads\/2024\/08\/logoAPsito-400.png\",\"contentUrl\":\"https:\/\/welaikaadv.site\/avviso\/wp-content\/uploads\/2024\/08\/logoAPsito-400.png\",\"width\":400,\"height\":97,\"caption\":\"Staging Avviso Pubblico\"},\"image\":{\"@id\":\"https:\/\/welaikaadv.site\/avviso\/#\/schema\/logo\/image\/\"}}]}<\/script>\n<!-- \/ Yoast SEO plugin. -->","yoast_head_json":{"title":"Commissione antimafia: audizione sugli interessi delle mafie nel settore dei giochi - Staging Avviso Pubblico","robots":{"index":"noindex","follow":"follow","max-snippet":"max-snippet:-1","max-image-preview":"max-image-preview:large","max-video-preview":"max-video-preview:-1"},"og_locale":"it_IT","og_type":"article","og_title":"Commissione antimafia: audizione sugli interessi delle mafie nel settore dei giochi - Staging Avviso Pubblico","og_description":"Premessa. La Commissione di inchiesta, nel quadro degli approfondimenti gi\u00e0 avviati sul gioco lecito e illecito in Italia dall\u2019apposito Comitato, ha ascoltato il 5 aprile&nbsp;[&hellip;]Leggi tutto Commissione antimafia: audizione sugli interessi delle mafie nel settore dei giochi &rarr;","og_url":"https:\/\/welaikaadv.site\/avviso\/home\/cosa-facciamo\/informare\/osservatorio-parlamentare\/attivita-dinchiesta\/attivita-dinchiesta-xvii\/commissione-bicamerale-antimafia\/commissione-antimafia-audizione-sugli-interessi-delle-mafie-nel-settore-dei-giochi\/","og_site_name":"Staging Avviso Pubblico","twitter_card":"summary_large_image","twitter_misc":{"Tempo di lettura stimato":"2 minuti"},"schema":{"@context":"https:\/\/schema.org","@graph":[{"@type":"WebPage","@id":"https:\/\/welaikaadv.site\/avviso\/home\/cosa-facciamo\/informare\/osservatorio-parlamentare\/attivita-dinchiesta\/attivita-dinchiesta-xvii\/commissione-bicamerale-antimafia\/commissione-antimafia-audizione-sugli-interessi-delle-mafie-nel-settore-dei-giochi\/","url":"https:\/\/welaikaadv.site\/avviso\/home\/cosa-facciamo\/informare\/osservatorio-parlamentare\/attivita-dinchiesta\/attivita-dinchiesta-xvii\/commissione-bicamerale-antimafia\/commissione-antimafia-audizione-sugli-interessi-delle-mafie-nel-settore-dei-giochi\/","name":"Commissione antimafia: audizione sugli interessi delle mafie nel settore dei giochi - Staging Avviso Pubblico","isPartOf":{"@id":"https:\/\/welaikaadv.site\/avviso\/#website"},"datePublished":"2016-04-12T07:27:39+00:00","breadcrumb":{"@id":"https:\/\/welaikaadv.site\/avviso\/home\/cosa-facciamo\/informare\/osservatorio-parlamentare\/attivita-dinchiesta\/attivita-dinchiesta-xvii\/commissione-bicamerale-antimafia\/commissione-antimafia-audizione-sugli-interessi-delle-mafie-nel-settore-dei-giochi\/#breadcrumb"},"inLanguage":"it-IT","potentialAction":[{"@type":"ReadAction","target":["https:\/\/welaikaadv.site\/avviso\/home\/cosa-facciamo\/informare\/osservatorio-parlamentare\/attivita-dinchiesta\/attivita-dinchiesta-xvii\/commissione-bicamerale-antimafia\/commissione-antimafia-audizione-sugli-interessi-delle-mafie-nel-settore-dei-giochi\/"]}]},{"@type":"BreadcrumbList","@id":"https:\/\/welaikaadv.site\/avviso\/home\/cosa-facciamo\/informare\/osservatorio-parlamentare\/attivita-dinchiesta\/attivita-dinchiesta-xvii\/commissione-bicamerale-antimafia\/commissione-antimafia-audizione-sugli-interessi-delle-mafie-nel-settore-dei-giochi\/#breadcrumb","itemListElement":[{"@type":"ListItem","position":1,"name":"Home","item":"https:\/\/welaikaadv.site\/avviso\/"},{"@type":"ListItem","position":2,"name":"Commissione antimafia: audizione sugli interessi delle mafie nel settore dei giochi"}]},{"@type":"WebSite","@id":"https:\/\/welaikaadv.site\/avviso\/#website","url":"https:\/\/welaikaadv.site\/avviso\/","name":"Staging Avviso Pubblico","description":"","publisher":{"@id":"https:\/\/welaikaadv.site\/avviso\/#organization"},"potentialAction":[{"@type":"SearchAction","target":{"@type":"EntryPoint","urlTemplate":"https:\/\/welaikaadv.site\/avviso\/?s={search_term_string}"},"query-input":{"@type":"PropertyValueSpecification","valueRequired":true,"valueName":"search_term_string"}}],"inLanguage":"it-IT"},{"@type":"Organization","@id":"https:\/\/welaikaadv.site\/avviso\/#organization","name":"Staging Avviso Pubblico","url":"https:\/\/welaikaadv.site\/avviso\/","logo":{"@type":"ImageObject","inLanguage":"it-IT","@id":"https:\/\/welaikaadv.site\/avviso\/#\/schema\/logo\/image\/","url":"https:\/\/welaikaadv.site\/avviso\/wp-content\/uploads\/2024\/08\/logoAPsito-400.png","contentUrl":"https:\/\/welaikaadv.site\/avviso\/wp-content\/uploads\/2024\/08\/logoAPsito-400.png","width":400,"height":97,"caption":"Staging Avviso Pubblico"},"image":{"@id":"https:\/\/welaikaadv.site\/avviso\/#\/schema\/logo\/image\/"}}]}},"_links":{"self":[{"href":"https:\/\/welaikaadv.site\/avviso\/wp-json\/wp\/v2\/pages\/23499","targetHints":{"allow":["GET"]}}],"collection":[{"href":"https:\/\/welaikaadv.site\/avviso\/wp-json\/wp\/v2\/pages"}],"about":[{"href":"https:\/\/welaikaadv.site\/avviso\/wp-json\/wp\/v2\/types\/page"}],"author":[{"embeddable":true,"href":"https:\/\/welaikaadv.site\/avviso\/wp-json\/wp\/v2\/users\/1"}],"replies":[{"embeddable":true,"href":"https:\/\/welaikaadv.site\/avviso\/wp-json\/wp\/v2\/comments?post=23499"}],"version-history":[{"count":0,"href":"https:\/\/welaikaadv.site\/avviso\/wp-json\/wp\/v2\/pages\/23499\/revisions"}],"up":[{"embeddable":true,"href":"https:\/\/welaikaadv.site\/avviso\/wp-json\/wp\/v2\/pages\/2662"}],"wp:attachment":[{"href":"https:\/\/welaikaadv.site\/avviso\/wp-json\/wp\/v2\/media?parent=23499"}],"curies":[{"name":"wp","href":"https:\/\/api.w.org\/{rel}","templated":true}]}}