{"id":23501,"date":"2016-09-08T11:27:47","date_gmt":"2016-09-08T09:27:47","guid":{"rendered":"http:\/\/www.avvisopubblico.it\/osservatorio\/?page_id=2949"},"modified":"2016-09-08T11:27:47","modified_gmt":"2016-09-08T09:27:47","slug":"commissione-antimafia-relazione-sul-sistema-di-protezione-dei-testimoni-di-giustizia","status":"publish","type":"page","link":"https:\/\/welaikaadv.site\/avviso\/home\/cosa-facciamo\/informare\/osservatorio-parlamentare\/attivita-dinchiesta\/attivita-dinchiesta-xvii\/commissione-bicamerale-antimafia\/commissione-antimafia-relazione-sul-sistema-di-protezione-dei-testimoni-di-giustizia\/","title":{"rendered":"Commissione antimafia: relazione sul sistema di protezione dei testimoni di giustizia"},"content":{"rendered":"<h5><strong>Premessa<\/strong><\/h5>\n<p>La <strong><a title=\"Commissione bicamerale sul fenomeno delle mafie e sulle altre associazioni criminali\" href=\"http:\/\/www.camera.it\/leg17\/436?shadow_organo_parlamentare=2328\" target=\"_blank\" rel=\"noopener\">Commissione bicamerale sul fenomeno delle mafie e sulle altre associazioni criminali<\/a><\/strong>, al termine di numerose audizioni \u2013 svolte sia in commissione plenaria che nell\u2019ambito del V Comitato \u2013 ed un\u2019attenta analisi della documentazione in materia, ha approvato il 21 ottobre 2014 una relazione sulla revisione del sistema di protezione dei testimoni di giustizia, che trova la sua disciplina fondamentale nel decreto legge n. 8 del 1991, cos\u00ec come modificato nel corso degli anni.<\/p>\n<p>Qui di seguito \u00e8 riportata una sintesi del documento conclusivo (<strong><a title=\"Doc XXIII, n. 4\" href=\"http:\/\/www.camera.it\/leg17\/491?idLegislatura=17&amp;categoria=023&amp;tipologiaDoc=documento&amp;numero=004&amp;doc=intero\" target=\"_blank\" rel=\"noopener\">Doc XXIII, n. 4<\/a><\/strong>).<\/p>\n<hr \/>\n<h5><strong>Il quadro di riferimento normativo<\/strong><\/h5>\n<p>Con il <strong><a title=\"decreto legge n. 8 del 1991\" href=\"http:\/\/www.normattiva.it\/uri-res\/N2Ls?urn:nir:stato:decreto.legge:1991;8\" target=\"_blank\" rel=\"noopener\">decreto legge n. 8 del 1991<\/a><\/strong> \u00e8 stata introdotto nel nostro ordinamento un sistema \u201cpremiale\u201d per i \u201ccollaboratori di giustizia\u201d per i delitti di stampo mafioso, in analogia con la disciplina adottata in precedenza per i reati di terrorismo. Nel 2001 le misure a favore dei \u201cpentiti\u201d sono state sostanzialmente estese ai \u201ctestimoni di giustizia\u201d (vedi in particolare gli articoli 13, 16 <em>bis<\/em> e 18 <em>ter<\/em>). I testimoni sono identificati come coloro che coloro che \u201c<em>assumono rispetto al fatto o ai fatti delittuosi in ordine ai quali rendono le dichiarazioni esclusivamente la qualit\u00e0 di persona offesa dal reato, ovvero di persona informata sui fatti o di testimone<\/em>\u201d a condizione che non siano oggetto di misure di prevenzione.<\/p>\n<p><em>L\u2019esperienza concreta<\/em>. Dalla documentazione acquista dalla Commissione emerge che I testimoni di giustizia sono attualmente 80 (oltre a 267 i familiari), mentre i collaboratori ammontano a 1144 (4617 familiari). La Commissione sottolinea la necessit\u00e0 di una revisione complessiva del sistema che, nonostante gli aggiustamenti apportati con i regolamenti di attuazione e l\u2019impegno profuso sia in termini di personale che di risorse finanziarie, ha finito per determinare anche un notevole malcontento da parte degli stessi testimoni, evidenziato anche dal contenzioso amministrativo. Tra i limiti evidenziati nei primi 10 anni di attuazione si sottolineano in particolare il massiccio ricorso ai programmi di protezione in localit\u00e0 protette, in situazioni spesso degradate e di completo isolamento dalla realt\u00e0 sociale, l\u2019insufficienza delle risorse economiche per assicurare il pregresso tenore di vita ai testimoni e alle loro famiglie, la disparit\u00e0 di trattamento economico tra testimoni di giustizia, l\u2019eccesiva farraginosit\u00e0 e rigidit\u00e0 delle procedure.<\/p>\n<p><em>Le proposte della Commissione<\/em>. In base alla legge il testimone di giustizia dovrebbe configurarsi come \u201cterzo\u201d o \u201cvittima\u201d rispetto al delitto su cui riferisce; l\u2019esperienza concreta evidenzia per\u00f2 che nella gran parte dei casi il testimone, con il suo apporto, mette in crisi il modello mafioso e, di conseguenza, si trova in una situazione di grave pericolo. E\u2019 molto frequente l\u2019ipotesi di un imprenditore che aveva in precedenza instaurato rapporti con l\u2019associazione mafiosa, al fine di ricavarne un vantaggio (protezione dei cantieri, aiuto presso la pubblica amministrazione o le banche, accaparramento di commesse di lavoro etc); ed analoga \u00e8 la situazione delle persone legate da rapporti di parentela con soggetti mafiosi: proprio l\u2019esistenza di rapporti consolidati pu\u00f2 consentire al testimone di rivelare aspetti molto circostanziati sulla struttura dell\u2019organizzazione criminale e sugli illeciti accaduti. Secondo la Commissione, a queste figure, definite <em>border line<\/em>, non pu\u00f2 essere negato lo status di testimone di giustizia &#8211; come avviene invece nell\u2019esperienza concreta: e ci\u00f2 pu\u00f2 avvenire attraverso una pi\u00f9 puntuale definizione dei requisiti soggettivi ed oggettivi.<\/p>\n<p>La relazione sottolinea l\u2019esigenza di arrivare ad una normativa ad hoc per i testimoni di giustizia, proprio per rimarcare la netta differenza del loro status rispetto a quello dei collaboratori e garantire la loro sicurezza e l\u2019assenza di danni economici e lavorativi, anche al fine di incoraggiare sempre pi\u00f9 cittadini alla denuncia. In particolare sono sottolineati i seguenti profili:<\/p>\n<p>&#8211; \u00e8 necessario garantire una puntuale informazione dei diritti e doveri connessi con l\u2019assunzione dello status di testimone, da realizzare sia attraverso campagne di informazione generale e preventiva sia nella fase in cui si avvia il processo di testimonianza che nel periodo successivo: si propone l\u2019istituzione di un \u201ccomitato multidisciplinare di assistenza\u201d, formato da esperti, che si faccia carico delle problematiche connesse alla testimonianza e che collabori con gli apparati amministrativi per quanto riguarda il puntuale rispetto dei diritti dei testimoni, l\u2019individuazione delle misure pi\u00f9 adatte al caso concreto, al riavvio dell\u2019attivit\u00e0 economica ed al reinserimento lavorativo;<\/p>\n<p>&#8211; per i testimoni di giustizia occorre privilegiare (salvo casi di eccezionale pericolo) l\u2019applicazione delle misure nella localit\u00e0 di origine, in luogo del programma speciale in localit\u00e0 protetta (soltanto 17 testimoni di giustizia su 80 beneficiano attualmente delle speciali misure di protezione in localit\u00e0 di origine; e la stessa sorte la hanno anche i familiari): chi rimane nel luogo di origine \u00e8 infatti soggetto quasi inevitabilmente a danni economici rilevanti (perdita di commesse, riduzione della clientela, interruzione di rapporti di fornitura etc) rispetto ai quali i benefici economici previsti dalla normativa vigente non sono una forma di compensazione adeguata: per queste ragioni (ed anche per evitare la \u201cgogna\u201d dell\u2019ambiente), in molti casi sono gli stessi testimoni a scegliere il programma di protezione in localit\u00e0 protetta. Perci\u00f2 appare opportuno individuare nuove modalit\u00e0 di sostegno ed agevolazione per gli imprenditori che decidano di rimanere nella localit\u00e0 di origine (periodi di tassazione ridotta o sospesa, convenzioni con enti pubblici e privati per forniture di beni e servizi, forme di assistenza etc): in tal modo potrebbero anche avere il sostegno delle strutture associative che operano nel territorio. E si deve favorire l\u2019occupazione presso le amministrazioni pubbliche ed associazioni di volontariato dei testimoni che incontrino difficolt\u00e0 nel reinserimento lavorativo e sociale.<\/p>\n<hr \/>\n<h5><strong>Il dibattito in Aula\u00a0<\/strong><\/h5>\n<p>Si segnala che il Senato, nelle sedute del 29 ottobre 2014 (clicca <a href=\"http:\/\/www.senato.it\/japp\/bgt\/showdoc\/frame.jsp?tipodoc=Resaula&amp;leg=17&amp;id=807479\">qui<\/a> e <a href=\"http:\/\/www.senato.it\/japp\/bgt\/showdoc\/frame.jsp?tipodoc=Resaula&amp;leg=17&amp;id=807511\">qua<\/a>), ha discusso questa Relazione congiuntamente ad altre due Relazioni approvate dalla Commissione antimafia (quella sul codice di autoregolamentazione e quella sul semestre italiano di presidenza UE), approvando una risoluzione sottoscritta da esponenti di tutti i gruppi parlamentari (<em>allegato 1<\/em>).\u00a0L\u2019Assemblea della Camera ha discusso la relazione il <strong><a href=\"http:\/\/www.camera.it\/leg17\/410?idSeduta=0412&amp;tipo=stenografico#sed0412.stenografico.tit00030\">21 aprile 2015<\/a><\/strong> ed il <strong><a href=\"http:\/\/www.camera.it\/leg17\/410?idSeduta=0413&amp;tipo=stenografico#sed0413.stenografico.tit00160\">22 aprile 2015<\/a><\/strong>, approvando all\u2019unanimit\u00e0 \u00a0una risoluzione condivisa anche dal Governo (<em>riportata in allegato 2<\/em>).<\/p>\n<hr \/>\n<p><strong>La discussione parlamentare sulla proposta di legge Bindi<\/strong>.<\/p>\n<p>La Commissione Giustizia della Camera ha avviato il <a href=\"http:\/\/www.camera.it\/leg17\/824?tipo=C&amp;anno=2016&amp;mese=09&amp;giorno=07&amp;view=&amp;commissione=02&amp;pagina=#data.20160907.com02.bollettino.sede00020.tit00010\"><strong>7 settembre 2016<\/strong><\/a> l\u2019esame dell\u2019 <a href=\"http:\/\/www.camera.it\/leg17\/126?tab=&amp;leg=17&amp;idDocumento=3500&amp;sede=&amp;tipo=\"><strong>AC 3500<\/strong><\/a>, che recepisce gran parte delle indicazioni contenute nella relazione della Commissione antimafia, deliberando altres\u00ec di procedere ad una breve ciclo di audizioni (sulle quali leggi questa <strong><a href=\"\/home\/home\/cosa-facciamo\/informare\/osservatorio-parlamentare\/attivita-legislativa\/progetti-di-legge-in-discussione\/testimoni-di-giustizia-sintesi-delle-audizioni-della-commissione-giustizia-della-camera\/\">scheda<\/a><\/strong>). Su contenuti ed iter parlamentare della proposta di legge leggi questa <strong><a href=\"\/home\/home\/cosa-facciamo\/informare\/osservatorio-parlamentare\/attivita-legislativa\/progetti-di-legge-in-discussione\/disposizioni-per-la-protezione-dei-testimoni-di-giustizia-ac-3500-scheda-di-sintesi\/\">scheda<\/a><\/strong>.<\/p>\n<hr \/>\n<p><strong>Allegato 1.\u00a0<\/strong><strong>Testo della risoluzione approvata dal Senato 6-00076 n. 2 \u00a0<\/strong>(ZANDA, Paolo ROMANI, MOLINARI, GIOVANARDI, CENTINAIO, DE PETRIS, LANIECE, SUSTA, DI BIAGIO)<\/p>\n<p>Il Senato,<\/p>\n<p>esaminata la Relazione della Commissione parlamentare di inchiesta sul fenomeno delle mafie e sulle altre associazioni criminali, anche straniere, sul sistema di protezione dei testimoni di giustizia, approvata nella seduta del 21 ottobre 2014 (Doc. XXIII, n. 4),\u00a0fa propria la Relazione della Commissione sul fenomeno delle mafie e sulle altre associazioni criminali, anche straniere, sul sistema di protezione dei testimoni di giustizia ed impegna il Governo, per quanto di propria competenza, ad intraprendere ogni iniziativa utile al fine di risolvere le questioni e i problemi evidenziati nella citata Relazione.<\/p>\n<p>&nbsp;<\/p>\n<p><strong>Allegato 2: testo della risoluzione approvata dalla Camera 6-00124 <\/strong>(Bindi, Mattiello, D&#8217;Uva, Naccarato, Sarti, Garavini, Di Lello, Scopelliti, Dorina Bianchi, Fava, Piepoli)<\/p>\n<p>La Camera,<\/p>\n<p>esaminata la Relazione della Commissione parlamentare di inchiesta sul fenomeno delle mafie e sulle altre associazioni criminali, anche straniere, sul sistema di protezione dei testimoni di giustizia, approvata all&#8217;unanimit\u00e0 nella seduta del 21 ottobre 2014 (Doc. XXIII, n.\u20024),<\/p>\n<p>premesso che:<\/p>\n<p>il decreto-legge 15 gennaio 1991, n.\u20028, convertito, con modificazioni, dalla legge 15 marzo 1991, n.\u200282, ha introdotto nell&#8217;ordinamento giuridico italiano una normativa sul sistema di protezione dei collaboratori di giustizia;<\/p>\n<p>la legge 13 febbraio 2001, n.\u200245 ha colmato il vuoto normativo in materia di testimoni di giustizia inserendo due disposizioni legislative (articoli 16-bis e 16-ter) nel testo del decreto legge citato;<\/p>\n<p>i testimoni di giustizia non possono e non devono essere accomunati ai collaboratori di giustizia, non solo dal punto di vista normativo e gestionale, ma anche e soprattutto dal punto di vista etico e del riconoscimento sociale del loro ruolo;<\/p>\n<p>la legge 13 febbraio 2001, n.\u200245, ha avuto l&#8217;indubbio merito di riconoscere giuridicamente la figura del testimone di giustizia, cio\u00e8 colui che assume \u2013 rispetto al fatto o ai fatti delittuosi in ordine ai quali rende le dichiarazioni \u2013 esclusivamente la qualit\u00e0 di persona offesa dal reato, ovvero di persona informata sui fatti o di testimone, purch\u00e9 nei suoi confronti non sia stata disposta una misura di prevenzione, ovvero non sia in corso un procedimento di applicazione della stessa, ai sensi del decreto legislativo 6 settembre 2011, n.\u2002159, cosiddetto Codice delle leggi antimafia;<\/p>\n<p>l&#8217;accostamento delle due diverse figure nel medesimo testo legislativo ha, tuttavia, causato una contaminazione che ha di fatto impedito la creazione di un binario separato tra i modelli di gestione dei collaboratori e quelli dei testimoni;<\/p>\n<p>si ritiene indispensabile superare l&#8217;attuale sistema di gestione dei testimoni, evidentemente appiattito sul modello introdotto dal decreto-legge n.\u20028 del 1991 sui collaboratori di giustizia, attraverso l&#8217;approvazione di una nuova normativa ispirata ai principi riassunti nella citata Relazione e specificamente dedicata a un&#8217;organica disciplina del sistema di protezione dei testimoni di giustizia;<\/p>\n<p>in tal senso nella Commissione parlamentare di inchiesta sul fenomeno delle mafie e sulle altre associazioni criminali, anche straniere, \u00e8 emersa l&#8217;intenzione, unanimemente condivisa dai componenti della Commissione stessa, di promuovere e sostenere l&#8217;approvazione di un progetto di legge in materia;<\/p>\n<p>l&#8217;Assemblea del Senato nella seduta del 29 ottobre 2014 ha approvato la risoluzione (6 &#8211; 00076), n.\u20022 con la quale ha fatto propria la Relazione citata, impegnando il Governo, per quanto di propria competenza, ad intraprendere ogni iniziativa utile al fine di risolvere le questioni e i problemi evidenziati dalla Commissione;<\/p>\n<p>fa propria la Relazione della Commissione sul fenomeno delle mafie e sulle altre associazioni criminali, anche straniere, sul sistema di protezione dei testimoni di giustizia ed impegna il Governo, per quanto di propria competenza, ad intraprendere ogni iniziativa utile al fine di risolvere le questioni e i problemi evidenziati nella citata Relazione.<\/p>\n<p>(<em>ultimo aggiornamento 7 settembre 2015<\/em>)<\/p>\n","protected":false},"excerpt":{"rendered":"<p>Premessa La Commissione bicamerale sul fenomeno delle mafie e sulle altre associazioni criminali, al termine di numerose audizioni \u2013 svolte sia in commissione plenaria che&nbsp;<span class=\"hellipsis\">[&hellip;]<\/span><a class=\"more-link\" href=\"https:\/\/welaikaadv.site\/avviso\/home\/cosa-facciamo\/informare\/osservatorio-parlamentare\/attivita-dinchiesta\/attivita-dinchiesta-xvii\/commissione-bicamerale-antimafia\/commissione-antimafia-relazione-sul-sistema-di-protezione-dei-testimoni-di-giustizia\/\">Leggi tutto <span class=\"screen-reader-text\">Commissione antimafia: relazione sul sistema di protezione dei testimoni di giustizia<\/span> <span class=\"meta-nav\" aria-hidden=\"true\">&rarr;<\/span><\/a><\/p>\n","protected":false},"author":1,"featured_media":0,"parent":2662,"menu_order":0,"comment_status":"closed","ping_status":"closed","template":"","meta":{"_acf_changed":false,"_exactmetrics_skip_tracking":false,"_exactmetrics_sitenote_active":false,"_exactmetrics_sitenote_note":"","_exactmetrics_sitenote_category":0,"wp_social_preview_title":"","wp_social_preview_description":"","wp_social_preview_image":0,"footnotes":""},"class_list":["post-23501","page","type-page","status-publish","hentry"],"acf":[],"yoast_head":"<!-- This site is optimized with the Yoast SEO plugin v27.2 - https:\/\/yoast.com\/product\/yoast-seo-wordpress\/ -->\n<title>Commissione antimafia: relazione sul sistema di protezione dei testimoni di giustizia - Staging Avviso Pubblico<\/title>\n<meta name=\"robots\" content=\"noindex, follow, max-snippet:-1, max-image-preview:large, max-video-preview:-1\" \/>\n<meta property=\"og:locale\" content=\"it_IT\" \/>\n<meta property=\"og:type\" content=\"article\" \/>\n<meta property=\"og:title\" content=\"Commissione antimafia: relazione sul sistema di protezione dei testimoni di giustizia - Staging Avviso Pubblico\" \/>\n<meta property=\"og:description\" content=\"Premessa La Commissione bicamerale sul fenomeno delle mafie e sulle altre associazioni criminali, al termine di numerose audizioni \u2013 svolte sia in commissione plenaria che&nbsp;[&hellip;]Leggi tutto Commissione antimafia: relazione sul sistema di protezione dei testimoni di giustizia &rarr;\" \/>\n<meta property=\"og:url\" content=\"https:\/\/welaikaadv.site\/avviso\/home\/cosa-facciamo\/informare\/osservatorio-parlamentare\/attivita-dinchiesta\/attivita-dinchiesta-xvii\/commissione-bicamerale-antimafia\/commissione-antimafia-relazione-sul-sistema-di-protezione-dei-testimoni-di-giustizia\/\" \/>\n<meta property=\"og:site_name\" content=\"Staging Avviso Pubblico\" \/>\n<meta name=\"twitter:card\" content=\"summary_large_image\" \/>\n<meta name=\"twitter:label1\" content=\"Tempo di lettura stimato\" \/>\n\t<meta name=\"twitter:data1\" content=\"8 minuti\" \/>\n<script type=\"application\/ld+json\" class=\"yoast-schema-graph\">{\"@context\":\"https:\/\/schema.org\",\"@graph\":[{\"@type\":\"WebPage\",\"@id\":\"https:\/\/welaikaadv.site\/avviso\/home\/cosa-facciamo\/informare\/osservatorio-parlamentare\/attivita-dinchiesta\/attivita-dinchiesta-xvii\/commissione-bicamerale-antimafia\/commissione-antimafia-relazione-sul-sistema-di-protezione-dei-testimoni-di-giustizia\/\",\"url\":\"https:\/\/welaikaadv.site\/avviso\/home\/cosa-facciamo\/informare\/osservatorio-parlamentare\/attivita-dinchiesta\/attivita-dinchiesta-xvii\/commissione-bicamerale-antimafia\/commissione-antimafia-relazione-sul-sistema-di-protezione-dei-testimoni-di-giustizia\/\",\"name\":\"Commissione antimafia: relazione sul sistema di protezione dei testimoni di giustizia - Staging Avviso Pubblico\",\"isPartOf\":{\"@id\":\"https:\/\/welaikaadv.site\/avviso\/#website\"},\"datePublished\":\"2016-09-08T09:27:47+00:00\",\"breadcrumb\":{\"@id\":\"https:\/\/welaikaadv.site\/avviso\/home\/cosa-facciamo\/informare\/osservatorio-parlamentare\/attivita-dinchiesta\/attivita-dinchiesta-xvii\/commissione-bicamerale-antimafia\/commissione-antimafia-relazione-sul-sistema-di-protezione-dei-testimoni-di-giustizia\/#breadcrumb\"},\"inLanguage\":\"it-IT\",\"potentialAction\":[{\"@type\":\"ReadAction\",\"target\":[\"https:\/\/welaikaadv.site\/avviso\/home\/cosa-facciamo\/informare\/osservatorio-parlamentare\/attivita-dinchiesta\/attivita-dinchiesta-xvii\/commissione-bicamerale-antimafia\/commissione-antimafia-relazione-sul-sistema-di-protezione-dei-testimoni-di-giustizia\/\"]}]},{\"@type\":\"BreadcrumbList\",\"@id\":\"https:\/\/welaikaadv.site\/avviso\/home\/cosa-facciamo\/informare\/osservatorio-parlamentare\/attivita-dinchiesta\/attivita-dinchiesta-xvii\/commissione-bicamerale-antimafia\/commissione-antimafia-relazione-sul-sistema-di-protezione-dei-testimoni-di-giustizia\/#breadcrumb\",\"itemListElement\":[{\"@type\":\"ListItem\",\"position\":1,\"name\":\"Home\",\"item\":\"https:\/\/welaikaadv.site\/avviso\/\"},{\"@type\":\"ListItem\",\"position\":2,\"name\":\"Commissione antimafia: relazione sul sistema di protezione dei testimoni di giustizia\"}]},{\"@type\":\"WebSite\",\"@id\":\"https:\/\/welaikaadv.site\/avviso\/#website\",\"url\":\"https:\/\/welaikaadv.site\/avviso\/\",\"name\":\"Staging Avviso Pubblico\",\"description\":\"\",\"publisher\":{\"@id\":\"https:\/\/welaikaadv.site\/avviso\/#organization\"},\"potentialAction\":[{\"@type\":\"SearchAction\",\"target\":{\"@type\":\"EntryPoint\",\"urlTemplate\":\"https:\/\/welaikaadv.site\/avviso\/?s={search_term_string}\"},\"query-input\":{\"@type\":\"PropertyValueSpecification\",\"valueRequired\":true,\"valueName\":\"search_term_string\"}}],\"inLanguage\":\"it-IT\"},{\"@type\":\"Organization\",\"@id\":\"https:\/\/welaikaadv.site\/avviso\/#organization\",\"name\":\"Staging Avviso Pubblico\",\"url\":\"https:\/\/welaikaadv.site\/avviso\/\",\"logo\":{\"@type\":\"ImageObject\",\"inLanguage\":\"it-IT\",\"@id\":\"https:\/\/welaikaadv.site\/avviso\/#\/schema\/logo\/image\/\",\"url\":\"https:\/\/welaikaadv.site\/avviso\/wp-content\/uploads\/2024\/08\/logoAPsito-400.png\",\"contentUrl\":\"https:\/\/welaikaadv.site\/avviso\/wp-content\/uploads\/2024\/08\/logoAPsito-400.png\",\"width\":400,\"height\":97,\"caption\":\"Staging Avviso Pubblico\"},\"image\":{\"@id\":\"https:\/\/welaikaadv.site\/avviso\/#\/schema\/logo\/image\/\"}}]}<\/script>\n<!-- \/ Yoast SEO plugin. -->","yoast_head_json":{"title":"Commissione antimafia: relazione sul sistema di protezione dei testimoni di giustizia - Staging Avviso Pubblico","robots":{"index":"noindex","follow":"follow","max-snippet":"max-snippet:-1","max-image-preview":"max-image-preview:large","max-video-preview":"max-video-preview:-1"},"og_locale":"it_IT","og_type":"article","og_title":"Commissione antimafia: relazione sul sistema di protezione dei testimoni di giustizia - Staging Avviso Pubblico","og_description":"Premessa La Commissione bicamerale sul fenomeno delle mafie e sulle altre associazioni criminali, al termine di numerose audizioni \u2013 svolte sia in commissione plenaria che&nbsp;[&hellip;]Leggi tutto Commissione antimafia: relazione sul sistema di protezione dei testimoni di giustizia &rarr;","og_url":"https:\/\/welaikaadv.site\/avviso\/home\/cosa-facciamo\/informare\/osservatorio-parlamentare\/attivita-dinchiesta\/attivita-dinchiesta-xvii\/commissione-bicamerale-antimafia\/commissione-antimafia-relazione-sul-sistema-di-protezione-dei-testimoni-di-giustizia\/","og_site_name":"Staging Avviso Pubblico","twitter_card":"summary_large_image","twitter_misc":{"Tempo di lettura stimato":"8 minuti"},"schema":{"@context":"https:\/\/schema.org","@graph":[{"@type":"WebPage","@id":"https:\/\/welaikaadv.site\/avviso\/home\/cosa-facciamo\/informare\/osservatorio-parlamentare\/attivita-dinchiesta\/attivita-dinchiesta-xvii\/commissione-bicamerale-antimafia\/commissione-antimafia-relazione-sul-sistema-di-protezione-dei-testimoni-di-giustizia\/","url":"https:\/\/welaikaadv.site\/avviso\/home\/cosa-facciamo\/informare\/osservatorio-parlamentare\/attivita-dinchiesta\/attivita-dinchiesta-xvii\/commissione-bicamerale-antimafia\/commissione-antimafia-relazione-sul-sistema-di-protezione-dei-testimoni-di-giustizia\/","name":"Commissione antimafia: relazione sul sistema di protezione dei testimoni di giustizia - Staging Avviso Pubblico","isPartOf":{"@id":"https:\/\/welaikaadv.site\/avviso\/#website"},"datePublished":"2016-09-08T09:27:47+00:00","breadcrumb":{"@id":"https:\/\/welaikaadv.site\/avviso\/home\/cosa-facciamo\/informare\/osservatorio-parlamentare\/attivita-dinchiesta\/attivita-dinchiesta-xvii\/commissione-bicamerale-antimafia\/commissione-antimafia-relazione-sul-sistema-di-protezione-dei-testimoni-di-giustizia\/#breadcrumb"},"inLanguage":"it-IT","potentialAction":[{"@type":"ReadAction","target":["https:\/\/welaikaadv.site\/avviso\/home\/cosa-facciamo\/informare\/osservatorio-parlamentare\/attivita-dinchiesta\/attivita-dinchiesta-xvii\/commissione-bicamerale-antimafia\/commissione-antimafia-relazione-sul-sistema-di-protezione-dei-testimoni-di-giustizia\/"]}]},{"@type":"BreadcrumbList","@id":"https:\/\/welaikaadv.site\/avviso\/home\/cosa-facciamo\/informare\/osservatorio-parlamentare\/attivita-dinchiesta\/attivita-dinchiesta-xvii\/commissione-bicamerale-antimafia\/commissione-antimafia-relazione-sul-sistema-di-protezione-dei-testimoni-di-giustizia\/#breadcrumb","itemListElement":[{"@type":"ListItem","position":1,"name":"Home","item":"https:\/\/welaikaadv.site\/avviso\/"},{"@type":"ListItem","position":2,"name":"Commissione antimafia: relazione sul sistema di protezione dei testimoni di giustizia"}]},{"@type":"WebSite","@id":"https:\/\/welaikaadv.site\/avviso\/#website","url":"https:\/\/welaikaadv.site\/avviso\/","name":"Staging Avviso Pubblico","description":"","publisher":{"@id":"https:\/\/welaikaadv.site\/avviso\/#organization"},"potentialAction":[{"@type":"SearchAction","target":{"@type":"EntryPoint","urlTemplate":"https:\/\/welaikaadv.site\/avviso\/?s={search_term_string}"},"query-input":{"@type":"PropertyValueSpecification","valueRequired":true,"valueName":"search_term_string"}}],"inLanguage":"it-IT"},{"@type":"Organization","@id":"https:\/\/welaikaadv.site\/avviso\/#organization","name":"Staging Avviso Pubblico","url":"https:\/\/welaikaadv.site\/avviso\/","logo":{"@type":"ImageObject","inLanguage":"it-IT","@id":"https:\/\/welaikaadv.site\/avviso\/#\/schema\/logo\/image\/","url":"https:\/\/welaikaadv.site\/avviso\/wp-content\/uploads\/2024\/08\/logoAPsito-400.png","contentUrl":"https:\/\/welaikaadv.site\/avviso\/wp-content\/uploads\/2024\/08\/logoAPsito-400.png","width":400,"height":97,"caption":"Staging Avviso Pubblico"},"image":{"@id":"https:\/\/welaikaadv.site\/avviso\/#\/schema\/logo\/image\/"}}]}},"_links":{"self":[{"href":"https:\/\/welaikaadv.site\/avviso\/wp-json\/wp\/v2\/pages\/23501","targetHints":{"allow":["GET"]}}],"collection":[{"href":"https:\/\/welaikaadv.site\/avviso\/wp-json\/wp\/v2\/pages"}],"about":[{"href":"https:\/\/welaikaadv.site\/avviso\/wp-json\/wp\/v2\/types\/page"}],"author":[{"embeddable":true,"href":"https:\/\/welaikaadv.site\/avviso\/wp-json\/wp\/v2\/users\/1"}],"replies":[{"embeddable":true,"href":"https:\/\/welaikaadv.site\/avviso\/wp-json\/wp\/v2\/comments?post=23501"}],"version-history":[{"count":0,"href":"https:\/\/welaikaadv.site\/avviso\/wp-json\/wp\/v2\/pages\/23501\/revisions"}],"up":[{"embeddable":true,"href":"https:\/\/welaikaadv.site\/avviso\/wp-json\/wp\/v2\/pages\/2662"}],"wp:attachment":[{"href":"https:\/\/welaikaadv.site\/avviso\/wp-json\/wp\/v2\/media?parent=23501"}],"curies":[{"name":"wp","href":"https:\/\/api.w.org\/{rel}","templated":true}]}}