{"id":23505,"date":"2016-08-08T12:36:56","date_gmt":"2016-08-08T10:36:56","guid":{"rendered":"http:\/\/www.avvisopubblico.it\/osservatorio\/?page_id=4648"},"modified":"2016-08-08T12:36:56","modified_gmt":"2016-08-08T10:36:56","slug":"legge-n-208-del-28-dicembre-2015-legge-di-stabilita-per-il-2016","status":"publish","type":"page","link":"https:\/\/welaikaadv.site\/avviso\/home\/cosa-facciamo\/informare\/osservatorio-parlamentare\/attivita-legislativa\/legge-n-208-del-28-dicembre-2015-legge-di-stabilita-per-il-2016\/","title":{"rendered":"Legge n. 208 del 28 dicembre 2015 (legge di stabilit\u00e0 per il 2016)"},"content":{"rendered":"<p><strong>Premessa<\/strong>. Qui di seguito sono analizzate alcune specifiche misure contenute nella <a href=\"http:\/\/www.normattiva.it\/uri-res\/N2Ls?urn:nir:stato:legge:2015;208\"><strong>legge di stabilit\u00e0 per il 2016<\/strong><\/a> \u00a0con riferimento al sostegno delle aziende sequestrate alle mafie e alle nuove norme del settore dei giochi. Si d\u00e0 conto altres\u00ec delle borse di studio previste a favore anche delle vittime della criminalit\u00e0 organizzata e delle disposizioni sul rinnovo delle concessioni demaniali, che contengono anche un riferimento ai comuni sciolti per mafia.<\/p>\n<p><strong>Misure di sostegno alle aziende confiscate alla criminalit\u00e0 organizzata (art. 1, commi 192-198<\/strong>). Per migliorare l\u2019attivit\u00e0 di valorizzazione dei beni confiscati alla criminalit\u00e0 organizzata, vengono innanzitutto stanziate risorse per il rafforzamento e lo sviluppo delle competenze dei dipendenti dell\u2019Agenzia nazionale per i beni sequestrati e confiscati (commi 192-194). Uno stanziamento di 10 milioni di euro annui \u00e8 previsto per assicurare la continuit\u00e0 del credito alle aziende confiscate, secondo criteri da definire con decreto \u00a0interministeriale (commi 195-197). In caso di dissequestro, l&#8217;avente diritto \u00e8 tenuto \u2013 quale condizione per la restituzione dell\u2019azienda &#8211; a rimborsare gli importi liquidati dalla sezione del Fondo di garanzia \u00a0(comma 198).<\/p>\n<p><strong>Disposizioni in materia di giochi (art. 1, commi 918-948)<\/strong>. Le disposizioni aumentano innanzitutto il prelievo erariale unico (PREU) sulle <em>newslot<\/em>, riducendo contestualmente la percentuale minima destinata alle vincite (<em>pay out<\/em>). E\u2019 modificata anche la tassazione sul margine per i giochi di abilit\u00e0 a distanza, sulle le scommesse a quota fissa e, a decorrere dal 1\u00b0 gennaio 2017, sul Bingo a distanza.<\/p>\n<p>Vengono introdotte nuove sanzioni in caso di installazione negli esercizi pubblici dei c.d. <em>totem<\/em>, cio\u00e8 di quelle apparecchiature che consentono di giocare sulle piattaforme di gioco <em>on line<\/em>, ovvero di offerta di giochi promozionali connessi via web.<\/p>\n<p>Si affida alla Conferenza unificata Stato autonome locali il compito di definire entro il 30 aprile 2016 le caratteristiche dei punti vendita di gioco nonch\u00e9 i criteri per la loro distribuzione sul territorio, al fine di garantire i migliori livelli di sicurezza per la tutela della salute, dell\u2019ordine pubblico, della pubblica fede dei giocatori e prevenire il rischio di accesso dei minori: prima della definizione del relativo decreto ministeriale, dovranno essere sentite le commissioni parlamentari competenti (comma 936) (<em>per approfondimenti sulle linee guida approvate dalla Conferenza unificata leggi questa <strong><a href=\"https:\/\/welaikaadv.site\/avviso\/home\/cosa-facciamo\/informare\/documenti-tematici\/gioco-dazzardo\/raggiunta-lintesa-sul-gioco-dazzardo-conferenza-unificata-un-primo-commento\/\">scheda<\/a><\/strong><\/em>).<\/p>\n<p>Durante l\u2019iter parlamentare sono state introdotte anche disposizioni limitative della pubblicit\u00e0 del gioco d\u2019azzardo, il cui rispetto \u00e8 affidato all\u2019Autorit\u00e0 per le comunicazioni (AGCOM). In particolare, la pubblicit\u00e0 di marchi o prodotti di giochi con vincite in denaro deve rispettare i principi previsti dalla Raccomandazione della Commissione europea 2014\/478\/UE, da recepire \u00a0con decreto del Ministero dell\u2019Economia: tra i divieti si ricordano quelli riguardanti i messaggi pubblicitari che incoraggiano il gioco eccessivo o incontrollato, che negano i rischi del gioco, che presentano il gioco come un modo per risolvere i problemi finanziari, che prospettano che la competenza del giocatore possa permettere di vincere sistematicamente oppure forniscano informazioni errate sulle possibilit\u00e0 di vincita, che si rivolgano ai minori, che facciano riferimento al credito al consumo ai fini del gioco.\u00a0La pubblicit\u00e0 dei giochi con vincita in denaro \u00e8 vietata nelle trasmissioni radiofoniche e televisive \u201cgeneraliste\u201d dalle ore 7 alle ore 22 e in quelle indirizzate prevalentemente ad un pubblico di minori, con esclusione dei media specializzati individuati con decreto ministeriale, delle lotterie nazionali e delle sponsorizzazioni nei settori della cultura, dell\u2019istruzione e della ricerca, dello sport, della sanit\u00e0 e dell\u2019assistenza (commi dal 937-940). In attuazione di tale disposizione \u00e8 stato predisposto il decreto ministeriale 19 luglio 2016 (pubblicato nella gazzetta ufficiale dell\u20198 agosto 2016) che identifica in pratica i canali generalisti in quelli presenti dai numeri 1 a 9 del telecomando ed esclude dal divieto di pubblicit\u00e0 le tv a pagamento (Sky e Mediaset Premium), le radio, le tv locali ed i canali tematici sulle piattaforme a pagamento.<\/p>\n<p>Il Ministero della salute predispone campagne di informazione e sensibilizzazione, in particolare nelle scuole, sui fattori di rischio connessi al gioco d\u2019azzardo, fornendo informazioni sui servizi disponibili per affrontare il problema della dipendenza dal gioco d\u2019azzardo (comma 941).<\/p>\n<p>Altre disposizioni riguardano la certificazione delle VLT, i controlli sulla conformit\u00e0 degli apparecchi e l\u2019evoluzione degli apparecchi <em>newslot<\/em>, con il passaggio ad apparecchi con sistemi di gioco con controllo remoto (analogamente alle VLT) e la progressiva riduzione del 30 per cento delle <em>newslot<\/em> rispetto agli apparecchi attivi al 31 luglio 2015.<\/p>\n<p>Viene istituito presso il Ministero della salute il Fondo per il gioco d\u2019azzardo patologico (GAP), con una dotazione di 50 milioni di euro annui (comma 946).<\/p>\n<p>Si segnala che prima della votazione finale della Stabilit\u00e0 2016, sono state accolti dal governo, senza essere votati, diversi ordini del giorno sui giochi, tra cui l\u2019odg Taricco che impegna il Governo \u201ca prevedere una rendicontazione, almeno annuale, alle Commissioni competenti sullo stato e le modalit\u00e0 di attuazione delle innovazioni introdotte, con particolare riguardo alle nuove regole per la pubblicit\u00e0 dei giochi e ai limiti negli orari protetti\u201d. Vedi anche l\u2019odg Pastorino, che impegna il Governo \u201ca valutare l\u2019opportunit\u00e0 di introdurre un\u2019ulteriore normativa per adottare la tessera del giocatore o qualunque altro sistema fisico di riconoscimento che consenta di tracciare ed individuare il flusso giocatore-giocata-vincita\u201d e quello di Mantero sull\u2019opportunit\u00e0 di \u201cvalutare e prevedere anche con successivo atto normativo che ai comuni sia data la facolt\u00e0 di rilascio della licenza\u201d di pubblica sicurezza per le sale da gioco \u201ce per l\u2019attivit\u00e0 di distribuzione\u00bb di slot e VLT\u201d, tenendo conto \u201cdel numero di sale giochi con vincite in denaro gi\u00e0 insistenti sul territorio e della distanza con i luoghi sensibili\u201d.<\/p>\n<p><strong>Borse di studio vittime terrorismo e criminalit\u00e0<\/strong>. Sono stanziati 250 mila euro annui per borse di studio riservate a coloro che hanno subito un&#8217;invalidit\u00e0 permanente, per effetto di ferite o lesioni riportate in conseguenza dello svolgersi nel territorio dello Stato di atti di terrorismo o di eversione dell&#8217;ordine democratico, nonch\u00e9 agli orfani e ai figli delle vittime del terrorismo e della criminalit\u00e0 organizzata (art. 1, comma 255).<\/p>\n<p><strong>Canoni demaniali nei comuni sciolti per mafia. <\/strong>Si sospendono fino al 30 settembre 2016, in attesa del riordino della disciplina dei canoni demaniali marittimi, i procedimenti pendenti alla data del 15 novembre 2015 relativi alle concessioni demaniali marittime con finalit\u00e0 turistiche ricreative: tale sospensione peraltro non si applica nei comuni e municipi sciolti per infiltrazioni della criminalit\u00e0 organizzata (art. 1, comma 484).<\/p>\n<p>(<em>ultimo aggiornamento 8 agosto 2016<\/em>)<\/p>\n","protected":false},"excerpt":{"rendered":"<p>Premessa. Qui di seguito sono analizzate alcune specifiche misure contenute nella legge di stabilit\u00e0 per il 2016 \u00a0con riferimento al sostegno delle aziende sequestrate alle&nbsp;<span class=\"hellipsis\">[&hellip;]<\/span><a class=\"more-link\" href=\"https:\/\/welaikaadv.site\/avviso\/home\/cosa-facciamo\/informare\/osservatorio-parlamentare\/attivita-legislativa\/legge-n-208-del-28-dicembre-2015-legge-di-stabilita-per-il-2016\/\">Leggi tutto <span class=\"screen-reader-text\">Legge n. 208 del 28 dicembre 2015 (legge di stabilit\u00e0 per il 2016)<\/span> <span class=\"meta-nav\" aria-hidden=\"true\">&rarr;<\/span><\/a><\/p>\n","protected":false},"author":1,"featured_media":0,"parent":2537,"menu_order":0,"comment_status":"closed","ping_status":"closed","template":"","meta":{"_acf_changed":false,"_exactmetrics_skip_tracking":false,"_exactmetrics_sitenote_active":false,"_exactmetrics_sitenote_note":"","_exactmetrics_sitenote_category":0,"wp_social_preview_title":"","wp_social_preview_description":"","wp_social_preview_image":0,"footnotes":""},"class_list":["post-23505","page","type-page","status-publish","hentry"],"acf":[],"yoast_head":"<!-- This site is optimized with the Yoast SEO plugin v27.2 - https:\/\/yoast.com\/product\/yoast-seo-wordpress\/ -->\n<title>Legge n. 208 del 28 dicembre 2015 (legge di stabilit\u00e0 per il 2016) - Staging Avviso Pubblico<\/title>\n<meta name=\"robots\" content=\"noindex, follow, max-snippet:-1, max-image-preview:large, max-video-preview:-1\" \/>\n<meta property=\"og:locale\" content=\"it_IT\" \/>\n<meta property=\"og:type\" content=\"article\" \/>\n<meta property=\"og:title\" content=\"Legge n. 208 del 28 dicembre 2015 (legge di stabilit\u00e0 per il 2016) - Staging Avviso Pubblico\" \/>\n<meta property=\"og:description\" content=\"Premessa. Qui di seguito sono analizzate alcune specifiche misure contenute nella legge di stabilit\u00e0 per il 2016 \u00a0con riferimento al sostegno delle aziende sequestrate alle&nbsp;[&hellip;]Leggi tutto Legge n. 208 del 28 dicembre 2015 (legge di stabilit\u00e0 per il 2016) &rarr;\" \/>\n<meta property=\"og:url\" content=\"https:\/\/welaikaadv.site\/avviso\/home\/cosa-facciamo\/informare\/osservatorio-parlamentare\/attivita-legislativa\/legge-n-208-del-28-dicembre-2015-legge-di-stabilita-per-il-2016\/\" \/>\n<meta property=\"og:site_name\" content=\"Staging Avviso Pubblico\" \/>\n<meta name=\"twitter:card\" content=\"summary_large_image\" \/>\n<meta name=\"twitter:label1\" content=\"Tempo di lettura stimato\" \/>\n\t<meta name=\"twitter:data1\" content=\"5 minuti\" \/>\n<script type=\"application\/ld+json\" class=\"yoast-schema-graph\">{\"@context\":\"https:\/\/schema.org\",\"@graph\":[{\"@type\":\"WebPage\",\"@id\":\"https:\/\/welaikaadv.site\/avviso\/home\/cosa-facciamo\/informare\/osservatorio-parlamentare\/attivita-legislativa\/legge-n-208-del-28-dicembre-2015-legge-di-stabilita-per-il-2016\/\",\"url\":\"https:\/\/welaikaadv.site\/avviso\/home\/cosa-facciamo\/informare\/osservatorio-parlamentare\/attivita-legislativa\/legge-n-208-del-28-dicembre-2015-legge-di-stabilita-per-il-2016\/\",\"name\":\"Legge n. 208 del 28 dicembre 2015 (legge di stabilit\u00e0 per il 2016) - Staging Avviso Pubblico\",\"isPartOf\":{\"@id\":\"https:\/\/welaikaadv.site\/avviso\/#website\"},\"datePublished\":\"2016-08-08T10:36:56+00:00\",\"breadcrumb\":{\"@id\":\"https:\/\/welaikaadv.site\/avviso\/home\/cosa-facciamo\/informare\/osservatorio-parlamentare\/attivita-legislativa\/legge-n-208-del-28-dicembre-2015-legge-di-stabilita-per-il-2016\/#breadcrumb\"},\"inLanguage\":\"it-IT\",\"potentialAction\":[{\"@type\":\"ReadAction\",\"target\":[\"https:\/\/welaikaadv.site\/avviso\/home\/cosa-facciamo\/informare\/osservatorio-parlamentare\/attivita-legislativa\/legge-n-208-del-28-dicembre-2015-legge-di-stabilita-per-il-2016\/\"]}]},{\"@type\":\"BreadcrumbList\",\"@id\":\"https:\/\/welaikaadv.site\/avviso\/home\/cosa-facciamo\/informare\/osservatorio-parlamentare\/attivita-legislativa\/legge-n-208-del-28-dicembre-2015-legge-di-stabilita-per-il-2016\/#breadcrumb\",\"itemListElement\":[{\"@type\":\"ListItem\",\"position\":1,\"name\":\"Home\",\"item\":\"https:\/\/welaikaadv.site\/avviso\/\"},{\"@type\":\"ListItem\",\"position\":2,\"name\":\"Legge n. 208 del 28 dicembre 2015 (legge di stabilit\u00e0 per il 2016)\"}]},{\"@type\":\"WebSite\",\"@id\":\"https:\/\/welaikaadv.site\/avviso\/#website\",\"url\":\"https:\/\/welaikaadv.site\/avviso\/\",\"name\":\"Staging Avviso Pubblico\",\"description\":\"\",\"publisher\":{\"@id\":\"https:\/\/welaikaadv.site\/avviso\/#organization\"},\"potentialAction\":[{\"@type\":\"SearchAction\",\"target\":{\"@type\":\"EntryPoint\",\"urlTemplate\":\"https:\/\/welaikaadv.site\/avviso\/?s={search_term_string}\"},\"query-input\":{\"@type\":\"PropertyValueSpecification\",\"valueRequired\":true,\"valueName\":\"search_term_string\"}}],\"inLanguage\":\"it-IT\"},{\"@type\":\"Organization\",\"@id\":\"https:\/\/welaikaadv.site\/avviso\/#organization\",\"name\":\"Staging Avviso Pubblico\",\"url\":\"https:\/\/welaikaadv.site\/avviso\/\",\"logo\":{\"@type\":\"ImageObject\",\"inLanguage\":\"it-IT\",\"@id\":\"https:\/\/welaikaadv.site\/avviso\/#\/schema\/logo\/image\/\",\"url\":\"https:\/\/welaikaadv.site\/avviso\/wp-content\/uploads\/2024\/08\/logoAPsito-400.png\",\"contentUrl\":\"https:\/\/welaikaadv.site\/avviso\/wp-content\/uploads\/2024\/08\/logoAPsito-400.png\",\"width\":400,\"height\":97,\"caption\":\"Staging Avviso Pubblico\"},\"image\":{\"@id\":\"https:\/\/welaikaadv.site\/avviso\/#\/schema\/logo\/image\/\"}}]}<\/script>\n<!-- \/ Yoast SEO plugin. -->","yoast_head_json":{"title":"Legge n. 208 del 28 dicembre 2015 (legge di stabilit\u00e0 per il 2016) - Staging Avviso Pubblico","robots":{"index":"noindex","follow":"follow","max-snippet":"max-snippet:-1","max-image-preview":"max-image-preview:large","max-video-preview":"max-video-preview:-1"},"og_locale":"it_IT","og_type":"article","og_title":"Legge n. 208 del 28 dicembre 2015 (legge di stabilit\u00e0 per il 2016) - Staging Avviso Pubblico","og_description":"Premessa. Qui di seguito sono analizzate alcune specifiche misure contenute nella legge di stabilit\u00e0 per il 2016 \u00a0con riferimento al sostegno delle aziende sequestrate alle&nbsp;[&hellip;]Leggi tutto Legge n. 208 del 28 dicembre 2015 (legge di stabilit\u00e0 per il 2016) &rarr;","og_url":"https:\/\/welaikaadv.site\/avviso\/home\/cosa-facciamo\/informare\/osservatorio-parlamentare\/attivita-legislativa\/legge-n-208-del-28-dicembre-2015-legge-di-stabilita-per-il-2016\/","og_site_name":"Staging Avviso Pubblico","twitter_card":"summary_large_image","twitter_misc":{"Tempo di lettura stimato":"5 minuti"},"schema":{"@context":"https:\/\/schema.org","@graph":[{"@type":"WebPage","@id":"https:\/\/welaikaadv.site\/avviso\/home\/cosa-facciamo\/informare\/osservatorio-parlamentare\/attivita-legislativa\/legge-n-208-del-28-dicembre-2015-legge-di-stabilita-per-il-2016\/","url":"https:\/\/welaikaadv.site\/avviso\/home\/cosa-facciamo\/informare\/osservatorio-parlamentare\/attivita-legislativa\/legge-n-208-del-28-dicembre-2015-legge-di-stabilita-per-il-2016\/","name":"Legge n. 208 del 28 dicembre 2015 (legge di stabilit\u00e0 per il 2016) - Staging Avviso Pubblico","isPartOf":{"@id":"https:\/\/welaikaadv.site\/avviso\/#website"},"datePublished":"2016-08-08T10:36:56+00:00","breadcrumb":{"@id":"https:\/\/welaikaadv.site\/avviso\/home\/cosa-facciamo\/informare\/osservatorio-parlamentare\/attivita-legislativa\/legge-n-208-del-28-dicembre-2015-legge-di-stabilita-per-il-2016\/#breadcrumb"},"inLanguage":"it-IT","potentialAction":[{"@type":"ReadAction","target":["https:\/\/welaikaadv.site\/avviso\/home\/cosa-facciamo\/informare\/osservatorio-parlamentare\/attivita-legislativa\/legge-n-208-del-28-dicembre-2015-legge-di-stabilita-per-il-2016\/"]}]},{"@type":"BreadcrumbList","@id":"https:\/\/welaikaadv.site\/avviso\/home\/cosa-facciamo\/informare\/osservatorio-parlamentare\/attivita-legislativa\/legge-n-208-del-28-dicembre-2015-legge-di-stabilita-per-il-2016\/#breadcrumb","itemListElement":[{"@type":"ListItem","position":1,"name":"Home","item":"https:\/\/welaikaadv.site\/avviso\/"},{"@type":"ListItem","position":2,"name":"Legge n. 208 del 28 dicembre 2015 (legge di stabilit\u00e0 per il 2016)"}]},{"@type":"WebSite","@id":"https:\/\/welaikaadv.site\/avviso\/#website","url":"https:\/\/welaikaadv.site\/avviso\/","name":"Staging Avviso Pubblico","description":"","publisher":{"@id":"https:\/\/welaikaadv.site\/avviso\/#organization"},"potentialAction":[{"@type":"SearchAction","target":{"@type":"EntryPoint","urlTemplate":"https:\/\/welaikaadv.site\/avviso\/?s={search_term_string}"},"query-input":{"@type":"PropertyValueSpecification","valueRequired":true,"valueName":"search_term_string"}}],"inLanguage":"it-IT"},{"@type":"Organization","@id":"https:\/\/welaikaadv.site\/avviso\/#organization","name":"Staging Avviso Pubblico","url":"https:\/\/welaikaadv.site\/avviso\/","logo":{"@type":"ImageObject","inLanguage":"it-IT","@id":"https:\/\/welaikaadv.site\/avviso\/#\/schema\/logo\/image\/","url":"https:\/\/welaikaadv.site\/avviso\/wp-content\/uploads\/2024\/08\/logoAPsito-400.png","contentUrl":"https:\/\/welaikaadv.site\/avviso\/wp-content\/uploads\/2024\/08\/logoAPsito-400.png","width":400,"height":97,"caption":"Staging Avviso Pubblico"},"image":{"@id":"https:\/\/welaikaadv.site\/avviso\/#\/schema\/logo\/image\/"}}]}},"_links":{"self":[{"href":"https:\/\/welaikaadv.site\/avviso\/wp-json\/wp\/v2\/pages\/23505","targetHints":{"allow":["GET"]}}],"collection":[{"href":"https:\/\/welaikaadv.site\/avviso\/wp-json\/wp\/v2\/pages"}],"about":[{"href":"https:\/\/welaikaadv.site\/avviso\/wp-json\/wp\/v2\/types\/page"}],"author":[{"embeddable":true,"href":"https:\/\/welaikaadv.site\/avviso\/wp-json\/wp\/v2\/users\/1"}],"replies":[{"embeddable":true,"href":"https:\/\/welaikaadv.site\/avviso\/wp-json\/wp\/v2\/comments?post=23505"}],"version-history":[{"count":0,"href":"https:\/\/welaikaadv.site\/avviso\/wp-json\/wp\/v2\/pages\/23505\/revisions"}],"up":[{"embeddable":true,"href":"https:\/\/welaikaadv.site\/avviso\/wp-json\/wp\/v2\/pages\/2537"}],"wp:attachment":[{"href":"https:\/\/welaikaadv.site\/avviso\/wp-json\/wp\/v2\/media?parent=23505"}],"curies":[{"name":"wp","href":"https:\/\/api.w.org\/{rel}","templated":true}]}}