{"id":23508,"date":"2016-09-29T17:32:14","date_gmt":"2016-09-29T15:32:14","guid":{"rendered":"http:\/\/www.avvisopubblico.it\/osservatorio\/?page_id=5762"},"modified":"2016-09-29T17:32:14","modified_gmt":"2016-09-29T15:32:14","slug":"beni-sequestrati-e-confiscati-alle-mafie-situazione-a-marzo-2016-scheda-di-sintesi-della-relazione-del-governo","status":"publish","type":"page","link":"https:\/\/welaikaadv.site\/avviso\/home\/cosa-facciamo\/informare\/documenti-tematici\/beni-confiscati\/beni-sequestrati-e-confiscati-alle-mafie-situazione-a-marzo-2016-scheda-di-sintesi-della-relazione-del-governo\/","title":{"rendered":"Beni sequestrati e confiscati alle mafie. Sintesi della relazione del Governo del settembre 2016"},"content":{"rendered":"<p><strong>Premessa<\/strong>. Il Ministro della Giustizia, ai sensi della legge n. 109 del 1966, predispone una relazione semestrale al Parlamento sui beni sequestrati e confiscati alle organizzazioni criminali (<a href=\"http:\/\/www.camera.it\/leg17\/494?idLegislatura=17&amp;categoria=154&amp;tipologiaDoc=elenco_categoria\"><strong>Doc. CLIV<\/strong><\/a>). In questa scheda sono sintetizzati i principali aspetti della <a href=\"http:\/\/www.camera.it\/temiap\/2016\/09\/29\/OCD177-2378.pdf\"><strong>relazione presentata il 28 settembre 2016<\/strong><\/a>, aggiornata al 30 marzo di quest\u2019anno, mettendola a raffronto con i dati delle relazioni precedenti.<\/p>\n<p><strong>Il sistema informativo<\/strong>. La relazione fornisce preliminarmente un aggiornamento sul lunghissimo processo riguardante la nuova banca dati in materia, tuttora in fase di realizzazione; al riguardo la relazione si limita a ribadire l\u2019impegno ad una prossima e graduale entrata in funzione del nuovo Sistema Informativo Telematico delle Misure di Prevenzione, che appare uno strumento essenziale per tutte le amministrazioni interessate (uffici giudiziari, regioni, comuni) di disporre delle informazioni sui beni sequestrati e confiscati, ivi incluse quelle relative al valore dei beni e dare cos\u00ec piena attuazione della normativa vigente.<\/p>\n<p><strong>Procedimenti iscritti<\/strong>. Al 31 dicembre 2015 risultano iscritti complessivamente 8.045 nuovi procedimenti, di cui 2.341 nel periodo 2011-2014 (481 nel 2013, 607 nel 2014 e 633 del 2015), a fronte di 1.552 procedimenti nel quadriennio precedente: si pu\u00f2 pertanto notare la crescita significativa del numero di nuovi procedimenti registrata negli ultimi anni. Nel quinquennio 2011-2015 il 72 per cento riguarda il sud e le isole ed il 28 per cento il centro nord, anche se nel 2015 la percentuale del centro nord sale al 31,7 per cento. La Sicilia continua ad essere la regione in cui si registra il maggior numero di procedimenti (28,3 per cento) seguita da Campania, Calabria, Puglia, Lombardia e Lazio (che hanno registrato un significativo incremento negli ultimi anni). I distretti giudiziari maggiormente interessati sono quelli di Palermo, Napoli, Reggio Calabria, Bari e Roma (dove la crescita \u00e8 molto significativa), seguiti dai distretti di Bologna, Milano e Torino. Tra i distretti giudiziari \u201cminori\u201d si segnalano quelli di Salerno, Catania, Trapani e S. Maria Capua Vetere.<\/p>\n<p><strong>Beni iscritti<\/strong>. Il sistema informativo prevede la classificazione dei beni secondo diverse tipologie (immobili, beni mobili, beni finanziari, aziende), a loro volta articolate in sotto categorie (ad esempio i beni immobili sono classificati in appartamenti per uso individuale, collettivo, con destinazione commerciale o industriale etc). Al 31 dicembre 2015 risultano iscritti complessivamente oltre 153.000 beni (+ 16.000 rispetto alla stessa data del 2014): tale dato comprende anche i beni ancora in fase di proposta di misura cautelare (35.601), quelli passati alla fase del dissequestro (42.634) o, all\u2019opposto, definitivamente destinati (6.108). Il 2013 \u00e8 stato l\u2019anno in cui si \u00e8 registrato il maggior numero di beni iscritti (17.756, a fronte dei 16.030 del 2014 e ai 15.086 del 2015). Dei 153.000 beni complessivamente inseriti nella banca dati, la categoria pi\u00f9 numerosa \u00e8 quella dei beni immobili (45,9%), seguita dai beni mobili (36,8%, con una crescita negli ultimi anni della percentuale di quelli registrati, cio\u00e8 di veicoli e brevetti), dai beni finanziari (titoli, azioni, assegni, pari al 11,4%) e dalle aziende (circa 7%).<\/p>\n<p><strong>Beni sequestrati e confiscati<\/strong>. I beni sottoposti a misura cautelare sono complessivamente 75.162: di questi sono 69.054 i beni confiscati presenti nella banca dati (di cui per\u00f2 oltre 28.318 oggetto di confisca non definitiva: e il dato tende progressivamente a crescere). I beni oggetto di confisca definitiva (che devono pertanto essere interessati dai futuri decreti di destinazione) sono 23.692 (il 15.4% dei beni presenti nella banca dati): e si registra un significativo aumento delle confische definitive negli ultimi due anni (9.289 del 2014; 10.130 nel 2015). I distretti pi\u00f9 interessati sono quelli di Palermo, Roma, Reggio Calabria, Lecce e Napoli; in forte crescita negli ultimi anni il distretto di Catanzaro.<\/p>\n<p><strong>Beni definitivamente assegnati<\/strong>. Un elemento di riflessione molto interessante, segno delle forti criticit\u00e0 nell\u2019attuazione della legge, \u00e8 rappresentato dai dati sui decreti di destinazione finale: i beni (immobili ed aziende) definitivamente assegnati sono 6.108, che la stessa relazione del Governo indica in misura pari al 4% del totale di beni iscritti nella banca dati; ovviamente, se si sottraggono i beni dissequestrati e si considerano solo i beni effettivamente assegnabili (immobili, autovetture etc) tale percentuale \u00e8 notevolmente superiore. Si tratta in ogni caso di numeri molto bassi se confrontati, ad esempio, con quello dei beni soggetti a confisca definitiva. Negli ultimi 5 anni, a fronte di un numero elevatissimo di beni sottoposti al primo decreto di sequestro e di oltre 15.000 beni oggetto di un decreto di confisca definitiva, dimostrazione della crescita dalla capacit\u00e0 investigativa dello Stato, i beni assegnati allo Stato o agli enti locali sono stati solo 1.630, con un andamento assai irregolare nel tempo; sotto le 100 unit\u00e0 sia nel 2011 che nel 2012, a fronte di 428 beni nel 2013,\u00a0 163 beni nel 2014 e 857 nel 2015: quest\u2019ultimo dato sembrerebbe per\u00f2 confermare un significativo miglioramento della capacit\u00e0 dello Stato di accelerare le procedure, se si tiene conto anche del fatto che negli ultimi mesi risultano emanati oltre 2000 decreti di destinazione.<\/p>\n<p>I beni assegnati allo Stato (1.010 fino ad oggi) sono utilizzati prevalentemente per finalit\u00e0 di ordine pubblico, cio\u00e8 per le esigenze di Arma dei Carabinieri, Polizia di Stato e Guardia di Finanza (60% del totale). Quelli assegnati ai comuni (5.098) sono utilizzati soprattutto per scopi sociali (59%, tra cui sedi per associazioni, centri per minori ed anziani etc) mentre la quota restante \u00e8 per finalit\u00e0 istituzionali (emergenze abitative, uffici comunali, scuole etc). La destinazione prevalente \u00e8 nelle regioni meridionali (in particolare la Sicilia)<\/p>\n<p>(<em>settembre 2016<\/em>)<\/p>\n","protected":false},"excerpt":{"rendered":"<p>Premessa. Il Ministro della Giustizia, ai sensi della legge n. 109 del 1966, predispone una relazione semestrale al Parlamento sui beni sequestrati e confiscati alle&nbsp;<span class=\"hellipsis\">[&hellip;]<\/span><a class=\"more-link\" href=\"https:\/\/welaikaadv.site\/avviso\/home\/cosa-facciamo\/informare\/documenti-tematici\/beni-confiscati\/beni-sequestrati-e-confiscati-alle-mafie-situazione-a-marzo-2016-scheda-di-sintesi-della-relazione-del-governo\/\">Leggi tutto <span class=\"screen-reader-text\">Beni sequestrati e confiscati alle mafie. Sintesi della relazione del Governo del settembre 2016<\/span> <span class=\"meta-nav\" aria-hidden=\"true\">&rarr;<\/span><\/a><\/p>\n","protected":false},"author":1,"featured_media":0,"parent":190,"menu_order":0,"comment_status":"closed","ping_status":"closed","template":"","meta":{"_acf_changed":false,"_exactmetrics_skip_tracking":false,"_exactmetrics_sitenote_active":false,"_exactmetrics_sitenote_note":"","_exactmetrics_sitenote_category":0,"wp_social_preview_title":"","wp_social_preview_description":"","wp_social_preview_image":0,"footnotes":""},"class_list":["post-23508","page","type-page","status-publish","hentry"],"acf":[],"yoast_head":"<!-- This site is optimized with the Yoast SEO plugin v27.2 - https:\/\/yoast.com\/product\/yoast-seo-wordpress\/ -->\n<title>Beni sequestrati e confiscati alle mafie. Sintesi della relazione del Governo del settembre 2016 - Staging Avviso Pubblico<\/title>\n<meta name=\"robots\" content=\"noindex, follow, max-snippet:-1, max-image-preview:large, max-video-preview:-1\" \/>\n<meta property=\"og:locale\" content=\"it_IT\" \/>\n<meta property=\"og:type\" content=\"article\" \/>\n<meta property=\"og:title\" content=\"Beni sequestrati e confiscati alle mafie. Sintesi della relazione del Governo del settembre 2016 - Staging Avviso Pubblico\" \/>\n<meta property=\"og:description\" content=\"Premessa. Il Ministro della Giustizia, ai sensi della legge n. 109 del 1966, predispone una relazione semestrale al Parlamento sui beni sequestrati e confiscati alle&nbsp;[&hellip;]Leggi tutto Beni sequestrati e confiscati alle mafie. Sintesi della relazione del Governo del settembre 2016 &rarr;\" \/>\n<meta property=\"og:url\" content=\"https:\/\/welaikaadv.site\/avviso\/home\/cosa-facciamo\/informare\/documenti-tematici\/beni-confiscati\/beni-sequestrati-e-confiscati-alle-mafie-situazione-a-marzo-2016-scheda-di-sintesi-della-relazione-del-governo\/\" \/>\n<meta property=\"og:site_name\" content=\"Staging Avviso Pubblico\" \/>\n<meta name=\"twitter:card\" content=\"summary_large_image\" \/>\n<meta name=\"twitter:label1\" content=\"Tempo di lettura stimato\" \/>\n\t<meta name=\"twitter:data1\" content=\"4 minuti\" \/>\n<script type=\"application\/ld+json\" class=\"yoast-schema-graph\">{\"@context\":\"https:\/\/schema.org\",\"@graph\":[{\"@type\":\"WebPage\",\"@id\":\"https:\/\/welaikaadv.site\/avviso\/home\/cosa-facciamo\/informare\/documenti-tematici\/beni-confiscati\/beni-sequestrati-e-confiscati-alle-mafie-situazione-a-marzo-2016-scheda-di-sintesi-della-relazione-del-governo\/\",\"url\":\"https:\/\/welaikaadv.site\/avviso\/home\/cosa-facciamo\/informare\/documenti-tematici\/beni-confiscati\/beni-sequestrati-e-confiscati-alle-mafie-situazione-a-marzo-2016-scheda-di-sintesi-della-relazione-del-governo\/\",\"name\":\"Beni sequestrati e confiscati alle mafie. Sintesi della relazione del Governo del settembre 2016 - Staging Avviso Pubblico\",\"isPartOf\":{\"@id\":\"https:\/\/welaikaadv.site\/avviso\/#website\"},\"datePublished\":\"2016-09-29T15:32:14+00:00\",\"breadcrumb\":{\"@id\":\"https:\/\/welaikaadv.site\/avviso\/home\/cosa-facciamo\/informare\/documenti-tematici\/beni-confiscati\/beni-sequestrati-e-confiscati-alle-mafie-situazione-a-marzo-2016-scheda-di-sintesi-della-relazione-del-governo\/#breadcrumb\"},\"inLanguage\":\"it-IT\",\"potentialAction\":[{\"@type\":\"ReadAction\",\"target\":[\"https:\/\/welaikaadv.site\/avviso\/home\/cosa-facciamo\/informare\/documenti-tematici\/beni-confiscati\/beni-sequestrati-e-confiscati-alle-mafie-situazione-a-marzo-2016-scheda-di-sintesi-della-relazione-del-governo\/\"]}]},{\"@type\":\"BreadcrumbList\",\"@id\":\"https:\/\/welaikaadv.site\/avviso\/home\/cosa-facciamo\/informare\/documenti-tematici\/beni-confiscati\/beni-sequestrati-e-confiscati-alle-mafie-situazione-a-marzo-2016-scheda-di-sintesi-della-relazione-del-governo\/#breadcrumb\",\"itemListElement\":[{\"@type\":\"ListItem\",\"position\":1,\"name\":\"Home\",\"item\":\"https:\/\/welaikaadv.site\/avviso\/\"},{\"@type\":\"ListItem\",\"position\":2,\"name\":\"Beni sequestrati e confiscati alle mafie. Sintesi della relazione del Governo del settembre 2016\"}]},{\"@type\":\"WebSite\",\"@id\":\"https:\/\/welaikaadv.site\/avviso\/#website\",\"url\":\"https:\/\/welaikaadv.site\/avviso\/\",\"name\":\"Staging Avviso Pubblico\",\"description\":\"\",\"publisher\":{\"@id\":\"https:\/\/welaikaadv.site\/avviso\/#organization\"},\"potentialAction\":[{\"@type\":\"SearchAction\",\"target\":{\"@type\":\"EntryPoint\",\"urlTemplate\":\"https:\/\/welaikaadv.site\/avviso\/?s={search_term_string}\"},\"query-input\":{\"@type\":\"PropertyValueSpecification\",\"valueRequired\":true,\"valueName\":\"search_term_string\"}}],\"inLanguage\":\"it-IT\"},{\"@type\":\"Organization\",\"@id\":\"https:\/\/welaikaadv.site\/avviso\/#organization\",\"name\":\"Staging Avviso Pubblico\",\"url\":\"https:\/\/welaikaadv.site\/avviso\/\",\"logo\":{\"@type\":\"ImageObject\",\"inLanguage\":\"it-IT\",\"@id\":\"https:\/\/welaikaadv.site\/avviso\/#\/schema\/logo\/image\/\",\"url\":\"https:\/\/welaikaadv.site\/avviso\/wp-content\/uploads\/2024\/08\/logoAPsito-400.png\",\"contentUrl\":\"https:\/\/welaikaadv.site\/avviso\/wp-content\/uploads\/2024\/08\/logoAPsito-400.png\",\"width\":400,\"height\":97,\"caption\":\"Staging Avviso Pubblico\"},\"image\":{\"@id\":\"https:\/\/welaikaadv.site\/avviso\/#\/schema\/logo\/image\/\"}}]}<\/script>\n<!-- \/ Yoast SEO plugin. -->","yoast_head_json":{"title":"Beni sequestrati e confiscati alle mafie. Sintesi della relazione del Governo del settembre 2016 - Staging Avviso Pubblico","robots":{"index":"noindex","follow":"follow","max-snippet":"max-snippet:-1","max-image-preview":"max-image-preview:large","max-video-preview":"max-video-preview:-1"},"og_locale":"it_IT","og_type":"article","og_title":"Beni sequestrati e confiscati alle mafie. Sintesi della relazione del Governo del settembre 2016 - Staging Avviso Pubblico","og_description":"Premessa. Il Ministro della Giustizia, ai sensi della legge n. 109 del 1966, predispone una relazione semestrale al Parlamento sui beni sequestrati e confiscati alle&nbsp;[&hellip;]Leggi tutto Beni sequestrati e confiscati alle mafie. Sintesi della relazione del Governo del settembre 2016 &rarr;","og_url":"https:\/\/welaikaadv.site\/avviso\/home\/cosa-facciamo\/informare\/documenti-tematici\/beni-confiscati\/beni-sequestrati-e-confiscati-alle-mafie-situazione-a-marzo-2016-scheda-di-sintesi-della-relazione-del-governo\/","og_site_name":"Staging Avviso Pubblico","twitter_card":"summary_large_image","twitter_misc":{"Tempo di lettura stimato":"4 minuti"},"schema":{"@context":"https:\/\/schema.org","@graph":[{"@type":"WebPage","@id":"https:\/\/welaikaadv.site\/avviso\/home\/cosa-facciamo\/informare\/documenti-tematici\/beni-confiscati\/beni-sequestrati-e-confiscati-alle-mafie-situazione-a-marzo-2016-scheda-di-sintesi-della-relazione-del-governo\/","url":"https:\/\/welaikaadv.site\/avviso\/home\/cosa-facciamo\/informare\/documenti-tematici\/beni-confiscati\/beni-sequestrati-e-confiscati-alle-mafie-situazione-a-marzo-2016-scheda-di-sintesi-della-relazione-del-governo\/","name":"Beni sequestrati e confiscati alle mafie. Sintesi della relazione del Governo del settembre 2016 - Staging Avviso Pubblico","isPartOf":{"@id":"https:\/\/welaikaadv.site\/avviso\/#website"},"datePublished":"2016-09-29T15:32:14+00:00","breadcrumb":{"@id":"https:\/\/welaikaadv.site\/avviso\/home\/cosa-facciamo\/informare\/documenti-tematici\/beni-confiscati\/beni-sequestrati-e-confiscati-alle-mafie-situazione-a-marzo-2016-scheda-di-sintesi-della-relazione-del-governo\/#breadcrumb"},"inLanguage":"it-IT","potentialAction":[{"@type":"ReadAction","target":["https:\/\/welaikaadv.site\/avviso\/home\/cosa-facciamo\/informare\/documenti-tematici\/beni-confiscati\/beni-sequestrati-e-confiscati-alle-mafie-situazione-a-marzo-2016-scheda-di-sintesi-della-relazione-del-governo\/"]}]},{"@type":"BreadcrumbList","@id":"https:\/\/welaikaadv.site\/avviso\/home\/cosa-facciamo\/informare\/documenti-tematici\/beni-confiscati\/beni-sequestrati-e-confiscati-alle-mafie-situazione-a-marzo-2016-scheda-di-sintesi-della-relazione-del-governo\/#breadcrumb","itemListElement":[{"@type":"ListItem","position":1,"name":"Home","item":"https:\/\/welaikaadv.site\/avviso\/"},{"@type":"ListItem","position":2,"name":"Beni sequestrati e confiscati alle mafie. Sintesi della relazione del Governo del settembre 2016"}]},{"@type":"WebSite","@id":"https:\/\/welaikaadv.site\/avviso\/#website","url":"https:\/\/welaikaadv.site\/avviso\/","name":"Staging Avviso Pubblico","description":"","publisher":{"@id":"https:\/\/welaikaadv.site\/avviso\/#organization"},"potentialAction":[{"@type":"SearchAction","target":{"@type":"EntryPoint","urlTemplate":"https:\/\/welaikaadv.site\/avviso\/?s={search_term_string}"},"query-input":{"@type":"PropertyValueSpecification","valueRequired":true,"valueName":"search_term_string"}}],"inLanguage":"it-IT"},{"@type":"Organization","@id":"https:\/\/welaikaadv.site\/avviso\/#organization","name":"Staging Avviso Pubblico","url":"https:\/\/welaikaadv.site\/avviso\/","logo":{"@type":"ImageObject","inLanguage":"it-IT","@id":"https:\/\/welaikaadv.site\/avviso\/#\/schema\/logo\/image\/","url":"https:\/\/welaikaadv.site\/avviso\/wp-content\/uploads\/2024\/08\/logoAPsito-400.png","contentUrl":"https:\/\/welaikaadv.site\/avviso\/wp-content\/uploads\/2024\/08\/logoAPsito-400.png","width":400,"height":97,"caption":"Staging Avviso Pubblico"},"image":{"@id":"https:\/\/welaikaadv.site\/avviso\/#\/schema\/logo\/image\/"}}]}},"_links":{"self":[{"href":"https:\/\/welaikaadv.site\/avviso\/wp-json\/wp\/v2\/pages\/23508","targetHints":{"allow":["GET"]}}],"collection":[{"href":"https:\/\/welaikaadv.site\/avviso\/wp-json\/wp\/v2\/pages"}],"about":[{"href":"https:\/\/welaikaadv.site\/avviso\/wp-json\/wp\/v2\/types\/page"}],"author":[{"embeddable":true,"href":"https:\/\/welaikaadv.site\/avviso\/wp-json\/wp\/v2\/users\/1"}],"replies":[{"embeddable":true,"href":"https:\/\/welaikaadv.site\/avviso\/wp-json\/wp\/v2\/comments?post=23508"}],"version-history":[{"count":0,"href":"https:\/\/welaikaadv.site\/avviso\/wp-json\/wp\/v2\/pages\/23508\/revisions"}],"up":[{"embeddable":true,"href":"https:\/\/welaikaadv.site\/avviso\/wp-json\/wp\/v2\/pages\/190"}],"wp:attachment":[{"href":"https:\/\/welaikaadv.site\/avviso\/wp-json\/wp\/v2\/media?parent=23508"}],"curies":[{"name":"wp","href":"https:\/\/api.w.org\/{rel}","templated":true}]}}