{"id":23515,"date":"2016-11-28T18:34:06","date_gmt":"2016-11-28T17:34:06","guid":{"rendered":"http:\/\/www.avvisopubblico.it\/osservatorio\/?page_id=5976"},"modified":"2016-11-28T18:34:06","modified_gmt":"2016-11-28T17:34:06","slug":"commissione-di-inchiesta-sul-sistema-di-accoglienza-e-di-identificazione-sintesi-della-relazione-del-26-ottobre-2016-sul-sistema-di-identificazione-nellambito-degli-hotspot","status":"publish","type":"page","link":"https:\/\/welaikaadv.site\/avviso\/home\/cosa-facciamo\/informare\/osservatorio-parlamentare\/attivita-dinchiesta\/attivita-dinchiesta-xvii\/commissione-di-inchiesta-della-camera-sul-sistema-di-accoglienza-dei-profughi\/commissione-di-inchiesta-sul-sistema-di-accoglienza-e-di-identificazione-sintesi-della-relazione-del-26-ottobre-2016-sul-sistema-di-identificazione-nellambito-degli-hotspot\/","title":{"rendered":"Commissione di inchiesta sul sistema di accoglienza e di identificazione: sintesi della relazione del 26 ottobre 2016 sul sistema di identificazione nell\u2019ambito degli hotspot"},"content":{"rendered":"<p><strong>Premessa.<\/strong> La Commissione di inchiesta sul sistema di accoglienza e sulle condizioni di trattamento dei migranti ha approvato a maggioranza, il 26 ottobre 2016, una nuova relazione (<a href=\"http:\/\/www.camera.it\/leg17\/491?idLegislatura=17&amp;categoria=022bis&amp;tipologiaDoc=documento&amp;numero=008&amp;doc=intero\"><strong>doc. XXII bis, n. 8<\/strong><\/a>) che riassume l&#8217;attivit\u00e0 di indagine svolta dalla Commissione con specifico riguardo alle modalit\u00e0 di identificazione e al rispetto delle garanzie di accesso alla procedura di richiesta di protezione internazionale nell\u2019ambito degli <em>hotspot<\/em>\u00a0 (<em>per la prima relazione del maggio 2016 leggi questa <\/em><a href=\"https:\/\/welaikaadv.site\/avviso\/home\/cosa-facciamo\/informare\/osservatorio-parlamentare\/attivita-dinchiesta\/attivita-dinchiesta-xvii\/commissione-di-inchiesta-della-camera-sul-sistema-di-accoglienza-dei-profughi\/commissione-monocamerale-di-inchiesta-sul-sistema-di-accoglienza-e-di-identificazione-sintesi-della-relazione-del-3-maggio-2016\/\"><strong><em>scheda<\/em><\/strong><\/a>). Nell\u2019occasione sono stati presentati due documenti di minoranza (doc XXII bis n. <strong><a href=\"http:\/\/www.camera.it\/leg17\/491?idLegislatura=17&amp;categoria=022bis&amp;tipologiaDoc=documento&amp;numero=008bis&amp;doc=intero\">8bis<\/a><\/strong> e <strong><a href=\"http:\/\/www.camera.it\/leg17\/491?idLegislatura=17&amp;categoria=022bis&amp;tipologiaDoc=documento&amp;numero=008ter&amp;doc=intero\">8ter<\/a><\/strong>)<\/p>\n<p><strong>La normativa europea.<\/strong> Il principio base della normativa europea sul sistema di accoglienza si concretizza nella regola per cui un solo Stato membro \u00e8 competente per l&#8217;esame di una domanda di asilo, salvo quanto diversamente previsto, secondo la gerarchia dei criteri per la determinazione dello Stato competente. Funzionale (e obbligatorio) alla individuazione dello Stato competente per l&#8217;esame della domanda di protezione internazionale \u00e8 l\u2019immediato fotosegnalamento e rilevamento delle impronte digitali del richiedente asilo (<em>Per maggiori approfondimenti sul c.d. Dublino III leggi questa <\/em><a href=\"https:\/\/welaikaadv.site\/avviso\/home\/cosa-facciamo\/informare\/documenti-tematici\/immigrazione\/le-domande-protezione-internazionale-le-regole-stabilite-dal-regolamento-6042013-cosiddetto-dublino-iii\/\"><strong><em>scheda<\/em><\/strong><\/a>).<\/p>\n<p><strong>Gli hotspot. <\/strong>L\u2019<em>hotspot <\/em>\u00e8 il nuovo metodo basato sui punti di crisi prefigurato dall\u2019agenda europea sulla migrazione che prevede che l&#8217;<a href=\"https:\/\/welaikaadv.site\/avviso\/home\/cosa-facciamo\/informare\/documenti-tematici\/immigrazione\/ruolo-delleuropean-asylum-sustain-office-easo-nellambito-delle-politiche-europee-sul-diritto-asilo\/\"><strong>Ufficio europeo di sostegno per l&#8217;asilo (EASO)<\/strong><\/a>, l&#8217;Agenzia europea per la gestione della cooperazione operativa alle frontiere esterne degli Stati membri (Frontex) e l&#8217;Ufficio di Polizia europeo (Europol) lavorino sul campo, con gli Stati membri, per condurre con rapidit\u00e0 le operazioni di identificazione, registrazione e rilevamento delle impronte digitali dei migranti in arrivo.<\/p>\n<p>L\u2019iter identificativo parte dall&#8217;acquisizione delle generalit\u00e0 dello straniero nel corso di una breve intervista individuale, con l&#8217;assistenza di un mediatore linguistico-culturale. Tale fase viene definita di pre-identificazione e consiste nella compilazione del foglio notizie nel quale, con l&#8217;ausilio di mediatori culturali, vengono annotate le generalit\u00e0, la nazionalit\u00e0 e il motivo di ingresso in Italia del migrante e nello scatto di una foto istantanea ed \u00e8 funzionale anche ad evidenziare particolari necessit\u00e0 dell\u2019immigrato (stato di gravidanza, minore et\u00e0, patologie particolari etc). Tali informazioni vanno ad alimentare il <strong><a href=\"https:\/\/welaikaadv.site\/avviso\/home\/cosa-facciamo\/informare\/documenti-tematici\/immigrazione\/regolamento-comunitario-sulla-banca-dati-biometrica-livello-comunitario-eurodac\/\">sistema Eurodac<\/a><\/strong>.<\/p>\n<p>Nella <em>roadmap<\/em> italiana presentata il 28 settembre 2015, in attuazione dell&#8217;articolo 8.1 della Proposta della Commissione europea che istituisce misure provvisorie in materia di protezione internazionale a beneficio di Italia e Grecia, il Governo italiano si \u00e8 impegnato a mettere in atto il nuovo approccio <em>hotspot<\/em>. Esso \u00e8 sostanzialmente volto a canalizzare gli arrivi in una serie di porti di sbarco selezionati (Lampedusa, Pozzallo, Trapani, Taranto, cui in futuro dovranno aggiungersene altri) dove effettuare tutte le procedure previste come lo screening sanitario, la pre-identificazione, la registrazione, il foto-segnalamento e i rilievi dattiloscopici degli stranieri.<\/p>\n<p>In base agli esiti di tale istruttoria \u00e8 possibile distinguere i soggetti che richiedono asilo, da avviare ai centri di accoglienza (e, al loro interno, coloro che potrebbero usufruire di programmi di <strong><em><a href=\"https:\/\/welaikaadv.site\/avviso\/home\/cosa-facciamo\/informare\/documenti-tematici\/immigrazione\/sintesi-del-programma-reinsediamento-europeo\/\">relocation<\/a><\/em><\/strong>) e quelli che invece saranno oggetto di un\u2019intimazione immediata a lasciare l\u2019Italia: dal 28 settembre 2015 (data di apertura dell\u2019hotspot) al 29 gennaio 2016 i provvedimenti di respingimento sono stati 1426, di cui solo 311 con trattenimento presso il CIE e ben 1115 con invito a lasciare il territorio nazionale entro sette giorni: peraltro il grado di inottemperanza a tale provvedimento \u00e8 molto elevato, con la conseguenza che i luoghi vicini agli <em>hotspot<\/em> diventano siti estemporanei di soggiorno di cittadini irregolari.<\/p>\n<p>La relazione presenta un quadro dettagliano della situazione degli <em>hotspot<\/em> gi\u00e0 attivati, pur in assenza di una normativa specifica in materia, nella quale vengono forniti elementi sulle modalit\u00e0 di funzionamento e di gestione dei singoli centri, evidenziando le diverse criticit\u00e0 emerse nel corso dei sopralluoghi effettuati dalla Commissione (adeguatezza degli spazi, assistenza sanitaria e legale, servizi di mensa ed igienici etc).<\/p>\n<p><strong>Divieto di espulsione solo a causa della nazionalit\u00e0.<\/strong> Uno dei principi generali che regolano la materia, del tutto inderogabile, \u00e8 quello che vieta di essere respinto o espulso solo per la propria nazionalit\u00e0. In molteplici occasioni la Commissione ha svolto specifici approfondimenti istruttori per verificare l&#8217;osservanza della regola secondo cui tutti coloro che sbarcano in territorio italiano vanno inizialmente considerati potenziali richiedenti asilo. La categoria del migrante economico non ha alcuna cittadinanza nell&#8217;ordinamento giuridico, e nessun provvedimento di respingimento pu\u00f2 fondarsi esclusivamente sul Paese di provenienza (i cosiddetti Paesi sicuri).<\/p>\n<p>La Commissione ha per\u00f2 registrato diverse critiche su questo specifico aspetto e l\u2019adozione nel tempo di pi\u00f9 rigide circolari esplicative dei diritti dei soggetti immigrati. In quest\u2019ottica risulta di fondamentale importanza l&#8217;informazione legale e l&#8217;opera di mediazione e assistenza culturale, sia precedente che successiva all&#8217;intervista ed al fotosegnalamento, che deve essere svolta in collaborazione con le grandi organizzazioni internazionali, come l&#8217;UNHCR e l&#8217;OIM.<\/p>\n<p><strong>L\u2019evoluzione delle procedure di identificazione. <\/strong>In merito all\u2019identificazione di tutti i migranti che giungono nell&#8217;area Schengen, l\u2019Italia ha ottenuto risultati apprezzabili dall&#8217;ultimo quadrimestre 2015 alla data di presentazione della presente relazione. Il Capo della Polizia Alessandro Pansa, in audizione in data 20 gennaio 2016, ha dichiarato: \u201cPer quanto riguarda l&#8217;identificazione, nel 2015 sono sbarcati in Italia 153.842 stranieri, di cui 57.985 fotosegnalati per ingresso illegale e 71.016 per richiesta di protezione internazionale, per un totale di 129.000 persone fotosegnalate, pari all&#8217;83,9 per cento di tutti gli sbarcati.\u201d Tale dato \u00e8 stato incrementato nel corso del I\u00b0 semestre 2016: al 15 settembre 2016, \u00e8 del 92 per cento di fotosegnalamenti sul totale degli sbarchi, come \u00e8 emerso nell&#8217;audizione del dottor Carnevale, il quale ha sottolineato che i fotosegnalati non potranno mai essere pari agli sbarcati, perch\u00e9 i minori di anni 14 non sono sottoposti al fotosegnalamento e perch\u00e9 non sono immediatamente fotosegnalati coloro che hanno bisogno di urgenti interventi sanitari, ma il fotosegnalamento \u00e8 posposto ad un momento successivo alla chiusura dell&#8217;emergenza di tipo sanitario.<\/p>\n<p>Questi risultati sono stati raggiunti grazie a diversi fattori, oltre all\u2019istituzione degli <em>hotspot<\/em>. Il primo tra questi \u00e8 l\u2019apertura, nel corso del 2015, del corridoio balcanico che ha sottratto lo zoccolo duro (ovvero i cittadini siriani) di quanti si opponevano al fotosegnalamento. In secondo luogo non \u00e8 da sottovalutare l&#8217;iniziale positiva aspettativa connessa alle ipotesi di <em>relocation<\/em>, che ha spinto molti eritrei (etnia che si \u00e8 mostrata restia a sottoporsi al fotosegnalamento) ad abbandonare le vecchie resistenze. Infine a Lampedusa, sfruttando il naturale isolamento dell\u2019isola, si sono potute gestire le resistenze al fotosegnalamento senza ricorrere al trattenimento forzoso all&#8217;interno di un centro, ma dilatando i tempi a disposizione.<\/p>\n<p>Permane tuttora il problema della sottoposizione alle procedure di identificazione anche dei soggetti che rifiutino di ottemperare alle richieste da parte delle forze di polizia: la relazione si sofferma sulla normativa e sulla giurisprudenza in materia e sulla necessit\u00e0 di un intervento legislativo volto a legittimare il fermo a fini identificativi; rimane comunque essenziale l\u2019attivit\u00e0 di informazione nei confronti di questi soggetti al fine di far conoscere le conseguenze, anche dal punto di vista penale, di tale rifiuto: l\u2019uso della forza, per quanto legittimo, si rivela in ogni caso impraticabile per queste forme di identificazione.<\/p>\n<p><strong>Alcune conclusioni<\/strong>. La relazione sottolinea i risultati positivi del sistema degli <em>hotspot<\/em>, sopra evidenziati; al tempo stesso, proprio l\u2019esperienza maturata rende necessari una serie di interventi volti, innanzitutto, all\u2019incremento del numero dei centri e alla riqualificazione degli spazi per tener conto del flusso continuo di migranti; in secondo luogo, va approvata una legge che configuri il ruolo degli <em>hotspot<\/em> e assicuri una solida base giuridica alle attivit\u00e0 che ivi vengono svolte e piena omogeneit\u00e0 tra i diversi centri; inoltre vanno adeguatamente potenziati tutti i servizi, a partire dall\u2019assistenza sanitaria fino ai servizi di mediazione linguistica e culturale, garantendo la massima informazione sui diritti degli immigrati.<\/p>\n<p>&nbsp;<\/p>\n<p>(<em>A cura di Giulia Luciani, giornalista pubblicista<\/em>)<\/p>\n","protected":false},"excerpt":{"rendered":"<p>Premessa. La Commissione di inchiesta sul sistema di accoglienza e sulle condizioni di trattamento dei migranti ha approvato a maggioranza, il 26 ottobre 2016, una&nbsp;<span class=\"hellipsis\">[&hellip;]<\/span><a class=\"more-link\" href=\"https:\/\/welaikaadv.site\/avviso\/home\/cosa-facciamo\/informare\/osservatorio-parlamentare\/attivita-dinchiesta\/attivita-dinchiesta-xvii\/commissione-di-inchiesta-della-camera-sul-sistema-di-accoglienza-dei-profughi\/commissione-di-inchiesta-sul-sistema-di-accoglienza-e-di-identificazione-sintesi-della-relazione-del-26-ottobre-2016-sul-sistema-di-identificazione-nellambito-degli-hotspot\/\">Leggi tutto <span class=\"screen-reader-text\">Commissione di inchiesta sul sistema di accoglienza e di identificazione: sintesi della relazione del 26 ottobre 2016 sul sistema di identificazione nell\u2019ambito degli hotspot<\/span> <span class=\"meta-nav\" aria-hidden=\"true\">&rarr;<\/span><\/a><\/p>\n","protected":false},"author":1,"featured_media":0,"parent":23587,"menu_order":0,"comment_status":"closed","ping_status":"closed","template":"","meta":{"_acf_changed":false,"_exactmetrics_skip_tracking":false,"_exactmetrics_sitenote_active":false,"_exactmetrics_sitenote_note":"","_exactmetrics_sitenote_category":0,"wp_social_preview_title":"","wp_social_preview_description":"","wp_social_preview_image":0,"footnotes":""},"class_list":["post-23515","page","type-page","status-publish","hentry"],"acf":[],"yoast_head":"<!-- This site is optimized with the Yoast SEO plugin v27.2 - https:\/\/yoast.com\/product\/yoast-seo-wordpress\/ -->\n<title>Commissione di inchiesta sul sistema di accoglienza e di identificazione: sintesi della relazione del 26 ottobre 2016 sul sistema di identificazione nell\u2019ambito degli hotspot - Staging Avviso Pubblico<\/title>\n<meta name=\"robots\" content=\"noindex, follow, max-snippet:-1, max-image-preview:large, max-video-preview:-1\" \/>\n<meta property=\"og:locale\" content=\"it_IT\" \/>\n<meta property=\"og:type\" content=\"article\" \/>\n<meta property=\"og:title\" content=\"Commissione di inchiesta sul sistema di accoglienza e di identificazione: sintesi della relazione del 26 ottobre 2016 sul sistema di identificazione nell\u2019ambito degli hotspot - Staging Avviso Pubblico\" \/>\n<meta property=\"og:description\" content=\"Premessa. La Commissione di inchiesta sul sistema di accoglienza e sulle condizioni di trattamento dei migranti ha approvato a maggioranza, il 26 ottobre 2016, una&nbsp;[&hellip;]Leggi tutto Commissione di inchiesta sul sistema di accoglienza e di identificazione: sintesi della relazione del 26 ottobre 2016 sul sistema di identificazione nell\u2019ambito degli hotspot &rarr;\" \/>\n<meta property=\"og:url\" content=\"https:\/\/welaikaadv.site\/avviso\/home\/cosa-facciamo\/informare\/osservatorio-parlamentare\/attivita-dinchiesta\/attivita-dinchiesta-xvii\/commissione-di-inchiesta-della-camera-sul-sistema-di-accoglienza-dei-profughi\/commissione-di-inchiesta-sul-sistema-di-accoglienza-e-di-identificazione-sintesi-della-relazione-del-26-ottobre-2016-sul-sistema-di-identificazione-nellambito-degli-hotspot\/\" \/>\n<meta property=\"og:site_name\" content=\"Staging Avviso Pubblico\" \/>\n<meta name=\"twitter:card\" content=\"summary_large_image\" \/>\n<meta name=\"twitter:label1\" content=\"Tempo di lettura stimato\" \/>\n\t<meta name=\"twitter:data1\" content=\"6 minuti\" \/>\n<script type=\"application\/ld+json\" class=\"yoast-schema-graph\">{\"@context\":\"https:\/\/schema.org\",\"@graph\":[{\"@type\":\"WebPage\",\"@id\":\"https:\/\/welaikaadv.site\/avviso\/home\/cosa-facciamo\/informare\/osservatorio-parlamentare\/attivita-dinchiesta\/attivita-dinchiesta-xvii\/commissione-di-inchiesta-della-camera-sul-sistema-di-accoglienza-dei-profughi\/commissione-di-inchiesta-sul-sistema-di-accoglienza-e-di-identificazione-sintesi-della-relazione-del-26-ottobre-2016-sul-sistema-di-identificazione-nellambito-degli-hotspot\/\",\"url\":\"https:\/\/welaikaadv.site\/avviso\/home\/cosa-facciamo\/informare\/osservatorio-parlamentare\/attivita-dinchiesta\/attivita-dinchiesta-xvii\/commissione-di-inchiesta-della-camera-sul-sistema-di-accoglienza-dei-profughi\/commissione-di-inchiesta-sul-sistema-di-accoglienza-e-di-identificazione-sintesi-della-relazione-del-26-ottobre-2016-sul-sistema-di-identificazione-nellambito-degli-hotspot\/\",\"name\":\"Commissione di inchiesta sul sistema di accoglienza e di identificazione: sintesi della relazione del 26 ottobre 2016 sul sistema di identificazione nell\u2019ambito degli hotspot - Staging Avviso Pubblico\",\"isPartOf\":{\"@id\":\"https:\/\/welaikaadv.site\/avviso\/#website\"},\"datePublished\":\"2016-11-28T17:34:06+00:00\",\"breadcrumb\":{\"@id\":\"https:\/\/welaikaadv.site\/avviso\/home\/cosa-facciamo\/informare\/osservatorio-parlamentare\/attivita-dinchiesta\/attivita-dinchiesta-xvii\/commissione-di-inchiesta-della-camera-sul-sistema-di-accoglienza-dei-profughi\/commissione-di-inchiesta-sul-sistema-di-accoglienza-e-di-identificazione-sintesi-della-relazione-del-26-ottobre-2016-sul-sistema-di-identificazione-nellambito-degli-hotspot\/#breadcrumb\"},\"inLanguage\":\"it-IT\",\"potentialAction\":[{\"@type\":\"ReadAction\",\"target\":[\"https:\/\/welaikaadv.site\/avviso\/home\/cosa-facciamo\/informare\/osservatorio-parlamentare\/attivita-dinchiesta\/attivita-dinchiesta-xvii\/commissione-di-inchiesta-della-camera-sul-sistema-di-accoglienza-dei-profughi\/commissione-di-inchiesta-sul-sistema-di-accoglienza-e-di-identificazione-sintesi-della-relazione-del-26-ottobre-2016-sul-sistema-di-identificazione-nellambito-degli-hotspot\/\"]}]},{\"@type\":\"BreadcrumbList\",\"@id\":\"https:\/\/welaikaadv.site\/avviso\/home\/cosa-facciamo\/informare\/osservatorio-parlamentare\/attivita-dinchiesta\/attivita-dinchiesta-xvii\/commissione-di-inchiesta-della-camera-sul-sistema-di-accoglienza-dei-profughi\/commissione-di-inchiesta-sul-sistema-di-accoglienza-e-di-identificazione-sintesi-della-relazione-del-26-ottobre-2016-sul-sistema-di-identificazione-nellambito-degli-hotspot\/#breadcrumb\",\"itemListElement\":[{\"@type\":\"ListItem\",\"position\":1,\"name\":\"Home\",\"item\":\"https:\/\/welaikaadv.site\/avviso\/\"},{\"@type\":\"ListItem\",\"position\":2,\"name\":\"Commissione di inchiesta sul sistema di accoglienza e di identificazione: sintesi della relazione del 26 ottobre 2016 sul sistema di identificazione nell\u2019ambito degli hotspot\"}]},{\"@type\":\"WebSite\",\"@id\":\"https:\/\/welaikaadv.site\/avviso\/#website\",\"url\":\"https:\/\/welaikaadv.site\/avviso\/\",\"name\":\"Staging Avviso Pubblico\",\"description\":\"\",\"publisher\":{\"@id\":\"https:\/\/welaikaadv.site\/avviso\/#organization\"},\"potentialAction\":[{\"@type\":\"SearchAction\",\"target\":{\"@type\":\"EntryPoint\",\"urlTemplate\":\"https:\/\/welaikaadv.site\/avviso\/?s={search_term_string}\"},\"query-input\":{\"@type\":\"PropertyValueSpecification\",\"valueRequired\":true,\"valueName\":\"search_term_string\"}}],\"inLanguage\":\"it-IT\"},{\"@type\":\"Organization\",\"@id\":\"https:\/\/welaikaadv.site\/avviso\/#organization\",\"name\":\"Staging Avviso Pubblico\",\"url\":\"https:\/\/welaikaadv.site\/avviso\/\",\"logo\":{\"@type\":\"ImageObject\",\"inLanguage\":\"it-IT\",\"@id\":\"https:\/\/welaikaadv.site\/avviso\/#\/schema\/logo\/image\/\",\"url\":\"https:\/\/welaikaadv.site\/avviso\/wp-content\/uploads\/2024\/08\/logoAPsito-400.png\",\"contentUrl\":\"https:\/\/welaikaadv.site\/avviso\/wp-content\/uploads\/2024\/08\/logoAPsito-400.png\",\"width\":400,\"height\":97,\"caption\":\"Staging Avviso Pubblico\"},\"image\":{\"@id\":\"https:\/\/welaikaadv.site\/avviso\/#\/schema\/logo\/image\/\"}}]}<\/script>\n<!-- \/ Yoast SEO plugin. -->","yoast_head_json":{"title":"Commissione di inchiesta sul sistema di accoglienza e di identificazione: sintesi della relazione del 26 ottobre 2016 sul sistema di identificazione nell\u2019ambito degli hotspot - Staging Avviso Pubblico","robots":{"index":"noindex","follow":"follow","max-snippet":"max-snippet:-1","max-image-preview":"max-image-preview:large","max-video-preview":"max-video-preview:-1"},"og_locale":"it_IT","og_type":"article","og_title":"Commissione di inchiesta sul sistema di accoglienza e di identificazione: sintesi della relazione del 26 ottobre 2016 sul sistema di identificazione nell\u2019ambito degli hotspot - Staging Avviso Pubblico","og_description":"Premessa. La Commissione di inchiesta sul sistema di accoglienza e sulle condizioni di trattamento dei migranti ha approvato a maggioranza, il 26 ottobre 2016, una&nbsp;[&hellip;]Leggi tutto Commissione di inchiesta sul sistema di accoglienza e di identificazione: sintesi della relazione del 26 ottobre 2016 sul sistema di identificazione nell\u2019ambito degli hotspot &rarr;","og_url":"https:\/\/welaikaadv.site\/avviso\/home\/cosa-facciamo\/informare\/osservatorio-parlamentare\/attivita-dinchiesta\/attivita-dinchiesta-xvii\/commissione-di-inchiesta-della-camera-sul-sistema-di-accoglienza-dei-profughi\/commissione-di-inchiesta-sul-sistema-di-accoglienza-e-di-identificazione-sintesi-della-relazione-del-26-ottobre-2016-sul-sistema-di-identificazione-nellambito-degli-hotspot\/","og_site_name":"Staging Avviso Pubblico","twitter_card":"summary_large_image","twitter_misc":{"Tempo di lettura stimato":"6 minuti"},"schema":{"@context":"https:\/\/schema.org","@graph":[{"@type":"WebPage","@id":"https:\/\/welaikaadv.site\/avviso\/home\/cosa-facciamo\/informare\/osservatorio-parlamentare\/attivita-dinchiesta\/attivita-dinchiesta-xvii\/commissione-di-inchiesta-della-camera-sul-sistema-di-accoglienza-dei-profughi\/commissione-di-inchiesta-sul-sistema-di-accoglienza-e-di-identificazione-sintesi-della-relazione-del-26-ottobre-2016-sul-sistema-di-identificazione-nellambito-degli-hotspot\/","url":"https:\/\/welaikaadv.site\/avviso\/home\/cosa-facciamo\/informare\/osservatorio-parlamentare\/attivita-dinchiesta\/attivita-dinchiesta-xvii\/commissione-di-inchiesta-della-camera-sul-sistema-di-accoglienza-dei-profughi\/commissione-di-inchiesta-sul-sistema-di-accoglienza-e-di-identificazione-sintesi-della-relazione-del-26-ottobre-2016-sul-sistema-di-identificazione-nellambito-degli-hotspot\/","name":"Commissione di inchiesta sul sistema di accoglienza e di identificazione: sintesi della relazione del 26 ottobre 2016 sul sistema di identificazione nell\u2019ambito degli hotspot - Staging Avviso Pubblico","isPartOf":{"@id":"https:\/\/welaikaadv.site\/avviso\/#website"},"datePublished":"2016-11-28T17:34:06+00:00","breadcrumb":{"@id":"https:\/\/welaikaadv.site\/avviso\/home\/cosa-facciamo\/informare\/osservatorio-parlamentare\/attivita-dinchiesta\/attivita-dinchiesta-xvii\/commissione-di-inchiesta-della-camera-sul-sistema-di-accoglienza-dei-profughi\/commissione-di-inchiesta-sul-sistema-di-accoglienza-e-di-identificazione-sintesi-della-relazione-del-26-ottobre-2016-sul-sistema-di-identificazione-nellambito-degli-hotspot\/#breadcrumb"},"inLanguage":"it-IT","potentialAction":[{"@type":"ReadAction","target":["https:\/\/welaikaadv.site\/avviso\/home\/cosa-facciamo\/informare\/osservatorio-parlamentare\/attivita-dinchiesta\/attivita-dinchiesta-xvii\/commissione-di-inchiesta-della-camera-sul-sistema-di-accoglienza-dei-profughi\/commissione-di-inchiesta-sul-sistema-di-accoglienza-e-di-identificazione-sintesi-della-relazione-del-26-ottobre-2016-sul-sistema-di-identificazione-nellambito-degli-hotspot\/"]}]},{"@type":"BreadcrumbList","@id":"https:\/\/welaikaadv.site\/avviso\/home\/cosa-facciamo\/informare\/osservatorio-parlamentare\/attivita-dinchiesta\/attivita-dinchiesta-xvii\/commissione-di-inchiesta-della-camera-sul-sistema-di-accoglienza-dei-profughi\/commissione-di-inchiesta-sul-sistema-di-accoglienza-e-di-identificazione-sintesi-della-relazione-del-26-ottobre-2016-sul-sistema-di-identificazione-nellambito-degli-hotspot\/#breadcrumb","itemListElement":[{"@type":"ListItem","position":1,"name":"Home","item":"https:\/\/welaikaadv.site\/avviso\/"},{"@type":"ListItem","position":2,"name":"Commissione di inchiesta sul sistema di accoglienza e di identificazione: sintesi della relazione del 26 ottobre 2016 sul sistema di identificazione nell\u2019ambito degli hotspot"}]},{"@type":"WebSite","@id":"https:\/\/welaikaadv.site\/avviso\/#website","url":"https:\/\/welaikaadv.site\/avviso\/","name":"Staging Avviso Pubblico","description":"","publisher":{"@id":"https:\/\/welaikaadv.site\/avviso\/#organization"},"potentialAction":[{"@type":"SearchAction","target":{"@type":"EntryPoint","urlTemplate":"https:\/\/welaikaadv.site\/avviso\/?s={search_term_string}"},"query-input":{"@type":"PropertyValueSpecification","valueRequired":true,"valueName":"search_term_string"}}],"inLanguage":"it-IT"},{"@type":"Organization","@id":"https:\/\/welaikaadv.site\/avviso\/#organization","name":"Staging Avviso Pubblico","url":"https:\/\/welaikaadv.site\/avviso\/","logo":{"@type":"ImageObject","inLanguage":"it-IT","@id":"https:\/\/welaikaadv.site\/avviso\/#\/schema\/logo\/image\/","url":"https:\/\/welaikaadv.site\/avviso\/wp-content\/uploads\/2024\/08\/logoAPsito-400.png","contentUrl":"https:\/\/welaikaadv.site\/avviso\/wp-content\/uploads\/2024\/08\/logoAPsito-400.png","width":400,"height":97,"caption":"Staging Avviso Pubblico"},"image":{"@id":"https:\/\/welaikaadv.site\/avviso\/#\/schema\/logo\/image\/"}}]}},"_links":{"self":[{"href":"https:\/\/welaikaadv.site\/avviso\/wp-json\/wp\/v2\/pages\/23515","targetHints":{"allow":["GET"]}}],"collection":[{"href":"https:\/\/welaikaadv.site\/avviso\/wp-json\/wp\/v2\/pages"}],"about":[{"href":"https:\/\/welaikaadv.site\/avviso\/wp-json\/wp\/v2\/types\/page"}],"author":[{"embeddable":true,"href":"https:\/\/welaikaadv.site\/avviso\/wp-json\/wp\/v2\/users\/1"}],"replies":[{"embeddable":true,"href":"https:\/\/welaikaadv.site\/avviso\/wp-json\/wp\/v2\/comments?post=23515"}],"version-history":[{"count":0,"href":"https:\/\/welaikaadv.site\/avviso\/wp-json\/wp\/v2\/pages\/23515\/revisions"}],"up":[{"embeddable":true,"href":"https:\/\/welaikaadv.site\/avviso\/wp-json\/wp\/v2\/pages\/23587"}],"wp:attachment":[{"href":"https:\/\/welaikaadv.site\/avviso\/wp-json\/wp\/v2\/media?parent=23515"}],"curies":[{"name":"wp","href":"https:\/\/api.w.org\/{rel}","templated":true}]}}