{"id":23529,"date":"2017-07-06T07:07:15","date_gmt":"2017-07-06T05:07:15","guid":{"rendered":"http:\/\/www.avvisopubblico.it\/osservatorio\/?page_id=2607"},"modified":"2017-07-06T07:07:15","modified_gmt":"2017-07-06T05:07:15","slug":"decreto-legge-n-902014-appalti","status":"publish","type":"page","link":"https:\/\/welaikaadv.site\/avviso\/home\/cosa-facciamo\/informare\/osservatorio-parlamentare\/attivita-legislativa\/decreto-legge-n-902014-appalti\/","title":{"rendered":"Legge n. 114 del 2014: sintesi delle norme in materia di trasparenza e correttezza delle procedure nei lavori pubblici"},"content":{"rendered":"<p>Il <strong><a title=\"decreto legge n. 90 del 2014\" href=\"http:\/\/www.normattiva.it\/uri-res\/N2Ls?urn:nir:stato:decreto.legge:2014;90\" target=\"_blank\" rel=\"noopener\">decreto legge n. 90 del 2014<\/a><\/strong> (convertito nella <strong>legge n. 114 del 2014<\/strong>) <em>\u201cMisure urgenti per la semplificazione e la trasparenza amministrativa e per l&#8217;efficienza degli uffici giudiziari\u201d <\/em>contiene una serie di disposizioni per incentivare la trasparenza e la correttezza delle procedure nei lavori pubblici, che possono essere cos\u00ec sintetizzate.<\/p>\n<ul>\n<li>Gli incentivi relativi alla progettazione da parte delle amministrazioni aggiudicatrici non sono pi\u00f9 corrisposti al personale con qualifica dirigenziale, in ragione dell\u2019onnicomprensivit\u00e0 del relativo trattamento economico (art. 13).<\/li>\n<li>E\u2019 esteso il meccanismo delle c.d. <em>white list<\/em>, cio\u00e8 degli elenchi di imprese, non soggette a rischio di infiltrazioni mafiose, tenuti dalle prefetture (art. 29)<\/li>\n<li>Sono attribuiti all\u2019Autorit\u00e0 anticorruzione una serie di compiti di alta sorveglianza per garantire correttezza e trasparenza nella realizzazione delle opere dell\u2019EXPO 2015 e di alcune tipologie di varianti consentite dal Codice dei contratti pubblici (artt. 30 e 37).<\/li>\n<li>Sempre per garantire la correttezza delle procedure di appalto, \u00e8 prevista la possibilit\u00e0 per Autorit\u00e0 anticorruzione e prefetti di incidere direttamente sulla gestione di imprese, aggiudicatarie di appalti pubblici, indagate per delitti contro la PA (art. 32).<\/li>\n<li>In caso di mancanza o irregolarit\u00e0 delle dichiarazioni sostitutive sul possesso dei requisiti necessari per la partecipazione alle procedure di affidamento dei contratti pubblici sono introdotte sanzioni pecuniarie e la possibilit\u00e0 di una successiva regolarizzazione (art. 39).<\/li>\n<li>Sono previste una serie di disposizioni volte ad accelerare i giudizi di fronte a Tar e Consiglio di Stato in materia di appalti pubblici (art. 40).<\/li>\n<\/ul>\n<hr \/>\n<p><em>Per informazioni di maggior dettaglio cfr. in particolare il <strong><a title=\"dossier del Servizio Studi della Camera\" href=\"http:\/\/www.camera.it\/temiap\/d\/leg17\/D14090a.htm#dossierList\" target=\"_blank\" rel=\"noopener\">dossier del Servizio Studi della Camera<\/a><\/strong>.\u00a0Per quanto riguarda in particolare la disciplina sulle misure straordinarie di gestione e sostegno alle imprese di cui all\u2019art. 32 vedi la ricostruzione contenuta nelle <strong><a title=\"Linee guida\" href=\"https:\/\/welaikaadv.site\/avviso\/wp-content\/uploads\/2014\/07\/201407protocollo_anac_ministero_interno.pdf\" target=\"_blank\" rel=\"noopener\">Linee guida di luglio 2014<\/a><\/strong> e le <a href=\"http:\/\/www.anticorruzione.it\/portal\/rest\/jcr\/repository\/collaboration\/Digital%20Assets\/anacdocs\/Attivita\/Anticorruzione\/LineeGuidaAnacMinInterno\/Anac.Interno.27.01.15.pdf\"><strong>linee guida di gennaio 2015<\/strong> <\/a>predisposte da Anac e Ministero dell\u2019Interno (leggi anche questa <a href=\"https:\/\/welaikaadv.site\/avviso\/home\/cosa-facciamo\/informare\/documenti-tematici\/appalti\/le-misure-sulla-gestione-delle-imprese-cui-al-decreto-legge-n-90-del-2014-scheda-sintesi\/\"><strong>scheda<\/strong><\/a>). \u00a0Un\u2019apposita <strong><a href=\"http:\/\/www.anticorruzione.it\/portal\/public\/classic\/AttivitaAutorita\/MisureStraordinarie\">sezione del sito dell\u2019Anac<\/a><\/strong> \u00e8 dedicata alle misure adottate in attuazione dell\u2019art. 32 del decreto legge n. 90. Ulteriori riferimenti all&#8217;art. 32 sono contenuti nella scheda riguardante le <strong><a href=\"https:\/\/welaikaadv.site\/avviso\/home\/cosa-facciamo\/informare\/documenti-tematici\/mafie\/linformativa-antimafia-strumento-contrastare-le-infiltrazioni-delle-organizzazioni-criminali-nelleconomia\/\">informative antimafia<\/a><\/strong>. Sul rapporto tra il commissariamento ex art. 32 ed il generale potere di autotutela della stazione appaltante vedi le interessanti motivazioni della sentenza del Consiglio di stato n. 5027 del 2018.<\/em><\/p>\n<p><em>Con riferimento ai poteri di alta sorveglianza di cui all\u2019art. 30 del decreto legge, applicati anche al Piano degli interventi straordinaria da adottare \u00a0in occasione del Giubileo, l\u2019Anav ha emanato apposte <strong><a href=\"http:\/\/www.anticorruzione.it\/portal\/public\/classic\/Comunicazione\/News\/_news?id=ac8708c20a77804270a7a89c07b517f7\">Linee guida<\/a><\/strong> con l\u2019indicazione degli atti sottoposti al controllo e delle procedure da seguire.\u00a0Vedi anche le considerazioni contenute nella <strong><a href=\"https:\/\/welaikaadv.site\/avviso\/wp-content\/uploads\/2017\/07\/Relazione_Anac2016.pdf\">Relazione del luglio 2017 dell\u2019Autorit\u00e0 anticorruzione<\/a><\/strong> (capitolo undici).<\/em><\/p>\n<p><i>\u00a0 \u00a0 \u00a0 \u00a0 \u00a0 \u00a0 \u00a0 \u00a0 \u00a0 \u00a0 \u00a0 \u00a0 \u00a0 \u00a0 \u00a0 \u00a0 \u00a0 \u00a0 \u00a0 \u00a0 \u00a0 \u00a0 \u00a0 \u00a0 \u00a0 \u00a0 \u00a0 \u00a0 \u00a0 <\/i>(<em>ultimo aggiornamento agosto 2018<\/em>)<\/p>\n","protected":false},"excerpt":{"rendered":"<p>Il decreto legge n. 90 del 2014 (convertito nella legge n. 114 del 2014) \u201cMisure urgenti per la semplificazione e la trasparenza amministrativa e per&nbsp;<span class=\"hellipsis\">[&hellip;]<\/span><a class=\"more-link\" href=\"https:\/\/welaikaadv.site\/avviso\/home\/cosa-facciamo\/informare\/osservatorio-parlamentare\/attivita-legislativa\/decreto-legge-n-902014-appalti\/\">Leggi tutto <span class=\"screen-reader-text\">Legge n. 114 del 2014: sintesi delle norme in materia di trasparenza e correttezza delle procedure nei lavori pubblici<\/span> <span class=\"meta-nav\" aria-hidden=\"true\">&rarr;<\/span><\/a><\/p>\n","protected":false},"author":1,"featured_media":0,"parent":2537,"menu_order":0,"comment_status":"closed","ping_status":"closed","template":"","meta":{"_acf_changed":false,"_exactmetrics_skip_tracking":false,"_exactmetrics_sitenote_active":false,"_exactmetrics_sitenote_note":"","_exactmetrics_sitenote_category":0,"wp_social_preview_title":"","wp_social_preview_description":"","wp_social_preview_image":0,"footnotes":""},"class_list":["post-23529","page","type-page","status-publish","hentry"],"acf":[],"yoast_head":"<!-- This site is optimized with the Yoast SEO plugin v27.2 - https:\/\/yoast.com\/product\/yoast-seo-wordpress\/ -->\n<title>Legge n. 114 del 2014: sintesi delle norme in materia di trasparenza e correttezza delle procedure nei lavori pubblici - Staging Avviso Pubblico<\/title>\n<meta name=\"robots\" content=\"noindex, follow, max-snippet:-1, max-image-preview:large, max-video-preview:-1\" \/>\n<meta property=\"og:locale\" content=\"it_IT\" \/>\n<meta property=\"og:type\" content=\"article\" \/>\n<meta property=\"og:title\" content=\"Legge n. 114 del 2014: sintesi delle norme in materia di trasparenza e correttezza delle procedure nei lavori pubblici - Staging Avviso Pubblico\" \/>\n<meta property=\"og:description\" content=\"Il decreto legge n. 90 del 2014 (convertito nella legge n. 114 del 2014) \u201cMisure urgenti per la semplificazione e la trasparenza amministrativa e per&nbsp;[&hellip;]Leggi tutto Legge n. 114 del 2014: sintesi delle norme in materia di trasparenza e correttezza delle procedure nei lavori pubblici &rarr;\" \/>\n<meta property=\"og:url\" content=\"https:\/\/welaikaadv.site\/avviso\/home\/cosa-facciamo\/informare\/osservatorio-parlamentare\/attivita-legislativa\/decreto-legge-n-902014-appalti\/\" \/>\n<meta property=\"og:site_name\" content=\"Staging Avviso Pubblico\" \/>\n<meta name=\"twitter:card\" content=\"summary_large_image\" \/>\n<meta name=\"twitter:label1\" content=\"Tempo di lettura stimato\" \/>\n\t<meta name=\"twitter:data1\" content=\"2 minuti\" \/>\n<script type=\"application\/ld+json\" class=\"yoast-schema-graph\">{\"@context\":\"https:\/\/schema.org\",\"@graph\":[{\"@type\":\"WebPage\",\"@id\":\"https:\/\/welaikaadv.site\/avviso\/home\/cosa-facciamo\/informare\/osservatorio-parlamentare\/attivita-legislativa\/decreto-legge-n-902014-appalti\/\",\"url\":\"https:\/\/welaikaadv.site\/avviso\/home\/cosa-facciamo\/informare\/osservatorio-parlamentare\/attivita-legislativa\/decreto-legge-n-902014-appalti\/\",\"name\":\"Legge n. 114 del 2014: sintesi delle norme in materia di trasparenza e correttezza delle procedure nei lavori pubblici - Staging Avviso Pubblico\",\"isPartOf\":{\"@id\":\"https:\/\/welaikaadv.site\/avviso\/#website\"},\"datePublished\":\"2017-07-06T05:07:15+00:00\",\"breadcrumb\":{\"@id\":\"https:\/\/welaikaadv.site\/avviso\/home\/cosa-facciamo\/informare\/osservatorio-parlamentare\/attivita-legislativa\/decreto-legge-n-902014-appalti\/#breadcrumb\"},\"inLanguage\":\"it-IT\",\"potentialAction\":[{\"@type\":\"ReadAction\",\"target\":[\"https:\/\/welaikaadv.site\/avviso\/home\/cosa-facciamo\/informare\/osservatorio-parlamentare\/attivita-legislativa\/decreto-legge-n-902014-appalti\/\"]}]},{\"@type\":\"BreadcrumbList\",\"@id\":\"https:\/\/welaikaadv.site\/avviso\/home\/cosa-facciamo\/informare\/osservatorio-parlamentare\/attivita-legislativa\/decreto-legge-n-902014-appalti\/#breadcrumb\",\"itemListElement\":[{\"@type\":\"ListItem\",\"position\":1,\"name\":\"Home\",\"item\":\"https:\/\/welaikaadv.site\/avviso\/\"},{\"@type\":\"ListItem\",\"position\":2,\"name\":\"Legge n. 114 del 2014: sintesi delle norme in materia di trasparenza e correttezza delle procedure nei lavori pubblici\"}]},{\"@type\":\"WebSite\",\"@id\":\"https:\/\/welaikaadv.site\/avviso\/#website\",\"url\":\"https:\/\/welaikaadv.site\/avviso\/\",\"name\":\"Staging Avviso Pubblico\",\"description\":\"\",\"publisher\":{\"@id\":\"https:\/\/welaikaadv.site\/avviso\/#organization\"},\"potentialAction\":[{\"@type\":\"SearchAction\",\"target\":{\"@type\":\"EntryPoint\",\"urlTemplate\":\"https:\/\/welaikaadv.site\/avviso\/?s={search_term_string}\"},\"query-input\":{\"@type\":\"PropertyValueSpecification\",\"valueRequired\":true,\"valueName\":\"search_term_string\"}}],\"inLanguage\":\"it-IT\"},{\"@type\":\"Organization\",\"@id\":\"https:\/\/welaikaadv.site\/avviso\/#organization\",\"name\":\"Staging Avviso Pubblico\",\"url\":\"https:\/\/welaikaadv.site\/avviso\/\",\"logo\":{\"@type\":\"ImageObject\",\"inLanguage\":\"it-IT\",\"@id\":\"https:\/\/welaikaadv.site\/avviso\/#\/schema\/logo\/image\/\",\"url\":\"https:\/\/welaikaadv.site\/avviso\/wp-content\/uploads\/2024\/08\/logoAPsito-400.png\",\"contentUrl\":\"https:\/\/welaikaadv.site\/avviso\/wp-content\/uploads\/2024\/08\/logoAPsito-400.png\",\"width\":400,\"height\":97,\"caption\":\"Staging Avviso Pubblico\"},\"image\":{\"@id\":\"https:\/\/welaikaadv.site\/avviso\/#\/schema\/logo\/image\/\"}}]}<\/script>\n<!-- \/ Yoast SEO plugin. -->","yoast_head_json":{"title":"Legge n. 114 del 2014: sintesi delle norme in materia di trasparenza e correttezza delle procedure nei lavori pubblici - Staging Avviso Pubblico","robots":{"index":"noindex","follow":"follow","max-snippet":"max-snippet:-1","max-image-preview":"max-image-preview:large","max-video-preview":"max-video-preview:-1"},"og_locale":"it_IT","og_type":"article","og_title":"Legge n. 114 del 2014: sintesi delle norme in materia di trasparenza e correttezza delle procedure nei lavori pubblici - Staging Avviso Pubblico","og_description":"Il decreto legge n. 90 del 2014 (convertito nella legge n. 114 del 2014) \u201cMisure urgenti per la semplificazione e la trasparenza amministrativa e per&nbsp;[&hellip;]Leggi tutto Legge n. 114 del 2014: sintesi delle norme in materia di trasparenza e correttezza delle procedure nei lavori pubblici &rarr;","og_url":"https:\/\/welaikaadv.site\/avviso\/home\/cosa-facciamo\/informare\/osservatorio-parlamentare\/attivita-legislativa\/decreto-legge-n-902014-appalti\/","og_site_name":"Staging Avviso Pubblico","twitter_card":"summary_large_image","twitter_misc":{"Tempo di lettura stimato":"2 minuti"},"schema":{"@context":"https:\/\/schema.org","@graph":[{"@type":"WebPage","@id":"https:\/\/welaikaadv.site\/avviso\/home\/cosa-facciamo\/informare\/osservatorio-parlamentare\/attivita-legislativa\/decreto-legge-n-902014-appalti\/","url":"https:\/\/welaikaadv.site\/avviso\/home\/cosa-facciamo\/informare\/osservatorio-parlamentare\/attivita-legislativa\/decreto-legge-n-902014-appalti\/","name":"Legge n. 114 del 2014: sintesi delle norme in materia di trasparenza e correttezza delle procedure nei lavori pubblici - Staging Avviso Pubblico","isPartOf":{"@id":"https:\/\/welaikaadv.site\/avviso\/#website"},"datePublished":"2017-07-06T05:07:15+00:00","breadcrumb":{"@id":"https:\/\/welaikaadv.site\/avviso\/home\/cosa-facciamo\/informare\/osservatorio-parlamentare\/attivita-legislativa\/decreto-legge-n-902014-appalti\/#breadcrumb"},"inLanguage":"it-IT","potentialAction":[{"@type":"ReadAction","target":["https:\/\/welaikaadv.site\/avviso\/home\/cosa-facciamo\/informare\/osservatorio-parlamentare\/attivita-legislativa\/decreto-legge-n-902014-appalti\/"]}]},{"@type":"BreadcrumbList","@id":"https:\/\/welaikaadv.site\/avviso\/home\/cosa-facciamo\/informare\/osservatorio-parlamentare\/attivita-legislativa\/decreto-legge-n-902014-appalti\/#breadcrumb","itemListElement":[{"@type":"ListItem","position":1,"name":"Home","item":"https:\/\/welaikaadv.site\/avviso\/"},{"@type":"ListItem","position":2,"name":"Legge n. 114 del 2014: sintesi delle norme in materia di trasparenza e correttezza delle procedure nei lavori pubblici"}]},{"@type":"WebSite","@id":"https:\/\/welaikaadv.site\/avviso\/#website","url":"https:\/\/welaikaadv.site\/avviso\/","name":"Staging Avviso Pubblico","description":"","publisher":{"@id":"https:\/\/welaikaadv.site\/avviso\/#organization"},"potentialAction":[{"@type":"SearchAction","target":{"@type":"EntryPoint","urlTemplate":"https:\/\/welaikaadv.site\/avviso\/?s={search_term_string}"},"query-input":{"@type":"PropertyValueSpecification","valueRequired":true,"valueName":"search_term_string"}}],"inLanguage":"it-IT"},{"@type":"Organization","@id":"https:\/\/welaikaadv.site\/avviso\/#organization","name":"Staging Avviso Pubblico","url":"https:\/\/welaikaadv.site\/avviso\/","logo":{"@type":"ImageObject","inLanguage":"it-IT","@id":"https:\/\/welaikaadv.site\/avviso\/#\/schema\/logo\/image\/","url":"https:\/\/welaikaadv.site\/avviso\/wp-content\/uploads\/2024\/08\/logoAPsito-400.png","contentUrl":"https:\/\/welaikaadv.site\/avviso\/wp-content\/uploads\/2024\/08\/logoAPsito-400.png","width":400,"height":97,"caption":"Staging Avviso Pubblico"},"image":{"@id":"https:\/\/welaikaadv.site\/avviso\/#\/schema\/logo\/image\/"}}]}},"_links":{"self":[{"href":"https:\/\/welaikaadv.site\/avviso\/wp-json\/wp\/v2\/pages\/23529","targetHints":{"allow":["GET"]}}],"collection":[{"href":"https:\/\/welaikaadv.site\/avviso\/wp-json\/wp\/v2\/pages"}],"about":[{"href":"https:\/\/welaikaadv.site\/avviso\/wp-json\/wp\/v2\/types\/page"}],"author":[{"embeddable":true,"href":"https:\/\/welaikaadv.site\/avviso\/wp-json\/wp\/v2\/users\/1"}],"replies":[{"embeddable":true,"href":"https:\/\/welaikaadv.site\/avviso\/wp-json\/wp\/v2\/comments?post=23529"}],"version-history":[{"count":0,"href":"https:\/\/welaikaadv.site\/avviso\/wp-json\/wp\/v2\/pages\/23529\/revisions"}],"up":[{"embeddable":true,"href":"https:\/\/welaikaadv.site\/avviso\/wp-json\/wp\/v2\/pages\/2537"}],"wp:attachment":[{"href":"https:\/\/welaikaadv.site\/avviso\/wp-json\/wp\/v2\/media?parent=23529"}],"curies":[{"name":"wp","href":"https:\/\/api.w.org\/{rel}","templated":true}]}}