{"id":23532,"date":"2017-06-27T09:01:19","date_gmt":"2017-06-27T07:01:19","guid":{"rendered":"http:\/\/www.avvisopubblico.it\/osservatorio\/?page_id=6823"},"modified":"2017-06-27T09:01:19","modified_gmt":"2017-06-27T07:01:19","slug":"commissione-di-inchiesta-sui-migranti-relazione-sul-cara-di-mineo","status":"publish","type":"page","link":"https:\/\/welaikaadv.site\/avviso\/home\/cosa-facciamo\/informare\/osservatorio-parlamentare\/attivita-dinchiesta\/attivita-dinchiesta-xvii\/commissione-di-inchiesta-della-camera-sul-sistema-di-accoglienza-dei-profughi\/commissione-di-inchiesta-sui-migranti-relazione-sul-cara-di-mineo\/","title":{"rendered":"Commissione di inchiesta sui migranti: relazione sul Cara di Mineo"},"content":{"rendered":"<p><strong>Premessa<\/strong>. La Commissione parlamentare di inchiesta sul sistema di accoglienza, di identificazione ed espulsione, nonch\u00e9 sulle condizioni di trattenimento dei migranti e sulle risorse pubbliche impegnate ha approvato il 21 giugno 2017 una <a href=\"http:\/\/www.camera.it\/leg17\/824?tipo=A&amp;anno=2017&amp;mese=06&amp;giorno=21&amp;view=&amp;commissione=69#data.20170621.com69.allegati.all00010\"><strong>relazione<\/strong><\/a> incentrata sulle vicende del CARA di Mineo, il centro per richiedenti asilo pi\u00f9 grande d\u2019Italia, oggetto di diverse indagini giudiziarie. \u00a0Purtroppo le cronache nazionali hanno svelato che molti fra i centri di accoglienza presenti in Italia presentano problematiche analoghe a quelle emerse nel contesto del CARA di Mineo; la scelta della Commissione di compiere un\u2019indagine cos\u00ec approfondita su questo centro piuttosto che su altri non si basa n\u00e9 sulle sue dimensioni n\u00e9 sull\u2019importanza da esso rivestita nell\u2019ambito del sistema italiano di accoglienza, bens\u00ec sulla sua emblematicit\u00e0. Questo concetto viene esplicitamente ribadito dalla Commissione, secondo la quale il CARA di Mineo \u201crappresenta in qualche modo un caso di scuola delle contraddizioni e dei limiti insiti in un approccio evidentemente fallimentare al fenomeno migratorio e alla gestione dell\u2019accoglienza\u201d.<\/p>\n<p><strong>La struttura della relazione<\/strong>. La Commissione presenta una dettagliata cronistoria degli eventi accaduti in relazione al centro di accoglienza di Mineo. In particolare, parte dall\u2019analisi dello stato di emergenza venutosi a creare nel 2011 in seguito alle migrazioni causate dalle cosiddette \u201cprimavere arabe\u201d e le contromisure prese dal governo italiano per contrastare la situazione. In questo ambito si inserisce anche il momento di selezione del Residence degli Aranci e della sua attivazione con la denominazione di CARA di Mineo. In seguito vengono analizzate le vicende che hanno portato i soggetti istituzionali preposti a traghettare la gestione del centro da una situazione emergenziale fino alla gestione ordinaria; grande enfasi viene data anche al giudizio emesso dalla Corte dei Conti, sulle procedure di gara e sui controlli di regolare svolgimento, i quali sono risultati insufficienti e spesso assenti. La cronistoria delle vicende del centro si chiude con una parte relativa agli episodi giudiziari nei quali \u00e8 stato coinvolto il centro migranti. Successivamente il focus si sposta sui sopralluoghi effettuati dalla Commissione stessa presso il CARA il 26 maggio e 7 luglio 2016 e riguardanti diversi settori della vita del CARA. Viene inoltre fornita una descrizione delle mozioni parlamentari presentate in tema.<\/p>\n<p><strong>Le maggiori criticit\u00e0<\/strong>. In estrema sintesi, la relazione individua quattro aspetti della vita nel centro particolarmente problematici; in primis, la drammatica carenza di standard compatibili con il rispetto della dignit\u00e0 e dei diritti della persona, come evidenziato dai sopralluoghi effettuati dalla Commissione stessa presso il centro calatino. Tali ricognizioni hanno fatto emergere le \u201cprecarie\u201d condizioni igienico-sanitarie della struttura, il \u201cdeficitario, con <em>screening<\/em> superficiali\u201d servizio medico interno, l\u2019insufficienza dei servizi relativi a mediazione linguistico-culturale, consulenza legale, sostegno psicologico, attivit\u00e0 di formazione ed orientamento all\u2019integrazione. Tutto ci\u00f2 aggravato dalla mancanza di spazi di socialit\u00e0 e dall\u2019impossibilit\u00e0 di svolgere qualsiasi attivit\u00e0, il che ha costretto gli ospiti della struttura ad una controproducente inattivit\u00e0 forzata. Nonostante la presenza di circa 200 addetti alla sorveglianza, anche le norme di sicurezza sono giudicate insufficienti: la vigilanza \u00e8 demandata ai vari gruppi etnici, il che avrebbe permesso la comparsa di un\u2019economia sommersa ed alternativa interna al centro, fenomeni di sfruttamento, traffico di droghe, prostituzione ed altre attivit\u00e0 non autorizzate ma tollerate dai gestori. Le forze dell\u2019ordine sembrano a conoscenza della situazione ma si limitano ad una vigilanza a distanza.<\/p>\n<p>Il secondo di questi aspetti riguarda la posizione del centro, lontano da vie di comunicazione significative e da centri abitati di dimensioni adeguate al sostegno che deve essere fornito ad un centro di quelle dimensioni. Era ampiamente preventivabile come la concentrazione di migliaia di persone in una struttura isolata, anche se a breve distanza da un centro abitato di sole 5.000 persone, avrebbe potuto creare tensioni, sia all\u2019interno della comunit\u00e0 degli ospiti che nel rapporto con la cittadinanza del territorio, ingenerando nei casi pi\u00f9 estremi anche rischi per la pubblica sicurezza. Questa situazione costringe di fatto i migranti alla permanenza ad oltranza nel CARA, nonostante siano in teoria liberi di entrare ed uscire a loro piacimento, data la mancanza di mezzi di trasporto per arrivare al centro di Mineo, escludendo cos\u00ec ogni possibile forma di integrazione con il territorio circostante.<\/p>\n<p>Terza questione sollevata dalla Commissione riguarda la gestione, sia complessiva che finanziaria, del CARA, il quale avrebbe dovuto essere gestito dalle preposte autorit\u00e0 centrali, ma in realt\u00e0 tale compito \u00e8 stato demandato alle autorit\u00e0 locali, che si sono rilevate impreparate e penetrabili da fenomeni corruttivi.<\/p>\n<p>Tale questione introduce la quarta ed ultima criticit\u00e0 individuata dalla Commissione, riguardante le falle emerse in relazione alla opacit\u00e0 delle procedure ed i mancati, od inefficaci, controlli per quanto riguarda l\u2019aggiudicazione della gara d\u2019appalto, l\u2019assunzione di dipendenti per chiamata diretta, una scelta dei fornitori definita \u201cclientelare\u201d dalla Commissione, la scarsa trasparenza nella gestione dei cosiddetti <em>pocket money<\/em>, il sistema di rilevazione degli ospiti presenti all\u2019interno della struttura (la quale ha generato una specifica inchiesta giudiziaria da parte della procura di Caltagirone) e l\u2019intreccio di tali questioni con le vicende della vita politica locale.<\/p>\n<p>In sostanza, la Commissione sottolinea i precedenti punti come i maggiormente problematici nell\u2019arco dalla gestione pluriannuale del CARA, ma asserisce altres\u00ec come tutta la vicenda relativa al CARA di Mineo presenti gravi anomalie. In primis viene rilevata la volont\u00e0 a voler stabilizzare la delega relativa alla prima fase emergenziale, in modo da poter effettuare scelte senza i vincoli imposti dai controlli di trasparenza e legalit\u00e0 delle operazioni. In questo, un importante ruolo viene giocato dai membri del cosiddetto \u201csistema Odevaine\u201d emerso nell\u2019ambito di Mafia Capitale, che prende nome dall\u2019alto funzionario romano che faceva capo ad esso. Questo sistema permetteva una ulteriore criticit\u00e0 nella gestione del centro di Mineo, ovvero l\u2019intreccio fra la stazione appaltante, il Consorzio Calatino Terra d\u2019Accoglienza, alcune cooperative, poi risultate vincitrici dell\u2019appalto stesso, e diversi uomini politici locali, a partire dall\u2019ex presidente della Provincia Giuseppe Castiglione, oggi sottosegretario all\u2019Agricoltura. Queste connessioni lasciavano intendere una gestione clientelare del centro, al fine di acquisire e distribuire vantaggi economici e scambiarli con consensi politici. Spetter\u00e0 alla procura di Catania, presso la quale si \u00e8 in attesa di giungere a processo per la risoluzione di queste controversie, stabilire le responsabilit\u00e0 in merito.<\/p>\n<p><strong>Conclusioni<\/strong>. Le conclusioni della Commissione ribadiscono che, al fine di raggiungere un adeguato funzionamento delle politiche di accoglienza, sia necessario che il sistema complessivamente inteso risulti efficiente, economicamente e non solo. In tal senso, raccomanda il superamento dell\u2019approccio emergenziale adottato fino a questo momento e legato ad un utilizzo massiccio dei grandi centri migranti, anche tramite il potenziamento delle Commissioni territoriali ed un miglioramento del sistema di monitoraggio delle procedure di affidamento, per far posto ad un sistema di accoglienza integrato, maggiormente articolato sul territorio e pi\u00f9 sostenibile. La Commissione individua almeno tre ordini di ragioni che dimostrano il fallimento dell\u2019approccio legato ai grandi centri destinati all\u2019accoglienza di migliaia di migranti: primariamente, si ritiene che questo modello produca ambienti malsani ed assolutamente irrispettosi di qualsiasi diritto o dignit\u00e0 umana; in secondo luogo, lo stato di fatto creato nelle zone in cui questi centri sono ospitati pu\u00f2 generare, e spesso lo ha fatto, tensioni sociali e problemi alla pubblica sicurezza; infine, tale approccio pu\u00f2 portare alla penetrazione nella gestione di questi centri di associazioni criminali, quando non compiutamente mafiose, come dimostrano casi molto recenti saliti alla ribalta nazionale, ultimo in ordine di tempo quello di Isola Capo Rizzuto. Il documento si chiude con la richiesta di una pi\u00f9 pedissequa aderenza del sistema di accoglienza italiano alla normativa vigente delineato dal d. lgs. 142\/2015, attraverso un utilizzo conforme per quanto riguarda le strutture di prima accoglienza, come il CARA di Mineo, e contemporaneamente il potenziamento, in maniera pi\u00f9 celere possibile, delle strutture di seconda accoglienza, cos\u00ec da rendere effettiva la politica di integrazione, necessaria nell\u2019attuale sistema di accoglienza.<\/p>\n<p>&nbsp;<\/p>\n<p>(<em>a cura di Francesco Casella<\/em>, <em>Master in analisi, prevenzione e contrasto della corruzione e della criminalit\u00e0 organizzata \u2013 anno 2016 &#8211; Universit\u00e0 di Pisa<\/em>)<\/p>\n<p>&nbsp;<\/p>\n","protected":false},"excerpt":{"rendered":"<p>Premessa. La Commissione parlamentare di inchiesta sul sistema di accoglienza, di identificazione ed espulsione, nonch\u00e9 sulle condizioni di trattenimento dei migranti e sulle risorse pubbliche&nbsp;<span class=\"hellipsis\">[&hellip;]<\/span><a class=\"more-link\" href=\"https:\/\/welaikaadv.site\/avviso\/home\/cosa-facciamo\/informare\/osservatorio-parlamentare\/attivita-dinchiesta\/attivita-dinchiesta-xvii\/commissione-di-inchiesta-della-camera-sul-sistema-di-accoglienza-dei-profughi\/commissione-di-inchiesta-sui-migranti-relazione-sul-cara-di-mineo\/\">Leggi tutto <span class=\"screen-reader-text\">Commissione di inchiesta sui migranti: relazione sul Cara di Mineo<\/span> <span class=\"meta-nav\" aria-hidden=\"true\">&rarr;<\/span><\/a><\/p>\n","protected":false},"author":1,"featured_media":0,"parent":23587,"menu_order":0,"comment_status":"closed","ping_status":"closed","template":"","meta":{"_acf_changed":false,"_exactmetrics_skip_tracking":false,"_exactmetrics_sitenote_active":false,"_exactmetrics_sitenote_note":"","_exactmetrics_sitenote_category":0,"wp_social_preview_title":"","wp_social_preview_description":"","wp_social_preview_image":0,"footnotes":""},"class_list":["post-23532","page","type-page","status-publish","hentry"],"acf":[],"yoast_head":"<!-- This site is optimized with the Yoast SEO plugin v27.2 - https:\/\/yoast.com\/product\/yoast-seo-wordpress\/ -->\n<title>Commissione di inchiesta sui migranti: relazione sul Cara di Mineo - Staging Avviso Pubblico<\/title>\n<meta name=\"robots\" content=\"noindex, follow, max-snippet:-1, max-image-preview:large, max-video-preview:-1\" \/>\n<meta property=\"og:locale\" content=\"it_IT\" \/>\n<meta property=\"og:type\" content=\"article\" \/>\n<meta property=\"og:title\" content=\"Commissione di inchiesta sui migranti: relazione sul Cara di Mineo - Staging Avviso Pubblico\" \/>\n<meta property=\"og:description\" content=\"Premessa. La Commissione parlamentare di inchiesta sul sistema di accoglienza, di identificazione ed espulsione, nonch\u00e9 sulle condizioni di trattenimento dei migranti e sulle risorse pubbliche&nbsp;[&hellip;]Leggi tutto Commissione di inchiesta sui migranti: relazione sul Cara di Mineo &rarr;\" \/>\n<meta property=\"og:url\" content=\"https:\/\/welaikaadv.site\/avviso\/home\/cosa-facciamo\/informare\/osservatorio-parlamentare\/attivita-dinchiesta\/attivita-dinchiesta-xvii\/commissione-di-inchiesta-della-camera-sul-sistema-di-accoglienza-dei-profughi\/commissione-di-inchiesta-sui-migranti-relazione-sul-cara-di-mineo\/\" \/>\n<meta property=\"og:site_name\" content=\"Staging Avviso Pubblico\" \/>\n<meta name=\"twitter:card\" content=\"summary_large_image\" \/>\n<meta name=\"twitter:label1\" content=\"Tempo di lettura stimato\" \/>\n\t<meta name=\"twitter:data1\" content=\"7 minuti\" \/>\n<script type=\"application\/ld+json\" class=\"yoast-schema-graph\">{\"@context\":\"https:\/\/schema.org\",\"@graph\":[{\"@type\":\"WebPage\",\"@id\":\"https:\/\/welaikaadv.site\/avviso\/home\/cosa-facciamo\/informare\/osservatorio-parlamentare\/attivita-dinchiesta\/attivita-dinchiesta-xvii\/commissione-di-inchiesta-della-camera-sul-sistema-di-accoglienza-dei-profughi\/commissione-di-inchiesta-sui-migranti-relazione-sul-cara-di-mineo\/\",\"url\":\"https:\/\/welaikaadv.site\/avviso\/home\/cosa-facciamo\/informare\/osservatorio-parlamentare\/attivita-dinchiesta\/attivita-dinchiesta-xvii\/commissione-di-inchiesta-della-camera-sul-sistema-di-accoglienza-dei-profughi\/commissione-di-inchiesta-sui-migranti-relazione-sul-cara-di-mineo\/\",\"name\":\"Commissione di inchiesta sui migranti: relazione sul Cara di Mineo - Staging Avviso Pubblico\",\"isPartOf\":{\"@id\":\"https:\/\/welaikaadv.site\/avviso\/#website\"},\"datePublished\":\"2017-06-27T07:01:19+00:00\",\"breadcrumb\":{\"@id\":\"https:\/\/welaikaadv.site\/avviso\/home\/cosa-facciamo\/informare\/osservatorio-parlamentare\/attivita-dinchiesta\/attivita-dinchiesta-xvii\/commissione-di-inchiesta-della-camera-sul-sistema-di-accoglienza-dei-profughi\/commissione-di-inchiesta-sui-migranti-relazione-sul-cara-di-mineo\/#breadcrumb\"},\"inLanguage\":\"it-IT\",\"potentialAction\":[{\"@type\":\"ReadAction\",\"target\":[\"https:\/\/welaikaadv.site\/avviso\/home\/cosa-facciamo\/informare\/osservatorio-parlamentare\/attivita-dinchiesta\/attivita-dinchiesta-xvii\/commissione-di-inchiesta-della-camera-sul-sistema-di-accoglienza-dei-profughi\/commissione-di-inchiesta-sui-migranti-relazione-sul-cara-di-mineo\/\"]}]},{\"@type\":\"BreadcrumbList\",\"@id\":\"https:\/\/welaikaadv.site\/avviso\/home\/cosa-facciamo\/informare\/osservatorio-parlamentare\/attivita-dinchiesta\/attivita-dinchiesta-xvii\/commissione-di-inchiesta-della-camera-sul-sistema-di-accoglienza-dei-profughi\/commissione-di-inchiesta-sui-migranti-relazione-sul-cara-di-mineo\/#breadcrumb\",\"itemListElement\":[{\"@type\":\"ListItem\",\"position\":1,\"name\":\"Home\",\"item\":\"https:\/\/welaikaadv.site\/avviso\/\"},{\"@type\":\"ListItem\",\"position\":2,\"name\":\"Commissione di inchiesta sui migranti: relazione sul Cara di Mineo\"}]},{\"@type\":\"WebSite\",\"@id\":\"https:\/\/welaikaadv.site\/avviso\/#website\",\"url\":\"https:\/\/welaikaadv.site\/avviso\/\",\"name\":\"Staging Avviso Pubblico\",\"description\":\"\",\"publisher\":{\"@id\":\"https:\/\/welaikaadv.site\/avviso\/#organization\"},\"potentialAction\":[{\"@type\":\"SearchAction\",\"target\":{\"@type\":\"EntryPoint\",\"urlTemplate\":\"https:\/\/welaikaadv.site\/avviso\/?s={search_term_string}\"},\"query-input\":{\"@type\":\"PropertyValueSpecification\",\"valueRequired\":true,\"valueName\":\"search_term_string\"}}],\"inLanguage\":\"it-IT\"},{\"@type\":\"Organization\",\"@id\":\"https:\/\/welaikaadv.site\/avviso\/#organization\",\"name\":\"Staging Avviso Pubblico\",\"url\":\"https:\/\/welaikaadv.site\/avviso\/\",\"logo\":{\"@type\":\"ImageObject\",\"inLanguage\":\"it-IT\",\"@id\":\"https:\/\/welaikaadv.site\/avviso\/#\/schema\/logo\/image\/\",\"url\":\"https:\/\/welaikaadv.site\/avviso\/wp-content\/uploads\/2024\/08\/logoAPsito-400.png\",\"contentUrl\":\"https:\/\/welaikaadv.site\/avviso\/wp-content\/uploads\/2024\/08\/logoAPsito-400.png\",\"width\":400,\"height\":97,\"caption\":\"Staging Avviso Pubblico\"},\"image\":{\"@id\":\"https:\/\/welaikaadv.site\/avviso\/#\/schema\/logo\/image\/\"}}]}<\/script>\n<!-- \/ Yoast SEO plugin. -->","yoast_head_json":{"title":"Commissione di inchiesta sui migranti: relazione sul Cara di Mineo - Staging Avviso Pubblico","robots":{"index":"noindex","follow":"follow","max-snippet":"max-snippet:-1","max-image-preview":"max-image-preview:large","max-video-preview":"max-video-preview:-1"},"og_locale":"it_IT","og_type":"article","og_title":"Commissione di inchiesta sui migranti: relazione sul Cara di Mineo - Staging Avviso Pubblico","og_description":"Premessa. La Commissione parlamentare di inchiesta sul sistema di accoglienza, di identificazione ed espulsione, nonch\u00e9 sulle condizioni di trattenimento dei migranti e sulle risorse pubbliche&nbsp;[&hellip;]Leggi tutto Commissione di inchiesta sui migranti: relazione sul Cara di Mineo &rarr;","og_url":"https:\/\/welaikaadv.site\/avviso\/home\/cosa-facciamo\/informare\/osservatorio-parlamentare\/attivita-dinchiesta\/attivita-dinchiesta-xvii\/commissione-di-inchiesta-della-camera-sul-sistema-di-accoglienza-dei-profughi\/commissione-di-inchiesta-sui-migranti-relazione-sul-cara-di-mineo\/","og_site_name":"Staging Avviso Pubblico","twitter_card":"summary_large_image","twitter_misc":{"Tempo di lettura stimato":"7 minuti"},"schema":{"@context":"https:\/\/schema.org","@graph":[{"@type":"WebPage","@id":"https:\/\/welaikaadv.site\/avviso\/home\/cosa-facciamo\/informare\/osservatorio-parlamentare\/attivita-dinchiesta\/attivita-dinchiesta-xvii\/commissione-di-inchiesta-della-camera-sul-sistema-di-accoglienza-dei-profughi\/commissione-di-inchiesta-sui-migranti-relazione-sul-cara-di-mineo\/","url":"https:\/\/welaikaadv.site\/avviso\/home\/cosa-facciamo\/informare\/osservatorio-parlamentare\/attivita-dinchiesta\/attivita-dinchiesta-xvii\/commissione-di-inchiesta-della-camera-sul-sistema-di-accoglienza-dei-profughi\/commissione-di-inchiesta-sui-migranti-relazione-sul-cara-di-mineo\/","name":"Commissione di inchiesta sui migranti: relazione sul Cara di Mineo - Staging Avviso Pubblico","isPartOf":{"@id":"https:\/\/welaikaadv.site\/avviso\/#website"},"datePublished":"2017-06-27T07:01:19+00:00","breadcrumb":{"@id":"https:\/\/welaikaadv.site\/avviso\/home\/cosa-facciamo\/informare\/osservatorio-parlamentare\/attivita-dinchiesta\/attivita-dinchiesta-xvii\/commissione-di-inchiesta-della-camera-sul-sistema-di-accoglienza-dei-profughi\/commissione-di-inchiesta-sui-migranti-relazione-sul-cara-di-mineo\/#breadcrumb"},"inLanguage":"it-IT","potentialAction":[{"@type":"ReadAction","target":["https:\/\/welaikaadv.site\/avviso\/home\/cosa-facciamo\/informare\/osservatorio-parlamentare\/attivita-dinchiesta\/attivita-dinchiesta-xvii\/commissione-di-inchiesta-della-camera-sul-sistema-di-accoglienza-dei-profughi\/commissione-di-inchiesta-sui-migranti-relazione-sul-cara-di-mineo\/"]}]},{"@type":"BreadcrumbList","@id":"https:\/\/welaikaadv.site\/avviso\/home\/cosa-facciamo\/informare\/osservatorio-parlamentare\/attivita-dinchiesta\/attivita-dinchiesta-xvii\/commissione-di-inchiesta-della-camera-sul-sistema-di-accoglienza-dei-profughi\/commissione-di-inchiesta-sui-migranti-relazione-sul-cara-di-mineo\/#breadcrumb","itemListElement":[{"@type":"ListItem","position":1,"name":"Home","item":"https:\/\/welaikaadv.site\/avviso\/"},{"@type":"ListItem","position":2,"name":"Commissione di inchiesta sui migranti: relazione sul Cara di Mineo"}]},{"@type":"WebSite","@id":"https:\/\/welaikaadv.site\/avviso\/#website","url":"https:\/\/welaikaadv.site\/avviso\/","name":"Staging Avviso Pubblico","description":"","publisher":{"@id":"https:\/\/welaikaadv.site\/avviso\/#organization"},"potentialAction":[{"@type":"SearchAction","target":{"@type":"EntryPoint","urlTemplate":"https:\/\/welaikaadv.site\/avviso\/?s={search_term_string}"},"query-input":{"@type":"PropertyValueSpecification","valueRequired":true,"valueName":"search_term_string"}}],"inLanguage":"it-IT"},{"@type":"Organization","@id":"https:\/\/welaikaadv.site\/avviso\/#organization","name":"Staging Avviso Pubblico","url":"https:\/\/welaikaadv.site\/avviso\/","logo":{"@type":"ImageObject","inLanguage":"it-IT","@id":"https:\/\/welaikaadv.site\/avviso\/#\/schema\/logo\/image\/","url":"https:\/\/welaikaadv.site\/avviso\/wp-content\/uploads\/2024\/08\/logoAPsito-400.png","contentUrl":"https:\/\/welaikaadv.site\/avviso\/wp-content\/uploads\/2024\/08\/logoAPsito-400.png","width":400,"height":97,"caption":"Staging Avviso Pubblico"},"image":{"@id":"https:\/\/welaikaadv.site\/avviso\/#\/schema\/logo\/image\/"}}]}},"_links":{"self":[{"href":"https:\/\/welaikaadv.site\/avviso\/wp-json\/wp\/v2\/pages\/23532","targetHints":{"allow":["GET"]}}],"collection":[{"href":"https:\/\/welaikaadv.site\/avviso\/wp-json\/wp\/v2\/pages"}],"about":[{"href":"https:\/\/welaikaadv.site\/avviso\/wp-json\/wp\/v2\/types\/page"}],"author":[{"embeddable":true,"href":"https:\/\/welaikaadv.site\/avviso\/wp-json\/wp\/v2\/users\/1"}],"replies":[{"embeddable":true,"href":"https:\/\/welaikaadv.site\/avviso\/wp-json\/wp\/v2\/comments?post=23532"}],"version-history":[{"count":0,"href":"https:\/\/welaikaadv.site\/avviso\/wp-json\/wp\/v2\/pages\/23532\/revisions"}],"up":[{"embeddable":true,"href":"https:\/\/welaikaadv.site\/avviso\/wp-json\/wp\/v2\/pages\/23587"}],"wp:attachment":[{"href":"https:\/\/welaikaadv.site\/avviso\/wp-json\/wp\/v2\/media?parent=23532"}],"curies":[{"name":"wp","href":"https:\/\/api.w.org\/{rel}","templated":true}]}}