{"id":23533,"date":"2017-06-29T23:13:58","date_gmt":"2017-06-29T21:13:58","guid":{"rendered":"http:\/\/www.avvisopubblico.it\/osservatorio\/?page_id=6846"},"modified":"2017-06-29T23:13:58","modified_gmt":"2017-06-29T21:13:58","slug":"relazione-2017-sulle-attivita-svolte-dal-procuratore-nazionale-e-dalla-direzione-nazionale-antimafia-e-antiterrorismo-lndrangheta","status":"publish","type":"page","link":"https:\/\/welaikaadv.site\/avviso\/home\/cosa-facciamo\/informare\/documenti-tematici\/mafie\/relazione-2017-sulle-attivita-svolte-dal-procuratore-nazionale-e-dalla-direzione-nazionale-antimafia-e-antiterrorismo-lndrangheta\/","title":{"rendered":"Relazione 2017 sulle attivit\u00e0 svolte dal Procuratore nazionale e dalla Direzione nazionale antimafia e antiterrorismo: la \u2019ndrangheta"},"content":{"rendered":"<p><strong>Premessa.<\/strong> La Direzione Nazionale Antimafia e Antiterrorismo ha presentato a giugno 2017 la <a href=\"https:\/\/welaikaadv.site\/avviso\/wp-content\/uploads\/2017\/06\/RELAZIONE-DNA-1.7.2015-30.6.2016.pdf\"><strong>Relazione annuale<\/strong><\/a> sulle attivit\u00e0 svolte dal Procuratore nazionale e dalla Direzione nazionale antimafia e antiterrorismo nonch\u00e9 sulle dinamiche e strategie della criminalit\u00e0 organizzata di tipo mafioso nel periodo luglio 2015 \u2013 giugno 2016. Di seguito viene sintetizzato il capitolo dedicato alla \u2018ndrangheta.<\/p>\n<p><strong>La \u2018ndrangheta \u00e8 ovunque<\/strong>. In continuit\u00e0 con le Relazioni degli anni passati, anche nel 2016 l\u2019organizzazione criminale calabrese si conferma la struttura pi\u00f9 ramificata, con i legami pi\u00f9 solidi e la pi\u00f9 potente del panorama italiano. Presente ovunque in Italia \u2013 seppur con vari gradi di infiltrazione o radicamento \u2013 la \u2018ndrangheta \u00e8 l\u2019unica organizzazione mafiosa davvero internazionale, con diramazioni in tutto il continente americano, in Australia, in numerosi Paesi europei come Germania, Svizzera e Olanda.<\/p>\n<p>Si conferma in condizione di assoluta supremazia nel traffico di cocaina in Europa, grazie ai solidi e consolidati rapporti con i Paesi del Sud America che la esportano. La \u2018ndrangheta \u00e8 oggi una struttura unitaria, con la testa in Calabria ma ormai radicata nel Nord del Paese, che fa affari a tutti i livelli, con un\u2019alta capacit\u00e0 di infiltrazione nelle amministrazioni pubbliche e nell\u2019imprenditoria, canali che utilizza per il riciclaggio e il reimpiego di capitali illeciti.<\/p>\n<p>Gli ambiti di interesse sono quelli gi\u00e0 noti: l\u2019edilizia e in particolare il \u201cmovimento terra\u201d, trasporti, smaltimento rifiuti, logistica \u2013 facchinaggio e pulizie &#8211; societ\u00e0 immobiliari e di gestione di attivit\u00e0 commerciali di varia tipologia, impianti sportivi, scommesse e gioco d\u2019azzardo, anche on line.<\/p>\n<p><strong>Una struttura di comando \u201criservata\u201d.<\/strong> Un dato relativamente nuovo, ma certificato dalla Relazione DNA 2016, viene dalle numerose inchieste sui legami tra \u2018ndrangheta, massoneria deviata ed esponenti dei servizi segreti. Le storiche famiglie della provincia di Reggio Calabria, cuore pulsante della \u2018ndrangheta \u2013 Libri, Tegano, Condello, De Stefano, Rosmini, Serraino \u2013 hanno con esponenti delle Istituzioni e professionisti rapporti \u201cdi piena intraneit\u00e0, al punto da giocare un ruolo di assoluto primo piano nelle scelte strategiche dell\u2019associazione, facendo parte di una \u2018struttura riservata\u2019 di comando, la cui esistenza \u00e8 stata scientemente tenuta nascosta a gran parte degli affiliati, anche di rango elevato\u201d. Tale struttura opera \u201cin sinergia\u201d con il <em>Crimine<\/em>, la storica camera di compensazione e comando della provincia di Reggio Calabria (<strong>vedi precedenti Relazioni<\/strong>)<\/p>\n<p><strong>Il controllo del mondo imprenditoriale e politico attraverso Paolo Romeo<\/strong>. Figura centrale di tale struttura di comando \u201criservata\u201d \u00e8 individuata nella figura di Paolo Romeo, soggetto appartenente al mondo massonico e, al contempo, \u201cuomo di vertice dell\u2019associazione criminale, dei cui interessi \u00e8 portatore nel mondo imprenditoriale ed in quello politico, ruolo svolto con accanto personaggi che sono sostanzialmente gli stessi da circa 15 anni, senza dimenticare i suoi antichi e ben solidi rapporti con la destra estrema ed eversiva\u201d. \u00a0Romeo \u00e8 ritenuto il motore dell\u2019associazione segreta sopra descritta, \u201cdimostratasi in grado di condizionare l\u2019agire delle istituzioni locali, finendo con il piegarle ai propri desiderata, convergenti con gli interessi pi\u00f9 generali della ndrangheta\u201d.<\/p>\n<p>Tale associazione era ovviamente in grado di controllare e convogliare pacchetti di voti in occasione delle varie competizioni elettorali. \u201cAll\u2019interno di questa cabina di regia criminale \u00e8 stato gestito il potere, quello vero, quello reale, quello che decide chi, in un certo contesto territoriale, diventer\u00e0 Sindaco, consigliere o assessore comunale, consigliere o assessore regionale e addirittura parlamentare nazionale od europeo\u201d.<\/p>\n<p><strong>La vera forza delle \u2018ndrine: la gestione del territorio<\/strong>. La presenza della \u2018ndrangheta in tutti settori della vita politica ed economica ne accresce il prestigio e la presa sul territorio. L\u2019organizzazione continua pertanto \u201ca dimostrare grande capacit\u00e0 di rendere funzionale al raggiungimento dei propri obiettivi di radicamento capillare sul territorio e di controllo di tutte le attivit\u00e0 economiche ivi operanti, il bisogno di lavoro che attanaglia gran parte delle famiglie calabresi, soprattutto i giovani. Le imprese direttamente controllate dalle consorterie, quelle a cui sono stati fatte vincere le gare pubbliche ed anche quelle sottoposte alla loro azione estorsiva, sono state sempre sollecitate ad assumere personale nominativamente indicato, cosa che ha contribuito ad alzare il gradimento dei sodalizi e di chi li rappresenta e, dunque, ad incrementare quel controllo del voto, che costituisce la vera forza della ndrangheta, soprattutto nei rapporti con la politica\u201d.<\/p>\n<p><strong>La \u2018ndrangheta al Centro &#8211; Nord, vari gradi di infiltrazione e radicamento<\/strong>. La presenza \u2018ndranghetista nel Centro \u2013 Nord del nostro Paese \u00e8 un dato acquisito anche da una larga fetta dell\u2019opinione pubblica. Ma i vari territori conoscono vari gradi di infiltrazione o radicamento che rendono la presenza \u2018ndranghetista pi\u00f9 o meno percepibile, a seconda delle attivit\u00e0 condotte dai clan.<\/p>\n<p><strong>Veneto, Friuli Venezia Giulia e Toscana<\/strong> sono descritti come territori in cui l\u2019organizzazione criminale \u201creinveste i cospicui proventi della propria variegata attivit\u00e0 criminosa, nel settore immobiliare o attraverso operatori economici\u201d. In alcuni casi si tratta di prestanome di esponenti apicali delle diverse famiglie calabresi. In altri sono le imprese a mettersi a disposizione, \u201cricavandone profitti o, comunque, una posizione di preminenza nel settore di operativit\u00e0, derivante dalla capacit\u00e0 intimidatoria dei preziosi alleati, il tutto in una logica di scellerato patto criminale\u201d. In <strong>Piemonte, Lombardia, Liguria, Emilia Romagna ed Umbria<\/strong> la presenza \u2018ndranghetista \u00e8 stabile e radicata, arrivando a soppiantare la concorrenza di altre organizzazioni criminali o comunque in rapporti di \u201cnon belligeranza\u201d con esse.<\/p>\n<p>\u201cNon si \u00e8 in grado di affermare se tutto ci\u00f2 sia la conseguenza di una precisa scelta strategica della ndrangheta o se, invece, sia dipeso dalla maggiore o minore capacit\u00e0 del territorio, nelle sue diverse componenti \u2013 politica\/istituzionale, imprenditoria, societ\u00e0 civile \u2013 di fare fronte comune rispetto all\u2019azione pervasiva della predetta organizzazione\u201d.<\/p>\n<p><strong>La \u2018ndrangheta all\u2019estero<\/strong>. Altro dato consolidato \u00e8 l\u2019operativit\u00e0 delle \u2018ndrine nel resto del mondo. All\u2019estero viene riprodotto lo stesso schema organizzativo e il modus operandi utilizzato dalle famiglie presenti in Italia. Il legame con la \u201ccasa madre\u201d in Calabria \u00e8 strettissimo, tanto che ogni decisione importante viene assunta non in loco ma dal <em>Crimine<\/em> di Reggio Calabria.<\/p>\n<p>La DNA dedica ampio spazio alla situazione in <strong>Canada<\/strong>, terra in cui le \u2018ndrine sono radicate da decenni e da cui gestiscono varie attivit\u00e0. Il grande Nord \u00e8 anche luogo di rifugio per i numerosi latitanti in fuga dalla giustizia. La pervasivit\u00e0 della presenza ndranghetista \u00e8 stata favorita dalla sottovalutazione del fenomeno da parte delle autorit\u00e0 locali, non abituate ad avere a che fare con questo genere di organizzazioni mafiose. Analogo scenario viene descritto in <strong>Australia<\/strong>.<\/p>\n<p>&nbsp;<\/p>\n<p><em>(a\u00a0cura di <a href=\"mailto:claudio.forleo@avvisopubblico.it\"><strong>Claudio Forleo<\/strong><\/a>, giornalista)<\/em><\/p>\n","protected":false},"excerpt":{"rendered":"<p>Premessa. La Direzione Nazionale Antimafia e Antiterrorismo ha presentato a giugno 2017 la Relazione annuale sulle attivit\u00e0 svolte dal Procuratore nazionale e dalla Direzione nazionale&nbsp;<span class=\"hellipsis\">[&hellip;]<\/span><a class=\"more-link\" href=\"https:\/\/welaikaadv.site\/avviso\/home\/cosa-facciamo\/informare\/documenti-tematici\/mafie\/relazione-2017-sulle-attivita-svolte-dal-procuratore-nazionale-e-dalla-direzione-nazionale-antimafia-e-antiterrorismo-lndrangheta\/\">Leggi tutto <span class=\"screen-reader-text\">Relazione 2017 sulle attivit\u00e0 svolte dal Procuratore nazionale e dalla Direzione nazionale antimafia e antiterrorismo: la \u2019ndrangheta<\/span> <span class=\"meta-nav\" aria-hidden=\"true\">&rarr;<\/span><\/a><\/p>\n","protected":false},"author":1,"featured_media":0,"parent":207,"menu_order":0,"comment_status":"closed","ping_status":"closed","template":"","meta":{"_acf_changed":false,"_exactmetrics_skip_tracking":false,"_exactmetrics_sitenote_active":false,"_exactmetrics_sitenote_note":"","_exactmetrics_sitenote_category":0,"wp_social_preview_title":"","wp_social_preview_description":"","wp_social_preview_image":0,"footnotes":""},"class_list":["post-23533","page","type-page","status-publish","hentry"],"acf":[],"yoast_head":"<!-- This site is optimized with the Yoast SEO plugin v27.2 - https:\/\/yoast.com\/product\/yoast-seo-wordpress\/ -->\n<title>Relazione 2017 sulle attivit\u00e0 svolte dal Procuratore nazionale e dalla Direzione nazionale antimafia e antiterrorismo: la \u2019ndrangheta - Staging Avviso Pubblico<\/title>\n<meta name=\"robots\" content=\"noindex, follow, max-snippet:-1, max-image-preview:large, max-video-preview:-1\" \/>\n<meta property=\"og:locale\" content=\"it_IT\" \/>\n<meta property=\"og:type\" content=\"article\" \/>\n<meta property=\"og:title\" content=\"Relazione 2017 sulle attivit\u00e0 svolte dal Procuratore nazionale e dalla Direzione nazionale antimafia e antiterrorismo: la \u2019ndrangheta - Staging Avviso Pubblico\" \/>\n<meta property=\"og:description\" content=\"Premessa. La Direzione Nazionale Antimafia e Antiterrorismo ha presentato a giugno 2017 la Relazione annuale sulle attivit\u00e0 svolte dal Procuratore nazionale e dalla Direzione nazionale&nbsp;[&hellip;]Leggi tutto Relazione 2017 sulle attivit\u00e0 svolte dal Procuratore nazionale e dalla Direzione nazionale antimafia e antiterrorismo: la \u2019ndrangheta &rarr;\" \/>\n<meta property=\"og:url\" content=\"https:\/\/welaikaadv.site\/avviso\/home\/cosa-facciamo\/informare\/documenti-tematici\/mafie\/relazione-2017-sulle-attivita-svolte-dal-procuratore-nazionale-e-dalla-direzione-nazionale-antimafia-e-antiterrorismo-lndrangheta\/\" \/>\n<meta property=\"og:site_name\" content=\"Staging Avviso Pubblico\" \/>\n<meta name=\"twitter:card\" content=\"summary_large_image\" \/>\n<meta name=\"twitter:label1\" content=\"Tempo di lettura stimato\" \/>\n\t<meta name=\"twitter:data1\" content=\"5 minuti\" \/>\n<script type=\"application\/ld+json\" class=\"yoast-schema-graph\">{\"@context\":\"https:\/\/schema.org\",\"@graph\":[{\"@type\":\"WebPage\",\"@id\":\"https:\/\/welaikaadv.site\/avviso\/home\/cosa-facciamo\/informare\/documenti-tematici\/mafie\/relazione-2017-sulle-attivita-svolte-dal-procuratore-nazionale-e-dalla-direzione-nazionale-antimafia-e-antiterrorismo-lndrangheta\/\",\"url\":\"https:\/\/welaikaadv.site\/avviso\/home\/cosa-facciamo\/informare\/documenti-tematici\/mafie\/relazione-2017-sulle-attivita-svolte-dal-procuratore-nazionale-e-dalla-direzione-nazionale-antimafia-e-antiterrorismo-lndrangheta\/\",\"name\":\"Relazione 2017 sulle attivit\u00e0 svolte dal Procuratore nazionale e dalla Direzione nazionale antimafia e antiterrorismo: la \u2019ndrangheta - Staging Avviso Pubblico\",\"isPartOf\":{\"@id\":\"https:\/\/welaikaadv.site\/avviso\/#website\"},\"datePublished\":\"2017-06-29T21:13:58+00:00\",\"breadcrumb\":{\"@id\":\"https:\/\/welaikaadv.site\/avviso\/home\/cosa-facciamo\/informare\/documenti-tematici\/mafie\/relazione-2017-sulle-attivita-svolte-dal-procuratore-nazionale-e-dalla-direzione-nazionale-antimafia-e-antiterrorismo-lndrangheta\/#breadcrumb\"},\"inLanguage\":\"it-IT\",\"potentialAction\":[{\"@type\":\"ReadAction\",\"target\":[\"https:\/\/welaikaadv.site\/avviso\/home\/cosa-facciamo\/informare\/documenti-tematici\/mafie\/relazione-2017-sulle-attivita-svolte-dal-procuratore-nazionale-e-dalla-direzione-nazionale-antimafia-e-antiterrorismo-lndrangheta\/\"]}]},{\"@type\":\"BreadcrumbList\",\"@id\":\"https:\/\/welaikaadv.site\/avviso\/home\/cosa-facciamo\/informare\/documenti-tematici\/mafie\/relazione-2017-sulle-attivita-svolte-dal-procuratore-nazionale-e-dalla-direzione-nazionale-antimafia-e-antiterrorismo-lndrangheta\/#breadcrumb\",\"itemListElement\":[{\"@type\":\"ListItem\",\"position\":1,\"name\":\"Home\",\"item\":\"https:\/\/welaikaadv.site\/avviso\/\"},{\"@type\":\"ListItem\",\"position\":2,\"name\":\"Relazione 2017 sulle attivit\u00e0 svolte dal Procuratore nazionale e dalla Direzione nazionale antimafia e antiterrorismo: la \u2019ndrangheta\"}]},{\"@type\":\"WebSite\",\"@id\":\"https:\/\/welaikaadv.site\/avviso\/#website\",\"url\":\"https:\/\/welaikaadv.site\/avviso\/\",\"name\":\"Staging Avviso Pubblico\",\"description\":\"\",\"publisher\":{\"@id\":\"https:\/\/welaikaadv.site\/avviso\/#organization\"},\"potentialAction\":[{\"@type\":\"SearchAction\",\"target\":{\"@type\":\"EntryPoint\",\"urlTemplate\":\"https:\/\/welaikaadv.site\/avviso\/?s={search_term_string}\"},\"query-input\":{\"@type\":\"PropertyValueSpecification\",\"valueRequired\":true,\"valueName\":\"search_term_string\"}}],\"inLanguage\":\"it-IT\"},{\"@type\":\"Organization\",\"@id\":\"https:\/\/welaikaadv.site\/avviso\/#organization\",\"name\":\"Staging Avviso Pubblico\",\"url\":\"https:\/\/welaikaadv.site\/avviso\/\",\"logo\":{\"@type\":\"ImageObject\",\"inLanguage\":\"it-IT\",\"@id\":\"https:\/\/welaikaadv.site\/avviso\/#\/schema\/logo\/image\/\",\"url\":\"https:\/\/welaikaadv.site\/avviso\/wp-content\/uploads\/2024\/08\/logoAPsito-400.png\",\"contentUrl\":\"https:\/\/welaikaadv.site\/avviso\/wp-content\/uploads\/2024\/08\/logoAPsito-400.png\",\"width\":400,\"height\":97,\"caption\":\"Staging Avviso Pubblico\"},\"image\":{\"@id\":\"https:\/\/welaikaadv.site\/avviso\/#\/schema\/logo\/image\/\"}}]}<\/script>\n<!-- \/ Yoast SEO plugin. -->","yoast_head_json":{"title":"Relazione 2017 sulle attivit\u00e0 svolte dal Procuratore nazionale e dalla Direzione nazionale antimafia e antiterrorismo: la \u2019ndrangheta - Staging Avviso Pubblico","robots":{"index":"noindex","follow":"follow","max-snippet":"max-snippet:-1","max-image-preview":"max-image-preview:large","max-video-preview":"max-video-preview:-1"},"og_locale":"it_IT","og_type":"article","og_title":"Relazione 2017 sulle attivit\u00e0 svolte dal Procuratore nazionale e dalla Direzione nazionale antimafia e antiterrorismo: la \u2019ndrangheta - Staging Avviso Pubblico","og_description":"Premessa. La Direzione Nazionale Antimafia e Antiterrorismo ha presentato a giugno 2017 la Relazione annuale sulle attivit\u00e0 svolte dal Procuratore nazionale e dalla Direzione nazionale&nbsp;[&hellip;]Leggi tutto Relazione 2017 sulle attivit\u00e0 svolte dal Procuratore nazionale e dalla Direzione nazionale antimafia e antiterrorismo: la \u2019ndrangheta &rarr;","og_url":"https:\/\/welaikaadv.site\/avviso\/home\/cosa-facciamo\/informare\/documenti-tematici\/mafie\/relazione-2017-sulle-attivita-svolte-dal-procuratore-nazionale-e-dalla-direzione-nazionale-antimafia-e-antiterrorismo-lndrangheta\/","og_site_name":"Staging Avviso Pubblico","twitter_card":"summary_large_image","twitter_misc":{"Tempo di lettura stimato":"5 minuti"},"schema":{"@context":"https:\/\/schema.org","@graph":[{"@type":"WebPage","@id":"https:\/\/welaikaadv.site\/avviso\/home\/cosa-facciamo\/informare\/documenti-tematici\/mafie\/relazione-2017-sulle-attivita-svolte-dal-procuratore-nazionale-e-dalla-direzione-nazionale-antimafia-e-antiterrorismo-lndrangheta\/","url":"https:\/\/welaikaadv.site\/avviso\/home\/cosa-facciamo\/informare\/documenti-tematici\/mafie\/relazione-2017-sulle-attivita-svolte-dal-procuratore-nazionale-e-dalla-direzione-nazionale-antimafia-e-antiterrorismo-lndrangheta\/","name":"Relazione 2017 sulle attivit\u00e0 svolte dal Procuratore nazionale e dalla Direzione nazionale antimafia e antiterrorismo: la \u2019ndrangheta - Staging Avviso Pubblico","isPartOf":{"@id":"https:\/\/welaikaadv.site\/avviso\/#website"},"datePublished":"2017-06-29T21:13:58+00:00","breadcrumb":{"@id":"https:\/\/welaikaadv.site\/avviso\/home\/cosa-facciamo\/informare\/documenti-tematici\/mafie\/relazione-2017-sulle-attivita-svolte-dal-procuratore-nazionale-e-dalla-direzione-nazionale-antimafia-e-antiterrorismo-lndrangheta\/#breadcrumb"},"inLanguage":"it-IT","potentialAction":[{"@type":"ReadAction","target":["https:\/\/welaikaadv.site\/avviso\/home\/cosa-facciamo\/informare\/documenti-tematici\/mafie\/relazione-2017-sulle-attivita-svolte-dal-procuratore-nazionale-e-dalla-direzione-nazionale-antimafia-e-antiterrorismo-lndrangheta\/"]}]},{"@type":"BreadcrumbList","@id":"https:\/\/welaikaadv.site\/avviso\/home\/cosa-facciamo\/informare\/documenti-tematici\/mafie\/relazione-2017-sulle-attivita-svolte-dal-procuratore-nazionale-e-dalla-direzione-nazionale-antimafia-e-antiterrorismo-lndrangheta\/#breadcrumb","itemListElement":[{"@type":"ListItem","position":1,"name":"Home","item":"https:\/\/welaikaadv.site\/avviso\/"},{"@type":"ListItem","position":2,"name":"Relazione 2017 sulle attivit\u00e0 svolte dal Procuratore nazionale e dalla Direzione nazionale antimafia e antiterrorismo: la \u2019ndrangheta"}]},{"@type":"WebSite","@id":"https:\/\/welaikaadv.site\/avviso\/#website","url":"https:\/\/welaikaadv.site\/avviso\/","name":"Staging Avviso Pubblico","description":"","publisher":{"@id":"https:\/\/welaikaadv.site\/avviso\/#organization"},"potentialAction":[{"@type":"SearchAction","target":{"@type":"EntryPoint","urlTemplate":"https:\/\/welaikaadv.site\/avviso\/?s={search_term_string}"},"query-input":{"@type":"PropertyValueSpecification","valueRequired":true,"valueName":"search_term_string"}}],"inLanguage":"it-IT"},{"@type":"Organization","@id":"https:\/\/welaikaadv.site\/avviso\/#organization","name":"Staging Avviso Pubblico","url":"https:\/\/welaikaadv.site\/avviso\/","logo":{"@type":"ImageObject","inLanguage":"it-IT","@id":"https:\/\/welaikaadv.site\/avviso\/#\/schema\/logo\/image\/","url":"https:\/\/welaikaadv.site\/avviso\/wp-content\/uploads\/2024\/08\/logoAPsito-400.png","contentUrl":"https:\/\/welaikaadv.site\/avviso\/wp-content\/uploads\/2024\/08\/logoAPsito-400.png","width":400,"height":97,"caption":"Staging Avviso Pubblico"},"image":{"@id":"https:\/\/welaikaadv.site\/avviso\/#\/schema\/logo\/image\/"}}]}},"_links":{"self":[{"href":"https:\/\/welaikaadv.site\/avviso\/wp-json\/wp\/v2\/pages\/23533","targetHints":{"allow":["GET"]}}],"collection":[{"href":"https:\/\/welaikaadv.site\/avviso\/wp-json\/wp\/v2\/pages"}],"about":[{"href":"https:\/\/welaikaadv.site\/avviso\/wp-json\/wp\/v2\/types\/page"}],"author":[{"embeddable":true,"href":"https:\/\/welaikaadv.site\/avviso\/wp-json\/wp\/v2\/users\/1"}],"replies":[{"embeddable":true,"href":"https:\/\/welaikaadv.site\/avviso\/wp-json\/wp\/v2\/comments?post=23533"}],"version-history":[{"count":0,"href":"https:\/\/welaikaadv.site\/avviso\/wp-json\/wp\/v2\/pages\/23533\/revisions"}],"up":[{"embeddable":true,"href":"https:\/\/welaikaadv.site\/avviso\/wp-json\/wp\/v2\/pages\/207"}],"wp:attachment":[{"href":"https:\/\/welaikaadv.site\/avviso\/wp-json\/wp\/v2\/media?parent=23533"}],"curies":[{"name":"wp","href":"https:\/\/api.w.org\/{rel}","templated":true}]}}