{"id":23534,"date":"2017-06-29T23:15:31","date_gmt":"2017-06-29T21:15:31","guid":{"rendered":"http:\/\/www.avvisopubblico.it\/osservatorio\/?page_id=6848"},"modified":"2017-06-29T23:15:31","modified_gmt":"2017-06-29T21:15:31","slug":"relazione-2017-del-procuratore-nazionale-e-della-direzione-nazionale-antimafia-e-antiterrorismo-cosa-nostra","status":"publish","type":"page","link":"https:\/\/welaikaadv.site\/avviso\/home\/cosa-facciamo\/informare\/documenti-tematici\/mafie\/relazione-2017-del-procuratore-nazionale-e-della-direzione-nazionale-antimafia-e-antiterrorismo-cosa-nostra\/","title":{"rendered":"Relazione 2017 del Procuratore nazionale e della Direzione nazionale antimafia e antiterrorismo: Cosa nostra"},"content":{"rendered":"<p><strong>Premessa.<\/strong> La Direzione Nazionale Antimafia e Antiterrorismo ha presentato a giugno 2017 la <a href=\"https:\/\/welaikaadv.site\/avviso\/wp-content\/uploads\/2017\/06\/RELAZIONE-DNA-1.7.2015-30.6.2016.pdf\"><strong>Relazione annuale<\/strong><\/a> sulle attivit\u00e0 svolte dal Procuratore nazionale e dalla Direzione nazionale antimafia e antiterrorismo nonch\u00e9 sulle dinamiche e strategie della criminalit\u00e0 organizzata di tipo mafioso nel periodo luglio 2015 \u2013 giugno 2016. Di seguito viene sintetizzato il capitolo dedicato a Cosa nostra.<\/p>\n<p><strong>Una presenza diffusa e pervasiva sul territorio<\/strong>. Nelle precedenti Relazioni la DNA aveva evidenziato sia il perdurante stato di crisi dell\u2019associazione criminale siciliana \u2013 seguita ai numerosi colpi inferti dalla magistratura e dalle forze dell\u2019ordine nell\u2019attivit\u00e0 di repressione \u2013 che i continui tentativi di ricostituzione della Cupola, stroncati sul nascere dai blitz succedutisi negli ultimi anni. Nonostante la crisi, Cosa nostra dimostrava una \u201ccostante vitalit\u00e0\u201d, tanto nel suo centro decisionale e operativo (Palermo) quanto in altre province, Trapani e Agrigento su tutte.<\/p>\n<p>Anche nell\u2019ultima Relazione, la Direzione Nazionale Antimafia conferma questa chiave di lettura, sottolineando come la presa sul territorio di Cosa nostra \u201crimanga diffusa e pervasiva e sia tuttora in grado, se necessario, di porre in essere azioni violente ed efferate al fine di riaffermare la propria supremazia ed alimentare il flusso di proventi illeciti.\u00a0 Rimane pressante la sistematica imposizione del \u2018pizzo\u2019 alle attivit\u00e0 commerciali e alle imprese, nell\u2019ambito delle quali, tuttavia, vengono registrati incoraggianti atteggiamenti di rifiuto da parte delle vittime e di denunzia \u2013 o comunque collaborazione \u2013 con gli organi dello Stato\u201d.<\/p>\n<p><strong>Stupefacenti e infiltrazione nella PA<\/strong>. Due sono i principali binari su cui opera Cosa nostra. Da un lato l\u2019organizzazione conferma il proprio interesse nel mantenere il predominio sul controllo del mercato degli stupefacenti nella regione, in collegamento con altre organizzazioni criminali che fungono da canale di approvvigionamento della merce. Dall\u2019altro si conferma molto attiva nei suoi tentativi di infiltrazione nella Pubblica Amministrazione, in particolare negli Enti Locali, e in tutti i settori dell\u2019attivit\u00e0 economica e finanziaria che consentano di riciclare e reimpiegare i proventi illeciti.<\/p>\n<p><strong>L\u2019importanza dei collaboratori di giustizia<\/strong>. \u201cLe indagini su Cosa nostra continuano ad avvalersi dell\u2019apporto fondamentale offerto dai collaboratori di giustizia, che hanno fornito informazioni di grande importanza sugli attuali assetti organizzativi delle consorterie mafiose \u2013 confermandone la struttura unitaria e piramidale ed il mantenimento delle tradizionali regole interne \u2013 sui loro interessi economici e su gravi fatti delittuosi da queste perpetrati. Tali informazioni smentiscono ancora una volta talune indicazioni operate da altri osservatori del fenomeno mafioso che teorizzano una sorta di \u201ccamorrizzazione\u201d dell\u2019organizzazione mafiosa ed un suo inarrestabile declino\u201d.<\/p>\n<p><strong>Palermo centro decisionale<\/strong>. Il capoluogo della regione rimane il centro decisionale dell\u2019organizzazione mafiosa, \u201cdando concreta attuazione alle linee strategiche da essa adottate in relazione alle mutevoli esigenze imposte dall\u2019attivit\u00e0 di repressione continuamente svolta dall\u2019autorit\u00e0 giudiziaria e dalla polizia giudiziaria\u201d.\u00a0 Palermo si conferma pertanto il punto di riferimento in merito ad organizzazione, regole e gestione dei territori. La ricerca di un equilibrio interno, seguita all\u2019arresto di Provenzano nel 2006, \u00e8 continuamente minato dall\u2019attivit\u00e0 di repressione condotta dallo Stato. L\u2019organizzazione vive, resiste ma ha un livello strategico e operativo molto limitato.<\/p>\n<p>Al di fuori della provincia di Palermo, si conferma l\u2019operativit\u00e0 delle cosche attive sul territorio di Trapani, storicamente legate ai clan di Palermo. Subappalti, business dei rifiuti, infiltrazione della PA e condizionamento della politica sono le attivit\u00e0 a cui sono principalmente dedite. Viene sottolineato che tanto a Palermo quanto a Trapani vecchi \u201cuomini d\u2019onore\u201d tornati in libert\u00e0 hanno ripreso a guidare le rispettive famiglie. Attive, con un\u2019organizzazione e una presenza molto radicata sul territorio sono le caratteristiche dei clan di Cosa nostra operanti nella provincia di Agrigento.<\/p>\n<p><strong>La costituzione formale di Cosa nostra<\/strong>. La DNA conferma una considerazione gi\u00e0 presente nella precedente Relazione: \u201cVa ribadito ancora una volta anche in questa sede come Cosa Nostra appaia dotata di una sorta di \u2018costituzione formale\u2019 e di una sua \u2018costituzione materiale\u2019. In alcuni momenti storici ha contato di pi\u00f9 la sua costituzione materiale, nel senso che il governo dell\u2019organizzazione \u00e8 stato retto secondo le scelte dei capi ed a prescindere dal rispetto delle regole. Nel momento in cui l\u2019azione investigativa dello Stato ha portato alla cattura di tali capi, se la cosiddetta costituzione materiale dell\u2019organizzazione \u00e8 entrata in crisi, la costituzione formale di Cosa Nostra, ha ripreso importanza e tutt\u2019ora consente alla struttura di sopravvivere anche in assenza di importanti capi riconosciuti in stato di libert\u00e0. Il ricorso alle vecchie e mai abrogate regole di vita dell\u2019organizzazione consente, dunque, alla stessa di sopravvivere in momenti di crisi come l\u2019attuale\u201d.<\/p>\n<p>&nbsp;<\/p>\n<p><em>(a\u00a0cura di <a href=\"mailto:claudio.forleo@avvisopubblico.it\"><strong>Claudio Forleo<\/strong><\/a>, giornalista)<\/em><\/p>\n","protected":false},"excerpt":{"rendered":"<p>Premessa. La Direzione Nazionale Antimafia e Antiterrorismo ha presentato a giugno 2017 la Relazione annuale sulle attivit\u00e0 svolte dal Procuratore nazionale e dalla Direzione nazionale&nbsp;<span class=\"hellipsis\">[&hellip;]<\/span><a class=\"more-link\" href=\"https:\/\/welaikaadv.site\/avviso\/home\/cosa-facciamo\/informare\/documenti-tematici\/mafie\/relazione-2017-del-procuratore-nazionale-e-della-direzione-nazionale-antimafia-e-antiterrorismo-cosa-nostra\/\">Leggi tutto <span class=\"screen-reader-text\">Relazione 2017 del Procuratore nazionale e della Direzione nazionale antimafia e antiterrorismo: Cosa nostra<\/span> <span class=\"meta-nav\" aria-hidden=\"true\">&rarr;<\/span><\/a><\/p>\n","protected":false},"author":1,"featured_media":0,"parent":207,"menu_order":0,"comment_status":"closed","ping_status":"closed","template":"","meta":{"_acf_changed":false,"_exactmetrics_skip_tracking":false,"_exactmetrics_sitenote_active":false,"_exactmetrics_sitenote_note":"","_exactmetrics_sitenote_category":0,"wp_social_preview_title":"","wp_social_preview_description":"","wp_social_preview_image":0,"footnotes":""},"class_list":["post-23534","page","type-page","status-publish","hentry"],"acf":[],"yoast_head":"<!-- This site is optimized with the Yoast SEO plugin v27.2 - https:\/\/yoast.com\/product\/yoast-seo-wordpress\/ -->\n<title>Relazione 2017 del Procuratore nazionale e della Direzione nazionale antimafia e antiterrorismo: Cosa nostra - Staging Avviso Pubblico<\/title>\n<meta name=\"robots\" content=\"noindex, follow, max-snippet:-1, max-image-preview:large, max-video-preview:-1\" \/>\n<meta property=\"og:locale\" content=\"it_IT\" \/>\n<meta property=\"og:type\" content=\"article\" \/>\n<meta property=\"og:title\" content=\"Relazione 2017 del Procuratore nazionale e della Direzione nazionale antimafia e antiterrorismo: Cosa nostra - Staging Avviso Pubblico\" \/>\n<meta property=\"og:description\" content=\"Premessa. La Direzione Nazionale Antimafia e Antiterrorismo ha presentato a giugno 2017 la Relazione annuale sulle attivit\u00e0 svolte dal Procuratore nazionale e dalla Direzione nazionale&nbsp;[&hellip;]Leggi tutto Relazione 2017 del Procuratore nazionale e della Direzione nazionale antimafia e antiterrorismo: Cosa nostra &rarr;\" \/>\n<meta property=\"og:url\" content=\"https:\/\/welaikaadv.site\/avviso\/home\/cosa-facciamo\/informare\/documenti-tematici\/mafie\/relazione-2017-del-procuratore-nazionale-e-della-direzione-nazionale-antimafia-e-antiterrorismo-cosa-nostra\/\" \/>\n<meta property=\"og:site_name\" content=\"Staging Avviso Pubblico\" \/>\n<meta name=\"twitter:card\" content=\"summary_large_image\" \/>\n<meta name=\"twitter:label1\" content=\"Tempo di lettura stimato\" \/>\n\t<meta name=\"twitter:data1\" content=\"4 minuti\" \/>\n<script type=\"application\/ld+json\" class=\"yoast-schema-graph\">{\"@context\":\"https:\/\/schema.org\",\"@graph\":[{\"@type\":\"WebPage\",\"@id\":\"https:\/\/welaikaadv.site\/avviso\/home\/cosa-facciamo\/informare\/documenti-tematici\/mafie\/relazione-2017-del-procuratore-nazionale-e-della-direzione-nazionale-antimafia-e-antiterrorismo-cosa-nostra\/\",\"url\":\"https:\/\/welaikaadv.site\/avviso\/home\/cosa-facciamo\/informare\/documenti-tematici\/mafie\/relazione-2017-del-procuratore-nazionale-e-della-direzione-nazionale-antimafia-e-antiterrorismo-cosa-nostra\/\",\"name\":\"Relazione 2017 del Procuratore nazionale e della Direzione nazionale antimafia e antiterrorismo: Cosa nostra - Staging Avviso Pubblico\",\"isPartOf\":{\"@id\":\"https:\/\/welaikaadv.site\/avviso\/#website\"},\"datePublished\":\"2017-06-29T21:15:31+00:00\",\"breadcrumb\":{\"@id\":\"https:\/\/welaikaadv.site\/avviso\/home\/cosa-facciamo\/informare\/documenti-tematici\/mafie\/relazione-2017-del-procuratore-nazionale-e-della-direzione-nazionale-antimafia-e-antiterrorismo-cosa-nostra\/#breadcrumb\"},\"inLanguage\":\"it-IT\",\"potentialAction\":[{\"@type\":\"ReadAction\",\"target\":[\"https:\/\/welaikaadv.site\/avviso\/home\/cosa-facciamo\/informare\/documenti-tematici\/mafie\/relazione-2017-del-procuratore-nazionale-e-della-direzione-nazionale-antimafia-e-antiterrorismo-cosa-nostra\/\"]}]},{\"@type\":\"BreadcrumbList\",\"@id\":\"https:\/\/welaikaadv.site\/avviso\/home\/cosa-facciamo\/informare\/documenti-tematici\/mafie\/relazione-2017-del-procuratore-nazionale-e-della-direzione-nazionale-antimafia-e-antiterrorismo-cosa-nostra\/#breadcrumb\",\"itemListElement\":[{\"@type\":\"ListItem\",\"position\":1,\"name\":\"Home\",\"item\":\"https:\/\/welaikaadv.site\/avviso\/\"},{\"@type\":\"ListItem\",\"position\":2,\"name\":\"Relazione 2017 del Procuratore nazionale e della Direzione nazionale antimafia e antiterrorismo: Cosa nostra\"}]},{\"@type\":\"WebSite\",\"@id\":\"https:\/\/welaikaadv.site\/avviso\/#website\",\"url\":\"https:\/\/welaikaadv.site\/avviso\/\",\"name\":\"Staging Avviso Pubblico\",\"description\":\"\",\"publisher\":{\"@id\":\"https:\/\/welaikaadv.site\/avviso\/#organization\"},\"potentialAction\":[{\"@type\":\"SearchAction\",\"target\":{\"@type\":\"EntryPoint\",\"urlTemplate\":\"https:\/\/welaikaadv.site\/avviso\/?s={search_term_string}\"},\"query-input\":{\"@type\":\"PropertyValueSpecification\",\"valueRequired\":true,\"valueName\":\"search_term_string\"}}],\"inLanguage\":\"it-IT\"},{\"@type\":\"Organization\",\"@id\":\"https:\/\/welaikaadv.site\/avviso\/#organization\",\"name\":\"Staging Avviso Pubblico\",\"url\":\"https:\/\/welaikaadv.site\/avviso\/\",\"logo\":{\"@type\":\"ImageObject\",\"inLanguage\":\"it-IT\",\"@id\":\"https:\/\/welaikaadv.site\/avviso\/#\/schema\/logo\/image\/\",\"url\":\"https:\/\/welaikaadv.site\/avviso\/wp-content\/uploads\/2024\/08\/logoAPsito-400.png\",\"contentUrl\":\"https:\/\/welaikaadv.site\/avviso\/wp-content\/uploads\/2024\/08\/logoAPsito-400.png\",\"width\":400,\"height\":97,\"caption\":\"Staging Avviso Pubblico\"},\"image\":{\"@id\":\"https:\/\/welaikaadv.site\/avviso\/#\/schema\/logo\/image\/\"}}]}<\/script>\n<!-- \/ Yoast SEO plugin. -->","yoast_head_json":{"title":"Relazione 2017 del Procuratore nazionale e della Direzione nazionale antimafia e antiterrorismo: Cosa nostra - Staging Avviso Pubblico","robots":{"index":"noindex","follow":"follow","max-snippet":"max-snippet:-1","max-image-preview":"max-image-preview:large","max-video-preview":"max-video-preview:-1"},"og_locale":"it_IT","og_type":"article","og_title":"Relazione 2017 del Procuratore nazionale e della Direzione nazionale antimafia e antiterrorismo: Cosa nostra - Staging Avviso Pubblico","og_description":"Premessa. La Direzione Nazionale Antimafia e Antiterrorismo ha presentato a giugno 2017 la Relazione annuale sulle attivit\u00e0 svolte dal Procuratore nazionale e dalla Direzione nazionale&nbsp;[&hellip;]Leggi tutto Relazione 2017 del Procuratore nazionale e della Direzione nazionale antimafia e antiterrorismo: Cosa nostra &rarr;","og_url":"https:\/\/welaikaadv.site\/avviso\/home\/cosa-facciamo\/informare\/documenti-tematici\/mafie\/relazione-2017-del-procuratore-nazionale-e-della-direzione-nazionale-antimafia-e-antiterrorismo-cosa-nostra\/","og_site_name":"Staging Avviso Pubblico","twitter_card":"summary_large_image","twitter_misc":{"Tempo di lettura stimato":"4 minuti"},"schema":{"@context":"https:\/\/schema.org","@graph":[{"@type":"WebPage","@id":"https:\/\/welaikaadv.site\/avviso\/home\/cosa-facciamo\/informare\/documenti-tematici\/mafie\/relazione-2017-del-procuratore-nazionale-e-della-direzione-nazionale-antimafia-e-antiterrorismo-cosa-nostra\/","url":"https:\/\/welaikaadv.site\/avviso\/home\/cosa-facciamo\/informare\/documenti-tematici\/mafie\/relazione-2017-del-procuratore-nazionale-e-della-direzione-nazionale-antimafia-e-antiterrorismo-cosa-nostra\/","name":"Relazione 2017 del Procuratore nazionale e della Direzione nazionale antimafia e antiterrorismo: Cosa nostra - Staging Avviso Pubblico","isPartOf":{"@id":"https:\/\/welaikaadv.site\/avviso\/#website"},"datePublished":"2017-06-29T21:15:31+00:00","breadcrumb":{"@id":"https:\/\/welaikaadv.site\/avviso\/home\/cosa-facciamo\/informare\/documenti-tematici\/mafie\/relazione-2017-del-procuratore-nazionale-e-della-direzione-nazionale-antimafia-e-antiterrorismo-cosa-nostra\/#breadcrumb"},"inLanguage":"it-IT","potentialAction":[{"@type":"ReadAction","target":["https:\/\/welaikaadv.site\/avviso\/home\/cosa-facciamo\/informare\/documenti-tematici\/mafie\/relazione-2017-del-procuratore-nazionale-e-della-direzione-nazionale-antimafia-e-antiterrorismo-cosa-nostra\/"]}]},{"@type":"BreadcrumbList","@id":"https:\/\/welaikaadv.site\/avviso\/home\/cosa-facciamo\/informare\/documenti-tematici\/mafie\/relazione-2017-del-procuratore-nazionale-e-della-direzione-nazionale-antimafia-e-antiterrorismo-cosa-nostra\/#breadcrumb","itemListElement":[{"@type":"ListItem","position":1,"name":"Home","item":"https:\/\/welaikaadv.site\/avviso\/"},{"@type":"ListItem","position":2,"name":"Relazione 2017 del Procuratore nazionale e della Direzione nazionale antimafia e antiterrorismo: Cosa nostra"}]},{"@type":"WebSite","@id":"https:\/\/welaikaadv.site\/avviso\/#website","url":"https:\/\/welaikaadv.site\/avviso\/","name":"Staging Avviso Pubblico","description":"","publisher":{"@id":"https:\/\/welaikaadv.site\/avviso\/#organization"},"potentialAction":[{"@type":"SearchAction","target":{"@type":"EntryPoint","urlTemplate":"https:\/\/welaikaadv.site\/avviso\/?s={search_term_string}"},"query-input":{"@type":"PropertyValueSpecification","valueRequired":true,"valueName":"search_term_string"}}],"inLanguage":"it-IT"},{"@type":"Organization","@id":"https:\/\/welaikaadv.site\/avviso\/#organization","name":"Staging Avviso Pubblico","url":"https:\/\/welaikaadv.site\/avviso\/","logo":{"@type":"ImageObject","inLanguage":"it-IT","@id":"https:\/\/welaikaadv.site\/avviso\/#\/schema\/logo\/image\/","url":"https:\/\/welaikaadv.site\/avviso\/wp-content\/uploads\/2024\/08\/logoAPsito-400.png","contentUrl":"https:\/\/welaikaadv.site\/avviso\/wp-content\/uploads\/2024\/08\/logoAPsito-400.png","width":400,"height":97,"caption":"Staging Avviso Pubblico"},"image":{"@id":"https:\/\/welaikaadv.site\/avviso\/#\/schema\/logo\/image\/"}}]}},"_links":{"self":[{"href":"https:\/\/welaikaadv.site\/avviso\/wp-json\/wp\/v2\/pages\/23534","targetHints":{"allow":["GET"]}}],"collection":[{"href":"https:\/\/welaikaadv.site\/avviso\/wp-json\/wp\/v2\/pages"}],"about":[{"href":"https:\/\/welaikaadv.site\/avviso\/wp-json\/wp\/v2\/types\/page"}],"author":[{"embeddable":true,"href":"https:\/\/welaikaadv.site\/avviso\/wp-json\/wp\/v2\/users\/1"}],"replies":[{"embeddable":true,"href":"https:\/\/welaikaadv.site\/avviso\/wp-json\/wp\/v2\/comments?post=23534"}],"version-history":[{"count":0,"href":"https:\/\/welaikaadv.site\/avviso\/wp-json\/wp\/v2\/pages\/23534\/revisions"}],"up":[{"embeddable":true,"href":"https:\/\/welaikaadv.site\/avviso\/wp-json\/wp\/v2\/pages\/207"}],"wp:attachment":[{"href":"https:\/\/welaikaadv.site\/avviso\/wp-json\/wp\/v2\/media?parent=23534"}],"curies":[{"name":"wp","href":"https:\/\/api.w.org\/{rel}","templated":true}]}}