{"id":23535,"date":"2017-06-29T23:20:01","date_gmt":"2017-06-29T21:20:01","guid":{"rendered":"http:\/\/www.avvisopubblico.it\/osservatorio\/?page_id=6854"},"modified":"2017-06-29T23:20:01","modified_gmt":"2017-06-29T21:20:01","slug":"relazione-2017-sulle-attivita-svolte-dal-procuratore-nazionale-e-dalla-direzione-nazionale-antimafia-e-antiterrorismo-la-camorra","status":"publish","type":"page","link":"https:\/\/welaikaadv.site\/avviso\/home\/cosa-facciamo\/informare\/documenti-tematici\/mafie\/relazione-2017-sulle-attivita-svolte-dal-procuratore-nazionale-e-dalla-direzione-nazionale-antimafia-e-antiterrorismo-la-camorra\/","title":{"rendered":"Relazione 2017 sulle attivit\u00e0 svolte dal Procuratore nazionale e dalla Direzione nazionale antimafia e antiterrorismo: la Camorra"},"content":{"rendered":"<p><strong>Premessa.<\/strong> La Direzione Nazionale Antimafia e Antiterrorismo ha presentato a giugno 2017 la <a href=\"https:\/\/welaikaadv.site\/avviso\/wp-content\/uploads\/2017\/06\/RELAZIONE-DNA-1.7.2015-30.6.2016.pdf\"><strong>Relazione annuale<\/strong><\/a> sulle attivit\u00e0 svolte dal Procuratore nazionale e dalla Direzione nazionale antimafia e antiterrorismo nonch\u00e9 sulle dinamiche e strategie della criminalit\u00e0 organizzata di tipo mafioso nel periodo luglio 2015 \u2013 giugno 2016. \u00a0Di seguito viene sintetizzato il capitolo dedicato alla Camorra.<\/p>\n<p><strong>Fibrillazione criminale nell\u2019area di Napoli<\/strong>. La Camorra si conferma un\u2019organizzazione di tipo orizzontale e la cui conformazione sul territorio si mostra estremamente eterogenea. Numerosi clan, privi ormai dei capi storici, si sono ritrovati senza guida e alle prese con un vuoto di potere che non hanno ancora colmato. Questo &#8211; a differenza di Cosa nostra dove la struttura gerarchica e una \u201ccostituzione formale\u201d ha consentito la tenuta dell\u2019organizzazione &#8211; ha provocato una sorta di polverizzazione delle precedenti strutture e la formazione di piccoli gruppi composti da giovani generazioni di camorristi che provano a colmare senza successo questo vuoto, con metodi violenti e senza strategie di ampio respiro.<\/p>\n<p>Tale situazione \u00e8 emersa soprattutto sul territorio di Napoli, dove bande criminali \u2013 spesso composte da killer di giovanissima et\u00e0, le cosiddette \u201cparanze dei bambini\u201d \u2013\u00a0 si sfidano per la conquista del territorio, segnando una recrudescenza delle azioni sanguinose. \u201cSembra che oggi siano in corso pi\u00f9 ampi sommovimenti negli assetti criminali camorristici, di cui gli omicidi e gli agguati costituiscono la manifestazione pi\u00f9 eclatante\u201d. Il numero complessivo degli omicidi e tentati omicidi di matrice camorristica \u00e8 di 65 rispetto ai 45 del precedente anno.<\/p>\n<p><strong>La pressione intimidatrice<\/strong>. La presenza comunque stabile di famiglie malavitose sul territorio si traduce nella percezione di una forte pressione intimidatrice. Tali famiglie si dedicano alle estorsioni, all\u2019esercizio dell\u2019usura, \u201ccon un limitato coinvolgimento in pratiche di reinvestimento dei profitti criminosi oppure di variegate condotte volte ad organizzare il mercato degli stupefacenti o di ramificazioni ben pi\u00f9 insidiose, sin nel cuore del mondo imprenditoriale legato al territorio o del sistema amministrativo e politico locale. Il controllo camorristico sul territorio si manifesta significativamente anche egemonizzando l\u2019offerta di un determinato servizio e vincendo ogni resistenza attraverso il patrimonio d\u2019intimidazione che il clan \u00e8 in grado di esprimere\u201d.<\/p>\n<p><strong>Gioco d\u2019azzardo e stupefacenti<\/strong>. Tale controllo si registra soprattutto nel settore del gioco d\u2019azzardo, in particolare nella gestione dell\u2019agenzia di scommesse, dato l\u2019altissimo numero di punti di vendita e la profonda ramificazione territoriale. \u201cLa gestione criminale del gioco on-line si muove nel solco tracciato dall\u2019analoga gestione della distribuzione delle macchine utilizzate per il video-poker, l\u2019interesse manifestato dalla camorra verso questo settore \u00e8 stato ampiamente esplorato specie con riferimento al coinvolgimento della maggior parte dei clan napoletani e campani nelle attivit\u00e0 delle medesime famiglie di imprenditori\u201d. In merito al traffico degli stupefacenti, la DNA segnala come le classiche piazze di spaccio \u2013 Scampia e Secondigliano su tutte \u2013 stiano cedendo il passo ad altre zone di distribuzione.<\/p>\n<p><strong>Diversificazione degli affari<\/strong>. Come sopra citato, le attivit\u00e0 illecite della Camorra insistono su settori gi\u00e0 noti che garantiscono il controllo del territorio. Tuttavia la DNA traccia delle linee di evoluzione dei clan che li vedono dirigersi verso una diversificazione degli affari. In particolare punterebbero a \u201csempre maggiori investimenti in altre parti del Paese ed all\u2019estero e all\u2019apertura verso contributi soggettivi diversificati, da ricercare innanzitutto nell\u2019imprenditoria e nel mondo delle professioni, sempre pi\u00f9 spesso coinvolti in strategie criminali di ampio respiro\u201d.<\/p>\n<p><strong>La Camorra casalese: il consolidamento del teorema Zagaria<\/strong>. Pur segnalando, come nella precedente Relazione, un calo dei crimini violenti sull\u2019area del casertano, la DNA descrive la Camorra casalese molto attiva sottotraccia, alle prese con una scelta strategica di ampio respiro, con cui \u201cdovremo confrontarci per anni. Sotto un profilo numerico, le associazioni di tipo mafioso operanti nell\u2019area in esame possono contare, su di un numero di affiliati attivi sul territorio, sicuramente inferiore rispetto agli anni 80\/90, ma di tutto rispetto e, comunque, stabile rispetto ad un recente passato\u201d.<\/p>\n<p>Una strategia di sommersione, simile a quella utilizzata da Cosa nostra negli anni di reggenza Provenzano, che vede comunque i clan attivi sul fronte dell\u2019usura e delle estorsioni, ma soprattutto interessati a \u201ccurare il loro core business, e cio\u00e8 gli affari nei settori economici degli appalti, dei pubblici servizi &#8211; con particolare predilezione per il trasporto\/raccolta\/smaltimento di rifiuti, anche se recenti investigazioni hanno evidenziato anche una preoccupante penetrazione nel settore sanitario &#8211; Affari, questi ultimi, sempre pi\u00f9 agevolati da collegamenti stretti con la politica e l\u2019imprenditoria\u201d. I Casalesi inoltre sono molto attivi nella gestione delle scommesse online, attraverso sofisticate piattaforme informatiche e mediante la collaborazione di altre organizzazioni mafiose.<\/p>\n<p>Tale strategia \u00e8 il cuore del cosiddetto teorema Zagaria \u2013 dal nome di Michele, capo storico del clan arrestato nel 2011 \u2013 che prevede \u201cla necessit\u00e0 di garantire l\u2019esistenza di un rapporto inversamente proporzionale fra il livello della penetrazione imprenditoriale e politica raggiunto dalla camorra in un dato territorio ed il livello percepito della sua stessa presenza e, quindi, conclusivamente, il livello percepito della violenza mafiosa\u201d. Pi\u00f9 affari, pi\u00f9 corruzione, pi\u00f9 concorso esterno. Meno violenze e minor percezione della presenza mafiosa.<\/p>\n<p>&nbsp;<\/p>\n<p><em>(a\u00a0cura di <a href=\"mailto:claudio.forleo@avvisopubblico.it\"><strong>Claudio Forleo<\/strong><\/a>, giornalista)<\/em><\/p>\n","protected":false},"excerpt":{"rendered":"<p>Premessa. La Direzione Nazionale Antimafia e Antiterrorismo ha presentato a giugno 2017 la Relazione annuale sulle attivit\u00e0 svolte dal Procuratore nazionale e dalla Direzione nazionale&nbsp;<span class=\"hellipsis\">[&hellip;]<\/span><a class=\"more-link\" href=\"https:\/\/welaikaadv.site\/avviso\/home\/cosa-facciamo\/informare\/documenti-tematici\/mafie\/relazione-2017-sulle-attivita-svolte-dal-procuratore-nazionale-e-dalla-direzione-nazionale-antimafia-e-antiterrorismo-la-camorra\/\">Leggi tutto <span class=\"screen-reader-text\">Relazione 2017 sulle attivit\u00e0 svolte dal Procuratore nazionale e dalla Direzione nazionale antimafia e antiterrorismo: la Camorra<\/span> <span class=\"meta-nav\" aria-hidden=\"true\">&rarr;<\/span><\/a><\/p>\n","protected":false},"author":1,"featured_media":0,"parent":207,"menu_order":0,"comment_status":"closed","ping_status":"closed","template":"","meta":{"_acf_changed":false,"_exactmetrics_skip_tracking":false,"_exactmetrics_sitenote_active":false,"_exactmetrics_sitenote_note":"","_exactmetrics_sitenote_category":0,"wp_social_preview_title":"","wp_social_preview_description":"","wp_social_preview_image":0,"footnotes":""},"class_list":["post-23535","page","type-page","status-publish","hentry"],"acf":[],"yoast_head":"<!-- This site is optimized with the Yoast SEO plugin v27.2 - https:\/\/yoast.com\/product\/yoast-seo-wordpress\/ -->\n<title>Relazione 2017 sulle attivit\u00e0 svolte dal Procuratore nazionale e dalla Direzione nazionale antimafia e antiterrorismo: la Camorra - Staging Avviso Pubblico<\/title>\n<meta name=\"robots\" content=\"noindex, follow, max-snippet:-1, max-image-preview:large, max-video-preview:-1\" \/>\n<meta property=\"og:locale\" content=\"it_IT\" \/>\n<meta property=\"og:type\" content=\"article\" \/>\n<meta property=\"og:title\" content=\"Relazione 2017 sulle attivit\u00e0 svolte dal Procuratore nazionale e dalla Direzione nazionale antimafia e antiterrorismo: la Camorra - Staging Avviso Pubblico\" \/>\n<meta property=\"og:description\" content=\"Premessa. La Direzione Nazionale Antimafia e Antiterrorismo ha presentato a giugno 2017 la Relazione annuale sulle attivit\u00e0 svolte dal Procuratore nazionale e dalla Direzione nazionale&nbsp;[&hellip;]Leggi tutto Relazione 2017 sulle attivit\u00e0 svolte dal Procuratore nazionale e dalla Direzione nazionale antimafia e antiterrorismo: la Camorra &rarr;\" \/>\n<meta property=\"og:url\" content=\"https:\/\/welaikaadv.site\/avviso\/home\/cosa-facciamo\/informare\/documenti-tematici\/mafie\/relazione-2017-sulle-attivita-svolte-dal-procuratore-nazionale-e-dalla-direzione-nazionale-antimafia-e-antiterrorismo-la-camorra\/\" \/>\n<meta property=\"og:site_name\" content=\"Staging Avviso Pubblico\" \/>\n<meta name=\"twitter:card\" content=\"summary_large_image\" \/>\n<meta name=\"twitter:label1\" content=\"Tempo di lettura stimato\" \/>\n\t<meta name=\"twitter:data1\" content=\"4 minuti\" \/>\n<script type=\"application\/ld+json\" class=\"yoast-schema-graph\">{\"@context\":\"https:\/\/schema.org\",\"@graph\":[{\"@type\":\"WebPage\",\"@id\":\"https:\/\/welaikaadv.site\/avviso\/home\/cosa-facciamo\/informare\/documenti-tematici\/mafie\/relazione-2017-sulle-attivita-svolte-dal-procuratore-nazionale-e-dalla-direzione-nazionale-antimafia-e-antiterrorismo-la-camorra\/\",\"url\":\"https:\/\/welaikaadv.site\/avviso\/home\/cosa-facciamo\/informare\/documenti-tematici\/mafie\/relazione-2017-sulle-attivita-svolte-dal-procuratore-nazionale-e-dalla-direzione-nazionale-antimafia-e-antiterrorismo-la-camorra\/\",\"name\":\"Relazione 2017 sulle attivit\u00e0 svolte dal Procuratore nazionale e dalla Direzione nazionale antimafia e antiterrorismo: la Camorra - Staging Avviso Pubblico\",\"isPartOf\":{\"@id\":\"https:\/\/welaikaadv.site\/avviso\/#website\"},\"datePublished\":\"2017-06-29T21:20:01+00:00\",\"breadcrumb\":{\"@id\":\"https:\/\/welaikaadv.site\/avviso\/home\/cosa-facciamo\/informare\/documenti-tematici\/mafie\/relazione-2017-sulle-attivita-svolte-dal-procuratore-nazionale-e-dalla-direzione-nazionale-antimafia-e-antiterrorismo-la-camorra\/#breadcrumb\"},\"inLanguage\":\"it-IT\",\"potentialAction\":[{\"@type\":\"ReadAction\",\"target\":[\"https:\/\/welaikaadv.site\/avviso\/home\/cosa-facciamo\/informare\/documenti-tematici\/mafie\/relazione-2017-sulle-attivita-svolte-dal-procuratore-nazionale-e-dalla-direzione-nazionale-antimafia-e-antiterrorismo-la-camorra\/\"]}]},{\"@type\":\"BreadcrumbList\",\"@id\":\"https:\/\/welaikaadv.site\/avviso\/home\/cosa-facciamo\/informare\/documenti-tematici\/mafie\/relazione-2017-sulle-attivita-svolte-dal-procuratore-nazionale-e-dalla-direzione-nazionale-antimafia-e-antiterrorismo-la-camorra\/#breadcrumb\",\"itemListElement\":[{\"@type\":\"ListItem\",\"position\":1,\"name\":\"Home\",\"item\":\"https:\/\/welaikaadv.site\/avviso\/\"},{\"@type\":\"ListItem\",\"position\":2,\"name\":\"Relazione 2017 sulle attivit\u00e0 svolte dal Procuratore nazionale e dalla Direzione nazionale antimafia e antiterrorismo: la Camorra\"}]},{\"@type\":\"WebSite\",\"@id\":\"https:\/\/welaikaadv.site\/avviso\/#website\",\"url\":\"https:\/\/welaikaadv.site\/avviso\/\",\"name\":\"Staging Avviso Pubblico\",\"description\":\"\",\"publisher\":{\"@id\":\"https:\/\/welaikaadv.site\/avviso\/#organization\"},\"potentialAction\":[{\"@type\":\"SearchAction\",\"target\":{\"@type\":\"EntryPoint\",\"urlTemplate\":\"https:\/\/welaikaadv.site\/avviso\/?s={search_term_string}\"},\"query-input\":{\"@type\":\"PropertyValueSpecification\",\"valueRequired\":true,\"valueName\":\"search_term_string\"}}],\"inLanguage\":\"it-IT\"},{\"@type\":\"Organization\",\"@id\":\"https:\/\/welaikaadv.site\/avviso\/#organization\",\"name\":\"Staging Avviso Pubblico\",\"url\":\"https:\/\/welaikaadv.site\/avviso\/\",\"logo\":{\"@type\":\"ImageObject\",\"inLanguage\":\"it-IT\",\"@id\":\"https:\/\/welaikaadv.site\/avviso\/#\/schema\/logo\/image\/\",\"url\":\"https:\/\/welaikaadv.site\/avviso\/wp-content\/uploads\/2024\/08\/logoAPsito-400.png\",\"contentUrl\":\"https:\/\/welaikaadv.site\/avviso\/wp-content\/uploads\/2024\/08\/logoAPsito-400.png\",\"width\":400,\"height\":97,\"caption\":\"Staging Avviso Pubblico\"},\"image\":{\"@id\":\"https:\/\/welaikaadv.site\/avviso\/#\/schema\/logo\/image\/\"}}]}<\/script>\n<!-- \/ Yoast SEO plugin. -->","yoast_head_json":{"title":"Relazione 2017 sulle attivit\u00e0 svolte dal Procuratore nazionale e dalla Direzione nazionale antimafia e antiterrorismo: la Camorra - Staging Avviso Pubblico","robots":{"index":"noindex","follow":"follow","max-snippet":"max-snippet:-1","max-image-preview":"max-image-preview:large","max-video-preview":"max-video-preview:-1"},"og_locale":"it_IT","og_type":"article","og_title":"Relazione 2017 sulle attivit\u00e0 svolte dal Procuratore nazionale e dalla Direzione nazionale antimafia e antiterrorismo: la Camorra - Staging Avviso Pubblico","og_description":"Premessa. La Direzione Nazionale Antimafia e Antiterrorismo ha presentato a giugno 2017 la Relazione annuale sulle attivit\u00e0 svolte dal Procuratore nazionale e dalla Direzione nazionale&nbsp;[&hellip;]Leggi tutto Relazione 2017 sulle attivit\u00e0 svolte dal Procuratore nazionale e dalla Direzione nazionale antimafia e antiterrorismo: la Camorra &rarr;","og_url":"https:\/\/welaikaadv.site\/avviso\/home\/cosa-facciamo\/informare\/documenti-tematici\/mafie\/relazione-2017-sulle-attivita-svolte-dal-procuratore-nazionale-e-dalla-direzione-nazionale-antimafia-e-antiterrorismo-la-camorra\/","og_site_name":"Staging Avviso Pubblico","twitter_card":"summary_large_image","twitter_misc":{"Tempo di lettura stimato":"4 minuti"},"schema":{"@context":"https:\/\/schema.org","@graph":[{"@type":"WebPage","@id":"https:\/\/welaikaadv.site\/avviso\/home\/cosa-facciamo\/informare\/documenti-tematici\/mafie\/relazione-2017-sulle-attivita-svolte-dal-procuratore-nazionale-e-dalla-direzione-nazionale-antimafia-e-antiterrorismo-la-camorra\/","url":"https:\/\/welaikaadv.site\/avviso\/home\/cosa-facciamo\/informare\/documenti-tematici\/mafie\/relazione-2017-sulle-attivita-svolte-dal-procuratore-nazionale-e-dalla-direzione-nazionale-antimafia-e-antiterrorismo-la-camorra\/","name":"Relazione 2017 sulle attivit\u00e0 svolte dal Procuratore nazionale e dalla Direzione nazionale antimafia e antiterrorismo: la Camorra - Staging Avviso Pubblico","isPartOf":{"@id":"https:\/\/welaikaadv.site\/avviso\/#website"},"datePublished":"2017-06-29T21:20:01+00:00","breadcrumb":{"@id":"https:\/\/welaikaadv.site\/avviso\/home\/cosa-facciamo\/informare\/documenti-tematici\/mafie\/relazione-2017-sulle-attivita-svolte-dal-procuratore-nazionale-e-dalla-direzione-nazionale-antimafia-e-antiterrorismo-la-camorra\/#breadcrumb"},"inLanguage":"it-IT","potentialAction":[{"@type":"ReadAction","target":["https:\/\/welaikaadv.site\/avviso\/home\/cosa-facciamo\/informare\/documenti-tematici\/mafie\/relazione-2017-sulle-attivita-svolte-dal-procuratore-nazionale-e-dalla-direzione-nazionale-antimafia-e-antiterrorismo-la-camorra\/"]}]},{"@type":"BreadcrumbList","@id":"https:\/\/welaikaadv.site\/avviso\/home\/cosa-facciamo\/informare\/documenti-tematici\/mafie\/relazione-2017-sulle-attivita-svolte-dal-procuratore-nazionale-e-dalla-direzione-nazionale-antimafia-e-antiterrorismo-la-camorra\/#breadcrumb","itemListElement":[{"@type":"ListItem","position":1,"name":"Home","item":"https:\/\/welaikaadv.site\/avviso\/"},{"@type":"ListItem","position":2,"name":"Relazione 2017 sulle attivit\u00e0 svolte dal Procuratore nazionale e dalla Direzione nazionale antimafia e antiterrorismo: la Camorra"}]},{"@type":"WebSite","@id":"https:\/\/welaikaadv.site\/avviso\/#website","url":"https:\/\/welaikaadv.site\/avviso\/","name":"Staging Avviso Pubblico","description":"","publisher":{"@id":"https:\/\/welaikaadv.site\/avviso\/#organization"},"potentialAction":[{"@type":"SearchAction","target":{"@type":"EntryPoint","urlTemplate":"https:\/\/welaikaadv.site\/avviso\/?s={search_term_string}"},"query-input":{"@type":"PropertyValueSpecification","valueRequired":true,"valueName":"search_term_string"}}],"inLanguage":"it-IT"},{"@type":"Organization","@id":"https:\/\/welaikaadv.site\/avviso\/#organization","name":"Staging Avviso Pubblico","url":"https:\/\/welaikaadv.site\/avviso\/","logo":{"@type":"ImageObject","inLanguage":"it-IT","@id":"https:\/\/welaikaadv.site\/avviso\/#\/schema\/logo\/image\/","url":"https:\/\/welaikaadv.site\/avviso\/wp-content\/uploads\/2024\/08\/logoAPsito-400.png","contentUrl":"https:\/\/welaikaadv.site\/avviso\/wp-content\/uploads\/2024\/08\/logoAPsito-400.png","width":400,"height":97,"caption":"Staging Avviso Pubblico"},"image":{"@id":"https:\/\/welaikaadv.site\/avviso\/#\/schema\/logo\/image\/"}}]}},"_links":{"self":[{"href":"https:\/\/welaikaadv.site\/avviso\/wp-json\/wp\/v2\/pages\/23535","targetHints":{"allow":["GET"]}}],"collection":[{"href":"https:\/\/welaikaadv.site\/avviso\/wp-json\/wp\/v2\/pages"}],"about":[{"href":"https:\/\/welaikaadv.site\/avviso\/wp-json\/wp\/v2\/types\/page"}],"author":[{"embeddable":true,"href":"https:\/\/welaikaadv.site\/avviso\/wp-json\/wp\/v2\/users\/1"}],"replies":[{"embeddable":true,"href":"https:\/\/welaikaadv.site\/avviso\/wp-json\/wp\/v2\/comments?post=23535"}],"version-history":[{"count":0,"href":"https:\/\/welaikaadv.site\/avviso\/wp-json\/wp\/v2\/pages\/23535\/revisions"}],"up":[{"embeddable":true,"href":"https:\/\/welaikaadv.site\/avviso\/wp-json\/wp\/v2\/pages\/207"}],"wp:attachment":[{"href":"https:\/\/welaikaadv.site\/avviso\/wp-json\/wp\/v2\/media?parent=23535"}],"curies":[{"name":"wp","href":"https:\/\/api.w.org\/{rel}","templated":true}]}}