{"id":23543,"date":"2017-09-14T13:15:16","date_gmt":"2017-09-14T11:15:16","guid":{"rendered":"http:\/\/www.avvisopubblico.it\/osservatorio\/?page_id=6520"},"modified":"2017-09-14T13:15:16","modified_gmt":"2017-09-14T11:15:16","slug":"contraffazione-via-web-conclusioni-e-proposte-della-commissione-di-inchiesta","status":"publish","type":"page","link":"https:\/\/welaikaadv.site\/avviso\/home\/cosa-facciamo\/informare\/osservatorio-parlamentare\/attivita-dinchiesta\/attivita-dinchiesta-xvii\/commissione-sulla-contraffazione\/contraffazione-via-web-conclusioni-e-proposte-della-commissione-di-inchiesta\/","title":{"rendered":"Contraffazione via web: conclusioni e proposte della Commissione di inchiesta"},"content":{"rendered":"<p><strong>Premessa<\/strong>. Al termine di un <a href=\"https:\/\/welaikaadv.site\/avviso\/home\/cosa-facciamo\/informare\/osservatorio-parlamentare\/attivita-dinchiesta\/attivita-dinchiesta-xvii\/commissione-sulla-contraffazione\/commissione-sulla-contraffazione-audizioni-sul-fenomeno-della-contraffazione-via-internet-2\/\"><strong>lungo ciclo di audizioni condotte tra il 2016 e il 201<\/strong>7<\/a> con gli stakeholders del settore, le istituzioni competenti e una missione di studio a Bruxelles per incontri con la Direzione CNECT della Commissione Europea, la Commissione parlamentare di inchiesta sulla contraffazione ha approvato una Relazione sul tema della contraffazione sul Web (<strong><a href=\"http:\/\/www.camera.it\/leg17\/491?idLegislatura=17&amp;categoria=022bis&amp;tipologiaDoc=documento&amp;numero=009&amp;doc=intero\">doc. XXII-bis, n.\u20029<\/a><\/strong>). Di seguito sono sintetizzate conclusioni e proposte contenute nella Relazione.<\/p>\n<p><strong>La normativa comunitaria<\/strong>. Viene messo in evidenza come in materia di contrasto alla contraffazione nel commercio elettronico la normativa internazionale mostri alcune lacune, in primo luogo l\u2019assenza di accordi internazionali, sostituiti sotto forma di supplenza dalle prassi giurisprudenziali utilizzate negli Stati Uniti, a cui le grandi aziende che operano nel settore dell\u2019economia digitale si conformano. La normativa comunitaria \u00e8 considerata obsoleta e non in grado di rispondere alle esigenze di un mercato che si sviluppa a ritmi sempre pi\u00f9 incalzanti. In particolare per la Commissione appare insufficiente la direttiva europea sull\u2019e-commerce, che limiterebbe notevolmente le responsabilit\u00e0 dirette per le aziende digitali nel campo della prevenzione e del contrasto. D\u2019altro canto le legislazioni nazionali, non potendo derogare dal dettato comunitario, non possono agire e incidere concretamente sotto questo aspetto. La Commissione ritiene inoltre che vada sostenuta ogni azione a livello europeo per la creazione di un organismo internazionale in grado di regolare gli aspetti delle attivit\u00e0 sul Web, a cominciare dalla tutela dei diritti dei terzi rispetto agli illeciti. Un primo passo sarebbe proprio la revisione della normativa comunitaria sull\u2019e-commerce.<\/p>\n<p><strong>Modifiche a livello europeo<\/strong>. La Commissione fa suo un suggerimento arrivato dagli stakeholder durante le audizioni, ovvero il superamento della procedura di <em>Notice and Take Down<\/em> e l\u2019approdo verso il <em>Notice and Stay Down<\/em>: si tratta di superare il concetto di mera segnalazione delle violazioni (di tipo reattivo) e approdare ad un sistema in cui il contenuto illecito una volta rimosso non possa essere pi\u00f9 ricaricato (proattivo e preventivo). Secondo la Commissione un ruolo importante in tale senso pu\u00f2 essere svolto anche dalle associazioni rappresentative delle singole categorie merceologiche e dei consumatori, con il supporto delle forze dell\u2019ordine.\u00a0 \u201cLa tutela degli IPR (la propriet\u00e0 intellettuale, ndr) \u2013 scrive la Commissione &#8211; appare pi\u00f9 difficoltosa rispetto a quella del diritto d\u2019autore\u2026per le merci l\u2019identificazione del falso \u00e8 gi\u00e0 di per s\u00e9 difficile rispetto a prodotti imitati con perizia, quando il controllo deve essere effettuato sui prodotti fisici. Ma \u00e8 ancora pi\u00f9 difficile su merci vendute in rete, perch\u00e9 spesso queste non sono nella disponibilit\u00e0 degli ISP (fornitore di servizi internet, ndr) e perch\u00e9 quindi \u00e8 necessario svolgere complesse indagini solo su annunci di vendita e si tratta di esaminare parametri quali la sussistenza di licenze di vendita, l\u2019identit\u00e0 degli operatori, ecc.\u201d.<\/p>\n<p><strong>Dovere di diligenza<\/strong>. Una strada indicata dalla Commissione \u00e8 l\u2019introduzione del <em>Duty of Care<\/em> (dovere di diligenza, ndr) che comprende l\u2019introduzione di regole di gestione chiare ed uniformi per le segnalazioni effettuate dai titolari di diritti; l\u2019attuazione di ogni misura al fine di impedire il ripetersi di attivit\u00e0 illecite attraverso le loro piattaforme; ottenere l\u2019impegno degli intermediari a introdurre misure volte a impedire l\u2019upload di contenuti lesivi dei diritti, \u201cfatta salva l\u2019assenza di impatto sulle libert\u00e0 fondamentali\u201d.<\/p>\n<p><strong>L\u2019alfabetizzazione del cittadino<\/strong>. Alla base di ogni proposta di modifica a livello normativo vi \u00e8 la necessit\u00e0 di sensibilizzare il cittadino \u2013 consumatore su questi temi. Dalle audizioni \u00e8 emersa infatti una scarsa percezione del problema a livello di opinione pubblica, sia dal punto di vista economico (danno ai circuiti legali, compreso il lavoro regolare) che della tutela della salute (possibilit\u00e0 di acquistare online prodotti lesivi, realizzati con materiali tossici).<\/p>\n<p><strong>Fingerprint.<\/strong> Un\u2019altra proposta di tutela preventiva \u00e8 la creazione di una sorta di <em>black list<\/em>, rifiutando la creazione di nuovi profili e disattivando gli IP degli utenti il cui account \u00e8 stato bloccato, attraverso strumenti automatici in grado di rilevare se tali soggetti, utilizzando lo stesso device o indirizzo IP, cerchino di ricreare un profilo per svolgere lo stesso tipo di attivit\u00e0, associando a questi soggetti un\u2019impronta digitale (<em>Fingerprint<\/em>).<\/p>\n<p><strong>Altre proposte<\/strong>. Tra le altre proposte avanzate dalla Commissione:<\/p>\n<ul>\n<li>Certificazione dei siti e delle piattaforme di vendita online<\/li>\n<li>Inserire il blocco congiunto dell\u2019indirizzo IP con il DNS (<em>Domain Name Sys<\/em>tem), funzione di internet che trasforma un nome dell\u2019URL in un indirizzo IP<\/li>\n<li>Diversificare le procedure, nell\u2019adozione delle misure proattive e reattive, in base al tipo di piattaforma (<em>hosting<\/em> pubblicitari e non, motori di ricerca e social network)<\/li>\n<li>Valutare la possibilit\u00e0 di far divenire una prassi consolidata la procedura elaborata dalla Procura di Milano, che consente decreti di sequestro ed oscuramento dei siti \u201cin bianco\u201d, con estensione agli altri siti aperti a seguito delle operazioni di reindirizzamento, senza necessit\u00e0 di ulteriori provvedimenti giudiziari<\/li>\n<li>Sviluppare l\u2019approccio \u201c<em>Follow the money<\/em>\u201d, pi\u00f9 volte discusso con gli stakeholder durante le audizioni<\/li>\n<li>Promuovere un maggior grado di responsabilit\u00e0 per le agenzie pubblicitarie<\/li>\n<li>Stimolare accordi tra aziende e fornitori di servizi su internet<\/li>\n<li>Superare l\u2019obbligo di contrassegno SIAE per i prodotti fisici, considerati una \u201czavorra\u201d rispetto ai medesimi prodotti acquistati online e che ne sono esenti.<\/li>\n<\/ul>\n<p><strong>Il dibattito in Assemblea<\/strong>. L\u2019Aula di Montecitorio ha discusso la relazione della Commissione il <a href=\"http:\/\/www.camera.it\/leg17\/410?idSeduta=0835&amp;tipo=stenografico#sed0835.stenografico.tit00040\"><strong>17 luglio 2017,<\/strong><\/a>\u00a0approvando il <a href=\"http:\/\/www.camera.it\/leg17\/410?idSeduta=0849&amp;tipo=stenografico#sed0849.stenografico.tit00050\"><strong>13 settembre 2017<\/strong><\/a> una risoluzione (<a href=\"http:\/\/aic.camera.it\/aic\/scheda.html?numero=6-00337&amp;ramo=C&amp;leg=17\"><strong>6-00337<\/strong><\/a>) con cui esprime consenso alle conclusioni della Commissione.<\/p>\n<p>&nbsp;<\/p>\n<p><em>(a\u00a0cura di <a href=\"mailto:claudio.forleo@avvisopubblico.it\"><strong>Claudio Forleo<\/strong><\/a>, giornalista)<\/em><\/p>\n","protected":false},"excerpt":{"rendered":"<p>Premessa. Al termine di un lungo ciclo di audizioni condotte tra il 2016 e il 2017 con gli stakeholders del settore, le istituzioni competenti e&nbsp;<span class=\"hellipsis\">[&hellip;]<\/span><a class=\"more-link\" href=\"https:\/\/welaikaadv.site\/avviso\/home\/cosa-facciamo\/informare\/osservatorio-parlamentare\/attivita-dinchiesta\/attivita-dinchiesta-xvii\/commissione-sulla-contraffazione\/contraffazione-via-web-conclusioni-e-proposte-della-commissione-di-inchiesta\/\">Leggi tutto <span class=\"screen-reader-text\">Contraffazione via web: conclusioni e proposte della Commissione di inchiesta<\/span> <span class=\"meta-nav\" aria-hidden=\"true\">&rarr;<\/span><\/a><\/p>\n","protected":false},"author":1,"featured_media":0,"parent":23482,"menu_order":0,"comment_status":"closed","ping_status":"closed","template":"","meta":{"_acf_changed":false,"_exactmetrics_skip_tracking":false,"_exactmetrics_sitenote_active":false,"_exactmetrics_sitenote_note":"","_exactmetrics_sitenote_category":0,"wp_social_preview_title":"","wp_social_preview_description":"","wp_social_preview_image":0,"footnotes":""},"class_list":["post-23543","page","type-page","status-publish","hentry"],"acf":[],"yoast_head":"<!-- This site is optimized with the Yoast SEO plugin v27.2 - https:\/\/yoast.com\/product\/yoast-seo-wordpress\/ -->\n<title>Contraffazione via web: conclusioni e proposte della Commissione di inchiesta - Staging Avviso Pubblico<\/title>\n<meta name=\"robots\" content=\"noindex, follow, max-snippet:-1, max-image-preview:large, max-video-preview:-1\" \/>\n<meta property=\"og:locale\" content=\"it_IT\" \/>\n<meta property=\"og:type\" content=\"article\" \/>\n<meta property=\"og:title\" content=\"Contraffazione via web: conclusioni e proposte della Commissione di inchiesta - Staging Avviso Pubblico\" \/>\n<meta property=\"og:description\" content=\"Premessa. Al termine di un lungo ciclo di audizioni condotte tra il 2016 e il 2017 con gli stakeholders del settore, le istituzioni competenti e&nbsp;[&hellip;]Leggi tutto Contraffazione via web: conclusioni e proposte della Commissione di inchiesta &rarr;\" \/>\n<meta property=\"og:url\" content=\"https:\/\/welaikaadv.site\/avviso\/home\/cosa-facciamo\/informare\/osservatorio-parlamentare\/attivita-dinchiesta\/attivita-dinchiesta-xvii\/commissione-sulla-contraffazione\/contraffazione-via-web-conclusioni-e-proposte-della-commissione-di-inchiesta\/\" \/>\n<meta property=\"og:site_name\" content=\"Staging Avviso Pubblico\" \/>\n<meta name=\"twitter:card\" content=\"summary_large_image\" \/>\n<meta name=\"twitter:label1\" content=\"Tempo di lettura stimato\" \/>\n\t<meta name=\"twitter:data1\" content=\"4 minuti\" \/>\n<script type=\"application\/ld+json\" class=\"yoast-schema-graph\">{\"@context\":\"https:\/\/schema.org\",\"@graph\":[{\"@type\":\"WebPage\",\"@id\":\"https:\/\/welaikaadv.site\/avviso\/home\/cosa-facciamo\/informare\/osservatorio-parlamentare\/attivita-dinchiesta\/attivita-dinchiesta-xvii\/commissione-sulla-contraffazione\/contraffazione-via-web-conclusioni-e-proposte-della-commissione-di-inchiesta\/\",\"url\":\"https:\/\/welaikaadv.site\/avviso\/home\/cosa-facciamo\/informare\/osservatorio-parlamentare\/attivita-dinchiesta\/attivita-dinchiesta-xvii\/commissione-sulla-contraffazione\/contraffazione-via-web-conclusioni-e-proposte-della-commissione-di-inchiesta\/\",\"name\":\"Contraffazione via web: conclusioni e proposte della Commissione di inchiesta - Staging Avviso Pubblico\",\"isPartOf\":{\"@id\":\"https:\/\/welaikaadv.site\/avviso\/#website\"},\"datePublished\":\"2017-09-14T11:15:16+00:00\",\"breadcrumb\":{\"@id\":\"https:\/\/welaikaadv.site\/avviso\/home\/cosa-facciamo\/informare\/osservatorio-parlamentare\/attivita-dinchiesta\/attivita-dinchiesta-xvii\/commissione-sulla-contraffazione\/contraffazione-via-web-conclusioni-e-proposte-della-commissione-di-inchiesta\/#breadcrumb\"},\"inLanguage\":\"it-IT\",\"potentialAction\":[{\"@type\":\"ReadAction\",\"target\":[\"https:\/\/welaikaadv.site\/avviso\/home\/cosa-facciamo\/informare\/osservatorio-parlamentare\/attivita-dinchiesta\/attivita-dinchiesta-xvii\/commissione-sulla-contraffazione\/contraffazione-via-web-conclusioni-e-proposte-della-commissione-di-inchiesta\/\"]}]},{\"@type\":\"BreadcrumbList\",\"@id\":\"https:\/\/welaikaadv.site\/avviso\/home\/cosa-facciamo\/informare\/osservatorio-parlamentare\/attivita-dinchiesta\/attivita-dinchiesta-xvii\/commissione-sulla-contraffazione\/contraffazione-via-web-conclusioni-e-proposte-della-commissione-di-inchiesta\/#breadcrumb\",\"itemListElement\":[{\"@type\":\"ListItem\",\"position\":1,\"name\":\"Home\",\"item\":\"https:\/\/welaikaadv.site\/avviso\/\"},{\"@type\":\"ListItem\",\"position\":2,\"name\":\"Attivit\u00e0 d&#8217;inchiesta nella XVII legislatura\",\"item\":\"https:\/\/welaikaadv.site\/avviso\/home\/cosa-facciamo\/informare\/osservatorio-parlamentare\/attivita-dinchiesta\/attivita-dinchiesta-xvii\/\"},{\"@type\":\"ListItem\",\"position\":3,\"name\":\"Commissione sulla contraffazione \u2013 XVII legislatura\",\"item\":\"https:\/\/welaikaadv.site\/avviso\/home\/cosa-facciamo\/informare\/osservatorio-parlamentare\/attivita-dinchiesta\/attivita-dinchiesta-xvii\/commissione-sulla-contraffazione\/\"},{\"@type\":\"ListItem\",\"position\":4,\"name\":\"Contraffazione via web: conclusioni e proposte della Commissione di inchiesta\"}]},{\"@type\":\"WebSite\",\"@id\":\"https:\/\/welaikaadv.site\/avviso\/#website\",\"url\":\"https:\/\/welaikaadv.site\/avviso\/\",\"name\":\"Staging Avviso Pubblico\",\"description\":\"\",\"publisher\":{\"@id\":\"https:\/\/welaikaadv.site\/avviso\/#organization\"},\"potentialAction\":[{\"@type\":\"SearchAction\",\"target\":{\"@type\":\"EntryPoint\",\"urlTemplate\":\"https:\/\/welaikaadv.site\/avviso\/?s={search_term_string}\"},\"query-input\":{\"@type\":\"PropertyValueSpecification\",\"valueRequired\":true,\"valueName\":\"search_term_string\"}}],\"inLanguage\":\"it-IT\"},{\"@type\":\"Organization\",\"@id\":\"https:\/\/welaikaadv.site\/avviso\/#organization\",\"name\":\"Staging Avviso Pubblico\",\"url\":\"https:\/\/welaikaadv.site\/avviso\/\",\"logo\":{\"@type\":\"ImageObject\",\"inLanguage\":\"it-IT\",\"@id\":\"https:\/\/welaikaadv.site\/avviso\/#\/schema\/logo\/image\/\",\"url\":\"https:\/\/welaikaadv.site\/avviso\/wp-content\/uploads\/2024\/08\/logoAPsito-400.png\",\"contentUrl\":\"https:\/\/welaikaadv.site\/avviso\/wp-content\/uploads\/2024\/08\/logoAPsito-400.png\",\"width\":400,\"height\":97,\"caption\":\"Staging Avviso Pubblico\"},\"image\":{\"@id\":\"https:\/\/welaikaadv.site\/avviso\/#\/schema\/logo\/image\/\"}}]}<\/script>\n<!-- \/ Yoast SEO plugin. -->","yoast_head_json":{"title":"Contraffazione via web: conclusioni e proposte della Commissione di inchiesta - Staging Avviso Pubblico","robots":{"index":"noindex","follow":"follow","max-snippet":"max-snippet:-1","max-image-preview":"max-image-preview:large","max-video-preview":"max-video-preview:-1"},"og_locale":"it_IT","og_type":"article","og_title":"Contraffazione via web: conclusioni e proposte della Commissione di inchiesta - Staging Avviso Pubblico","og_description":"Premessa. Al termine di un lungo ciclo di audizioni condotte tra il 2016 e il 2017 con gli stakeholders del settore, le istituzioni competenti e&nbsp;[&hellip;]Leggi tutto Contraffazione via web: conclusioni e proposte della Commissione di inchiesta &rarr;","og_url":"https:\/\/welaikaadv.site\/avviso\/home\/cosa-facciamo\/informare\/osservatorio-parlamentare\/attivita-dinchiesta\/attivita-dinchiesta-xvii\/commissione-sulla-contraffazione\/contraffazione-via-web-conclusioni-e-proposte-della-commissione-di-inchiesta\/","og_site_name":"Staging Avviso Pubblico","twitter_card":"summary_large_image","twitter_misc":{"Tempo di lettura stimato":"4 minuti"},"schema":{"@context":"https:\/\/schema.org","@graph":[{"@type":"WebPage","@id":"https:\/\/welaikaadv.site\/avviso\/home\/cosa-facciamo\/informare\/osservatorio-parlamentare\/attivita-dinchiesta\/attivita-dinchiesta-xvii\/commissione-sulla-contraffazione\/contraffazione-via-web-conclusioni-e-proposte-della-commissione-di-inchiesta\/","url":"https:\/\/welaikaadv.site\/avviso\/home\/cosa-facciamo\/informare\/osservatorio-parlamentare\/attivita-dinchiesta\/attivita-dinchiesta-xvii\/commissione-sulla-contraffazione\/contraffazione-via-web-conclusioni-e-proposte-della-commissione-di-inchiesta\/","name":"Contraffazione via web: conclusioni e proposte della Commissione di inchiesta - Staging Avviso Pubblico","isPartOf":{"@id":"https:\/\/welaikaadv.site\/avviso\/#website"},"datePublished":"2017-09-14T11:15:16+00:00","breadcrumb":{"@id":"https:\/\/welaikaadv.site\/avviso\/home\/cosa-facciamo\/informare\/osservatorio-parlamentare\/attivita-dinchiesta\/attivita-dinchiesta-xvii\/commissione-sulla-contraffazione\/contraffazione-via-web-conclusioni-e-proposte-della-commissione-di-inchiesta\/#breadcrumb"},"inLanguage":"it-IT","potentialAction":[{"@type":"ReadAction","target":["https:\/\/welaikaadv.site\/avviso\/home\/cosa-facciamo\/informare\/osservatorio-parlamentare\/attivita-dinchiesta\/attivita-dinchiesta-xvii\/commissione-sulla-contraffazione\/contraffazione-via-web-conclusioni-e-proposte-della-commissione-di-inchiesta\/"]}]},{"@type":"BreadcrumbList","@id":"https:\/\/welaikaadv.site\/avviso\/home\/cosa-facciamo\/informare\/osservatorio-parlamentare\/attivita-dinchiesta\/attivita-dinchiesta-xvii\/commissione-sulla-contraffazione\/contraffazione-via-web-conclusioni-e-proposte-della-commissione-di-inchiesta\/#breadcrumb","itemListElement":[{"@type":"ListItem","position":1,"name":"Home","item":"https:\/\/welaikaadv.site\/avviso\/"},{"@type":"ListItem","position":2,"name":"Attivit\u00e0 d&#8217;inchiesta nella XVII legislatura","item":"https:\/\/welaikaadv.site\/avviso\/home\/cosa-facciamo\/informare\/osservatorio-parlamentare\/attivita-dinchiesta\/attivita-dinchiesta-xvii\/"},{"@type":"ListItem","position":3,"name":"Commissione sulla contraffazione \u2013 XVII legislatura","item":"https:\/\/welaikaadv.site\/avviso\/home\/cosa-facciamo\/informare\/osservatorio-parlamentare\/attivita-dinchiesta\/attivita-dinchiesta-xvii\/commissione-sulla-contraffazione\/"},{"@type":"ListItem","position":4,"name":"Contraffazione via web: conclusioni e proposte della Commissione di inchiesta"}]},{"@type":"WebSite","@id":"https:\/\/welaikaadv.site\/avviso\/#website","url":"https:\/\/welaikaadv.site\/avviso\/","name":"Staging Avviso Pubblico","description":"","publisher":{"@id":"https:\/\/welaikaadv.site\/avviso\/#organization"},"potentialAction":[{"@type":"SearchAction","target":{"@type":"EntryPoint","urlTemplate":"https:\/\/welaikaadv.site\/avviso\/?s={search_term_string}"},"query-input":{"@type":"PropertyValueSpecification","valueRequired":true,"valueName":"search_term_string"}}],"inLanguage":"it-IT"},{"@type":"Organization","@id":"https:\/\/welaikaadv.site\/avviso\/#organization","name":"Staging Avviso Pubblico","url":"https:\/\/welaikaadv.site\/avviso\/","logo":{"@type":"ImageObject","inLanguage":"it-IT","@id":"https:\/\/welaikaadv.site\/avviso\/#\/schema\/logo\/image\/","url":"https:\/\/welaikaadv.site\/avviso\/wp-content\/uploads\/2024\/08\/logoAPsito-400.png","contentUrl":"https:\/\/welaikaadv.site\/avviso\/wp-content\/uploads\/2024\/08\/logoAPsito-400.png","width":400,"height":97,"caption":"Staging Avviso Pubblico"},"image":{"@id":"https:\/\/welaikaadv.site\/avviso\/#\/schema\/logo\/image\/"}}]}},"_links":{"self":[{"href":"https:\/\/welaikaadv.site\/avviso\/wp-json\/wp\/v2\/pages\/23543","targetHints":{"allow":["GET"]}}],"collection":[{"href":"https:\/\/welaikaadv.site\/avviso\/wp-json\/wp\/v2\/pages"}],"about":[{"href":"https:\/\/welaikaadv.site\/avviso\/wp-json\/wp\/v2\/types\/page"}],"author":[{"embeddable":true,"href":"https:\/\/welaikaadv.site\/avviso\/wp-json\/wp\/v2\/users\/1"}],"replies":[{"embeddable":true,"href":"https:\/\/welaikaadv.site\/avviso\/wp-json\/wp\/v2\/comments?post=23543"}],"version-history":[{"count":0,"href":"https:\/\/welaikaadv.site\/avviso\/wp-json\/wp\/v2\/pages\/23543\/revisions"}],"up":[{"embeddable":true,"href":"https:\/\/welaikaadv.site\/avviso\/wp-json\/wp\/v2\/pages\/23482"}],"wp:attachment":[{"href":"https:\/\/welaikaadv.site\/avviso\/wp-json\/wp\/v2\/media?parent=23543"}],"curies":[{"name":"wp","href":"https:\/\/api.w.org\/{rel}","templated":true}]}}