{"id":23544,"date":"2017-09-10T08:26:06","date_gmt":"2017-09-10T06:26:06","guid":{"rendered":"http:\/\/www.avvisopubblico.it\/osservatorio\/?page_id=7030"},"modified":"2017-09-10T08:26:06","modified_gmt":"2017-09-10T06:26:06","slug":"commissioni-rifiuti-relazione-intermedia-sullattivita-della-commissione","status":"publish","type":"page","link":"https:\/\/welaikaadv.site\/avviso\/home\/cosa-facciamo\/informare\/osservatorio-parlamentare\/attivita-dinchiesta\/attivita-dinchiesta-xvii\/commissione-bicamerale-sul-ciclo-dei-rifiuti\/commissioni-rifiuti-relazione-intermedia-sullattivita-della-commissione\/","title":{"rendered":"Commissioni rifiuti: relazione intermedia sull\u2019attivit\u00e0 della Commissione"},"content":{"rendered":"<p><strong>Premessa<\/strong>. Il 3 agosto 2017 la Commissione parlamentare di inchiesta sulle attivit\u00e0 illecite connesse al ciclo dei rifiuti e su illeciti ambientali ad esse correlati ha approvato all&#8217;unanimit\u00e0 la relazione intermedia sull&#8217;attivit\u00e0 svolta nel periodo 9 settembre 2014 \u2013 30 giugno 2017 (<strong><a href=\"http:\/\/www.camera.it\/leg17\/491?idLegislatura=17&amp;categoria=023&amp;tipologiaDoc=documento&amp;numero=027&amp;doc=pdfel\">Doc XXIII, n. 27<\/a><\/strong>).<\/p>\n<p>Tale relazione si pone in linea con la sempre pi\u00f9 marcata esigenza di valutazione retroattiva dell&#8217;operato delle istituzioni pubbliche, e costituisce, perci\u00f2, un tentativo di rendere pi\u00f9 chiaro il significato della missione pubblica e pi\u00f9 evidenti i suoi risultati concreti. Stante tuttavia la natura precipua dell&#8217;organo in questione, il regime di riservatezza a cui sono sottoposti molti suoi atti e la delicatezza intrinseca delle principali indagini condotte \u2013 si sottolinea nella stessa relazione \u2013 questo modello di analisi ha assunto un carattere inedito e necessariamente sperimentale.<\/p>\n<p><strong>I principali filoni di indagine della Commissione<\/strong>. All&#8217;inizio della XVII legislatura, seguendo un collaudato metodo di lavoro, l&#8217;Ufficio di presidenza ha stabilito di ripartire l&#8217;inchiesta tra approfondimenti a carattere territoriale, articolando e concentrando le indagini su specifiche regioni, e approfondimenti a carattere tematico (<em>per un quadro generale dell\u2019attivit\u00e0 della Commissione <strong><a href=\"https:\/\/welaikaadv.site\/avviso\/home\/cosa-facciamo\/informare\/osservatorio-parlamentare\/attivita-dinchiesta\/attivita-dinchiesta-xvii\/commissione-bicamerale-sul-ciclo-dei-rifiuti\/commissione-rifiuti-quadro-generale-dellattivita\/\">clicca qui<\/a><\/strong><\/em>).<\/p>\n<p><em>Approfondimenti a carattere tematico<\/em>. Una larga parte del lavoro svolto \u00e8 stato dedicato al tema particolarmente complesso delle bonifiche nei principali siti di interesse nazionale (SIN), soprattutto alla luce del fatto che gli elevati stanziamenti economici per ciascun singolo progetto di bonifica hanno talora attratto l&#8217;interesse della criminalit\u00e0. Il lavoro della Commissione sui SIN ha interessato, tra gli altri, quelli di <strong><a href=\"https:\/\/welaikaadv.site\/avviso\/home\/cosa-facciamo\/informare\/osservatorio-parlamentare\/attivita-dinchiesta\/attivita-dinchiesta-xvii\/commissione-bicamerale-sul-ciclo-dei-rifiuti\/relazione-sulla-bonifica-del-sito-di-bussi-sul-tirino-scheda-di-sintesi\/\">Bussi sul Tirino<\/a><\/strong> (Abruzzo), Casale Monferrato (Piemonte), Cengio-Saliceto e Cogoleto (Liguria), <strong><a href=\"https:\/\/welaikaadv.site\/avviso\/home\/cosa-facciamo\/informare\/osservatorio-parlamentare\/attivita-dinchiesta\/attivita-dinchiesta-xvii\/commissione-bicamerale-sul-ciclo-dei-rifiuti\/commissione-di-inchiesta-sui-rifiuti-relazione-sulla-bonifica-dei-poli-chimici\/\">Porto Marghera<\/a><\/strong> (Veneto), Trieste e Grado e Marano (Friuli-Venezia Giulia), della Valle del Sacco (Lazio), <strong><a href=\"https:\/\/welaikaadv.site\/avviso\/home\/cosa-facciamo\/informare\/osservatorio-parlamentare\/attivita-dinchiesta\/attivita-dinchiesta-xvii\/commissione-bicamerale-sul-ciclo-dei-rifiuti\/commissione-rifiuti-audizione-sulla-situazione-del-sito-di-brindisi\/\">Taranto, Brindisi<\/a><\/strong>, Manfredonia e Bari (Puglia), Piombino, Orbetello, Livorno e Massa (Toscana), Bagnoli e Napoli orientale (Campania), <strong><a href=\"https:\/\/welaikaadv.site\/avviso\/home\/cosa-facciamo\/informare\/osservatorio-parlamentare\/attivita-dinchiesta\/attivita-dinchiesta-xvii\/commissione-bicamerale-sul-ciclo-dei-rifiuti\/commissione-sui-rifiuti-audizione-sulla-situazione-del-sin-di-crotone\/\">Crotone<\/a><\/strong> (Reggio Calabria) nonch\u00e9 Sesto San Giovanni, Pioltello e Rodano e Broni (Lombardia), presso i quali sono stati effettuati sopralluoghi e incontri con rappresentanti delle comunit\u00e0 locali e soggetti attuatori delle bonifiche.<\/p>\n<p>Un ulteriore contributo molto importante e dettagliato \u00e8 stato fornito per una vicenda tutt&#8217;ora aperta, che ha riguardato l&#8217;inquinamento delle acque di falda in una zona ampia del Veneto a causa della presenza di sostanze perfluoroalchiliche (PFAS).<\/p>\n<p>Va poi senz&#8217;altro segnalata la desecretazione di alcuni documenti dei servizi segreti, che hanno consentito di rilevare traffici di rifiuti nucleari con il coinvolgimento di Taiwan e della Corea del Nord; vicende dalle quali \u00e8 risultato che fosse italiano uno dei soggetti protagonisti di tali traffici. A partire da tale contesto sono stati avviati, in raccordo con la rappresentanza in Italia di Taiwan, una serie di contatti che hanno portato la Commissione a svolgere una missione di studio a Taipei (rel., pag. 100).<\/p>\n<p>Una menzione particolare merita, infine, la recente iniziativa di svolgere un <strong><a href=\"https:\/\/welaikaadv.site\/avviso\/home\/cosa-facciamo\/informare\/osservatorio-parlamentare\/attivita-dinchiesta\/attivita-dinchiesta-xvii\/commissione-bicamerale-sul-ciclo-dei-rifiuti\/la-relazione-parlamentare-sullattuazione-della-legge-n-68-del-2015-sugli-ecoreati\/\">approfondimento sullo stato di attuazione della legge 22 maggio 2015, n. 68, in materia di delitti contro l&#8217;ambiente<\/a><\/strong>. Si \u00e8 trattato, in sostanza, di una iniziativa a carattere sperimentale con la quale la Commissione, in raccordo con la competente struttura amministrativa della Camera dei deputati, ha dato corso alla verifica dell&#8217;attuazione di una legge, attivit\u00e0 di cui si registrano pochissimi precedenti nelle attivit\u00e0 parlamentari (rel., pag. 103).<\/p>\n<p><em>Approfondimenti territoriali<\/em>. Su tale fronte l&#8217;attivit\u00e0 di inchiesta della Commissione si \u00e8 svolta individuando una serie di regioni che, in considerazione della loro pregressa storia industriale, della particolare orografia, della carenza di iniziative volte alla risoluzione di situazione emergenziali o di criticit\u00e0 collegate alla gestione del ciclo dei rifiuti, nonch\u00e9 per la presenza sul territorio di interessi da parte della criminalit\u00e0 organizzata rispetto a tale <em>businnes<\/em>, sono state oggetto di particolare attenzione mediante lo svolgimento di missioni <em>in loco<\/em>, di audizioni di rappresentanti delle comunit\u00e0 locali presso le sedi prefettizie, di incontri informali con soggetti portatori di interessi o pi\u00f9 semplicemente informati sui fatti oggetto di inchiesta. Le regioni oggetto di tale lavoro di approfondimento sono state: <strong><a href=\"https:\/\/welaikaadv.site\/avviso\/home\/cosa-facciamo\/informare\/osservatorio-parlamentare\/attivita-dinchiesta\/attivita-dinchiesta-xvii\/commissione-bicamerale-sul-ciclo-dei-rifiuti\/commissione-sul-ciclo-dei-rifiuti-audizioni-sulla-gestione-dei-rifiuti-in-basilicata\/\">Basilicata<\/a><\/strong>, <strong><a href=\"https:\/\/welaikaadv.site\/avviso\/home\/cosa-facciamo\/informare\/osservatorio-parlamentare\/attivita-dinchiesta\/attivita-dinchiesta-xvii\/commissione-bicamerale-sul-ciclo-dei-rifiuti\/commissione-sul-ciclo-dei-rifiuti-audizione-del-procuratore-della-repubblica-presso-il-tribunale-di-napoli\/\">Campania<\/a><\/strong>, <strong><a href=\"https:\/\/welaikaadv.site\/avviso\/home\/cosa-facciamo\/informare\/osservatorio-parlamentare\/attivita-dinchiesta\/attivita-dinchiesta-xvii\/commissione-bicamerale-sul-ciclo-dei-rifiuti\/commissione-rifiuti-audizioni-sul-traffico-di-rifiuti-nel-lazio\/\">Lazio<\/a><\/strong>, <strong><a href=\"https:\/\/welaikaadv.site\/avviso\/home\/cosa-facciamo\/informare\/osservatorio-parlamentare\/attivita-dinchiesta\/attivita-dinchiesta-xvii\/commissione-bicamerale-sul-ciclo-dei-rifiuti\/commissione-di-inchiesta-sui-rifiuti-analisi-della-situazione-della-regione-liguria\/\">Liguria<\/a><\/strong>, <strong><a href=\"https:\/\/welaikaadv.site\/avviso\/home\/cosa-facciamo\/informare\/osservatorio-parlamentare\/attivita-dinchiesta\/attivita-dinchiesta-xvii\/commissione-bicamerale-sul-ciclo-dei-rifiuti\/commissione-di-inchiesta-sui-rifiuti-relazione-sul-ciclo-dei-rifiuti-in-sicilia\/\">Sicilia<\/a><\/strong>, Toscana, Umbria, <strong><a href=\"https:\/\/welaikaadv.site\/avviso\/home\/cosa-facciamo\/informare\/osservatorio-parlamentare\/attivita-dinchiesta\/attivita-dinchiesta-xvii\/commissione-bicamerale-sul-ciclo-dei-rifiuti\/commissione-rifiuti-relazione-finale-sulla-situazione-nella-regione-veneto\/\">Veneto<\/a><\/strong>.<\/p>\n<p><strong>I riflessi sull\u2019attivit\u00e0 parlamentare<\/strong> <strong>e sul territorio<\/strong>. L&#8217;aspetto pi\u00f9 qualificante dell&#8217;attivit\u00e0 della Commissione, tuttavia, \u00e8 rappresentato dalle iniziative assunte per la risoluzione di problematiche riscontrate nel corso dell&#8217;inchiesta, prevalentemente nel corso delle missioni. Se \u00e8 vero infatti che la funzione istituzionale, stabilita dalla legge istitutiva, \u00e8 quella di riferire al Parlamento l&#8217;esito delle inchieste mediante apposite relazioni, alla prova dei fatti \u00e8 risultato che il mero interessamento della Commissione a una problematica, anche mediante semplici audizioni nel corso di una missione, generi quanto meno l&#8217;effetto di stimolare un&#8217;azione di controllo da parte degli organi a ci\u00f2 preposti, con la conseguenza, in molti casi, di produrre una serie di effetti \u201ca catena\u201d che possono portare alla risoluzione del problema (rel., pag. 88).<\/p>\n<p>Per dare un riscontro di questa funzione sono stati analizzati due tipi di risultati: l&#8217;impatto indiretto dell&#8217;azione svolta dalla Commissione sulle attivit\u00e0 parlamentari; l&#8217;impatto indiretto sul territorio in termini di \u201c<em>moral suasion<\/em>\u201d, mediante riscontro indiretto con i soggetti destinatari dei provvedimenti intervenuti a seguito della missione parlamentare. Nella relazione si fa, in proposito, riferimento ad alcune specifiche vicende che appaiono particolarmente significative per la complessit\u00e0 e delicatezza delle tematiche trattate, nonch\u00e9 indicative degli effetti positivi che il lavoro svolto pu\u00f2 avere in termini di risoluzione delle problematiche oggetto di indagine.<\/p>\n<p>Con riguardo, infine, agli effetti prodotti sull&#8217;attivit\u00e0 delle Camere, possono citarsi, tra i casi pi\u00f9 rilevanti: una numerosa serie di risoluzioni, riguardanti, ad esempio, i lavori di bonifica del SIN di Venezia-Porto Marghera, e la gestione dei rifiuti radioattivi in Italia; lo stanziamento di 10 milioni di euro \u201cper la messa in sicurezza e gestione dei rifiuti radioattivi in deposito nell&#8217;area ex Cemerad comune di Statte, provincia di Taranto\u201d; l&#8217;attribuzione di 10 milioni di euro dei fondi destinati alla Terra dei fuochi per la bonifica dello stabilimento industriale Isochimica di Avellino, nonch\u00e9 il diritto agli ex lavoratori di questa al trattamento pensionistico; alcune interrogazioni a risposta immediata in Assemblea; e alcune interpellanze urgenti.<\/p>\n<p>&nbsp;<\/p>\n<p><em>(a\u00a0cura di <a href=\"mailto:luca.fiordelmondo@avvisopubblico.it\"><strong>Luca Fiordelmondo<\/strong><\/a>, Master APC dell&#8217;Universit\u00e0 di Pisa)<\/em><\/p>\n","protected":false},"excerpt":{"rendered":"<p>Premessa. Il 3 agosto 2017 la Commissione parlamentare di inchiesta sulle attivit\u00e0 illecite connesse al ciclo dei rifiuti e su illeciti ambientali ad esse correlati&nbsp;<span class=\"hellipsis\">[&hellip;]<\/span><a class=\"more-link\" href=\"https:\/\/welaikaadv.site\/avviso\/home\/cosa-facciamo\/informare\/osservatorio-parlamentare\/attivita-dinchiesta\/attivita-dinchiesta-xvii\/commissione-bicamerale-sul-ciclo-dei-rifiuti\/commissioni-rifiuti-relazione-intermedia-sullattivita-della-commissione\/\">Leggi tutto <span class=\"screen-reader-text\">Commissioni rifiuti: relazione intermedia sull\u2019attivit\u00e0 della Commissione<\/span> <span class=\"meta-nav\" aria-hidden=\"true\">&rarr;<\/span><\/a><\/p>\n","protected":false},"author":1,"featured_media":0,"parent":2831,"menu_order":0,"comment_status":"closed","ping_status":"closed","template":"","meta":{"_acf_changed":false,"_exactmetrics_skip_tracking":false,"_exactmetrics_sitenote_active":false,"_exactmetrics_sitenote_note":"","_exactmetrics_sitenote_category":0,"wp_social_preview_title":"","wp_social_preview_description":"","wp_social_preview_image":0,"footnotes":""},"class_list":["post-23544","page","type-page","status-publish","hentry"],"acf":[],"yoast_head":"<!-- This site is optimized with the Yoast SEO plugin v27.2 - https:\/\/yoast.com\/product\/yoast-seo-wordpress\/ -->\n<title>Commissioni rifiuti: relazione intermedia sull\u2019attivit\u00e0 della Commissione - Staging Avviso Pubblico<\/title>\n<meta name=\"robots\" content=\"noindex, follow, max-snippet:-1, max-image-preview:large, max-video-preview:-1\" \/>\n<meta property=\"og:locale\" content=\"it_IT\" \/>\n<meta property=\"og:type\" content=\"article\" \/>\n<meta property=\"og:title\" content=\"Commissioni rifiuti: relazione intermedia sull\u2019attivit\u00e0 della Commissione - Staging Avviso Pubblico\" \/>\n<meta property=\"og:description\" content=\"Premessa. Il 3 agosto 2017 la Commissione parlamentare di inchiesta sulle attivit\u00e0 illecite connesse al ciclo dei rifiuti e su illeciti ambientali ad esse correlati&nbsp;[&hellip;]Leggi tutto Commissioni rifiuti: relazione intermedia sull\u2019attivit\u00e0 della Commissione &rarr;\" \/>\n<meta property=\"og:url\" content=\"https:\/\/welaikaadv.site\/avviso\/home\/cosa-facciamo\/informare\/osservatorio-parlamentare\/attivita-dinchiesta\/attivita-dinchiesta-xvii\/commissione-bicamerale-sul-ciclo-dei-rifiuti\/commissioni-rifiuti-relazione-intermedia-sullattivita-della-commissione\/\" \/>\n<meta property=\"og:site_name\" content=\"Staging Avviso Pubblico\" \/>\n<meta name=\"twitter:card\" content=\"summary_large_image\" \/>\n<meta name=\"twitter:label1\" content=\"Tempo di lettura stimato\" \/>\n\t<meta name=\"twitter:data1\" content=\"5 minuti\" \/>\n<script type=\"application\/ld+json\" class=\"yoast-schema-graph\">{\"@context\":\"https:\/\/schema.org\",\"@graph\":[{\"@type\":\"WebPage\",\"@id\":\"https:\/\/welaikaadv.site\/avviso\/home\/cosa-facciamo\/informare\/osservatorio-parlamentare\/attivita-dinchiesta\/attivita-dinchiesta-xvii\/commissione-bicamerale-sul-ciclo-dei-rifiuti\/commissioni-rifiuti-relazione-intermedia-sullattivita-della-commissione\/\",\"url\":\"https:\/\/welaikaadv.site\/avviso\/home\/cosa-facciamo\/informare\/osservatorio-parlamentare\/attivita-dinchiesta\/attivita-dinchiesta-xvii\/commissione-bicamerale-sul-ciclo-dei-rifiuti\/commissioni-rifiuti-relazione-intermedia-sullattivita-della-commissione\/\",\"name\":\"Commissioni rifiuti: relazione intermedia sull\u2019attivit\u00e0 della Commissione - Staging Avviso Pubblico\",\"isPartOf\":{\"@id\":\"https:\/\/welaikaadv.site\/avviso\/#website\"},\"datePublished\":\"2017-09-10T06:26:06+00:00\",\"breadcrumb\":{\"@id\":\"https:\/\/welaikaadv.site\/avviso\/home\/cosa-facciamo\/informare\/osservatorio-parlamentare\/attivita-dinchiesta\/attivita-dinchiesta-xvii\/commissione-bicamerale-sul-ciclo-dei-rifiuti\/commissioni-rifiuti-relazione-intermedia-sullattivita-della-commissione\/#breadcrumb\"},\"inLanguage\":\"it-IT\",\"potentialAction\":[{\"@type\":\"ReadAction\",\"target\":[\"https:\/\/welaikaadv.site\/avviso\/home\/cosa-facciamo\/informare\/osservatorio-parlamentare\/attivita-dinchiesta\/attivita-dinchiesta-xvii\/commissione-bicamerale-sul-ciclo-dei-rifiuti\/commissioni-rifiuti-relazione-intermedia-sullattivita-della-commissione\/\"]}]},{\"@type\":\"BreadcrumbList\",\"@id\":\"https:\/\/welaikaadv.site\/avviso\/home\/cosa-facciamo\/informare\/osservatorio-parlamentare\/attivita-dinchiesta\/attivita-dinchiesta-xvii\/commissione-bicamerale-sul-ciclo-dei-rifiuti\/commissioni-rifiuti-relazione-intermedia-sullattivita-della-commissione\/#breadcrumb\",\"itemListElement\":[{\"@type\":\"ListItem\",\"position\":1,\"name\":\"Home\",\"item\":\"https:\/\/welaikaadv.site\/avviso\/\"},{\"@type\":\"ListItem\",\"position\":2,\"name\":\"Commissioni rifiuti: relazione intermedia sull\u2019attivit\u00e0 della Commissione\"}]},{\"@type\":\"WebSite\",\"@id\":\"https:\/\/welaikaadv.site\/avviso\/#website\",\"url\":\"https:\/\/welaikaadv.site\/avviso\/\",\"name\":\"Staging Avviso Pubblico\",\"description\":\"\",\"publisher\":{\"@id\":\"https:\/\/welaikaadv.site\/avviso\/#organization\"},\"potentialAction\":[{\"@type\":\"SearchAction\",\"target\":{\"@type\":\"EntryPoint\",\"urlTemplate\":\"https:\/\/welaikaadv.site\/avviso\/?s={search_term_string}\"},\"query-input\":{\"@type\":\"PropertyValueSpecification\",\"valueRequired\":true,\"valueName\":\"search_term_string\"}}],\"inLanguage\":\"it-IT\"},{\"@type\":\"Organization\",\"@id\":\"https:\/\/welaikaadv.site\/avviso\/#organization\",\"name\":\"Staging Avviso Pubblico\",\"url\":\"https:\/\/welaikaadv.site\/avviso\/\",\"logo\":{\"@type\":\"ImageObject\",\"inLanguage\":\"it-IT\",\"@id\":\"https:\/\/welaikaadv.site\/avviso\/#\/schema\/logo\/image\/\",\"url\":\"https:\/\/welaikaadv.site\/avviso\/wp-content\/uploads\/2024\/08\/logoAPsito-400.png\",\"contentUrl\":\"https:\/\/welaikaadv.site\/avviso\/wp-content\/uploads\/2024\/08\/logoAPsito-400.png\",\"width\":400,\"height\":97,\"caption\":\"Staging Avviso Pubblico\"},\"image\":{\"@id\":\"https:\/\/welaikaadv.site\/avviso\/#\/schema\/logo\/image\/\"}}]}<\/script>\n<!-- \/ Yoast SEO plugin. -->","yoast_head_json":{"title":"Commissioni rifiuti: relazione intermedia sull\u2019attivit\u00e0 della Commissione - Staging Avviso Pubblico","robots":{"index":"noindex","follow":"follow","max-snippet":"max-snippet:-1","max-image-preview":"max-image-preview:large","max-video-preview":"max-video-preview:-1"},"og_locale":"it_IT","og_type":"article","og_title":"Commissioni rifiuti: relazione intermedia sull\u2019attivit\u00e0 della Commissione - Staging Avviso Pubblico","og_description":"Premessa. Il 3 agosto 2017 la Commissione parlamentare di inchiesta sulle attivit\u00e0 illecite connesse al ciclo dei rifiuti e su illeciti ambientali ad esse correlati&nbsp;[&hellip;]Leggi tutto Commissioni rifiuti: relazione intermedia sull\u2019attivit\u00e0 della Commissione &rarr;","og_url":"https:\/\/welaikaadv.site\/avviso\/home\/cosa-facciamo\/informare\/osservatorio-parlamentare\/attivita-dinchiesta\/attivita-dinchiesta-xvii\/commissione-bicamerale-sul-ciclo-dei-rifiuti\/commissioni-rifiuti-relazione-intermedia-sullattivita-della-commissione\/","og_site_name":"Staging Avviso Pubblico","twitter_card":"summary_large_image","twitter_misc":{"Tempo di lettura stimato":"5 minuti"},"schema":{"@context":"https:\/\/schema.org","@graph":[{"@type":"WebPage","@id":"https:\/\/welaikaadv.site\/avviso\/home\/cosa-facciamo\/informare\/osservatorio-parlamentare\/attivita-dinchiesta\/attivita-dinchiesta-xvii\/commissione-bicamerale-sul-ciclo-dei-rifiuti\/commissioni-rifiuti-relazione-intermedia-sullattivita-della-commissione\/","url":"https:\/\/welaikaadv.site\/avviso\/home\/cosa-facciamo\/informare\/osservatorio-parlamentare\/attivita-dinchiesta\/attivita-dinchiesta-xvii\/commissione-bicamerale-sul-ciclo-dei-rifiuti\/commissioni-rifiuti-relazione-intermedia-sullattivita-della-commissione\/","name":"Commissioni rifiuti: relazione intermedia sull\u2019attivit\u00e0 della Commissione - Staging Avviso Pubblico","isPartOf":{"@id":"https:\/\/welaikaadv.site\/avviso\/#website"},"datePublished":"2017-09-10T06:26:06+00:00","breadcrumb":{"@id":"https:\/\/welaikaadv.site\/avviso\/home\/cosa-facciamo\/informare\/osservatorio-parlamentare\/attivita-dinchiesta\/attivita-dinchiesta-xvii\/commissione-bicamerale-sul-ciclo-dei-rifiuti\/commissioni-rifiuti-relazione-intermedia-sullattivita-della-commissione\/#breadcrumb"},"inLanguage":"it-IT","potentialAction":[{"@type":"ReadAction","target":["https:\/\/welaikaadv.site\/avviso\/home\/cosa-facciamo\/informare\/osservatorio-parlamentare\/attivita-dinchiesta\/attivita-dinchiesta-xvii\/commissione-bicamerale-sul-ciclo-dei-rifiuti\/commissioni-rifiuti-relazione-intermedia-sullattivita-della-commissione\/"]}]},{"@type":"BreadcrumbList","@id":"https:\/\/welaikaadv.site\/avviso\/home\/cosa-facciamo\/informare\/osservatorio-parlamentare\/attivita-dinchiesta\/attivita-dinchiesta-xvii\/commissione-bicamerale-sul-ciclo-dei-rifiuti\/commissioni-rifiuti-relazione-intermedia-sullattivita-della-commissione\/#breadcrumb","itemListElement":[{"@type":"ListItem","position":1,"name":"Home","item":"https:\/\/welaikaadv.site\/avviso\/"},{"@type":"ListItem","position":2,"name":"Commissioni rifiuti: relazione intermedia sull\u2019attivit\u00e0 della Commissione"}]},{"@type":"WebSite","@id":"https:\/\/welaikaadv.site\/avviso\/#website","url":"https:\/\/welaikaadv.site\/avviso\/","name":"Staging Avviso Pubblico","description":"","publisher":{"@id":"https:\/\/welaikaadv.site\/avviso\/#organization"},"potentialAction":[{"@type":"SearchAction","target":{"@type":"EntryPoint","urlTemplate":"https:\/\/welaikaadv.site\/avviso\/?s={search_term_string}"},"query-input":{"@type":"PropertyValueSpecification","valueRequired":true,"valueName":"search_term_string"}}],"inLanguage":"it-IT"},{"@type":"Organization","@id":"https:\/\/welaikaadv.site\/avviso\/#organization","name":"Staging Avviso Pubblico","url":"https:\/\/welaikaadv.site\/avviso\/","logo":{"@type":"ImageObject","inLanguage":"it-IT","@id":"https:\/\/welaikaadv.site\/avviso\/#\/schema\/logo\/image\/","url":"https:\/\/welaikaadv.site\/avviso\/wp-content\/uploads\/2024\/08\/logoAPsito-400.png","contentUrl":"https:\/\/welaikaadv.site\/avviso\/wp-content\/uploads\/2024\/08\/logoAPsito-400.png","width":400,"height":97,"caption":"Staging Avviso Pubblico"},"image":{"@id":"https:\/\/welaikaadv.site\/avviso\/#\/schema\/logo\/image\/"}}]}},"_links":{"self":[{"href":"https:\/\/welaikaadv.site\/avviso\/wp-json\/wp\/v2\/pages\/23544","targetHints":{"allow":["GET"]}}],"collection":[{"href":"https:\/\/welaikaadv.site\/avviso\/wp-json\/wp\/v2\/pages"}],"about":[{"href":"https:\/\/welaikaadv.site\/avviso\/wp-json\/wp\/v2\/types\/page"}],"author":[{"embeddable":true,"href":"https:\/\/welaikaadv.site\/avviso\/wp-json\/wp\/v2\/users\/1"}],"replies":[{"embeddable":true,"href":"https:\/\/welaikaadv.site\/avviso\/wp-json\/wp\/v2\/comments?post=23544"}],"version-history":[{"count":0,"href":"https:\/\/welaikaadv.site\/avviso\/wp-json\/wp\/v2\/pages\/23544\/revisions"}],"up":[{"embeddable":true,"href":"https:\/\/welaikaadv.site\/avviso\/wp-json\/wp\/v2\/pages\/2831"}],"wp:attachment":[{"href":"https:\/\/welaikaadv.site\/avviso\/wp-json\/wp\/v2\/media?parent=23544"}],"curies":[{"name":"wp","href":"https:\/\/api.w.org\/{rel}","templated":true}]}}