{"id":23546,"date":"2017-09-26T10:46:07","date_gmt":"2017-09-26T08:46:07","guid":{"rendered":"http:\/\/www.avvisopubblico.it\/home\/?page_id=7195"},"modified":"2017-09-26T10:46:07","modified_gmt":"2017-09-26T08:46:07","slug":"disegno-legge-corruzione-falso-bilancio-audizione-alla-camera-del-presidente-dellautorita-nazionale-anticorruzione","status":"publish","type":"page","link":"https:\/\/welaikaadv.site\/avviso\/home\/cosa-facciamo\/informare\/documenti-tematici\/corruzione-appalti\/disegno-legge-corruzione-falso-bilancio-audizione-alla-camera-del-presidente-dellautorita-nazionale-anticorruzione\/","title":{"rendered":"Disegno di legge su corruzione e falso in bilancio: audizione alla Camera del Presidente dell\u2019Autorit\u00e0 nazionale anticorruzione"},"content":{"rendered":"<p><strong>Premessa<\/strong> . Il Presidente dell\u2019ANAC (Autorit\u00e0 nazionale anticorruzione) \u00e8 stato ascoltato il <a href=\"http:\/\/www.camera.it\/leg17\/1079?idLegislatura=17&amp;tipologia=indag&amp;sottotipologia=c02_amministrazione&amp;anno=2015&amp;mese=05&amp;giorno=06&amp;idCommissione=02&amp;numero=0001&amp;file=indice_stenografico#stenograficoCommissione.tit00020.int00010\" target=\"_blank\" rel=\"nofollow noopener\">6 maggio 2015<\/a> dalla Commissione Giustizia della Camera nell\u2019ambito delle audizioni promosse con riguardo all\u2019<strong>AC 3008 e abb <\/strong>(<em>Disposizioni in materia di delitti contro la pubblica amministrazione, di associazioni di tipo mafioso e di falso in bilancio,<\/em>) (ora <a href=\"https:\/\/welaikaadv.site\/avviso\/home\/cosa-facciamo\/informare\/osservatorio-parlamentare\/attivita-legislativa\/legge-n-69-del-2015-disposizioni-in-materia-di-delitti-contro-la-pubblica-amministrazione-di-associazioni-di-tipo-mafioso-e-di-falso-in-bilancio\/\">legge n. 69 del 2015<\/a>).<\/p>\n<p><strong>Il potenziamento del ruolo dell\u2019Anac<\/strong>. Il dott. Cantone esprime innanzitutto apprezzamento per le disposizioni del ddl (artt. 7 e 8) sul coordinamento tra Autorit\u00e0 anticorruzione procure della repubblica e tribunali amministrativi regionali, permettendo all\u2019Anac di avere notizia dell&#8217;esistenza di procedimenti in cui emergono fatti corruttivi (e prevedibilmente di poterne chiedere copia) e di esercitare le funzioni di vigilanza sugli appalti, anche con riferimento ai contratti segretati.<\/p>\n<p><strong>Altre disposizioni del disegno di legge<\/strong>. Il dott. Cantone si dichiara d\u2019accordo sul ripristino delle disposizioni sul falso in bilancio e sull\u2019introduzione, nella figura della concussione, del soggetto incaricato di pubblico servizio; analogo giudizio positivo sulla previsione di un\u2019attenuante per coloro che svolgono attivit\u00e0 di collaborazione concreta con la giustizia, in analogia con quanto previsto dall&#8217;articolo 8 del decreto-legge n.\u2002152 del 1991 in materia di criminalit\u00e0 organizzata. Esprime invece perplessit\u00e0 sulla disposizione che subordina il patteggiamento alla restituzione integrale del prezzo del profitto del reato, che rischia di dar luogo a numerosi problemi interpretativi.<\/p>\n<p><strong>Ulteriori tematiche da affrontare<\/strong>. Il dott. Cantone \u00e8 favorevole ad una disciplina della figura dell&#8217;agente sotto copertura (sia pure adattata al nostro ordinamento), che potrebbe rappresentare uno strumento importante di lotta alla corruzione, cos\u00ec come ad una integrazione della normativa sulla inconferibilit\u00e0 degli incarichi dei soggetti condannati. Sottolinea inoltre la necessit\u00e0 di garantire agli enti locali le risorse per la completa implementazione della normativa sulle amministrazioni trasparenti, al fine di garantire la conoscenza in tempo reale di tutte le attivit\u00e0 pi\u00f9 significative delle pubbliche amministrazioni. Per quanto concerne la prescrizione, ritiene necessario un allungamento dei tempi per quanto riguarda la corruzione, in ragione della complessit\u00e0 dell\u2019attivit\u00e0 investigativa; a tale riguardo, si dichiara favorevole a stabilire il <em>dies a quo<\/em> dalla commissione del reato, individuato dalla dazione.<\/p>\n","protected":false},"excerpt":{"rendered":"<p>Premessa . Il Presidente dell\u2019ANAC (Autorit\u00e0 nazionale anticorruzione) \u00e8 stato ascoltato il 6 maggio 2015 dalla Commissione Giustizia della Camera nell\u2019ambito delle audizioni promosse con&nbsp;<span class=\"hellipsis\">[&hellip;]<\/span><a class=\"more-link\" href=\"https:\/\/welaikaadv.site\/avviso\/home\/cosa-facciamo\/informare\/documenti-tematici\/corruzione-appalti\/disegno-legge-corruzione-falso-bilancio-audizione-alla-camera-del-presidente-dellautorita-nazionale-anticorruzione\/\">Leggi tutto <span class=\"screen-reader-text\">Disegno di legge su corruzione e falso in bilancio: audizione alla Camera del Presidente dell\u2019Autorit\u00e0 nazionale anticorruzione<\/span> <span class=\"meta-nav\" aria-hidden=\"true\">&rarr;<\/span><\/a><\/p>\n","protected":false},"author":1,"featured_media":0,"parent":198,"menu_order":45,"comment_status":"closed","ping_status":"closed","template":"","meta":{"_acf_changed":false,"_exactmetrics_skip_tracking":false,"_exactmetrics_sitenote_active":false,"_exactmetrics_sitenote_note":"","_exactmetrics_sitenote_category":0,"wp_social_preview_title":"","wp_social_preview_description":"","wp_social_preview_image":0,"footnotes":""},"class_list":["post-23546","page","type-page","status-publish","hentry"],"acf":[],"yoast_head":"<!-- This site is optimized with the Yoast SEO plugin v27.2 - https:\/\/yoast.com\/product\/yoast-seo-wordpress\/ -->\n<title>Disegno di legge su corruzione e falso in bilancio: audizione alla Camera del Presidente dell\u2019Autorit\u00e0 nazionale anticorruzione - Staging Avviso Pubblico<\/title>\n<meta name=\"robots\" content=\"noindex, follow, max-snippet:-1, max-image-preview:large, max-video-preview:-1\" \/>\n<meta property=\"og:locale\" content=\"it_IT\" \/>\n<meta property=\"og:type\" content=\"article\" \/>\n<meta property=\"og:title\" content=\"Disegno di legge su corruzione e falso in bilancio: audizione alla Camera del Presidente dell\u2019Autorit\u00e0 nazionale anticorruzione - Staging Avviso Pubblico\" \/>\n<meta property=\"og:description\" content=\"Premessa . Il Presidente dell\u2019ANAC (Autorit\u00e0 nazionale anticorruzione) \u00e8 stato ascoltato il 6 maggio 2015 dalla Commissione Giustizia della Camera nell\u2019ambito delle audizioni promosse con&nbsp;[&hellip;]Leggi tutto Disegno di legge su corruzione e falso in bilancio: audizione alla Camera del Presidente dell\u2019Autorit\u00e0 nazionale anticorruzione &rarr;\" \/>\n<meta property=\"og:url\" content=\"https:\/\/welaikaadv.site\/avviso\/home\/cosa-facciamo\/informare\/documenti-tematici\/corruzione-appalti\/disegno-legge-corruzione-falso-bilancio-audizione-alla-camera-del-presidente-dellautorita-nazionale-anticorruzione\/\" \/>\n<meta property=\"og:site_name\" content=\"Staging Avviso Pubblico\" \/>\n<meta name=\"twitter:card\" content=\"summary_large_image\" \/>\n<meta name=\"twitter:label1\" content=\"Tempo di lettura stimato\" \/>\n\t<meta name=\"twitter:data1\" content=\"2 minuti\" \/>\n<script type=\"application\/ld+json\" class=\"yoast-schema-graph\">{\"@context\":\"https:\/\/schema.org\",\"@graph\":[{\"@type\":\"WebPage\",\"@id\":\"https:\/\/welaikaadv.site\/avviso\/home\/cosa-facciamo\/informare\/documenti-tematici\/corruzione-appalti\/disegno-legge-corruzione-falso-bilancio-audizione-alla-camera-del-presidente-dellautorita-nazionale-anticorruzione\/\",\"url\":\"https:\/\/welaikaadv.site\/avviso\/home\/cosa-facciamo\/informare\/documenti-tematici\/corruzione-appalti\/disegno-legge-corruzione-falso-bilancio-audizione-alla-camera-del-presidente-dellautorita-nazionale-anticorruzione\/\",\"name\":\"Disegno di legge su corruzione e falso in bilancio: audizione alla Camera del Presidente dell\u2019Autorit\u00e0 nazionale anticorruzione - Staging Avviso Pubblico\",\"isPartOf\":{\"@id\":\"https:\/\/welaikaadv.site\/avviso\/#website\"},\"datePublished\":\"2017-09-26T08:46:07+00:00\",\"breadcrumb\":{\"@id\":\"https:\/\/welaikaadv.site\/avviso\/home\/cosa-facciamo\/informare\/documenti-tematici\/corruzione-appalti\/disegno-legge-corruzione-falso-bilancio-audizione-alla-camera-del-presidente-dellautorita-nazionale-anticorruzione\/#breadcrumb\"},\"inLanguage\":\"it-IT\",\"potentialAction\":[{\"@type\":\"ReadAction\",\"target\":[\"https:\/\/welaikaadv.site\/avviso\/home\/cosa-facciamo\/informare\/documenti-tematici\/corruzione-appalti\/disegno-legge-corruzione-falso-bilancio-audizione-alla-camera-del-presidente-dellautorita-nazionale-anticorruzione\/\"]}]},{\"@type\":\"BreadcrumbList\",\"@id\":\"https:\/\/welaikaadv.site\/avviso\/home\/cosa-facciamo\/informare\/documenti-tematici\/corruzione-appalti\/disegno-legge-corruzione-falso-bilancio-audizione-alla-camera-del-presidente-dellautorita-nazionale-anticorruzione\/#breadcrumb\",\"itemListElement\":[{\"@type\":\"ListItem\",\"position\":1,\"name\":\"Home\",\"item\":\"https:\/\/welaikaadv.site\/avviso\/\"},{\"@type\":\"ListItem\",\"position\":2,\"name\":\"Disegno di legge su corruzione e falso in bilancio: audizione alla Camera del Presidente dell\u2019Autorit\u00e0 nazionale anticorruzione\"}]},{\"@type\":\"WebSite\",\"@id\":\"https:\/\/welaikaadv.site\/avviso\/#website\",\"url\":\"https:\/\/welaikaadv.site\/avviso\/\",\"name\":\"Staging Avviso Pubblico\",\"description\":\"\",\"publisher\":{\"@id\":\"https:\/\/welaikaadv.site\/avviso\/#organization\"},\"potentialAction\":[{\"@type\":\"SearchAction\",\"target\":{\"@type\":\"EntryPoint\",\"urlTemplate\":\"https:\/\/welaikaadv.site\/avviso\/?s={search_term_string}\"},\"query-input\":{\"@type\":\"PropertyValueSpecification\",\"valueRequired\":true,\"valueName\":\"search_term_string\"}}],\"inLanguage\":\"it-IT\"},{\"@type\":\"Organization\",\"@id\":\"https:\/\/welaikaadv.site\/avviso\/#organization\",\"name\":\"Staging Avviso Pubblico\",\"url\":\"https:\/\/welaikaadv.site\/avviso\/\",\"logo\":{\"@type\":\"ImageObject\",\"inLanguage\":\"it-IT\",\"@id\":\"https:\/\/welaikaadv.site\/avviso\/#\/schema\/logo\/image\/\",\"url\":\"https:\/\/welaikaadv.site\/avviso\/wp-content\/uploads\/2024\/08\/logoAPsito-400.png\",\"contentUrl\":\"https:\/\/welaikaadv.site\/avviso\/wp-content\/uploads\/2024\/08\/logoAPsito-400.png\",\"width\":400,\"height\":97,\"caption\":\"Staging Avviso Pubblico\"},\"image\":{\"@id\":\"https:\/\/welaikaadv.site\/avviso\/#\/schema\/logo\/image\/\"}}]}<\/script>\n<!-- \/ Yoast SEO plugin. -->","yoast_head_json":{"title":"Disegno di legge su corruzione e falso in bilancio: audizione alla Camera del Presidente dell\u2019Autorit\u00e0 nazionale anticorruzione - Staging Avviso Pubblico","robots":{"index":"noindex","follow":"follow","max-snippet":"max-snippet:-1","max-image-preview":"max-image-preview:large","max-video-preview":"max-video-preview:-1"},"og_locale":"it_IT","og_type":"article","og_title":"Disegno di legge su corruzione e falso in bilancio: audizione alla Camera del Presidente dell\u2019Autorit\u00e0 nazionale anticorruzione - Staging Avviso Pubblico","og_description":"Premessa . Il Presidente dell\u2019ANAC (Autorit\u00e0 nazionale anticorruzione) \u00e8 stato ascoltato il 6 maggio 2015 dalla Commissione Giustizia della Camera nell\u2019ambito delle audizioni promosse con&nbsp;[&hellip;]Leggi tutto Disegno di legge su corruzione e falso in bilancio: audizione alla Camera del Presidente dell\u2019Autorit\u00e0 nazionale anticorruzione &rarr;","og_url":"https:\/\/welaikaadv.site\/avviso\/home\/cosa-facciamo\/informare\/documenti-tematici\/corruzione-appalti\/disegno-legge-corruzione-falso-bilancio-audizione-alla-camera-del-presidente-dellautorita-nazionale-anticorruzione\/","og_site_name":"Staging Avviso Pubblico","twitter_card":"summary_large_image","twitter_misc":{"Tempo di lettura stimato":"2 minuti"},"schema":{"@context":"https:\/\/schema.org","@graph":[{"@type":"WebPage","@id":"https:\/\/welaikaadv.site\/avviso\/home\/cosa-facciamo\/informare\/documenti-tematici\/corruzione-appalti\/disegno-legge-corruzione-falso-bilancio-audizione-alla-camera-del-presidente-dellautorita-nazionale-anticorruzione\/","url":"https:\/\/welaikaadv.site\/avviso\/home\/cosa-facciamo\/informare\/documenti-tematici\/corruzione-appalti\/disegno-legge-corruzione-falso-bilancio-audizione-alla-camera-del-presidente-dellautorita-nazionale-anticorruzione\/","name":"Disegno di legge su corruzione e falso in bilancio: audizione alla Camera del Presidente dell\u2019Autorit\u00e0 nazionale anticorruzione - Staging Avviso Pubblico","isPartOf":{"@id":"https:\/\/welaikaadv.site\/avviso\/#website"},"datePublished":"2017-09-26T08:46:07+00:00","breadcrumb":{"@id":"https:\/\/welaikaadv.site\/avviso\/home\/cosa-facciamo\/informare\/documenti-tematici\/corruzione-appalti\/disegno-legge-corruzione-falso-bilancio-audizione-alla-camera-del-presidente-dellautorita-nazionale-anticorruzione\/#breadcrumb"},"inLanguage":"it-IT","potentialAction":[{"@type":"ReadAction","target":["https:\/\/welaikaadv.site\/avviso\/home\/cosa-facciamo\/informare\/documenti-tematici\/corruzione-appalti\/disegno-legge-corruzione-falso-bilancio-audizione-alla-camera-del-presidente-dellautorita-nazionale-anticorruzione\/"]}]},{"@type":"BreadcrumbList","@id":"https:\/\/welaikaadv.site\/avviso\/home\/cosa-facciamo\/informare\/documenti-tematici\/corruzione-appalti\/disegno-legge-corruzione-falso-bilancio-audizione-alla-camera-del-presidente-dellautorita-nazionale-anticorruzione\/#breadcrumb","itemListElement":[{"@type":"ListItem","position":1,"name":"Home","item":"https:\/\/welaikaadv.site\/avviso\/"},{"@type":"ListItem","position":2,"name":"Disegno di legge su corruzione e falso in bilancio: audizione alla Camera del Presidente dell\u2019Autorit\u00e0 nazionale anticorruzione"}]},{"@type":"WebSite","@id":"https:\/\/welaikaadv.site\/avviso\/#website","url":"https:\/\/welaikaadv.site\/avviso\/","name":"Staging Avviso Pubblico","description":"","publisher":{"@id":"https:\/\/welaikaadv.site\/avviso\/#organization"},"potentialAction":[{"@type":"SearchAction","target":{"@type":"EntryPoint","urlTemplate":"https:\/\/welaikaadv.site\/avviso\/?s={search_term_string}"},"query-input":{"@type":"PropertyValueSpecification","valueRequired":true,"valueName":"search_term_string"}}],"inLanguage":"it-IT"},{"@type":"Organization","@id":"https:\/\/welaikaadv.site\/avviso\/#organization","name":"Staging Avviso Pubblico","url":"https:\/\/welaikaadv.site\/avviso\/","logo":{"@type":"ImageObject","inLanguage":"it-IT","@id":"https:\/\/welaikaadv.site\/avviso\/#\/schema\/logo\/image\/","url":"https:\/\/welaikaadv.site\/avviso\/wp-content\/uploads\/2024\/08\/logoAPsito-400.png","contentUrl":"https:\/\/welaikaadv.site\/avviso\/wp-content\/uploads\/2024\/08\/logoAPsito-400.png","width":400,"height":97,"caption":"Staging Avviso Pubblico"},"image":{"@id":"https:\/\/welaikaadv.site\/avviso\/#\/schema\/logo\/image\/"}}]}},"_links":{"self":[{"href":"https:\/\/welaikaadv.site\/avviso\/wp-json\/wp\/v2\/pages\/23546","targetHints":{"allow":["GET"]}}],"collection":[{"href":"https:\/\/welaikaadv.site\/avviso\/wp-json\/wp\/v2\/pages"}],"about":[{"href":"https:\/\/welaikaadv.site\/avviso\/wp-json\/wp\/v2\/types\/page"}],"author":[{"embeddable":true,"href":"https:\/\/welaikaadv.site\/avviso\/wp-json\/wp\/v2\/users\/1"}],"replies":[{"embeddable":true,"href":"https:\/\/welaikaadv.site\/avviso\/wp-json\/wp\/v2\/comments?post=23546"}],"version-history":[{"count":0,"href":"https:\/\/welaikaadv.site\/avviso\/wp-json\/wp\/v2\/pages\/23546\/revisions"}],"up":[{"embeddable":true,"href":"https:\/\/welaikaadv.site\/avviso\/wp-json\/wp\/v2\/pages\/198"}],"wp:attachment":[{"href":"https:\/\/welaikaadv.site\/avviso\/wp-json\/wp\/v2\/media?parent=23546"}],"curies":[{"name":"wp","href":"https:\/\/api.w.org\/{rel}","templated":true}]}}