{"id":23547,"date":"2017-09-26T12:03:05","date_gmt":"2017-09-26T10:03:05","guid":{"rendered":"http:\/\/www.avvisopubblico.it\/home\/?page_id=7207"},"modified":"2017-09-26T12:03:05","modified_gmt":"2017-09-26T10:03:05","slug":"relazione-2016-dna-levoluzione-della-ndrangheta","status":"publish","type":"page","link":"https:\/\/welaikaadv.site\/avviso\/home\/cosa-facciamo\/informare\/documenti-tematici\/mafie\/relazione-2016-dna-levoluzione-della-ndrangheta\/","title":{"rendered":"Relazione 2016 DNA: l\u2019evoluzione della \u2018ndrangheta"},"content":{"rendered":"<p><strong>Premessa<\/strong>. La Direzione Nazionale Antimafia e Antiterrorismo ha diffuso la propria Relazione annuale sulle attivit\u00e0 svolte dal Procuratore nazionale e dalla Direzione nazionale antimafia e antiterrorismo nonch\u00e9 sulle dinamiche e strategie della criminalit\u00e0 organizzata di tipo mafioso nel periodo luglio 2014 \u2013 giugno 2015, illustrata nel corso di un\u2019<strong><a href=\"https:\/\/welaikaadv.site\/avviso\/home\/cosa-facciamo\/informare\/osservatorio-parlamentare\/attivita-dinchiesta\/attivita-dinchiesta-xvii\/commissione-bicamerale-antimafia\/commissione-antimafia-audizione-del-procuratore-nazionale-antimafia\/\">audizione presso la Commissione antimafia<\/a><\/strong>. Di seguito viene sintetizzato il corposo capitolo dedicato alla \u2018ndrangheta.<\/p>\n<p><strong>L\u2019internazionalizzazione della \u2018ndrangheta<\/strong>. Conferma i consolidati assetti raggiunti negli anni passati, con un radicamento dei propri Locali in varie localit\u00e0 del centro nord. Accanto ad una presenza ormai storica in Lombardia, Piemonte, Emilia Romagna e Lazio, si registrano \u201ccellule solidamente impiantate in Liguria, Umbria, Veneto e Marche\u201d. Le inchieste sul fenomeno condotte negli ultimi anni sono confermate da diverse sentenze che hanno certificato una \u201cmanifesta elasticit\u00e0\u201d dell\u2019organizzazione criminale, \u201csufficiente per mantenere un profondo legame con l\u2019associazione <em>\u2018madre\u2019 <\/em>senza rinunciare all\u2019autonomia indispensabile per operare in territori distanti e diversi dalla Calabria\u201d.<\/p>\n<p>L\u2019internazionalizzazione raggiunta dalla \u2018ndrangheta, maggiore rispetto alle \u2018mafie storiche\u2019 nate in Italia, la sua capacit\u00e0 di creare solidi legami con altre organizzazioni criminali in Europa e non solo, favoriscono il traffico di stupefacenti in cui l\u2019organizzazione mantiene una posizione \u201cassolutamente dominante\u201d, grazie anche al totale controllo del porto di Gioia Tauro, e le attivit\u00e0 connesse di riciclaggio di denaro sporco anche sui mercati stranieri. Altra peculiarit\u00e0 delle \u2018ndrine \u00e8 la \u201ccolonizzazione dei territori stranieri\u201d attraverso la nascita di \u201cvere e proprie strutture estere, che replicano modelli organizzativi tipici delle locali calabresi\u201d, soprattutto in Germania e Svizzera.<\/p>\n<p><strong>Il controllo degli stupefacenti<\/strong>. La posizione dominante della \u2018ndrangheta viene favorita, oltre a quanto sopraesposto, dal fortissimo legame con i paesi produttori di cocaina in Sudamerica. Un rapporto \u201cprivilegiato, se non esclusivo\u201d dovuto alla patente di affidabilit\u00e0 che le \u2018ndrine si sono guadagnate con i cartelli, garantendo alla merce approdi sicuri in Europa dall\u2019Olanda, dalla Germania e dall\u2019Italia. La \u2018ndrangheta \u00e8 fornitrice di cocaina in Europa, tanto che persino altre organizzazioni criminali italiane (oltre a molte straniere) si rivolgono alle cosche calabresi. L\u2019importanza gi\u00e0 segnalata del porto di Gioia Tauro (a cui vanno aggiunti gli scali di Genova, Rotterdam e Valencia) \u00e8 rimarcata dal quantitativo di sostanze stupefacenti sequestrate negli ultimi tre anni, pari a circa 3 tonnellate. Il controllo del mercato non si esaurisce in quanto fin qui evidenziato, ma trova conferma nel radicamento anche in Canada e negli Stati Uniti, dove agiscono \u2018ndrine stabilitesi da decenni, e in America Centrale, territorio di snodo dei traffici di cocaina. \u201cL\u2019altro dato \u2013 si legge nella Relazione &#8211; \u00e8 costituito dalle rotte dell\u2019eroina e della marijuana<em>, <\/em>importate in grosse quantit\u00e0 dall\u2019est europeo<strong>, <\/strong>e in particolare dall\u2019Albania\u201d.<\/p>\n<p><strong>La forza delle \u2018ndrine<\/strong>. L\u2019operativit\u00e0 delle cosche calabresi \u00e8 estesa e su pi\u00f9 livelli: illeciti (\u201cdal traffico internazionale di stupefacenti e delle armi all\u2019attivit\u00e0 estorsiva, praticata con modalit\u00e0 diverse e sempre pi\u00f9 sofisticate\u201d) e di infiltrazione nell\u2019economia legale (\u201cdagli appalti pubblici alle attivit\u00e0 imprenditoriali, nei settori del commercio, dei trasporti, dell\u2019edilizia ed in quello di giochi e scommesse, soprattutto<em> on line<\/em>\u201d<em>).<\/em><\/p>\n<p>La forza dell\u2019organizzazione risiede ormai non solo nella sua struttura militare, quanto \u201cnel suo potere economico e nel condizionamento della politica\u201d attraverso il consenso che \u00e8 in grado di gestire. Una forza che si esprime \u201csu tutto il territorio nazionale\u201d. Si \u00e8 largamente inserita nel mondo dell\u2019imprenditoria attraverso una \u201cinfiltrazione silenziosa\u201d e la rinuncia di azioni eclatanti che le ha consentito di prendere piede nel Centro-Nord in vari settori d\u2019impresa, attraverso l\u2019utilizzo di numerosi prestanome.\u00a0 Non rinuncia per\u00f2 ai modi tipici dell\u2019organizzazione mafiosa e all\u2019utilizzo di minacce e intimidazioni. Le cosche hanno invaso anche il settore degli ordini professionali, creando \u201crapporti stabili tra sodalizi e professionisti, sempre pronti a dare il proprio apporto rispetto alle esigenze associative via via prospettatisi\u201d.<\/p>\n<p><strong>La testa in Calabria.<\/strong> Il cuore della struttura operativa resta la provincia di Reggio Calabria che, \u201cattraverso l\u2019organo di vertice denominato <em>Crimine <\/em>o <em>Provincia, <\/em>ne governa gli assetti, assumendo o ratificando le decisioni pi\u00f9 importanti, che coinvolgono, cio\u00e8, gli interessi di pi\u00f9 cosche o, addirittura, dell\u2019intera organizzazione\u201d. Il ruolo del Crimine resta fondamentale sotto vari aspetti: \u201cgarantisce il mantenimento degli equilibri generali, il controllo delle nomine dei capi-locali e delle aperture di altre cosche, la risoluzione di eventuali controversie\u201d.<\/p>\n<p>Nell\u2019evoluzione dei rapporti tra \u2018ndrine sembra per\u00f2 superata la subalternit\u00e0 delle cosche del Distretto di Catanzaro rispetto alla Provincia di Reggio Calabria. \u201cSi registrano numerosi segnali di una sostanziale pariteticit\u00e0 con le cosche reggine, almeno per quanto attiene alle pi\u00f9 importanti organizzazioni del Crotonese, tra le quali spicca quella di Cutro facente capo a Nicolino Grande Aracri, il quale \u2013 non a caso &#8211; avrebbe voluto realizzare, prima del suo arresto, una struttura paritetica alla Provincia reggina, chiamando alla partecipazione tutti gli esponenti dei territori ricompresi nel distretto, con eccezione del solo circondario di Vibo Valentia\u201d.<\/p>\n<p><strong>Infiltrazioni e radicamenti nel resto d\u2019Italia<\/strong>. Nelle altre regioni spiccano due casi a cui la Relazione dedica passaggi tanto duri quanto preoccupati. In <strong>Lombardia<\/strong> non si pu\u00f2 pi\u00f9 parlare di infiltrazione quanto di radicamento, favorito da una predisposizione di quello che viene definito \u201cil capitale sociale della \u2018ndrangheta\u201d, vale a dire la disponibilit\u00e0 del mondo imprenditoriale, politico e delle professioni. Un passaggio particolarmente significativo della Relazione recita: \u201cLe indagini hanno quasi sempre riscontrato la presenza di figure riconducibili al paradigma della borghesia mafiosa, canali di collegamento tra la societ\u00e0 civile e la \u2018ndrangheta e nessuna categoria professionale \u00e8 esente da questa considerazione: forze di polizia, magistrati, avvocati, imprenditori, medici, appartenenti a livelli apicali della pubblica amministrazione, politici\u201d.<\/p>\n<p>Citando <strong>l\u2019Emilia-Romagna<\/strong>, finita nell\u2019ultimo anno sotto i riflettori mediatici a seguito dell\u2019inchiesta Aemilia, si evidenzia come negli anni passati \u201cil silenzio e l\u2019omert\u00e0, hanno caratterizzato l\u2019atteggiamento della societ\u00e0 civile, rallentando il formarsi di una piena consapevolezza della reale dimensione del fenomeno e compromettendo e rendendo pi\u00f9 complessa una tempestiva ed efficace azione di contrasto\u2026 L\u2019immissione nel circuito legale di denaro di provenienza illecita, il radicamento nel territorio di rappresentanti del sodalizio in giacca e cravatta e dotati di competenze professionali e manageriali, il sostegno di una parte della stampa locale, il colpevole silenzio delle istituzioni, preoccupate dalle conseguenze derivanti dalla diffusione di notizie sulle presenze mafiose nei territori amministrati, la forza di intimidazione propria del gruppo operante in Emilia, hanno determinato una vera e propria trasformazione sociale, e del tessuto economico ed imprenditoriale. Una alterazione delle regole del gioco, dei compensi, dei prezzi, della qualit\u00e0 dei servizi che si \u00e8 tradotta in una vera e propria aggressione all\u2019ordine democratico\u201d.<\/p>\n<p>Riguardo al <strong>Veneto<\/strong> la DNA riferisce di \u201cpropaggini\u201d di \u2018ndrine che assumono \u201cla forma di terminali di investimento e gestione del denaro\u201d. In <strong>Piemonte<\/strong> la criminalit\u00e0 di origine calabrese non \u00e8 insidiata dalle altre mafie, esercitando \u201cun palese predominio\u201d sul territorio e un controllo dominante in diversi settori economico-imprenditoriali. In <strong>Liguria<\/strong>, altra regione in cui la \u2018ndrangheta si \u00e8 insediata da tempo, strategica per i suoi interessi a causa della posizione di confine e per gli scali portuali alternativi a Gioia Tauro nella gestione del traffico di stupefacenti, la DNA riferisce di una \u201ccapillare presenza sul territorio\u201d e in diversi settori dell\u2019economia. Una presenza caratterizzata da un basso profilo per limitare le attenzioni delle forze dell\u2019ordine. In <strong>Toscana<\/strong> non si pu\u00f2 parlare di radicamento, ma di &#8220;presenze operanti e attive di soggetti legati alle \u2018ndrine e interessati alle opportunit\u00e0 economiche che offre il territorio&#8221;.<\/p>\n<p>In <strong>Umbria<\/strong> \u201cla tranquillit\u00e0 ambientale, la ricchezza derivante dalle floride attivit\u00e0 produttive del territorio, la poca dimestichezza della popolazione a riconoscere i tipici segnali della presenza mafiosa, hanno favorito progressivi insediamenti personali ed economico-produttivi di interi nuclei di famiglie mafiose\u201d, facendo emergere \u201cun pericoloso trend evolutivo nella dimensione quantitativa e qualitativa dei fenomeni criminali organizzati\u201d. Nel <strong>Lazio<\/strong> la presenza \u201c\u00e8 articolata e varia\u201d e operano gruppi che sono le proiezioni degli interessi della \u2018ndrangheta come delle principali organizzazioni criminali. Roma e il Lazio, rappresentando un territorio particolarmente vasto, sono terreno ideale per mimetizzare gli investimenti e dedicarsi al riciclaggio di denaro sporco attraverso l\u2019acquisizione di immobili e societ\u00e0 nel settore edilizio e finanziario.<\/p>\n<p>&nbsp;<\/p>\n<p><em>(a\u00a0cura di <a href=\"mailto:claudio.forleo@avvisopubblico.it\"><strong>Claudio Forleo<\/strong><\/a>, giornalista)<\/em><\/p>\n","protected":false},"excerpt":{"rendered":"<p>Premessa. La Direzione Nazionale Antimafia e Antiterrorismo ha diffuso la propria Relazione annuale sulle attivit\u00e0 svolte dal Procuratore nazionale e dalla Direzione nazionale antimafia e&nbsp;<span class=\"hellipsis\">[&hellip;]<\/span><a class=\"more-link\" href=\"https:\/\/welaikaadv.site\/avviso\/home\/cosa-facciamo\/informare\/documenti-tematici\/mafie\/relazione-2016-dna-levoluzione-della-ndrangheta\/\">Leggi tutto <span class=\"screen-reader-text\">Relazione 2016 DNA: l\u2019evoluzione della \u2018ndrangheta<\/span> <span class=\"meta-nav\" aria-hidden=\"true\">&rarr;<\/span><\/a><\/p>\n","protected":false},"author":1,"featured_media":0,"parent":207,"menu_order":0,"comment_status":"closed","ping_status":"closed","template":"","meta":{"_acf_changed":false,"_exactmetrics_skip_tracking":false,"_exactmetrics_sitenote_active":false,"_exactmetrics_sitenote_note":"","_exactmetrics_sitenote_category":0,"wp_social_preview_title":"","wp_social_preview_description":"","wp_social_preview_image":0,"footnotes":""},"class_list":["post-23547","page","type-page","status-publish","hentry"],"acf":[],"yoast_head":"<!-- This site is optimized with the Yoast SEO plugin v27.2 - https:\/\/yoast.com\/product\/yoast-seo-wordpress\/ -->\n<title>Relazione 2016 DNA: l\u2019evoluzione della \u2018ndrangheta - Staging Avviso Pubblico<\/title>\n<meta name=\"robots\" content=\"noindex, follow, max-snippet:-1, max-image-preview:large, max-video-preview:-1\" \/>\n<meta property=\"og:locale\" content=\"it_IT\" \/>\n<meta property=\"og:type\" content=\"article\" \/>\n<meta property=\"og:title\" content=\"Relazione 2016 DNA: l\u2019evoluzione della \u2018ndrangheta - Staging Avviso Pubblico\" \/>\n<meta property=\"og:description\" content=\"Premessa. La Direzione Nazionale Antimafia e Antiterrorismo ha diffuso la propria Relazione annuale sulle attivit\u00e0 svolte dal Procuratore nazionale e dalla Direzione nazionale antimafia e&nbsp;[&hellip;]Leggi tutto Relazione 2016 DNA: l\u2019evoluzione della \u2018ndrangheta &rarr;\" \/>\n<meta property=\"og:url\" content=\"https:\/\/welaikaadv.site\/avviso\/home\/cosa-facciamo\/informare\/documenti-tematici\/mafie\/relazione-2016-dna-levoluzione-della-ndrangheta\/\" \/>\n<meta property=\"og:site_name\" content=\"Staging Avviso Pubblico\" \/>\n<meta name=\"twitter:card\" content=\"summary_large_image\" \/>\n<meta name=\"twitter:label1\" content=\"Tempo di lettura stimato\" \/>\n\t<meta name=\"twitter:data1\" content=\"7 minuti\" \/>\n<script type=\"application\/ld+json\" class=\"yoast-schema-graph\">{\"@context\":\"https:\/\/schema.org\",\"@graph\":[{\"@type\":\"WebPage\",\"@id\":\"https:\/\/welaikaadv.site\/avviso\/home\/cosa-facciamo\/informare\/documenti-tematici\/mafie\/relazione-2016-dna-levoluzione-della-ndrangheta\/\",\"url\":\"https:\/\/welaikaadv.site\/avviso\/home\/cosa-facciamo\/informare\/documenti-tematici\/mafie\/relazione-2016-dna-levoluzione-della-ndrangheta\/\",\"name\":\"Relazione 2016 DNA: l\u2019evoluzione della \u2018ndrangheta - Staging Avviso Pubblico\",\"isPartOf\":{\"@id\":\"https:\/\/welaikaadv.site\/avviso\/#website\"},\"datePublished\":\"2017-09-26T10:03:05+00:00\",\"breadcrumb\":{\"@id\":\"https:\/\/welaikaadv.site\/avviso\/home\/cosa-facciamo\/informare\/documenti-tematici\/mafie\/relazione-2016-dna-levoluzione-della-ndrangheta\/#breadcrumb\"},\"inLanguage\":\"it-IT\",\"potentialAction\":[{\"@type\":\"ReadAction\",\"target\":[\"https:\/\/welaikaadv.site\/avviso\/home\/cosa-facciamo\/informare\/documenti-tematici\/mafie\/relazione-2016-dna-levoluzione-della-ndrangheta\/\"]}]},{\"@type\":\"BreadcrumbList\",\"@id\":\"https:\/\/welaikaadv.site\/avviso\/home\/cosa-facciamo\/informare\/documenti-tematici\/mafie\/relazione-2016-dna-levoluzione-della-ndrangheta\/#breadcrumb\",\"itemListElement\":[{\"@type\":\"ListItem\",\"position\":1,\"name\":\"Home\",\"item\":\"https:\/\/welaikaadv.site\/avviso\/\"},{\"@type\":\"ListItem\",\"position\":2,\"name\":\"Relazione 2016 DNA: l\u2019evoluzione della \u2018ndrangheta\"}]},{\"@type\":\"WebSite\",\"@id\":\"https:\/\/welaikaadv.site\/avviso\/#website\",\"url\":\"https:\/\/welaikaadv.site\/avviso\/\",\"name\":\"Staging Avviso Pubblico\",\"description\":\"\",\"publisher\":{\"@id\":\"https:\/\/welaikaadv.site\/avviso\/#organization\"},\"potentialAction\":[{\"@type\":\"SearchAction\",\"target\":{\"@type\":\"EntryPoint\",\"urlTemplate\":\"https:\/\/welaikaadv.site\/avviso\/?s={search_term_string}\"},\"query-input\":{\"@type\":\"PropertyValueSpecification\",\"valueRequired\":true,\"valueName\":\"search_term_string\"}}],\"inLanguage\":\"it-IT\"},{\"@type\":\"Organization\",\"@id\":\"https:\/\/welaikaadv.site\/avviso\/#organization\",\"name\":\"Staging Avviso Pubblico\",\"url\":\"https:\/\/welaikaadv.site\/avviso\/\",\"logo\":{\"@type\":\"ImageObject\",\"inLanguage\":\"it-IT\",\"@id\":\"https:\/\/welaikaadv.site\/avviso\/#\/schema\/logo\/image\/\",\"url\":\"https:\/\/welaikaadv.site\/avviso\/wp-content\/uploads\/2024\/08\/logoAPsito-400.png\",\"contentUrl\":\"https:\/\/welaikaadv.site\/avviso\/wp-content\/uploads\/2024\/08\/logoAPsito-400.png\",\"width\":400,\"height\":97,\"caption\":\"Staging Avviso Pubblico\"},\"image\":{\"@id\":\"https:\/\/welaikaadv.site\/avviso\/#\/schema\/logo\/image\/\"}}]}<\/script>\n<!-- \/ Yoast SEO plugin. -->","yoast_head_json":{"title":"Relazione 2016 DNA: l\u2019evoluzione della \u2018ndrangheta - Staging Avviso Pubblico","robots":{"index":"noindex","follow":"follow","max-snippet":"max-snippet:-1","max-image-preview":"max-image-preview:large","max-video-preview":"max-video-preview:-1"},"og_locale":"it_IT","og_type":"article","og_title":"Relazione 2016 DNA: l\u2019evoluzione della \u2018ndrangheta - Staging Avviso Pubblico","og_description":"Premessa. La Direzione Nazionale Antimafia e Antiterrorismo ha diffuso la propria Relazione annuale sulle attivit\u00e0 svolte dal Procuratore nazionale e dalla Direzione nazionale antimafia e&nbsp;[&hellip;]Leggi tutto Relazione 2016 DNA: l\u2019evoluzione della \u2018ndrangheta &rarr;","og_url":"https:\/\/welaikaadv.site\/avviso\/home\/cosa-facciamo\/informare\/documenti-tematici\/mafie\/relazione-2016-dna-levoluzione-della-ndrangheta\/","og_site_name":"Staging Avviso Pubblico","twitter_card":"summary_large_image","twitter_misc":{"Tempo di lettura stimato":"7 minuti"},"schema":{"@context":"https:\/\/schema.org","@graph":[{"@type":"WebPage","@id":"https:\/\/welaikaadv.site\/avviso\/home\/cosa-facciamo\/informare\/documenti-tematici\/mafie\/relazione-2016-dna-levoluzione-della-ndrangheta\/","url":"https:\/\/welaikaadv.site\/avviso\/home\/cosa-facciamo\/informare\/documenti-tematici\/mafie\/relazione-2016-dna-levoluzione-della-ndrangheta\/","name":"Relazione 2016 DNA: l\u2019evoluzione della \u2018ndrangheta - Staging Avviso Pubblico","isPartOf":{"@id":"https:\/\/welaikaadv.site\/avviso\/#website"},"datePublished":"2017-09-26T10:03:05+00:00","breadcrumb":{"@id":"https:\/\/welaikaadv.site\/avviso\/home\/cosa-facciamo\/informare\/documenti-tematici\/mafie\/relazione-2016-dna-levoluzione-della-ndrangheta\/#breadcrumb"},"inLanguage":"it-IT","potentialAction":[{"@type":"ReadAction","target":["https:\/\/welaikaadv.site\/avviso\/home\/cosa-facciamo\/informare\/documenti-tematici\/mafie\/relazione-2016-dna-levoluzione-della-ndrangheta\/"]}]},{"@type":"BreadcrumbList","@id":"https:\/\/welaikaadv.site\/avviso\/home\/cosa-facciamo\/informare\/documenti-tematici\/mafie\/relazione-2016-dna-levoluzione-della-ndrangheta\/#breadcrumb","itemListElement":[{"@type":"ListItem","position":1,"name":"Home","item":"https:\/\/welaikaadv.site\/avviso\/"},{"@type":"ListItem","position":2,"name":"Relazione 2016 DNA: l\u2019evoluzione della \u2018ndrangheta"}]},{"@type":"WebSite","@id":"https:\/\/welaikaadv.site\/avviso\/#website","url":"https:\/\/welaikaadv.site\/avviso\/","name":"Staging Avviso Pubblico","description":"","publisher":{"@id":"https:\/\/welaikaadv.site\/avviso\/#organization"},"potentialAction":[{"@type":"SearchAction","target":{"@type":"EntryPoint","urlTemplate":"https:\/\/welaikaadv.site\/avviso\/?s={search_term_string}"},"query-input":{"@type":"PropertyValueSpecification","valueRequired":true,"valueName":"search_term_string"}}],"inLanguage":"it-IT"},{"@type":"Organization","@id":"https:\/\/welaikaadv.site\/avviso\/#organization","name":"Staging Avviso Pubblico","url":"https:\/\/welaikaadv.site\/avviso\/","logo":{"@type":"ImageObject","inLanguage":"it-IT","@id":"https:\/\/welaikaadv.site\/avviso\/#\/schema\/logo\/image\/","url":"https:\/\/welaikaadv.site\/avviso\/wp-content\/uploads\/2024\/08\/logoAPsito-400.png","contentUrl":"https:\/\/welaikaadv.site\/avviso\/wp-content\/uploads\/2024\/08\/logoAPsito-400.png","width":400,"height":97,"caption":"Staging Avviso Pubblico"},"image":{"@id":"https:\/\/welaikaadv.site\/avviso\/#\/schema\/logo\/image\/"}}]}},"_links":{"self":[{"href":"https:\/\/welaikaadv.site\/avviso\/wp-json\/wp\/v2\/pages\/23547","targetHints":{"allow":["GET"]}}],"collection":[{"href":"https:\/\/welaikaadv.site\/avviso\/wp-json\/wp\/v2\/pages"}],"about":[{"href":"https:\/\/welaikaadv.site\/avviso\/wp-json\/wp\/v2\/types\/page"}],"author":[{"embeddable":true,"href":"https:\/\/welaikaadv.site\/avviso\/wp-json\/wp\/v2\/users\/1"}],"replies":[{"embeddable":true,"href":"https:\/\/welaikaadv.site\/avviso\/wp-json\/wp\/v2\/comments?post=23547"}],"version-history":[{"count":0,"href":"https:\/\/welaikaadv.site\/avviso\/wp-json\/wp\/v2\/pages\/23547\/revisions"}],"up":[{"embeddable":true,"href":"https:\/\/welaikaadv.site\/avviso\/wp-json\/wp\/v2\/pages\/207"}],"wp:attachment":[{"href":"https:\/\/welaikaadv.site\/avviso\/wp-json\/wp\/v2\/media?parent=23547"}],"curies":[{"name":"wp","href":"https:\/\/api.w.org\/{rel}","templated":true}]}}