{"id":23550,"date":"2017-09-26T13:30:40","date_gmt":"2017-09-26T11:30:40","guid":{"rendered":"http:\/\/www.avvisopubblico.it\/home\/?page_id=7228"},"modified":"2017-09-26T13:30:40","modified_gmt":"2017-09-26T11:30:40","slug":"la-piu-recente-evoluzione-della-normativa-antidroga-dalla-fini-giovanardi-al-decreto-lorenzin","status":"publish","type":"page","link":"https:\/\/welaikaadv.site\/avviso\/home\/cosa-facciamo\/informare\/documenti-tematici\/mafie\/la-piu-recente-evoluzione-della-normativa-antidroga-dalla-fini-giovanardi-al-decreto-lorenzin\/","title":{"rendered":"La pi\u00f9 recente evoluzione della normativa antidroga: dalla \u201cFini-Giovanardi\u201d al \u201cdecreto Lorenzin\u201d"},"content":{"rendered":"<p>Attraverso il <strong><a href=\"http:\/\/www.normattiva.it\/uri-res\/N2Ls?urn:nir:stato:decreto.legge:2014;36\">decreto legge n. 36 del 2014<\/a><\/strong> (convertito nella <strong><a href=\"http:\/\/www.normattiva.it\/uri-res\/N2Ls?urn:nir:stato:legge:2014;79\">legge n. 79 del 2014<\/a><\/strong>) il Governo \u00e8 dovuto correre ai ripari per colmare il vuoto legislativo che si era venuto a creare in materia di stupefacenti a seguito della bocciatura della <strong>legge n. 49 del 2006<\/strong> (c.d. \u201cFini-Giovanardi\u201d).<\/p>\n<p>La <strong><a href=\"http:\/\/www.cortecostituzionale.it\/actionPronuncia.do\">sentenza della Corte Costituzionale n. 32\/2014<\/a><\/strong> ne aveva, infatti, dichiarato l\u2019illegittimit\u00e0 costituzionale; non, per\u00f2, a causa del suo contenuto, bens\u00ec per il modo in cui era stata approvata: la \u201cFini-Giovanardi\u201d era stata inserita all\u2019interno di un provvedimento che si occupava di svariate materia, che anche nel titolo metteva insieme il finanziamento alle Olimpiadi Invernali di Torino e le disposizioni per favorire il recupero di tossicodipendenti recidivi. In pratica, essa costituiva un ampio emendamento, inserito all\u2019art. 4 <em>vicies<\/em> <em>ter<\/em> del d.l. 272\/2005, poi convertito nella L. 49\/2006 dall\u2019allora Governo Berlusconi.<\/p>\n<p>La \u201cFini-Giovanardi\u201d aveva modificato sostanzialmente la precedente normativa antidroga, la cosiddetta \u201cIervolino-Vassalli\u201d del 1990 (poi recepita nel Testo Unico n. 309\/1990). Quest\u2019ultima, a sua volta, aveva gi\u00e0 sub\u00ecto alcune modifiche, come quella apportata da una sentenza della Corte Costituzionale nel 1991, la quale precisava che non bastava essere in possesso di un quantitativo di stupefacenti di poco superiore alla \u201cdose media giornaliera\u201d per far s\u00ec che scattasse il reato di spaccio, o ancora, quella verificatasi a seguito del referendum abrogativo promosso dai Radicali nel 1993, in conseguenza del quale venne abolita la sanzione carceraria per chi facesse un uso personale di stupefacenti.<\/p>\n<p>La \u201cIervolino-Vassalli\u201d, inoltre, prevedeva la distinzione tra droghe cosiddette \u201cleggere\u201d e droghe \u201cpesanti\u201d attraverso due apposite tabelle pubblicate dal Ministero della Salute. In virt\u00f9 di tale distinzione, pertanto, cambiavano anche le sanzioni a seconda del tipo e della quantit\u00e0 di stupefacente posseduto. In particolare, era prevista una reclusione dai due ai sei anni pi\u00f9 una multa per la produzione e lo spaccio di droghe \u201cleggere\u201d, mentre si rischiavano dagli otto ai venti anni di carcere se si fosse trattato di droghe \u201cpesanti\u201d. Nel caso, invece, di uso personale, l\u2019art. 75 del T.U. n. 309\/1990, prevedeva delle sanzioni amministrative, prima fra tutte un avvertimento del prefetto, al quale seguivano, in caso di recidiva, provvedimenti concreti come la sospensione della patente o del passaporto per un massimo di tre mesi.<\/p>\n<p>La \u201cFini-Giovanardi\u201d, al contrario, aveva annullato la distinzione tra droghe \u201cleggere\u201d e \u201cpesanti\u201d, accomunandole in un\u2019unica tabella, mentre in un\u2019altra, suddivisa nelle sezioni A-B-C-D-E, erano stati inseriti i medicinali con effetto stupefacente. A seguito di tale operazione, si era ovviamente verificato un consequenziale inasprimento delle pene, che andavano dai 6 ai 20 anni di carcere in caso di condanna per spaccio e traffico di stupefacenti. Una commissione del Ministero della Salute, inoltre, aveva fissato le quantit\u00e0 massime per uso personale, che per la cannabis, ad esempio, erano di 500 milligrammi di principio attivo (all\u2019incirca cinque grammi lordi). A causa della sua asprezza, la \u201cFini-Giovanardi\u201d \u00e8 stata considerata da molti come una delle cause che ha portato al sovraffollamento delle carceri italiane negli ultimi anni, dato che anche per un piccolo spacciatore di marijuana si prevedeva quasi sicuramente il carcere, con pene che andavano dai due ai sei anni.<\/p>\n<p>A seguito della sentenza n. 32\/2014 della Corte Costituzionale non sarebbe stato pi\u00f9 sufficiente ripristinare la \u201cIervolino-Vassalli\u201d, in quanto contraddittoria con le tante norme approvate nel corso degli anni e perch\u00e9 erano venuti meno tutti gli aggiornamenti intervenuti dal 2006 al 2014, vale a dire la tabellazione delle \u201cnuove droghe\u201d che sono state scoperte. Pertanto, il Consiglio dei Ministri ha varato il decreto legge n. 36 del 2014 (c.d. decreto Lorenzin), il quale costituisce, ad oggi, la normativa principale in materia di stupefacenti in Italia.<\/p>\n<p>Innanzitutto, attraverso la L. 79\/2014 \u00e8 stato modificato il sistema delle tabelle pubblicate dal Ministero della Salute, diventate cinque:<\/p>\n<ul>\n<li>Tabella I: droghe pesanti;<\/li>\n<li>Tabella II: cannabis e derivati, comprese le preparazioni medicinali;<\/li>\n<li>Tabella III: barbiturici;<\/li>\n<li>Tabella IV: sostanze meno gravi di quelle comprese nelle Tabelle I e III:<\/li>\n<li>Tabella V: medicinali, suddivisa nelle sezioni A-B-C-D.<\/li>\n<\/ul>\n<p>Altra importante modifica, adottata prima della sentenza n. 36\/2014 della Corte Costituzionale, attraverso il <strong><a href=\"http:\/\/www.normattiva.it\/uri-res\/N2Ls?urn:nir:stato:decreto.legge:2013;146\">decreto legge n. 146 del 2013<\/a><\/strong> (convertito nella L. 10\/2014) \u00a0\u00e8 quella riguardante il quinto comma dell\u2019art. 73, il quale recita:<\/p>\n<p><em>Salvo che il fatto costituisca pi\u00f9 grave reato, chiunque commette uno dei fatti previsti dal presente articolo che, per i mezzi, la modalit\u00e0 o le circostanze dell\u2019azione ovvero per la qualit\u00e0 e quantit\u00e0 delle sostanze, \u00e8 di lieve entit\u00e0, \u00e8 punito con le pene della reclusione da sei mesi a quattro anni e della multa da euro 1.032 a euro 10.329.<\/em><\/p>\n<p>Emerge chiaramente come vi sia stata una sostanziale riduzione delle pene previste, con un ritorno alle disposizioni della \u201cIervolino-Vassalli\u201d, non solo, per\u00f2, per le droghe \u201cleggere\u201d, ma anche per quelle \u201cpesanti\u201d. Va peraltro precisato che il quinto comma dell\u2019art. 73 non costituisce pi\u00f9 una circostanza attenuante, bens\u00ec una fattispecie autonoma di reato.<\/p>\n<p>Alla luce di ci\u00f2 \u00e8 interessante soffermarsi <em>\u00a0<\/em>sulle applicazioni pratiche di tali disposizioni. In particolare, va precisato anzitutto che, nel caso di successione di leggi penali nel corso del tempo, si applicher\u00e0 la norma pi\u00f9 favorevole tra quelle intercorse, ai sensi dell\u2019art. 2, co. 4, c.p. Dunque, per fatti verificatisi dopo il 23 dicembre 2013, verr\u00e0 applicato il nuovo quinto comma dell\u2019art. 73, cos\u00ec come sopra riportato.<\/p>\n<p>In merito ai processi ancora pendenti per fatti precedenti al 23 dicembre 2013, la dichiarazione di illegittimit\u00e0 della \u201cFini-Giovanardi\u201d, ha fatto s\u00ec che non fosse mai stato abrogato il quinto comma dell\u2019art 73, cos\u00ec come previsto dalla \u201cIervolino-Vassalli\u201d, il quale prevedeva la reclusione da uno a sei anni nel caso di droghe \u201cpesanti\u201d e da sei mesi a quattro anni, nel caso di droghe \u201cleggere\u201d. Essendo la nuova disciplina pi\u00f9 favorevole per quanto riguarda i fatti concernenti droghe \u201cpesanti\u201d, dovr\u00e0 senz\u2019altro essere applicata proprio in qualit\u00e0 di <em>lex mitior<\/em> sopravvenuta, mentre per i fatti riguardanti droghe \u201cleggere\u201d si dovr\u00e0 stabilire caso per caso quale sia la norma pi\u00f9 favorevole, in relazione alla natura meramente circostanziale del quinto comma dell\u2019art. 73 nella sua versione della \u201cIervolino-Vassalli\u201d e alla sua mutata natura nella versione oggi vigente, in quanto, come visto, si prefigura come fattispecie autonoma di reato.<\/p>\n<p>Per quanto riguarda, invece, i processi gi\u00e0 passati in giudicato, le pene inflitte non potranno essere cambiate dalla nuova normativa; nel caso di via libera da parte delle Sezioni Unite, vi sar\u00e0, dunque, esclusivamente la possibilit\u00e0 di sostituire la pena irrogata con quella che sarebbe stata comminata in presenza del quinto comma dell\u2019art. 73 nella sua versione originaria (\u201cIervolino-Vassalli\u201d).<\/p>\n<p>Il nuovo quinto comma dell\u2019art. 73 verr\u00e0 sempre applicato per i processi ancora in corso, ad eccezione dei fatti avvenuti prima del 23 dicembre 2013 e concernenti droghe \u201cleggere\u201d, per i quali risulter\u00e0 pi\u00f9 favorevole applicare la versione della \u201cIervolino-Vassalli\u201d, in quanto circostanza attenuante e non fattispecie autonoma di reato.<\/p>\n<p>Per quanto riguarda ancora le ricadute processuali, va precisato che il nuovo quinto comma consentir\u00e0 l\u2019arresto in flagranza di reato (ai sensi dell\u2019art. 381 co. 1 c.p.p.), ma render\u00e0 del tutto inapplicabile la misura della custodia cautelare in carcere, in quanto il massimo di pena previsto \u00e8 di quattro anni, diversamente da quanto disposto dall\u2019art. 280 co. 2 c.p.p. che cos\u00ec recita:<\/p>\n<p><em>La custodia cautelare in carcere pu\u00f2 essere disposta\u00a0solo\u00a0per delitti,\u00a0consumati,\u00a0tentati, per i quali sia prevista la pena della reclusione non inferiore nel massimo a <strong>cinque anni\u00a0<\/strong>e per il delitto di finanziamento illecito dei partiti di cui all&#8217;articolo\u00a07 della legge 2 maggio 1974, n. 195, e successive modificazioni<\/em><em>.<\/em><\/p>\n<p>Inoltre, il nuovo massimo di pena commutabile di quattro anni dar\u00e0 agli imputati la possibilit\u00e0 di chiedere l\u2019ammissione al nuovo istituto della sospensione del processo con messa alla prova, cos\u00ec come previsto dai nuovi artt. 168-bis e ss. c.p.<\/p>\n<p>Altra importante modifica operata \u00e8 stata la reintroduzione del comma 5-<em>bis<\/em> dell\u2019art. 73 del T.U., il quale consente di sostituire le pene detentive e pecuniarie per i delitti di cui all\u2019art 73 co. 5 con la pena del <em>lavoro di pubblica utilit\u00e0<\/em>.<\/p>\n<p>Si capisce chiaramente, pertanto, che l\u2019intento del legislatore, attraverso le modifiche apportate all\u2019art. 73, \u00e8 stato quello di evitare la misura carceraria per fatti di lieve entit\u00e0 in materia di stupefacenti.<\/p>\n<p>Infine, la legge di conversione del d.l. n. 36\/2014 ha consentito di colmare il vuoto che si era venuto a creare con la \u201cFini-Giovanardi\u201d per ci\u00f2 che concerne l\u2019uso personale di stupefacenti e, dunque, le diverse sanzioni amministrative previste dall\u2019art. 75 del T.U. Il legislatore, difatti, commina ora diversi tipi di sanzioni amministrative a seconda che il fatto di importazione, esportazione, ricezione, acquisto o detenzione per farne uso personale riguardi droghe \u201cleggere\u201d o \u201cpesanti\u201d.\u00a0 Nello specifico, l\u2019art. 75 ,co.1-bis, cos\u00ec recita:<\/p>\n<p><em>Ai fini dell\u2019accertamento della destinazione ad uso esclusivamente personale della sostanza stupefacente o psicotropa o del medicinale di cui al comma 1, si tiene conto delle seguenti circostanze:<\/em><\/p>\n<ol>\n<li><em>che la quantit\u00e0 di sostanza stupefacente o psicotropa non sia superiore ai limiti massimi indicati con decreto del Ministero della Salute, di concerto con il Ministero della Giustizia, sentita la Presidenza del Consiglio dei Ministri\u2014Dipartimento delle politiche antidroga, nonch\u00e9 delle modalit\u00e0 di presentazione delle sostanze stupefacenti o psicotrope, avuto riguardo al peso lordo complessivo o al confezionamento frazionato ovvero ad altre circostanze dell\u2019azione, da cui risulti che le sostanze sono destinate ad un uso esclusivamente personale:<\/em><\/li>\n<li><em>che i medicinali contenenti sostanze stupefacenti o psicotrope elencate nella tabella dei medicinali, sezioni A, B, C e D, non eccedano il quantitativo prescritto<\/em>.<\/li>\n<\/ol>\n<p>Dalle nuove disposizioni di suddetto articolo, risulta come sia stata nuovamente prevista l\u2019emanazione da parte del Ministero della Salute e di concerto con il Ministero della Giustizia dei decreti relativi ai massimi di sostanza stupefacente destinata ad un uso personale. Tale formula, per\u00f2, non indica espressamente i criteri ai quali si dovr\u00e0 attenere il Ministro della Salute nel fissare tale quantitativo e, pertanto, ci\u00f2 potr\u00e0 dipendere da una semplice decisione dell\u2019autorit\u00e0 amministrativa.<\/p>\n<p>Gennaio 2015\u00a0\u00a0\u00a0\u00a0\u00a0\u00a0\u00a0\u00a0\u00a0\u00a0\u00a0\u00a0\u00a0\u00a0\u00a0\u00a0\u00a0\u00a0\u00a0\u00a0\u00a0\u00a0\u00a0\u00a0\u00a0\u00a0\u00a0\u00a0\u00a0\u00a0\u00a0\u00a0\u00a0\u00a0\u00a0\u00a0\u00a0\u00a0\u00a0\u00a0\u00a0\u00a0\u00a0\u00a0\u00a0\u00a0\u00a0\u00a0\u00a0\u00a0\u00a0\u00a0\u00a0\u00a0\u00a0\u00a0\u00a0\u00a0\u00a0\u00a0\u00a0\u00a0\u00a0\u00a0\u00a0\u00a0\u00a0\u00a0\u00a0 <em>(A cura del dott. Fabrizio Cutrupi)<\/em><\/p>\n","protected":false},"excerpt":{"rendered":"<p>Attraverso il decreto legge n. 36 del 2014 (convertito nella legge n. 79 del 2014) il Governo \u00e8 dovuto correre ai ripari per colmare il&nbsp;<span class=\"hellipsis\">[&hellip;]<\/span><a class=\"more-link\" href=\"https:\/\/welaikaadv.site\/avviso\/home\/cosa-facciamo\/informare\/documenti-tematici\/mafie\/la-piu-recente-evoluzione-della-normativa-antidroga-dalla-fini-giovanardi-al-decreto-lorenzin\/\">Leggi tutto <span class=\"screen-reader-text\">La pi\u00f9 recente evoluzione della normativa antidroga: dalla \u201cFini-Giovanardi\u201d al \u201cdecreto Lorenzin\u201d<\/span> <span class=\"meta-nav\" aria-hidden=\"true\">&rarr;<\/span><\/a><\/p>\n","protected":false},"author":1,"featured_media":0,"parent":207,"menu_order":10,"comment_status":"closed","ping_status":"closed","template":"","meta":{"_acf_changed":false,"_exactmetrics_skip_tracking":false,"_exactmetrics_sitenote_active":false,"_exactmetrics_sitenote_note":"","_exactmetrics_sitenote_category":0,"wp_social_preview_title":"","wp_social_preview_description":"","wp_social_preview_image":0,"footnotes":""},"class_list":["post-23550","page","type-page","status-publish","hentry"],"acf":[],"yoast_head":"<!-- This site is optimized with the Yoast SEO plugin v27.2 - https:\/\/yoast.com\/product\/yoast-seo-wordpress\/ -->\n<title>La pi\u00f9 recente evoluzione della normativa antidroga: dalla \u201cFini-Giovanardi\u201d al \u201cdecreto Lorenzin\u201d - Staging Avviso Pubblico<\/title>\n<meta name=\"robots\" content=\"noindex, follow, max-snippet:-1, max-image-preview:large, max-video-preview:-1\" \/>\n<meta property=\"og:locale\" content=\"it_IT\" \/>\n<meta property=\"og:type\" content=\"article\" \/>\n<meta property=\"og:title\" content=\"La pi\u00f9 recente evoluzione della normativa antidroga: dalla \u201cFini-Giovanardi\u201d al \u201cdecreto Lorenzin\u201d - Staging Avviso Pubblico\" \/>\n<meta property=\"og:description\" content=\"Attraverso il decreto legge n. 36 del 2014 (convertito nella legge n. 79 del 2014) il Governo \u00e8 dovuto correre ai ripari per colmare il&nbsp;[&hellip;]Leggi tutto La pi\u00f9 recente evoluzione della normativa antidroga: dalla \u201cFini-Giovanardi\u201d al \u201cdecreto Lorenzin\u201d &rarr;\" \/>\n<meta property=\"og:url\" content=\"https:\/\/welaikaadv.site\/avviso\/home\/cosa-facciamo\/informare\/documenti-tematici\/mafie\/la-piu-recente-evoluzione-della-normativa-antidroga-dalla-fini-giovanardi-al-decreto-lorenzin\/\" \/>\n<meta property=\"og:site_name\" content=\"Staging Avviso Pubblico\" \/>\n<meta name=\"twitter:card\" content=\"summary_large_image\" \/>\n<meta name=\"twitter:label1\" content=\"Tempo di lettura stimato\" \/>\n\t<meta name=\"twitter:data1\" content=\"8 minuti\" \/>\n<script type=\"application\/ld+json\" class=\"yoast-schema-graph\">{\"@context\":\"https:\/\/schema.org\",\"@graph\":[{\"@type\":\"WebPage\",\"@id\":\"https:\/\/welaikaadv.site\/avviso\/home\/cosa-facciamo\/informare\/documenti-tematici\/mafie\/la-piu-recente-evoluzione-della-normativa-antidroga-dalla-fini-giovanardi-al-decreto-lorenzin\/\",\"url\":\"https:\/\/welaikaadv.site\/avviso\/home\/cosa-facciamo\/informare\/documenti-tematici\/mafie\/la-piu-recente-evoluzione-della-normativa-antidroga-dalla-fini-giovanardi-al-decreto-lorenzin\/\",\"name\":\"La pi\u00f9 recente evoluzione della normativa antidroga: dalla \u201cFini-Giovanardi\u201d al \u201cdecreto Lorenzin\u201d - Staging Avviso Pubblico\",\"isPartOf\":{\"@id\":\"https:\/\/welaikaadv.site\/avviso\/#website\"},\"datePublished\":\"2017-09-26T11:30:40+00:00\",\"breadcrumb\":{\"@id\":\"https:\/\/welaikaadv.site\/avviso\/home\/cosa-facciamo\/informare\/documenti-tematici\/mafie\/la-piu-recente-evoluzione-della-normativa-antidroga-dalla-fini-giovanardi-al-decreto-lorenzin\/#breadcrumb\"},\"inLanguage\":\"it-IT\",\"potentialAction\":[{\"@type\":\"ReadAction\",\"target\":[\"https:\/\/welaikaadv.site\/avviso\/home\/cosa-facciamo\/informare\/documenti-tematici\/mafie\/la-piu-recente-evoluzione-della-normativa-antidroga-dalla-fini-giovanardi-al-decreto-lorenzin\/\"]}]},{\"@type\":\"BreadcrumbList\",\"@id\":\"https:\/\/welaikaadv.site\/avviso\/home\/cosa-facciamo\/informare\/documenti-tematici\/mafie\/la-piu-recente-evoluzione-della-normativa-antidroga-dalla-fini-giovanardi-al-decreto-lorenzin\/#breadcrumb\",\"itemListElement\":[{\"@type\":\"ListItem\",\"position\":1,\"name\":\"Home\",\"item\":\"https:\/\/welaikaadv.site\/avviso\/\"},{\"@type\":\"ListItem\",\"position\":2,\"name\":\"La pi\u00f9 recente evoluzione della normativa antidroga: dalla \u201cFini-Giovanardi\u201d al \u201cdecreto Lorenzin\u201d\"}]},{\"@type\":\"WebSite\",\"@id\":\"https:\/\/welaikaadv.site\/avviso\/#website\",\"url\":\"https:\/\/welaikaadv.site\/avviso\/\",\"name\":\"Staging Avviso Pubblico\",\"description\":\"\",\"publisher\":{\"@id\":\"https:\/\/welaikaadv.site\/avviso\/#organization\"},\"potentialAction\":[{\"@type\":\"SearchAction\",\"target\":{\"@type\":\"EntryPoint\",\"urlTemplate\":\"https:\/\/welaikaadv.site\/avviso\/?s={search_term_string}\"},\"query-input\":{\"@type\":\"PropertyValueSpecification\",\"valueRequired\":true,\"valueName\":\"search_term_string\"}}],\"inLanguage\":\"it-IT\"},{\"@type\":\"Organization\",\"@id\":\"https:\/\/welaikaadv.site\/avviso\/#organization\",\"name\":\"Staging Avviso Pubblico\",\"url\":\"https:\/\/welaikaadv.site\/avviso\/\",\"logo\":{\"@type\":\"ImageObject\",\"inLanguage\":\"it-IT\",\"@id\":\"https:\/\/welaikaadv.site\/avviso\/#\/schema\/logo\/image\/\",\"url\":\"https:\/\/welaikaadv.site\/avviso\/wp-content\/uploads\/2024\/08\/logoAPsito-400.png\",\"contentUrl\":\"https:\/\/welaikaadv.site\/avviso\/wp-content\/uploads\/2024\/08\/logoAPsito-400.png\",\"width\":400,\"height\":97,\"caption\":\"Staging Avviso Pubblico\"},\"image\":{\"@id\":\"https:\/\/welaikaadv.site\/avviso\/#\/schema\/logo\/image\/\"}}]}<\/script>\n<!-- \/ Yoast SEO plugin. -->","yoast_head_json":{"title":"La pi\u00f9 recente evoluzione della normativa antidroga: dalla \u201cFini-Giovanardi\u201d al \u201cdecreto Lorenzin\u201d - Staging Avviso Pubblico","robots":{"index":"noindex","follow":"follow","max-snippet":"max-snippet:-1","max-image-preview":"max-image-preview:large","max-video-preview":"max-video-preview:-1"},"og_locale":"it_IT","og_type":"article","og_title":"La pi\u00f9 recente evoluzione della normativa antidroga: dalla \u201cFini-Giovanardi\u201d al \u201cdecreto Lorenzin\u201d - Staging Avviso Pubblico","og_description":"Attraverso il decreto legge n. 36 del 2014 (convertito nella legge n. 79 del 2014) il Governo \u00e8 dovuto correre ai ripari per colmare il&nbsp;[&hellip;]Leggi tutto La pi\u00f9 recente evoluzione della normativa antidroga: dalla \u201cFini-Giovanardi\u201d al \u201cdecreto Lorenzin\u201d &rarr;","og_url":"https:\/\/welaikaadv.site\/avviso\/home\/cosa-facciamo\/informare\/documenti-tematici\/mafie\/la-piu-recente-evoluzione-della-normativa-antidroga-dalla-fini-giovanardi-al-decreto-lorenzin\/","og_site_name":"Staging Avviso Pubblico","twitter_card":"summary_large_image","twitter_misc":{"Tempo di lettura stimato":"8 minuti"},"schema":{"@context":"https:\/\/schema.org","@graph":[{"@type":"WebPage","@id":"https:\/\/welaikaadv.site\/avviso\/home\/cosa-facciamo\/informare\/documenti-tematici\/mafie\/la-piu-recente-evoluzione-della-normativa-antidroga-dalla-fini-giovanardi-al-decreto-lorenzin\/","url":"https:\/\/welaikaadv.site\/avviso\/home\/cosa-facciamo\/informare\/documenti-tematici\/mafie\/la-piu-recente-evoluzione-della-normativa-antidroga-dalla-fini-giovanardi-al-decreto-lorenzin\/","name":"La pi\u00f9 recente evoluzione della normativa antidroga: dalla \u201cFini-Giovanardi\u201d al \u201cdecreto Lorenzin\u201d - Staging Avviso Pubblico","isPartOf":{"@id":"https:\/\/welaikaadv.site\/avviso\/#website"},"datePublished":"2017-09-26T11:30:40+00:00","breadcrumb":{"@id":"https:\/\/welaikaadv.site\/avviso\/home\/cosa-facciamo\/informare\/documenti-tematici\/mafie\/la-piu-recente-evoluzione-della-normativa-antidroga-dalla-fini-giovanardi-al-decreto-lorenzin\/#breadcrumb"},"inLanguage":"it-IT","potentialAction":[{"@type":"ReadAction","target":["https:\/\/welaikaadv.site\/avviso\/home\/cosa-facciamo\/informare\/documenti-tematici\/mafie\/la-piu-recente-evoluzione-della-normativa-antidroga-dalla-fini-giovanardi-al-decreto-lorenzin\/"]}]},{"@type":"BreadcrumbList","@id":"https:\/\/welaikaadv.site\/avviso\/home\/cosa-facciamo\/informare\/documenti-tematici\/mafie\/la-piu-recente-evoluzione-della-normativa-antidroga-dalla-fini-giovanardi-al-decreto-lorenzin\/#breadcrumb","itemListElement":[{"@type":"ListItem","position":1,"name":"Home","item":"https:\/\/welaikaadv.site\/avviso\/"},{"@type":"ListItem","position":2,"name":"La pi\u00f9 recente evoluzione della normativa antidroga: dalla \u201cFini-Giovanardi\u201d al \u201cdecreto Lorenzin\u201d"}]},{"@type":"WebSite","@id":"https:\/\/welaikaadv.site\/avviso\/#website","url":"https:\/\/welaikaadv.site\/avviso\/","name":"Staging Avviso Pubblico","description":"","publisher":{"@id":"https:\/\/welaikaadv.site\/avviso\/#organization"},"potentialAction":[{"@type":"SearchAction","target":{"@type":"EntryPoint","urlTemplate":"https:\/\/welaikaadv.site\/avviso\/?s={search_term_string}"},"query-input":{"@type":"PropertyValueSpecification","valueRequired":true,"valueName":"search_term_string"}}],"inLanguage":"it-IT"},{"@type":"Organization","@id":"https:\/\/welaikaadv.site\/avviso\/#organization","name":"Staging Avviso Pubblico","url":"https:\/\/welaikaadv.site\/avviso\/","logo":{"@type":"ImageObject","inLanguage":"it-IT","@id":"https:\/\/welaikaadv.site\/avviso\/#\/schema\/logo\/image\/","url":"https:\/\/welaikaadv.site\/avviso\/wp-content\/uploads\/2024\/08\/logoAPsito-400.png","contentUrl":"https:\/\/welaikaadv.site\/avviso\/wp-content\/uploads\/2024\/08\/logoAPsito-400.png","width":400,"height":97,"caption":"Staging Avviso Pubblico"},"image":{"@id":"https:\/\/welaikaadv.site\/avviso\/#\/schema\/logo\/image\/"}}]}},"_links":{"self":[{"href":"https:\/\/welaikaadv.site\/avviso\/wp-json\/wp\/v2\/pages\/23550","targetHints":{"allow":["GET"]}}],"collection":[{"href":"https:\/\/welaikaadv.site\/avviso\/wp-json\/wp\/v2\/pages"}],"about":[{"href":"https:\/\/welaikaadv.site\/avviso\/wp-json\/wp\/v2\/types\/page"}],"author":[{"embeddable":true,"href":"https:\/\/welaikaadv.site\/avviso\/wp-json\/wp\/v2\/users\/1"}],"replies":[{"embeddable":true,"href":"https:\/\/welaikaadv.site\/avviso\/wp-json\/wp\/v2\/comments?post=23550"}],"version-history":[{"count":0,"href":"https:\/\/welaikaadv.site\/avviso\/wp-json\/wp\/v2\/pages\/23550\/revisions"}],"up":[{"embeddable":true,"href":"https:\/\/welaikaadv.site\/avviso\/wp-json\/wp\/v2\/pages\/207"}],"wp:attachment":[{"href":"https:\/\/welaikaadv.site\/avviso\/wp-json\/wp\/v2\/media?parent=23550"}],"curies":[{"name":"wp","href":"https:\/\/api.w.org\/{rel}","templated":true}]}}