{"id":23573,"date":"2017-10-24T10:20:37","date_gmt":"2017-10-24T08:20:37","guid":{"rendered":"http:\/\/www.avvisopubblico.it\/home\/?page_id=7627"},"modified":"2017-10-24T10:20:37","modified_gmt":"2017-10-24T08:20:37","slug":"contrappunti","status":"publish","type":"page","link":"https:\/\/welaikaadv.site\/avviso\/home\/cosa-facciamo\/pubblicazioni\/contrappunti\/","title":{"rendered":"Contrappunti"},"content":{"rendered":"<p><strong>Contrappunti<\/strong>\u00a0\u00e8 la collana editoriale di Altreconomia, Avviso Pubblico e il \u201cMaster in analisi, prevenzione e contrasto della criminalit\u00e0 organizzata e della corruzione\u201d organizzato dal Dipartimento di Scienze politiche dell\u2019Universit\u00e0 di Pisa con Libera e Avviso Pubblico. Un canto corale per la legalit\u00e0. La collana si candida a ospitare studi e ricerche che offrono chiavi interpretative e strumenti utili ad animare la resistenza civile e politica contro le organizzazioni criminali e la corruzione. Tra le pubblicazioni saranno scelti\u00a0alcuni dei lavori di tesi e ricerca prodotti negli ultimi anni dagli allievi del Master.<\/p>\n<p>\u201cContrappunti\u201d ha un autorevole comitato scientifico, composto da studiosi capaci di scendere dalla cattedra per confrontarsi con i movimenti, la societ\u00e0 civile e con l\u2019amministrazione della cosa pubblica: Enzo Ciconte (docente e scrittore), Nando dalla Chiesa (Universit\u00e0 di Milano, presidente onorario di Libera), Alessandra Dino (Universit\u00e0 di Palermo), Monica Massari (Universit\u00e0 di Napoli), Vittorio Mete (Universit\u00e0 di Firenze), Pierpaolo Romani (coordinatore nazionale di Avviso Pubblico), Rocco Sciarrone (Universit\u00e0 di Torino), Alberto Vannucci (Universit\u00e0 di Pisa). L\u2019obiettivo di \u201cContrappunti\u201d \u00e8 valorizzare, rendendolo \u2018bene comune\u2019, il patrimonio di conoscenze interdisciplinari sul legame tra organizzazioni mafiose, mercati illeciti e corruzione politico-amministrativa. L\u2019approfondimento scientifico si sposa con l\u2019elaborazione di strumenti di prevenzione e contrasto dei fenomeni di criminalit\u00e0 organizzata e corruzione, soprattutto ad opera degli enti locali, oltre che di formazione civile e sensibilizzazione dell\u2019opinione pubblica.<\/p>\n<p><img decoding=\"async\" class=\"alignleft wp-image-7804\" src=\"https:\/\/welaikaadv.site\/avviso\/wp-content\/uploads\/2017\/12\/Confine-130x200.jpg\" alt=\"\" width=\"129\" height=\"197\" \/><\/p>\n<p>&nbsp;<\/p>\n<p>La prima uscita di \u201cContrappunti\u201d \u00e8 <a href=\"http:\/\/altreconomia.it\/?ec_dettaglio=319\" target=\"_blank\" rel=\"noopener noreferrer\">Il confine. Tra Liguria e Toscana, dove le mafie si fanno in quattro<\/a>\u00a0(download gratuito), autore Marco Antonelli, ricercatore del Master. Una ricerca puntigliosa, che si legge come un romanzo: numerosi elementi testimoniano il radicamento delle organizzazioni criminali tra le province di Massa-Carrara e di La Spezia.<\/p>\n<p>&nbsp;<\/p>\n<p><img decoding=\"async\" class=\"alignleft wp-image-7805\" src=\"https:\/\/welaikaadv.site\/avviso\/wp-content\/uploads\/2017\/12\/Loseforlife-130x211.jpg\" alt=\"Lose for life\" width=\"130\" height=\"208\" \/><\/p>\n<p>&nbsp;<\/p>\n<p>Il secondo volume pubblicato per la collana \u00e8 <a href=\"https:\/\/altreconomia.it\/prodotto\/lose-for-life\/\" target=\"_blank\" rel=\"noopener noreferrer\">Lose for Life. Come salvare un paese in overdose da gioco d\u2019azzardo<\/a>\u201d, curato da Claudio Forleo e Giulia Migneco. Un saggio pratico, completo e autorevole sul tema del gioco d\u2019azzardo, a cui hanno contribuito i maggiori esperti del settore.<\/p>\n<p>&nbsp;<\/p>\n<p><img decoding=\"async\" class=\" wp-image-33975 alignleft\" src=\"https:\/\/welaikaadv.site\/avviso\/wp-content\/uploads\/2019\/07\/Cop_TRASPARENZAIMPOSSIBILE-263x405.jpg\" alt=\"\" width=\"131\" height=\"202\" \/><br \/>\nIl terzo volume pubblicato per la collana \u00e8 <a href=\"https:\/\/altreconomia.it\/prodotto\/la-trasparenza-impossibile\/\">La trasparenza (im)possibile. Tutto quello che c&#8217;\u00e8 da sapere sul diritto d&#8217;accesso in Italia<\/a>, curato da Avviso Pubblico. Un testo pensato come un vademecum utile sia per gli Enti locali che per i cittadini, nella convinzione che la trasparenza, intensa prima di tutto come cultura, sia uno degli strumenti imprescindibili per contrastare e prevenire mafie e corruzione, e per favorire l\u2019esercizio della buona amministrazione.<\/p>\n<p>&nbsp;<\/p>\n<p><img loading=\"lazy\" decoding=\"async\" class=\" wp-image-33977 alignleft\" src=\"https:\/\/welaikaadv.site\/avviso\/wp-content\/uploads\/2019\/07\/copCOMUNISCIOLTI_DEF-1-263x405.jpg\" alt=\"\" width=\"130\" height=\"200\" \/><br \/>\nIl quarto volume pubblicato per la collana \u00e8 <a href=\"https:\/\/altreconomia.it\/prodotto\/lo-scioglimento-dei-comuni-per-mafia\/\">Lo scioglimento dei Comuni per mafia. Analisi e proposte<\/a>, a cura di Simona Melorio, ricercatrice dell\u2019Universit\u00e0 Suor Orsola Benincasa di Napoli. Il libro, partendo dalla fotografia numerica della situazione, propone un\u2019articolata riflessione sull\u2019utilizzo dello strumento preventivo nelle varie fasi politiche del nostro Paese.<\/p>\n<p>&nbsp;<\/p>\n<p><img loading=\"lazy\" decoding=\"async\" class=\" wp-image-42281 alignleft\" src=\"https:\/\/welaikaadv.site\/avviso\/wp-content\/uploads\/2021\/05\/3D_PandemiaAzzardo-255x405.png\" alt=\"\" width=\"149\" height=\"237\" \/><\/p>\n<p>Il quinto volume pubblicato per la collana \u00e8 <a href=\"https:\/\/welaikaadv.site\/avviso\/home\/cosa-facciamo\/pubblicazioni\/la-pandemia-da-azzardo\/\">La pandemia da azzardo. Il gioco ai tempi del Covid: rischi, pericoli e proposte di riforma<\/a>, un saggio scritto da Claudio Forleo e Giulia Migneco, che analizza lo scenario attuale del gioco d&#8217;azzardo in Italia, con l\u2019intento di proporre e non solo di denunciare.<\/p>\n","protected":false},"excerpt":{"rendered":"<p>La collana editoriale di Altreconomia, Avviso Pubblico e Universit\u00e0 di Pisa&nbsp;<span class=\"hellipsis\">[&hellip;]<\/span><a class=\"more-link\" href=\"https:\/\/welaikaadv.site\/avviso\/home\/cosa-facciamo\/pubblicazioni\/contrappunti\/\">Leggi tutto <span class=\"screen-reader-text\">Contrappunti<\/span> <span class=\"meta-nav\" aria-hidden=\"true\">&rarr;<\/span><\/a><\/p>\n","protected":false},"author":1,"featured_media":7687,"parent":23571,"menu_order":50,"comment_status":"closed","ping_status":"closed","template":"","meta":{"_acf_changed":false,"_exactmetrics_skip_tracking":false,"_exactmetrics_sitenote_active":false,"_exactmetrics_sitenote_note":"","_exactmetrics_sitenote_category":0,"wp_social_preview_title":"","wp_social_preview_description":"","wp_social_preview_image":0,"footnotes":""},"class_list":["post-23573","page","type-page","status-publish","has-post-thumbnail","hentry"],"acf":[],"yoast_head":"<!-- This site is optimized with the Yoast SEO plugin v27.2 - https:\/\/yoast.com\/product\/yoast-seo-wordpress\/ -->\n<title>Contrappunti - Staging Avviso Pubblico<\/title>\n<meta name=\"robots\" content=\"noindex, follow, max-snippet:-1, max-image-preview:large, max-video-preview:-1\" \/>\n<meta property=\"og:locale\" content=\"it_IT\" \/>\n<meta property=\"og:type\" content=\"article\" \/>\n<meta property=\"og:title\" content=\"Contrappunti - Staging Avviso Pubblico\" \/>\n<meta property=\"og:description\" content=\"La collana editoriale di Altreconomia, Avviso Pubblico e Universit\u00e0 di Pisa&nbsp;[&hellip;]Leggi tutto Contrappunti &rarr;\" \/>\n<meta property=\"og:url\" content=\"https:\/\/welaikaadv.site\/avviso\/home\/cosa-facciamo\/pubblicazioni\/contrappunti\/\" \/>\n<meta property=\"og:site_name\" content=\"Staging Avviso Pubblico\" \/>\n<meta name=\"twitter:card\" content=\"summary_large_image\" \/>\n<meta name=\"twitter:label1\" content=\"Tempo di lettura stimato\" \/>\n\t<meta name=\"twitter:data1\" content=\"3 minuti\" \/>\n<script type=\"application\/ld+json\" class=\"yoast-schema-graph\">{\"@context\":\"https:\/\/schema.org\",\"@graph\":[{\"@type\":\"WebPage\",\"@id\":\"https:\/\/welaikaadv.site\/avviso\/home\/cosa-facciamo\/pubblicazioni\/contrappunti\/\",\"url\":\"https:\/\/welaikaadv.site\/avviso\/home\/cosa-facciamo\/pubblicazioni\/contrappunti\/\",\"name\":\"Contrappunti - Staging Avviso Pubblico\",\"isPartOf\":{\"@id\":\"https:\/\/welaikaadv.site\/avviso\/#website\"},\"primaryImageOfPage\":{\"@id\":\"https:\/\/welaikaadv.site\/avviso\/home\/cosa-facciamo\/pubblicazioni\/contrappunti\/#primaryimage\"},\"image\":{\"@id\":\"https:\/\/welaikaadv.site\/avviso\/home\/cosa-facciamo\/pubblicazioni\/contrappunti\/#primaryimage\"},\"thumbnailUrl\":\"\",\"datePublished\":\"2017-10-24T08:20:37+00:00\",\"breadcrumb\":{\"@id\":\"https:\/\/welaikaadv.site\/avviso\/home\/cosa-facciamo\/pubblicazioni\/contrappunti\/#breadcrumb\"},\"inLanguage\":\"it-IT\",\"potentialAction\":[{\"@type\":\"ReadAction\",\"target\":[\"https:\/\/welaikaadv.site\/avviso\/home\/cosa-facciamo\/pubblicazioni\/contrappunti\/\"]}]},{\"@type\":\"ImageObject\",\"inLanguage\":\"it-IT\",\"@id\":\"https:\/\/welaikaadv.site\/avviso\/home\/cosa-facciamo\/pubblicazioni\/contrappunti\/#primaryimage\",\"url\":\"\",\"contentUrl\":\"\"},{\"@type\":\"BreadcrumbList\",\"@id\":\"https:\/\/welaikaadv.site\/avviso\/home\/cosa-facciamo\/pubblicazioni\/contrappunti\/#breadcrumb\",\"itemListElement\":[{\"@type\":\"ListItem\",\"position\":1,\"name\":\"Home\",\"item\":\"https:\/\/welaikaadv.site\/avviso\/\"},{\"@type\":\"ListItem\",\"position\":2,\"name\":\"Home\",\"item\":\"https:\/\/welaikaadv.site\/avviso\/home\/\"},{\"@type\":\"ListItem\",\"position\":3,\"name\":\"Cosa facciamo\",\"item\":\"https:\/\/welaikaadv.site\/avviso\/home\/cosa-facciamo\/\"},{\"@type\":\"ListItem\",\"position\":4,\"name\":\"Pubblicazioni\",\"item\":\"https:\/\/welaikaadv.site\/avviso\/home\/cosa-facciamo\/pubblicazioni\/\"},{\"@type\":\"ListItem\",\"position\":5,\"name\":\"Contrappunti\"}]},{\"@type\":\"WebSite\",\"@id\":\"https:\/\/welaikaadv.site\/avviso\/#website\",\"url\":\"https:\/\/welaikaadv.site\/avviso\/\",\"name\":\"Staging Avviso Pubblico\",\"description\":\"\",\"publisher\":{\"@id\":\"https:\/\/welaikaadv.site\/avviso\/#organization\"},\"potentialAction\":[{\"@type\":\"SearchAction\",\"target\":{\"@type\":\"EntryPoint\",\"urlTemplate\":\"https:\/\/welaikaadv.site\/avviso\/?s={search_term_string}\"},\"query-input\":{\"@type\":\"PropertyValueSpecification\",\"valueRequired\":true,\"valueName\":\"search_term_string\"}}],\"inLanguage\":\"it-IT\"},{\"@type\":\"Organization\",\"@id\":\"https:\/\/welaikaadv.site\/avviso\/#organization\",\"name\":\"Staging Avviso Pubblico\",\"url\":\"https:\/\/welaikaadv.site\/avviso\/\",\"logo\":{\"@type\":\"ImageObject\",\"inLanguage\":\"it-IT\",\"@id\":\"https:\/\/welaikaadv.site\/avviso\/#\/schema\/logo\/image\/\",\"url\":\"https:\/\/welaikaadv.site\/avviso\/wp-content\/uploads\/2024\/08\/logoAPsito-400.png\",\"contentUrl\":\"https:\/\/welaikaadv.site\/avviso\/wp-content\/uploads\/2024\/08\/logoAPsito-400.png\",\"width\":400,\"height\":97,\"caption\":\"Staging Avviso Pubblico\"},\"image\":{\"@id\":\"https:\/\/welaikaadv.site\/avviso\/#\/schema\/logo\/image\/\"}}]}<\/script>\n<!-- \/ Yoast SEO plugin. -->","yoast_head_json":{"title":"Contrappunti - Staging Avviso Pubblico","robots":{"index":"noindex","follow":"follow","max-snippet":"max-snippet:-1","max-image-preview":"max-image-preview:large","max-video-preview":"max-video-preview:-1"},"og_locale":"it_IT","og_type":"article","og_title":"Contrappunti - Staging Avviso Pubblico","og_description":"La collana editoriale di Altreconomia, Avviso Pubblico e Universit\u00e0 di Pisa&nbsp;[&hellip;]Leggi tutto Contrappunti &rarr;","og_url":"https:\/\/welaikaadv.site\/avviso\/home\/cosa-facciamo\/pubblicazioni\/contrappunti\/","og_site_name":"Staging Avviso Pubblico","twitter_card":"summary_large_image","twitter_misc":{"Tempo di lettura stimato":"3 minuti"},"schema":{"@context":"https:\/\/schema.org","@graph":[{"@type":"WebPage","@id":"https:\/\/welaikaadv.site\/avviso\/home\/cosa-facciamo\/pubblicazioni\/contrappunti\/","url":"https:\/\/welaikaadv.site\/avviso\/home\/cosa-facciamo\/pubblicazioni\/contrappunti\/","name":"Contrappunti - Staging Avviso Pubblico","isPartOf":{"@id":"https:\/\/welaikaadv.site\/avviso\/#website"},"primaryImageOfPage":{"@id":"https:\/\/welaikaadv.site\/avviso\/home\/cosa-facciamo\/pubblicazioni\/contrappunti\/#primaryimage"},"image":{"@id":"https:\/\/welaikaadv.site\/avviso\/home\/cosa-facciamo\/pubblicazioni\/contrappunti\/#primaryimage"},"thumbnailUrl":"","datePublished":"2017-10-24T08:20:37+00:00","breadcrumb":{"@id":"https:\/\/welaikaadv.site\/avviso\/home\/cosa-facciamo\/pubblicazioni\/contrappunti\/#breadcrumb"},"inLanguage":"it-IT","potentialAction":[{"@type":"ReadAction","target":["https:\/\/welaikaadv.site\/avviso\/home\/cosa-facciamo\/pubblicazioni\/contrappunti\/"]}]},{"@type":"ImageObject","inLanguage":"it-IT","@id":"https:\/\/welaikaadv.site\/avviso\/home\/cosa-facciamo\/pubblicazioni\/contrappunti\/#primaryimage","url":"","contentUrl":""},{"@type":"BreadcrumbList","@id":"https:\/\/welaikaadv.site\/avviso\/home\/cosa-facciamo\/pubblicazioni\/contrappunti\/#breadcrumb","itemListElement":[{"@type":"ListItem","position":1,"name":"Home","item":"https:\/\/welaikaadv.site\/avviso\/"},{"@type":"ListItem","position":2,"name":"Home","item":"https:\/\/welaikaadv.site\/avviso\/home\/"},{"@type":"ListItem","position":3,"name":"Cosa facciamo","item":"https:\/\/welaikaadv.site\/avviso\/home\/cosa-facciamo\/"},{"@type":"ListItem","position":4,"name":"Pubblicazioni","item":"https:\/\/welaikaadv.site\/avviso\/home\/cosa-facciamo\/pubblicazioni\/"},{"@type":"ListItem","position":5,"name":"Contrappunti"}]},{"@type":"WebSite","@id":"https:\/\/welaikaadv.site\/avviso\/#website","url":"https:\/\/welaikaadv.site\/avviso\/","name":"Staging Avviso Pubblico","description":"","publisher":{"@id":"https:\/\/welaikaadv.site\/avviso\/#organization"},"potentialAction":[{"@type":"SearchAction","target":{"@type":"EntryPoint","urlTemplate":"https:\/\/welaikaadv.site\/avviso\/?s={search_term_string}"},"query-input":{"@type":"PropertyValueSpecification","valueRequired":true,"valueName":"search_term_string"}}],"inLanguage":"it-IT"},{"@type":"Organization","@id":"https:\/\/welaikaadv.site\/avviso\/#organization","name":"Staging Avviso Pubblico","url":"https:\/\/welaikaadv.site\/avviso\/","logo":{"@type":"ImageObject","inLanguage":"it-IT","@id":"https:\/\/welaikaadv.site\/avviso\/#\/schema\/logo\/image\/","url":"https:\/\/welaikaadv.site\/avviso\/wp-content\/uploads\/2024\/08\/logoAPsito-400.png","contentUrl":"https:\/\/welaikaadv.site\/avviso\/wp-content\/uploads\/2024\/08\/logoAPsito-400.png","width":400,"height":97,"caption":"Staging Avviso Pubblico"},"image":{"@id":"https:\/\/welaikaadv.site\/avviso\/#\/schema\/logo\/image\/"}}]}},"_links":{"self":[{"href":"https:\/\/welaikaadv.site\/avviso\/wp-json\/wp\/v2\/pages\/23573","targetHints":{"allow":["GET"]}}],"collection":[{"href":"https:\/\/welaikaadv.site\/avviso\/wp-json\/wp\/v2\/pages"}],"about":[{"href":"https:\/\/welaikaadv.site\/avviso\/wp-json\/wp\/v2\/types\/page"}],"author":[{"embeddable":true,"href":"https:\/\/welaikaadv.site\/avviso\/wp-json\/wp\/v2\/users\/1"}],"replies":[{"embeddable":true,"href":"https:\/\/welaikaadv.site\/avviso\/wp-json\/wp\/v2\/comments?post=23573"}],"version-history":[{"count":0,"href":"https:\/\/welaikaadv.site\/avviso\/wp-json\/wp\/v2\/pages\/23573\/revisions"}],"up":[{"embeddable":true,"href":"https:\/\/welaikaadv.site\/avviso\/wp-json\/wp\/v2\/pages\/23571"}],"wp:featuredmedia":[{"embeddable":true,"href":"https:\/\/welaikaadv.site\/avviso\/wp-json\/"}],"wp:attachment":[{"href":"https:\/\/welaikaadv.site\/avviso\/wp-json\/wp\/v2\/media?parent=23573"}],"curies":[{"name":"wp","href":"https:\/\/api.w.org\/{rel}","templated":true}]}}