{"id":23575,"date":"2017-10-27T10:30:08","date_gmt":"2017-10-27T08:30:08","guid":{"rendered":"http:\/\/www.avvisopubblico.it\/osservatorio\/?page_id=7306"},"modified":"2017-10-27T10:30:08","modified_gmt":"2017-10-27T08:30:08","slug":"relazione-del-governo-sul-contrasto-del-riciclaggio-scheda-di-sintesi","status":"publish","type":"page","link":"https:\/\/welaikaadv.site\/avviso\/home\/cosa-facciamo\/informare\/documenti-tematici\/antiriciclaggio\/relazione-del-governo-sul-contrasto-del-riciclaggio-scheda-di-sintesi\/","title":{"rendered":"Relazione del Governo sul contrasto del riciclaggio: scheda di sintesi"},"content":{"rendered":"<p><strong>Premessa<\/strong>. Il 25 settembre 2017 il Governo ha trasmesso alle Camere la nuova Relazione riferita all\u2019anno 2016 (<a href=\"http:\/\/www.senato.it\/service\/PDF\/PDFServer\/DF\/333099.pdf\"><strong>Doc. CLX, n. 5<\/strong><\/a>) riguardante sulle attivit\u00e0 di prevenzione del riciclaggio e del finanziamento del terrorismo, di cui sono sintetizzati alcuni aspetti essenziali.<\/p>\n<p><strong>Quadro di riferimento normativo<\/strong>. La relazione si sofferma sulle pi\u00f9 recenti modifiche della legislazione, con particolare riguardo alle novit\u00e0 introdotte con il <a href=\"https:\/\/welaikaadv.site\/avviso\/home\/cosa-facciamo\/informare\/osservatorio-parlamentare\/attivita-legislativa\/dlgs-n-90-del-2017-attuazione-della-direttiva-comunitaria-in-materia-di-antiriciclaggio\/\"><strong>decreto legislativo n. 90 del 2017<\/strong><\/a> , in attuazione della IV direttiva comunitaria antiriciclaggio, e alla ratifica di alcuni trattati internazionali, molto importanti alla luce della indispensabile cooperazione tra gli Stati per contrastare tale fenomeno e sui risultati della quale sono forniti ampi ragguagli.<\/p>\n<p><strong>Il ruolo della Direzione nazionale antimafia e antiterrorismo<\/strong>. La relazione sottolinea il rilevo dell\u2019attivit\u00e0 della DNA, che partecipa anche ai lavori del Comitato di sicurezza finanziaria, nella raccolta e analisi approfondita di dati e informazioni utili al coordinamento delle indagini da parte degli uffici giudiziari sul territorio: tale attivit\u00e0 risulta essenziale in considerazione degli ingenti flussi di denaro gestiti dalla criminalit\u00e0 organizzata e della difficolt\u00e0 di distinguere tra fondi leciti ed illeciti e della diffusione di altre condotte illegali (usura, corruzione, evasione fiscale etc). In questo contesto risulta essenziale la tempestiva verifica \u2013 in collaborazione con la Banca d\u2019Italia, la Guardia di Finanza, il Nucleo speciale di polizia valutaria e la DIA- di tutte le segnalazioni di operazioni sospette effettuate dagli operatori del settore, con particolare riguardo alle operazioni riferibili a soggetti gi\u00e0 indagati ovvero collegabili a persone fisiche o giuridiche registrate nelle banche dati esistenti.<\/p>\n<p><strong>Il flusso delle segnalazioni<\/strong>. La relazione fornisce dati analitici sulla crescita rilevante delle segnalazioni di operazioni sospette \u2013 quasi tutte per riciclaggio, per un importo complessivo di 88 miliardi di euro &#8211; da parte delle diverse categorie di operatori (istituti bancari, professionisti, operatori non finanziari etc), ai quali la legge attribuisce un ruolo di collaborazione attiva: e l\u2019aumento delle segnalazioni \u00e8 un segnale importante del radicarsi di una cultura antiriciclaggio. Attraverso l\u2019analisi delle diverse fattispecie e l\u2019incrocio delle varie fonti disponibili si passa all\u2019individuazione delle operazioni a pi\u00f9 elevato livello di rischio per le quali procedere agli ulteriori accertamenti \u2013 ed eventualmente disporre la sospensione, decisa nel 2016 per un valore delle transazioni pari a circa 19 miliardi di euro &#8211; o, all\u2019opposto, all\u2019archiviazione (11 per cento del totale). Il lavoro di analisi consente via via via di affinare le metodologie di individuazione delle tipologie di operazioni e comportamenti maggiormente a rischio riciclaggio.<\/p>\n<p><strong>Il Rapporto della Banca d\u2019Italia<\/strong>. Alla relazione \u00e8 allegato il Rapporto dell\u2019Unit\u00e0 di Informazione Finanziaria, con un\u2019analisi dettagliata svolta nel corso del 2016, accompagnata dal parere del Comitato di esperti previsto dal D. lgs n. 231 del 2007.<\/p>\n","protected":false},"excerpt":{"rendered":"<p>Premessa. Il 25 settembre 2017 il Governo ha trasmesso alle Camere la nuova Relazione riferita all\u2019anno 2016 (Doc. CLX, n. 5) riguardante sulle attivit\u00e0 di&nbsp;<span class=\"hellipsis\">[&hellip;]<\/span><a class=\"more-link\" href=\"https:\/\/welaikaadv.site\/avviso\/home\/cosa-facciamo\/informare\/documenti-tematici\/antiriciclaggio\/relazione-del-governo-sul-contrasto-del-riciclaggio-scheda-di-sintesi\/\">Leggi tutto <span class=\"screen-reader-text\">Relazione del Governo sul contrasto del riciclaggio: scheda di sintesi<\/span> <span class=\"meta-nav\" aria-hidden=\"true\">&rarr;<\/span><\/a><\/p>\n","protected":false},"author":1,"featured_media":0,"parent":29353,"menu_order":0,"comment_status":"closed","ping_status":"closed","template":"","meta":{"_acf_changed":false,"_exactmetrics_skip_tracking":false,"_exactmetrics_sitenote_active":false,"_exactmetrics_sitenote_note":"","_exactmetrics_sitenote_category":0,"wp_social_preview_title":"","wp_social_preview_description":"","wp_social_preview_image":0,"footnotes":""},"class_list":["post-23575","page","type-page","status-publish","hentry"],"acf":[],"yoast_head":"<!-- This site is optimized with the Yoast SEO plugin v27.2 - https:\/\/yoast.com\/product\/yoast-seo-wordpress\/ -->\n<title>Relazione del Governo sul contrasto del riciclaggio: scheda di sintesi - Staging Avviso Pubblico<\/title>\n<meta name=\"robots\" content=\"noindex, follow, max-snippet:-1, max-image-preview:large, max-video-preview:-1\" \/>\n<meta property=\"og:locale\" content=\"it_IT\" \/>\n<meta property=\"og:type\" content=\"article\" \/>\n<meta property=\"og:title\" content=\"Relazione del Governo sul contrasto del riciclaggio: scheda di sintesi - Staging Avviso Pubblico\" \/>\n<meta property=\"og:description\" content=\"Premessa. Il 25 settembre 2017 il Governo ha trasmesso alle Camere la nuova Relazione riferita all\u2019anno 2016 (Doc. CLX, n. 5) riguardante sulle attivit\u00e0 di&nbsp;[&hellip;]Leggi tutto Relazione del Governo sul contrasto del riciclaggio: scheda di sintesi &rarr;\" \/>\n<meta property=\"og:url\" content=\"https:\/\/welaikaadv.site\/avviso\/home\/cosa-facciamo\/informare\/documenti-tematici\/antiriciclaggio\/relazione-del-governo-sul-contrasto-del-riciclaggio-scheda-di-sintesi\/\" \/>\n<meta property=\"og:site_name\" content=\"Staging Avviso Pubblico\" \/>\n<meta name=\"twitter:card\" content=\"summary_large_image\" \/>\n<meta name=\"twitter:label1\" content=\"Tempo di lettura stimato\" \/>\n\t<meta name=\"twitter:data1\" content=\"2 minuti\" \/>\n<script type=\"application\/ld+json\" class=\"yoast-schema-graph\">{\"@context\":\"https:\/\/schema.org\",\"@graph\":[{\"@type\":\"WebPage\",\"@id\":\"https:\/\/welaikaadv.site\/avviso\/home\/cosa-facciamo\/informare\/documenti-tematici\/antiriciclaggio\/relazione-del-governo-sul-contrasto-del-riciclaggio-scheda-di-sintesi\/\",\"url\":\"https:\/\/welaikaadv.site\/avviso\/home\/cosa-facciamo\/informare\/documenti-tematici\/antiriciclaggio\/relazione-del-governo-sul-contrasto-del-riciclaggio-scheda-di-sintesi\/\",\"name\":\"Relazione del Governo sul contrasto del riciclaggio: scheda di sintesi - Staging Avviso Pubblico\",\"isPartOf\":{\"@id\":\"https:\/\/welaikaadv.site\/avviso\/#website\"},\"datePublished\":\"2017-10-27T08:30:08+00:00\",\"breadcrumb\":{\"@id\":\"https:\/\/welaikaadv.site\/avviso\/home\/cosa-facciamo\/informare\/documenti-tematici\/antiriciclaggio\/relazione-del-governo-sul-contrasto-del-riciclaggio-scheda-di-sintesi\/#breadcrumb\"},\"inLanguage\":\"it-IT\",\"potentialAction\":[{\"@type\":\"ReadAction\",\"target\":[\"https:\/\/welaikaadv.site\/avviso\/home\/cosa-facciamo\/informare\/documenti-tematici\/antiriciclaggio\/relazione-del-governo-sul-contrasto-del-riciclaggio-scheda-di-sintesi\/\"]}]},{\"@type\":\"BreadcrumbList\",\"@id\":\"https:\/\/welaikaadv.site\/avviso\/home\/cosa-facciamo\/informare\/documenti-tematici\/antiriciclaggio\/relazione-del-governo-sul-contrasto-del-riciclaggio-scheda-di-sintesi\/#breadcrumb\",\"itemListElement\":[{\"@type\":\"ListItem\",\"position\":1,\"name\":\"Home\",\"item\":\"https:\/\/welaikaadv.site\/avviso\/\"},{\"@type\":\"ListItem\",\"position\":2,\"name\":\"Relazione del Governo sul contrasto del riciclaggio: scheda di sintesi\"}]},{\"@type\":\"WebSite\",\"@id\":\"https:\/\/welaikaadv.site\/avviso\/#website\",\"url\":\"https:\/\/welaikaadv.site\/avviso\/\",\"name\":\"Staging Avviso Pubblico\",\"description\":\"\",\"publisher\":{\"@id\":\"https:\/\/welaikaadv.site\/avviso\/#organization\"},\"potentialAction\":[{\"@type\":\"SearchAction\",\"target\":{\"@type\":\"EntryPoint\",\"urlTemplate\":\"https:\/\/welaikaadv.site\/avviso\/?s={search_term_string}\"},\"query-input\":{\"@type\":\"PropertyValueSpecification\",\"valueRequired\":true,\"valueName\":\"search_term_string\"}}],\"inLanguage\":\"it-IT\"},{\"@type\":\"Organization\",\"@id\":\"https:\/\/welaikaadv.site\/avviso\/#organization\",\"name\":\"Staging Avviso Pubblico\",\"url\":\"https:\/\/welaikaadv.site\/avviso\/\",\"logo\":{\"@type\":\"ImageObject\",\"inLanguage\":\"it-IT\",\"@id\":\"https:\/\/welaikaadv.site\/avviso\/#\/schema\/logo\/image\/\",\"url\":\"https:\/\/welaikaadv.site\/avviso\/wp-content\/uploads\/2024\/08\/logoAPsito-400.png\",\"contentUrl\":\"https:\/\/welaikaadv.site\/avviso\/wp-content\/uploads\/2024\/08\/logoAPsito-400.png\",\"width\":400,\"height\":97,\"caption\":\"Staging Avviso Pubblico\"},\"image\":{\"@id\":\"https:\/\/welaikaadv.site\/avviso\/#\/schema\/logo\/image\/\"}}]}<\/script>\n<!-- \/ Yoast SEO plugin. -->","yoast_head_json":{"title":"Relazione del Governo sul contrasto del riciclaggio: scheda di sintesi - Staging Avviso Pubblico","robots":{"index":"noindex","follow":"follow","max-snippet":"max-snippet:-1","max-image-preview":"max-image-preview:large","max-video-preview":"max-video-preview:-1"},"og_locale":"it_IT","og_type":"article","og_title":"Relazione del Governo sul contrasto del riciclaggio: scheda di sintesi - Staging Avviso Pubblico","og_description":"Premessa. Il 25 settembre 2017 il Governo ha trasmesso alle Camere la nuova Relazione riferita all\u2019anno 2016 (Doc. CLX, n. 5) riguardante sulle attivit\u00e0 di&nbsp;[&hellip;]Leggi tutto Relazione del Governo sul contrasto del riciclaggio: scheda di sintesi &rarr;","og_url":"https:\/\/welaikaadv.site\/avviso\/home\/cosa-facciamo\/informare\/documenti-tematici\/antiriciclaggio\/relazione-del-governo-sul-contrasto-del-riciclaggio-scheda-di-sintesi\/","og_site_name":"Staging Avviso Pubblico","twitter_card":"summary_large_image","twitter_misc":{"Tempo di lettura stimato":"2 minuti"},"schema":{"@context":"https:\/\/schema.org","@graph":[{"@type":"WebPage","@id":"https:\/\/welaikaadv.site\/avviso\/home\/cosa-facciamo\/informare\/documenti-tematici\/antiriciclaggio\/relazione-del-governo-sul-contrasto-del-riciclaggio-scheda-di-sintesi\/","url":"https:\/\/welaikaadv.site\/avviso\/home\/cosa-facciamo\/informare\/documenti-tematici\/antiriciclaggio\/relazione-del-governo-sul-contrasto-del-riciclaggio-scheda-di-sintesi\/","name":"Relazione del Governo sul contrasto del riciclaggio: scheda di sintesi - Staging Avviso Pubblico","isPartOf":{"@id":"https:\/\/welaikaadv.site\/avviso\/#website"},"datePublished":"2017-10-27T08:30:08+00:00","breadcrumb":{"@id":"https:\/\/welaikaadv.site\/avviso\/home\/cosa-facciamo\/informare\/documenti-tematici\/antiriciclaggio\/relazione-del-governo-sul-contrasto-del-riciclaggio-scheda-di-sintesi\/#breadcrumb"},"inLanguage":"it-IT","potentialAction":[{"@type":"ReadAction","target":["https:\/\/welaikaadv.site\/avviso\/home\/cosa-facciamo\/informare\/documenti-tematici\/antiriciclaggio\/relazione-del-governo-sul-contrasto-del-riciclaggio-scheda-di-sintesi\/"]}]},{"@type":"BreadcrumbList","@id":"https:\/\/welaikaadv.site\/avviso\/home\/cosa-facciamo\/informare\/documenti-tematici\/antiriciclaggio\/relazione-del-governo-sul-contrasto-del-riciclaggio-scheda-di-sintesi\/#breadcrumb","itemListElement":[{"@type":"ListItem","position":1,"name":"Home","item":"https:\/\/welaikaadv.site\/avviso\/"},{"@type":"ListItem","position":2,"name":"Relazione del Governo sul contrasto del riciclaggio: scheda di sintesi"}]},{"@type":"WebSite","@id":"https:\/\/welaikaadv.site\/avviso\/#website","url":"https:\/\/welaikaadv.site\/avviso\/","name":"Staging Avviso Pubblico","description":"","publisher":{"@id":"https:\/\/welaikaadv.site\/avviso\/#organization"},"potentialAction":[{"@type":"SearchAction","target":{"@type":"EntryPoint","urlTemplate":"https:\/\/welaikaadv.site\/avviso\/?s={search_term_string}"},"query-input":{"@type":"PropertyValueSpecification","valueRequired":true,"valueName":"search_term_string"}}],"inLanguage":"it-IT"},{"@type":"Organization","@id":"https:\/\/welaikaadv.site\/avviso\/#organization","name":"Staging Avviso Pubblico","url":"https:\/\/welaikaadv.site\/avviso\/","logo":{"@type":"ImageObject","inLanguage":"it-IT","@id":"https:\/\/welaikaadv.site\/avviso\/#\/schema\/logo\/image\/","url":"https:\/\/welaikaadv.site\/avviso\/wp-content\/uploads\/2024\/08\/logoAPsito-400.png","contentUrl":"https:\/\/welaikaadv.site\/avviso\/wp-content\/uploads\/2024\/08\/logoAPsito-400.png","width":400,"height":97,"caption":"Staging Avviso Pubblico"},"image":{"@id":"https:\/\/welaikaadv.site\/avviso\/#\/schema\/logo\/image\/"}}]}},"_links":{"self":[{"href":"https:\/\/welaikaadv.site\/avviso\/wp-json\/wp\/v2\/pages\/23575","targetHints":{"allow":["GET"]}}],"collection":[{"href":"https:\/\/welaikaadv.site\/avviso\/wp-json\/wp\/v2\/pages"}],"about":[{"href":"https:\/\/welaikaadv.site\/avviso\/wp-json\/wp\/v2\/types\/page"}],"author":[{"embeddable":true,"href":"https:\/\/welaikaadv.site\/avviso\/wp-json\/wp\/v2\/users\/1"}],"replies":[{"embeddable":true,"href":"https:\/\/welaikaadv.site\/avviso\/wp-json\/wp\/v2\/comments?post=23575"}],"version-history":[{"count":0,"href":"https:\/\/welaikaadv.site\/avviso\/wp-json\/wp\/v2\/pages\/23575\/revisions"}],"up":[{"embeddable":true,"href":"https:\/\/welaikaadv.site\/avviso\/wp-json\/wp\/v2\/pages\/29353"}],"wp:attachment":[{"href":"https:\/\/welaikaadv.site\/avviso\/wp-json\/wp\/v2\/media?parent=23575"}],"curies":[{"name":"wp","href":"https:\/\/api.w.org\/{rel}","templated":true}]}}