{"id":23577,"date":"2017-12-05T09:09:57","date_gmt":"2017-12-05T08:09:57","guid":{"rendered":"http:\/\/www.avvisopubblico.it\/osservatorio\/?page_id=7013"},"modified":"2017-12-05T09:09:57","modified_gmt":"2017-12-05T08:09:57","slug":"commissione-sulla-contraffazione-relazione-finale-sui-rapporti-tra-criminalita-organizzata-e-contraffazione","status":"publish","type":"page","link":"https:\/\/welaikaadv.site\/avviso\/home\/cosa-facciamo\/informare\/osservatorio-parlamentare\/attivita-dinchiesta\/attivita-dinchiesta-xvii\/commissione-sulla-contraffazione\/commissione-sulla-contraffazione-relazione-finale-sui-rapporti-tra-criminalita-organizzata-e-contraffazione\/","title":{"rendered":"Commissione sulla contraffazione: relazione finale sui rapporti tra criminalit\u00e0 organizzata e contraffazione"},"content":{"rendered":"<p><strong>Premessa<\/strong>. La Commissione di inchiesta sulla contraffazione ha approvato il 2 agosto 2017, al termine di un lungo <strong><a href=\"https:\/\/welaikaadv.site\/avviso\/home\/cosa-facciamo\/informare\/osservatorio-parlamentare\/attivita-dinchiesta\/attivita-dinchiesta-xvii\/commissione-sulla-contraffazione\/commissione-sulla-contraffazione-audizioni-sulla-presenza-della-criminalita-organizzata-nella-diffusione-della-contraffazione\/\">ciclo di audizioni <\/a><\/strong>e di missioni sul territorio, una <strong><a href=\"http:\/\/www.camera.it\/leg17\/824?tipo=A&amp;anno=2017&amp;mese=08&amp;giorno=02&amp;view=&amp;commissione=64#data.20170802.com64.allegati.all00010\">relazione finale <\/a><\/strong>che analizza in dettaglio il ruolo rivestito dalle organizzazioni criminali nell\u2019ambito del fenomeno della contraffazione.<br \/>\n<strong>Contesto generale<\/strong>. La Relazione evidenzia la crescita esponenziale della contraffazione (il 2,5 per cento degli scambi mondiali \u00e8 rappresentato da beni contraffatti) ed il passaggio da una dimensione locale ed artigianale ad una imprenditoriale su scala internazionale, nel quale gioca un ruolo essenziale la criminalit\u00e0 organizzata italiana e straniera, con particolare riferimento alla camorra e alla \u2018ndrangheta e alla criminalit\u00e0 cinese (come confermato anche dall\u2019<strong>ultima Relazione della Direzione nazionale antimafia <\/strong>e da numerose inchieste giudiziarie). Appare pertanto essenziale non limitarsi a perseguire la fase finale dello smercio dei prodotti ma considerare l\u2019intera filiera di produzione e commercializzazione dei prodotti.<br \/>\nDal tradizionale settore dell\u2019abbigliamento la contraffazione si \u00e8 estesa ad un numero sempre pi\u00f9 ampio di prodotti con conseguenze negative non solo per la concorrenza, il fatturato delle aziende e le entrate dello Stato, ma anche per la salute dei consumatori (a causa della bassa qualit\u00e0 della materia prima utilizzate), le condizioni di sfruttamento dei lavoratori e i fenomeni di smaltimento illegale dei rifiuti industriali.<br \/>\n<strong>Il ruolo della criminalit\u00e0 organizzata<\/strong>. La criminalit\u00e0 organizzata \u00e8 attratta dagli alti profitti conseguibili, mentre il sistema sanzionatorio \u00e8 molto carente, anche per le diversit\u00e0 della legislazione nei diversi Paesi e le difficolt\u00e0 a realizzare controlli capillari sul commercio internazionale. Un settore particolarmente colpito \u00e8 quello del comparto agroalimentare (a partire dal settore lattiero caseario), nel quale sono evidenti anche i casi di sfruttamento della mano d\u2019\u2019opera (e la nuova legge sul caporalato dovrebbe favorirne il contrasto).<br \/>\n<strong>L\u2019azione di contrasto a livello nazionale e internazionale<\/strong>. I risultati positivi nel contrasto degli illeciti nel settore della contraffazione evidenziano la necessit\u00e0 di rafforzare il coordinamento delle forze di polizia (Guardia di finanza, Carabinieri, Polizia postale, Polizie locali) e una sempre maggiore specializzazione del personale, anche al fine di evitare duplicazioni o carenze di intervento: a tale riguardo essenziali appaiono le misure per il controllo del territorio (il decreto legge n. 14 del 2017 promuove la realizzazione di Patti per la sicurezza per contrastare anche la commercializzazione di beni contraffatti). Analogamente, occorre procedere ad una riunificazione delle banche dati esistenti.<br \/>\nLa Relazione si sofferma sulla necessit\u00e0 di un maggiore coordinamento a livello internazionale, a partire dalle modalit\u00e0 di effettuazione dei controlli doganali e dal superamento delle limitazioni derivanti dalle giurisdizioni nazionali, proprio in relazione con le dimensioni sovranazionali del fenomeno.<br \/>\n<strong>Conclusioni<\/strong>. La Commissione raccomanda l\u2019adozione di misure articolate di contrasto del fenomeno, a livello interno e internazionale, adeguate alle dimensioni assunte dalla contraffazione e al suo carattere transnazionale. In tale contesto essenziale risulta la revisione della disciplina penale, secondo le <strong><a href=\"https:\/\/welaikaadv.site\/avviso\/home\/cosa-facciamo\/informare\/osservatorio-parlamentare\/attivita-dinchiesta\/attivita-dinchiesta-xvii\/commissione-sulla-contraffazione\/commissione-sulla-contraffazione-relazione-sulle-modifiche-da-apportare-alla-normativa-penale\/\">linee direttive gi\u00e0 indicate in passato dalla medesima Commissione di inchiesta<\/a><\/strong>.<\/p>\n<p><strong>Discussione in Assemblea<\/strong>. L\u2019Aula di Montecitorio ha discusso la relazione nella seduta del <strong><a href=\"http:\/\/www.camera.it\/leg17\/410?idSeduta=0896&amp;tipo=stenografico#sed0896.stenografico.tit00060\">4 dicembre 2017<\/a><\/strong>.<\/p>\n<p>(<em>ultimo aggiornamento 4 dicembre 2017<\/em>)<\/p>\n","protected":false},"excerpt":{"rendered":"<p>Premessa. La Commissione di inchiesta sulla contraffazione ha approvato il 2 agosto 2017, al termine di un lungo ciclo di audizioni e di missioni sul&nbsp;<span class=\"hellipsis\">[&hellip;]<\/span><a class=\"more-link\" href=\"https:\/\/welaikaadv.site\/avviso\/home\/cosa-facciamo\/informare\/osservatorio-parlamentare\/attivita-dinchiesta\/attivita-dinchiesta-xvii\/commissione-sulla-contraffazione\/commissione-sulla-contraffazione-relazione-finale-sui-rapporti-tra-criminalita-organizzata-e-contraffazione\/\">Leggi tutto <span class=\"screen-reader-text\">Commissione sulla contraffazione: relazione finale sui rapporti tra criminalit\u00e0 organizzata e contraffazione<\/span> <span class=\"meta-nav\" aria-hidden=\"true\">&rarr;<\/span><\/a><\/p>\n","protected":false},"author":1,"featured_media":0,"parent":23482,"menu_order":0,"comment_status":"closed","ping_status":"closed","template":"","meta":{"_acf_changed":false,"_exactmetrics_skip_tracking":false,"_exactmetrics_sitenote_active":false,"_exactmetrics_sitenote_note":"","_exactmetrics_sitenote_category":0,"wp_social_preview_title":"","wp_social_preview_description":"","wp_social_preview_image":0,"footnotes":""},"class_list":["post-23577","page","type-page","status-publish","hentry"],"acf":[],"yoast_head":"<!-- This site is optimized with the Yoast SEO plugin v27.2 - https:\/\/yoast.com\/product\/yoast-seo-wordpress\/ -->\n<title>Commissione sulla contraffazione: relazione finale sui rapporti tra criminalit\u00e0 organizzata e contraffazione - Staging Avviso Pubblico<\/title>\n<meta name=\"robots\" content=\"noindex, follow, max-snippet:-1, max-image-preview:large, max-video-preview:-1\" \/>\n<meta property=\"og:locale\" content=\"it_IT\" \/>\n<meta property=\"og:type\" content=\"article\" \/>\n<meta property=\"og:title\" content=\"Commissione sulla contraffazione: relazione finale sui rapporti tra criminalit\u00e0 organizzata e contraffazione - Staging Avviso Pubblico\" \/>\n<meta property=\"og:description\" content=\"Premessa. La Commissione di inchiesta sulla contraffazione ha approvato il 2 agosto 2017, al termine di un lungo ciclo di audizioni e di missioni sul&nbsp;[&hellip;]Leggi tutto Commissione sulla contraffazione: relazione finale sui rapporti tra criminalit\u00e0 organizzata e contraffazione &rarr;\" \/>\n<meta property=\"og:url\" content=\"https:\/\/welaikaadv.site\/avviso\/home\/cosa-facciamo\/informare\/osservatorio-parlamentare\/attivita-dinchiesta\/attivita-dinchiesta-xvii\/commissione-sulla-contraffazione\/commissione-sulla-contraffazione-relazione-finale-sui-rapporti-tra-criminalita-organizzata-e-contraffazione\/\" \/>\n<meta property=\"og:site_name\" content=\"Staging Avviso Pubblico\" \/>\n<meta name=\"twitter:card\" content=\"summary_large_image\" \/>\n<meta name=\"twitter:label1\" content=\"Tempo di lettura stimato\" \/>\n\t<meta name=\"twitter:data1\" content=\"2 minuti\" \/>\n<script type=\"application\/ld+json\" class=\"yoast-schema-graph\">{\"@context\":\"https:\/\/schema.org\",\"@graph\":[{\"@type\":\"WebPage\",\"@id\":\"https:\/\/welaikaadv.site\/avviso\/home\/cosa-facciamo\/informare\/osservatorio-parlamentare\/attivita-dinchiesta\/attivita-dinchiesta-xvii\/commissione-sulla-contraffazione\/commissione-sulla-contraffazione-relazione-finale-sui-rapporti-tra-criminalita-organizzata-e-contraffazione\/\",\"url\":\"https:\/\/welaikaadv.site\/avviso\/home\/cosa-facciamo\/informare\/osservatorio-parlamentare\/attivita-dinchiesta\/attivita-dinchiesta-xvii\/commissione-sulla-contraffazione\/commissione-sulla-contraffazione-relazione-finale-sui-rapporti-tra-criminalita-organizzata-e-contraffazione\/\",\"name\":\"Commissione sulla contraffazione: relazione finale sui rapporti tra criminalit\u00e0 organizzata e contraffazione - Staging Avviso Pubblico\",\"isPartOf\":{\"@id\":\"https:\/\/welaikaadv.site\/avviso\/#website\"},\"datePublished\":\"2017-12-05T08:09:57+00:00\",\"breadcrumb\":{\"@id\":\"https:\/\/welaikaadv.site\/avviso\/home\/cosa-facciamo\/informare\/osservatorio-parlamentare\/attivita-dinchiesta\/attivita-dinchiesta-xvii\/commissione-sulla-contraffazione\/commissione-sulla-contraffazione-relazione-finale-sui-rapporti-tra-criminalita-organizzata-e-contraffazione\/#breadcrumb\"},\"inLanguage\":\"it-IT\",\"potentialAction\":[{\"@type\":\"ReadAction\",\"target\":[\"https:\/\/welaikaadv.site\/avviso\/home\/cosa-facciamo\/informare\/osservatorio-parlamentare\/attivita-dinchiesta\/attivita-dinchiesta-xvii\/commissione-sulla-contraffazione\/commissione-sulla-contraffazione-relazione-finale-sui-rapporti-tra-criminalita-organizzata-e-contraffazione\/\"]}]},{\"@type\":\"BreadcrumbList\",\"@id\":\"https:\/\/welaikaadv.site\/avviso\/home\/cosa-facciamo\/informare\/osservatorio-parlamentare\/attivita-dinchiesta\/attivita-dinchiesta-xvii\/commissione-sulla-contraffazione\/commissione-sulla-contraffazione-relazione-finale-sui-rapporti-tra-criminalita-organizzata-e-contraffazione\/#breadcrumb\",\"itemListElement\":[{\"@type\":\"ListItem\",\"position\":1,\"name\":\"Home\",\"item\":\"https:\/\/welaikaadv.site\/avviso\/\"},{\"@type\":\"ListItem\",\"position\":2,\"name\":\"Attivit\u00e0 d&#8217;inchiesta nella XVII legislatura\",\"item\":\"https:\/\/welaikaadv.site\/avviso\/home\/cosa-facciamo\/informare\/osservatorio-parlamentare\/attivita-dinchiesta\/attivita-dinchiesta-xvii\/\"},{\"@type\":\"ListItem\",\"position\":3,\"name\":\"Commissione sulla contraffazione \u2013 XVII legislatura\",\"item\":\"https:\/\/welaikaadv.site\/avviso\/home\/cosa-facciamo\/informare\/osservatorio-parlamentare\/attivita-dinchiesta\/attivita-dinchiesta-xvii\/commissione-sulla-contraffazione\/\"},{\"@type\":\"ListItem\",\"position\":4,\"name\":\"Commissione sulla contraffazione: relazione finale sui rapporti tra criminalit\u00e0 organizzata e contraffazione\"}]},{\"@type\":\"WebSite\",\"@id\":\"https:\/\/welaikaadv.site\/avviso\/#website\",\"url\":\"https:\/\/welaikaadv.site\/avviso\/\",\"name\":\"Staging Avviso Pubblico\",\"description\":\"\",\"publisher\":{\"@id\":\"https:\/\/welaikaadv.site\/avviso\/#organization\"},\"potentialAction\":[{\"@type\":\"SearchAction\",\"target\":{\"@type\":\"EntryPoint\",\"urlTemplate\":\"https:\/\/welaikaadv.site\/avviso\/?s={search_term_string}\"},\"query-input\":{\"@type\":\"PropertyValueSpecification\",\"valueRequired\":true,\"valueName\":\"search_term_string\"}}],\"inLanguage\":\"it-IT\"},{\"@type\":\"Organization\",\"@id\":\"https:\/\/welaikaadv.site\/avviso\/#organization\",\"name\":\"Staging Avviso Pubblico\",\"url\":\"https:\/\/welaikaadv.site\/avviso\/\",\"logo\":{\"@type\":\"ImageObject\",\"inLanguage\":\"it-IT\",\"@id\":\"https:\/\/welaikaadv.site\/avviso\/#\/schema\/logo\/image\/\",\"url\":\"https:\/\/welaikaadv.site\/avviso\/wp-content\/uploads\/2024\/08\/logoAPsito-400.png\",\"contentUrl\":\"https:\/\/welaikaadv.site\/avviso\/wp-content\/uploads\/2024\/08\/logoAPsito-400.png\",\"width\":400,\"height\":97,\"caption\":\"Staging Avviso Pubblico\"},\"image\":{\"@id\":\"https:\/\/welaikaadv.site\/avviso\/#\/schema\/logo\/image\/\"}}]}<\/script>\n<!-- \/ Yoast SEO plugin. -->","yoast_head_json":{"title":"Commissione sulla contraffazione: relazione finale sui rapporti tra criminalit\u00e0 organizzata e contraffazione - Staging Avviso Pubblico","robots":{"index":"noindex","follow":"follow","max-snippet":"max-snippet:-1","max-image-preview":"max-image-preview:large","max-video-preview":"max-video-preview:-1"},"og_locale":"it_IT","og_type":"article","og_title":"Commissione sulla contraffazione: relazione finale sui rapporti tra criminalit\u00e0 organizzata e contraffazione - Staging Avviso Pubblico","og_description":"Premessa. La Commissione di inchiesta sulla contraffazione ha approvato il 2 agosto 2017, al termine di un lungo ciclo di audizioni e di missioni sul&nbsp;[&hellip;]Leggi tutto Commissione sulla contraffazione: relazione finale sui rapporti tra criminalit\u00e0 organizzata e contraffazione &rarr;","og_url":"https:\/\/welaikaadv.site\/avviso\/home\/cosa-facciamo\/informare\/osservatorio-parlamentare\/attivita-dinchiesta\/attivita-dinchiesta-xvii\/commissione-sulla-contraffazione\/commissione-sulla-contraffazione-relazione-finale-sui-rapporti-tra-criminalita-organizzata-e-contraffazione\/","og_site_name":"Staging Avviso Pubblico","twitter_card":"summary_large_image","twitter_misc":{"Tempo di lettura stimato":"2 minuti"},"schema":{"@context":"https:\/\/schema.org","@graph":[{"@type":"WebPage","@id":"https:\/\/welaikaadv.site\/avviso\/home\/cosa-facciamo\/informare\/osservatorio-parlamentare\/attivita-dinchiesta\/attivita-dinchiesta-xvii\/commissione-sulla-contraffazione\/commissione-sulla-contraffazione-relazione-finale-sui-rapporti-tra-criminalita-organizzata-e-contraffazione\/","url":"https:\/\/welaikaadv.site\/avviso\/home\/cosa-facciamo\/informare\/osservatorio-parlamentare\/attivita-dinchiesta\/attivita-dinchiesta-xvii\/commissione-sulla-contraffazione\/commissione-sulla-contraffazione-relazione-finale-sui-rapporti-tra-criminalita-organizzata-e-contraffazione\/","name":"Commissione sulla contraffazione: relazione finale sui rapporti tra criminalit\u00e0 organizzata e contraffazione - Staging Avviso Pubblico","isPartOf":{"@id":"https:\/\/welaikaadv.site\/avviso\/#website"},"datePublished":"2017-12-05T08:09:57+00:00","breadcrumb":{"@id":"https:\/\/welaikaadv.site\/avviso\/home\/cosa-facciamo\/informare\/osservatorio-parlamentare\/attivita-dinchiesta\/attivita-dinchiesta-xvii\/commissione-sulla-contraffazione\/commissione-sulla-contraffazione-relazione-finale-sui-rapporti-tra-criminalita-organizzata-e-contraffazione\/#breadcrumb"},"inLanguage":"it-IT","potentialAction":[{"@type":"ReadAction","target":["https:\/\/welaikaadv.site\/avviso\/home\/cosa-facciamo\/informare\/osservatorio-parlamentare\/attivita-dinchiesta\/attivita-dinchiesta-xvii\/commissione-sulla-contraffazione\/commissione-sulla-contraffazione-relazione-finale-sui-rapporti-tra-criminalita-organizzata-e-contraffazione\/"]}]},{"@type":"BreadcrumbList","@id":"https:\/\/welaikaadv.site\/avviso\/home\/cosa-facciamo\/informare\/osservatorio-parlamentare\/attivita-dinchiesta\/attivita-dinchiesta-xvii\/commissione-sulla-contraffazione\/commissione-sulla-contraffazione-relazione-finale-sui-rapporti-tra-criminalita-organizzata-e-contraffazione\/#breadcrumb","itemListElement":[{"@type":"ListItem","position":1,"name":"Home","item":"https:\/\/welaikaadv.site\/avviso\/"},{"@type":"ListItem","position":2,"name":"Attivit\u00e0 d&#8217;inchiesta nella XVII legislatura","item":"https:\/\/welaikaadv.site\/avviso\/home\/cosa-facciamo\/informare\/osservatorio-parlamentare\/attivita-dinchiesta\/attivita-dinchiesta-xvii\/"},{"@type":"ListItem","position":3,"name":"Commissione sulla contraffazione \u2013 XVII legislatura","item":"https:\/\/welaikaadv.site\/avviso\/home\/cosa-facciamo\/informare\/osservatorio-parlamentare\/attivita-dinchiesta\/attivita-dinchiesta-xvii\/commissione-sulla-contraffazione\/"},{"@type":"ListItem","position":4,"name":"Commissione sulla contraffazione: relazione finale sui rapporti tra criminalit\u00e0 organizzata e contraffazione"}]},{"@type":"WebSite","@id":"https:\/\/welaikaadv.site\/avviso\/#website","url":"https:\/\/welaikaadv.site\/avviso\/","name":"Staging Avviso Pubblico","description":"","publisher":{"@id":"https:\/\/welaikaadv.site\/avviso\/#organization"},"potentialAction":[{"@type":"SearchAction","target":{"@type":"EntryPoint","urlTemplate":"https:\/\/welaikaadv.site\/avviso\/?s={search_term_string}"},"query-input":{"@type":"PropertyValueSpecification","valueRequired":true,"valueName":"search_term_string"}}],"inLanguage":"it-IT"},{"@type":"Organization","@id":"https:\/\/welaikaadv.site\/avviso\/#organization","name":"Staging Avviso Pubblico","url":"https:\/\/welaikaadv.site\/avviso\/","logo":{"@type":"ImageObject","inLanguage":"it-IT","@id":"https:\/\/welaikaadv.site\/avviso\/#\/schema\/logo\/image\/","url":"https:\/\/welaikaadv.site\/avviso\/wp-content\/uploads\/2024\/08\/logoAPsito-400.png","contentUrl":"https:\/\/welaikaadv.site\/avviso\/wp-content\/uploads\/2024\/08\/logoAPsito-400.png","width":400,"height":97,"caption":"Staging Avviso Pubblico"},"image":{"@id":"https:\/\/welaikaadv.site\/avviso\/#\/schema\/logo\/image\/"}}]}},"_links":{"self":[{"href":"https:\/\/welaikaadv.site\/avviso\/wp-json\/wp\/v2\/pages\/23577","targetHints":{"allow":["GET"]}}],"collection":[{"href":"https:\/\/welaikaadv.site\/avviso\/wp-json\/wp\/v2\/pages"}],"about":[{"href":"https:\/\/welaikaadv.site\/avviso\/wp-json\/wp\/v2\/types\/page"}],"author":[{"embeddable":true,"href":"https:\/\/welaikaadv.site\/avviso\/wp-json\/wp\/v2\/users\/1"}],"replies":[{"embeddable":true,"href":"https:\/\/welaikaadv.site\/avviso\/wp-json\/wp\/v2\/comments?post=23577"}],"version-history":[{"count":0,"href":"https:\/\/welaikaadv.site\/avviso\/wp-json\/wp\/v2\/pages\/23577\/revisions"}],"up":[{"embeddable":true,"href":"https:\/\/welaikaadv.site\/avviso\/wp-json\/wp\/v2\/pages\/23482"}],"wp:attachment":[{"href":"https:\/\/welaikaadv.site\/avviso\/wp-json\/wp\/v2\/media?parent=23577"}],"curies":[{"name":"wp","href":"https:\/\/api.w.org\/{rel}","templated":true}]}}