{"id":23581,"date":"2017-11-23T08:20:09","date_gmt":"2017-11-23T07:20:09","guid":{"rendered":"http:\/\/www.avvisopubblico.it\/home\/?page_id=19767"},"modified":"2017-11-23T08:20:09","modified_gmt":"2017-11-23T07:20:09","slug":"anac-un-protocollo-dintesa-per-definire-e-quantificare-i-fattori-di-rischio-della-corruzione","status":"publish","type":"page","link":"https:\/\/welaikaadv.site\/avviso\/home\/cosa-facciamo\/informare\/documenti-tematici\/corruzione-appalti\/anac-un-protocollo-dintesa-per-definire-e-quantificare-i-fattori-di-rischio-della-corruzione\/","title":{"rendered":"ANAC: un protocollo d\u2019intesa per definire e quantificare i fattori di rischio della corruzione"},"content":{"rendered":"<p><strong>Premessa<\/strong>. Il 20 novembre 2017 \u00e8 stato stipulato un protocollo d\u2019intesa tra ANAC, Agenzia per la Coesione Territoriale e Dipartimento per le Politiche di Coesione della Presidenza del Consiglio dei Ministri, Istat ed i Ministeri dell\u2019Economia, dell\u2019Interno e della Giustizia. Finalit\u00e0 principale \u00e8 quella di individuare, quantificare e sperimentare degli indici di rischio che possano consentire la misurazione e il contrasto dei fenomeni corruttivi sulla base di quanto gi\u00e0 avviene a livello europeo.<\/p>\n<p>Si tratta di un protocollo \u201caperto\u201d, di durata triennale, al quale anche altre Amministrazioni pubbliche potranno aderirvi in un momento successivo e che si inserisce nell\u2019ambito del PON \u201cGovernance e Capacit\u00e0 Istituzionale 2014-2020\u201d.<\/p>\n<p><strong>Contenuti del protocollo<\/strong>. In particolare, il protocollo mira ad utilizzare una \u201cstrumentazione analitica\u201d (<em>vedi pag. 3<\/em>) volta a misurare tali fenomeni e tale misurazione avverr\u00e0 a livello territoriale e individualmente per ogni tipo di Amministrazione dello Stato cercando cos\u00ec di fornire cos\u00ec criterio e un metodo di individuazione che possa costituire riferimento per l\u2019Unione europea.<\/p>\n<p>Tale raccolta di dati consentir\u00e0 di analizzarli nel loro complesso e di metterli in relazione a quelli raccolti da ogni singola Amministrazione garantendo anche, in tal caso, il libero accesso alle informazioni raccolte ed elaborate mediante piattaforme telematiche.<\/p>\n<p>Tale protocollo \u00e8 \u201cstrutturato in tre Linee, a loro volta articolate in una o pi\u00f9 Attivit\u00e0\u201d (<em>vedi pag. 4<\/em>):<\/p>\n<ol>\n<li>costruzione, quantificazione e pubblicazione di un set di indicatori territoriali, settoriali e per livello di governo sul rischio di corruzione e sul contrasto della corruzione (attivit\u00e0 di analisi delle banche dati di ogni Amministrazione, elaborazione di dati in esse contenuti, loro validazione per ottenere gli indicatori da pubblicare; rilevazione, quantificazione e pubblicazione degli indici territoriali attinenti la prevenzione e il contrasto alla corruzione per ogni livello e grado di Amministrazione);<\/li>\n<li>metodologie di riferimento in ambito europeo per la misurazione del rischio di corruzione (creazione e sviluppo di una metodologia che possa essere adottata a livello europeo);<\/li>\n<li>trasparenza, partecipazione diffusa e monitoraggio civico.<\/li>\n<\/ol>\n<p>Nello specifico verranno realizzate delle banche dati nelle quali verranno fatte confluire le informazioni utili al calcolo degli indicatori il quale, insieme all\u2019elaborazione, verr\u00e0 effettuato con l\u2019apporto di ogni Autorit\u00e0 firmataria di tale protocollo.<\/p>\n<p>Inoltre, viene garantito l\u2019accesso a tali informazioni alle Amministrazioni che vi hanno aderito, le quali avranno anche il compito di aggiornare periodicamente quelle che sono di loro diretta elaborazione.<\/p>\n<p>Essenziale sar\u00e0 il continuo scambio di dati tra i soggetti coinvolti, le cui modalit\u00e0 verranno definite in fase attuativa e sempre nel rispetto di quanto disposto dal d.lgs. n. 196\/03 e dai provvedimenti del Garante per la protezione dei dati personali.<\/p>\n<p>&nbsp;<\/p>\n<p>(<em>A cura di: Avv. Stefano Maria Sisto \u2013 Cultore della materia in diritto amministrativo presso il Dipartimento di Giurisprudenza dell\u2019Universit\u00e0 degli Studi di Bari \u201cA.Moro<\/em>\u201d)<\/p>\n","protected":false},"excerpt":{"rendered":"<p>Premessa. Il 20 novembre 2017 \u00e8 stato stipulato un protocollo d\u2019intesa tra ANAC, Agenzia per la Coesione Territoriale e Dipartimento per le Politiche di Coesione&nbsp;<span class=\"hellipsis\">[&hellip;]<\/span><a class=\"more-link\" href=\"https:\/\/welaikaadv.site\/avviso\/home\/cosa-facciamo\/informare\/documenti-tematici\/corruzione-appalti\/anac-un-protocollo-dintesa-per-definire-e-quantificare-i-fattori-di-rischio-della-corruzione\/\">Leggi tutto <span class=\"screen-reader-text\">ANAC: un protocollo d\u2019intesa per definire e quantificare i fattori di rischio della corruzione<\/span> <span class=\"meta-nav\" aria-hidden=\"true\">&rarr;<\/span><\/a><\/p>\n","protected":false},"author":1,"featured_media":0,"parent":198,"menu_order":0,"comment_status":"closed","ping_status":"closed","template":"","meta":{"_acf_changed":false,"_exactmetrics_skip_tracking":false,"_exactmetrics_sitenote_active":false,"_exactmetrics_sitenote_note":"","_exactmetrics_sitenote_category":0,"wp_social_preview_title":"","wp_social_preview_description":"","wp_social_preview_image":0,"footnotes":""},"class_list":["post-23581","page","type-page","status-publish","hentry"],"acf":[],"yoast_head":"<!-- This site is optimized with the Yoast SEO plugin v27.2 - https:\/\/yoast.com\/product\/yoast-seo-wordpress\/ -->\n<title>ANAC: un protocollo d\u2019intesa per definire e quantificare i fattori di rischio della corruzione - Staging Avviso Pubblico<\/title>\n<meta name=\"robots\" content=\"noindex, follow, max-snippet:-1, max-image-preview:large, max-video-preview:-1\" \/>\n<meta property=\"og:locale\" content=\"it_IT\" \/>\n<meta property=\"og:type\" content=\"article\" \/>\n<meta property=\"og:title\" content=\"ANAC: un protocollo d\u2019intesa per definire e quantificare i fattori di rischio della corruzione - Staging Avviso Pubblico\" \/>\n<meta property=\"og:description\" content=\"Premessa. Il 20 novembre 2017 \u00e8 stato stipulato un protocollo d\u2019intesa tra ANAC, Agenzia per la Coesione Territoriale e Dipartimento per le Politiche di Coesione&nbsp;[&hellip;]Leggi tutto ANAC: un protocollo d\u2019intesa per definire e quantificare i fattori di rischio della corruzione &rarr;\" \/>\n<meta property=\"og:url\" content=\"https:\/\/welaikaadv.site\/avviso\/home\/cosa-facciamo\/informare\/documenti-tematici\/corruzione-appalti\/anac-un-protocollo-dintesa-per-definire-e-quantificare-i-fattori-di-rischio-della-corruzione\/\" \/>\n<meta property=\"og:site_name\" content=\"Staging Avviso Pubblico\" \/>\n<meta name=\"twitter:card\" content=\"summary_large_image\" \/>\n<meta name=\"twitter:label1\" content=\"Tempo di lettura stimato\" \/>\n\t<meta name=\"twitter:data1\" content=\"2 minuti\" \/>\n<script type=\"application\/ld+json\" class=\"yoast-schema-graph\">{\"@context\":\"https:\/\/schema.org\",\"@graph\":[{\"@type\":\"WebPage\",\"@id\":\"https:\/\/welaikaadv.site\/avviso\/home\/cosa-facciamo\/informare\/documenti-tematici\/corruzione-appalti\/anac-un-protocollo-dintesa-per-definire-e-quantificare-i-fattori-di-rischio-della-corruzione\/\",\"url\":\"https:\/\/welaikaadv.site\/avviso\/home\/cosa-facciamo\/informare\/documenti-tematici\/corruzione-appalti\/anac-un-protocollo-dintesa-per-definire-e-quantificare-i-fattori-di-rischio-della-corruzione\/\",\"name\":\"ANAC: un protocollo d\u2019intesa per definire e quantificare i fattori di rischio della corruzione - Staging Avviso Pubblico\",\"isPartOf\":{\"@id\":\"https:\/\/welaikaadv.site\/avviso\/#website\"},\"datePublished\":\"2017-11-23T07:20:09+00:00\",\"breadcrumb\":{\"@id\":\"https:\/\/welaikaadv.site\/avviso\/home\/cosa-facciamo\/informare\/documenti-tematici\/corruzione-appalti\/anac-un-protocollo-dintesa-per-definire-e-quantificare-i-fattori-di-rischio-della-corruzione\/#breadcrumb\"},\"inLanguage\":\"it-IT\",\"potentialAction\":[{\"@type\":\"ReadAction\",\"target\":[\"https:\/\/welaikaadv.site\/avviso\/home\/cosa-facciamo\/informare\/documenti-tematici\/corruzione-appalti\/anac-un-protocollo-dintesa-per-definire-e-quantificare-i-fattori-di-rischio-della-corruzione\/\"]}]},{\"@type\":\"BreadcrumbList\",\"@id\":\"https:\/\/welaikaadv.site\/avviso\/home\/cosa-facciamo\/informare\/documenti-tematici\/corruzione-appalti\/anac-un-protocollo-dintesa-per-definire-e-quantificare-i-fattori-di-rischio-della-corruzione\/#breadcrumb\",\"itemListElement\":[{\"@type\":\"ListItem\",\"position\":1,\"name\":\"Home\",\"item\":\"https:\/\/welaikaadv.site\/avviso\/\"},{\"@type\":\"ListItem\",\"position\":2,\"name\":\"ANAC: un protocollo d\u2019intesa per definire e quantificare i fattori di rischio della corruzione\"}]},{\"@type\":\"WebSite\",\"@id\":\"https:\/\/welaikaadv.site\/avviso\/#website\",\"url\":\"https:\/\/welaikaadv.site\/avviso\/\",\"name\":\"Staging Avviso Pubblico\",\"description\":\"\",\"publisher\":{\"@id\":\"https:\/\/welaikaadv.site\/avviso\/#organization\"},\"potentialAction\":[{\"@type\":\"SearchAction\",\"target\":{\"@type\":\"EntryPoint\",\"urlTemplate\":\"https:\/\/welaikaadv.site\/avviso\/?s={search_term_string}\"},\"query-input\":{\"@type\":\"PropertyValueSpecification\",\"valueRequired\":true,\"valueName\":\"search_term_string\"}}],\"inLanguage\":\"it-IT\"},{\"@type\":\"Organization\",\"@id\":\"https:\/\/welaikaadv.site\/avviso\/#organization\",\"name\":\"Staging Avviso Pubblico\",\"url\":\"https:\/\/welaikaadv.site\/avviso\/\",\"logo\":{\"@type\":\"ImageObject\",\"inLanguage\":\"it-IT\",\"@id\":\"https:\/\/welaikaadv.site\/avviso\/#\/schema\/logo\/image\/\",\"url\":\"https:\/\/welaikaadv.site\/avviso\/wp-content\/uploads\/2024\/08\/logoAPsito-400.png\",\"contentUrl\":\"https:\/\/welaikaadv.site\/avviso\/wp-content\/uploads\/2024\/08\/logoAPsito-400.png\",\"width\":400,\"height\":97,\"caption\":\"Staging Avviso Pubblico\"},\"image\":{\"@id\":\"https:\/\/welaikaadv.site\/avviso\/#\/schema\/logo\/image\/\"}}]}<\/script>\n<!-- \/ Yoast SEO plugin. -->","yoast_head_json":{"title":"ANAC: un protocollo d\u2019intesa per definire e quantificare i fattori di rischio della corruzione - Staging Avviso Pubblico","robots":{"index":"noindex","follow":"follow","max-snippet":"max-snippet:-1","max-image-preview":"max-image-preview:large","max-video-preview":"max-video-preview:-1"},"og_locale":"it_IT","og_type":"article","og_title":"ANAC: un protocollo d\u2019intesa per definire e quantificare i fattori di rischio della corruzione - Staging Avviso Pubblico","og_description":"Premessa. Il 20 novembre 2017 \u00e8 stato stipulato un protocollo d\u2019intesa tra ANAC, Agenzia per la Coesione Territoriale e Dipartimento per le Politiche di Coesione&nbsp;[&hellip;]Leggi tutto ANAC: un protocollo d\u2019intesa per definire e quantificare i fattori di rischio della corruzione &rarr;","og_url":"https:\/\/welaikaadv.site\/avviso\/home\/cosa-facciamo\/informare\/documenti-tematici\/corruzione-appalti\/anac-un-protocollo-dintesa-per-definire-e-quantificare-i-fattori-di-rischio-della-corruzione\/","og_site_name":"Staging Avviso Pubblico","twitter_card":"summary_large_image","twitter_misc":{"Tempo di lettura stimato":"2 minuti"},"schema":{"@context":"https:\/\/schema.org","@graph":[{"@type":"WebPage","@id":"https:\/\/welaikaadv.site\/avviso\/home\/cosa-facciamo\/informare\/documenti-tematici\/corruzione-appalti\/anac-un-protocollo-dintesa-per-definire-e-quantificare-i-fattori-di-rischio-della-corruzione\/","url":"https:\/\/welaikaadv.site\/avviso\/home\/cosa-facciamo\/informare\/documenti-tematici\/corruzione-appalti\/anac-un-protocollo-dintesa-per-definire-e-quantificare-i-fattori-di-rischio-della-corruzione\/","name":"ANAC: un protocollo d\u2019intesa per definire e quantificare i fattori di rischio della corruzione - Staging Avviso Pubblico","isPartOf":{"@id":"https:\/\/welaikaadv.site\/avviso\/#website"},"datePublished":"2017-11-23T07:20:09+00:00","breadcrumb":{"@id":"https:\/\/welaikaadv.site\/avviso\/home\/cosa-facciamo\/informare\/documenti-tematici\/corruzione-appalti\/anac-un-protocollo-dintesa-per-definire-e-quantificare-i-fattori-di-rischio-della-corruzione\/#breadcrumb"},"inLanguage":"it-IT","potentialAction":[{"@type":"ReadAction","target":["https:\/\/welaikaadv.site\/avviso\/home\/cosa-facciamo\/informare\/documenti-tematici\/corruzione-appalti\/anac-un-protocollo-dintesa-per-definire-e-quantificare-i-fattori-di-rischio-della-corruzione\/"]}]},{"@type":"BreadcrumbList","@id":"https:\/\/welaikaadv.site\/avviso\/home\/cosa-facciamo\/informare\/documenti-tematici\/corruzione-appalti\/anac-un-protocollo-dintesa-per-definire-e-quantificare-i-fattori-di-rischio-della-corruzione\/#breadcrumb","itemListElement":[{"@type":"ListItem","position":1,"name":"Home","item":"https:\/\/welaikaadv.site\/avviso\/"},{"@type":"ListItem","position":2,"name":"ANAC: un protocollo d\u2019intesa per definire e quantificare i fattori di rischio della corruzione"}]},{"@type":"WebSite","@id":"https:\/\/welaikaadv.site\/avviso\/#website","url":"https:\/\/welaikaadv.site\/avviso\/","name":"Staging Avviso Pubblico","description":"","publisher":{"@id":"https:\/\/welaikaadv.site\/avviso\/#organization"},"potentialAction":[{"@type":"SearchAction","target":{"@type":"EntryPoint","urlTemplate":"https:\/\/welaikaadv.site\/avviso\/?s={search_term_string}"},"query-input":{"@type":"PropertyValueSpecification","valueRequired":true,"valueName":"search_term_string"}}],"inLanguage":"it-IT"},{"@type":"Organization","@id":"https:\/\/welaikaadv.site\/avviso\/#organization","name":"Staging Avviso Pubblico","url":"https:\/\/welaikaadv.site\/avviso\/","logo":{"@type":"ImageObject","inLanguage":"it-IT","@id":"https:\/\/welaikaadv.site\/avviso\/#\/schema\/logo\/image\/","url":"https:\/\/welaikaadv.site\/avviso\/wp-content\/uploads\/2024\/08\/logoAPsito-400.png","contentUrl":"https:\/\/welaikaadv.site\/avviso\/wp-content\/uploads\/2024\/08\/logoAPsito-400.png","width":400,"height":97,"caption":"Staging Avviso Pubblico"},"image":{"@id":"https:\/\/welaikaadv.site\/avviso\/#\/schema\/logo\/image\/"}}]}},"_links":{"self":[{"href":"https:\/\/welaikaadv.site\/avviso\/wp-json\/wp\/v2\/pages\/23581","targetHints":{"allow":["GET"]}}],"collection":[{"href":"https:\/\/welaikaadv.site\/avviso\/wp-json\/wp\/v2\/pages"}],"about":[{"href":"https:\/\/welaikaadv.site\/avviso\/wp-json\/wp\/v2\/types\/page"}],"author":[{"embeddable":true,"href":"https:\/\/welaikaadv.site\/avviso\/wp-json\/wp\/v2\/users\/1"}],"replies":[{"embeddable":true,"href":"https:\/\/welaikaadv.site\/avviso\/wp-json\/wp\/v2\/comments?post=23581"}],"version-history":[{"count":0,"href":"https:\/\/welaikaadv.site\/avviso\/wp-json\/wp\/v2\/pages\/23581\/revisions"}],"up":[{"embeddable":true,"href":"https:\/\/welaikaadv.site\/avviso\/wp-json\/wp\/v2\/pages\/198"}],"wp:attachment":[{"href":"https:\/\/welaikaadv.site\/avviso\/wp-json\/wp\/v2\/media?parent=23581"}],"curies":[{"name":"wp","href":"https:\/\/api.w.org\/{rel}","templated":true}]}}