{"id":23588,"date":"2017-12-14T13:51:23","date_gmt":"2017-12-14T12:51:23","guid":{"rendered":"http:\/\/www.avvisopubblico.it\/osservatorio\/?page_id=7733"},"modified":"2017-12-14T13:51:23","modified_gmt":"2017-12-14T12:51:23","slug":"commissione-contraffazione-sintesi-della-relazione-sulla-contraffazione-nel-settore-farmaceutico","status":"publish","type":"page","link":"https:\/\/welaikaadv.site\/avviso\/home\/cosa-facciamo\/informare\/osservatorio-parlamentare\/attivita-dinchiesta\/attivita-dinchiesta-xvii\/commissione-sulla-contraffazione\/commissione-contraffazione-sintesi-della-relazione-sulla-contraffazione-nel-settore-farmaceutico\/","title":{"rendered":"Commissione contraffazione: sintesi della relazione sulla contraffazione nel settore farmaceutico"},"content":{"rendered":"<p><strong>Premessa<\/strong>. Il 6 dicembre 2017 la Commissione parlamentare di inchiesta sui fenomeni della contraffazione, della pirateria in campo commerciale e del commercio abusivo ha presentato alla Camera dei Deputati la Relazione sulla contraffazione nel settore farmaceutico (<a href=\"http:\/\/www.camera.it\/leg17\/491?idLegislatura=17&amp;categoria=022bis&amp;tipologiaDoc=documento&amp;numero=018&amp;doc=intero\"><strong>doc XXII bis, n. 18<\/strong><\/a>), frutto di numerose audizioni svolte nel corso della legislatura (<em>clicca <\/em><a href=\"https:\/\/welaikaadv.site\/avviso\/home\/cosa-facciamo\/informare\/osservatorio-parlamentare\/attivita-dinchiesta\/attivita-dinchiesta-xvii\/commissione-sulla-contraffazione\/commissione-contraffazione-sintesi-della-relazione-sulla-contraffazione-nel-settore-farmaceutico\/\"><strong><em>qui<\/em><\/strong><\/a>). Di seguito sono sintetizzate le conclusioni e proposte avanzate dalla Commissione.<\/p>\n<p><strong>La collaborazione tra Stati e tra le Amministrazioni interessate<\/strong>. Trattandosi di un fenomeno internazionale, il contrasto alla contraffazione richiede sempre pi\u00f9 il dispiegamento di sforzi congiunti tra i vari Paesi \u2013 a tal proposito il governo viene sollecitato a recepire la Convenzione <em>Mediacrime<\/em> del Consiglio d\u2019Europa &#8211; e forme di coordinamento tra i soggetti istituzionali nazionali impegnati nella lotta al fenomeno, per i profili di rispettiva competenza, in rapporto anche con il settore privato dell&#8217;industria e dei consumatori.<\/p>\n<p>Per ottenere tale scopo la Commissione ritiene necessario favorire una maggiore integrazione tra le diverse Amministrazioni coinvolte (AIFA, Agenzia delle Dogane, Forze di polizia, Istituto Superiore di sanit\u00e0, laboratori medici accreditati, Regioni) e un adeguato processo di formazione del personale addetto ai controlli in sede doganale.<\/p>\n<p><strong>Il contrasto alla contraffazione online<\/strong>. Il maggior punto di criticit\u00e0 \u00e8 il contrasto alla contraffazione dei farmaci online. Oltre alla formazione, si auspica una revisione della legislazione in materia e un rafforzamento dei meccanismi di distribuzione. Se il sistema di tracciabilit\u00e0 fondato sul bollino ottico \u00e8 estremamente efficace per garantire il mercato fisico dalla distribuzione di farmaci falsi, i controlli sono pi\u00f9 difficili sul mercato online.<\/p>\n<p><strong>La tracciabilit\u00e0 del farmaco: i sistemi<\/strong>. Tale sistema sar\u00e0 modificato per l&#8217;adozione della tracciabilit\u00e0 Data Matrix, deciso in sede comunitaria, recepito con decreto dal governo nel 2014 ma il cui regolamento entrer\u00e0 in vigore solo nel 2025 \u2013 come in Grecia e in Belgio &#8211; rispetto alla data prevista per gli altri Paesi UE, fissata al 2019. I Data Matrix garantiscono leggibilit\u00e0 per via informatica della data di scadenza, ma non risolvono tutti i problemi, a cominciare dalla fase di logistica, la meno facilmente tracciabile.<\/p>\n<p>\u201cAltri sistemi di tracciabilit\u00e0, quali il RFID, consentirebbero di ottenere tale risultato ma richiederebbero interventi infrastrutturali costosi, che l&#8217;Unione Europea ha ritenuto di non adottare\u201d &#8211; si evidenzia nella Relazione \u201cLa Commissione non pu\u00f2 non prendere atto che la soluzione tecnologica costituisce un vincolo derivante dalla normativa comunitaria, che ha deciso di non prevedere sistemi di tracciabilit\u00e0 a radiofrequenza che potrebbero consentire un controllo anche nella fase logistica della filiera del farmaco, per singola confezione, a seguito di lettura massiva in radiofrequenza delle informazioni contenute nel chip\u201d.<\/p>\n<p>Un problema su cui la Commissione richiama l&#8217;attenzione \u00e8 quello di non diminuire in Italia la gamma dei farmaci che oggi sono soggetti a tracciabilit\u00e0, \u201cstante il fatto che la normativa comunitaria limita invece il nuovo sistema di tracciabilit\u00e0 solo a farmaci cosiddetto <em>risk-based<\/em>. In audizione \u00e8 invece emerso come anche per i farmaci non soggetti a ricetta, gli integratori, i farmaci cosiddetto <em>lifestyle saving<\/em>, nonch\u00e9 i farmaci prodotti in Italia e non destinati al mercato interno, vi siano problemi di controllo della filiera\u201d.<\/p>\n<p>La Commissione evidenzia inoltre che la definizione dei farmaci illegali utilizzata dall\u2019Unione Europea \u2013 la falsificazione in luogo di quello di contraffazione \u2013 \u201cnon ha risolto del tutto il problema di una definizione condivisa in sede internazionale del concetto di contraffazione\u201d.<\/p>\n<p><strong>L\u2019indisponibilit\u00e0 di alcuni farmaci<\/strong>. Altro tema su cui si sollecita un intervento \u00e8 l\u2019autorizzazione concessa alle farmacie di distribuzione all\u2019ingrosso, giudicata negativamente da molti soggetti ascoltati in audizione. Infatti tale autorizzazione \u201cnon \u00e8 stata utilizzata solo per rifornire le altre farmacie, ampliando l&#8217;offerta e il servizio sul territorio, bens\u00ec per cedere medicinali a grossisti esportatori o per inviarli direttamente all&#8217;estero in considerazione del loro prezzo vantaggioso, determinando l&#8217;indisponibilit\u00e0 di medicinali sul mercato l&#8217;insorgere di fenomeni speculativi\u201d.<\/p>\n<p><strong>Informazione ai consumatori e adeguamento sanzioni penali<\/strong>. Fondamentale \u00e8 per la Commissione realizzare campagne informative nei confronti dei consumatori \u2013 in particolare giovani, i pi\u00f9 avvezzi all\u2019utilizzo del mezzo online &#8211; sui rischi connessi all\u2019acquisto di farmaci falsi su internet.<\/p>\n<p>Ultimo aspetto preso in considerazione \u00e8 l\u2019adeguamento delle sanzioni penali, valutando l\u2019introduzione di nuove fattispecie di reato relative ai fenomeni emersi negli ultimi anni, tenuto anche conto del carattere transnazionale del mercato della contraffazione.<\/p>\n<p>&nbsp;<\/p>\n<p><em>(a cura di <a href=\"mailto:claudio.forleo@avvisopubblico.it\"><strong>Claudio Forleo<\/strong><\/a>, giornalista)<\/em><\/p>\n","protected":false},"excerpt":{"rendered":"<p>Premessa. Il 6 dicembre 2017 la Commissione parlamentare di inchiesta sui fenomeni della contraffazione, della pirateria in campo commerciale e del commercio abusivo ha presentato&nbsp;<span class=\"hellipsis\">[&hellip;]<\/span><a class=\"more-link\" href=\"https:\/\/welaikaadv.site\/avviso\/home\/cosa-facciamo\/informare\/osservatorio-parlamentare\/attivita-dinchiesta\/attivita-dinchiesta-xvii\/commissione-sulla-contraffazione\/commissione-contraffazione-sintesi-della-relazione-sulla-contraffazione-nel-settore-farmaceutico\/\">Leggi tutto <span class=\"screen-reader-text\">Commissione contraffazione: sintesi della relazione sulla contraffazione nel settore farmaceutico<\/span> <span class=\"meta-nav\" aria-hidden=\"true\">&rarr;<\/span><\/a><\/p>\n","protected":false},"author":1,"featured_media":0,"parent":23482,"menu_order":0,"comment_status":"closed","ping_status":"closed","template":"","meta":{"_acf_changed":false,"_exactmetrics_skip_tracking":false,"_exactmetrics_sitenote_active":false,"_exactmetrics_sitenote_note":"","_exactmetrics_sitenote_category":0,"wp_social_preview_title":"","wp_social_preview_description":"","wp_social_preview_image":0,"footnotes":""},"class_list":["post-23588","page","type-page","status-publish","hentry"],"acf":[],"yoast_head":"<!-- This site is optimized with the Yoast SEO plugin v27.2 - https:\/\/yoast.com\/product\/yoast-seo-wordpress\/ -->\n<title>Commissione contraffazione: sintesi della relazione sulla contraffazione nel settore farmaceutico - Staging Avviso Pubblico<\/title>\n<meta name=\"robots\" content=\"noindex, follow, max-snippet:-1, max-image-preview:large, max-video-preview:-1\" \/>\n<meta property=\"og:locale\" content=\"it_IT\" \/>\n<meta property=\"og:type\" content=\"article\" \/>\n<meta property=\"og:title\" content=\"Commissione contraffazione: sintesi della relazione sulla contraffazione nel settore farmaceutico - Staging Avviso Pubblico\" \/>\n<meta property=\"og:description\" content=\"Premessa. Il 6 dicembre 2017 la Commissione parlamentare di inchiesta sui fenomeni della contraffazione, della pirateria in campo commerciale e del commercio abusivo ha presentato&nbsp;[&hellip;]Leggi tutto Commissione contraffazione: sintesi della relazione sulla contraffazione nel settore farmaceutico &rarr;\" \/>\n<meta property=\"og:url\" content=\"https:\/\/welaikaadv.site\/avviso\/home\/cosa-facciamo\/informare\/osservatorio-parlamentare\/attivita-dinchiesta\/attivita-dinchiesta-xvii\/commissione-sulla-contraffazione\/commissione-contraffazione-sintesi-della-relazione-sulla-contraffazione-nel-settore-farmaceutico\/\" \/>\n<meta property=\"og:site_name\" content=\"Staging Avviso Pubblico\" \/>\n<meta name=\"twitter:card\" content=\"summary_large_image\" \/>\n<meta name=\"twitter:label1\" content=\"Tempo di lettura stimato\" \/>\n\t<meta name=\"twitter:data1\" content=\"3 minuti\" \/>\n<script type=\"application\/ld+json\" class=\"yoast-schema-graph\">{\"@context\":\"https:\/\/schema.org\",\"@graph\":[{\"@type\":\"WebPage\",\"@id\":\"https:\/\/welaikaadv.site\/avviso\/home\/cosa-facciamo\/informare\/osservatorio-parlamentare\/attivita-dinchiesta\/attivita-dinchiesta-xvii\/commissione-sulla-contraffazione\/commissione-contraffazione-sintesi-della-relazione-sulla-contraffazione-nel-settore-farmaceutico\/\",\"url\":\"https:\/\/welaikaadv.site\/avviso\/home\/cosa-facciamo\/informare\/osservatorio-parlamentare\/attivita-dinchiesta\/attivita-dinchiesta-xvii\/commissione-sulla-contraffazione\/commissione-contraffazione-sintesi-della-relazione-sulla-contraffazione-nel-settore-farmaceutico\/\",\"name\":\"Commissione contraffazione: sintesi della relazione sulla contraffazione nel settore farmaceutico - Staging Avviso Pubblico\",\"isPartOf\":{\"@id\":\"https:\/\/welaikaadv.site\/avviso\/#website\"},\"datePublished\":\"2017-12-14T12:51:23+00:00\",\"breadcrumb\":{\"@id\":\"https:\/\/welaikaadv.site\/avviso\/home\/cosa-facciamo\/informare\/osservatorio-parlamentare\/attivita-dinchiesta\/attivita-dinchiesta-xvii\/commissione-sulla-contraffazione\/commissione-contraffazione-sintesi-della-relazione-sulla-contraffazione-nel-settore-farmaceutico\/#breadcrumb\"},\"inLanguage\":\"it-IT\",\"potentialAction\":[{\"@type\":\"ReadAction\",\"target\":[\"https:\/\/welaikaadv.site\/avviso\/home\/cosa-facciamo\/informare\/osservatorio-parlamentare\/attivita-dinchiesta\/attivita-dinchiesta-xvii\/commissione-sulla-contraffazione\/commissione-contraffazione-sintesi-della-relazione-sulla-contraffazione-nel-settore-farmaceutico\/\"]}]},{\"@type\":\"BreadcrumbList\",\"@id\":\"https:\/\/welaikaadv.site\/avviso\/home\/cosa-facciamo\/informare\/osservatorio-parlamentare\/attivita-dinchiesta\/attivita-dinchiesta-xvii\/commissione-sulla-contraffazione\/commissione-contraffazione-sintesi-della-relazione-sulla-contraffazione-nel-settore-farmaceutico\/#breadcrumb\",\"itemListElement\":[{\"@type\":\"ListItem\",\"position\":1,\"name\":\"Home\",\"item\":\"https:\/\/welaikaadv.site\/avviso\/\"},{\"@type\":\"ListItem\",\"position\":2,\"name\":\"Attivit\u00e0 d&#8217;inchiesta nella XVII legislatura\",\"item\":\"https:\/\/welaikaadv.site\/avviso\/home\/cosa-facciamo\/informare\/osservatorio-parlamentare\/attivita-dinchiesta\/attivita-dinchiesta-xvii\/\"},{\"@type\":\"ListItem\",\"position\":3,\"name\":\"Commissione sulla contraffazione \u2013 XVII legislatura\",\"item\":\"https:\/\/welaikaadv.site\/avviso\/home\/cosa-facciamo\/informare\/osservatorio-parlamentare\/attivita-dinchiesta\/attivita-dinchiesta-xvii\/commissione-sulla-contraffazione\/\"},{\"@type\":\"ListItem\",\"position\":4,\"name\":\"Commissione contraffazione: sintesi della relazione sulla contraffazione nel settore farmaceutico\"}]},{\"@type\":\"WebSite\",\"@id\":\"https:\/\/welaikaadv.site\/avviso\/#website\",\"url\":\"https:\/\/welaikaadv.site\/avviso\/\",\"name\":\"Staging Avviso Pubblico\",\"description\":\"\",\"publisher\":{\"@id\":\"https:\/\/welaikaadv.site\/avviso\/#organization\"},\"potentialAction\":[{\"@type\":\"SearchAction\",\"target\":{\"@type\":\"EntryPoint\",\"urlTemplate\":\"https:\/\/welaikaadv.site\/avviso\/?s={search_term_string}\"},\"query-input\":{\"@type\":\"PropertyValueSpecification\",\"valueRequired\":true,\"valueName\":\"search_term_string\"}}],\"inLanguage\":\"it-IT\"},{\"@type\":\"Organization\",\"@id\":\"https:\/\/welaikaadv.site\/avviso\/#organization\",\"name\":\"Staging Avviso Pubblico\",\"url\":\"https:\/\/welaikaadv.site\/avviso\/\",\"logo\":{\"@type\":\"ImageObject\",\"inLanguage\":\"it-IT\",\"@id\":\"https:\/\/welaikaadv.site\/avviso\/#\/schema\/logo\/image\/\",\"url\":\"https:\/\/welaikaadv.site\/avviso\/wp-content\/uploads\/2024\/08\/logoAPsito-400.png\",\"contentUrl\":\"https:\/\/welaikaadv.site\/avviso\/wp-content\/uploads\/2024\/08\/logoAPsito-400.png\",\"width\":400,\"height\":97,\"caption\":\"Staging Avviso Pubblico\"},\"image\":{\"@id\":\"https:\/\/welaikaadv.site\/avviso\/#\/schema\/logo\/image\/\"}}]}<\/script>\n<!-- \/ Yoast SEO plugin. -->","yoast_head_json":{"title":"Commissione contraffazione: sintesi della relazione sulla contraffazione nel settore farmaceutico - Staging Avviso Pubblico","robots":{"index":"noindex","follow":"follow","max-snippet":"max-snippet:-1","max-image-preview":"max-image-preview:large","max-video-preview":"max-video-preview:-1"},"og_locale":"it_IT","og_type":"article","og_title":"Commissione contraffazione: sintesi della relazione sulla contraffazione nel settore farmaceutico - Staging Avviso Pubblico","og_description":"Premessa. Il 6 dicembre 2017 la Commissione parlamentare di inchiesta sui fenomeni della contraffazione, della pirateria in campo commerciale e del commercio abusivo ha presentato&nbsp;[&hellip;]Leggi tutto Commissione contraffazione: sintesi della relazione sulla contraffazione nel settore farmaceutico &rarr;","og_url":"https:\/\/welaikaadv.site\/avviso\/home\/cosa-facciamo\/informare\/osservatorio-parlamentare\/attivita-dinchiesta\/attivita-dinchiesta-xvii\/commissione-sulla-contraffazione\/commissione-contraffazione-sintesi-della-relazione-sulla-contraffazione-nel-settore-farmaceutico\/","og_site_name":"Staging Avviso Pubblico","twitter_card":"summary_large_image","twitter_misc":{"Tempo di lettura stimato":"3 minuti"},"schema":{"@context":"https:\/\/schema.org","@graph":[{"@type":"WebPage","@id":"https:\/\/welaikaadv.site\/avviso\/home\/cosa-facciamo\/informare\/osservatorio-parlamentare\/attivita-dinchiesta\/attivita-dinchiesta-xvii\/commissione-sulla-contraffazione\/commissione-contraffazione-sintesi-della-relazione-sulla-contraffazione-nel-settore-farmaceutico\/","url":"https:\/\/welaikaadv.site\/avviso\/home\/cosa-facciamo\/informare\/osservatorio-parlamentare\/attivita-dinchiesta\/attivita-dinchiesta-xvii\/commissione-sulla-contraffazione\/commissione-contraffazione-sintesi-della-relazione-sulla-contraffazione-nel-settore-farmaceutico\/","name":"Commissione contraffazione: sintesi della relazione sulla contraffazione nel settore farmaceutico - Staging Avviso Pubblico","isPartOf":{"@id":"https:\/\/welaikaadv.site\/avviso\/#website"},"datePublished":"2017-12-14T12:51:23+00:00","breadcrumb":{"@id":"https:\/\/welaikaadv.site\/avviso\/home\/cosa-facciamo\/informare\/osservatorio-parlamentare\/attivita-dinchiesta\/attivita-dinchiesta-xvii\/commissione-sulla-contraffazione\/commissione-contraffazione-sintesi-della-relazione-sulla-contraffazione-nel-settore-farmaceutico\/#breadcrumb"},"inLanguage":"it-IT","potentialAction":[{"@type":"ReadAction","target":["https:\/\/welaikaadv.site\/avviso\/home\/cosa-facciamo\/informare\/osservatorio-parlamentare\/attivita-dinchiesta\/attivita-dinchiesta-xvii\/commissione-sulla-contraffazione\/commissione-contraffazione-sintesi-della-relazione-sulla-contraffazione-nel-settore-farmaceutico\/"]}]},{"@type":"BreadcrumbList","@id":"https:\/\/welaikaadv.site\/avviso\/home\/cosa-facciamo\/informare\/osservatorio-parlamentare\/attivita-dinchiesta\/attivita-dinchiesta-xvii\/commissione-sulla-contraffazione\/commissione-contraffazione-sintesi-della-relazione-sulla-contraffazione-nel-settore-farmaceutico\/#breadcrumb","itemListElement":[{"@type":"ListItem","position":1,"name":"Home","item":"https:\/\/welaikaadv.site\/avviso\/"},{"@type":"ListItem","position":2,"name":"Attivit\u00e0 d&#8217;inchiesta nella XVII legislatura","item":"https:\/\/welaikaadv.site\/avviso\/home\/cosa-facciamo\/informare\/osservatorio-parlamentare\/attivita-dinchiesta\/attivita-dinchiesta-xvii\/"},{"@type":"ListItem","position":3,"name":"Commissione sulla contraffazione \u2013 XVII legislatura","item":"https:\/\/welaikaadv.site\/avviso\/home\/cosa-facciamo\/informare\/osservatorio-parlamentare\/attivita-dinchiesta\/attivita-dinchiesta-xvii\/commissione-sulla-contraffazione\/"},{"@type":"ListItem","position":4,"name":"Commissione contraffazione: sintesi della relazione sulla contraffazione nel settore farmaceutico"}]},{"@type":"WebSite","@id":"https:\/\/welaikaadv.site\/avviso\/#website","url":"https:\/\/welaikaadv.site\/avviso\/","name":"Staging Avviso Pubblico","description":"","publisher":{"@id":"https:\/\/welaikaadv.site\/avviso\/#organization"},"potentialAction":[{"@type":"SearchAction","target":{"@type":"EntryPoint","urlTemplate":"https:\/\/welaikaadv.site\/avviso\/?s={search_term_string}"},"query-input":{"@type":"PropertyValueSpecification","valueRequired":true,"valueName":"search_term_string"}}],"inLanguage":"it-IT"},{"@type":"Organization","@id":"https:\/\/welaikaadv.site\/avviso\/#organization","name":"Staging Avviso Pubblico","url":"https:\/\/welaikaadv.site\/avviso\/","logo":{"@type":"ImageObject","inLanguage":"it-IT","@id":"https:\/\/welaikaadv.site\/avviso\/#\/schema\/logo\/image\/","url":"https:\/\/welaikaadv.site\/avviso\/wp-content\/uploads\/2024\/08\/logoAPsito-400.png","contentUrl":"https:\/\/welaikaadv.site\/avviso\/wp-content\/uploads\/2024\/08\/logoAPsito-400.png","width":400,"height":97,"caption":"Staging Avviso Pubblico"},"image":{"@id":"https:\/\/welaikaadv.site\/avviso\/#\/schema\/logo\/image\/"}}]}},"_links":{"self":[{"href":"https:\/\/welaikaadv.site\/avviso\/wp-json\/wp\/v2\/pages\/23588","targetHints":{"allow":["GET"]}}],"collection":[{"href":"https:\/\/welaikaadv.site\/avviso\/wp-json\/wp\/v2\/pages"}],"about":[{"href":"https:\/\/welaikaadv.site\/avviso\/wp-json\/wp\/v2\/types\/page"}],"author":[{"embeddable":true,"href":"https:\/\/welaikaadv.site\/avviso\/wp-json\/wp\/v2\/users\/1"}],"replies":[{"embeddable":true,"href":"https:\/\/welaikaadv.site\/avviso\/wp-json\/wp\/v2\/comments?post=23588"}],"version-history":[{"count":0,"href":"https:\/\/welaikaadv.site\/avviso\/wp-json\/wp\/v2\/pages\/23588\/revisions"}],"up":[{"embeddable":true,"href":"https:\/\/welaikaadv.site\/avviso\/wp-json\/wp\/v2\/pages\/23482"}],"wp:attachment":[{"href":"https:\/\/welaikaadv.site\/avviso\/wp-json\/wp\/v2\/media?parent=23588"}],"curies":[{"name":"wp","href":"https:\/\/api.w.org\/{rel}","templated":true}]}}