{"id":23589,"date":"2018-09-19T17:00:00","date_gmt":"2018-09-19T15:00:00","guid":{"rendered":"http:\/\/www.avvisopubblico.it\/osservatorio\/?page_id=7743"},"modified":"2018-09-19T17:00:00","modified_gmt":"2018-09-19T15:00:00","slug":"legge-n-179-del-2017-disposizioni-per-la-protezione-degli-autori-di-segnalazioni-di-reati-o-irregolarita","status":"publish","type":"page","link":"https:\/\/welaikaadv.site\/avviso\/home\/cosa-facciamo\/informare\/osservatorio-parlamentare\/attivita-legislativa\/leggi-approvate\/legge-n-179-del-2017-disposizioni-per-la-protezione-degli-autori-di-segnalazioni-di-reati-o-irregolarita\/","title":{"rendered":"Legge n. 179 del 2017 Disposizioni per la protezione degli autori di segnalazioni di reati o irregolarit\u00e0"},"content":{"rendered":"<p><strong>Premessa<\/strong>. La <a href=\"http:\/\/www.normattiva.it\/uri-res\/N2Ls?urn:nir:stato:legge:2017;179\"><strong>legge n. 179 del 30 novembre 2017<\/strong><\/a> <em>Disposizioni per la tutela degli autori di segnalazioni di reati o irregolarit\u00e0 di cui siano venuti a conoscenza nell&#8217;ambito di un rapporto di lavoro pubblico o privato<\/em> \u00e8 volta ad ampliare il ricorso alle segnalazioni di illeciti e gravi irregolarit\u00e0 sul luogo di lavoro, quale strumento di contrasto della corruzione. A tale scopo si assicura una maggiore protezione del dipendente, sia pubblico che privato, da possibili discriminazioni, prevedendo anche una disciplina volta a limitare, con diverse modalit\u00e0, la pubblicizzazione dell\u2019identit\u00e0 del segnalante.<\/p>\n<p><strong>Contenuti del provvedimento<\/strong>. Pi\u00f9 in particolare, con riferimento al <strong>settore pubblico<\/strong> (art. 1), si amplia l\u2019ambito di applicazione della normativa rispetto a quanto attualmente previsto dall\u2019art. 54-bis del <a href=\"http:\/\/www.normattiva.it\/uri-res\/N2Ls?urn:nir:stato:decreto.legislativo:2001;165\"><strong>decreto legislativo n. 165 del 2001<\/strong><\/a> (testo unico sul pubblico impiego). Il personale &#8211; incluso anche quello delle aziende che hanno ricevuto appalti dalla P.A. &#8211; che denuncia condotte illecite di cui sia venuto a conoscenza in ragione del suo rapporto di lavoro (<em>il Senato ha soppresso l\u2019inciso relativo alla \u201cforma circostanziata\u201d della denuncia<\/em>) non pu\u00f2 essere \u2013 a causa di tale segnalazione &#8211; soggetto a sanzioni, licenziato o sottoposto a misure ritorsive che abbiano effetto sulle condizioni di lavoro; ci\u00f2 non vale per segnalazioni che diano luogo a calunnia o diffamazione ovvero ad accertamento della responsabilit\u00e0 civile e nei casi di dolo o colpa grave: se emergesse la mancanza di buona fede, il segnalante sarebbe passibile anche di licenziamento senza preavviso.<\/p>\n<p>Eventuali misure discriminatorie saranno valutate dall\u2019Anac e dagli altri organismi di garanzia per l\u2019adozione delle relative sanzioni (la cui entit\u00e0 \u00e8 stata aumentata dal Senato) o di altri provvedimenti.<\/p>\n<p>Il nuovo testo non prevede la possibilit\u00e0 di segnalazioni in forma anonima, limitandosi a dettare un\u2019articolata disciplina per limitare o ritardare la rivelazione dell&#8217;identit\u00e0 del segnalante nell\u2019ambito dei diversi procedimenti (penale, contabile, disciplinare). L&#8217;Anac curer\u00e0 la predisposizione di linee guida per garantire la riservatezza delle segnalazioni nelle diverse fasi. Sono previste sanzioni da parte dell\u2019Anac per l\u2019applicazione non corretta delle procedure.<\/p>\n<p>La norma precisa che \u00e8 a carico del datore di lavoro pubblico dimostrare che le misure discriminatorie o ritorsive siano motivate da ragioni estranee alla segnalazione stessa. Gli atti discriminatori o ritorsivi adottati dal datore di lavoro pubblico sono nulli e il segnalante ha diritto, se licenziato, a essere reintegrato nel posto di lavoro e al risarcimento per gli eventuali danni secondo la disciplina dettata dal D.Lgs. n. 23 del 2015.<\/p>\n<p>Per quanto riguarda l\u2019incentivazione, il testo non prevede la possibilit\u00e0 di riconoscere al dipendente &#8220;forme di premialit\u00e0, anche in relazione alla valutazione della professionalit\u00e0\u201d da definirsi in sede contrattuale (come invece indicato dal testo inizialmente proposto dalle Commissioni della Camera).<\/p>\n<p>Con riferimento al <strong>settore privato<\/strong> (articolo 2) si modifica il <a href=\"http:\/\/www.normattiva.it\/uri-res\/N2Ls?urn:nir:stato:decreto.legislativo:2001;231\"><strong>decreto legislativo n. 231\/2001<\/strong><\/a>, sulla responsabilit\u00e0 amministrativa delle persone giuridiche ed associazioni, prevedendo modelli di organizzazione e di gestione idonei a prevenire illeciti, con l\u2019obbligo di prevedere canali riservati di presentazione, da parte dei vertici degli enti o di soggetti da loro vigilati (o di coloro che collaborano con l&#8217;ente), di circostanziate segnalazioni in buona fede, fondate su elementi di fatto precisi e concordanti, di illeciti o violazioni del modello di organizzazione e gestione dell&#8217;ente. Sono dettate disposizioni specifiche sul divieto di atti di ritorsione o discriminatori (come il licenziamento oppure il mutamento di mansioni, con denunce all\u2019ispettorato del lavoro) e sulla tutela di terzi in caso di calunnia o diffamazione.<\/p>\n<p>Il provvedimento contiene una norma specifica che disciplina la rilevazione di notizie coperte da segreto d\u2019ufficio e professionale nel caso di segnalazioni volte a eliminare l\u2019illecito.<\/p>\n<p>Alla Camera sono stati altres\u00ec accolti come raccomandazione due ordini del giorno: il primo (9\/3365-A\/1), riguardante l\u2019istituzione di un Fondo di solidariet\u00e0 per i segnalanti vittime di discriminazioni o ritorsioni, in conseguenza di una segnalazione che si riveli fondata (vedi anche l\u2019analogo ordine del giorno al Senato G 1.200); il secondo (9\/3365-A\/3) sul potenziamento delle strutture dell\u2019Anac con riferimento ai nuovi compiti assegnati dal provvedimento in esame.<\/p>\n<p><span class=\"s1\">Il 5 settembre 2018, il Presidente dell\u2019Autorit\u00e0 Nazionale Anticorruzione, Raffaele Cantone, ha diramato un <a href=\"http:\/\/www.anticorruzione.it\/portal\/rest\/jcr\/repository\/collaboration\/Digital%20Assets\/anacdocs\/Attivita\/Atti\/ComunicatiPresidente\/2018\/Comunicato_Presidente_5_settembre_2018.pdf\"><span class=\"s2\"><b>comunicato<\/b><\/span><\/a>\u00a0(<strong><a href=\"https:\/\/welaikaadv.site\/avviso\/home\/cosa-facciamo\/informare\/documenti-tematici\/corruzione\/misure-organizzative-disposte-dallautorita-anticorruzione\/\">scheda di sintesi<\/a><\/strong>) contenente <b>\u201cindicazioni per la miglior gestione delle segnalazioni di illeciti o irregolarit\u00e0 effettuate dai dipendenti pubblici nell\u2019interesse dell\u2019integrit\u00e0 della pubblica amministrazione, ai sensi dell\u2019art. 54-<i>bis<\/i>, del decreto legislativo 30 marzo 2001, n. 165 (c.d. <i>whistleblowers<\/i>)\u201d<\/b><\/span><span class=\"s1\">.<\/span><\/p>\n<p>&nbsp;<\/p>\n<p><em>Per ulteriori notizie sull\u2019iter del provvedimento, sulle audizioni svolte in Parlamento e sui dossier di documentazione disponibili, leggi questa <\/em><a href=\"\/home\/home\/cosa-facciamo\/informare\/osservatorio-parlamentare\/attivita-legislativa\/progetti-di-legge-in-discussione\/disposizioni-per-la-protezione-degli-autori-di-segnalazioni-di-reati-o-irregolarita-nellinteresse-pubblico-ac-1751\/\"><strong><em>scheda<\/em><\/strong><\/a><em>. Per i Rapporti annuali dell&#8217;Anac clicca <strong><a href=\"https:\/\/welaikaadv.site\/avviso\/home\/cosa-facciamo\/informare\/documenti-tematici\/corruzione\/whistleblowing-sintesi-del-terzo-rapporto-dellautorita-anticorruzione\/\">qui<\/a><\/strong>, <strong><a href=\"http:\/\/www.anticorruzione.it\/portal\/rest\/jcr\/repository\/collaboration\/Digital%20Assets\/anacdocs\/Comunicazione\/News\/2017\/WB.Rapporto.2017.pdf\">qui<\/a> <\/strong>e <strong><a href=\"https:\/\/welaikaadv.site\/avviso\/home\/cosa-facciamo\/informare\/documenti-tematici\/corruzione\/rapporto-dellautorita-anticorruzione-sul-whistleblowing\/\">qua<\/a><\/strong><\/em><\/p>\n","protected":false},"excerpt":{"rendered":"<p>Premessa. La legge n. 179 del 30 novembre 2017 Disposizioni per la tutela degli autori di segnalazioni di reati o irregolarit\u00e0 di cui siano venuti&nbsp;<span class=\"hellipsis\">[&hellip;]<\/span><a class=\"more-link\" href=\"https:\/\/welaikaadv.site\/avviso\/home\/cosa-facciamo\/informare\/osservatorio-parlamentare\/attivita-legislativa\/leggi-approvate\/legge-n-179-del-2017-disposizioni-per-la-protezione-degli-autori-di-segnalazioni-di-reati-o-irregolarita\/\">Leggi tutto <span class=\"screen-reader-text\">Legge n. 179 del 2017 Disposizioni per la protezione degli autori di segnalazioni di reati o irregolarit\u00e0<\/span> <span class=\"meta-nav\" aria-hidden=\"true\">&rarr;<\/span><\/a><\/p>\n","protected":false},"author":1,"featured_media":0,"parent":2575,"menu_order":0,"comment_status":"closed","ping_status":"closed","template":"","meta":{"_acf_changed":false,"_exactmetrics_skip_tracking":false,"_exactmetrics_sitenote_active":false,"_exactmetrics_sitenote_note":"","_exactmetrics_sitenote_category":0,"wp_social_preview_title":"","wp_social_preview_description":"","wp_social_preview_image":0,"footnotes":""},"class_list":["post-23589","page","type-page","status-publish","hentry"],"acf":[],"yoast_head":"<!-- This site is optimized with the Yoast SEO plugin v27.2 - https:\/\/yoast.com\/product\/yoast-seo-wordpress\/ -->\n<title>Legge n. 179 del 2017 Disposizioni per la protezione degli autori di segnalazioni di reati o irregolarit\u00e0 - Staging Avviso Pubblico<\/title>\n<meta name=\"robots\" content=\"noindex, follow, max-snippet:-1, max-image-preview:large, max-video-preview:-1\" \/>\n<meta property=\"og:locale\" content=\"it_IT\" \/>\n<meta property=\"og:type\" content=\"article\" \/>\n<meta property=\"og:title\" content=\"Legge n. 179 del 2017 Disposizioni per la protezione degli autori di segnalazioni di reati o irregolarit\u00e0 - Staging Avviso Pubblico\" \/>\n<meta property=\"og:description\" content=\"Premessa. La legge n. 179 del 30 novembre 2017 Disposizioni per la tutela degli autori di segnalazioni di reati o irregolarit\u00e0 di cui siano venuti&nbsp;[&hellip;]Leggi tutto Legge n. 179 del 2017 Disposizioni per la protezione degli autori di segnalazioni di reati o irregolarit\u00e0 &rarr;\" \/>\n<meta property=\"og:url\" content=\"https:\/\/welaikaadv.site\/avviso\/home\/cosa-facciamo\/informare\/osservatorio-parlamentare\/attivita-legislativa\/leggi-approvate\/legge-n-179-del-2017-disposizioni-per-la-protezione-degli-autori-di-segnalazioni-di-reati-o-irregolarita\/\" \/>\n<meta property=\"og:site_name\" content=\"Staging Avviso Pubblico\" \/>\n<meta name=\"twitter:card\" content=\"summary_large_image\" \/>\n<meta name=\"twitter:label1\" content=\"Tempo di lettura stimato\" \/>\n\t<meta name=\"twitter:data1\" content=\"4 minuti\" \/>\n<script type=\"application\/ld+json\" class=\"yoast-schema-graph\">{\"@context\":\"https:\/\/schema.org\",\"@graph\":[{\"@type\":\"WebPage\",\"@id\":\"https:\/\/welaikaadv.site\/avviso\/home\/cosa-facciamo\/informare\/osservatorio-parlamentare\/attivita-legislativa\/leggi-approvate\/legge-n-179-del-2017-disposizioni-per-la-protezione-degli-autori-di-segnalazioni-di-reati-o-irregolarita\/\",\"url\":\"https:\/\/welaikaadv.site\/avviso\/home\/cosa-facciamo\/informare\/osservatorio-parlamentare\/attivita-legislativa\/leggi-approvate\/legge-n-179-del-2017-disposizioni-per-la-protezione-degli-autori-di-segnalazioni-di-reati-o-irregolarita\/\",\"name\":\"Legge n. 179 del 2017 Disposizioni per la protezione degli autori di segnalazioni di reati o irregolarit\u00e0 - Staging Avviso Pubblico\",\"isPartOf\":{\"@id\":\"https:\/\/welaikaadv.site\/avviso\/#website\"},\"datePublished\":\"2018-09-19T15:00:00+00:00\",\"breadcrumb\":{\"@id\":\"https:\/\/welaikaadv.site\/avviso\/home\/cosa-facciamo\/informare\/osservatorio-parlamentare\/attivita-legislativa\/leggi-approvate\/legge-n-179-del-2017-disposizioni-per-la-protezione-degli-autori-di-segnalazioni-di-reati-o-irregolarita\/#breadcrumb\"},\"inLanguage\":\"it-IT\",\"potentialAction\":[{\"@type\":\"ReadAction\",\"target\":[\"https:\/\/welaikaadv.site\/avviso\/home\/cosa-facciamo\/informare\/osservatorio-parlamentare\/attivita-legislativa\/leggi-approvate\/legge-n-179-del-2017-disposizioni-per-la-protezione-degli-autori-di-segnalazioni-di-reati-o-irregolarita\/\"]}]},{\"@type\":\"BreadcrumbList\",\"@id\":\"https:\/\/welaikaadv.site\/avviso\/home\/cosa-facciamo\/informare\/osservatorio-parlamentare\/attivita-legislativa\/leggi-approvate\/legge-n-179-del-2017-disposizioni-per-la-protezione-degli-autori-di-segnalazioni-di-reati-o-irregolarita\/#breadcrumb\",\"itemListElement\":[{\"@type\":\"ListItem\",\"position\":1,\"name\":\"Home\",\"item\":\"https:\/\/welaikaadv.site\/avviso\/\"},{\"@type\":\"ListItem\",\"position\":2,\"name\":\"Legge n. 179 del 2017 Disposizioni per la protezione degli autori di segnalazioni di reati o irregolarit\u00e0\"}]},{\"@type\":\"WebSite\",\"@id\":\"https:\/\/welaikaadv.site\/avviso\/#website\",\"url\":\"https:\/\/welaikaadv.site\/avviso\/\",\"name\":\"Staging Avviso Pubblico\",\"description\":\"\",\"publisher\":{\"@id\":\"https:\/\/welaikaadv.site\/avviso\/#organization\"},\"potentialAction\":[{\"@type\":\"SearchAction\",\"target\":{\"@type\":\"EntryPoint\",\"urlTemplate\":\"https:\/\/welaikaadv.site\/avviso\/?s={search_term_string}\"},\"query-input\":{\"@type\":\"PropertyValueSpecification\",\"valueRequired\":true,\"valueName\":\"search_term_string\"}}],\"inLanguage\":\"it-IT\"},{\"@type\":\"Organization\",\"@id\":\"https:\/\/welaikaadv.site\/avviso\/#organization\",\"name\":\"Staging Avviso Pubblico\",\"url\":\"https:\/\/welaikaadv.site\/avviso\/\",\"logo\":{\"@type\":\"ImageObject\",\"inLanguage\":\"it-IT\",\"@id\":\"https:\/\/welaikaadv.site\/avviso\/#\/schema\/logo\/image\/\",\"url\":\"https:\/\/welaikaadv.site\/avviso\/wp-content\/uploads\/2024\/08\/logoAPsito-400.png\",\"contentUrl\":\"https:\/\/welaikaadv.site\/avviso\/wp-content\/uploads\/2024\/08\/logoAPsito-400.png\",\"width\":400,\"height\":97,\"caption\":\"Staging Avviso Pubblico\"},\"image\":{\"@id\":\"https:\/\/welaikaadv.site\/avviso\/#\/schema\/logo\/image\/\"}}]}<\/script>\n<!-- \/ Yoast SEO plugin. -->","yoast_head_json":{"title":"Legge n. 179 del 2017 Disposizioni per la protezione degli autori di segnalazioni di reati o irregolarit\u00e0 - Staging Avviso Pubblico","robots":{"index":"noindex","follow":"follow","max-snippet":"max-snippet:-1","max-image-preview":"max-image-preview:large","max-video-preview":"max-video-preview:-1"},"og_locale":"it_IT","og_type":"article","og_title":"Legge n. 179 del 2017 Disposizioni per la protezione degli autori di segnalazioni di reati o irregolarit\u00e0 - Staging Avviso Pubblico","og_description":"Premessa. La legge n. 179 del 30 novembre 2017 Disposizioni per la tutela degli autori di segnalazioni di reati o irregolarit\u00e0 di cui siano venuti&nbsp;[&hellip;]Leggi tutto Legge n. 179 del 2017 Disposizioni per la protezione degli autori di segnalazioni di reati o irregolarit\u00e0 &rarr;","og_url":"https:\/\/welaikaadv.site\/avviso\/home\/cosa-facciamo\/informare\/osservatorio-parlamentare\/attivita-legislativa\/leggi-approvate\/legge-n-179-del-2017-disposizioni-per-la-protezione-degli-autori-di-segnalazioni-di-reati-o-irregolarita\/","og_site_name":"Staging Avviso Pubblico","twitter_card":"summary_large_image","twitter_misc":{"Tempo di lettura stimato":"4 minuti"},"schema":{"@context":"https:\/\/schema.org","@graph":[{"@type":"WebPage","@id":"https:\/\/welaikaadv.site\/avviso\/home\/cosa-facciamo\/informare\/osservatorio-parlamentare\/attivita-legislativa\/leggi-approvate\/legge-n-179-del-2017-disposizioni-per-la-protezione-degli-autori-di-segnalazioni-di-reati-o-irregolarita\/","url":"https:\/\/welaikaadv.site\/avviso\/home\/cosa-facciamo\/informare\/osservatorio-parlamentare\/attivita-legislativa\/leggi-approvate\/legge-n-179-del-2017-disposizioni-per-la-protezione-degli-autori-di-segnalazioni-di-reati-o-irregolarita\/","name":"Legge n. 179 del 2017 Disposizioni per la protezione degli autori di segnalazioni di reati o irregolarit\u00e0 - Staging Avviso Pubblico","isPartOf":{"@id":"https:\/\/welaikaadv.site\/avviso\/#website"},"datePublished":"2018-09-19T15:00:00+00:00","breadcrumb":{"@id":"https:\/\/welaikaadv.site\/avviso\/home\/cosa-facciamo\/informare\/osservatorio-parlamentare\/attivita-legislativa\/leggi-approvate\/legge-n-179-del-2017-disposizioni-per-la-protezione-degli-autori-di-segnalazioni-di-reati-o-irregolarita\/#breadcrumb"},"inLanguage":"it-IT","potentialAction":[{"@type":"ReadAction","target":["https:\/\/welaikaadv.site\/avviso\/home\/cosa-facciamo\/informare\/osservatorio-parlamentare\/attivita-legislativa\/leggi-approvate\/legge-n-179-del-2017-disposizioni-per-la-protezione-degli-autori-di-segnalazioni-di-reati-o-irregolarita\/"]}]},{"@type":"BreadcrumbList","@id":"https:\/\/welaikaadv.site\/avviso\/home\/cosa-facciamo\/informare\/osservatorio-parlamentare\/attivita-legislativa\/leggi-approvate\/legge-n-179-del-2017-disposizioni-per-la-protezione-degli-autori-di-segnalazioni-di-reati-o-irregolarita\/#breadcrumb","itemListElement":[{"@type":"ListItem","position":1,"name":"Home","item":"https:\/\/welaikaadv.site\/avviso\/"},{"@type":"ListItem","position":2,"name":"Legge n. 179 del 2017 Disposizioni per la protezione degli autori di segnalazioni di reati o irregolarit\u00e0"}]},{"@type":"WebSite","@id":"https:\/\/welaikaadv.site\/avviso\/#website","url":"https:\/\/welaikaadv.site\/avviso\/","name":"Staging Avviso Pubblico","description":"","publisher":{"@id":"https:\/\/welaikaadv.site\/avviso\/#organization"},"potentialAction":[{"@type":"SearchAction","target":{"@type":"EntryPoint","urlTemplate":"https:\/\/welaikaadv.site\/avviso\/?s={search_term_string}"},"query-input":{"@type":"PropertyValueSpecification","valueRequired":true,"valueName":"search_term_string"}}],"inLanguage":"it-IT"},{"@type":"Organization","@id":"https:\/\/welaikaadv.site\/avviso\/#organization","name":"Staging Avviso Pubblico","url":"https:\/\/welaikaadv.site\/avviso\/","logo":{"@type":"ImageObject","inLanguage":"it-IT","@id":"https:\/\/welaikaadv.site\/avviso\/#\/schema\/logo\/image\/","url":"https:\/\/welaikaadv.site\/avviso\/wp-content\/uploads\/2024\/08\/logoAPsito-400.png","contentUrl":"https:\/\/welaikaadv.site\/avviso\/wp-content\/uploads\/2024\/08\/logoAPsito-400.png","width":400,"height":97,"caption":"Staging Avviso Pubblico"},"image":{"@id":"https:\/\/welaikaadv.site\/avviso\/#\/schema\/logo\/image\/"}}]}},"_links":{"self":[{"href":"https:\/\/welaikaadv.site\/avviso\/wp-json\/wp\/v2\/pages\/23589","targetHints":{"allow":["GET"]}}],"collection":[{"href":"https:\/\/welaikaadv.site\/avviso\/wp-json\/wp\/v2\/pages"}],"about":[{"href":"https:\/\/welaikaadv.site\/avviso\/wp-json\/wp\/v2\/types\/page"}],"author":[{"embeddable":true,"href":"https:\/\/welaikaadv.site\/avviso\/wp-json\/wp\/v2\/users\/1"}],"replies":[{"embeddable":true,"href":"https:\/\/welaikaadv.site\/avviso\/wp-json\/wp\/v2\/comments?post=23589"}],"version-history":[{"count":0,"href":"https:\/\/welaikaadv.site\/avviso\/wp-json\/wp\/v2\/pages\/23589\/revisions"}],"up":[{"embeddable":true,"href":"https:\/\/welaikaadv.site\/avviso\/wp-json\/wp\/v2\/pages\/2575"}],"wp:attachment":[{"href":"https:\/\/welaikaadv.site\/avviso\/wp-json\/wp\/v2\/media?parent=23589"}],"curies":[{"name":"wp","href":"https:\/\/api.w.org\/{rel}","templated":true}]}}