{"id":23590,"date":"2017-12-21T10:20:40","date_gmt":"2017-12-21T09:20:40","guid":{"rendered":"http:\/\/www.avvisopubblico.it\/osservatorio\/?page_id=7801"},"modified":"2017-12-21T10:20:40","modified_gmt":"2017-12-21T09:20:40","slug":"commissione-antimafia-relazione-finale-sui-rapporti-tra-mafie-e-calcio","status":"publish","type":"page","link":"https:\/\/welaikaadv.site\/avviso\/home\/cosa-facciamo\/informare\/osservatorio-parlamentare\/attivita-dinchiesta\/attivita-dinchiesta-xvii\/commissione-bicamerale-antimafia\/commissione-antimafia-relazione-finale-sui-rapporti-tra-mafie-e-calcio\/","title":{"rendered":"Commissione Antimafia: relazione finale sui rapporti tra mafie e calcio"},"content":{"rendered":"<p><strong>Premessa<\/strong>. La Commissione di inchiesta antimafia, al termine di un <a href=\"https:\/\/welaikaadv.site\/avviso\/home\/cosa-facciamo\/informare\/osservatorio-parlamentare\/attivita-dinchiesta\/attivita-dinchiesta-xvii\/commissione-bicamerale-antimafia\/commissione-antimafia-indagine-sulle-infiltrazioni-della-criminalita-organizzata-nei-club-calcistici-professionistici\/\"><strong>ampio ciclo di audizioni in Commissione plenaria<\/strong><\/a> e delle audizioni e missioni svolte dal Comitato Mafie e manifestazioni sportive, nonh\u00e8 sulla base della documentazione sulle inchieste giudiziarie che hanno visto a vario titolo coinvolti calciatori o esponenti delle societ\u00e0 calcistiche, ha approvato il <a href=\"http:\/\/www.camera.it\/leg17\/824?tipo=C&amp;anno=2017&amp;mese=12&amp;giorno=14&amp;view=&amp;commissione=24&amp;pagina=#data.20171214.com24.bollettino.sede00020.tit00010\"><strong>14 dicembre 2017<\/strong><\/a> la relazione finale su mafia e calcio (<a href=\"http:\/\/www.camera.it\/leg17\/491?idLegislatura=17&amp;categoria=023&amp;tipologiaDoc=documento&amp;numero=031&amp;doc=intero\"><strong>Doc. n. XXIII, n. 31<\/strong><\/a>), di cui qui sono sintetizzate le conclusioni.<\/p>\n<p><strong>I rapporti tra mafie e tifo organizzato<\/strong>. La Relazione evidenzia le strette relazioni tra criminalit\u00e0 organizzata, criminalit\u00e0 comune e frange violente del tifo organizzato, all\u2019interno del quale vi \u00e8 una percentuale molto elevata di soggetti con precedenti penali, anche gravi. Il documento ripercorre le vicende che hanno riguardato importanti club calcistici di serie A e B (Juventus, Napoli, , Catania, Genoa, Lazio, Latina) sottolineando che in alcuni casi i gruppi del tipo organizzato sono diretti o controllati da gruppi criminali (talora i capi ultras sono persone appartenenti alle cosche mafiose) o agiscono con metodi in larga misura ad essi assimilabili, esercitando varie forme di ricatto e pressione nei confronti delle societ\u00e0 sportive, nei cui confronti si pongono anche come \u201cgaranti\u201d dell\u2019ordine pubblico all\u2019interno degli stadi.<\/p>\n<p>Proprio sul piano della gestione dell\u2019ordine pubblico sono stati compiuti negli ultimi anni significativi progressi, grazie alle misure legislative di prevenzione e all\u2019ammodernamento dei sistemi di controllo all\u2019interno di alcuni stadi. D\u2019altro lato, continuano a registrarsi forme di vero e proprio \u201ccontrollo del territorio\u201d da parte del tifo organizzato, di \u201czone franche\u201d nelle curve: l\u2019occupazione degli spazi e la determinazione dei criteri di assegnazione dei posti \u201ccon modalit\u00e0 che riproducono il metodo mafioso\u201d appare funzionale ad attivit\u00e0 illecite quali lo spaccio di droga, il <em>merchandising<\/em>, in aggiunta alla vendita a prezzi maggiorati di biglietti e abbonamenti per le partite, attivit\u00e0 che garantiscono ricavi molto consistenti.<\/p>\n<p>Proprio sulla base dell\u2019esperienza concreta appare necessario che le societ\u00e0 sportive acquistino la piena consapevolezza della volont\u00e0 della criminalit\u00e0 organizzata di assicurare la loro presenza negli stadi e si dotino di strumenti adeguati per l\u2019individuazione dei possibili interlocutori nell\u2019ambito delle proprie tifoserie con cui instaurare un dialogo e rapporti di collaborazione.<\/p>\n<p><strong>L\u2019interesse della criminalit\u00e0 organizzata per le societ\u00e0 sportive<\/strong>. Come rilevato dal Gruppo di azione finanziaria internazionale (Gafi), il mondo del calcio \u00e8 fortemente a rischio di ingerenze della delinquenza comune e organizzata in quanto, da un lato, offre opportunit\u00e0 di riciclare denaro sporco \u2013 facendo leva sui bisogni di natura finanziaria delle societ\u00e0 sportive &#8211; e, dall\u2019altro, consente di conseguire consenso sociale all\u2019interno delle tifoserie delle squadre di calcio. L\u2019infiltrazione delle organizzazioni criminali \u00e8 favorita dall\u2019assenza di controlli adeguati, sia in Italia che negli altri Paesi, sulla provenienza dei capitali dei soggetti che vogliono acquisire il controllo delle societ\u00e0: gli organismi di vigilanza, infatti, svolgono soprattutto un\u2019attivit\u00e0 di verifica dell\u2019equilibrio finanziario e della corretta gestione ma non mirano a conoscere l\u2019identit\u00e0 degli effettivi proprietari delle societ\u00e0 di calcio. Proprio le vicende relative a numerose societ\u00e0 &#8211; sia professionistiche che dilettantistiche &#8211; impongono una revisione della disciplina vigente, a partire dalla normativa antiriciclaggio, al fine di assicurare la massima trasparenza nei processi di acquisizione delle quote societarie.<\/p>\n<p><strong>Le relazioni tra mafie e giocatori e il match fixing<\/strong>. La relazione esamina alcuni casi significativi di relazioni \u201cambigue\u201d tra giocatori e appartenenti alla criminalit\u00e0 organizzata motivati, da un lato, dalla volont\u00e0 di accreditarsi a livello nell\u2019opinione pubblica e per i rapporti con il mondo imprenditoriale, amministrativo e politico locale; e, dall\u2019altro, dagli interessi legati all\u2019alterazione dei risultati delle partite per i quali si registra un collegamento tra episodi di corruzione e scommesse sportive. A quest\u2019ultimo riguardo importanti inchieste della magistratura, come quelle portate avanti dalle procure di Cremona, Catanzaro, Napoli e Catania, hanno evidenziato la rilevanza del fenomeno della corruzione di atleti, disponibili a favorire la manipolazione degli incontri calcistici. Per contrastare tale fenomeno \u00e8 stata istituita in Italia l\u2019Unit\u00e0<\/p>\n<p>interforze scommesse sportive (UISS) finalizzata ad individuare anomalie nel flusso delle giocate, ma la Commissione sottolinea la necessit\u00e0 di una forte collaborazione tra gli Stati: a tal fine un utile strumento \u00e8 rappresentato dalla Convenzione di Macolin del Consiglio d\u2019Europa del 2014 sulla manipolazione delle competizioni sportive.<\/p>\n<p><strong>Le problematiche specifiche delle societ\u00e0 dilettantistiche<\/strong>. Le societ\u00e0 sportive dilettantistiche sono le pi\u00f9 vulnerabili, in quanto la criminalit\u00e0 organizzata pu\u00f2 offrirsi come leva finanziaria alternativa ai normali circuiti bancari, come testimoniato dalle inchieste della direzione distrettuale antimafia di Napoli e Reggio Calabria e da numerose altre indagini della magistratura.<\/p>\n<p><strong>Le proposte della Commissione<\/strong>. Il capitolo conclusivo contiene una serie dettagliata di proposte che possono essere cos\u00ec sinteticamente riassunte:<\/p>\n<ul>\n<li>adeguamento degli impianti sportivi per garantire, tramite tecnologie avanzate, la formazione degli steward e il fermo temporaneo dei tifosi, il pieno controllo all\u2019interno degli stadi e l\u2019identificazione degli spettatori, introducendo anche il reato di bagarinaggio;<\/li>\n<li>rafforzamento del Daspo, prevedendo l\u2019obbligo di presentazione presso gli uffici di pubblica sicurezza nel corso delle manifestazioni sportive;<\/li>\n<li>revisione della disciplina sulla responsabilit\u00e0 oggettiva delle societ\u00e0 di calcio per fatti attribuibili alle proprie tifoserie in relazione al contributo fattivo delle societ\u00e0 stesse nelle attivit\u00e0 di prevenzione e di identificazione dei soggetti responsabili di illeciti;<\/li>\n<li>rafforzamento dei controlli \u2013 sia a livello internazionale sia da parte del Coni e delle federazioni &#8211; su tutte le transazioni finanziarie per assicurare il rispetto della normativa antiriciclaggio e la trasparenza delle operazioni finanziarie legate all\u2019acquisizione del controllo delle societ\u00e0 sportive, anche per quote inferiori al 10 per cento; reintroduzione del controllo preventivo dei capitali esteri di cui alla legge n. 232 del 2016;<\/li>\n<li>inasprimento delle sanzioni della giustizia sportiva con riguardo al match fixing e alle collusioni con la criminalit\u00e0 organizzata di tipo mafioso; rafforzamento del monitoraggio sulle scommesse illegali su siti non autorizzati o su siti stranieri; limitazione dei fatti sportivi su cui scommettere, vietando altres\u00ec ogni forma di scommessa per quanto concerne il calcio dilettantistico;<\/li>\n<li>sollecita adesione alla Convenzione di Macolin del Consiglio d\u2019Europa del 18 settembre 2014 sulla manipolazione delle competizioni sportive<\/li>\n<li>revisione della disciplina fiscale sulle scommesse<\/li>\n<\/ul>\n","protected":false},"excerpt":{"rendered":"<p>Premessa. La Commissione di inchiesta antimafia, al termine di un ampio ciclo di audizioni in Commissione plenaria e delle audizioni e missioni svolte dal Comitato&nbsp;<span class=\"hellipsis\">[&hellip;]<\/span><a class=\"more-link\" href=\"https:\/\/welaikaadv.site\/avviso\/home\/cosa-facciamo\/informare\/osservatorio-parlamentare\/attivita-dinchiesta\/attivita-dinchiesta-xvii\/commissione-bicamerale-antimafia\/commissione-antimafia-relazione-finale-sui-rapporti-tra-mafie-e-calcio\/\">Leggi tutto <span class=\"screen-reader-text\">Commissione Antimafia: relazione finale sui rapporti tra mafie e calcio<\/span> <span class=\"meta-nav\" aria-hidden=\"true\">&rarr;<\/span><\/a><\/p>\n","protected":false},"author":1,"featured_media":0,"parent":2662,"menu_order":0,"comment_status":"closed","ping_status":"closed","template":"","meta":{"_acf_changed":false,"_exactmetrics_skip_tracking":false,"_exactmetrics_sitenote_active":false,"_exactmetrics_sitenote_note":"","_exactmetrics_sitenote_category":0,"wp_social_preview_title":"","wp_social_preview_description":"","wp_social_preview_image":0,"footnotes":""},"class_list":["post-23590","page","type-page","status-publish","hentry"],"acf":[],"yoast_head":"<!-- This site is optimized with the Yoast SEO plugin v27.2 - https:\/\/yoast.com\/product\/yoast-seo-wordpress\/ -->\n<title>Commissione Antimafia: relazione finale sui rapporti tra mafie e calcio - Staging Avviso Pubblico<\/title>\n<meta name=\"robots\" content=\"noindex, follow, max-snippet:-1, max-image-preview:large, max-video-preview:-1\" \/>\n<meta property=\"og:locale\" content=\"it_IT\" \/>\n<meta property=\"og:type\" content=\"article\" \/>\n<meta property=\"og:title\" content=\"Commissione Antimafia: relazione finale sui rapporti tra mafie e calcio - Staging Avviso Pubblico\" \/>\n<meta property=\"og:description\" content=\"Premessa. La Commissione di inchiesta antimafia, al termine di un ampio ciclo di audizioni in Commissione plenaria e delle audizioni e missioni svolte dal Comitato&nbsp;[&hellip;]Leggi tutto Commissione Antimafia: relazione finale sui rapporti tra mafie e calcio &rarr;\" \/>\n<meta property=\"og:url\" content=\"https:\/\/welaikaadv.site\/avviso\/home\/cosa-facciamo\/informare\/osservatorio-parlamentare\/attivita-dinchiesta\/attivita-dinchiesta-xvii\/commissione-bicamerale-antimafia\/commissione-antimafia-relazione-finale-sui-rapporti-tra-mafie-e-calcio\/\" \/>\n<meta property=\"og:site_name\" content=\"Staging Avviso Pubblico\" \/>\n<meta name=\"twitter:card\" content=\"summary_large_image\" \/>\n<meta name=\"twitter:label1\" content=\"Tempo di lettura stimato\" \/>\n\t<meta name=\"twitter:data1\" content=\"5 minuti\" \/>\n<script type=\"application\/ld+json\" class=\"yoast-schema-graph\">{\"@context\":\"https:\/\/schema.org\",\"@graph\":[{\"@type\":\"WebPage\",\"@id\":\"https:\/\/welaikaadv.site\/avviso\/home\/cosa-facciamo\/informare\/osservatorio-parlamentare\/attivita-dinchiesta\/attivita-dinchiesta-xvii\/commissione-bicamerale-antimafia\/commissione-antimafia-relazione-finale-sui-rapporti-tra-mafie-e-calcio\/\",\"url\":\"https:\/\/welaikaadv.site\/avviso\/home\/cosa-facciamo\/informare\/osservatorio-parlamentare\/attivita-dinchiesta\/attivita-dinchiesta-xvii\/commissione-bicamerale-antimafia\/commissione-antimafia-relazione-finale-sui-rapporti-tra-mafie-e-calcio\/\",\"name\":\"Commissione Antimafia: relazione finale sui rapporti tra mafie e calcio - Staging Avviso Pubblico\",\"isPartOf\":{\"@id\":\"https:\/\/welaikaadv.site\/avviso\/#website\"},\"datePublished\":\"2017-12-21T09:20:40+00:00\",\"breadcrumb\":{\"@id\":\"https:\/\/welaikaadv.site\/avviso\/home\/cosa-facciamo\/informare\/osservatorio-parlamentare\/attivita-dinchiesta\/attivita-dinchiesta-xvii\/commissione-bicamerale-antimafia\/commissione-antimafia-relazione-finale-sui-rapporti-tra-mafie-e-calcio\/#breadcrumb\"},\"inLanguage\":\"it-IT\",\"potentialAction\":[{\"@type\":\"ReadAction\",\"target\":[\"https:\/\/welaikaadv.site\/avviso\/home\/cosa-facciamo\/informare\/osservatorio-parlamentare\/attivita-dinchiesta\/attivita-dinchiesta-xvii\/commissione-bicamerale-antimafia\/commissione-antimafia-relazione-finale-sui-rapporti-tra-mafie-e-calcio\/\"]}]},{\"@type\":\"BreadcrumbList\",\"@id\":\"https:\/\/welaikaadv.site\/avviso\/home\/cosa-facciamo\/informare\/osservatorio-parlamentare\/attivita-dinchiesta\/attivita-dinchiesta-xvii\/commissione-bicamerale-antimafia\/commissione-antimafia-relazione-finale-sui-rapporti-tra-mafie-e-calcio\/#breadcrumb\",\"itemListElement\":[{\"@type\":\"ListItem\",\"position\":1,\"name\":\"Home\",\"item\":\"https:\/\/welaikaadv.site\/avviso\/\"},{\"@type\":\"ListItem\",\"position\":2,\"name\":\"Commissione Antimafia: relazione finale sui rapporti tra mafie e calcio\"}]},{\"@type\":\"WebSite\",\"@id\":\"https:\/\/welaikaadv.site\/avviso\/#website\",\"url\":\"https:\/\/welaikaadv.site\/avviso\/\",\"name\":\"Staging Avviso Pubblico\",\"description\":\"\",\"publisher\":{\"@id\":\"https:\/\/welaikaadv.site\/avviso\/#organization\"},\"potentialAction\":[{\"@type\":\"SearchAction\",\"target\":{\"@type\":\"EntryPoint\",\"urlTemplate\":\"https:\/\/welaikaadv.site\/avviso\/?s={search_term_string}\"},\"query-input\":{\"@type\":\"PropertyValueSpecification\",\"valueRequired\":true,\"valueName\":\"search_term_string\"}}],\"inLanguage\":\"it-IT\"},{\"@type\":\"Organization\",\"@id\":\"https:\/\/welaikaadv.site\/avviso\/#organization\",\"name\":\"Staging Avviso Pubblico\",\"url\":\"https:\/\/welaikaadv.site\/avviso\/\",\"logo\":{\"@type\":\"ImageObject\",\"inLanguage\":\"it-IT\",\"@id\":\"https:\/\/welaikaadv.site\/avviso\/#\/schema\/logo\/image\/\",\"url\":\"https:\/\/welaikaadv.site\/avviso\/wp-content\/uploads\/2024\/08\/logoAPsito-400.png\",\"contentUrl\":\"https:\/\/welaikaadv.site\/avviso\/wp-content\/uploads\/2024\/08\/logoAPsito-400.png\",\"width\":400,\"height\":97,\"caption\":\"Staging Avviso Pubblico\"},\"image\":{\"@id\":\"https:\/\/welaikaadv.site\/avviso\/#\/schema\/logo\/image\/\"}}]}<\/script>\n<!-- \/ Yoast SEO plugin. -->","yoast_head_json":{"title":"Commissione Antimafia: relazione finale sui rapporti tra mafie e calcio - Staging Avviso Pubblico","robots":{"index":"noindex","follow":"follow","max-snippet":"max-snippet:-1","max-image-preview":"max-image-preview:large","max-video-preview":"max-video-preview:-1"},"og_locale":"it_IT","og_type":"article","og_title":"Commissione Antimafia: relazione finale sui rapporti tra mafie e calcio - Staging Avviso Pubblico","og_description":"Premessa. La Commissione di inchiesta antimafia, al termine di un ampio ciclo di audizioni in Commissione plenaria e delle audizioni e missioni svolte dal Comitato&nbsp;[&hellip;]Leggi tutto Commissione Antimafia: relazione finale sui rapporti tra mafie e calcio &rarr;","og_url":"https:\/\/welaikaadv.site\/avviso\/home\/cosa-facciamo\/informare\/osservatorio-parlamentare\/attivita-dinchiesta\/attivita-dinchiesta-xvii\/commissione-bicamerale-antimafia\/commissione-antimafia-relazione-finale-sui-rapporti-tra-mafie-e-calcio\/","og_site_name":"Staging Avviso Pubblico","twitter_card":"summary_large_image","twitter_misc":{"Tempo di lettura stimato":"5 minuti"},"schema":{"@context":"https:\/\/schema.org","@graph":[{"@type":"WebPage","@id":"https:\/\/welaikaadv.site\/avviso\/home\/cosa-facciamo\/informare\/osservatorio-parlamentare\/attivita-dinchiesta\/attivita-dinchiesta-xvii\/commissione-bicamerale-antimafia\/commissione-antimafia-relazione-finale-sui-rapporti-tra-mafie-e-calcio\/","url":"https:\/\/welaikaadv.site\/avviso\/home\/cosa-facciamo\/informare\/osservatorio-parlamentare\/attivita-dinchiesta\/attivita-dinchiesta-xvii\/commissione-bicamerale-antimafia\/commissione-antimafia-relazione-finale-sui-rapporti-tra-mafie-e-calcio\/","name":"Commissione Antimafia: relazione finale sui rapporti tra mafie e calcio - Staging Avviso Pubblico","isPartOf":{"@id":"https:\/\/welaikaadv.site\/avviso\/#website"},"datePublished":"2017-12-21T09:20:40+00:00","breadcrumb":{"@id":"https:\/\/welaikaadv.site\/avviso\/home\/cosa-facciamo\/informare\/osservatorio-parlamentare\/attivita-dinchiesta\/attivita-dinchiesta-xvii\/commissione-bicamerale-antimafia\/commissione-antimafia-relazione-finale-sui-rapporti-tra-mafie-e-calcio\/#breadcrumb"},"inLanguage":"it-IT","potentialAction":[{"@type":"ReadAction","target":["https:\/\/welaikaadv.site\/avviso\/home\/cosa-facciamo\/informare\/osservatorio-parlamentare\/attivita-dinchiesta\/attivita-dinchiesta-xvii\/commissione-bicamerale-antimafia\/commissione-antimafia-relazione-finale-sui-rapporti-tra-mafie-e-calcio\/"]}]},{"@type":"BreadcrumbList","@id":"https:\/\/welaikaadv.site\/avviso\/home\/cosa-facciamo\/informare\/osservatorio-parlamentare\/attivita-dinchiesta\/attivita-dinchiesta-xvii\/commissione-bicamerale-antimafia\/commissione-antimafia-relazione-finale-sui-rapporti-tra-mafie-e-calcio\/#breadcrumb","itemListElement":[{"@type":"ListItem","position":1,"name":"Home","item":"https:\/\/welaikaadv.site\/avviso\/"},{"@type":"ListItem","position":2,"name":"Commissione Antimafia: relazione finale sui rapporti tra mafie e calcio"}]},{"@type":"WebSite","@id":"https:\/\/welaikaadv.site\/avviso\/#website","url":"https:\/\/welaikaadv.site\/avviso\/","name":"Staging Avviso Pubblico","description":"","publisher":{"@id":"https:\/\/welaikaadv.site\/avviso\/#organization"},"potentialAction":[{"@type":"SearchAction","target":{"@type":"EntryPoint","urlTemplate":"https:\/\/welaikaadv.site\/avviso\/?s={search_term_string}"},"query-input":{"@type":"PropertyValueSpecification","valueRequired":true,"valueName":"search_term_string"}}],"inLanguage":"it-IT"},{"@type":"Organization","@id":"https:\/\/welaikaadv.site\/avviso\/#organization","name":"Staging Avviso Pubblico","url":"https:\/\/welaikaadv.site\/avviso\/","logo":{"@type":"ImageObject","inLanguage":"it-IT","@id":"https:\/\/welaikaadv.site\/avviso\/#\/schema\/logo\/image\/","url":"https:\/\/welaikaadv.site\/avviso\/wp-content\/uploads\/2024\/08\/logoAPsito-400.png","contentUrl":"https:\/\/welaikaadv.site\/avviso\/wp-content\/uploads\/2024\/08\/logoAPsito-400.png","width":400,"height":97,"caption":"Staging Avviso Pubblico"},"image":{"@id":"https:\/\/welaikaadv.site\/avviso\/#\/schema\/logo\/image\/"}}]}},"_links":{"self":[{"href":"https:\/\/welaikaadv.site\/avviso\/wp-json\/wp\/v2\/pages\/23590","targetHints":{"allow":["GET"]}}],"collection":[{"href":"https:\/\/welaikaadv.site\/avviso\/wp-json\/wp\/v2\/pages"}],"about":[{"href":"https:\/\/welaikaadv.site\/avviso\/wp-json\/wp\/v2\/types\/page"}],"author":[{"embeddable":true,"href":"https:\/\/welaikaadv.site\/avviso\/wp-json\/wp\/v2\/users\/1"}],"replies":[{"embeddable":true,"href":"https:\/\/welaikaadv.site\/avviso\/wp-json\/wp\/v2\/comments?post=23590"}],"version-history":[{"count":0,"href":"https:\/\/welaikaadv.site\/avviso\/wp-json\/wp\/v2\/pages\/23590\/revisions"}],"up":[{"embeddable":true,"href":"https:\/\/welaikaadv.site\/avviso\/wp-json\/wp\/v2\/pages\/2662"}],"wp:attachment":[{"href":"https:\/\/welaikaadv.site\/avviso\/wp-json\/wp\/v2\/media?parent=23590"}],"curies":[{"name":"wp","href":"https:\/\/api.w.org\/{rel}","templated":true}]}}