{"id":23597,"date":"2018-03-02T11:31:24","date_gmt":"2018-03-02T10:31:24","guid":{"rendered":"http:\/\/www.avvisopubblico.it\/home\/?page_id=19590"},"modified":"2018-03-02T11:31:24","modified_gmt":"2018-03-02T10:31:24","slug":"regione-lazio-gli-organismi-contrasto-della-criminalita-organizzata","status":"publish","type":"page","link":"https:\/\/welaikaadv.site\/avviso\/home\/cosa-facciamo\/informare\/documenti-tematici\/mafie\/organismi-regionali-locali-materia-contrasto-della-criminalita-organizzata-la-legalita\/regione-lazio-gli-organismi-contrasto-della-criminalita-organizzata\/","title":{"rendered":"Regione Lazio: gli organismi per il contrasto della criminalit\u00e0 organizzata"},"content":{"rendered":"<h4>1. Osservatorio per la legalit\u00e0 e la sicurezza<\/h4>\n<p>Con la <a href=\"http:\/\/www.consiglio.regione.lazio.it\/consiglio-regionale\/?vw=leggiregionalidettaglio&amp;id=9018&amp;sv=vigente\"><strong>legge regionale 5 luglio 2001, n. 15<\/strong><\/a> (<em>\u201cPromozione di interventi volti a favorire un sistema integrato di sicurezza, la cultura della legalit\u00e0, della lotta alla corruzione e della cittadinanza responsabile nell\u2019ambito del territorio regionale\u201d<\/em>) viene anche istituito, presso la Presidenza della Giunta regionale del Lazio, l\u2019<a href=\"http:\/\/www.regione.lazio.it\/rl_osservatorio_legalita_sicurezza\/\"><strong>Osservatorio tecnico-scientifico per la sicurezza, la legalit\u00e0 e la lotta alla corruzione<\/strong><\/a>.<\/p>\n<p>Tale organismo svolge funzioni di supporto nell\u2019ambito della programmazione e valutazione degli interventi regionali per la sicurezza, la legalit\u00e0 e la lotta alla corruzione. In tali campi di intervento, inoltre, svolge un ruolo di concertazione tra le istituzioni e le parti sociali rappresentative delle categorie di settore (art. 8, 1\u00b0 comma).<\/p>\n<p>L\u2019Osservatorio, in particolare, ha il compito di predisporre, con cadenza annuale, una mappa del territorio regionale che individui le zone maggiormente esposte a fenomeni di criminalit\u00e0, ed evidenzi in maniera analitica le diverse fattispecie criminose. \u00c8 tenuto, inoltre, a monitorare la validit\u00e0 e l\u2019incidenza degli interventi finanziati dalla Regione \u2013 attraverso la suddetta L.R. 15\/2001 \u2013 nel campo dello sviluppo della cultura della legalit\u00e0 e della cittadinanza responsabile (art. 8, 4\u00b0 comma). L\u2019Osservatorio ha altres\u00ec il compito di formulare una relazione su ipotesi di proposte di carattere legislativo, amministrativo ed organizzativo da sottoporre alle commissioni consiliari permanenti al fine di renderle pi\u00f9 efficaci nella lotta contro la corruzione e la criminalit\u00e0 organizzata (art. 8, 4\u00b0 comma <em>quater<\/em>).<\/p>\n<p>L\u2019Osservatorio \u00e8 cos\u00ec composto (art. 8, 2\u00b0 comma):<\/p>\n<ol>\n<li>tre membri, scelti dal Presidente della Giunta regionale tra soggetti di comprovata competenza professionale e scientifica nel campo sociale, della sicurezza e della prevenzione del crimine, di cui uno con funzioni di presidente previa audizione presso la commissione consiliare competente;<\/li>\n<li>un membro designato dall\u2019ufficio scolastico regionale per il Lazio;<\/li>\n<li>un rappresentante del Comando Legione Carabinieri;<\/li>\n<li>un rappresentante del comando regionale della Guardia di Finanza;<\/li>\n<li>un rappresentante della Polizia di Stato;<\/li>\n<li>il Prefetto o altro rappresentante dell\u2019ufficio territoriale del Governo del capoluogo della Regione;<\/li>\n<li>un rappresentante delle polizie locali del Lazio;<\/li>\n<li>un rappresentante delle associazioni regionali o nazionali maggiormente rappresentative che si occupano di legalit\u00e0;<\/li>\n<li>un rappresentante delle associazioni pi\u00f9 rappresentative del mondo dell\u2019impresa;<\/li>\n<li>un rappresentante delle organizzazioni sindacali pi\u00f9 rappresentative del settore;<\/li>\n<li>un rappresentante della sicurezza penitenziaria designato dal Dipartimento dell\u2019Amministrazione Penitenziaria (DAP);<\/li>\n<li>un rappresentante del Centro operativo di Roma della Direzione investigativa antimafia (DIA).<\/li>\n<\/ol>\n<p><em>Per l\u2019attuale composizione clicca <\/em><a href=\"http:\/\/www.regione.lazio.it\/rl_osservatorio_legalita_sicurezza\/?vw=contenutiDettaglio&amp;cat=1&amp;id=108\"><strong><em>qui<\/em><\/strong><\/a><\/p>\n<p>&nbsp;<\/p>\n<h4>2. Commissione speciale infiltrazioni mafiose e criminalit\u00e0<\/h4>\n<p>Con la <a href=\"http:\/\/www.consiglio.regione.lazio.it\/consiglio-regionale\/?vw=leggiregionalidettaglio&amp;id=9219&amp;sv=vigente\"><strong>legge regionale 6 agosto 2015, n. 12<\/strong><\/a> (<em>\u201cDisposizioni a tutela della legalit\u00e0 e della trasparenza nella Regione Lazio\u201d<\/em>) anche il Lazio si dota di una <a href=\"http:\/\/www.consiglio.regione.lazio.it\/consiglio-regionale\/?vw=homeCommissioni&amp;cid=15#.Woc-tExFxPb\"><strong>commissione speciale sulle infiltrazioni mafiose e sulla criminalit\u00e0 organizzata nel territorio regionale<\/strong><\/a>.<\/p>\n<p>Tra i vari compiti attribuiti alla Commissione si annoverano (art. 3, 2\u00b0 comma):<\/p>\n<ol>\n<li>l\u2019analisi del livello di diffusione, penetrazione e consistenza della criminalit\u00e0 organizzata nel territorio regionale;<\/li>\n<li>il monitoraggio delle possibili infiltrazioni della criminalit\u00e0 organizzata nell\u2019attivit\u00e0 dell\u2019amministrazione regionale e degli enti partecipati o sottoposti al suo controllo;<\/li>\n<li>lo studio e l\u2019approfondimento della normativa vigente, nonch\u00e9 la formulazione di proposte di carattere legislativo, amministrativo ed organizzativo al fine di rendere la stessa pi\u00f9 efficace nella lotta contro la criminalit\u00e0 organizzata;<\/li>\n<li>l\u2019elaborazione di proposte tese a promuovere la cultura della legalit\u00e0 nel territorio regionale;<\/li>\n<li>il monitoraggio delle attivit\u00e0 delle associazioni che effettuano sul territorio azioni di prevenzione dei fenomeni legati alla criminalit\u00e0 organizzata e che promuovono la cultura della legalit\u00e0.<\/li>\n<\/ol>\n<p>Per adempiere le sue funzioni, la Commissione pu\u00f2 effettuare audizioni di rappresentanti di enti locali, di amministratori, di organizzazioni imprenditoriali, di associazioni nonch\u00e9, previa intesa con gli stessi, di prefetti, questori, forze dell\u2019ordine e altri organi appartenenti all\u2019apparato statale (art. 3, 4\u00b0 comma).<\/p>\n<p>La Commissione \u00e8 tenuta, inoltre, a presentare annualmente all\u2019Aula una relazione sull\u2019attivit\u00e0 svolta ed eventuali proposte operative di azioni politiche, amministrative o legislative, che sono trasmesse alla Commissione parlamentare di inchiesta sul fenomeno delle mafie e sulle altre associazioni criminali, anche straniere (art. 3, 5\u00b0 comma).<\/p>\n<p><em>Per l\u2019attuale composizione clicca <\/em><a href=\"http:\/\/www.consiglio.regione.lazio.it\/consiglio-regionale\/?vw=commissioniDettaglio&amp;cid=15#.Woc-1kxFxPY\"><strong><em>qui<\/em><\/strong><\/a><em>.<\/em><\/p>\n<p>Sul sito di Avviso Pubblico sono disponibili le sintesi di alcuni documenti elaborati dai due organismi: <strong><a href=\"https:\/\/welaikaadv.site\/avviso\/home\/cosa-facciamo\/informare\/documenti-tematici\/mafie\/organismi-regionali-locali-materia-contrasto-della-criminalita-organizzata-la-legalita\/osservatorio-legalita-regione-lazio-eures-sintesi-rapporto-febbraio-2015\/\">Mappe della criminalit\u00e0 2015<\/a><\/strong>; <strong><a href=\"https:\/\/welaikaadv.site\/avviso\/home\/cosa-facciamo\/informare\/documenti-tematici\/mafie\/organismi-regionali-locali-materia-contrasto-della-criminalita-organizzata-la-legalita\/osservatorio-legalita-regione-lazio-sintesi-relazione-luglio-2016\/\">Mafie nel Lazio 2016<\/a><\/strong>, <strong><a href=\"https:\/\/welaikaadv.site\/avviso\/home\/cosa-facciamo\/informare\/documenti-tematici\/mafie\/organismi-regionali-locali-materia-contrasto-della-criminalita-organizzata-la-legalita\/commissione-della-regione-lazio-sulla-criminalita-organizzata-sintesi-relazione-2017\/\">Relazione Commissione 2017<\/a><\/strong>; <strong><a href=\"https:\/\/welaikaadv.site\/avviso\/home\/cosa-facciamo\/informare\/documenti-tematici\/mafie\/organismi-regionali-locali-materia-contrasto-della-criminalita-organizzata-la-legalita\/osservatorio-la-legalita-la-sicurezza-della-regione-lazio-analisi-delle-infiltrazioni-della-criminalita-organizzata-nelleconomia-del-lazio\/\">Infiltrazioni nell\u2019economia \u2013 febbraio 2018<\/a><\/strong><\/p>\n<p>&nbsp;<\/p>\n<p><em style=\"font-size: 1rem;\">(a cura di <a href=\"mailto:luca.fiordelmondo@avvisopubblico.it\"><strong>Luca Fiordelmondo<\/strong><\/a>, Master APC dell\u2019Universit\u00e0 di Pisa)<\/em><\/p>\n","protected":false},"excerpt":{"rendered":"<p>1. Osservatorio per la legalit\u00e0 e la sicurezza Con la legge regionale 5 luglio 2001, n. 15 (\u201cPromozione di interventi volti a favorire un sistema&nbsp;<span class=\"hellipsis\">[&hellip;]<\/span><a class=\"more-link\" href=\"https:\/\/welaikaadv.site\/avviso\/home\/cosa-facciamo\/informare\/documenti-tematici\/mafie\/organismi-regionali-locali-materia-contrasto-della-criminalita-organizzata-la-legalita\/regione-lazio-gli-organismi-contrasto-della-criminalita-organizzata\/\">Leggi tutto <span class=\"screen-reader-text\">Regione Lazio: gli organismi per il contrasto della criminalit\u00e0 organizzata<\/span> <span class=\"meta-nav\" aria-hidden=\"true\">&rarr;<\/span><\/a><\/p>\n","protected":false},"author":1,"featured_media":0,"parent":23596,"menu_order":10,"comment_status":"closed","ping_status":"closed","template":"","meta":{"_acf_changed":false,"_exactmetrics_skip_tracking":false,"_exactmetrics_sitenote_active":false,"_exactmetrics_sitenote_note":"","_exactmetrics_sitenote_category":0,"wp_social_preview_title":"","wp_social_preview_description":"","wp_social_preview_image":0,"footnotes":""},"class_list":["post-23597","page","type-page","status-publish","hentry"],"acf":[],"yoast_head":"<!-- This site is optimized with the Yoast SEO plugin v27.2 - https:\/\/yoast.com\/product\/yoast-seo-wordpress\/ -->\n<title>Regione Lazio: gli organismi per il contrasto della criminalit\u00e0 organizzata - Staging Avviso Pubblico<\/title>\n<meta name=\"robots\" content=\"noindex, follow, max-snippet:-1, max-image-preview:large, max-video-preview:-1\" \/>\n<meta property=\"og:locale\" content=\"it_IT\" \/>\n<meta property=\"og:type\" content=\"article\" \/>\n<meta property=\"og:title\" content=\"Regione Lazio: gli organismi per il contrasto della criminalit\u00e0 organizzata - Staging Avviso Pubblico\" \/>\n<meta property=\"og:description\" content=\"1. Osservatorio per la legalit\u00e0 e la sicurezza Con la legge regionale 5 luglio 2001, n. 15 (\u201cPromozione di interventi volti a favorire un sistema&nbsp;[&hellip;]Leggi tutto Regione Lazio: gli organismi per il contrasto della criminalit\u00e0 organizzata &rarr;\" \/>\n<meta property=\"og:url\" content=\"https:\/\/welaikaadv.site\/avviso\/home\/cosa-facciamo\/informare\/documenti-tematici\/mafie\/organismi-regionali-locali-materia-contrasto-della-criminalita-organizzata-la-legalita\/regione-lazio-gli-organismi-contrasto-della-criminalita-organizzata\/\" \/>\n<meta property=\"og:site_name\" content=\"Staging Avviso Pubblico\" \/>\n<meta name=\"twitter:card\" content=\"summary_large_image\" \/>\n<meta name=\"twitter:label1\" content=\"Tempo di lettura stimato\" \/>\n\t<meta name=\"twitter:data1\" content=\"3 minuti\" \/>\n<script type=\"application\/ld+json\" class=\"yoast-schema-graph\">{\"@context\":\"https:\/\/schema.org\",\"@graph\":[{\"@type\":\"WebPage\",\"@id\":\"https:\/\/welaikaadv.site\/avviso\/home\/cosa-facciamo\/informare\/documenti-tematici\/mafie\/organismi-regionali-locali-materia-contrasto-della-criminalita-organizzata-la-legalita\/regione-lazio-gli-organismi-contrasto-della-criminalita-organizzata\/\",\"url\":\"https:\/\/welaikaadv.site\/avviso\/home\/cosa-facciamo\/informare\/documenti-tematici\/mafie\/organismi-regionali-locali-materia-contrasto-della-criminalita-organizzata-la-legalita\/regione-lazio-gli-organismi-contrasto-della-criminalita-organizzata\/\",\"name\":\"Regione Lazio: gli organismi per il contrasto della criminalit\u00e0 organizzata - Staging Avviso Pubblico\",\"isPartOf\":{\"@id\":\"https:\/\/welaikaadv.site\/avviso\/#website\"},\"datePublished\":\"2018-03-02T10:31:24+00:00\",\"breadcrumb\":{\"@id\":\"https:\/\/welaikaadv.site\/avviso\/home\/cosa-facciamo\/informare\/documenti-tematici\/mafie\/organismi-regionali-locali-materia-contrasto-della-criminalita-organizzata-la-legalita\/regione-lazio-gli-organismi-contrasto-della-criminalita-organizzata\/#breadcrumb\"},\"inLanguage\":\"it-IT\",\"potentialAction\":[{\"@type\":\"ReadAction\",\"target\":[\"https:\/\/welaikaadv.site\/avviso\/home\/cosa-facciamo\/informare\/documenti-tematici\/mafie\/organismi-regionali-locali-materia-contrasto-della-criminalita-organizzata-la-legalita\/regione-lazio-gli-organismi-contrasto-della-criminalita-organizzata\/\"]}]},{\"@type\":\"BreadcrumbList\",\"@id\":\"https:\/\/welaikaadv.site\/avviso\/home\/cosa-facciamo\/informare\/documenti-tematici\/mafie\/organismi-regionali-locali-materia-contrasto-della-criminalita-organizzata-la-legalita\/regione-lazio-gli-organismi-contrasto-della-criminalita-organizzata\/#breadcrumb\",\"itemListElement\":[{\"@type\":\"ListItem\",\"position\":1,\"name\":\"Home\",\"item\":\"https:\/\/welaikaadv.site\/avviso\/\"},{\"@type\":\"ListItem\",\"position\":2,\"name\":\"Regione Lazio: gli organismi per il contrasto della criminalit\u00e0 organizzata\"}]},{\"@type\":\"WebSite\",\"@id\":\"https:\/\/welaikaadv.site\/avviso\/#website\",\"url\":\"https:\/\/welaikaadv.site\/avviso\/\",\"name\":\"Staging Avviso Pubblico\",\"description\":\"\",\"publisher\":{\"@id\":\"https:\/\/welaikaadv.site\/avviso\/#organization\"},\"potentialAction\":[{\"@type\":\"SearchAction\",\"target\":{\"@type\":\"EntryPoint\",\"urlTemplate\":\"https:\/\/welaikaadv.site\/avviso\/?s={search_term_string}\"},\"query-input\":{\"@type\":\"PropertyValueSpecification\",\"valueRequired\":true,\"valueName\":\"search_term_string\"}}],\"inLanguage\":\"it-IT\"},{\"@type\":\"Organization\",\"@id\":\"https:\/\/welaikaadv.site\/avviso\/#organization\",\"name\":\"Staging Avviso Pubblico\",\"url\":\"https:\/\/welaikaadv.site\/avviso\/\",\"logo\":{\"@type\":\"ImageObject\",\"inLanguage\":\"it-IT\",\"@id\":\"https:\/\/welaikaadv.site\/avviso\/#\/schema\/logo\/image\/\",\"url\":\"https:\/\/welaikaadv.site\/avviso\/wp-content\/uploads\/2024\/08\/logoAPsito-400.png\",\"contentUrl\":\"https:\/\/welaikaadv.site\/avviso\/wp-content\/uploads\/2024\/08\/logoAPsito-400.png\",\"width\":400,\"height\":97,\"caption\":\"Staging Avviso Pubblico\"},\"image\":{\"@id\":\"https:\/\/welaikaadv.site\/avviso\/#\/schema\/logo\/image\/\"}}]}<\/script>\n<!-- \/ Yoast SEO plugin. -->","yoast_head_json":{"title":"Regione Lazio: gli organismi per il contrasto della criminalit\u00e0 organizzata - Staging Avviso Pubblico","robots":{"index":"noindex","follow":"follow","max-snippet":"max-snippet:-1","max-image-preview":"max-image-preview:large","max-video-preview":"max-video-preview:-1"},"og_locale":"it_IT","og_type":"article","og_title":"Regione Lazio: gli organismi per il contrasto della criminalit\u00e0 organizzata - Staging Avviso Pubblico","og_description":"1. Osservatorio per la legalit\u00e0 e la sicurezza Con la legge regionale 5 luglio 2001, n. 15 (\u201cPromozione di interventi volti a favorire un sistema&nbsp;[&hellip;]Leggi tutto Regione Lazio: gli organismi per il contrasto della criminalit\u00e0 organizzata &rarr;","og_url":"https:\/\/welaikaadv.site\/avviso\/home\/cosa-facciamo\/informare\/documenti-tematici\/mafie\/organismi-regionali-locali-materia-contrasto-della-criminalita-organizzata-la-legalita\/regione-lazio-gli-organismi-contrasto-della-criminalita-organizzata\/","og_site_name":"Staging Avviso Pubblico","twitter_card":"summary_large_image","twitter_misc":{"Tempo di lettura stimato":"3 minuti"},"schema":{"@context":"https:\/\/schema.org","@graph":[{"@type":"WebPage","@id":"https:\/\/welaikaadv.site\/avviso\/home\/cosa-facciamo\/informare\/documenti-tematici\/mafie\/organismi-regionali-locali-materia-contrasto-della-criminalita-organizzata-la-legalita\/regione-lazio-gli-organismi-contrasto-della-criminalita-organizzata\/","url":"https:\/\/welaikaadv.site\/avviso\/home\/cosa-facciamo\/informare\/documenti-tematici\/mafie\/organismi-regionali-locali-materia-contrasto-della-criminalita-organizzata-la-legalita\/regione-lazio-gli-organismi-contrasto-della-criminalita-organizzata\/","name":"Regione Lazio: gli organismi per il contrasto della criminalit\u00e0 organizzata - Staging Avviso Pubblico","isPartOf":{"@id":"https:\/\/welaikaadv.site\/avviso\/#website"},"datePublished":"2018-03-02T10:31:24+00:00","breadcrumb":{"@id":"https:\/\/welaikaadv.site\/avviso\/home\/cosa-facciamo\/informare\/documenti-tematici\/mafie\/organismi-regionali-locali-materia-contrasto-della-criminalita-organizzata-la-legalita\/regione-lazio-gli-organismi-contrasto-della-criminalita-organizzata\/#breadcrumb"},"inLanguage":"it-IT","potentialAction":[{"@type":"ReadAction","target":["https:\/\/welaikaadv.site\/avviso\/home\/cosa-facciamo\/informare\/documenti-tematici\/mafie\/organismi-regionali-locali-materia-contrasto-della-criminalita-organizzata-la-legalita\/regione-lazio-gli-organismi-contrasto-della-criminalita-organizzata\/"]}]},{"@type":"BreadcrumbList","@id":"https:\/\/welaikaadv.site\/avviso\/home\/cosa-facciamo\/informare\/documenti-tematici\/mafie\/organismi-regionali-locali-materia-contrasto-della-criminalita-organizzata-la-legalita\/regione-lazio-gli-organismi-contrasto-della-criminalita-organizzata\/#breadcrumb","itemListElement":[{"@type":"ListItem","position":1,"name":"Home","item":"https:\/\/welaikaadv.site\/avviso\/"},{"@type":"ListItem","position":2,"name":"Regione Lazio: gli organismi per il contrasto della criminalit\u00e0 organizzata"}]},{"@type":"WebSite","@id":"https:\/\/welaikaadv.site\/avviso\/#website","url":"https:\/\/welaikaadv.site\/avviso\/","name":"Staging Avviso Pubblico","description":"","publisher":{"@id":"https:\/\/welaikaadv.site\/avviso\/#organization"},"potentialAction":[{"@type":"SearchAction","target":{"@type":"EntryPoint","urlTemplate":"https:\/\/welaikaadv.site\/avviso\/?s={search_term_string}"},"query-input":{"@type":"PropertyValueSpecification","valueRequired":true,"valueName":"search_term_string"}}],"inLanguage":"it-IT"},{"@type":"Organization","@id":"https:\/\/welaikaadv.site\/avviso\/#organization","name":"Staging Avviso Pubblico","url":"https:\/\/welaikaadv.site\/avviso\/","logo":{"@type":"ImageObject","inLanguage":"it-IT","@id":"https:\/\/welaikaadv.site\/avviso\/#\/schema\/logo\/image\/","url":"https:\/\/welaikaadv.site\/avviso\/wp-content\/uploads\/2024\/08\/logoAPsito-400.png","contentUrl":"https:\/\/welaikaadv.site\/avviso\/wp-content\/uploads\/2024\/08\/logoAPsito-400.png","width":400,"height":97,"caption":"Staging Avviso Pubblico"},"image":{"@id":"https:\/\/welaikaadv.site\/avviso\/#\/schema\/logo\/image\/"}}]}},"_links":{"self":[{"href":"https:\/\/welaikaadv.site\/avviso\/wp-json\/wp\/v2\/pages\/23597","targetHints":{"allow":["GET"]}}],"collection":[{"href":"https:\/\/welaikaadv.site\/avviso\/wp-json\/wp\/v2\/pages"}],"about":[{"href":"https:\/\/welaikaadv.site\/avviso\/wp-json\/wp\/v2\/types\/page"}],"author":[{"embeddable":true,"href":"https:\/\/welaikaadv.site\/avviso\/wp-json\/wp\/v2\/users\/1"}],"replies":[{"embeddable":true,"href":"https:\/\/welaikaadv.site\/avviso\/wp-json\/wp\/v2\/comments?post=23597"}],"version-history":[{"count":0,"href":"https:\/\/welaikaadv.site\/avviso\/wp-json\/wp\/v2\/pages\/23597\/revisions"}],"up":[{"embeddable":true,"href":"https:\/\/welaikaadv.site\/avviso\/wp-json\/wp\/v2\/pages\/23596"}],"wp:attachment":[{"href":"https:\/\/welaikaadv.site\/avviso\/wp-json\/wp\/v2\/media?parent=23597"}],"curies":[{"name":"wp","href":"https:\/\/api.w.org\/{rel}","templated":true}]}}