{"id":23598,"date":"2018-03-02T11:33:55","date_gmt":"2018-03-02T10:33:55","guid":{"rendered":"http:\/\/www.avvisopubblico.it\/home\/?page_id=19592"},"modified":"2018-03-02T11:33:55","modified_gmt":"2018-03-02T10:33:55","slug":"osservatorio-legalita-regione-lazio-eures-sintesi-rapporto-febbraio-2015","status":"publish","type":"page","link":"https:\/\/welaikaadv.site\/avviso\/home\/cosa-facciamo\/informare\/documenti-tematici\/mafie\/organismi-regionali-locali-materia-contrasto-della-criminalita-organizzata-la-legalita\/osservatorio-legalita-regione-lazio-eures-sintesi-rapporto-febbraio-2015\/","title":{"rendered":"Osservatorio legalit\u00e0 Regione Lazio \u2013 Eures: sintesi rapporto febbraio 2015"},"content":{"rendered":"<p>Come stabilito dalla legge che ne sancisce l\u2019istituzione, l\u2019Osservatorio Tecnico-Scientifico sulla Sicurezza e la Legalit\u00e0 ha, tra gli altri, il compito di elaborare annualmente un\u2019analisi delle dinamiche e la relativa mappatura del rischio per le diverse fattispecie di reato. Ed \u00e8 proprio con la finalit\u00e0 di presentare un quadro completo delle attivit\u00e0 illecite presenti nel\u00a0<mark class=\"hilite term-0\">Lazio<\/mark>\u00a0che il suddetto Osservatorio ha pubblicato, in collaborazione con EU.R.E.S., il rapporto\u00a0<a href=\"http:\/\/www.regione.lazio.it\/rl_osservatorio_legalita_sicurezza\/?vw=documentazioneDettaglio&amp;id=4723\"><strong><em>Criminalit\u00e0 e sicurezza nei territori del\u00a0<mark class=\"hilite term-0\">Lazio<\/mark><\/em><\/strong><\/a>\u00a0(febbraio 2015). Una mappa che, individuando le zone maggiormente esposte al crimine, offre un contributo significativo per migliorare la capacit\u00e0 di intervento delle istituzioni.<\/p>\n<p>In tale prospettiva il Rapporto presenta un\u2019analisi della diffusione\/penetrazione dei reati denunciati nei territori del\u00a0<mark class=\"hilite term-0\">Lazio<\/mark>, accompagnata dalla costruzione di una mappatura del rischio vittimogeno a livello regionale, provinciale e nell\u2019artico<mark class=\"hilite term-0\">lazio<\/mark>ne tra comune capoluogo e altri comuni della provincia. L\u2019analisi ricostruisce inoltre le serie storiche dei reati nel medio e nel lungo periodo, confrontando le dinamiche pi\u00f9 recenti con quelle relative agli ultimi 5-10 anni. Accanto all\u2019approfondimento relativo ai territori del\u00a0<mark class=\"hilite term-0\">Lazio<\/mark>, l\u2019analisi contiene poi un confronto su base interregionale e tra le citt\u00e0 metropolitane, offrendo una lettura originale del posizionamento del\u00a0<mark class=\"hilite term-0\">Lazio<\/mark>\u00a0e di Roma nel panorama nazionale. Un\u2019ultima prospettiva di analisi proposta all\u2019interno di tale lavoro \u00e8 infine costituita dal confronto tra le regioni-capitali europee, che, ancora una volta, pur attraverso statistiche comparate ferme all\u2019anno 2012, riconferma la positiva situazione del\u00a0<mark class=\"hilite term-0\">Lazio<\/mark>\u00a0nel panorama comunitario e continentale (anzitutto nel raffronto con le regioni di Londra, Parigi, Berlino, Madrid).<\/p>\n<p>&nbsp;<\/p>\n<p><em>(a cura di <a href=\"mailto:luca.fiordelmondo@avvisopubblico.it\"><strong>Luca Fiordelmondo<\/strong><\/a>, Master APC dell\u2019Universit\u00e0 di Pisa)<\/em><\/p>\n","protected":false},"excerpt":{"rendered":"<p>Come stabilito dalla legge che ne sancisce l\u2019istituzione, l\u2019Osservatorio Tecnico-Scientifico sulla Sicurezza e la Legalit\u00e0 ha, tra gli altri, il compito di elaborare annualmente un\u2019analisi&nbsp;<span class=\"hellipsis\">[&hellip;]<\/span><a class=\"more-link\" href=\"https:\/\/welaikaadv.site\/avviso\/home\/cosa-facciamo\/informare\/documenti-tematici\/mafie\/organismi-regionali-locali-materia-contrasto-della-criminalita-organizzata-la-legalita\/osservatorio-legalita-regione-lazio-eures-sintesi-rapporto-febbraio-2015\/\">Leggi tutto <span class=\"screen-reader-text\">Osservatorio legalit\u00e0 Regione Lazio \u2013 Eures: sintesi rapporto febbraio 2015<\/span> <span class=\"meta-nav\" aria-hidden=\"true\">&rarr;<\/span><\/a><\/p>\n","protected":false},"author":1,"featured_media":0,"parent":23596,"menu_order":20,"comment_status":"closed","ping_status":"closed","template":"","meta":{"_acf_changed":false,"_exactmetrics_skip_tracking":false,"_exactmetrics_sitenote_active":false,"_exactmetrics_sitenote_note":"","_exactmetrics_sitenote_category":0,"wp_social_preview_title":"","wp_social_preview_description":"","wp_social_preview_image":0,"footnotes":""},"class_list":["post-23598","page","type-page","status-publish","hentry"],"acf":[],"yoast_head":"<!-- This site is optimized with the Yoast SEO plugin v27.2 - https:\/\/yoast.com\/product\/yoast-seo-wordpress\/ -->\n<title>Osservatorio legalit\u00e0 Regione Lazio \u2013 Eures: sintesi rapporto febbraio 2015 - Staging Avviso Pubblico<\/title>\n<meta name=\"robots\" content=\"noindex, follow, max-snippet:-1, max-image-preview:large, max-video-preview:-1\" \/>\n<meta property=\"og:locale\" content=\"it_IT\" \/>\n<meta property=\"og:type\" content=\"article\" \/>\n<meta property=\"og:title\" content=\"Osservatorio legalit\u00e0 Regione Lazio \u2013 Eures: sintesi rapporto febbraio 2015 - Staging Avviso Pubblico\" \/>\n<meta property=\"og:description\" content=\"Come stabilito dalla legge che ne sancisce l\u2019istituzione, l\u2019Osservatorio Tecnico-Scientifico sulla Sicurezza e la Legalit\u00e0 ha, tra gli altri, il compito di elaborare annualmente un\u2019analisi&nbsp;[&hellip;]Leggi tutto Osservatorio legalit\u00e0 Regione Lazio \u2013 Eures: sintesi rapporto febbraio 2015 &rarr;\" \/>\n<meta property=\"og:url\" content=\"https:\/\/welaikaadv.site\/avviso\/home\/cosa-facciamo\/informare\/documenti-tematici\/mafie\/organismi-regionali-locali-materia-contrasto-della-criminalita-organizzata-la-legalita\/osservatorio-legalita-regione-lazio-eures-sintesi-rapporto-febbraio-2015\/\" \/>\n<meta property=\"og:site_name\" content=\"Staging Avviso Pubblico\" \/>\n<meta name=\"twitter:card\" content=\"summary_large_image\" \/>\n<meta name=\"twitter:label1\" content=\"Tempo di lettura stimato\" \/>\n\t<meta name=\"twitter:data1\" content=\"1 minuto\" \/>\n<script type=\"application\/ld+json\" class=\"yoast-schema-graph\">{\"@context\":\"https:\/\/schema.org\",\"@graph\":[{\"@type\":\"WebPage\",\"@id\":\"https:\/\/welaikaadv.site\/avviso\/home\/cosa-facciamo\/informare\/documenti-tematici\/mafie\/organismi-regionali-locali-materia-contrasto-della-criminalita-organizzata-la-legalita\/osservatorio-legalita-regione-lazio-eures-sintesi-rapporto-febbraio-2015\/\",\"url\":\"https:\/\/welaikaadv.site\/avviso\/home\/cosa-facciamo\/informare\/documenti-tematici\/mafie\/organismi-regionali-locali-materia-contrasto-della-criminalita-organizzata-la-legalita\/osservatorio-legalita-regione-lazio-eures-sintesi-rapporto-febbraio-2015\/\",\"name\":\"Osservatorio legalit\u00e0 Regione Lazio \u2013 Eures: sintesi rapporto febbraio 2015 - Staging Avviso Pubblico\",\"isPartOf\":{\"@id\":\"https:\/\/welaikaadv.site\/avviso\/#website\"},\"datePublished\":\"2018-03-02T10:33:55+00:00\",\"breadcrumb\":{\"@id\":\"https:\/\/welaikaadv.site\/avviso\/home\/cosa-facciamo\/informare\/documenti-tematici\/mafie\/organismi-regionali-locali-materia-contrasto-della-criminalita-organizzata-la-legalita\/osservatorio-legalita-regione-lazio-eures-sintesi-rapporto-febbraio-2015\/#breadcrumb\"},\"inLanguage\":\"it-IT\",\"potentialAction\":[{\"@type\":\"ReadAction\",\"target\":[\"https:\/\/welaikaadv.site\/avviso\/home\/cosa-facciamo\/informare\/documenti-tematici\/mafie\/organismi-regionali-locali-materia-contrasto-della-criminalita-organizzata-la-legalita\/osservatorio-legalita-regione-lazio-eures-sintesi-rapporto-febbraio-2015\/\"]}]},{\"@type\":\"BreadcrumbList\",\"@id\":\"https:\/\/welaikaadv.site\/avviso\/home\/cosa-facciamo\/informare\/documenti-tematici\/mafie\/organismi-regionali-locali-materia-contrasto-della-criminalita-organizzata-la-legalita\/osservatorio-legalita-regione-lazio-eures-sintesi-rapporto-febbraio-2015\/#breadcrumb\",\"itemListElement\":[{\"@type\":\"ListItem\",\"position\":1,\"name\":\"Home\",\"item\":\"https:\/\/welaikaadv.site\/avviso\/\"},{\"@type\":\"ListItem\",\"position\":2,\"name\":\"Osservatorio legalit\u00e0 Regione Lazio \u2013 Eures: sintesi rapporto febbraio 2015\"}]},{\"@type\":\"WebSite\",\"@id\":\"https:\/\/welaikaadv.site\/avviso\/#website\",\"url\":\"https:\/\/welaikaadv.site\/avviso\/\",\"name\":\"Staging Avviso Pubblico\",\"description\":\"\",\"publisher\":{\"@id\":\"https:\/\/welaikaadv.site\/avviso\/#organization\"},\"potentialAction\":[{\"@type\":\"SearchAction\",\"target\":{\"@type\":\"EntryPoint\",\"urlTemplate\":\"https:\/\/welaikaadv.site\/avviso\/?s={search_term_string}\"},\"query-input\":{\"@type\":\"PropertyValueSpecification\",\"valueRequired\":true,\"valueName\":\"search_term_string\"}}],\"inLanguage\":\"it-IT\"},{\"@type\":\"Organization\",\"@id\":\"https:\/\/welaikaadv.site\/avviso\/#organization\",\"name\":\"Staging Avviso Pubblico\",\"url\":\"https:\/\/welaikaadv.site\/avviso\/\",\"logo\":{\"@type\":\"ImageObject\",\"inLanguage\":\"it-IT\",\"@id\":\"https:\/\/welaikaadv.site\/avviso\/#\/schema\/logo\/image\/\",\"url\":\"https:\/\/welaikaadv.site\/avviso\/wp-content\/uploads\/2024\/08\/logoAPsito-400.png\",\"contentUrl\":\"https:\/\/welaikaadv.site\/avviso\/wp-content\/uploads\/2024\/08\/logoAPsito-400.png\",\"width\":400,\"height\":97,\"caption\":\"Staging Avviso Pubblico\"},\"image\":{\"@id\":\"https:\/\/welaikaadv.site\/avviso\/#\/schema\/logo\/image\/\"}}]}<\/script>\n<!-- \/ Yoast SEO plugin. -->","yoast_head_json":{"title":"Osservatorio legalit\u00e0 Regione Lazio \u2013 Eures: sintesi rapporto febbraio 2015 - Staging Avviso Pubblico","robots":{"index":"noindex","follow":"follow","max-snippet":"max-snippet:-1","max-image-preview":"max-image-preview:large","max-video-preview":"max-video-preview:-1"},"og_locale":"it_IT","og_type":"article","og_title":"Osservatorio legalit\u00e0 Regione Lazio \u2013 Eures: sintesi rapporto febbraio 2015 - Staging Avviso Pubblico","og_description":"Come stabilito dalla legge che ne sancisce l\u2019istituzione, l\u2019Osservatorio Tecnico-Scientifico sulla Sicurezza e la Legalit\u00e0 ha, tra gli altri, il compito di elaborare annualmente un\u2019analisi&nbsp;[&hellip;]Leggi tutto Osservatorio legalit\u00e0 Regione Lazio \u2013 Eures: sintesi rapporto febbraio 2015 &rarr;","og_url":"https:\/\/welaikaadv.site\/avviso\/home\/cosa-facciamo\/informare\/documenti-tematici\/mafie\/organismi-regionali-locali-materia-contrasto-della-criminalita-organizzata-la-legalita\/osservatorio-legalita-regione-lazio-eures-sintesi-rapporto-febbraio-2015\/","og_site_name":"Staging Avviso Pubblico","twitter_card":"summary_large_image","twitter_misc":{"Tempo di lettura stimato":"1 minuto"},"schema":{"@context":"https:\/\/schema.org","@graph":[{"@type":"WebPage","@id":"https:\/\/welaikaadv.site\/avviso\/home\/cosa-facciamo\/informare\/documenti-tematici\/mafie\/organismi-regionali-locali-materia-contrasto-della-criminalita-organizzata-la-legalita\/osservatorio-legalita-regione-lazio-eures-sintesi-rapporto-febbraio-2015\/","url":"https:\/\/welaikaadv.site\/avviso\/home\/cosa-facciamo\/informare\/documenti-tematici\/mafie\/organismi-regionali-locali-materia-contrasto-della-criminalita-organizzata-la-legalita\/osservatorio-legalita-regione-lazio-eures-sintesi-rapporto-febbraio-2015\/","name":"Osservatorio legalit\u00e0 Regione Lazio \u2013 Eures: sintesi rapporto febbraio 2015 - Staging Avviso Pubblico","isPartOf":{"@id":"https:\/\/welaikaadv.site\/avviso\/#website"},"datePublished":"2018-03-02T10:33:55+00:00","breadcrumb":{"@id":"https:\/\/welaikaadv.site\/avviso\/home\/cosa-facciamo\/informare\/documenti-tematici\/mafie\/organismi-regionali-locali-materia-contrasto-della-criminalita-organizzata-la-legalita\/osservatorio-legalita-regione-lazio-eures-sintesi-rapporto-febbraio-2015\/#breadcrumb"},"inLanguage":"it-IT","potentialAction":[{"@type":"ReadAction","target":["https:\/\/welaikaadv.site\/avviso\/home\/cosa-facciamo\/informare\/documenti-tematici\/mafie\/organismi-regionali-locali-materia-contrasto-della-criminalita-organizzata-la-legalita\/osservatorio-legalita-regione-lazio-eures-sintesi-rapporto-febbraio-2015\/"]}]},{"@type":"BreadcrumbList","@id":"https:\/\/welaikaadv.site\/avviso\/home\/cosa-facciamo\/informare\/documenti-tematici\/mafie\/organismi-regionali-locali-materia-contrasto-della-criminalita-organizzata-la-legalita\/osservatorio-legalita-regione-lazio-eures-sintesi-rapporto-febbraio-2015\/#breadcrumb","itemListElement":[{"@type":"ListItem","position":1,"name":"Home","item":"https:\/\/welaikaadv.site\/avviso\/"},{"@type":"ListItem","position":2,"name":"Osservatorio legalit\u00e0 Regione Lazio \u2013 Eures: sintesi rapporto febbraio 2015"}]},{"@type":"WebSite","@id":"https:\/\/welaikaadv.site\/avviso\/#website","url":"https:\/\/welaikaadv.site\/avviso\/","name":"Staging Avviso Pubblico","description":"","publisher":{"@id":"https:\/\/welaikaadv.site\/avviso\/#organization"},"potentialAction":[{"@type":"SearchAction","target":{"@type":"EntryPoint","urlTemplate":"https:\/\/welaikaadv.site\/avviso\/?s={search_term_string}"},"query-input":{"@type":"PropertyValueSpecification","valueRequired":true,"valueName":"search_term_string"}}],"inLanguage":"it-IT"},{"@type":"Organization","@id":"https:\/\/welaikaadv.site\/avviso\/#organization","name":"Staging Avviso Pubblico","url":"https:\/\/welaikaadv.site\/avviso\/","logo":{"@type":"ImageObject","inLanguage":"it-IT","@id":"https:\/\/welaikaadv.site\/avviso\/#\/schema\/logo\/image\/","url":"https:\/\/welaikaadv.site\/avviso\/wp-content\/uploads\/2024\/08\/logoAPsito-400.png","contentUrl":"https:\/\/welaikaadv.site\/avviso\/wp-content\/uploads\/2024\/08\/logoAPsito-400.png","width":400,"height":97,"caption":"Staging Avviso Pubblico"},"image":{"@id":"https:\/\/welaikaadv.site\/avviso\/#\/schema\/logo\/image\/"}}]}},"_links":{"self":[{"href":"https:\/\/welaikaadv.site\/avviso\/wp-json\/wp\/v2\/pages\/23598","targetHints":{"allow":["GET"]}}],"collection":[{"href":"https:\/\/welaikaadv.site\/avviso\/wp-json\/wp\/v2\/pages"}],"about":[{"href":"https:\/\/welaikaadv.site\/avviso\/wp-json\/wp\/v2\/types\/page"}],"author":[{"embeddable":true,"href":"https:\/\/welaikaadv.site\/avviso\/wp-json\/wp\/v2\/users\/1"}],"replies":[{"embeddable":true,"href":"https:\/\/welaikaadv.site\/avviso\/wp-json\/wp\/v2\/comments?post=23598"}],"version-history":[{"count":0,"href":"https:\/\/welaikaadv.site\/avviso\/wp-json\/wp\/v2\/pages\/23598\/revisions"}],"up":[{"embeddable":true,"href":"https:\/\/welaikaadv.site\/avviso\/wp-json\/wp\/v2\/pages\/23596"}],"wp:attachment":[{"href":"https:\/\/welaikaadv.site\/avviso\/wp-json\/wp\/v2\/media?parent=23598"}],"curies":[{"name":"wp","href":"https:\/\/api.w.org\/{rel}","templated":true}]}}