{"id":23602,"date":"2018-03-02T12:09:37","date_gmt":"2018-03-02T11:09:37","guid":{"rendered":"http:\/\/www.avvisopubblico.it\/home\/?page_id=19605"},"modified":"2018-03-02T12:09:37","modified_gmt":"2018-03-02T11:09:37","slug":"legge-n-205-del-2017-legge-bilancio-2018","status":"publish","type":"page","link":"https:\/\/welaikaadv.site\/avviso\/home\/cosa-facciamo\/informare\/osservatorio-parlamentare\/attivita-legislativa\/leggi-approvate\/legge-n-205-del-2017-legge-bilancio-2018\/","title":{"rendered":"Legge n. 205 del 2017: legge di bilancio 2018"},"content":{"rendered":"<p>La\u00a0<a href=\"http:\/\/www.normattiva.it\/uri-res\/N2Ls?urn:nir:stato:legge:2017;205\"><strong>legge n. 205 del 27 dicembre 2017<\/strong>\u00a0<\/a>contiene al suo interno alcune disposizioni in materia di comuni sciolti per mafia, certificazione antimafia, Agenzia per i beni sequestrati alla criminalit\u00e0 organizzata, competenza per le misure di prevenzione, societ\u00e0 cooperative, gioco, antiriciclaggio, appalti, che vengono qui sintetizzate.<\/p>\n<p><strong>Comuni sciolti per mafia<\/strong>. E\u2019 istituito un fondo presso il Ministero dell\u2019interno di 5 milioni di euro annui dal 2018 per la realizzazione e la manutenzione di opere pubbliche negli enti locali i cui organi consiliari sono stati sciolti per infiltrazioni di tipo mafioso (<em>art. 1, commi 277 e 278<\/em>).<\/p>\n<p><strong>Certificazione antimafia<\/strong>. Sono previsti due interventi, che modificano la\u00a0<strong><a href=\"https:\/\/welaikaadv.site\/avviso\/home\/cosa-facciamo\/informare\/osservatorio-parlamentare\/attivita-legislativa\/legge-n-161-del-2017-riutilizzo-sociale-dei-beni-confiscati-e-riforma-del-codice-antimafia\/\">recente riforma del codice antimafia<\/a><\/strong>, limitando in entrambi i casi l\u2019obbligo per la pubblica amministrazione di acquisire la documentazione antimafia prima di stipulare contratti per lavori e servizi o per concedere \u00a0licenze o autorizzazioni. In particolare, si applicano le verifiche antimafia ai soli consorziati che detengono, anche indirettamente, una partecipazione pari almeno al 5 per cento anzich\u00e9 a tutti i consorziati (<em>art. 1, comma 244<\/em>); in secondo luogo per i titolari di fondi agricoli che usufruiscono di fondi europei per importi fino a 25.000 euro il termine viene differito al 31 dicembre 2018, escludendo altres\u00ec da tale obbligo coloro che hanno presentato la domanda di fruizione dei fondi prima del 18 novembre 2017 (<em>art. 1, comma 1142<\/em>).<\/p>\n<p><strong>Agenzia nazionale per i beni sequestrati<\/strong>. \u00a0Fino all\u2019adeguamento dell\u2019organico a 200 unit\u00e0 previsto dal\u00a0<strong><a href=\"https:\/\/welaikaadv.site\/avviso\/home\/cosa-facciamo\/informare\/osservatorio-parlamentare\/attivita-legislativa\/legge-n-161-del-2017-riutilizzo-sociale-dei-beni-confiscati-e-riforma-del-codice-antimafia\/\">Codice antimafia<\/a><\/strong>, l\u2019Agenzia pu\u00f2 avvalersi di un massimo di 100 unit\u00e0 di personale non dirigenziale delle pubbliche amministrazioni e di enti pubblici economici e di 20 unit\u00e0 proveniente dalle Forze di polizia a ordinamento civile e militare; \u00a0sempre fino all\u2019adeguamento dell\u2019organico vengono mantenute le attuali sedi secondarie (<em>art. 1, commi 291 e 292<\/em>).<\/p>\n<p><strong>Competenza misure di prevenzione<\/strong>. Un\u2019altra modifica al codice antimafia riguarda la competenza dei tribunali di Trapani e di Santa Maria Capua Vetere per l\u2019applicazione delle misure di prevenzione personali e patrimoniali con riguardo ai soggetti che dimorano, rispettivamente, nelle province di Trapani e di Caserta (anzich\u00e9 nei rispettivi circondari di tribunale)\u00a0<em>(art. 1, comma 458<\/em>).<\/p>\n<p><strong>Societ\u00e0 cooperative<\/strong>. \u00a0Viene rafforzato il sistema di vigilanza nei confronti delle societ\u00e0 cooperative, inasprendo le sanzioni, anche di natura pecuniaria, in caso di gravi irregolarit\u00e0\u00a0<em>(art. 1, comma 936)<\/em><\/p>\n<p><strong>Gioco e antiriciclaggio<\/strong>. Il provvedimento contiene numerose misure in tema di giochi, a partire dalle gare per le nuove concessioni sulla raccolta delle scommesse su eventi sportivi e non sportivi, disponendo l\u2019adeguamento delle leggi regionali ai contenuti dell\u2019Intesa in sede di Conferenza unificata del 7 settembre 2017 (<em>su tale disposizione vedi questo\u00a0<strong><a href=\"https:\/\/welaikaadv.site\/avviso\/home\/cosa-facciamo\/informare\/documenti-tematici\/gioco-dazzardo\/raggiunta-lintesa-sul-gioco-dazzardo-conferenza-unificata-un-primo-commento\/\">commento<\/a><\/strong><\/em>). Per evitare possibili utilizzi illeciti viene prevista una specifica procedura obbligatoria dell\u2019Agenzia delle dogane per lo smaltimento e la distruzione delle new slot dismesse dal mercato. Al fine di rafforzare l\u2019attivit\u00e0 di contrasto del riciclaggio \u00e8 istituito presso l\u2019Agenzia delle dogane e dei monopoli di un registro dei distributori ed esercenti di gioco. E\u2019 infine prorogato dal 31 dicembre 2017 al 31 dicembre 2018 il termine oltre il quale non possono pi\u00f9 essere rilasciati nulla osta per le new slot\u00a0<em>(art. 1, commi 1047ss).<\/em><\/p>\n<p><strong>Appalti<\/strong>. Al fine di assicurare la trasparenza in materia di appalti, la pubblicit\u00e0 delle gare in caso di subappalto \u00e8 assicurata attraverso i quotidiani cartacei pi\u00f9 diffusi sul territorio nazionale e dai siti web (<em>art. 1, comma 1052<\/em>).<\/p>\n<p>&nbsp;<\/p>\n<p><em>Per maggiori informazioni consulta i dossier del Servizio Studi di Camera e Senato (in particolare clicca\u00a0<strong><a href=\"http:\/\/documenti.camera.it\/Leg17\/Dossier\/Pdf\/ID0031gs1.Pdf\">qui<\/a><\/strong>\u00a0<strong><a href=\"http:\/\/documenti.camera.it\/Leg17\/Dossier\/Pdf\/ID0031gs2.Pdf\">qui<\/a><\/strong>\u00a0e\u00a0<strong><a href=\"http:\/\/documenti.camera.it\/Leg17\/Dossier\/Pdf\/ID0031gs3.Pdf\">qua<\/a><\/strong>)<\/em><\/p>\n","protected":false},"excerpt":{"rendered":"<p>La\u00a0legge n. 205 del 27 dicembre 2017\u00a0contiene al suo interno alcune disposizioni in materia di comuni sciolti per mafia, certificazione antimafia, Agenzia per i beni&nbsp;<span class=\"hellipsis\">[&hellip;]<\/span><a class=\"more-link\" href=\"https:\/\/welaikaadv.site\/avviso\/home\/cosa-facciamo\/informare\/osservatorio-parlamentare\/attivita-legislativa\/leggi-approvate\/legge-n-205-del-2017-legge-bilancio-2018\/\">Leggi tutto <span class=\"screen-reader-text\">Legge n. 205 del 2017: legge di bilancio 2018<\/span> <span class=\"meta-nav\" aria-hidden=\"true\">&rarr;<\/span><\/a><\/p>\n","protected":false},"author":1,"featured_media":0,"parent":2575,"menu_order":40,"comment_status":"closed","ping_status":"closed","template":"","meta":{"_acf_changed":false,"_exactmetrics_skip_tracking":false,"_exactmetrics_sitenote_active":false,"_exactmetrics_sitenote_note":"","_exactmetrics_sitenote_category":0,"wp_social_preview_title":"","wp_social_preview_description":"","wp_social_preview_image":0,"footnotes":""},"class_list":["post-23602","page","type-page","status-publish","hentry"],"acf":[],"yoast_head":"<!-- This site is optimized with the Yoast SEO plugin v27.2 - https:\/\/yoast.com\/product\/yoast-seo-wordpress\/ -->\n<title>Legge n. 205 del 2017: legge di bilancio 2018 - Staging Avviso Pubblico<\/title>\n<meta name=\"robots\" content=\"noindex, follow, max-snippet:-1, max-image-preview:large, max-video-preview:-1\" \/>\n<meta property=\"og:locale\" content=\"it_IT\" \/>\n<meta property=\"og:type\" content=\"article\" \/>\n<meta property=\"og:title\" content=\"Legge n. 205 del 2017: legge di bilancio 2018 - Staging Avviso Pubblico\" \/>\n<meta property=\"og:description\" content=\"La\u00a0legge n. 205 del 27 dicembre 2017\u00a0contiene al suo interno alcune disposizioni in materia di comuni sciolti per mafia, certificazione antimafia, Agenzia per i beni&nbsp;[&hellip;]Leggi tutto Legge n. 205 del 2017: legge di bilancio 2018 &rarr;\" \/>\n<meta property=\"og:url\" content=\"https:\/\/welaikaadv.site\/avviso\/home\/cosa-facciamo\/informare\/osservatorio-parlamentare\/attivita-legislativa\/leggi-approvate\/legge-n-205-del-2017-legge-bilancio-2018\/\" \/>\n<meta property=\"og:site_name\" content=\"Staging Avviso Pubblico\" \/>\n<meta name=\"twitter:card\" content=\"summary_large_image\" \/>\n<meta name=\"twitter:label1\" content=\"Tempo di lettura stimato\" \/>\n\t<meta name=\"twitter:data1\" content=\"3 minuti\" \/>\n<script type=\"application\/ld+json\" class=\"yoast-schema-graph\">{\"@context\":\"https:\/\/schema.org\",\"@graph\":[{\"@type\":\"WebPage\",\"@id\":\"https:\/\/welaikaadv.site\/avviso\/home\/cosa-facciamo\/informare\/osservatorio-parlamentare\/attivita-legislativa\/leggi-approvate\/legge-n-205-del-2017-legge-bilancio-2018\/\",\"url\":\"https:\/\/welaikaadv.site\/avviso\/home\/cosa-facciamo\/informare\/osservatorio-parlamentare\/attivita-legislativa\/leggi-approvate\/legge-n-205-del-2017-legge-bilancio-2018\/\",\"name\":\"Legge n. 205 del 2017: legge di bilancio 2018 - Staging Avviso Pubblico\",\"isPartOf\":{\"@id\":\"https:\/\/welaikaadv.site\/avviso\/#website\"},\"datePublished\":\"2018-03-02T11:09:37+00:00\",\"breadcrumb\":{\"@id\":\"https:\/\/welaikaadv.site\/avviso\/home\/cosa-facciamo\/informare\/osservatorio-parlamentare\/attivita-legislativa\/leggi-approvate\/legge-n-205-del-2017-legge-bilancio-2018\/#breadcrumb\"},\"inLanguage\":\"it-IT\",\"potentialAction\":[{\"@type\":\"ReadAction\",\"target\":[\"https:\/\/welaikaadv.site\/avviso\/home\/cosa-facciamo\/informare\/osservatorio-parlamentare\/attivita-legislativa\/leggi-approvate\/legge-n-205-del-2017-legge-bilancio-2018\/\"]}]},{\"@type\":\"BreadcrumbList\",\"@id\":\"https:\/\/welaikaadv.site\/avviso\/home\/cosa-facciamo\/informare\/osservatorio-parlamentare\/attivita-legislativa\/leggi-approvate\/legge-n-205-del-2017-legge-bilancio-2018\/#breadcrumb\",\"itemListElement\":[{\"@type\":\"ListItem\",\"position\":1,\"name\":\"Home\",\"item\":\"https:\/\/welaikaadv.site\/avviso\/\"},{\"@type\":\"ListItem\",\"position\":2,\"name\":\"Legge n. 205 del 2017: legge di bilancio 2018\"}]},{\"@type\":\"WebSite\",\"@id\":\"https:\/\/welaikaadv.site\/avviso\/#website\",\"url\":\"https:\/\/welaikaadv.site\/avviso\/\",\"name\":\"Staging Avviso Pubblico\",\"description\":\"\",\"publisher\":{\"@id\":\"https:\/\/welaikaadv.site\/avviso\/#organization\"},\"potentialAction\":[{\"@type\":\"SearchAction\",\"target\":{\"@type\":\"EntryPoint\",\"urlTemplate\":\"https:\/\/welaikaadv.site\/avviso\/?s={search_term_string}\"},\"query-input\":{\"@type\":\"PropertyValueSpecification\",\"valueRequired\":true,\"valueName\":\"search_term_string\"}}],\"inLanguage\":\"it-IT\"},{\"@type\":\"Organization\",\"@id\":\"https:\/\/welaikaadv.site\/avviso\/#organization\",\"name\":\"Staging Avviso Pubblico\",\"url\":\"https:\/\/welaikaadv.site\/avviso\/\",\"logo\":{\"@type\":\"ImageObject\",\"inLanguage\":\"it-IT\",\"@id\":\"https:\/\/welaikaadv.site\/avviso\/#\/schema\/logo\/image\/\",\"url\":\"https:\/\/welaikaadv.site\/avviso\/wp-content\/uploads\/2024\/08\/logoAPsito-400.png\",\"contentUrl\":\"https:\/\/welaikaadv.site\/avviso\/wp-content\/uploads\/2024\/08\/logoAPsito-400.png\",\"width\":400,\"height\":97,\"caption\":\"Staging Avviso Pubblico\"},\"image\":{\"@id\":\"https:\/\/welaikaadv.site\/avviso\/#\/schema\/logo\/image\/\"}}]}<\/script>\n<!-- \/ Yoast SEO plugin. -->","yoast_head_json":{"title":"Legge n. 205 del 2017: legge di bilancio 2018 - Staging Avviso Pubblico","robots":{"index":"noindex","follow":"follow","max-snippet":"max-snippet:-1","max-image-preview":"max-image-preview:large","max-video-preview":"max-video-preview:-1"},"og_locale":"it_IT","og_type":"article","og_title":"Legge n. 205 del 2017: legge di bilancio 2018 - Staging Avviso Pubblico","og_description":"La\u00a0legge n. 205 del 27 dicembre 2017\u00a0contiene al suo interno alcune disposizioni in materia di comuni sciolti per mafia, certificazione antimafia, Agenzia per i beni&nbsp;[&hellip;]Leggi tutto Legge n. 205 del 2017: legge di bilancio 2018 &rarr;","og_url":"https:\/\/welaikaadv.site\/avviso\/home\/cosa-facciamo\/informare\/osservatorio-parlamentare\/attivita-legislativa\/leggi-approvate\/legge-n-205-del-2017-legge-bilancio-2018\/","og_site_name":"Staging Avviso Pubblico","twitter_card":"summary_large_image","twitter_misc":{"Tempo di lettura stimato":"3 minuti"},"schema":{"@context":"https:\/\/schema.org","@graph":[{"@type":"WebPage","@id":"https:\/\/welaikaadv.site\/avviso\/home\/cosa-facciamo\/informare\/osservatorio-parlamentare\/attivita-legislativa\/leggi-approvate\/legge-n-205-del-2017-legge-bilancio-2018\/","url":"https:\/\/welaikaadv.site\/avviso\/home\/cosa-facciamo\/informare\/osservatorio-parlamentare\/attivita-legislativa\/leggi-approvate\/legge-n-205-del-2017-legge-bilancio-2018\/","name":"Legge n. 205 del 2017: legge di bilancio 2018 - Staging Avviso Pubblico","isPartOf":{"@id":"https:\/\/welaikaadv.site\/avviso\/#website"},"datePublished":"2018-03-02T11:09:37+00:00","breadcrumb":{"@id":"https:\/\/welaikaadv.site\/avviso\/home\/cosa-facciamo\/informare\/osservatorio-parlamentare\/attivita-legislativa\/leggi-approvate\/legge-n-205-del-2017-legge-bilancio-2018\/#breadcrumb"},"inLanguage":"it-IT","potentialAction":[{"@type":"ReadAction","target":["https:\/\/welaikaadv.site\/avviso\/home\/cosa-facciamo\/informare\/osservatorio-parlamentare\/attivita-legislativa\/leggi-approvate\/legge-n-205-del-2017-legge-bilancio-2018\/"]}]},{"@type":"BreadcrumbList","@id":"https:\/\/welaikaadv.site\/avviso\/home\/cosa-facciamo\/informare\/osservatorio-parlamentare\/attivita-legislativa\/leggi-approvate\/legge-n-205-del-2017-legge-bilancio-2018\/#breadcrumb","itemListElement":[{"@type":"ListItem","position":1,"name":"Home","item":"https:\/\/welaikaadv.site\/avviso\/"},{"@type":"ListItem","position":2,"name":"Legge n. 205 del 2017: legge di bilancio 2018"}]},{"@type":"WebSite","@id":"https:\/\/welaikaadv.site\/avviso\/#website","url":"https:\/\/welaikaadv.site\/avviso\/","name":"Staging Avviso Pubblico","description":"","publisher":{"@id":"https:\/\/welaikaadv.site\/avviso\/#organization"},"potentialAction":[{"@type":"SearchAction","target":{"@type":"EntryPoint","urlTemplate":"https:\/\/welaikaadv.site\/avviso\/?s={search_term_string}"},"query-input":{"@type":"PropertyValueSpecification","valueRequired":true,"valueName":"search_term_string"}}],"inLanguage":"it-IT"},{"@type":"Organization","@id":"https:\/\/welaikaadv.site\/avviso\/#organization","name":"Staging Avviso Pubblico","url":"https:\/\/welaikaadv.site\/avviso\/","logo":{"@type":"ImageObject","inLanguage":"it-IT","@id":"https:\/\/welaikaadv.site\/avviso\/#\/schema\/logo\/image\/","url":"https:\/\/welaikaadv.site\/avviso\/wp-content\/uploads\/2024\/08\/logoAPsito-400.png","contentUrl":"https:\/\/welaikaadv.site\/avviso\/wp-content\/uploads\/2024\/08\/logoAPsito-400.png","width":400,"height":97,"caption":"Staging Avviso Pubblico"},"image":{"@id":"https:\/\/welaikaadv.site\/avviso\/#\/schema\/logo\/image\/"}}]}},"_links":{"self":[{"href":"https:\/\/welaikaadv.site\/avviso\/wp-json\/wp\/v2\/pages\/23602","targetHints":{"allow":["GET"]}}],"collection":[{"href":"https:\/\/welaikaadv.site\/avviso\/wp-json\/wp\/v2\/pages"}],"about":[{"href":"https:\/\/welaikaadv.site\/avviso\/wp-json\/wp\/v2\/types\/page"}],"author":[{"embeddable":true,"href":"https:\/\/welaikaadv.site\/avviso\/wp-json\/wp\/v2\/users\/1"}],"replies":[{"embeddable":true,"href":"https:\/\/welaikaadv.site\/avviso\/wp-json\/wp\/v2\/comments?post=23602"}],"version-history":[{"count":0,"href":"https:\/\/welaikaadv.site\/avviso\/wp-json\/wp\/v2\/pages\/23602\/revisions"}],"up":[{"embeddable":true,"href":"https:\/\/welaikaadv.site\/avviso\/wp-json\/wp\/v2\/pages\/2575"}],"wp:attachment":[{"href":"https:\/\/welaikaadv.site\/avviso\/wp-json\/wp\/v2\/media?parent=23602"}],"curies":[{"name":"wp","href":"https:\/\/api.w.org\/{rel}","templated":true}]}}