{"id":23606,"date":"2018-03-05T10:25:40","date_gmt":"2018-03-05T09:25:40","guid":{"rendered":"http:\/\/www.avvisopubblico.it\/home\/?page_id=19630"},"modified":"2018-03-05T10:25:40","modified_gmt":"2018-03-05T09:25:40","slug":"decreto-legislativo-n-38-del-2017-sulla-lotta-la-corruzione-nel-settore-privato","status":"publish","type":"page","link":"https:\/\/welaikaadv.site\/avviso\/home\/cosa-facciamo\/informare\/osservatorio-parlamentare\/attivita-legislativa\/leggi-approvate\/decreto-legislativo-n-38-del-2017-sulla-lotta-la-corruzione-nel-settore-privato\/","title":{"rendered":"Decreto legislativo n. 38 del 2017 sulla lotta contro la corruzione nel settore privato"},"content":{"rendered":"<p>Il\u00a0<a href=\"http:\/\/www.normattiva.it\/uri-res\/N2Ls?urn:nir:stato:decreto.legislativo:2017;38\"><strong>decreto legislativo n. 38 del 2017<\/strong><\/a>\u00a0<em>Attuazione della decisione quadro 2003\/568\/GAI relativa alla lotta contro la corruzione nel settore privato<\/em>\u00a0\u00e8 volto a uniformare l\u2019attuale disciplina alla normativa europea, secondo i princ\u00ecpi stabiliti dalla Convenzione penale sulla corruzione sottoscritta a Strasburgo il 27 gennaio 1999 e ratificata dall\u2019Italia con legge n. 110 del 2012.<\/p>\n<p>In particolare, vengono riformulate le fattispecie di corruzione tra privati di cui agli artt. 2635 e 2635 bis del codice civile, includendo tra i possibili responsabili di corruzione passiva, assieme a coloro che rivestono posizioni di vertice di amministrazione o di controllo, anche i soggetti che svolgono attivit\u00e0 lavorativa con l\u2019esercizio di funzioni direttive presso societ\u00e0 o enti privati, e prevedendo la punibilit\u00e0 di colui che offre, promette o d\u00e0 denaro o altra utilit\u00e0 non dovuti alle persone sopra indicate. Con il nuovo art. 2635-ter c.c., in materia di pene accessorie, la condanna per i reati di cui agli articoli 2635 e 2635 bis c.c. comporta, in ogni caso, l\u2019interdizione temporanea dagli uffici direttivi delle persone giuridiche e delle imprese. Infine, \u00e8 stato modificato l\u2019articolo 25 ter, lettera s-bis), del d.lgs. n. 231 del 2001 con riferimento al profilo della responsabilit\u00e0 delle persone giuridiche in relazione al delitto di corruzione tra privati.<\/p>\n<p><em>Per maggiori informazioni leggi il\u00a0<strong><a href=\"http:\/\/documenti.camera.it\/Leg17\/Dossier\/Pdf\/GI0557.Pdf\">dossier<\/a><\/strong>\u00a0del Servizio Studi di Camera e Senato<\/em><\/p>\n","protected":false},"excerpt":{"rendered":"<p>Il\u00a0decreto legislativo n. 38 del 2017\u00a0Attuazione della decisione quadro 2003\/568\/GAI relativa alla lotta contro la corruzione nel settore privato\u00a0\u00e8 volto a uniformare l\u2019attuale disciplina alla&nbsp;<span class=\"hellipsis\">[&hellip;]<\/span><a class=\"more-link\" href=\"https:\/\/welaikaadv.site\/avviso\/home\/cosa-facciamo\/informare\/osservatorio-parlamentare\/attivita-legislativa\/leggi-approvate\/decreto-legislativo-n-38-del-2017-sulla-lotta-la-corruzione-nel-settore-privato\/\">Leggi tutto <span class=\"screen-reader-text\">Decreto legislativo n. 38 del 2017 sulla lotta contro la corruzione nel settore privato<\/span> <span class=\"meta-nav\" aria-hidden=\"true\">&rarr;<\/span><\/a><\/p>\n","protected":false},"author":1,"featured_media":0,"parent":2575,"menu_order":300,"comment_status":"closed","ping_status":"closed","template":"","meta":{"_acf_changed":false,"_exactmetrics_skip_tracking":false,"_exactmetrics_sitenote_active":false,"_exactmetrics_sitenote_note":"","_exactmetrics_sitenote_category":0,"wp_social_preview_title":"","wp_social_preview_description":"","wp_social_preview_image":0,"footnotes":""},"class_list":["post-23606","page","type-page","status-publish","hentry"],"acf":[],"yoast_head":"<!-- This site is optimized with the Yoast SEO plugin v27.2 - https:\/\/yoast.com\/product\/yoast-seo-wordpress\/ -->\n<title>Decreto legislativo n. 38 del 2017 sulla lotta contro la corruzione nel settore privato - Staging Avviso Pubblico<\/title>\n<meta name=\"robots\" content=\"noindex, follow, max-snippet:-1, max-image-preview:large, max-video-preview:-1\" \/>\n<meta property=\"og:locale\" content=\"it_IT\" \/>\n<meta property=\"og:type\" content=\"article\" \/>\n<meta property=\"og:title\" content=\"Decreto legislativo n. 38 del 2017 sulla lotta contro la corruzione nel settore privato - Staging Avviso Pubblico\" \/>\n<meta property=\"og:description\" content=\"Il\u00a0decreto legislativo n. 38 del 2017\u00a0Attuazione della decisione quadro 2003\/568\/GAI relativa alla lotta contro la corruzione nel settore privato\u00a0\u00e8 volto a uniformare l\u2019attuale disciplina alla&nbsp;[&hellip;]Leggi tutto Decreto legislativo n. 38 del 2017 sulla lotta contro la corruzione nel settore privato &rarr;\" \/>\n<meta property=\"og:url\" content=\"https:\/\/welaikaadv.site\/avviso\/home\/cosa-facciamo\/informare\/osservatorio-parlamentare\/attivita-legislativa\/leggi-approvate\/decreto-legislativo-n-38-del-2017-sulla-lotta-la-corruzione-nel-settore-privato\/\" \/>\n<meta property=\"og:site_name\" content=\"Staging Avviso Pubblico\" \/>\n<meta name=\"twitter:card\" content=\"summary_large_image\" \/>\n<meta name=\"twitter:label1\" content=\"Tempo di lettura stimato\" \/>\n\t<meta name=\"twitter:data1\" content=\"1 minuto\" \/>\n<script type=\"application\/ld+json\" class=\"yoast-schema-graph\">{\"@context\":\"https:\/\/schema.org\",\"@graph\":[{\"@type\":\"WebPage\",\"@id\":\"https:\/\/welaikaadv.site\/avviso\/home\/cosa-facciamo\/informare\/osservatorio-parlamentare\/attivita-legislativa\/leggi-approvate\/decreto-legislativo-n-38-del-2017-sulla-lotta-la-corruzione-nel-settore-privato\/\",\"url\":\"https:\/\/welaikaadv.site\/avviso\/home\/cosa-facciamo\/informare\/osservatorio-parlamentare\/attivita-legislativa\/leggi-approvate\/decreto-legislativo-n-38-del-2017-sulla-lotta-la-corruzione-nel-settore-privato\/\",\"name\":\"Decreto legislativo n. 38 del 2017 sulla lotta contro la corruzione nel settore privato - Staging Avviso Pubblico\",\"isPartOf\":{\"@id\":\"https:\/\/welaikaadv.site\/avviso\/#website\"},\"datePublished\":\"2018-03-05T09:25:40+00:00\",\"breadcrumb\":{\"@id\":\"https:\/\/welaikaadv.site\/avviso\/home\/cosa-facciamo\/informare\/osservatorio-parlamentare\/attivita-legislativa\/leggi-approvate\/decreto-legislativo-n-38-del-2017-sulla-lotta-la-corruzione-nel-settore-privato\/#breadcrumb\"},\"inLanguage\":\"it-IT\",\"potentialAction\":[{\"@type\":\"ReadAction\",\"target\":[\"https:\/\/welaikaadv.site\/avviso\/home\/cosa-facciamo\/informare\/osservatorio-parlamentare\/attivita-legislativa\/leggi-approvate\/decreto-legislativo-n-38-del-2017-sulla-lotta-la-corruzione-nel-settore-privato\/\"]}]},{\"@type\":\"BreadcrumbList\",\"@id\":\"https:\/\/welaikaadv.site\/avviso\/home\/cosa-facciamo\/informare\/osservatorio-parlamentare\/attivita-legislativa\/leggi-approvate\/decreto-legislativo-n-38-del-2017-sulla-lotta-la-corruzione-nel-settore-privato\/#breadcrumb\",\"itemListElement\":[{\"@type\":\"ListItem\",\"position\":1,\"name\":\"Home\",\"item\":\"https:\/\/welaikaadv.site\/avviso\/\"},{\"@type\":\"ListItem\",\"position\":2,\"name\":\"Decreto legislativo n. 38 del 2017 sulla lotta contro la corruzione nel settore privato\"}]},{\"@type\":\"WebSite\",\"@id\":\"https:\/\/welaikaadv.site\/avviso\/#website\",\"url\":\"https:\/\/welaikaadv.site\/avviso\/\",\"name\":\"Staging Avviso Pubblico\",\"description\":\"\",\"publisher\":{\"@id\":\"https:\/\/welaikaadv.site\/avviso\/#organization\"},\"potentialAction\":[{\"@type\":\"SearchAction\",\"target\":{\"@type\":\"EntryPoint\",\"urlTemplate\":\"https:\/\/welaikaadv.site\/avviso\/?s={search_term_string}\"},\"query-input\":{\"@type\":\"PropertyValueSpecification\",\"valueRequired\":true,\"valueName\":\"search_term_string\"}}],\"inLanguage\":\"it-IT\"},{\"@type\":\"Organization\",\"@id\":\"https:\/\/welaikaadv.site\/avviso\/#organization\",\"name\":\"Staging Avviso Pubblico\",\"url\":\"https:\/\/welaikaadv.site\/avviso\/\",\"logo\":{\"@type\":\"ImageObject\",\"inLanguage\":\"it-IT\",\"@id\":\"https:\/\/welaikaadv.site\/avviso\/#\/schema\/logo\/image\/\",\"url\":\"https:\/\/welaikaadv.site\/avviso\/wp-content\/uploads\/2024\/08\/logoAPsito-400.png\",\"contentUrl\":\"https:\/\/welaikaadv.site\/avviso\/wp-content\/uploads\/2024\/08\/logoAPsito-400.png\",\"width\":400,\"height\":97,\"caption\":\"Staging Avviso Pubblico\"},\"image\":{\"@id\":\"https:\/\/welaikaadv.site\/avviso\/#\/schema\/logo\/image\/\"}}]}<\/script>\n<!-- \/ Yoast SEO plugin. -->","yoast_head_json":{"title":"Decreto legislativo n. 38 del 2017 sulla lotta contro la corruzione nel settore privato - Staging Avviso Pubblico","robots":{"index":"noindex","follow":"follow","max-snippet":"max-snippet:-1","max-image-preview":"max-image-preview:large","max-video-preview":"max-video-preview:-1"},"og_locale":"it_IT","og_type":"article","og_title":"Decreto legislativo n. 38 del 2017 sulla lotta contro la corruzione nel settore privato - Staging Avviso Pubblico","og_description":"Il\u00a0decreto legislativo n. 38 del 2017\u00a0Attuazione della decisione quadro 2003\/568\/GAI relativa alla lotta contro la corruzione nel settore privato\u00a0\u00e8 volto a uniformare l\u2019attuale disciplina alla&nbsp;[&hellip;]Leggi tutto Decreto legislativo n. 38 del 2017 sulla lotta contro la corruzione nel settore privato &rarr;","og_url":"https:\/\/welaikaadv.site\/avviso\/home\/cosa-facciamo\/informare\/osservatorio-parlamentare\/attivita-legislativa\/leggi-approvate\/decreto-legislativo-n-38-del-2017-sulla-lotta-la-corruzione-nel-settore-privato\/","og_site_name":"Staging Avviso Pubblico","twitter_card":"summary_large_image","twitter_misc":{"Tempo di lettura stimato":"1 minuto"},"schema":{"@context":"https:\/\/schema.org","@graph":[{"@type":"WebPage","@id":"https:\/\/welaikaadv.site\/avviso\/home\/cosa-facciamo\/informare\/osservatorio-parlamentare\/attivita-legislativa\/leggi-approvate\/decreto-legislativo-n-38-del-2017-sulla-lotta-la-corruzione-nel-settore-privato\/","url":"https:\/\/welaikaadv.site\/avviso\/home\/cosa-facciamo\/informare\/osservatorio-parlamentare\/attivita-legislativa\/leggi-approvate\/decreto-legislativo-n-38-del-2017-sulla-lotta-la-corruzione-nel-settore-privato\/","name":"Decreto legislativo n. 38 del 2017 sulla lotta contro la corruzione nel settore privato - Staging Avviso Pubblico","isPartOf":{"@id":"https:\/\/welaikaadv.site\/avviso\/#website"},"datePublished":"2018-03-05T09:25:40+00:00","breadcrumb":{"@id":"https:\/\/welaikaadv.site\/avviso\/home\/cosa-facciamo\/informare\/osservatorio-parlamentare\/attivita-legislativa\/leggi-approvate\/decreto-legislativo-n-38-del-2017-sulla-lotta-la-corruzione-nel-settore-privato\/#breadcrumb"},"inLanguage":"it-IT","potentialAction":[{"@type":"ReadAction","target":["https:\/\/welaikaadv.site\/avviso\/home\/cosa-facciamo\/informare\/osservatorio-parlamentare\/attivita-legislativa\/leggi-approvate\/decreto-legislativo-n-38-del-2017-sulla-lotta-la-corruzione-nel-settore-privato\/"]}]},{"@type":"BreadcrumbList","@id":"https:\/\/welaikaadv.site\/avviso\/home\/cosa-facciamo\/informare\/osservatorio-parlamentare\/attivita-legislativa\/leggi-approvate\/decreto-legislativo-n-38-del-2017-sulla-lotta-la-corruzione-nel-settore-privato\/#breadcrumb","itemListElement":[{"@type":"ListItem","position":1,"name":"Home","item":"https:\/\/welaikaadv.site\/avviso\/"},{"@type":"ListItem","position":2,"name":"Decreto legislativo n. 38 del 2017 sulla lotta contro la corruzione nel settore privato"}]},{"@type":"WebSite","@id":"https:\/\/welaikaadv.site\/avviso\/#website","url":"https:\/\/welaikaadv.site\/avviso\/","name":"Staging Avviso Pubblico","description":"","publisher":{"@id":"https:\/\/welaikaadv.site\/avviso\/#organization"},"potentialAction":[{"@type":"SearchAction","target":{"@type":"EntryPoint","urlTemplate":"https:\/\/welaikaadv.site\/avviso\/?s={search_term_string}"},"query-input":{"@type":"PropertyValueSpecification","valueRequired":true,"valueName":"search_term_string"}}],"inLanguage":"it-IT"},{"@type":"Organization","@id":"https:\/\/welaikaadv.site\/avviso\/#organization","name":"Staging Avviso Pubblico","url":"https:\/\/welaikaadv.site\/avviso\/","logo":{"@type":"ImageObject","inLanguage":"it-IT","@id":"https:\/\/welaikaadv.site\/avviso\/#\/schema\/logo\/image\/","url":"https:\/\/welaikaadv.site\/avviso\/wp-content\/uploads\/2024\/08\/logoAPsito-400.png","contentUrl":"https:\/\/welaikaadv.site\/avviso\/wp-content\/uploads\/2024\/08\/logoAPsito-400.png","width":400,"height":97,"caption":"Staging Avviso Pubblico"},"image":{"@id":"https:\/\/welaikaadv.site\/avviso\/#\/schema\/logo\/image\/"}}]}},"_links":{"self":[{"href":"https:\/\/welaikaadv.site\/avviso\/wp-json\/wp\/v2\/pages\/23606","targetHints":{"allow":["GET"]}}],"collection":[{"href":"https:\/\/welaikaadv.site\/avviso\/wp-json\/wp\/v2\/pages"}],"about":[{"href":"https:\/\/welaikaadv.site\/avviso\/wp-json\/wp\/v2\/types\/page"}],"author":[{"embeddable":true,"href":"https:\/\/welaikaadv.site\/avviso\/wp-json\/wp\/v2\/users\/1"}],"replies":[{"embeddable":true,"href":"https:\/\/welaikaadv.site\/avviso\/wp-json\/wp\/v2\/comments?post=23606"}],"version-history":[{"count":0,"href":"https:\/\/welaikaadv.site\/avviso\/wp-json\/wp\/v2\/pages\/23606\/revisions"}],"up":[{"embeddable":true,"href":"https:\/\/welaikaadv.site\/avviso\/wp-json\/wp\/v2\/pages\/2575"}],"wp:attachment":[{"href":"https:\/\/welaikaadv.site\/avviso\/wp-json\/wp\/v2\/media?parent=23606"}],"curies":[{"name":"wp","href":"https:\/\/api.w.org\/{rel}","templated":true}]}}