{"id":23618,"date":"2018-03-05T12:31:00","date_gmt":"2018-03-05T11:31:00","guid":{"rendered":"http:\/\/www.avvisopubblico.it\/home\/?page_id=19653"},"modified":"2018-03-05T12:31:00","modified_gmt":"2018-03-05T11:31:00","slug":"movimento-dellantimafia-sociale-lanalisi-della-commissione-antimafia","status":"publish","type":"page","link":"https:\/\/welaikaadv.site\/avviso\/home\/cosa-facciamo\/informare\/osservatorio-parlamentare\/attivita-dinchiesta\/attivita-dinchiesta-xvii\/commissione-bicamerale-antimafia\/movimento-dellantimafia-sociale-lanalisi-della-commissione-antimafia\/","title":{"rendered":"Il movimento dell\u2019antimafia sociale: l\u2019analisi della Commissione antimafia"},"content":{"rendered":"<p><strong>Premessa<\/strong>. Nell\u2019ambito della\u00a0<strong><a href=\"https:\/\/welaikaadv.site\/avviso\/presentata-in-senato-la-relazione-conclusiva-della-commissione-antimafia-scarica-il-testo-integrale\/\">relazione conclusiva del 7 febbraio 2018<\/a><\/strong>, qui di seguito riassunta, viene dedicata una specifica attenzione alle deviazioni di settori del movimento civile dell\u2019antimafia, utilizzato talora \u00a0come mezzo per il perseguimento di interessi personali e di avanzamento di carriera di appartenenti al mondo politico e delle professioni; in alcuni casi \u00e8 stata la stessa mafia ad infiltrarsi nel movimento antimafia per accreditarsi con le pubbliche amministrazioni in vista dell\u2019aggiudicazione degli appalti.<\/p>\n<p><strong>L\u2019\u201cinquinamento morale\u201d del movimento antimafia<\/strong>. La relazione ricorda alcuni inquietanti episodi che hanno coinvolto amministratori locali, giornalisti, esponenti del movimento antiracket (inclusi imprenditori aderenti a Confindustria) e addirittura il presidente della sezione misure di prevenzione del tribunale di Palermo, punto di riferimento in tema di riutilizzo dei beni confiscati: tutti personaggi molto noti e considerati simboli della lotta alle mafie. Sono emersi anche casi di gestione anomala di fondi pubblici o di utilizzo improprio di servizi di scorta. Tutti elementi che possono minare la credibilit\u00e0 dell\u2019intero campo dell\u2019antimafia e hanno spinto le stesse associazioni ad adottare forme di controllo interno pi\u00f9 stringente.<\/p>\n<p>Ci\u00f2 ha indotto la Commissione ad effettuare un\u2019approfondita disamina della situazione (vedi le\u00a0<a href=\"https:\/\/welaikaadv.site\/avviso\/home\/cosa-facciamo\/informare\/osservatorio-parlamentare\/attivita-dinchiesta\/attivita-dinchiesta-xvii\/commissione-bicamerale-antimafia\/commissione-antimafia-audizioni-sullevoluzione-delle-organizzazioni-criminali-e-dei-movimenti-antimafia\/\"><strong>audizioni compiute nel corso della legislatura<\/strong><\/a>) per \u201cverificare quali fossero gli strumenti culturali, sociali, associativi e istituzionali che potevano garantire un effettivo presidio contro i condizionamenti criminali\u201d.<\/p>\n<p><strong>Il ruolo dell\u2019antimafia sociale<\/strong>. Un movimento espressione di una sana ribellione della societ\u00e0 civile contro la ferocia di Cosa Nostra, che dalla Sicilia si \u00e8 esteso in tutta Italia, significativamente anche in quelle regioni del Centro \u2013 Nord dove invece si \u00e8 negata a lungo l\u2019esistenza stessa di una presenza mafiosa; sviluppatosi forse in modo troppo rapido e in difficolt\u00e0 nel leggere l\u2019evoluzione del metodo mafioso e i nuovi fenomeni criminali rispetto alla fase stragista. Risulta per\u00f2 essenziale \u201csalvaguardare e rilanciare un ricco patrimonio di esperienze e prassi di contrasto dei poteri mafiosi che ha dato un grande contributo in ambito sia locale che nazionale\u201d sia nella sensibilizzazione dell\u2019opinione pubblica (in particolare tra i giovani), nella difesa delle vittime delle mafie e nello stimolo nei confronti delle Istituzioni per l\u2019adozione di pi\u00f9 rigorose misure di contrasto: un ruolo talora di vera e propria supplenza nei confronti dello Stato.<\/p>\n<p><strong>L\u2019Italia oggi \u00e8 \u201cpi\u00f9 mafiosa\u201d?<\/strong>\u00a0\u00a0Questa l\u2019affermazione provocatoria della Commissione nel descrivere la situazione attuale: da un lato, un sistema normativo di contrasto delle mafie all\u2019avanguardia e alcuni centri di eccellenza nella magistratura e nelle forze dell\u2019ordine; dall\u2019altro, il permanere di situazioni di scarsa consapevolezza ed inadeguata formazione in determinati contesti, che facilita la penetrazione dei gruppi criminali nelle istituzioni e nell\u2019economia. E settori della societ\u00e0 civile che stringono alleanze con i clan mafiosi per ottenere determinati reciproci vantaggi, e in tal modo consentono ai gruppi criminali di compensare i pesanti colpi inferti dall\u2019azione repressiva dello Stato. In questo contesto aumenta l\u2019area delle illegalit\u00e0: \u201cla corruzione sistemica ha regalato forza alle organizzazioni mafiose, tanto da avere incoraggiato il convincimento, un po\u2019 azzardato in realt\u00e0, che la mafia odierna non abbia pi\u00f9 bisogno di ricorrere ad alcuna forma di violenza perch\u00e9 in grado di piegare ogni volont\u00e0 ostile con il puro impiego della corruzione\u2026 La corruzione \u00e8 l\u2019autostrada sulla quale le organizzazioni mafiose recuperano continuamente il terreno perduto trovando come provvidenziale alleato un diffuso spirito pubblico, costruito sulla centralit\u00e0 ideologica del denaro e del successo\u201d.<\/p>\n<p>Proprio da tale analisi nasce il bisogno di rilanciare le buone ragioni dell\u2019antimafia e di un fattivo contributo delle associazioni che ne fanno parte nella lotta per l\u2019affermarsi del principio di legalit\u00e0.<\/p>\n","protected":false},"excerpt":{"rendered":"<p>Premessa. Nell\u2019ambito della\u00a0relazione conclusiva del 7 febbraio 2018, qui di seguito riassunta, viene dedicata una specifica attenzione alle deviazioni di settori del movimento civile dell\u2019antimafia,&nbsp;<span class=\"hellipsis\">[&hellip;]<\/span><a class=\"more-link\" href=\"https:\/\/welaikaadv.site\/avviso\/home\/cosa-facciamo\/informare\/osservatorio-parlamentare\/attivita-dinchiesta\/attivita-dinchiesta-xvii\/commissione-bicamerale-antimafia\/movimento-dellantimafia-sociale-lanalisi-della-commissione-antimafia\/\">Leggi tutto <span class=\"screen-reader-text\">Il movimento dell\u2019antimafia sociale: l\u2019analisi della Commissione antimafia<\/span> <span class=\"meta-nav\" aria-hidden=\"true\">&rarr;<\/span><\/a><\/p>\n","protected":false},"author":1,"featured_media":0,"parent":2662,"menu_order":0,"comment_status":"closed","ping_status":"closed","template":"","meta":{"_acf_changed":false,"_exactmetrics_skip_tracking":false,"_exactmetrics_sitenote_active":false,"_exactmetrics_sitenote_note":"","_exactmetrics_sitenote_category":0,"wp_social_preview_title":"","wp_social_preview_description":"","wp_social_preview_image":0,"footnotes":""},"class_list":["post-23618","page","type-page","status-publish","hentry"],"acf":[],"yoast_head":"<!-- This site is optimized with the Yoast SEO plugin v27.2 - https:\/\/yoast.com\/product\/yoast-seo-wordpress\/ -->\n<title>Il movimento dell\u2019antimafia sociale: l\u2019analisi della Commissione antimafia - Staging Avviso Pubblico<\/title>\n<meta name=\"robots\" content=\"noindex, follow, max-snippet:-1, max-image-preview:large, max-video-preview:-1\" \/>\n<meta property=\"og:locale\" content=\"it_IT\" \/>\n<meta property=\"og:type\" content=\"article\" \/>\n<meta property=\"og:title\" content=\"Il movimento dell\u2019antimafia sociale: l\u2019analisi della Commissione antimafia - Staging Avviso Pubblico\" \/>\n<meta property=\"og:description\" content=\"Premessa. Nell\u2019ambito della\u00a0relazione conclusiva del 7 febbraio 2018, qui di seguito riassunta, viene dedicata una specifica attenzione alle deviazioni di settori del movimento civile dell\u2019antimafia,&nbsp;[&hellip;]Leggi tutto Il movimento dell\u2019antimafia sociale: l\u2019analisi della Commissione antimafia &rarr;\" \/>\n<meta property=\"og:url\" content=\"https:\/\/welaikaadv.site\/avviso\/home\/cosa-facciamo\/informare\/osservatorio-parlamentare\/attivita-dinchiesta\/attivita-dinchiesta-xvii\/commissione-bicamerale-antimafia\/movimento-dellantimafia-sociale-lanalisi-della-commissione-antimafia\/\" \/>\n<meta property=\"og:site_name\" content=\"Staging Avviso Pubblico\" \/>\n<meta name=\"twitter:card\" content=\"summary_large_image\" \/>\n<meta name=\"twitter:label1\" content=\"Tempo di lettura stimato\" \/>\n\t<meta name=\"twitter:data1\" content=\"3 minuti\" \/>\n<script type=\"application\/ld+json\" class=\"yoast-schema-graph\">{\"@context\":\"https:\/\/schema.org\",\"@graph\":[{\"@type\":\"WebPage\",\"@id\":\"https:\/\/welaikaadv.site\/avviso\/home\/cosa-facciamo\/informare\/osservatorio-parlamentare\/attivita-dinchiesta\/attivita-dinchiesta-xvii\/commissione-bicamerale-antimafia\/movimento-dellantimafia-sociale-lanalisi-della-commissione-antimafia\/\",\"url\":\"https:\/\/welaikaadv.site\/avviso\/home\/cosa-facciamo\/informare\/osservatorio-parlamentare\/attivita-dinchiesta\/attivita-dinchiesta-xvii\/commissione-bicamerale-antimafia\/movimento-dellantimafia-sociale-lanalisi-della-commissione-antimafia\/\",\"name\":\"Il movimento dell\u2019antimafia sociale: l\u2019analisi della Commissione antimafia - Staging Avviso Pubblico\",\"isPartOf\":{\"@id\":\"https:\/\/welaikaadv.site\/avviso\/#website\"},\"datePublished\":\"2018-03-05T11:31:00+00:00\",\"breadcrumb\":{\"@id\":\"https:\/\/welaikaadv.site\/avviso\/home\/cosa-facciamo\/informare\/osservatorio-parlamentare\/attivita-dinchiesta\/attivita-dinchiesta-xvii\/commissione-bicamerale-antimafia\/movimento-dellantimafia-sociale-lanalisi-della-commissione-antimafia\/#breadcrumb\"},\"inLanguage\":\"it-IT\",\"potentialAction\":[{\"@type\":\"ReadAction\",\"target\":[\"https:\/\/welaikaadv.site\/avviso\/home\/cosa-facciamo\/informare\/osservatorio-parlamentare\/attivita-dinchiesta\/attivita-dinchiesta-xvii\/commissione-bicamerale-antimafia\/movimento-dellantimafia-sociale-lanalisi-della-commissione-antimafia\/\"]}]},{\"@type\":\"BreadcrumbList\",\"@id\":\"https:\/\/welaikaadv.site\/avviso\/home\/cosa-facciamo\/informare\/osservatorio-parlamentare\/attivita-dinchiesta\/attivita-dinchiesta-xvii\/commissione-bicamerale-antimafia\/movimento-dellantimafia-sociale-lanalisi-della-commissione-antimafia\/#breadcrumb\",\"itemListElement\":[{\"@type\":\"ListItem\",\"position\":1,\"name\":\"Home\",\"item\":\"https:\/\/welaikaadv.site\/avviso\/\"},{\"@type\":\"ListItem\",\"position\":2,\"name\":\"Il movimento dell\u2019antimafia sociale: l\u2019analisi della Commissione antimafia\"}]},{\"@type\":\"WebSite\",\"@id\":\"https:\/\/welaikaadv.site\/avviso\/#website\",\"url\":\"https:\/\/welaikaadv.site\/avviso\/\",\"name\":\"Staging Avviso Pubblico\",\"description\":\"\",\"publisher\":{\"@id\":\"https:\/\/welaikaadv.site\/avviso\/#organization\"},\"potentialAction\":[{\"@type\":\"SearchAction\",\"target\":{\"@type\":\"EntryPoint\",\"urlTemplate\":\"https:\/\/welaikaadv.site\/avviso\/?s={search_term_string}\"},\"query-input\":{\"@type\":\"PropertyValueSpecification\",\"valueRequired\":true,\"valueName\":\"search_term_string\"}}],\"inLanguage\":\"it-IT\"},{\"@type\":\"Organization\",\"@id\":\"https:\/\/welaikaadv.site\/avviso\/#organization\",\"name\":\"Staging Avviso Pubblico\",\"url\":\"https:\/\/welaikaadv.site\/avviso\/\",\"logo\":{\"@type\":\"ImageObject\",\"inLanguage\":\"it-IT\",\"@id\":\"https:\/\/welaikaadv.site\/avviso\/#\/schema\/logo\/image\/\",\"url\":\"https:\/\/welaikaadv.site\/avviso\/wp-content\/uploads\/2024\/08\/logoAPsito-400.png\",\"contentUrl\":\"https:\/\/welaikaadv.site\/avviso\/wp-content\/uploads\/2024\/08\/logoAPsito-400.png\",\"width\":400,\"height\":97,\"caption\":\"Staging Avviso Pubblico\"},\"image\":{\"@id\":\"https:\/\/welaikaadv.site\/avviso\/#\/schema\/logo\/image\/\"}}]}<\/script>\n<!-- \/ Yoast SEO plugin. -->","yoast_head_json":{"title":"Il movimento dell\u2019antimafia sociale: l\u2019analisi della Commissione antimafia - Staging Avviso Pubblico","robots":{"index":"noindex","follow":"follow","max-snippet":"max-snippet:-1","max-image-preview":"max-image-preview:large","max-video-preview":"max-video-preview:-1"},"og_locale":"it_IT","og_type":"article","og_title":"Il movimento dell\u2019antimafia sociale: l\u2019analisi della Commissione antimafia - Staging Avviso Pubblico","og_description":"Premessa. Nell\u2019ambito della\u00a0relazione conclusiva del 7 febbraio 2018, qui di seguito riassunta, viene dedicata una specifica attenzione alle deviazioni di settori del movimento civile dell\u2019antimafia,&nbsp;[&hellip;]Leggi tutto Il movimento dell\u2019antimafia sociale: l\u2019analisi della Commissione antimafia &rarr;","og_url":"https:\/\/welaikaadv.site\/avviso\/home\/cosa-facciamo\/informare\/osservatorio-parlamentare\/attivita-dinchiesta\/attivita-dinchiesta-xvii\/commissione-bicamerale-antimafia\/movimento-dellantimafia-sociale-lanalisi-della-commissione-antimafia\/","og_site_name":"Staging Avviso Pubblico","twitter_card":"summary_large_image","twitter_misc":{"Tempo di lettura stimato":"3 minuti"},"schema":{"@context":"https:\/\/schema.org","@graph":[{"@type":"WebPage","@id":"https:\/\/welaikaadv.site\/avviso\/home\/cosa-facciamo\/informare\/osservatorio-parlamentare\/attivita-dinchiesta\/attivita-dinchiesta-xvii\/commissione-bicamerale-antimafia\/movimento-dellantimafia-sociale-lanalisi-della-commissione-antimafia\/","url":"https:\/\/welaikaadv.site\/avviso\/home\/cosa-facciamo\/informare\/osservatorio-parlamentare\/attivita-dinchiesta\/attivita-dinchiesta-xvii\/commissione-bicamerale-antimafia\/movimento-dellantimafia-sociale-lanalisi-della-commissione-antimafia\/","name":"Il movimento dell\u2019antimafia sociale: l\u2019analisi della Commissione antimafia - Staging Avviso Pubblico","isPartOf":{"@id":"https:\/\/welaikaadv.site\/avviso\/#website"},"datePublished":"2018-03-05T11:31:00+00:00","breadcrumb":{"@id":"https:\/\/welaikaadv.site\/avviso\/home\/cosa-facciamo\/informare\/osservatorio-parlamentare\/attivita-dinchiesta\/attivita-dinchiesta-xvii\/commissione-bicamerale-antimafia\/movimento-dellantimafia-sociale-lanalisi-della-commissione-antimafia\/#breadcrumb"},"inLanguage":"it-IT","potentialAction":[{"@type":"ReadAction","target":["https:\/\/welaikaadv.site\/avviso\/home\/cosa-facciamo\/informare\/osservatorio-parlamentare\/attivita-dinchiesta\/attivita-dinchiesta-xvii\/commissione-bicamerale-antimafia\/movimento-dellantimafia-sociale-lanalisi-della-commissione-antimafia\/"]}]},{"@type":"BreadcrumbList","@id":"https:\/\/welaikaadv.site\/avviso\/home\/cosa-facciamo\/informare\/osservatorio-parlamentare\/attivita-dinchiesta\/attivita-dinchiesta-xvii\/commissione-bicamerale-antimafia\/movimento-dellantimafia-sociale-lanalisi-della-commissione-antimafia\/#breadcrumb","itemListElement":[{"@type":"ListItem","position":1,"name":"Home","item":"https:\/\/welaikaadv.site\/avviso\/"},{"@type":"ListItem","position":2,"name":"Il movimento dell\u2019antimafia sociale: l\u2019analisi della Commissione antimafia"}]},{"@type":"WebSite","@id":"https:\/\/welaikaadv.site\/avviso\/#website","url":"https:\/\/welaikaadv.site\/avviso\/","name":"Staging Avviso Pubblico","description":"","publisher":{"@id":"https:\/\/welaikaadv.site\/avviso\/#organization"},"potentialAction":[{"@type":"SearchAction","target":{"@type":"EntryPoint","urlTemplate":"https:\/\/welaikaadv.site\/avviso\/?s={search_term_string}"},"query-input":{"@type":"PropertyValueSpecification","valueRequired":true,"valueName":"search_term_string"}}],"inLanguage":"it-IT"},{"@type":"Organization","@id":"https:\/\/welaikaadv.site\/avviso\/#organization","name":"Staging Avviso Pubblico","url":"https:\/\/welaikaadv.site\/avviso\/","logo":{"@type":"ImageObject","inLanguage":"it-IT","@id":"https:\/\/welaikaadv.site\/avviso\/#\/schema\/logo\/image\/","url":"https:\/\/welaikaadv.site\/avviso\/wp-content\/uploads\/2024\/08\/logoAPsito-400.png","contentUrl":"https:\/\/welaikaadv.site\/avviso\/wp-content\/uploads\/2024\/08\/logoAPsito-400.png","width":400,"height":97,"caption":"Staging Avviso Pubblico"},"image":{"@id":"https:\/\/welaikaadv.site\/avviso\/#\/schema\/logo\/image\/"}}]}},"_links":{"self":[{"href":"https:\/\/welaikaadv.site\/avviso\/wp-json\/wp\/v2\/pages\/23618","targetHints":{"allow":["GET"]}}],"collection":[{"href":"https:\/\/welaikaadv.site\/avviso\/wp-json\/wp\/v2\/pages"}],"about":[{"href":"https:\/\/welaikaadv.site\/avviso\/wp-json\/wp\/v2\/types\/page"}],"author":[{"embeddable":true,"href":"https:\/\/welaikaadv.site\/avviso\/wp-json\/wp\/v2\/users\/1"}],"replies":[{"embeddable":true,"href":"https:\/\/welaikaadv.site\/avviso\/wp-json\/wp\/v2\/comments?post=23618"}],"version-history":[{"count":0,"href":"https:\/\/welaikaadv.site\/avviso\/wp-json\/wp\/v2\/pages\/23618\/revisions"}],"up":[{"embeddable":true,"href":"https:\/\/welaikaadv.site\/avviso\/wp-json\/wp\/v2\/pages\/2662"}],"wp:attachment":[{"href":"https:\/\/welaikaadv.site\/avviso\/wp-json\/wp\/v2\/media?parent=23618"}],"curies":[{"name":"wp","href":"https:\/\/api.w.org\/{rel}","templated":true}]}}