{"id":23624,"date":"2018-03-19T12:48:44","date_gmt":"2018-03-19T11:48:44","guid":{"rendered":"http:\/\/www.avvisopubblico.it\/osservatorio\/?page_id=7098"},"modified":"2018-03-19T12:48:44","modified_gmt":"2018-03-19T11:48:44","slug":"relazione-del-governo-sui-comuni-sciolti-per-mafia-anni-2015-2016","status":"publish","type":"page","link":"https:\/\/welaikaadv.site\/avviso\/home\/cosa-facciamo\/informare\/documenti-tematici\/comuni-sciolti-per-mafia\/relazione-del-governo-sui-comuni-sciolti-per-mafia-anni-2015-2016\/","title":{"rendered":"Relazione del Governo sui comuni sciolti per mafia: anni 2015-2016"},"content":{"rendered":"<p><strong>Premessa<\/strong>. Il 3 agosto 2017 il Ministro dell\u2019Interno ha trasmesso alle Camere una relazione sull\u2019attivit\u00e0 svolta nel 2015 e 2016 dalle commissioni straordinarie per la gestione degli enti sciolti per infiltrazioni mafiose (<strong><a href=\"http:\/\/www.camera.it\/leg17\/491?idLegislatura=17&amp;categoria=088&amp;tipologiaDoc=documento&amp;numero=002_RS&amp;doc=pdfel\">Doc. LXXXVII, n. 2<\/a><\/strong>), di cui qui di seguito sono sintetizzati gli aspetti principali. Tale relazione fa seguito a quella trasmessa il 22 dicembre 2015 riguardante il quinquennio 2010-2015 (<em>clicca <\/em><a href=\"https:\/\/welaikaadv.site\/avviso\/home\/cosa-facciamo\/informare\/documenti-tematici\/comuni-sciolti-per-mafia\/relazione-del-ministero-dellinterno-sui-comuni-sciolti-mafia-anni-2010-2014\/\"><strong><em>qui<\/em><\/strong><\/a>).<\/p>\n<p><strong>Analisi delle gestioni commissariali<\/strong>. La relazione fornisce un quadro analitico dell\u2019azione svolta dalle singole commissioni straordinarie \u2013 anche per quel che concerne l\u2019attivit\u00e0 regolamentare e la riorganizzazione dell\u2019apparato burocratico &#8211; che si sono succedute nel biennio 2015-2016 (17 complessivamente, alcuni dei quali riguardano comuni gi\u00e0 sciolti in passato), dedicando una specifica attenzione ai casi riguardanti l\u2019azienda ospedaliera di S. Anna e San Sebastiano di Caserta ed il Municipio X di Roma (<em>vedi infra<\/em>). In 12 casi si \u00e8 proceduto all\u2019archiviazione del procedimento, in assenza dei presupposti previsti dalla legge (tra questi 2 aziende sanitarie). In generale si riscontrano, assieme a situazioni di forte degrado amministrativo e di mancato rispetto delle procedure di spesa, condizioni di forte deficit finanziario (spesso dovuto alla mancata riscossione dei tributi locali o alla stipula di contratti poco vantaggiosi per l\u2019Amministrazione), entrambi fattori che favoriscono l\u2019infiltrazione dei gruppi criminali. Un\u2019attenzione specifica \u00e8 posta sulle misure adottate per favorire il riutilizzo sociale dei beni confiscati alla criminalit\u00e0 organizzata e sulle limitazioni attualmente esistenti che rendono difficile il reperimento di professionalit\u00e0 adeguate nei casi in cui venga riscontrata l\u2019inadeguatezza dell\u2019apparato amministrativo.<\/p>\n<p><strong>L&#8217;azienda S. Anna e San Sebastiano di Caserta<\/strong>. Si tratta del primo ed unico caso in cui viene sciolta un\u2019azienda ospedaliera (in altri 4 casi sono state sciolte aziende sanitarie locali): lo scioglimento del 2015 fa seguito ad un decreto di archiviazione disposto nel 2014. La relazione d\u00e0 conto delle misure adottate nel corso della gestione straordinaria al fine di rinnovare profondamente i vertici dell\u2019azienda, assicurare maggiore efficienza dei servizi e trasparenza delle procedure di spesa.<\/p>\n<p><strong>Il Municipio X di Roma<\/strong>. Si tratta del primo caso di scioglimento di una circoscrizione comunale, peraltro di dimensioni rilevantissime (oltre 220.000 abitanti), dovuto alla forte presenta di un&#8217;organizzazione criminale dedita sia alle attivit\u00e0 di usura, estorsione, commercio di armi, ecc. che al controllo di appalti e risorse pubbliche in favore di aziende e cooperative controllate o colluse, in particolar modo, nel settore della gestione delle aree demaniali marittime e del verde pubblico. La relazione mette in evidenza che nonostante il degrado amministrativo di Roma capitale (aggravato dall&#8217;attribuzione delle funzioni di stazione appaltante non solo ai Dipartimenti ed ai Municipi, ma anche alle loro articolazioni interne) non sono state riscontrate le condizioni per lo scioglimento del consiglio comunale, dando luogo invece ad una iniziale forma di \u201ctutoraggio\u201d da parte della prefettura a fini di risanamento dell\u2019attivit\u00e0 amministrativa. Mentre per il Municipio di Ostia l\u2019esame delle procedure di affidamento (in particolare per la concessione delle aree demaniali) ha fatto emergere trattamenti di favore per ditte riconducibili direttamente o indirettamente ad esponenti di &#8220;Mafia Capitale&#8221;; la relazione d\u00e0 conto delle misure adottate per il ripristino della legalit\u00e0, con particolare riguardo ai provvedimenti in materia di personale, di gestione delle concessioni demaniali marittime e dei servizi pubblici.<\/p>\n<p><strong>La giurisprudenza dei giudici amministrativi<\/strong>. I ricorsi avverso i provvedimenti di scioglimento sono stati in gran parte respinti da Tar e Consiglio di Stato: solo nel caso dei comuni di Cir\u00f2, Joppolo e Ventimiglia sono stati annullati i decreti di scioglimento. Risultano confermati i principi gi\u00e0 emersi in merito alla natura di tale istituto e ai requisiti necessari per lo scioglimento.<\/p>\n<p><strong>Incandidabilit\u00e0<\/strong>. La relazione d\u00e0 conto infine delle pronunce dei giudici in tema di incandidabilit\u00e0 degli amministratori locali degli enti coinvolti dalle procedure di scioglimento, fino ad alcune significative sentenze della Corte di Cassazione sulla natura dell\u2019istituto (che non richiede gli estremi dell&#8217;illecito penale di partecipazione ad associazione mafiosa o di concorso esterno nella stessa, essendo sufficiente la\u00a0responsabilit\u00e0 dell&#8217;amministratore nel grave stato di degrado amministrativo dell\u2019ente, aperta alle ingerenze esterne) e sull\u2019applicabilit\u00e0 dell\u2019istituto al primo turno elettorale di ciascuna delle elezioni (regionali, provinciali, comunali e circoscrizionali) che si svolgano, successivamente allo scioglimento,\u00a0nella regione interessata.<\/p>\n<p><em>\u00a0<\/em><\/p>\n<p><em>Per approfondimenti della materia vedi l\u2019ampia documentazione presente sul <\/em><a href=\"https:\/\/welaikaadv.site\/avviso\/home\/cosa-facciamo\/informare\/documenti-tematici\/comuni-sciolti-per-mafia\/\"><strong><em>sito di Avviso Pubblico<\/em><\/strong><\/a><em>, con l\u2019analisi della <\/em><a href=\"https:\/\/welaikaadv.site\/avviso\/home\/cosa-facciamo\/informare\/documenti-tematici\/comuni-sciolti-per-mafia\/scioglimento-delle-amministrazioni-locali-infiltrazioni-mafiose-successiva-incandidabilita-scheda-sintesi-della-normativa\/\"><strong><em>normativa<\/em><\/strong><\/a><em> e della <\/em><strong><em>giurisprudenza<\/em><\/strong><em> nonch\u00e9 <\/em><a href=\"https:\/\/welaikaadv.site\/avviso\/home\/cosa-facciamo\/informare\/documenti-tematici\/comuni-sciolti-per-mafia\/amministrazioni-sciolte-mafia-mappe-interattive\/\"><strong><em>mappe interattive<\/em><\/strong><\/a><em> sulle Amministrazioni locali coinvolte nelle procedure di scioglimento e <\/em><a href=\"https:\/\/welaikaadv.site\/avviso\/home\/cosa-facciamo\/informare\/documenti-tematici\/comuni-sciolti-per-mafia\/amministrazioni-sciolte-mafia-dati-riassuntivi\/\"><strong><em>tabelle analitiche<\/em><\/strong><\/a><em> con i decreti emanati dal 1991 ad oggi.\u00a0 <\/em><\/p>\n","protected":false},"excerpt":{"rendered":"<p>Premessa. Il 3 agosto 2017 il Ministro dell\u2019Interno ha trasmesso alle Camere una relazione sull\u2019attivit\u00e0 svolta nel 2015 e 2016 dalle commissioni straordinarie per la&nbsp;<span class=\"hellipsis\">[&hellip;]<\/span><a class=\"more-link\" href=\"https:\/\/welaikaadv.site\/avviso\/home\/cosa-facciamo\/informare\/documenti-tematici\/comuni-sciolti-per-mafia\/relazione-del-governo-sui-comuni-sciolti-per-mafia-anni-2015-2016\/\">Leggi tutto <span class=\"screen-reader-text\">Relazione del Governo sui comuni sciolti per mafia: anni 2015-2016<\/span> <span class=\"meta-nav\" aria-hidden=\"true\">&rarr;<\/span><\/a><\/p>\n","protected":false},"author":1,"featured_media":0,"parent":194,"menu_order":0,"comment_status":"closed","ping_status":"closed","template":"","meta":{"_acf_changed":false,"_exactmetrics_skip_tracking":false,"_exactmetrics_sitenote_active":false,"_exactmetrics_sitenote_note":"","_exactmetrics_sitenote_category":0,"wp_social_preview_title":"","wp_social_preview_description":"","wp_social_preview_image":0,"footnotes":""},"class_list":["post-23624","page","type-page","status-publish","hentry"],"acf":[],"yoast_head":"<!-- This site is optimized with the Yoast SEO plugin v27.2 - https:\/\/yoast.com\/product\/yoast-seo-wordpress\/ -->\n<title>Relazione del Governo sui comuni sciolti per mafia: anni 2015-2016 - Staging Avviso Pubblico<\/title>\n<meta name=\"robots\" content=\"noindex, follow, max-snippet:-1, max-image-preview:large, max-video-preview:-1\" \/>\n<meta property=\"og:locale\" content=\"it_IT\" \/>\n<meta property=\"og:type\" content=\"article\" \/>\n<meta property=\"og:title\" content=\"Relazione del Governo sui comuni sciolti per mafia: anni 2015-2016 - Staging Avviso Pubblico\" \/>\n<meta property=\"og:description\" content=\"Premessa. Il 3 agosto 2017 il Ministro dell\u2019Interno ha trasmesso alle Camere una relazione sull\u2019attivit\u00e0 svolta nel 2015 e 2016 dalle commissioni straordinarie per la&nbsp;[&hellip;]Leggi tutto Relazione del Governo sui comuni sciolti per mafia: anni 2015-2016 &rarr;\" \/>\n<meta property=\"og:url\" content=\"https:\/\/welaikaadv.site\/avviso\/home\/cosa-facciamo\/informare\/documenti-tematici\/comuni-sciolti-per-mafia\/relazione-del-governo-sui-comuni-sciolti-per-mafia-anni-2015-2016\/\" \/>\n<meta property=\"og:site_name\" content=\"Staging Avviso Pubblico\" \/>\n<meta name=\"twitter:card\" content=\"summary_large_image\" \/>\n<meta name=\"twitter:label1\" content=\"Tempo di lettura stimato\" \/>\n\t<meta name=\"twitter:data1\" content=\"4 minuti\" \/>\n<script type=\"application\/ld+json\" class=\"yoast-schema-graph\">{\"@context\":\"https:\/\/schema.org\",\"@graph\":[{\"@type\":\"WebPage\",\"@id\":\"https:\/\/welaikaadv.site\/avviso\/home\/cosa-facciamo\/informare\/documenti-tematici\/comuni-sciolti-per-mafia\/relazione-del-governo-sui-comuni-sciolti-per-mafia-anni-2015-2016\/\",\"url\":\"https:\/\/welaikaadv.site\/avviso\/home\/cosa-facciamo\/informare\/documenti-tematici\/comuni-sciolti-per-mafia\/relazione-del-governo-sui-comuni-sciolti-per-mafia-anni-2015-2016\/\",\"name\":\"Relazione del Governo sui comuni sciolti per mafia: anni 2015-2016 - Staging Avviso Pubblico\",\"isPartOf\":{\"@id\":\"https:\/\/welaikaadv.site\/avviso\/#website\"},\"datePublished\":\"2018-03-19T11:48:44+00:00\",\"breadcrumb\":{\"@id\":\"https:\/\/welaikaadv.site\/avviso\/home\/cosa-facciamo\/informare\/documenti-tematici\/comuni-sciolti-per-mafia\/relazione-del-governo-sui-comuni-sciolti-per-mafia-anni-2015-2016\/#breadcrumb\"},\"inLanguage\":\"it-IT\",\"potentialAction\":[{\"@type\":\"ReadAction\",\"target\":[\"https:\/\/welaikaadv.site\/avviso\/home\/cosa-facciamo\/informare\/documenti-tematici\/comuni-sciolti-per-mafia\/relazione-del-governo-sui-comuni-sciolti-per-mafia-anni-2015-2016\/\"]}]},{\"@type\":\"BreadcrumbList\",\"@id\":\"https:\/\/welaikaadv.site\/avviso\/home\/cosa-facciamo\/informare\/documenti-tematici\/comuni-sciolti-per-mafia\/relazione-del-governo-sui-comuni-sciolti-per-mafia-anni-2015-2016\/#breadcrumb\",\"itemListElement\":[{\"@type\":\"ListItem\",\"position\":1,\"name\":\"Home\",\"item\":\"https:\/\/welaikaadv.site\/avviso\/\"},{\"@type\":\"ListItem\",\"position\":2,\"name\":\"Relazione del Governo sui comuni sciolti per mafia: anni 2015-2016\"}]},{\"@type\":\"WebSite\",\"@id\":\"https:\/\/welaikaadv.site\/avviso\/#website\",\"url\":\"https:\/\/welaikaadv.site\/avviso\/\",\"name\":\"Staging Avviso Pubblico\",\"description\":\"\",\"publisher\":{\"@id\":\"https:\/\/welaikaadv.site\/avviso\/#organization\"},\"potentialAction\":[{\"@type\":\"SearchAction\",\"target\":{\"@type\":\"EntryPoint\",\"urlTemplate\":\"https:\/\/welaikaadv.site\/avviso\/?s={search_term_string}\"},\"query-input\":{\"@type\":\"PropertyValueSpecification\",\"valueRequired\":true,\"valueName\":\"search_term_string\"}}],\"inLanguage\":\"it-IT\"},{\"@type\":\"Organization\",\"@id\":\"https:\/\/welaikaadv.site\/avviso\/#organization\",\"name\":\"Staging Avviso Pubblico\",\"url\":\"https:\/\/welaikaadv.site\/avviso\/\",\"logo\":{\"@type\":\"ImageObject\",\"inLanguage\":\"it-IT\",\"@id\":\"https:\/\/welaikaadv.site\/avviso\/#\/schema\/logo\/image\/\",\"url\":\"https:\/\/welaikaadv.site\/avviso\/wp-content\/uploads\/2024\/08\/logoAPsito-400.png\",\"contentUrl\":\"https:\/\/welaikaadv.site\/avviso\/wp-content\/uploads\/2024\/08\/logoAPsito-400.png\",\"width\":400,\"height\":97,\"caption\":\"Staging Avviso Pubblico\"},\"image\":{\"@id\":\"https:\/\/welaikaadv.site\/avviso\/#\/schema\/logo\/image\/\"}}]}<\/script>\n<!-- \/ Yoast SEO plugin. -->","yoast_head_json":{"title":"Relazione del Governo sui comuni sciolti per mafia: anni 2015-2016 - Staging Avviso Pubblico","robots":{"index":"noindex","follow":"follow","max-snippet":"max-snippet:-1","max-image-preview":"max-image-preview:large","max-video-preview":"max-video-preview:-1"},"og_locale":"it_IT","og_type":"article","og_title":"Relazione del Governo sui comuni sciolti per mafia: anni 2015-2016 - Staging Avviso Pubblico","og_description":"Premessa. Il 3 agosto 2017 il Ministro dell\u2019Interno ha trasmesso alle Camere una relazione sull\u2019attivit\u00e0 svolta nel 2015 e 2016 dalle commissioni straordinarie per la&nbsp;[&hellip;]Leggi tutto Relazione del Governo sui comuni sciolti per mafia: anni 2015-2016 &rarr;","og_url":"https:\/\/welaikaadv.site\/avviso\/home\/cosa-facciamo\/informare\/documenti-tematici\/comuni-sciolti-per-mafia\/relazione-del-governo-sui-comuni-sciolti-per-mafia-anni-2015-2016\/","og_site_name":"Staging Avviso Pubblico","twitter_card":"summary_large_image","twitter_misc":{"Tempo di lettura stimato":"4 minuti"},"schema":{"@context":"https:\/\/schema.org","@graph":[{"@type":"WebPage","@id":"https:\/\/welaikaadv.site\/avviso\/home\/cosa-facciamo\/informare\/documenti-tematici\/comuni-sciolti-per-mafia\/relazione-del-governo-sui-comuni-sciolti-per-mafia-anni-2015-2016\/","url":"https:\/\/welaikaadv.site\/avviso\/home\/cosa-facciamo\/informare\/documenti-tematici\/comuni-sciolti-per-mafia\/relazione-del-governo-sui-comuni-sciolti-per-mafia-anni-2015-2016\/","name":"Relazione del Governo sui comuni sciolti per mafia: anni 2015-2016 - Staging Avviso Pubblico","isPartOf":{"@id":"https:\/\/welaikaadv.site\/avviso\/#website"},"datePublished":"2018-03-19T11:48:44+00:00","breadcrumb":{"@id":"https:\/\/welaikaadv.site\/avviso\/home\/cosa-facciamo\/informare\/documenti-tematici\/comuni-sciolti-per-mafia\/relazione-del-governo-sui-comuni-sciolti-per-mafia-anni-2015-2016\/#breadcrumb"},"inLanguage":"it-IT","potentialAction":[{"@type":"ReadAction","target":["https:\/\/welaikaadv.site\/avviso\/home\/cosa-facciamo\/informare\/documenti-tematici\/comuni-sciolti-per-mafia\/relazione-del-governo-sui-comuni-sciolti-per-mafia-anni-2015-2016\/"]}]},{"@type":"BreadcrumbList","@id":"https:\/\/welaikaadv.site\/avviso\/home\/cosa-facciamo\/informare\/documenti-tematici\/comuni-sciolti-per-mafia\/relazione-del-governo-sui-comuni-sciolti-per-mafia-anni-2015-2016\/#breadcrumb","itemListElement":[{"@type":"ListItem","position":1,"name":"Home","item":"https:\/\/welaikaadv.site\/avviso\/"},{"@type":"ListItem","position":2,"name":"Relazione del Governo sui comuni sciolti per mafia: anni 2015-2016"}]},{"@type":"WebSite","@id":"https:\/\/welaikaadv.site\/avviso\/#website","url":"https:\/\/welaikaadv.site\/avviso\/","name":"Staging Avviso Pubblico","description":"","publisher":{"@id":"https:\/\/welaikaadv.site\/avviso\/#organization"},"potentialAction":[{"@type":"SearchAction","target":{"@type":"EntryPoint","urlTemplate":"https:\/\/welaikaadv.site\/avviso\/?s={search_term_string}"},"query-input":{"@type":"PropertyValueSpecification","valueRequired":true,"valueName":"search_term_string"}}],"inLanguage":"it-IT"},{"@type":"Organization","@id":"https:\/\/welaikaadv.site\/avviso\/#organization","name":"Staging Avviso Pubblico","url":"https:\/\/welaikaadv.site\/avviso\/","logo":{"@type":"ImageObject","inLanguage":"it-IT","@id":"https:\/\/welaikaadv.site\/avviso\/#\/schema\/logo\/image\/","url":"https:\/\/welaikaadv.site\/avviso\/wp-content\/uploads\/2024\/08\/logoAPsito-400.png","contentUrl":"https:\/\/welaikaadv.site\/avviso\/wp-content\/uploads\/2024\/08\/logoAPsito-400.png","width":400,"height":97,"caption":"Staging Avviso Pubblico"},"image":{"@id":"https:\/\/welaikaadv.site\/avviso\/#\/schema\/logo\/image\/"}}]}},"_links":{"self":[{"href":"https:\/\/welaikaadv.site\/avviso\/wp-json\/wp\/v2\/pages\/23624","targetHints":{"allow":["GET"]}}],"collection":[{"href":"https:\/\/welaikaadv.site\/avviso\/wp-json\/wp\/v2\/pages"}],"about":[{"href":"https:\/\/welaikaadv.site\/avviso\/wp-json\/wp\/v2\/types\/page"}],"author":[{"embeddable":true,"href":"https:\/\/welaikaadv.site\/avviso\/wp-json\/wp\/v2\/users\/1"}],"replies":[{"embeddable":true,"href":"https:\/\/welaikaadv.site\/avviso\/wp-json\/wp\/v2\/comments?post=23624"}],"version-history":[{"count":0,"href":"https:\/\/welaikaadv.site\/avviso\/wp-json\/wp\/v2\/pages\/23624\/revisions"}],"up":[{"embeddable":true,"href":"https:\/\/welaikaadv.site\/avviso\/wp-json\/wp\/v2\/pages\/194"}],"wp:attachment":[{"href":"https:\/\/welaikaadv.site\/avviso\/wp-json\/wp\/v2\/media?parent=23624"}],"curies":[{"name":"wp","href":"https:\/\/api.w.org\/{rel}","templated":true}]}}