{"id":23631,"date":"2018-03-26T09:19:55","date_gmt":"2018-03-26T07:19:55","guid":{"rendered":"http:\/\/www.avvisopubblico.it\/home\/?page_id=19759"},"modified":"2018-03-26T09:19:55","modified_gmt":"2018-03-26T07:19:55","slug":"relazione-della-commissione-antimafia-sulla-morte-dellurologo-attilio-manca","status":"publish","type":"page","link":"https:\/\/welaikaadv.site\/avviso\/home\/cosa-facciamo\/informare\/osservatorio-parlamentare\/attivita-dinchiesta\/attivita-dinchiesta-xvii\/commissione-bicamerale-antimafia\/relazione-della-commissione-antimafia-sulla-morte-dellurologo-attilio-manca\/","title":{"rendered":"Relazione della Commissione Antimafia sulla morte dell\u2019urologo Attilio Manca"},"content":{"rendered":"<p><strong>Premessa.<\/strong> La Commissione parlamentare di inchiesta sul fenomeno delle mafie ha approvato, nella seduta del <a href=\"http:\/\/www.camera.it\/leg17\/824?tipo=C&amp;anno=2018&amp;mese=02&amp;giorno=21&amp;view=&amp;commissione=24&amp;pagina=#data.20180221.com24.bollettino.sede00010.tit00010\"><strong>21 febbraio 2018<\/strong><\/a>, una relazione sulla morte di Attilio Manca, giovane urologo di origini siciliane ritrovato senza vita, in circostanze mai chiarite, la mattina del 12 febbraio 2004 nella sua abitazione di Viterbo (<a href=\"http:\/\/www.camera.it\/leg17\/491?idLegislatura=17&amp;categoria=023&amp;tipologiaDoc=documento&amp;numero=045&amp;doc=intero\"><strong>doc. XXIII, n. 45<\/strong><\/a>). La vicenda \u00e8, da anni, al centro di una campagna mediatica secondo la quale il medico sarebbe stato vittima di un omicidio maturato in contesti criminali del Messinese collegati all&#8217;allora latitante Bernardo Provenzano. Secondo tale ipotesi, peraltro, sarebbero stati messi in atto dei depistaggi con la complicit\u00e0 delle istituzioni. Cogliendo le numerose sollecitazioni perch\u00e9 sia finalmente accertata la verit\u00e0 e sia fatta giustizia, la Commissione ha perci\u00f2 inteso offrire il proprio contributo alla corretta ricostruzione dei fatti. Sullo stesso tema \u00e8 stata presentata anche una relazione di minoranza (<a href=\"http:\/\/documenti.camera.it\/_dati\/leg17\/lavori\/documentiparlamentari\/IndiceETesti\/023\/045-bis\/INTERO.pdf\"><strong>doc. XXIII, n. 45<\/strong><\/a><strong>bis<\/strong>).<\/p>\n<p><strong>Indagini inconcludenti e lacune investigative.<\/strong> All&#8217;atto del ritrovamento del corpo sembr\u00f2 subito plausibile che la causa della morte fosse rinvenibile in un&#8217;eccessiva assunzione di eroina, in quanto vennero individuate nell&#8217;abitazione anche due siringhe. Le indagini della procura di Viterbo non portarono a risultati significativi e il pubblico ministero chiese ripetutamente l&#8217;archiviazione del caso; richiesta infine accolta dal Gip, dopo numerosi ulteriori accertamenti, il 26 luglio 2013, a quasi dieci anni di distanza dalla morte del giovane medico: \u00abtutti gli elementi ad oggi acquisiti [\u2026] convergono a confermare l&#8217;ipotesi che Manca Attilio sia deceduto per volontaria assunzione di sostanze stupefacenti [\u2026], (mentre) l&#8217;ipotesi omicidiaria ad opera di appartenenti alla mafia in collegamento con Bernardo Provenzano [\u2026] si fonda su elementi di mera supposizione\u00bb. I familiari del Manca, pur convenendo sulle cause della morte, hanno da sempre sostenuto che l&#8217;<em>overdose<\/em> di eroina fosse tutt&#8217;altro che volontaria ma sia stata, invece, l&#8217;effetto di un&#8217;azione di costrizione da parte di terzi. Sarebbe stato, cio\u00e8, un <em>escamotage<\/em> per celare l&#8217;omicidio dell&#8217;urologo, voluto e realizzato da ambienti mafiosi e per motivazioni collegate alla latitanza del suddetto <em>boss<\/em>. Ad alimentare tale ipotesi contribuirono senz&#8217;altro anche alcune lacune nell&#8217;azione degli inquirenti, nonch\u00e9 il non certo puntuale operato di colei che effettu\u00f2 l&#8217;esame autoptico. Quanto al primo aspetto, in nessun modo sembra sia stato possibile stabilire cosa abbia fatto e dove sia stato Attilio Manca l&#8217;intera giornata dell&#8217;11 febbraio. Da una serie di telefonate e testimonianze, pu\u00f2 solo stabilirsi che nel pomeriggio del 10 febbraio egli si diresse a Roma, ove con certezza \u00e8 possibile soltanto affermare che incontr\u00f2 la donna poi accusata di avergli fornito l&#8217;eroina che gli caus\u00f2 la morte. Altrettanto certo \u00e8 che quella stessa sera il Manca fece ritorno alla sua abitazione di Viterbo, e a dimostrarlo fu l&#8217;invio di un sms intorno alle 23. Da allora e fino al ritrovamento del cadavere, tuttavia, non si ha pi\u00f9 alcuna notizia circa le attivit\u00e0 del soggetto. Negligente fu, poi, l&#8217;operato del medico legale, che rese di fatto impossibile stabilire con certezza l&#8217;orario della morte del <em>de cuius<\/em>. Nonostante ci\u00f2, e come anche evidenziato nel corso dell&#8217;audizione in Commissione il 12 febbraio 2014 dal procuratore della Repubblica di Roma, Giuseppe Pignatone, e dal procuratore aggiunto, Michele Prestipino (gi\u00e0 titolari, con altri, a Palermo delle indagini per la cattura dello stesso Provenzano), non \u00e8 mai emerso alcun rapporto tra le cure approntate a Bernardo Provenzano per il suo tumore alla prostata e il dottor Attilio Manca. A distanza di dieci anni dall&#8217;evento, la procura di Viterbo ha promosso un processo a carico di una donna, imputandole la cessione delle dosi di eroina che hanno causato la morte del medico, nonch\u00e9 la morte come conseguenza di altro delitto; imputazione, la seconda, dichiarata prescritta per decorrenza dei termini. Nella sentenza del 29 marzo 2017, con la quale tale donna veniva condannata alla pena della reclusione di 5 anni e 4 mesi, oltre alla multa di 18 mila euro, il giudice, dopo un&#8217;analisi particolareggiata delle risultanze, evidenziava che il dottor Manca doveva ritenersi un assuntore di eroina, che costui, il 10 febbraio 2004, aveva acquistato lo stupefacente dalla donna, e che, infine, dopo essersi volontariamente inoculato due siringhe di droga, era deceduto per <em>overdose<\/em>. Solo dopo l&#8217;ultima archiviazione del procedimento pendente a Viterbo sulla morte dell&#8217;urologo, la procura distrettuale antimafia di Roma, nell&#8217;aprile del 2015, ha aperto un nuovo procedimento sul caso, ora in fase di attesa della pronuncia del Gip, dopo la recente richiesta di archiviazione.<\/p>\n<p><strong>Le conclusioni della Commissione.<\/strong> \u00abDall&#8217;esame degli atti finora disponibili, deve concludersi che, allo stato, non si evidenziano elementi sufficienti per ribaltare le risultanze raggiunte sino a oggi dall&#8217;autorita\u0300 giudiziaria\u00bb, queste le conclusioni cui \u00e8 giunta la Commissione antimafia al termine della valutazione del caso. Secondo la relazione di minoranza, invece, l&#8217;operato della Commissione \u00abben poteva continuare con l&#8217;espletamento di ulteriori audizioni e con l&#8217;acquisizione di documenti utili all&#8217;approfondimento del caso, che si auspica verranno portati avanti nella prossima legislatura\u00bb; la relazione di minoranza si conclude, quindi, con un corposo elenco degli approfondimenti auspicati.<\/p>\n<p>&nbsp;<\/p>\n<p><em>(a cura di <a href=\"mailto:luca.fiordelmondo@avvisopubblico.it\"><strong>Luca Fiordelmondo<\/strong><\/a>, Master APC dell\u2019Universit\u00e0 di Pisa)<\/em><\/p>\n","protected":false},"excerpt":{"rendered":"<p>Premessa. La Commissione parlamentare di inchiesta sul fenomeno delle mafie ha approvato, nella seduta del 21 febbraio 2018, una relazione sulla morte di Attilio Manca,&nbsp;<span class=\"hellipsis\">[&hellip;]<\/span><a class=\"more-link\" href=\"https:\/\/welaikaadv.site\/avviso\/home\/cosa-facciamo\/informare\/osservatorio-parlamentare\/attivita-dinchiesta\/attivita-dinchiesta-xvii\/commissione-bicamerale-antimafia\/relazione-della-commissione-antimafia-sulla-morte-dellurologo-attilio-manca\/\">Leggi tutto <span class=\"screen-reader-text\">Relazione della Commissione Antimafia sulla morte dell\u2019urologo Attilio Manca<\/span> <span class=\"meta-nav\" aria-hidden=\"true\">&rarr;<\/span><\/a><\/p>\n","protected":false},"author":1,"featured_media":0,"parent":2662,"menu_order":0,"comment_status":"closed","ping_status":"closed","template":"","meta":{"_acf_changed":false,"_exactmetrics_skip_tracking":false,"_exactmetrics_sitenote_active":false,"_exactmetrics_sitenote_note":"","_exactmetrics_sitenote_category":0,"wp_social_preview_title":"","wp_social_preview_description":"","wp_social_preview_image":0,"footnotes":""},"class_list":["post-23631","page","type-page","status-publish","hentry"],"acf":[],"yoast_head":"<!-- This site is optimized with the Yoast SEO plugin v27.2 - https:\/\/yoast.com\/product\/yoast-seo-wordpress\/ -->\n<title>Relazione della Commissione Antimafia sulla morte dell\u2019urologo Attilio Manca - Staging Avviso Pubblico<\/title>\n<meta name=\"robots\" content=\"noindex, follow, max-snippet:-1, max-image-preview:large, max-video-preview:-1\" \/>\n<meta property=\"og:locale\" content=\"it_IT\" \/>\n<meta property=\"og:type\" content=\"article\" \/>\n<meta property=\"og:title\" content=\"Relazione della Commissione Antimafia sulla morte dell\u2019urologo Attilio Manca - Staging Avviso Pubblico\" \/>\n<meta property=\"og:description\" content=\"Premessa. La Commissione parlamentare di inchiesta sul fenomeno delle mafie ha approvato, nella seduta del 21 febbraio 2018, una relazione sulla morte di Attilio Manca,&nbsp;[&hellip;]Leggi tutto Relazione della Commissione Antimafia sulla morte dell\u2019urologo Attilio Manca &rarr;\" \/>\n<meta property=\"og:url\" content=\"https:\/\/welaikaadv.site\/avviso\/home\/cosa-facciamo\/informare\/osservatorio-parlamentare\/attivita-dinchiesta\/attivita-dinchiesta-xvii\/commissione-bicamerale-antimafia\/relazione-della-commissione-antimafia-sulla-morte-dellurologo-attilio-manca\/\" \/>\n<meta property=\"og:site_name\" content=\"Staging Avviso Pubblico\" \/>\n<meta name=\"twitter:card\" content=\"summary_large_image\" \/>\n<meta name=\"twitter:label1\" content=\"Tempo di lettura stimato\" \/>\n\t<meta name=\"twitter:data1\" content=\"4 minuti\" \/>\n<script type=\"application\/ld+json\" class=\"yoast-schema-graph\">{\"@context\":\"https:\/\/schema.org\",\"@graph\":[{\"@type\":\"WebPage\",\"@id\":\"https:\/\/welaikaadv.site\/avviso\/home\/cosa-facciamo\/informare\/osservatorio-parlamentare\/attivita-dinchiesta\/attivita-dinchiesta-xvii\/commissione-bicamerale-antimafia\/relazione-della-commissione-antimafia-sulla-morte-dellurologo-attilio-manca\/\",\"url\":\"https:\/\/welaikaadv.site\/avviso\/home\/cosa-facciamo\/informare\/osservatorio-parlamentare\/attivita-dinchiesta\/attivita-dinchiesta-xvii\/commissione-bicamerale-antimafia\/relazione-della-commissione-antimafia-sulla-morte-dellurologo-attilio-manca\/\",\"name\":\"Relazione della Commissione Antimafia sulla morte dell\u2019urologo Attilio Manca - Staging Avviso Pubblico\",\"isPartOf\":{\"@id\":\"https:\/\/welaikaadv.site\/avviso\/#website\"},\"datePublished\":\"2018-03-26T07:19:55+00:00\",\"breadcrumb\":{\"@id\":\"https:\/\/welaikaadv.site\/avviso\/home\/cosa-facciamo\/informare\/osservatorio-parlamentare\/attivita-dinchiesta\/attivita-dinchiesta-xvii\/commissione-bicamerale-antimafia\/relazione-della-commissione-antimafia-sulla-morte-dellurologo-attilio-manca\/#breadcrumb\"},\"inLanguage\":\"it-IT\",\"potentialAction\":[{\"@type\":\"ReadAction\",\"target\":[\"https:\/\/welaikaadv.site\/avviso\/home\/cosa-facciamo\/informare\/osservatorio-parlamentare\/attivita-dinchiesta\/attivita-dinchiesta-xvii\/commissione-bicamerale-antimafia\/relazione-della-commissione-antimafia-sulla-morte-dellurologo-attilio-manca\/\"]}]},{\"@type\":\"BreadcrumbList\",\"@id\":\"https:\/\/welaikaadv.site\/avviso\/home\/cosa-facciamo\/informare\/osservatorio-parlamentare\/attivita-dinchiesta\/attivita-dinchiesta-xvii\/commissione-bicamerale-antimafia\/relazione-della-commissione-antimafia-sulla-morte-dellurologo-attilio-manca\/#breadcrumb\",\"itemListElement\":[{\"@type\":\"ListItem\",\"position\":1,\"name\":\"Home\",\"item\":\"https:\/\/welaikaadv.site\/avviso\/\"},{\"@type\":\"ListItem\",\"position\":2,\"name\":\"Attivit\u00e0 d&#8217;inchiesta nella XVII legislatura\",\"item\":\"https:\/\/welaikaadv.site\/avviso\/home\/cosa-facciamo\/informare\/osservatorio-parlamentare\/attivita-dinchiesta\/attivita-dinchiesta-xvii\/\"},{\"@type\":\"ListItem\",\"position\":3,\"name\":\"Commissione bicamerale antimafia &#8211; XVII legislatura\",\"item\":\"https:\/\/welaikaadv.site\/avviso\/home\/cosa-facciamo\/informare\/osservatorio-parlamentare\/attivita-dinchiesta\/attivita-dinchiesta-xvii\/commissione-bicamerale-antimafia\/\"},{\"@type\":\"ListItem\",\"position\":4,\"name\":\"Relazione della Commissione Antimafia sulla morte dell\u2019urologo Attilio Manca\"}]},{\"@type\":\"WebSite\",\"@id\":\"https:\/\/welaikaadv.site\/avviso\/#website\",\"url\":\"https:\/\/welaikaadv.site\/avviso\/\",\"name\":\"Staging Avviso Pubblico\",\"description\":\"\",\"publisher\":{\"@id\":\"https:\/\/welaikaadv.site\/avviso\/#organization\"},\"potentialAction\":[{\"@type\":\"SearchAction\",\"target\":{\"@type\":\"EntryPoint\",\"urlTemplate\":\"https:\/\/welaikaadv.site\/avviso\/?s={search_term_string}\"},\"query-input\":{\"@type\":\"PropertyValueSpecification\",\"valueRequired\":true,\"valueName\":\"search_term_string\"}}],\"inLanguage\":\"it-IT\"},{\"@type\":\"Organization\",\"@id\":\"https:\/\/welaikaadv.site\/avviso\/#organization\",\"name\":\"Staging Avviso Pubblico\",\"url\":\"https:\/\/welaikaadv.site\/avviso\/\",\"logo\":{\"@type\":\"ImageObject\",\"inLanguage\":\"it-IT\",\"@id\":\"https:\/\/welaikaadv.site\/avviso\/#\/schema\/logo\/image\/\",\"url\":\"https:\/\/welaikaadv.site\/avviso\/wp-content\/uploads\/2024\/08\/logoAPsito-400.png\",\"contentUrl\":\"https:\/\/welaikaadv.site\/avviso\/wp-content\/uploads\/2024\/08\/logoAPsito-400.png\",\"width\":400,\"height\":97,\"caption\":\"Staging Avviso Pubblico\"},\"image\":{\"@id\":\"https:\/\/welaikaadv.site\/avviso\/#\/schema\/logo\/image\/\"}}]}<\/script>\n<!-- \/ Yoast SEO plugin. -->","yoast_head_json":{"title":"Relazione della Commissione Antimafia sulla morte dell\u2019urologo Attilio Manca - Staging Avviso Pubblico","robots":{"index":"noindex","follow":"follow","max-snippet":"max-snippet:-1","max-image-preview":"max-image-preview:large","max-video-preview":"max-video-preview:-1"},"og_locale":"it_IT","og_type":"article","og_title":"Relazione della Commissione Antimafia sulla morte dell\u2019urologo Attilio Manca - Staging Avviso Pubblico","og_description":"Premessa. La Commissione parlamentare di inchiesta sul fenomeno delle mafie ha approvato, nella seduta del 21 febbraio 2018, una relazione sulla morte di Attilio Manca,&nbsp;[&hellip;]Leggi tutto Relazione della Commissione Antimafia sulla morte dell\u2019urologo Attilio Manca &rarr;","og_url":"https:\/\/welaikaadv.site\/avviso\/home\/cosa-facciamo\/informare\/osservatorio-parlamentare\/attivita-dinchiesta\/attivita-dinchiesta-xvii\/commissione-bicamerale-antimafia\/relazione-della-commissione-antimafia-sulla-morte-dellurologo-attilio-manca\/","og_site_name":"Staging Avviso Pubblico","twitter_card":"summary_large_image","twitter_misc":{"Tempo di lettura stimato":"4 minuti"},"schema":{"@context":"https:\/\/schema.org","@graph":[{"@type":"WebPage","@id":"https:\/\/welaikaadv.site\/avviso\/home\/cosa-facciamo\/informare\/osservatorio-parlamentare\/attivita-dinchiesta\/attivita-dinchiesta-xvii\/commissione-bicamerale-antimafia\/relazione-della-commissione-antimafia-sulla-morte-dellurologo-attilio-manca\/","url":"https:\/\/welaikaadv.site\/avviso\/home\/cosa-facciamo\/informare\/osservatorio-parlamentare\/attivita-dinchiesta\/attivita-dinchiesta-xvii\/commissione-bicamerale-antimafia\/relazione-della-commissione-antimafia-sulla-morte-dellurologo-attilio-manca\/","name":"Relazione della Commissione Antimafia sulla morte dell\u2019urologo Attilio Manca - Staging Avviso Pubblico","isPartOf":{"@id":"https:\/\/welaikaadv.site\/avviso\/#website"},"datePublished":"2018-03-26T07:19:55+00:00","breadcrumb":{"@id":"https:\/\/welaikaadv.site\/avviso\/home\/cosa-facciamo\/informare\/osservatorio-parlamentare\/attivita-dinchiesta\/attivita-dinchiesta-xvii\/commissione-bicamerale-antimafia\/relazione-della-commissione-antimafia-sulla-morte-dellurologo-attilio-manca\/#breadcrumb"},"inLanguage":"it-IT","potentialAction":[{"@type":"ReadAction","target":["https:\/\/welaikaadv.site\/avviso\/home\/cosa-facciamo\/informare\/osservatorio-parlamentare\/attivita-dinchiesta\/attivita-dinchiesta-xvii\/commissione-bicamerale-antimafia\/relazione-della-commissione-antimafia-sulla-morte-dellurologo-attilio-manca\/"]}]},{"@type":"BreadcrumbList","@id":"https:\/\/welaikaadv.site\/avviso\/home\/cosa-facciamo\/informare\/osservatorio-parlamentare\/attivita-dinchiesta\/attivita-dinchiesta-xvii\/commissione-bicamerale-antimafia\/relazione-della-commissione-antimafia-sulla-morte-dellurologo-attilio-manca\/#breadcrumb","itemListElement":[{"@type":"ListItem","position":1,"name":"Home","item":"https:\/\/welaikaadv.site\/avviso\/"},{"@type":"ListItem","position":2,"name":"Attivit\u00e0 d&#8217;inchiesta nella XVII legislatura","item":"https:\/\/welaikaadv.site\/avviso\/home\/cosa-facciamo\/informare\/osservatorio-parlamentare\/attivita-dinchiesta\/attivita-dinchiesta-xvii\/"},{"@type":"ListItem","position":3,"name":"Commissione bicamerale antimafia &#8211; XVII legislatura","item":"https:\/\/welaikaadv.site\/avviso\/home\/cosa-facciamo\/informare\/osservatorio-parlamentare\/attivita-dinchiesta\/attivita-dinchiesta-xvii\/commissione-bicamerale-antimafia\/"},{"@type":"ListItem","position":4,"name":"Relazione della Commissione Antimafia sulla morte dell\u2019urologo Attilio Manca"}]},{"@type":"WebSite","@id":"https:\/\/welaikaadv.site\/avviso\/#website","url":"https:\/\/welaikaadv.site\/avviso\/","name":"Staging Avviso Pubblico","description":"","publisher":{"@id":"https:\/\/welaikaadv.site\/avviso\/#organization"},"potentialAction":[{"@type":"SearchAction","target":{"@type":"EntryPoint","urlTemplate":"https:\/\/welaikaadv.site\/avviso\/?s={search_term_string}"},"query-input":{"@type":"PropertyValueSpecification","valueRequired":true,"valueName":"search_term_string"}}],"inLanguage":"it-IT"},{"@type":"Organization","@id":"https:\/\/welaikaadv.site\/avviso\/#organization","name":"Staging Avviso Pubblico","url":"https:\/\/welaikaadv.site\/avviso\/","logo":{"@type":"ImageObject","inLanguage":"it-IT","@id":"https:\/\/welaikaadv.site\/avviso\/#\/schema\/logo\/image\/","url":"https:\/\/welaikaadv.site\/avviso\/wp-content\/uploads\/2024\/08\/logoAPsito-400.png","contentUrl":"https:\/\/welaikaadv.site\/avviso\/wp-content\/uploads\/2024\/08\/logoAPsito-400.png","width":400,"height":97,"caption":"Staging Avviso Pubblico"},"image":{"@id":"https:\/\/welaikaadv.site\/avviso\/#\/schema\/logo\/image\/"}}]}},"_links":{"self":[{"href":"https:\/\/welaikaadv.site\/avviso\/wp-json\/wp\/v2\/pages\/23631","targetHints":{"allow":["GET"]}}],"collection":[{"href":"https:\/\/welaikaadv.site\/avviso\/wp-json\/wp\/v2\/pages"}],"about":[{"href":"https:\/\/welaikaadv.site\/avviso\/wp-json\/wp\/v2\/types\/page"}],"author":[{"embeddable":true,"href":"https:\/\/welaikaadv.site\/avviso\/wp-json\/wp\/v2\/users\/1"}],"replies":[{"embeddable":true,"href":"https:\/\/welaikaadv.site\/avviso\/wp-json\/wp\/v2\/comments?post=23631"}],"version-history":[{"count":0,"href":"https:\/\/welaikaadv.site\/avviso\/wp-json\/wp\/v2\/pages\/23631\/revisions"}],"up":[{"embeddable":true,"href":"https:\/\/welaikaadv.site\/avviso\/wp-json\/wp\/v2\/pages\/2662"}],"wp:attachment":[{"href":"https:\/\/welaikaadv.site\/avviso\/wp-json\/wp\/v2\/media?parent=23631"}],"curies":[{"name":"wp","href":"https:\/\/api.w.org\/{rel}","templated":true}]}}