{"id":23637,"date":"2018-03-27T22:00:20","date_gmt":"2018-03-27T20:00:20","guid":{"rendered":"http:\/\/www.avvisopubblico.it\/home\/?page_id=19806"},"modified":"2018-03-27T22:00:20","modified_gmt":"2018-03-27T20:00:20","slug":"relazione-sullattivita-del-comitato-di-solidarieta-per-le-vittime-dellestorsione-e-dellusura-anno-2018","status":"publish","type":"page","link":"https:\/\/welaikaadv.site\/avviso\/home\/cosa-facciamo\/informare\/documenti-tematici\/mafie\/relazione-sullattivita-del-comitato-di-solidarieta-per-le-vittime-dellestorsione-e-dellusura-anno-2018\/","title":{"rendered":"RELAZIONE SULL\u2019ATTIVIT\u00c0 DEL COMITATO DI SOLIDARIET\u00c0 PER LE VITTIME DELL\u2019ESTORSIONE E DELL\u2019USURA &#8211; ANNO 2017"},"content":{"rendered":"<p><strong>Premessa.<\/strong> Il Commissario straordinario del Governo per il coordinamento delle iniziative antiracket ed antiusura ha inviato alle Camere, il 15 febbraio 2018, la <a href=\"http:\/\/www.interno.gov.it\/sites\/default\/files\/relazione_antiracket_2017.pdf\"><strong>relazione sull&#8217;attivit\u00e0 svolta nell&#8217;anno 2017<\/strong><\/a> dal Comitato di solidariet\u00e0 per le vittime dell&#8217;estorsione e dell&#8217;usura, prevista dal DPR n. 60 del 2014 (Atto n. 1194). Qui di seguito sono sintetizzati gli aspetti principali <em>(per la precedente relazione <a href=\"https:\/\/welaikaadv.site\/avviso\/home\/cosa-facciamo\/informare\/osservatorio-parlamentare\/altri-atti-parlamentari\/usura-e-racket\/relazione-del-governo-sullattivita-del-comitato-di-solidarieta-per-le-vittime-dellestorsione-e-dellusura-anno-2017\/\"><strong>clicca qui<\/strong><\/a>)<\/em>.<\/p>\n<p><strong>L&#8217;attivit\u00e0 di sostegno alle vittime del racket e dell&#8217;usura.<\/strong> Nel corso del 2017 sono stati erogati contributi per un importo complessivo di circa 18 milioni di euro, dei quali il 65 per cento circa in favore delle vittime di estorsione ed il restante 35 per cento in favore delle vittime di usura (nel corso del 2016 le erogazioni ammontarono a circa 10 milioni di euro, ripartiti nelle medesime proporzioni). Disaggregando i dati a livello territoriale, la Sicilia (con un incremento del 10 per cento rispetto al 2016) risulta la regione a favore della quale sono state deliberate le maggiori somme per elargizioni alle vittime di estorsione, seguita dalla Calabria (+210 per cento) e dalla Campania (+425 per cento). La Puglia, pur facendo registrare un aumento delle elargizioni (+12 per cento), si colloca nel 2017 soltanto al quarto posto, contro il secondo dell&#8217;anno precedente. Per quanto concerne, invece, le vittime di usura, la regione che ha fatto registrare il maggior importo per mutui \u00e8 la Campania (con un notevolissimo incremento del 480 per cento sulla precedente rilevazione), seguita dalla Sicilia (+225 per cento) e dal Lazio (-54 per cento). Con riguardo, poi, al contenzioso, si segnala che la gran parte dei ricorsi amministrativi avverso le decisioni del Comitato, vertenti per lo pi\u00f9 sulla quantificazione dei contributi erogati, \u00e8 stata respinta. La relazione contiene dati analitici sulle delibere adottate, ivi inclusi i provvedimenti di revoca per utilizzo improprio dei contributi o per la perdita dei requisiti, e sulle sentenze dei giudici amministrativi.<\/p>\n<p><strong>Miglioramento della normativa.<\/strong> Presso il Comitato di solidariet\u00e0 \u00e8 stato costituito un Gruppo di lavoro, il quale ha formulato delle ipotesi di modifica normativa, pienamente recepite nella proposta di legge di cui all&#8217;<a href=\"https:\/\/welaikaadv.site\/avviso\/home\/cosa-facciamo\/informare\/osservatorio-parlamentare\/altri-atti-parlamentari\/usura-e-racket\/relazione-del-governo-sullattivita-del-comitato-di-solidarieta-per-le-vittime-dellestorsione-e-dellusura-anno-2017\/\"><strong>Atto Camera 4073<\/strong><\/a>, assegnato alla II Commissione Giustizia, che apporta modifiche alla legge 23 febbraio 1999, n. 44. Nella seduta del 13 dicembre 2017, la citata Commissione ha approvato una serie di emendamenti aventi ad oggetto, in particolare: 1) l&#8217;ampliamento dei termini di presentazione delle istanze di accesso al Fondo; 2) la possibilit\u00e0 di concessione dell&#8217;intero ammontare dell&#8217;elargizione dopo il decreto di rinvio a giudizio e quindi prima della sentenza relativa al procedimento penale posto a base dell&#8217;istanza; 3) l&#8217;ampliamento della durata del periodo di sospensione dei termini ex art. 20 legge n. 44\/1999 e l&#8217;indicazione del periodo di decorrenza dal provvedimento di proroga. Il provvedimento non ha peraltro completato il suo <em>iter<\/em>.<\/p>\n<p>La relazione si conclude con dei cenni alla sempre pi\u00f9 attenta attivit\u00e0 legislativa in materia di solidariet\u00e0 in favore delle vittime svolta dalle Regioni. Si citano, in particolare, gli esempi di Piemonte, Lazio e Campania.<\/p>\n<p>&nbsp;<\/p>\n<p><em>(a cura di <a href=\"mailto:luca.fiordelmondo@avvisopubblico.it\"><strong>Luca Fiordelmondo<\/strong><\/a>, Master APC dell\u2019Universit\u00e0 di Pisa)<\/em><\/p>\n","protected":false},"excerpt":{"rendered":"<p>Premessa. Il Commissario straordinario del Governo per il coordinamento delle iniziative antiracket ed antiusura ha inviato alle Camere, il 15 febbraio 2018, la relazione sull&#8217;attivit\u00e0&nbsp;<span class=\"hellipsis\">[&hellip;]<\/span><a class=\"more-link\" href=\"https:\/\/welaikaadv.site\/avviso\/home\/cosa-facciamo\/informare\/documenti-tematici\/mafie\/relazione-sullattivita-del-comitato-di-solidarieta-per-le-vittime-dellestorsione-e-dellusura-anno-2018\/\">Leggi tutto <span class=\"screen-reader-text\">RELAZIONE SULL\u2019ATTIVIT\u00c0 DEL COMITATO DI SOLIDARIET\u00c0 PER LE VITTIME DELL\u2019ESTORSIONE E DELL\u2019USURA &#8211; ANNO 2017<\/span> <span class=\"meta-nav\" aria-hidden=\"true\">&rarr;<\/span><\/a><\/p>\n","protected":false},"author":1,"featured_media":0,"parent":207,"menu_order":0,"comment_status":"closed","ping_status":"closed","template":"","meta":{"_acf_changed":false,"_exactmetrics_skip_tracking":false,"_exactmetrics_sitenote_active":false,"_exactmetrics_sitenote_note":"","_exactmetrics_sitenote_category":0,"wp_social_preview_title":"","wp_social_preview_description":"","wp_social_preview_image":0,"footnotes":""},"class_list":["post-23637","page","type-page","status-publish","hentry"],"acf":[],"yoast_head":"<!-- This site is optimized with the Yoast SEO plugin v27.2 - https:\/\/yoast.com\/product\/yoast-seo-wordpress\/ -->\n<title>RELAZIONE SULL\u2019ATTIVIT\u00c0 DEL COMITATO DI SOLIDARIET\u00c0 PER LE VITTIME DELL\u2019ESTORSIONE E DELL\u2019USURA - ANNO 2017 - Staging Avviso Pubblico<\/title>\n<meta name=\"robots\" content=\"noindex, follow, max-snippet:-1, max-image-preview:large, max-video-preview:-1\" \/>\n<meta property=\"og:locale\" content=\"it_IT\" \/>\n<meta property=\"og:type\" content=\"article\" \/>\n<meta property=\"og:title\" content=\"RELAZIONE SULL\u2019ATTIVIT\u00c0 DEL COMITATO DI SOLIDARIET\u00c0 PER LE VITTIME DELL\u2019ESTORSIONE E DELL\u2019USURA - ANNO 2017 - Staging Avviso Pubblico\" \/>\n<meta property=\"og:description\" content=\"Premessa. Il Commissario straordinario del Governo per il coordinamento delle iniziative antiracket ed antiusura ha inviato alle Camere, il 15 febbraio 2018, la relazione sull&#8217;attivit\u00e0&nbsp;[&hellip;]Leggi tutto RELAZIONE SULL\u2019ATTIVIT\u00c0 DEL COMITATO DI SOLIDARIET\u00c0 PER LE VITTIME DELL\u2019ESTORSIONE E DELL\u2019USURA &#8211; ANNO 2017 &rarr;\" \/>\n<meta property=\"og:url\" content=\"https:\/\/welaikaadv.site\/avviso\/home\/cosa-facciamo\/informare\/documenti-tematici\/mafie\/relazione-sullattivita-del-comitato-di-solidarieta-per-le-vittime-dellestorsione-e-dellusura-anno-2018\/\" \/>\n<meta property=\"og:site_name\" content=\"Staging Avviso Pubblico\" \/>\n<meta name=\"twitter:card\" content=\"summary_large_image\" \/>\n<meta name=\"twitter:label1\" content=\"Tempo di lettura stimato\" \/>\n\t<meta name=\"twitter:data1\" content=\"2 minuti\" \/>\n<script type=\"application\/ld+json\" class=\"yoast-schema-graph\">{\"@context\":\"https:\/\/schema.org\",\"@graph\":[{\"@type\":\"WebPage\",\"@id\":\"https:\/\/welaikaadv.site\/avviso\/home\/cosa-facciamo\/informare\/documenti-tematici\/mafie\/relazione-sullattivita-del-comitato-di-solidarieta-per-le-vittime-dellestorsione-e-dellusura-anno-2018\/\",\"url\":\"https:\/\/welaikaadv.site\/avviso\/home\/cosa-facciamo\/informare\/documenti-tematici\/mafie\/relazione-sullattivita-del-comitato-di-solidarieta-per-le-vittime-dellestorsione-e-dellusura-anno-2018\/\",\"name\":\"RELAZIONE SULL\u2019ATTIVIT\u00c0 DEL COMITATO DI SOLIDARIET\u00c0 PER LE VITTIME DELL\u2019ESTORSIONE E DELL\u2019USURA - ANNO 2017 - Staging Avviso Pubblico\",\"isPartOf\":{\"@id\":\"https:\/\/welaikaadv.site\/avviso\/#website\"},\"datePublished\":\"2018-03-27T20:00:20+00:00\",\"breadcrumb\":{\"@id\":\"https:\/\/welaikaadv.site\/avviso\/home\/cosa-facciamo\/informare\/documenti-tematici\/mafie\/relazione-sullattivita-del-comitato-di-solidarieta-per-le-vittime-dellestorsione-e-dellusura-anno-2018\/#breadcrumb\"},\"inLanguage\":\"it-IT\",\"potentialAction\":[{\"@type\":\"ReadAction\",\"target\":[\"https:\/\/welaikaadv.site\/avviso\/home\/cosa-facciamo\/informare\/documenti-tematici\/mafie\/relazione-sullattivita-del-comitato-di-solidarieta-per-le-vittime-dellestorsione-e-dellusura-anno-2018\/\"]}]},{\"@type\":\"BreadcrumbList\",\"@id\":\"https:\/\/welaikaadv.site\/avviso\/home\/cosa-facciamo\/informare\/documenti-tematici\/mafie\/relazione-sullattivita-del-comitato-di-solidarieta-per-le-vittime-dellestorsione-e-dellusura-anno-2018\/#breadcrumb\",\"itemListElement\":[{\"@type\":\"ListItem\",\"position\":1,\"name\":\"Home\",\"item\":\"https:\/\/welaikaadv.site\/avviso\/\"},{\"@type\":\"ListItem\",\"position\":2,\"name\":\"RELAZIONE SULL\u2019ATTIVIT\u00c0 DEL COMITATO DI SOLIDARIET\u00c0 PER LE VITTIME DELL\u2019ESTORSIONE E DELL\u2019USURA &#8211; ANNO 2017\"}]},{\"@type\":\"WebSite\",\"@id\":\"https:\/\/welaikaadv.site\/avviso\/#website\",\"url\":\"https:\/\/welaikaadv.site\/avviso\/\",\"name\":\"Staging Avviso Pubblico\",\"description\":\"\",\"publisher\":{\"@id\":\"https:\/\/welaikaadv.site\/avviso\/#organization\"},\"potentialAction\":[{\"@type\":\"SearchAction\",\"target\":{\"@type\":\"EntryPoint\",\"urlTemplate\":\"https:\/\/welaikaadv.site\/avviso\/?s={search_term_string}\"},\"query-input\":{\"@type\":\"PropertyValueSpecification\",\"valueRequired\":true,\"valueName\":\"search_term_string\"}}],\"inLanguage\":\"it-IT\"},{\"@type\":\"Organization\",\"@id\":\"https:\/\/welaikaadv.site\/avviso\/#organization\",\"name\":\"Staging Avviso Pubblico\",\"url\":\"https:\/\/welaikaadv.site\/avviso\/\",\"logo\":{\"@type\":\"ImageObject\",\"inLanguage\":\"it-IT\",\"@id\":\"https:\/\/welaikaadv.site\/avviso\/#\/schema\/logo\/image\/\",\"url\":\"https:\/\/welaikaadv.site\/avviso\/wp-content\/uploads\/2024\/08\/logoAPsito-400.png\",\"contentUrl\":\"https:\/\/welaikaadv.site\/avviso\/wp-content\/uploads\/2024\/08\/logoAPsito-400.png\",\"width\":400,\"height\":97,\"caption\":\"Staging Avviso Pubblico\"},\"image\":{\"@id\":\"https:\/\/welaikaadv.site\/avviso\/#\/schema\/logo\/image\/\"}}]}<\/script>\n<!-- \/ Yoast SEO plugin. -->","yoast_head_json":{"title":"RELAZIONE SULL\u2019ATTIVIT\u00c0 DEL COMITATO DI SOLIDARIET\u00c0 PER LE VITTIME DELL\u2019ESTORSIONE E DELL\u2019USURA - ANNO 2017 - Staging Avviso Pubblico","robots":{"index":"noindex","follow":"follow","max-snippet":"max-snippet:-1","max-image-preview":"max-image-preview:large","max-video-preview":"max-video-preview:-1"},"og_locale":"it_IT","og_type":"article","og_title":"RELAZIONE SULL\u2019ATTIVIT\u00c0 DEL COMITATO DI SOLIDARIET\u00c0 PER LE VITTIME DELL\u2019ESTORSIONE E DELL\u2019USURA - ANNO 2017 - Staging Avviso Pubblico","og_description":"Premessa. Il Commissario straordinario del Governo per il coordinamento delle iniziative antiracket ed antiusura ha inviato alle Camere, il 15 febbraio 2018, la relazione sull&#8217;attivit\u00e0&nbsp;[&hellip;]Leggi tutto RELAZIONE SULL\u2019ATTIVIT\u00c0 DEL COMITATO DI SOLIDARIET\u00c0 PER LE VITTIME DELL\u2019ESTORSIONE E DELL\u2019USURA &#8211; ANNO 2017 &rarr;","og_url":"https:\/\/welaikaadv.site\/avviso\/home\/cosa-facciamo\/informare\/documenti-tematici\/mafie\/relazione-sullattivita-del-comitato-di-solidarieta-per-le-vittime-dellestorsione-e-dellusura-anno-2018\/","og_site_name":"Staging Avviso Pubblico","twitter_card":"summary_large_image","twitter_misc":{"Tempo di lettura stimato":"2 minuti"},"schema":{"@context":"https:\/\/schema.org","@graph":[{"@type":"WebPage","@id":"https:\/\/welaikaadv.site\/avviso\/home\/cosa-facciamo\/informare\/documenti-tematici\/mafie\/relazione-sullattivita-del-comitato-di-solidarieta-per-le-vittime-dellestorsione-e-dellusura-anno-2018\/","url":"https:\/\/welaikaadv.site\/avviso\/home\/cosa-facciamo\/informare\/documenti-tematici\/mafie\/relazione-sullattivita-del-comitato-di-solidarieta-per-le-vittime-dellestorsione-e-dellusura-anno-2018\/","name":"RELAZIONE SULL\u2019ATTIVIT\u00c0 DEL COMITATO DI SOLIDARIET\u00c0 PER LE VITTIME DELL\u2019ESTORSIONE E DELL\u2019USURA - ANNO 2017 - Staging Avviso Pubblico","isPartOf":{"@id":"https:\/\/welaikaadv.site\/avviso\/#website"},"datePublished":"2018-03-27T20:00:20+00:00","breadcrumb":{"@id":"https:\/\/welaikaadv.site\/avviso\/home\/cosa-facciamo\/informare\/documenti-tematici\/mafie\/relazione-sullattivita-del-comitato-di-solidarieta-per-le-vittime-dellestorsione-e-dellusura-anno-2018\/#breadcrumb"},"inLanguage":"it-IT","potentialAction":[{"@type":"ReadAction","target":["https:\/\/welaikaadv.site\/avviso\/home\/cosa-facciamo\/informare\/documenti-tematici\/mafie\/relazione-sullattivita-del-comitato-di-solidarieta-per-le-vittime-dellestorsione-e-dellusura-anno-2018\/"]}]},{"@type":"BreadcrumbList","@id":"https:\/\/welaikaadv.site\/avviso\/home\/cosa-facciamo\/informare\/documenti-tematici\/mafie\/relazione-sullattivita-del-comitato-di-solidarieta-per-le-vittime-dellestorsione-e-dellusura-anno-2018\/#breadcrumb","itemListElement":[{"@type":"ListItem","position":1,"name":"Home","item":"https:\/\/welaikaadv.site\/avviso\/"},{"@type":"ListItem","position":2,"name":"RELAZIONE SULL\u2019ATTIVIT\u00c0 DEL COMITATO DI SOLIDARIET\u00c0 PER LE VITTIME DELL\u2019ESTORSIONE E DELL\u2019USURA &#8211; ANNO 2017"}]},{"@type":"WebSite","@id":"https:\/\/welaikaadv.site\/avviso\/#website","url":"https:\/\/welaikaadv.site\/avviso\/","name":"Staging Avviso Pubblico","description":"","publisher":{"@id":"https:\/\/welaikaadv.site\/avviso\/#organization"},"potentialAction":[{"@type":"SearchAction","target":{"@type":"EntryPoint","urlTemplate":"https:\/\/welaikaadv.site\/avviso\/?s={search_term_string}"},"query-input":{"@type":"PropertyValueSpecification","valueRequired":true,"valueName":"search_term_string"}}],"inLanguage":"it-IT"},{"@type":"Organization","@id":"https:\/\/welaikaadv.site\/avviso\/#organization","name":"Staging Avviso Pubblico","url":"https:\/\/welaikaadv.site\/avviso\/","logo":{"@type":"ImageObject","inLanguage":"it-IT","@id":"https:\/\/welaikaadv.site\/avviso\/#\/schema\/logo\/image\/","url":"https:\/\/welaikaadv.site\/avviso\/wp-content\/uploads\/2024\/08\/logoAPsito-400.png","contentUrl":"https:\/\/welaikaadv.site\/avviso\/wp-content\/uploads\/2024\/08\/logoAPsito-400.png","width":400,"height":97,"caption":"Staging Avviso Pubblico"},"image":{"@id":"https:\/\/welaikaadv.site\/avviso\/#\/schema\/logo\/image\/"}}]}},"_links":{"self":[{"href":"https:\/\/welaikaadv.site\/avviso\/wp-json\/wp\/v2\/pages\/23637","targetHints":{"allow":["GET"]}}],"collection":[{"href":"https:\/\/welaikaadv.site\/avviso\/wp-json\/wp\/v2\/pages"}],"about":[{"href":"https:\/\/welaikaadv.site\/avviso\/wp-json\/wp\/v2\/types\/page"}],"author":[{"embeddable":true,"href":"https:\/\/welaikaadv.site\/avviso\/wp-json\/wp\/v2\/users\/1"}],"replies":[{"embeddable":true,"href":"https:\/\/welaikaadv.site\/avviso\/wp-json\/wp\/v2\/comments?post=23637"}],"version-history":[{"count":0,"href":"https:\/\/welaikaadv.site\/avviso\/wp-json\/wp\/v2\/pages\/23637\/revisions"}],"up":[{"embeddable":true,"href":"https:\/\/welaikaadv.site\/avviso\/wp-json\/wp\/v2\/pages\/207"}],"wp:attachment":[{"href":"https:\/\/welaikaadv.site\/avviso\/wp-json\/wp\/v2\/media?parent=23637"}],"curies":[{"name":"wp","href":"https:\/\/api.w.org\/{rel}","templated":true}]}}