{"id":25019,"date":"2016-04-23T16:13:47","date_gmt":"2016-04-23T14:13:47","guid":{"rendered":"http:\/\/www.avvisopubblico.it\/home\/?page_id=25019"},"modified":"2016-04-23T16:13:47","modified_gmt":"2016-04-23T14:13:47","slug":"corte-di-cassazione-i-reati-di-corruzione-generano-danno-allimmagine-dellente","status":"publish","type":"page","link":"https:\/\/welaikaadv.site\/avviso\/home\/cosa-facciamo\/informare\/documenti-tematici\/corruzione-appalti\/corte-di-cassazione-i-reati-di-corruzione-generano-danno-allimmagine-dellente\/","title":{"rendered":"Corte di Cassazione: i reati di corruzione generano danno all\u2019immagine dell\u2019ente"},"content":{"rendered":"<p>La Corte di Cassazione (sezione penale) prende in esame un caso che riguarda la sussistenza del danno per una pubblica amministrazione, in ragione della condanna dei propri amministratori per i reati relativi agli articoli 319 e 319 <strong>bis<\/strong> del c.p. (corruzione per atto contrario ai doveri di ufficio).<\/p>\n<p>A conclusione del procedimento penale, infatti, inizialmente, gli amministratori erano stati condannati al pagamento di somme corrispondenti ai \u201cdanni effettivamente subiti\u201d dall\u2019Amministrazione, in ragione dei reati commessi. Ma a seguito del riesame, in appello, l\u2019Amministrazione era stata costretta a restituire le somme versate a titolo di provvisionale.<\/p>\n<p>In appello \u00e8 il Comune ad avere ragione ottenendo il risarcimento del danno all\u2019immagine, in conseguenza degli episodi di corruzione, ottenendo cos\u00ec un risarcimento, in via equitativa, tenendo conto della gravit\u00e0 dei fatti emergenti dalle sentenze penali.<\/p>\n<p>Avverso questa decisione, i soggetti soccombenti ricorrono alla Corte di Cassazione, a asserendo che\u00a0 \u201canche quando il fatto illecito integra gli estremi del reato, la sussistenza del danno non patrimoniale non pu\u00f2 mai essere ritenuta in <em>re ipsa<\/em>, ma va sempre debitamente allegata e provata da chi lo invoca, anche attraverso presunzioni semplici\u201d. Da ci\u00f2 conseguirebbe la necessit\u00e0 che il Comune fornisca la prova del danno subito.<\/p>\n<p>La Corte suprema, invece, rigetta l\u2019ultimo ricorso, sostenendo le ragioni dell\u2019Amministrazione e il conseguente diritto al risarcimento, affermando:<\/p>\n<p>1) che i reati di corruzione commessi da rappresentanti di un ente pubblico sono suscettibili di produrre offesa al decoro e al prestigio delle istituzioni;<\/p>\n<p>2) che in conseguenza di tali reati deve essere riconosciuto il danno all\u2019immagine dell\u2019Ente e che tale danno risulta dal rilievo giornalistico;<\/p>\n<p>3) che la vicenda ha avuto un impatto negativo sulla popolazione, inducendo sfiducia sul corretto funzionamento dell\u2019Amministrazione, tradottosi in una lesione dell\u2019Amministrazione dell\u2019Ente.<\/p>\n<p>&nbsp;<\/p>\n<p><em>Allegato: sentenza Corte di Cassazione n. 8394 del 2015<\/em><\/p>\n<p><strong>Corte di Cassazione, sez. III Civile, sentenza 11 dicembre 2014 \u2013 24 aprile 2015, n. 8394<\/strong> <em>Presidente Berruti \u2013 Relatore D\u2019Amico<\/em><\/p>\n<p>Svolgimento del processo<\/p>\n<p>F.G. convenne in giudizio, dinanzi al Tribunale di Sanremo, il Comune di Sanremo, A.A. , T.R. , B.A. , N.S. e G.A. esponendo: 1) che con la sentenza della Corte di cassazione in sede penale egli, unitamente ai detti A.A. , T.R. , B.A. , N.S. e G.A. , era stato riconosciuto colpevole dei reati di cui agli artt. 319 e 319 bis c.p. e condannato in solido con gli altri imputati al pagamento a favore della parte civile (Comune di Sanremo) di una provvisionale di l. 200.000.000; 2) che era suo interesse fare accertare il quantum dei danni effettivamente subiti dal suddetto Comune; 3) che nel merito nessun danno aveva in concreto subito quest\u2019ultimo per i fatti ad esso addebitati.<\/p>\n<p>Tanto premesso l\u2019attore F.G. chiese che il Tribunale accertasse l\u2019inesistenza di ogni e qualsiasi danno materiale o morale per il Comune di Sanremo e in via subordinata determinasse la misura dell\u2019eventuale importo dovuto a titolo di risarcimento del danno nel limite della provvisionale disposta dal giudice penale.<\/p>\n<p>Si costitu\u00ec in giudizio il Comune di Sanremo che contest\u00f2 le asserzioni di controparte e la fondatezza della domanda attrice. Si costituirono anche A.A. , B.A. e G.A. associandosi alle istanze attrici e chiedendo che il Tribunale riconoscesse che nulla era dovuto al Comune di Sanremo a titolo di risarcimento.<\/p>\n<p>Restarono contumaci N.S. e T.R. .<\/p>\n<p>Il Tribunale di Sanremo dichiar\u00f2 che nessun danno, di natura patrimoniale o non, era stato patito dal Comune di Sanremo in conseguenza degli illeciti penali accertati in via definitiva a carico di F. , A. , T. , G. , B. e N. . Con la medesima sentenza e in accoglimento della domanda riconvenzionale proposta dagli interessati, il suddetto Tribunale condann\u00f2 il Comune di Sanremo a restituire ad A. e B. le somme da essi versate a titolo di provvisionale.<\/p>\n<p>Il Comune di Sanremo propose appello in ordine all\u2019an e al quantum del risarcimento.<\/p>\n<p>Si costituirono F.G. , A.A. e gli eredi di B.A. eccependo la novit\u00e0 della prospettazione in appello del danno sotto il profilo dell\u2019afflizione dei cittadini, mentre rimasero contumaci G.A. e N.S. . La Corte d\u2019appello ha riconosciuto il risarcimento del danno all\u2019immagine del Comune in conseguenza degli episodi di corruzione degli amministratori comunali ed ha liquidato il danno in via equitativa tenendo conto della gravit\u00e0 dei fatti emergenti dalle sentenze penali. Ha condannato in solido F. , A. , G. , N. nonch\u00e9, nei limiti della quota ereditaria, B.A. , B.V. e Te. Mi. , quali eredi di B.A. , e T.P. , quale erede di T.R. , a pagare al Comune di Sanremo la somma di Euro 103.291,37, oltre le spese del giudizio.<\/p>\n<p>Propongono ricorso per cassazione B.V. , B.A. , Te.Mi. e A.A. con due motivi.<\/p>\n<p>A.A. presenta memoria di costituzione di nuovo difensore ex art. 83, 3 comma, c.p.c..<\/p>\n<p>Resiste con controricorso il Comune di Sanremo che presenta memoria.<\/p>\n<p>Gli altri intimati non svolgono attivit\u00e0 difensiva.<\/p>\n<p>Motivi della decisione<\/p>\n<p>Con il primo motivo si denuncia \u201cviolazione e falsa applicazione dell\u2019art. 345 c.p.c. in relazione al vizio di cui all\u2019art. 360 n. 3 c.p.c.\u201d.<\/p>\n<p>Ad avviso dei ricorrenti, diversamente da quanto affermato dalla Corte d\u2019appello di Genova, l\u2019appello proposto dal Comune di Sanremo \u00e8 fondato su un inammissibile elemento di novit\u00e0 rispetto al fatto dedotto originariamente in prime cure, come motivo posto a fondamento della domanda di risarcimento del danno non patrimoniale, asseritamente subito a seguito degli illeciti penali commessi dagli appellati.<\/p>\n<p>Ritengono i ricorrenti che in primo grado il Comune di Sanremo chiedeva il risarcimento del danno non patrimoniale per il danno arrecato all\u2019immagine del Comune stesso sotto il profilo del prestigio e della credibilit\u00e0 delle istituzioni, mentre in appello chiedeva il danno morale per i danni subiti dai suoi cittadini attraverso l\u2019Ente che li rappresentava.<\/p>\n<p>Pertanto, ad avviso dei ricorrenti, dall\u2019esame delle domande risulta chiara la novit\u00e0 della domanda.<\/p>\n<p>Il motivo \u00e8 infondato.<\/p>\n<p>Si ha mutatio libelli quando si avanzi una pretesa obiettivamente diversa da quella originaria, introducendo nel processo un petitum diverso e pi\u00f9 ampio oppure una causa petendi fondata su situazioni giuridiche non prospettate prima e particolarmente su un fatto costitutivo radicalmente differente, di modo che si ponga al giudice un nuovo tema d\u2019indagine e si spostino i termini della controversia, con l\u2019effetto di disorientare la difesa della controparte ed alterare il regolare svolgimento del processo; si ha, invece, semplice emendatio quando si incida sulla causa petendi, in modo che risulti modificata soltanto l\u2019interpretazione o qualificazione giuridica del fatto costitutivo del diritto, oppure sul petitum, nel senso di ampliarlo o limitarlo per renderlo pi\u00f9 idoneo al concreto ed effettivo soddisfacimento della pretesa fatta valere (Cass., 20 luglio 2012, n. 12621).<\/p>\n<p>Nella specie, come correttamente stabilito dalla sentenza della Corte d\u2019appello, non \u00e8 ravvisabile nell\u2019argomentazione dell\u2019atto di appello del Comune di Sanremo nessun inammissibile elemento di novit\u00e0, non essendosi in presenza n\u00e9 di mutatio n\u00e9 di emendatio libelli in quanto la domanda di risarcimento del danno non patrimoniale da reato subito dall\u2019ente per la lesione alla sua reputazione \u00e8 rimasta invariata, introducendosi soltanto nuove argomentazioni difensive a sostegno della sussistenza di tale danno. Si rileva infatti in proposito che l\u2019afflizione patita dai cittadini non costituisce una ipotesi autonoma e distinta di danno rispetto a quello patito dall\u2019ente, ma un mero riflesso o atteggiarsi di questo.<\/p>\n<p>Con il secondo motivo parte ricorrente denuncia \u201cviolazione e falsa applicazione del disposto degli artt. 2697 e 1226 c.c., 115 c.p.c. e 651 c.p.p. in relazione ai vizi di cui all\u2019art. 360 nn. 3 e 5 c.p.c.\u201d.<\/p>\n<p>Ritengono i ricorrenti che la statuizione del giudice penale sull\u2019an debeatur non costituirebbe prova sufficiente, nel giudizio civile, per dimostrare l\u2019effettiva sussistenza di un danno risarcibile; pertanto la Corte d\u2019appello, in difetto di altri elementi probatori forniti dal Comune di Sanremo, avrebbe errato nel considerare raggiunta tale prova e nel condannare essi ricorrenti al conseguente risarcimento.<\/p>\n<p>Sempre ad avviso di questi ultimi nessun elemento probatorio, ai fini della sussistenza e della liquidazione del danno in sede civile pu\u00f2 infatti trarsi dalla provvisionale liquidata in sede penale.<\/p>\n<p>Il motivo \u00e8 infondato.<\/p>\n<p>Va ribadito il principio (Cass., Sez. 3, Ordinanza n. 8421 del 12\/04\/2011; S.U. 11\/11\/2008 n. 26972) secondo cui, anche quando il fatto illecito integra gli estremi del reato, la sussistenza del danno non patrimoniale non pu\u00f2 mai essere ritenuta in re ipsa, ma va sempre debitamente allegata e provata da chi lo invoca, anche attraverso presunzioni semplici.<\/p>\n<p>La struttura della responsabilit\u00e0 aquiliana presuppone che l\u2019attore fornisca la prova del danno di cui chiede il risarcimento, non potendo ritenersi che il danno sia \u201cin re ipsa\u201c, e cio\u00e8 coincida con l\u2019evento, poich\u00e9 il danno risarcibile, nella struttura della responsabilit\u00e0 aquiliana, non si pone in termini di automatismo rispetto al fatto dannoso (restando, quindi, un danno \u2013 conseguenza che non coincide con l\u2019evento, che \u00e8 un elemento del fatto produttivo del danno).<\/p>\n<p>Sennonch\u00e9 tale principio \u00e8 stato rispettato dalla sentenza impugnata che ha riconosciuto il danno in favore del Comune, non in quanto in re ipsa, ma sulla base di presunzioni semplici. Correttamente l\u2019impugnata sentenza, non basandosi esclusivamente sulle risultanze penali, ha ritenuto: 1) che i reati di corruzione commessi da rappresentanti di un ente pubblico sono suscettibili di produrre offesa al decoro e al prestigio delle istituzioni; 2) che in conseguenza di tali reati andava riconosciuto il danno all\u2019immagine del Comune e che tale danno risultava dal rilievo giornalistico, trattandosi di fatti commessi in sede di organizzazione del Festival di Sanremo; 3) che la vicenda de qua ha avuto un impatto negativo sulla popolazione, inducendo sfiducia sul corretto funzionamento dell\u2019Amministrazione, tradottosi in una lesione dell\u2019Amministrazione del Comune.<\/p>\n<p>In conclusione il ricorso deve essere rigettato con condanna di parte ricorrente alle spese del giudizio di cassazione che si liquidano come in dispositivo.<\/p>\n<p>P.Q.M.<\/p>\n<p>La Corte rigetta il ricorso e condanna parte ricorrente alle spese del giudizio di cassazione che liquida in Euro 10.200,00, di cui Euro 200,00 per esborsi, oltre spese generali ed accessori di legge.<\/p>\n","protected":false},"excerpt":{"rendered":"<p>La Corte di Cassazione (sezione penale) prende in esame un caso che riguarda la sussistenza del danno per una pubblica amministrazione, in ragione della condanna&nbsp;<span class=\"hellipsis\">[&hellip;]<\/span><a class=\"more-link\" href=\"https:\/\/welaikaadv.site\/avviso\/home\/cosa-facciamo\/informare\/documenti-tematici\/corruzione-appalti\/corte-di-cassazione-i-reati-di-corruzione-generano-danno-allimmagine-dellente\/\">Leggi tutto <span class=\"screen-reader-text\">Corte di Cassazione: i reati di corruzione generano danno all\u2019immagine dell\u2019ente<\/span> <span class=\"meta-nav\" aria-hidden=\"true\">&rarr;<\/span><\/a><\/p>\n","protected":false},"author":1,"featured_media":0,"parent":198,"menu_order":0,"comment_status":"closed","ping_status":"closed","template":"","meta":{"_acf_changed":false,"_exactmetrics_skip_tracking":false,"_exactmetrics_sitenote_active":false,"_exactmetrics_sitenote_note":"","_exactmetrics_sitenote_category":0,"wp_social_preview_title":"","wp_social_preview_description":"","wp_social_preview_image":0,"footnotes":""},"class_list":["post-25019","page","type-page","status-publish","hentry"],"acf":[],"yoast_head":"<!-- This site is optimized with the Yoast SEO plugin v27.2 - https:\/\/yoast.com\/product\/yoast-seo-wordpress\/ -->\n<title>Corte di Cassazione: i reati di corruzione generano danno all\u2019immagine dell\u2019ente - Staging Avviso Pubblico<\/title>\n<meta name=\"robots\" content=\"noindex, follow, max-snippet:-1, max-image-preview:large, max-video-preview:-1\" \/>\n<meta property=\"og:locale\" content=\"it_IT\" \/>\n<meta property=\"og:type\" content=\"article\" \/>\n<meta property=\"og:title\" content=\"Corte di Cassazione: i reati di corruzione generano danno all\u2019immagine dell\u2019ente - Staging Avviso Pubblico\" \/>\n<meta property=\"og:description\" content=\"La Corte di Cassazione (sezione penale) prende in esame un caso che riguarda la sussistenza del danno per una pubblica amministrazione, in ragione della condanna&nbsp;[&hellip;]Leggi tutto Corte di Cassazione: i reati di corruzione generano danno all\u2019immagine dell\u2019ente &rarr;\" \/>\n<meta property=\"og:url\" content=\"https:\/\/welaikaadv.site\/avviso\/home\/cosa-facciamo\/informare\/documenti-tematici\/corruzione-appalti\/corte-di-cassazione-i-reati-di-corruzione-generano-danno-allimmagine-dellente\/\" \/>\n<meta property=\"og:site_name\" content=\"Staging Avviso Pubblico\" \/>\n<meta name=\"twitter:card\" content=\"summary_large_image\" \/>\n<meta name=\"twitter:label1\" content=\"Tempo di lettura stimato\" \/>\n\t<meta name=\"twitter:data1\" content=\"8 minuti\" \/>\n<script type=\"application\/ld+json\" class=\"yoast-schema-graph\">{\"@context\":\"https:\/\/schema.org\",\"@graph\":[{\"@type\":\"WebPage\",\"@id\":\"https:\/\/welaikaadv.site\/avviso\/home\/cosa-facciamo\/informare\/documenti-tematici\/corruzione-appalti\/corte-di-cassazione-i-reati-di-corruzione-generano-danno-allimmagine-dellente\/\",\"url\":\"https:\/\/welaikaadv.site\/avviso\/home\/cosa-facciamo\/informare\/documenti-tematici\/corruzione-appalti\/corte-di-cassazione-i-reati-di-corruzione-generano-danno-allimmagine-dellente\/\",\"name\":\"Corte di Cassazione: i reati di corruzione generano danno all\u2019immagine dell\u2019ente - Staging Avviso Pubblico\",\"isPartOf\":{\"@id\":\"https:\/\/welaikaadv.site\/avviso\/#website\"},\"datePublished\":\"2016-04-23T14:13:47+00:00\",\"breadcrumb\":{\"@id\":\"https:\/\/welaikaadv.site\/avviso\/home\/cosa-facciamo\/informare\/documenti-tematici\/corruzione-appalti\/corte-di-cassazione-i-reati-di-corruzione-generano-danno-allimmagine-dellente\/#breadcrumb\"},\"inLanguage\":\"it-IT\",\"potentialAction\":[{\"@type\":\"ReadAction\",\"target\":[\"https:\/\/welaikaadv.site\/avviso\/home\/cosa-facciamo\/informare\/documenti-tematici\/corruzione-appalti\/corte-di-cassazione-i-reati-di-corruzione-generano-danno-allimmagine-dellente\/\"]}]},{\"@type\":\"BreadcrumbList\",\"@id\":\"https:\/\/welaikaadv.site\/avviso\/home\/cosa-facciamo\/informare\/documenti-tematici\/corruzione-appalti\/corte-di-cassazione-i-reati-di-corruzione-generano-danno-allimmagine-dellente\/#breadcrumb\",\"itemListElement\":[{\"@type\":\"ListItem\",\"position\":1,\"name\":\"Home\",\"item\":\"https:\/\/welaikaadv.site\/avviso\/\"},{\"@type\":\"ListItem\",\"position\":2,\"name\":\"Corte di Cassazione: i reati di corruzione generano danno all\u2019immagine dell\u2019ente\"}]},{\"@type\":\"WebSite\",\"@id\":\"https:\/\/welaikaadv.site\/avviso\/#website\",\"url\":\"https:\/\/welaikaadv.site\/avviso\/\",\"name\":\"Staging Avviso Pubblico\",\"description\":\"\",\"publisher\":{\"@id\":\"https:\/\/welaikaadv.site\/avviso\/#organization\"},\"potentialAction\":[{\"@type\":\"SearchAction\",\"target\":{\"@type\":\"EntryPoint\",\"urlTemplate\":\"https:\/\/welaikaadv.site\/avviso\/?s={search_term_string}\"},\"query-input\":{\"@type\":\"PropertyValueSpecification\",\"valueRequired\":true,\"valueName\":\"search_term_string\"}}],\"inLanguage\":\"it-IT\"},{\"@type\":\"Organization\",\"@id\":\"https:\/\/welaikaadv.site\/avviso\/#organization\",\"name\":\"Staging Avviso Pubblico\",\"url\":\"https:\/\/welaikaadv.site\/avviso\/\",\"logo\":{\"@type\":\"ImageObject\",\"inLanguage\":\"it-IT\",\"@id\":\"https:\/\/welaikaadv.site\/avviso\/#\/schema\/logo\/image\/\",\"url\":\"https:\/\/welaikaadv.site\/avviso\/wp-content\/uploads\/2024\/08\/logoAPsito-400.png\",\"contentUrl\":\"https:\/\/welaikaadv.site\/avviso\/wp-content\/uploads\/2024\/08\/logoAPsito-400.png\",\"width\":400,\"height\":97,\"caption\":\"Staging Avviso Pubblico\"},\"image\":{\"@id\":\"https:\/\/welaikaadv.site\/avviso\/#\/schema\/logo\/image\/\"}}]}<\/script>\n<!-- \/ Yoast SEO plugin. -->","yoast_head_json":{"title":"Corte di Cassazione: i reati di corruzione generano danno all\u2019immagine dell\u2019ente - Staging Avviso Pubblico","robots":{"index":"noindex","follow":"follow","max-snippet":"max-snippet:-1","max-image-preview":"max-image-preview:large","max-video-preview":"max-video-preview:-1"},"og_locale":"it_IT","og_type":"article","og_title":"Corte di Cassazione: i reati di corruzione generano danno all\u2019immagine dell\u2019ente - Staging Avviso Pubblico","og_description":"La Corte di Cassazione (sezione penale) prende in esame un caso che riguarda la sussistenza del danno per una pubblica amministrazione, in ragione della condanna&nbsp;[&hellip;]Leggi tutto Corte di Cassazione: i reati di corruzione generano danno all\u2019immagine dell\u2019ente &rarr;","og_url":"https:\/\/welaikaadv.site\/avviso\/home\/cosa-facciamo\/informare\/documenti-tematici\/corruzione-appalti\/corte-di-cassazione-i-reati-di-corruzione-generano-danno-allimmagine-dellente\/","og_site_name":"Staging Avviso Pubblico","twitter_card":"summary_large_image","twitter_misc":{"Tempo di lettura stimato":"8 minuti"},"schema":{"@context":"https:\/\/schema.org","@graph":[{"@type":"WebPage","@id":"https:\/\/welaikaadv.site\/avviso\/home\/cosa-facciamo\/informare\/documenti-tematici\/corruzione-appalti\/corte-di-cassazione-i-reati-di-corruzione-generano-danno-allimmagine-dellente\/","url":"https:\/\/welaikaadv.site\/avviso\/home\/cosa-facciamo\/informare\/documenti-tematici\/corruzione-appalti\/corte-di-cassazione-i-reati-di-corruzione-generano-danno-allimmagine-dellente\/","name":"Corte di Cassazione: i reati di corruzione generano danno all\u2019immagine dell\u2019ente - Staging Avviso Pubblico","isPartOf":{"@id":"https:\/\/welaikaadv.site\/avviso\/#website"},"datePublished":"2016-04-23T14:13:47+00:00","breadcrumb":{"@id":"https:\/\/welaikaadv.site\/avviso\/home\/cosa-facciamo\/informare\/documenti-tematici\/corruzione-appalti\/corte-di-cassazione-i-reati-di-corruzione-generano-danno-allimmagine-dellente\/#breadcrumb"},"inLanguage":"it-IT","potentialAction":[{"@type":"ReadAction","target":["https:\/\/welaikaadv.site\/avviso\/home\/cosa-facciamo\/informare\/documenti-tematici\/corruzione-appalti\/corte-di-cassazione-i-reati-di-corruzione-generano-danno-allimmagine-dellente\/"]}]},{"@type":"BreadcrumbList","@id":"https:\/\/welaikaadv.site\/avviso\/home\/cosa-facciamo\/informare\/documenti-tematici\/corruzione-appalti\/corte-di-cassazione-i-reati-di-corruzione-generano-danno-allimmagine-dellente\/#breadcrumb","itemListElement":[{"@type":"ListItem","position":1,"name":"Home","item":"https:\/\/welaikaadv.site\/avviso\/"},{"@type":"ListItem","position":2,"name":"Corte di Cassazione: i reati di corruzione generano danno all\u2019immagine dell\u2019ente"}]},{"@type":"WebSite","@id":"https:\/\/welaikaadv.site\/avviso\/#website","url":"https:\/\/welaikaadv.site\/avviso\/","name":"Staging Avviso Pubblico","description":"","publisher":{"@id":"https:\/\/welaikaadv.site\/avviso\/#organization"},"potentialAction":[{"@type":"SearchAction","target":{"@type":"EntryPoint","urlTemplate":"https:\/\/welaikaadv.site\/avviso\/?s={search_term_string}"},"query-input":{"@type":"PropertyValueSpecification","valueRequired":true,"valueName":"search_term_string"}}],"inLanguage":"it-IT"},{"@type":"Organization","@id":"https:\/\/welaikaadv.site\/avviso\/#organization","name":"Staging Avviso Pubblico","url":"https:\/\/welaikaadv.site\/avviso\/","logo":{"@type":"ImageObject","inLanguage":"it-IT","@id":"https:\/\/welaikaadv.site\/avviso\/#\/schema\/logo\/image\/","url":"https:\/\/welaikaadv.site\/avviso\/wp-content\/uploads\/2024\/08\/logoAPsito-400.png","contentUrl":"https:\/\/welaikaadv.site\/avviso\/wp-content\/uploads\/2024\/08\/logoAPsito-400.png","width":400,"height":97,"caption":"Staging Avviso Pubblico"},"image":{"@id":"https:\/\/welaikaadv.site\/avviso\/#\/schema\/logo\/image\/"}}]}},"_links":{"self":[{"href":"https:\/\/welaikaadv.site\/avviso\/wp-json\/wp\/v2\/pages\/25019","targetHints":{"allow":["GET"]}}],"collection":[{"href":"https:\/\/welaikaadv.site\/avviso\/wp-json\/wp\/v2\/pages"}],"about":[{"href":"https:\/\/welaikaadv.site\/avviso\/wp-json\/wp\/v2\/types\/page"}],"author":[{"embeddable":true,"href":"https:\/\/welaikaadv.site\/avviso\/wp-json\/wp\/v2\/users\/1"}],"replies":[{"embeddable":true,"href":"https:\/\/welaikaadv.site\/avviso\/wp-json\/wp\/v2\/comments?post=25019"}],"version-history":[{"count":0,"href":"https:\/\/welaikaadv.site\/avviso\/wp-json\/wp\/v2\/pages\/25019\/revisions"}],"up":[{"embeddable":true,"href":"https:\/\/welaikaadv.site\/avviso\/wp-json\/wp\/v2\/pages\/198"}],"wp:attachment":[{"href":"https:\/\/welaikaadv.site\/avviso\/wp-json\/wp\/v2\/media?parent=25019"}],"curies":[{"name":"wp","href":"https:\/\/api.w.org\/{rel}","templated":true}]}}