{"id":25469,"date":"2018-06-27T12:28:09","date_gmt":"2018-06-27T10:28:09","guid":{"rendered":"http:\/\/www.avvisopubblico.it\/home\/?page_id=25469"},"modified":"2018-06-27T12:28:09","modified_gmt":"2018-06-27T10:28:09","slug":"gioco-dazzardo-le-norme-approvate-dal-comune-di-roma","status":"publish","type":"page","link":"https:\/\/welaikaadv.site\/avviso\/home\/cosa-facciamo\/informare\/documenti-tematici\/gioco-dazzardo\/gioco-dazzardo-le-norme-approvate-dal-comune-di-roma\/","title":{"rendered":"Gioco d\u2019azzardo: le norme approvate dal Comune di Roma"},"content":{"rendered":"<p><strong>Premessa. <\/strong>Il Comune di Roma il 9 Giugno 2017 ha approvato un <strong>Regolamento sulle sale da gioco e i giochi leciti<\/strong> \u00a0(<strong><a href=\"https:\/\/welaikaadv.site\/avviso\/wp-content\/uploads\/2017\/02\/Roma-Regolamento_Sale_da_Gioco_e_Giochi_leciti-2017.pdf\">n. 31 del 2017<\/a><\/strong>) che disciplina le concessioni delle licenze relative all&#8217;esercizio di giochi leciti (sale pubbliche da gioco) per la \u201ctutela dei minori, degli utilizzatori, della sicurezza urbana, della salute e della quiete della collettivit\u00e0\u201c (art.2, comma 2). Successivamente, il 17 aprile 2018, all\u2019interno del <strong>Regolamento Attivit\u00e0 Commerciali<\/strong> (<strong><a href=\"https:\/\/welaikaadv.site\/avviso\/wp-content\/uploads\/2018\/05\/Roma-Regolamento_Attivit\u00e0_Commerciali-2018.pdf\">n. 47 del 2018<\/a><\/strong>) sono state inserite altre norme in materia di gioco d\u2019azzardo.<\/p>\n<p>Gli aspetti principali dei due regolamenti possono essere cos\u00ec riassunti.<\/p>\n<p><strong>Finalit\u00e0 dei provvedimenti<\/strong>. Il primo Regolamento (che richiama nelle premesse la legge regionale n.5 del 2013 \u201cDisposizioni per la prevenzione e il trattamento del gioco d\u2019azzardo patologico\u201d) \u00e8 volto &#8220;a limitare le conseguenze sociali dell&#8217;offerta di gioco su fasce di utenti psicologicamente pi\u00f9 vulnerabili\u201c e si prefigge di \u201cprevenire e contrastare la propensione al Gioco d&#8217;Azzardo Patologico (G.A.P.); garantire che ogni forma di gioco lecito avvenga riducendo gli effetti pregiudizievoli, per la salute pubblica, la serenit\u00e0 domestica, l&#8217;integrit\u00e0 del tempo di lavoro, l&#8217;aggregazione sociale, la sicurezza urbana, la viabilit\u00e0, il decoro, la quiete pubblica e contrastando, altres\u00ec, i fenomeni di dequalificazione territoriale; disincentivare il gioco compulsivo\u201d (art.2, comma 1). Inoltre \u201cl\u2019Amministrazione si impegna ad impostare specifiche restrizioni alla navigazione internet (c.d. \u201c<em>content filtering<\/em>\u201d) alla rete wireless di Roma Capitale, volte ad impedire l&#8217;accesso a siti web nei quali \u00e8 possibile giocare d&#8217;azzardo on-line\u201d necessarie (art.2). Il secondo Regolamento \u00e8 finalizzato a tutelare il Centro storico di Roma, riconosciuto come Sito Unesco, includendo le sale per videogiochi, biliardi ed altri giochi leciti di cui all&#8217;art. 10 T.U.L.P.S tra le attivit\u00e0 incompatibili con le esigenze di tutela dei valori ambientali e urbanistici del Centro storico di Roma.<\/p>\n<p><strong>Divieti riguardanti l\u2019ubicazione degli esercizi dedicati al gioco d\u2018azzardo<\/strong>. Ai sensi degli artt. 6 e 8 del regolamento sulle sale da gioco e dell\u2019art. 11 del Regolamento sulle attivit\u00e0 commerciali l\u2019esercizio delle attivit\u00e0 di gioco \u00e8 vietato:<\/p>\n<ul>\n<li>in caso di mancato rispetto della distanza dai luoghi sensibili di almeno 350 metri all\u2019interno del perimetro dell\u2019\u201cAnello Ferroviario\u201d di cui alla Zona 2 del PGTU e di almeno 500 metri al di fuori di esso (istituti scolastici di qualsiasi grado, luoghi di culto, centri giovanili o altri istituti frequentati principalmente da giovani, strutture residenziali o semiresidenziale operanti in ambito sanitario o socioassistenziale);<\/li>\n<li>in caso di presenza all&#8217;interno del locale di sportelli bancari, postali o bancomat, per evitare che la disponibilit\u00e0 immediata di denaro contante costituisca incentivo al gioco;<\/li>\n<li>negli immobili di propriet\u00e0 di Roma Capitale e delle societ\u00e0 da essa controllate o partecipate;<\/li>\n<li>in immobili vincolati, ai sensi del Codice dei beni culturali e paesaggistici;<\/li>\n<li>nei chioschi su suolo pubblico;<\/li>\n<li>all\u2019interno del Centro storico, con particolare riguardo ai tessuti T1, T2, T3, T4, T5 ovunque localizzati e T6 localizzati all&#8217;interno del Municipio Roma I;<\/li>\n<li>negli esercizi pubblici, qualora gli stessi si trovino all&#8217;interno di istituti scolastici di qualsiasi grado, sedi e strutture universitarie, centri di formazione professionale, luoghi di culto, centri giovanili o altri istituti frequentati principalmente da giovani, strutture residenziali o semiresidenziali operanti in ambito sanitario o socioassistenziale, strutture ricettive per categorie protette, parchi e altri spazi verdi pubblici attrezzati, musei civici e nazionali, caserme attive, centri di accoglienza per richiedenti asilo, centri per l\u2019impiego;<\/li>\n<li>all\u2019esterno dei locali;<\/li>\n<li>nei circoli privati che risultano come luoghi sensibili.<\/li>\n<\/ul>\n<p><strong>Giochi vietati<\/strong>. La tabella dei giochi proibiti deve essere esposta nei locali (artt. 4 e 9). E\u2018vietata la messa a disposizione, presso qualsiasi pubblico esercizio, di apparecchiature che, attraverso la connessione telematica, consentano di giocare collegandosi a piattaforme per il gioco on-line (cc.dd. \u201ctotem\u201d e similari) (art. 3).<\/p>\n<p><strong>Divieto di accesso dei minori<\/strong>. E\u2018 previsto l\u2019obbligo di identificazione die minori di anni 18 al fine di inibire loro l&#8217;uso degli apparecchi e l\u2019accesso nelle sale riservate al gioco (art. 8).<\/p>\n<p><strong>Informazioni per i giocatori<\/strong>. Deve essere esposto su ciascun apparecchio il cartello indicante i valori relativi al costo della partita, le regole del gioco e la descrizione delle combinazioni o sequenze vincenti e il cartello indicante il divieto di utilizzo ai minori di 18 anni. All\u2019ingresso e all\u2019interno dei locali devono essere esposti in modo visibile il materiale informativo predisposto dalla competente A.S.L.(diretto ad evidenziare i rischi correlati al gioco e a segnalare la presenza sul territorio dei servizi di assistenza pubblici) nonch\u00e8 il cartello predisposto da Roma Capitale contenente le informazioni che consentano al giocatore di effettuare un autoteste d il cartello indicante gli orari di apertura e chiusura dell&#8217;esercizio (art. 9).<\/p>\n<p><strong>Nuove sale da gioco<\/strong>. Il regolamento precisa procedura e requisiti (tra cui il fatto di non aver subito misure di prevenzione ai sensi della normativa antimafia) per l\u2019apertura di nuove sale (art. 7).<\/p>\n<p><strong>Pubblicit\u00e0<\/strong>. Viene vietata la pubblicizzazione all&#8217;interno e all&#8217;esterno dei locali di vincite appena accadute o storicamente avvenute, cos\u00ec come l&#8217;installazione di insegne luminose o a luminosit\u00e0 intermittente sia all&#8217;interno che all&#8217;esterno degli esercizi; \u00e8 altresi vietata l\u2019attivit\u00e0 pubblicitaria relativa all\u2019apertura o all\u2019esercizio di sale da gioco e dell&#8217;attivit\u00e0 secondaria e complementare di somministrazione di alimenti e bevande (art.9).<\/p>\n<p><strong>Esercizi no slot<\/strong>. Gli esercizi commerciali che scelgono di non installare apparecchiature per il gioco d&#8217;azzardo potranno esporre il marchio regionale &#8220;Slot free-RL&#8221;, ai sensi dell&#8217;articolo 5 della legge regionale n. 5 del 2013 (art. 9, comma 8).<\/p>\n<p><strong>Revoca e sospensione della licenza: <\/strong>viene sospesa nei casi previsti dalla normativa di settore (art.11)<\/p>\n<p><strong>Limitazione orari<\/strong>. Il Regolamento rinvia ad una successiva ordinanza del Sindaco, approvata nel giugno 2018 (<strong><a href=\"https:\/\/welaikaadv.site\/avviso\/home\/cosa-facciamo\/informare\/documenti-tematici\/gioco-dazzardo\/lordinanza-di-limitazione-degli-orari-degli-apparecchi-da-gioco-del-comune-di-roma\/\">clicca qui<\/a><\/strong>) la fissazione degli orari di apertura delle sale da gioco e delle fasce orarie di funzionamento degli apparecchi da gioco con vincita in denaro (art. 12).<\/p>\n<p><strong>Sanzioni. <\/strong>Per le violazioni del Regolamento sulle sale da gioco \u00e8 prevista una sanzione amministrativa pecuniaria il cui importo \u00e8 determinato dalla Giunta (art. 13). Il Regolamento sulle attivit\u00e0 commerciali prevede la sospensione dell\u2019attivit\u00e0 (art. 15).<\/p>\n<p>(<em>a cura di Sara Capitanio, vincitrice di una borsa di studio indetta da Avviso Pubblico<\/em>)<\/p>\n","protected":false},"excerpt":{"rendered":"<p>Premessa. Il Comune di Roma il 9 Giugno 2017 ha approvato un Regolamento sulle sale da gioco e i giochi leciti \u00a0(n. 31 del 2017)&nbsp;<span class=\"hellipsis\">[&hellip;]<\/span><a class=\"more-link\" href=\"https:\/\/welaikaadv.site\/avviso\/home\/cosa-facciamo\/informare\/documenti-tematici\/gioco-dazzardo\/gioco-dazzardo-le-norme-approvate-dal-comune-di-roma\/\">Leggi tutto <span class=\"screen-reader-text\">Gioco d\u2019azzardo: le norme approvate dal Comune di Roma<\/span> <span class=\"meta-nav\" aria-hidden=\"true\">&rarr;<\/span><\/a><\/p>\n","protected":false},"author":1,"featured_media":0,"parent":202,"menu_order":0,"comment_status":"closed","ping_status":"closed","template":"","meta":{"_acf_changed":false,"_exactmetrics_skip_tracking":false,"_exactmetrics_sitenote_active":false,"_exactmetrics_sitenote_note":"","_exactmetrics_sitenote_category":0,"wp_social_preview_title":"","wp_social_preview_description":"","wp_social_preview_image":0,"footnotes":""},"class_list":["post-25469","page","type-page","status-publish","hentry"],"acf":[],"yoast_head":"<!-- This site is optimized with the Yoast SEO plugin v27.2 - https:\/\/yoast.com\/product\/yoast-seo-wordpress\/ -->\n<title>Gioco d\u2019azzardo: le norme approvate dal Comune di Roma - Staging Avviso Pubblico<\/title>\n<meta name=\"robots\" content=\"noindex, follow, max-snippet:-1, max-image-preview:large, max-video-preview:-1\" \/>\n<meta property=\"og:locale\" content=\"it_IT\" \/>\n<meta property=\"og:type\" content=\"article\" \/>\n<meta property=\"og:title\" content=\"Gioco d\u2019azzardo: le norme approvate dal Comune di Roma - Staging Avviso Pubblico\" \/>\n<meta property=\"og:description\" content=\"Premessa. Il Comune di Roma il 9 Giugno 2017 ha approvato un Regolamento sulle sale da gioco e i giochi leciti \u00a0(n. 31 del 2017)&nbsp;[&hellip;]Leggi tutto Gioco d\u2019azzardo: le norme approvate dal Comune di Roma &rarr;\" \/>\n<meta property=\"og:url\" content=\"https:\/\/welaikaadv.site\/avviso\/home\/cosa-facciamo\/informare\/documenti-tematici\/gioco-dazzardo\/gioco-dazzardo-le-norme-approvate-dal-comune-di-roma\/\" \/>\n<meta property=\"og:site_name\" content=\"Staging Avviso Pubblico\" \/>\n<meta name=\"twitter:card\" content=\"summary_large_image\" \/>\n<meta name=\"twitter:label1\" content=\"Tempo di lettura stimato\" \/>\n\t<meta name=\"twitter:data1\" content=\"5 minuti\" \/>\n<script type=\"application\/ld+json\" class=\"yoast-schema-graph\">{\"@context\":\"https:\/\/schema.org\",\"@graph\":[{\"@type\":\"WebPage\",\"@id\":\"https:\/\/welaikaadv.site\/avviso\/home\/cosa-facciamo\/informare\/documenti-tematici\/gioco-dazzardo\/gioco-dazzardo-le-norme-approvate-dal-comune-di-roma\/\",\"url\":\"https:\/\/welaikaadv.site\/avviso\/home\/cosa-facciamo\/informare\/documenti-tematici\/gioco-dazzardo\/gioco-dazzardo-le-norme-approvate-dal-comune-di-roma\/\",\"name\":\"Gioco d\u2019azzardo: le norme approvate dal Comune di Roma - Staging Avviso Pubblico\",\"isPartOf\":{\"@id\":\"https:\/\/welaikaadv.site\/avviso\/#website\"},\"datePublished\":\"2018-06-27T10:28:09+00:00\",\"breadcrumb\":{\"@id\":\"https:\/\/welaikaadv.site\/avviso\/home\/cosa-facciamo\/informare\/documenti-tematici\/gioco-dazzardo\/gioco-dazzardo-le-norme-approvate-dal-comune-di-roma\/#breadcrumb\"},\"inLanguage\":\"it-IT\",\"potentialAction\":[{\"@type\":\"ReadAction\",\"target\":[\"https:\/\/welaikaadv.site\/avviso\/home\/cosa-facciamo\/informare\/documenti-tematici\/gioco-dazzardo\/gioco-dazzardo-le-norme-approvate-dal-comune-di-roma\/\"]}]},{\"@type\":\"BreadcrumbList\",\"@id\":\"https:\/\/welaikaadv.site\/avviso\/home\/cosa-facciamo\/informare\/documenti-tematici\/gioco-dazzardo\/gioco-dazzardo-le-norme-approvate-dal-comune-di-roma\/#breadcrumb\",\"itemListElement\":[{\"@type\":\"ListItem\",\"position\":1,\"name\":\"Home\",\"item\":\"https:\/\/welaikaadv.site\/avviso\/\"},{\"@type\":\"ListItem\",\"position\":2,\"name\":\"Gioco d\u2019azzardo: le norme approvate dal Comune di Roma\"}]},{\"@type\":\"WebSite\",\"@id\":\"https:\/\/welaikaadv.site\/avviso\/#website\",\"url\":\"https:\/\/welaikaadv.site\/avviso\/\",\"name\":\"Staging Avviso Pubblico\",\"description\":\"\",\"publisher\":{\"@id\":\"https:\/\/welaikaadv.site\/avviso\/#organization\"},\"potentialAction\":[{\"@type\":\"SearchAction\",\"target\":{\"@type\":\"EntryPoint\",\"urlTemplate\":\"https:\/\/welaikaadv.site\/avviso\/?s={search_term_string}\"},\"query-input\":{\"@type\":\"PropertyValueSpecification\",\"valueRequired\":true,\"valueName\":\"search_term_string\"}}],\"inLanguage\":\"it-IT\"},{\"@type\":\"Organization\",\"@id\":\"https:\/\/welaikaadv.site\/avviso\/#organization\",\"name\":\"Staging Avviso Pubblico\",\"url\":\"https:\/\/welaikaadv.site\/avviso\/\",\"logo\":{\"@type\":\"ImageObject\",\"inLanguage\":\"it-IT\",\"@id\":\"https:\/\/welaikaadv.site\/avviso\/#\/schema\/logo\/image\/\",\"url\":\"https:\/\/welaikaadv.site\/avviso\/wp-content\/uploads\/2024\/08\/logoAPsito-400.png\",\"contentUrl\":\"https:\/\/welaikaadv.site\/avviso\/wp-content\/uploads\/2024\/08\/logoAPsito-400.png\",\"width\":400,\"height\":97,\"caption\":\"Staging Avviso Pubblico\"},\"image\":{\"@id\":\"https:\/\/welaikaadv.site\/avviso\/#\/schema\/logo\/image\/\"}}]}<\/script>\n<!-- \/ Yoast SEO plugin. -->","yoast_head_json":{"title":"Gioco d\u2019azzardo: le norme approvate dal Comune di Roma - Staging Avviso Pubblico","robots":{"index":"noindex","follow":"follow","max-snippet":"max-snippet:-1","max-image-preview":"max-image-preview:large","max-video-preview":"max-video-preview:-1"},"og_locale":"it_IT","og_type":"article","og_title":"Gioco d\u2019azzardo: le norme approvate dal Comune di Roma - Staging Avviso Pubblico","og_description":"Premessa. Il Comune di Roma il 9 Giugno 2017 ha approvato un Regolamento sulle sale da gioco e i giochi leciti \u00a0(n. 31 del 2017)&nbsp;[&hellip;]Leggi tutto Gioco d\u2019azzardo: le norme approvate dal Comune di Roma &rarr;","og_url":"https:\/\/welaikaadv.site\/avviso\/home\/cosa-facciamo\/informare\/documenti-tematici\/gioco-dazzardo\/gioco-dazzardo-le-norme-approvate-dal-comune-di-roma\/","og_site_name":"Staging Avviso Pubblico","twitter_card":"summary_large_image","twitter_misc":{"Tempo di lettura stimato":"5 minuti"},"schema":{"@context":"https:\/\/schema.org","@graph":[{"@type":"WebPage","@id":"https:\/\/welaikaadv.site\/avviso\/home\/cosa-facciamo\/informare\/documenti-tematici\/gioco-dazzardo\/gioco-dazzardo-le-norme-approvate-dal-comune-di-roma\/","url":"https:\/\/welaikaadv.site\/avviso\/home\/cosa-facciamo\/informare\/documenti-tematici\/gioco-dazzardo\/gioco-dazzardo-le-norme-approvate-dal-comune-di-roma\/","name":"Gioco d\u2019azzardo: le norme approvate dal Comune di Roma - Staging Avviso Pubblico","isPartOf":{"@id":"https:\/\/welaikaadv.site\/avviso\/#website"},"datePublished":"2018-06-27T10:28:09+00:00","breadcrumb":{"@id":"https:\/\/welaikaadv.site\/avviso\/home\/cosa-facciamo\/informare\/documenti-tematici\/gioco-dazzardo\/gioco-dazzardo-le-norme-approvate-dal-comune-di-roma\/#breadcrumb"},"inLanguage":"it-IT","potentialAction":[{"@type":"ReadAction","target":["https:\/\/welaikaadv.site\/avviso\/home\/cosa-facciamo\/informare\/documenti-tematici\/gioco-dazzardo\/gioco-dazzardo-le-norme-approvate-dal-comune-di-roma\/"]}]},{"@type":"BreadcrumbList","@id":"https:\/\/welaikaadv.site\/avviso\/home\/cosa-facciamo\/informare\/documenti-tematici\/gioco-dazzardo\/gioco-dazzardo-le-norme-approvate-dal-comune-di-roma\/#breadcrumb","itemListElement":[{"@type":"ListItem","position":1,"name":"Home","item":"https:\/\/welaikaadv.site\/avviso\/"},{"@type":"ListItem","position":2,"name":"Gioco d\u2019azzardo: le norme approvate dal Comune di Roma"}]},{"@type":"WebSite","@id":"https:\/\/welaikaadv.site\/avviso\/#website","url":"https:\/\/welaikaadv.site\/avviso\/","name":"Staging Avviso Pubblico","description":"","publisher":{"@id":"https:\/\/welaikaadv.site\/avviso\/#organization"},"potentialAction":[{"@type":"SearchAction","target":{"@type":"EntryPoint","urlTemplate":"https:\/\/welaikaadv.site\/avviso\/?s={search_term_string}"},"query-input":{"@type":"PropertyValueSpecification","valueRequired":true,"valueName":"search_term_string"}}],"inLanguage":"it-IT"},{"@type":"Organization","@id":"https:\/\/welaikaadv.site\/avviso\/#organization","name":"Staging Avviso Pubblico","url":"https:\/\/welaikaadv.site\/avviso\/","logo":{"@type":"ImageObject","inLanguage":"it-IT","@id":"https:\/\/welaikaadv.site\/avviso\/#\/schema\/logo\/image\/","url":"https:\/\/welaikaadv.site\/avviso\/wp-content\/uploads\/2024\/08\/logoAPsito-400.png","contentUrl":"https:\/\/welaikaadv.site\/avviso\/wp-content\/uploads\/2024\/08\/logoAPsito-400.png","width":400,"height":97,"caption":"Staging Avviso Pubblico"},"image":{"@id":"https:\/\/welaikaadv.site\/avviso\/#\/schema\/logo\/image\/"}}]}},"_links":{"self":[{"href":"https:\/\/welaikaadv.site\/avviso\/wp-json\/wp\/v2\/pages\/25469","targetHints":{"allow":["GET"]}}],"collection":[{"href":"https:\/\/welaikaadv.site\/avviso\/wp-json\/wp\/v2\/pages"}],"about":[{"href":"https:\/\/welaikaadv.site\/avviso\/wp-json\/wp\/v2\/types\/page"}],"author":[{"embeddable":true,"href":"https:\/\/welaikaadv.site\/avviso\/wp-json\/wp\/v2\/users\/1"}],"replies":[{"embeddable":true,"href":"https:\/\/welaikaadv.site\/avviso\/wp-json\/wp\/v2\/comments?post=25469"}],"version-history":[{"count":0,"href":"https:\/\/welaikaadv.site\/avviso\/wp-json\/wp\/v2\/pages\/25469\/revisions"}],"up":[{"embeddable":true,"href":"https:\/\/welaikaadv.site\/avviso\/wp-json\/wp\/v2\/pages\/202"}],"wp:attachment":[{"href":"https:\/\/welaikaadv.site\/avviso\/wp-json\/wp\/v2\/media?parent=25469"}],"curies":[{"name":"wp","href":"https:\/\/api.w.org\/{rel}","templated":true}]}}