{"id":25478,"date":"2018-05-14T08:41:35","date_gmt":"2018-05-14T06:41:35","guid":{"rendered":"http:\/\/www.avvisopubblico.it\/home\/?page_id=25478"},"modified":"2018-05-14T08:41:35","modified_gmt":"2018-05-14T06:41:35","slug":"i-presupposti-per-lo-scioglimento-per-infiltrazioni-mafiose-del-consiglio-comunale-di-crispano-napoli-i-chiarimenti-del-t-a-r-lazio","status":"publish","type":"page","link":"https:\/\/welaikaadv.site\/avviso\/home\/cosa-facciamo\/informare\/documenti-tematici\/comuni-sciolti-per-mafia\/i-presupposti-per-lo-scioglimento-per-infiltrazioni-mafiose-del-consiglio-comunale-di-crispano-napoli-i-chiarimenti-del-t-a-r-lazio\/","title":{"rendered":"I presupposti per lo scioglimento per infiltrazioni mafiose del Consiglio comunale di Crispano (Napoli): i chiarimenti del T.A.R. Lazio"},"content":{"rendered":"<p><em>A cura dell\u2019Avv. Stefano Maria Sisto \u2013 Cultore della materia in Diritto Amministrativo presso il Dipartimento di Giurisprudenza dell\u2019Universit\u00e0 degli Studi di Bari \u201cAldo Moro\u201d<\/em><\/p>\n<p>Il T.A.R. Lazio con sentenza n. 3675 del 3 aprile 2018 si \u00e8 pronunciato sul ricorso presentato da alcuni esponenti politici che ricoprivano la carica di sindaco e consigliere comunale per l\u2019annullamento del decreto del Presidente della Repubblica del 24\/01\/2017 che disponeva lo scioglimento dell\u2019intera compagine politica ex art. 143 d.lgs. n. 267\/00 per infiltrazioni mafiose.<\/p>\n<p>Tra le varie motivazioni alla base del ricorso vi erano la contestata violazione e falsa applicazione dell\u2019art. 143 d.lgs. n. 267\/00, eccesso di potere manifestatosi sotto forma di irragionevolezza e illogicit\u00e0; difetto di istruttoria, travisamento dei fatti; inesistenza di irregolarit\u00e0 dell\u2019attivit\u00e0 amministrativa; violazione del principio di proporzionalit\u00e0; mancanza del nesso di causalit\u00e0 tra le ingerenze mafiose e il regolare funzionamento dell\u2019Amministrazione.<\/p>\n<p>Tanto premesso, i giudici amministrativi hanno ripercorso brevemente la giurisprudenza in materia di scioglimento dei Consigli Comunali per infiltrazioni mafiose e i presupposti in base ai quali pu\u00f2 essere adottato un provvedimento in tal senso. Tra le \u00a0sentenze pi\u00f9 recenti viene citata la\u00a0 n. 96 del 10.01.2018 del Consiglio di Stato e quanto da essa statuito e in particolare la <strong>natura preventiva e non sanzionatoria<\/strong> di tale provvedimento, essendo a tal fine sufficienti degli indizi che possano far ritenere presente una infiltrazione mafiosa; il <strong>carattere straordinario<\/strong> di tale misura a fronte di una situazione altrettanto straordinaria; la <strong>valutazione nell\u2019insieme degli elementi di fatto<\/strong> e non in maniera &lt;&lt;atomistica&gt;&gt;; <strong>l\u2019ampia discrezionalit\u00e0<\/strong> che vi \u00e8 alla base dell\u2019adozione del provvedimento di scioglimento e il conseguente <strong>controllo di tipo estrinseco<\/strong> che ne deriva e che pu\u00f2 riguardare tutto ci\u00f2 che \u00e8 strettamente collegato alla figura sintomatica <strong>dell\u2019eccesso di potere<\/strong>.<\/p>\n<p>Il condizionamento di tipo mafioso, ricordano i giudici amministrativi richiamando una pronuncia del Consiglio di Stato del 2016, deve consistere in una <strong>alterazione della formazione di volont\u00e0 degli organi politici e amministrativi con conseguente compromissione dei princ\u00ecpi di buon andamento e imparzialit\u00e0 dell\u2019azione amministrativa<\/strong> e deve essere caratterizzato da <strong>elementi che siano univoci, rilevanti e concreti.<\/strong><\/p>\n<p>Inoltre, i fatti posti a base del provvedimento di scioglimento devono essere valutati nel loro insieme e pu\u00f2 capitare che assumano rilievo &lt;&lt;situazioni non traducibili in episodici addebiti personali, ma tali da rendere, nel loro insieme, plausibile, nella concreta realt\u00e0 contingente e in base ai dati dell\u2019esperienza, l\u2019ipotesi di una <strong>soggezione degli amministratori locali<\/strong> alla criminalit\u00e0 organizzata&gt;&gt; <strong>a nulla rilevando, quindi, che tali comportamenti abbiano o meno anche una valenza penale<\/strong> ed essendo importanti, invece, le &lt;&lt;circostanze che presentino un <strong>grado di significativit\u00e0 e di concludenza<\/strong> serio&gt;&gt;.<\/p>\n<p>Sulla base di ci\u00f2 il T.A.R. Lazio evidenzia come, nel caso di specie, alla base dell\u2019adozione del provvedimento ex art. 143 TUEL vi siano stati diversi elementi di fatto importanti come ad esempio la continuit\u00e0 sostanziale nella gestione dell\u2019ente tra i diversi personaggi politici coinvolti, un ruolo attivo della mafia nelle elezioni politiche, la totale paralisi dell\u2019urbanistica, la \u201ccarenza di strumenti regolamentari in diversi settori\u201d e l\u2019assenza di controlli che aveva comportato un ampliamento di discrezionalit\u00e0 burocratica (tra queste in particolare la mancata adesione alla Stazione Unica Appaltante), l\u2019inadeguatezza della struttura amministrativa a garantire i princ\u00ecpi di efficacia ed efficienza dell\u2019azione amministrativa.<\/p>\n<p>Cos\u00ec il T.A.R. dichiara l\u2019infondatezza del primo motivo di ricorso in quanto la motivazione si deve desumere dall\u2019insieme degli elementi e della documentazione prodotta.<\/p>\n<p>Stessa sorte per il secondo motivo di ricorso poich\u00e9 si ritiene che le azioni di contrasto al fenomeno mafioso messe in atto non hanno fatto venire meno la gravit\u00e0 della situazione di condizionamento. A tal fine richiamando una precedente pronuncia si ricorda come &lt;&lt;il provvedimento di scioglimento ex art. 143 cit. <strong>non richiede alcun giudizio di bilanciamento di circostanze favorevoli e non favorevoli<\/strong>, alla stregua di quanto avviene nel procedimento penale, dato che l\u2019azione amministrativa deve sempre essere ispirata ai princ\u00ecpi di legalit\u00e0 e di buon andamento ed \u00e8, in quanto tale, attivit\u00e0 doverosa che in nessun caso pu\u00f2 essere invocata come esimente di condotte parallele che a tali princ\u00ecpi non sono conformi&gt;&gt;.<\/p>\n<p>Respinto anche il terzo motivo di ricorso basato sulla contestazione delle modalit\u00e0 di valutazione degli elementi di fatto che, si ribadisce, non devono essere valutati in maniera atomistica, ma nel loro insieme. Stessa valutazione riservata ai legami di parentela oggetto del quarto motivo di ricorso.<\/p>\n<p>N\u00e9 viene data importanza al fatto che la rappresentanza politica eletta nel 2010 si sia presentata divisa e in coalizioni contrapposte nella tornata elettorale del 2015 in quanto si \u00e8 dimostrato che di fatto vi era una sostanziale continuit\u00e0 data dalla presenza negli anni degli stessi amministratori.<\/p>\n<p>Sulla circostanza, poi, della sussistenza di irregolarit\u00e0 amministrative il Collegio fa notare come queste non siano addebitabili esclusivamente all\u2019apparato burocratico, ma anche agli esponenti politici. Inoltre, \u00a0i giudici amministrativi evidenziano come per l\u2019adozione del provvedimento ex art. 143 TUEL <strong>sia sufficiente il solo condizionamento dell\u2019apparto burocratico<\/strong> soprattutto se si pensa alla giurisprudenza che in pi\u00f9 occasioni ha ribadito che seppure i dirigenti abbiano &lt;&lt;compiti di amministrazione attiva, decisionali e di responsabilit\u00e0, da esercitarsi in autonomia rispetto agli organi elettivi, nondimeno non rende tali ultimi organi estranei al ripetersi di irregolarit\u00e0 ed illeciti di gestione&gt;&gt;.<\/p>\n<p>Insomma, il T.A.R. Lazio conclude affermando che &lt;&lt;proprio <strong>la mancanza di un efficace controllo o vigilanza costituisce un elemento di forte rilevanza al fine di individuare una riconducibilit\u00e0 all\u2019organo politico dei vantaggi acquisiti a causa di tali omissioni<\/strong> da parte di soggetti \u201cvicini\u201d o direttamente appartenenti alla malavita organizzata, dato che \u2013 come detto \u2013 <strong>la funzione dei provvedimenti impugnati non \u00e8 \u201csanzionatoria\u201d verso i singoli, ma rivolta ad evitare il perdurare dell\u2019infiltrazione \u201cmafiosa\u201d, oggettivamente considerata<\/strong>&gt;&gt;.<\/p>\n<p>Tutto ci\u00f2 comporta la legittimazione allo scioglimento <strong>sia in caso di diretto coinvolgimento<\/strong> dell\u2019apparato politico-amministrativo <strong>sia nel caso di &lt;&lt;inadeguatezza&gt;&gt; dello stesso nel regolare compimento dei poteri di vigilanza e regolare gestione burocratica <\/strong>dell\u2019amministrazione pubblica.<\/p>\n<p><em>(Questo articolo \u00e8 stato pubblicato sulla rivista &#8220;La Gazzetta degli Enti Locali&#8221; &#8211; Maggioli Editore. Per approfondimenti sulla giurisprudenza di Tar e Consiglio di Stato in materia leggi questa <strong><a href=\"https:\/\/welaikaadv.site\/avviso\/home\/cosa-facciamo\/informare\/documenti-tematici\/comuni-sciolti-per-mafia\/lo-scioglimento-delle-amministrazioni-locali-nella-giurisprudenza-amministrativa\/\">scheda<\/a><\/strong>)<\/em><\/p>\n","protected":false},"excerpt":{"rendered":"<p>A cura dell\u2019Avv. Stefano Maria Sisto \u2013 Cultore della materia in Diritto Amministrativo presso il Dipartimento di Giurisprudenza dell\u2019Universit\u00e0 degli Studi di Bari \u201cAldo Moro\u201d&nbsp;<span class=\"hellipsis\">[&hellip;]<\/span><a class=\"more-link\" href=\"https:\/\/welaikaadv.site\/avviso\/home\/cosa-facciamo\/informare\/documenti-tematici\/comuni-sciolti-per-mafia\/i-presupposti-per-lo-scioglimento-per-infiltrazioni-mafiose-del-consiglio-comunale-di-crispano-napoli-i-chiarimenti-del-t-a-r-lazio\/\">Leggi tutto <span class=\"screen-reader-text\">I presupposti per lo scioglimento per infiltrazioni mafiose del Consiglio comunale di Crispano (Napoli): i chiarimenti del T.A.R. Lazio<\/span> <span class=\"meta-nav\" aria-hidden=\"true\">&rarr;<\/span><\/a><\/p>\n","protected":false},"author":1,"featured_media":0,"parent":194,"menu_order":0,"comment_status":"closed","ping_status":"closed","template":"","meta":{"_acf_changed":false,"_exactmetrics_skip_tracking":false,"_exactmetrics_sitenote_active":false,"_exactmetrics_sitenote_note":"","_exactmetrics_sitenote_category":0,"wp_social_preview_title":"","wp_social_preview_description":"","wp_social_preview_image":0,"footnotes":""},"class_list":["post-25478","page","type-page","status-publish","hentry"],"acf":[],"yoast_head":"<!-- This site is optimized with the Yoast SEO plugin v27.2 - https:\/\/yoast.com\/product\/yoast-seo-wordpress\/ -->\n<title>I presupposti per lo scioglimento per infiltrazioni mafiose del Consiglio comunale di Crispano (Napoli): i chiarimenti del T.A.R. Lazio - Staging Avviso Pubblico<\/title>\n<meta name=\"robots\" content=\"noindex, follow, max-snippet:-1, max-image-preview:large, max-video-preview:-1\" \/>\n<meta property=\"og:locale\" content=\"it_IT\" \/>\n<meta property=\"og:type\" content=\"article\" \/>\n<meta property=\"og:title\" content=\"I presupposti per lo scioglimento per infiltrazioni mafiose del Consiglio comunale di Crispano (Napoli): i chiarimenti del T.A.R. Lazio - Staging Avviso Pubblico\" \/>\n<meta property=\"og:description\" content=\"A cura dell\u2019Avv. Stefano Maria Sisto \u2013 Cultore della materia in Diritto Amministrativo presso il Dipartimento di Giurisprudenza dell\u2019Universit\u00e0 degli Studi di Bari \u201cAldo Moro\u201d&nbsp;[&hellip;]Leggi tutto I presupposti per lo scioglimento per infiltrazioni mafiose del Consiglio comunale di Crispano (Napoli): i chiarimenti del T.A.R. Lazio &rarr;\" \/>\n<meta property=\"og:url\" content=\"https:\/\/welaikaadv.site\/avviso\/home\/cosa-facciamo\/informare\/documenti-tematici\/comuni-sciolti-per-mafia\/i-presupposti-per-lo-scioglimento-per-infiltrazioni-mafiose-del-consiglio-comunale-di-crispano-napoli-i-chiarimenti-del-t-a-r-lazio\/\" \/>\n<meta property=\"og:site_name\" content=\"Staging Avviso Pubblico\" \/>\n<meta name=\"twitter:card\" content=\"summary_large_image\" \/>\n<meta name=\"twitter:label1\" content=\"Tempo di lettura stimato\" \/>\n\t<meta name=\"twitter:data1\" content=\"5 minuti\" \/>\n<script type=\"application\/ld+json\" class=\"yoast-schema-graph\">{\"@context\":\"https:\/\/schema.org\",\"@graph\":[{\"@type\":\"WebPage\",\"@id\":\"https:\/\/welaikaadv.site\/avviso\/home\/cosa-facciamo\/informare\/documenti-tematici\/comuni-sciolti-per-mafia\/i-presupposti-per-lo-scioglimento-per-infiltrazioni-mafiose-del-consiglio-comunale-di-crispano-napoli-i-chiarimenti-del-t-a-r-lazio\/\",\"url\":\"https:\/\/welaikaadv.site\/avviso\/home\/cosa-facciamo\/informare\/documenti-tematici\/comuni-sciolti-per-mafia\/i-presupposti-per-lo-scioglimento-per-infiltrazioni-mafiose-del-consiglio-comunale-di-crispano-napoli-i-chiarimenti-del-t-a-r-lazio\/\",\"name\":\"I presupposti per lo scioglimento per infiltrazioni mafiose del Consiglio comunale di Crispano (Napoli): i chiarimenti del T.A.R. Lazio - Staging Avviso Pubblico\",\"isPartOf\":{\"@id\":\"https:\/\/welaikaadv.site\/avviso\/#website\"},\"datePublished\":\"2018-05-14T06:41:35+00:00\",\"breadcrumb\":{\"@id\":\"https:\/\/welaikaadv.site\/avviso\/home\/cosa-facciamo\/informare\/documenti-tematici\/comuni-sciolti-per-mafia\/i-presupposti-per-lo-scioglimento-per-infiltrazioni-mafiose-del-consiglio-comunale-di-crispano-napoli-i-chiarimenti-del-t-a-r-lazio\/#breadcrumb\"},\"inLanguage\":\"it-IT\",\"potentialAction\":[{\"@type\":\"ReadAction\",\"target\":[\"https:\/\/welaikaadv.site\/avviso\/home\/cosa-facciamo\/informare\/documenti-tematici\/comuni-sciolti-per-mafia\/i-presupposti-per-lo-scioglimento-per-infiltrazioni-mafiose-del-consiglio-comunale-di-crispano-napoli-i-chiarimenti-del-t-a-r-lazio\/\"]}]},{\"@type\":\"BreadcrumbList\",\"@id\":\"https:\/\/welaikaadv.site\/avviso\/home\/cosa-facciamo\/informare\/documenti-tematici\/comuni-sciolti-per-mafia\/i-presupposti-per-lo-scioglimento-per-infiltrazioni-mafiose-del-consiglio-comunale-di-crispano-napoli-i-chiarimenti-del-t-a-r-lazio\/#breadcrumb\",\"itemListElement\":[{\"@type\":\"ListItem\",\"position\":1,\"name\":\"Home\",\"item\":\"https:\/\/welaikaadv.site\/avviso\/\"},{\"@type\":\"ListItem\",\"position\":2,\"name\":\"I presupposti per lo scioglimento per infiltrazioni mafiose del Consiglio comunale di Crispano (Napoli): i chiarimenti del T.A.R. Lazio\"}]},{\"@type\":\"WebSite\",\"@id\":\"https:\/\/welaikaadv.site\/avviso\/#website\",\"url\":\"https:\/\/welaikaadv.site\/avviso\/\",\"name\":\"Staging Avviso Pubblico\",\"description\":\"\",\"publisher\":{\"@id\":\"https:\/\/welaikaadv.site\/avviso\/#organization\"},\"potentialAction\":[{\"@type\":\"SearchAction\",\"target\":{\"@type\":\"EntryPoint\",\"urlTemplate\":\"https:\/\/welaikaadv.site\/avviso\/?s={search_term_string}\"},\"query-input\":{\"@type\":\"PropertyValueSpecification\",\"valueRequired\":true,\"valueName\":\"search_term_string\"}}],\"inLanguage\":\"it-IT\"},{\"@type\":\"Organization\",\"@id\":\"https:\/\/welaikaadv.site\/avviso\/#organization\",\"name\":\"Staging Avviso Pubblico\",\"url\":\"https:\/\/welaikaadv.site\/avviso\/\",\"logo\":{\"@type\":\"ImageObject\",\"inLanguage\":\"it-IT\",\"@id\":\"https:\/\/welaikaadv.site\/avviso\/#\/schema\/logo\/image\/\",\"url\":\"https:\/\/welaikaadv.site\/avviso\/wp-content\/uploads\/2024\/08\/logoAPsito-400.png\",\"contentUrl\":\"https:\/\/welaikaadv.site\/avviso\/wp-content\/uploads\/2024\/08\/logoAPsito-400.png\",\"width\":400,\"height\":97,\"caption\":\"Staging Avviso Pubblico\"},\"image\":{\"@id\":\"https:\/\/welaikaadv.site\/avviso\/#\/schema\/logo\/image\/\"}}]}<\/script>\n<!-- \/ Yoast SEO plugin. -->","yoast_head_json":{"title":"I presupposti per lo scioglimento per infiltrazioni mafiose del Consiglio comunale di Crispano (Napoli): i chiarimenti del T.A.R. Lazio - Staging Avviso Pubblico","robots":{"index":"noindex","follow":"follow","max-snippet":"max-snippet:-1","max-image-preview":"max-image-preview:large","max-video-preview":"max-video-preview:-1"},"og_locale":"it_IT","og_type":"article","og_title":"I presupposti per lo scioglimento per infiltrazioni mafiose del Consiglio comunale di Crispano (Napoli): i chiarimenti del T.A.R. Lazio - Staging Avviso Pubblico","og_description":"A cura dell\u2019Avv. Stefano Maria Sisto \u2013 Cultore della materia in Diritto Amministrativo presso il Dipartimento di Giurisprudenza dell\u2019Universit\u00e0 degli Studi di Bari \u201cAldo Moro\u201d&nbsp;[&hellip;]Leggi tutto I presupposti per lo scioglimento per infiltrazioni mafiose del Consiglio comunale di Crispano (Napoli): i chiarimenti del T.A.R. Lazio &rarr;","og_url":"https:\/\/welaikaadv.site\/avviso\/home\/cosa-facciamo\/informare\/documenti-tematici\/comuni-sciolti-per-mafia\/i-presupposti-per-lo-scioglimento-per-infiltrazioni-mafiose-del-consiglio-comunale-di-crispano-napoli-i-chiarimenti-del-t-a-r-lazio\/","og_site_name":"Staging Avviso Pubblico","twitter_card":"summary_large_image","twitter_misc":{"Tempo di lettura stimato":"5 minuti"},"schema":{"@context":"https:\/\/schema.org","@graph":[{"@type":"WebPage","@id":"https:\/\/welaikaadv.site\/avviso\/home\/cosa-facciamo\/informare\/documenti-tematici\/comuni-sciolti-per-mafia\/i-presupposti-per-lo-scioglimento-per-infiltrazioni-mafiose-del-consiglio-comunale-di-crispano-napoli-i-chiarimenti-del-t-a-r-lazio\/","url":"https:\/\/welaikaadv.site\/avviso\/home\/cosa-facciamo\/informare\/documenti-tematici\/comuni-sciolti-per-mafia\/i-presupposti-per-lo-scioglimento-per-infiltrazioni-mafiose-del-consiglio-comunale-di-crispano-napoli-i-chiarimenti-del-t-a-r-lazio\/","name":"I presupposti per lo scioglimento per infiltrazioni mafiose del Consiglio comunale di Crispano (Napoli): i chiarimenti del T.A.R. Lazio - Staging Avviso Pubblico","isPartOf":{"@id":"https:\/\/welaikaadv.site\/avviso\/#website"},"datePublished":"2018-05-14T06:41:35+00:00","breadcrumb":{"@id":"https:\/\/welaikaadv.site\/avviso\/home\/cosa-facciamo\/informare\/documenti-tematici\/comuni-sciolti-per-mafia\/i-presupposti-per-lo-scioglimento-per-infiltrazioni-mafiose-del-consiglio-comunale-di-crispano-napoli-i-chiarimenti-del-t-a-r-lazio\/#breadcrumb"},"inLanguage":"it-IT","potentialAction":[{"@type":"ReadAction","target":["https:\/\/welaikaadv.site\/avviso\/home\/cosa-facciamo\/informare\/documenti-tematici\/comuni-sciolti-per-mafia\/i-presupposti-per-lo-scioglimento-per-infiltrazioni-mafiose-del-consiglio-comunale-di-crispano-napoli-i-chiarimenti-del-t-a-r-lazio\/"]}]},{"@type":"BreadcrumbList","@id":"https:\/\/welaikaadv.site\/avviso\/home\/cosa-facciamo\/informare\/documenti-tematici\/comuni-sciolti-per-mafia\/i-presupposti-per-lo-scioglimento-per-infiltrazioni-mafiose-del-consiglio-comunale-di-crispano-napoli-i-chiarimenti-del-t-a-r-lazio\/#breadcrumb","itemListElement":[{"@type":"ListItem","position":1,"name":"Home","item":"https:\/\/welaikaadv.site\/avviso\/"},{"@type":"ListItem","position":2,"name":"I presupposti per lo scioglimento per infiltrazioni mafiose del Consiglio comunale di Crispano (Napoli): i chiarimenti del T.A.R. Lazio"}]},{"@type":"WebSite","@id":"https:\/\/welaikaadv.site\/avviso\/#website","url":"https:\/\/welaikaadv.site\/avviso\/","name":"Staging Avviso Pubblico","description":"","publisher":{"@id":"https:\/\/welaikaadv.site\/avviso\/#organization"},"potentialAction":[{"@type":"SearchAction","target":{"@type":"EntryPoint","urlTemplate":"https:\/\/welaikaadv.site\/avviso\/?s={search_term_string}"},"query-input":{"@type":"PropertyValueSpecification","valueRequired":true,"valueName":"search_term_string"}}],"inLanguage":"it-IT"},{"@type":"Organization","@id":"https:\/\/welaikaadv.site\/avviso\/#organization","name":"Staging Avviso Pubblico","url":"https:\/\/welaikaadv.site\/avviso\/","logo":{"@type":"ImageObject","inLanguage":"it-IT","@id":"https:\/\/welaikaadv.site\/avviso\/#\/schema\/logo\/image\/","url":"https:\/\/welaikaadv.site\/avviso\/wp-content\/uploads\/2024\/08\/logoAPsito-400.png","contentUrl":"https:\/\/welaikaadv.site\/avviso\/wp-content\/uploads\/2024\/08\/logoAPsito-400.png","width":400,"height":97,"caption":"Staging Avviso Pubblico"},"image":{"@id":"https:\/\/welaikaadv.site\/avviso\/#\/schema\/logo\/image\/"}}]}},"_links":{"self":[{"href":"https:\/\/welaikaadv.site\/avviso\/wp-json\/wp\/v2\/pages\/25478","targetHints":{"allow":["GET"]}}],"collection":[{"href":"https:\/\/welaikaadv.site\/avviso\/wp-json\/wp\/v2\/pages"}],"about":[{"href":"https:\/\/welaikaadv.site\/avviso\/wp-json\/wp\/v2\/types\/page"}],"author":[{"embeddable":true,"href":"https:\/\/welaikaadv.site\/avviso\/wp-json\/wp\/v2\/users\/1"}],"replies":[{"embeddable":true,"href":"https:\/\/welaikaadv.site\/avviso\/wp-json\/wp\/v2\/comments?post=25478"}],"version-history":[{"count":0,"href":"https:\/\/welaikaadv.site\/avviso\/wp-json\/wp\/v2\/pages\/25478\/revisions"}],"up":[{"embeddable":true,"href":"https:\/\/welaikaadv.site\/avviso\/wp-json\/wp\/v2\/pages\/194"}],"wp:attachment":[{"href":"https:\/\/welaikaadv.site\/avviso\/wp-json\/wp\/v2\/media?parent=25478"}],"curies":[{"name":"wp","href":"https:\/\/api.w.org\/{rel}","templated":true}]}}