{"id":25652,"date":"2018-05-21T17:02:24","date_gmt":"2018-05-21T15:02:24","guid":{"rendered":"http:\/\/www.avvisopubblico.it\/home\/?page_id=25652"},"modified":"2018-05-21T17:02:24","modified_gmt":"2018-05-21T15:02:24","slug":"la-nuova-legge-della-regione-calabria-per-il-contrasto-della-ndrangheta","status":"publish","type":"page","link":"https:\/\/welaikaadv.site\/avviso\/home\/cosa-facciamo\/informare\/documenti-tematici\/mafie\/la-nuova-legge-della-regione-calabria-per-il-contrasto-della-ndrangheta\/","title":{"rendered":"La nuova legge della Regione Calabria per il contrasto della \u2018ndrangheta"},"content":{"rendered":"<p><strong>Premessa<\/strong>. Il Consiglio regionale della Calabria ha approvato la <strong>legge 26 aprile 2018 n. 9<\/strong> <em>Interventi regionali per la prevenzione e il contrasto del fenomeno della \u2018ndrangheta e per la promozione della legalit\u00e0, dell\u2019economia responsabile e della trasparenza<\/em>, di cui qui sintetizzati i contenuti, che racchiude in un unico testo, integrandole, le disposizioni prima contenute in diversi provvedimenti di legge.<\/p>\n<p><strong>Finalit\u00e0 generali<\/strong>. Il provvedimento \u00e8 volto a contrastare il fenomeno mafioso e corruttivo, attraverso varie misure di prevenzione, favorendo lo sviluppo della cultura della legalit\u00e0 e della cittadinanza responsabile (<em>art. 1<\/em>).<\/p>\n<p><strong>Nuovi organismi<\/strong>. La <strong>Consulta regionale per la legalit\u00e0 e il monitoraggio del bullismo e del cyberbullismo<\/strong>, composta da membri della Giunta e del Consiglio, da rappresentanti dell\u2019Amministrazione e della societ\u00e0 civile e da esperti, svolge attivit\u00e0 conoscitive, propositive e consultive nelle politiche regionali, finalizzate alla prevenzione del crimine organizzato e mafioso e della corruzione (<em>art. 2<\/em>). L\u2019<strong>Osservatorio indipendente sull&#8217;attuazione partecipata<\/strong>, i cui componenti sono nominati dal Consiglio regionale tra le personalit\u00e0 di riconosciuta esperienza nel campo del contrasto al crimine organizzato e della promozione della legalit\u00e0 e trasparenza, ha compiti di analisi e proposta sulla presenza della criminalit\u00e0 organizzata e mafiosa nel territorio regionale e sulle iniziative, pubbliche e private, tese a contrastarla (<em>art. 3<\/em>). La <strong>Sezione di documentazione della legalit\u00e0<\/strong>, presso il Polo culturale Mattia Preti, \u00e8 volta a favorire iniziative di carattere culturale, la raccolta di materiali, la diffusione di conoscenze in materia e la conservazione della memoria storica sui fenomeni connessi al crimine organizzato e mafioso (<em>art. 6<\/em>). L\u2019<strong>Osservatorio dei contratti pubblici di lavori, servizi e forniture<\/strong> promuove la massima trasparenza nelle procedure di gara, la pubblicit\u00e0 dei procedimenti di affidamento, la qualit\u00e0 delle procedure di appalto e la qualificazione degli operatori economici pubblici e privati (<em>art. 21<\/em>).<\/p>\n<p><strong>Piano annuale<\/strong>. La Commissione consiliare contro la \u2018ndrangheta predispone il Piano speciale legalit\u00e0, antiracket e antiusura con l\u2019indicazione delle azioni e dei provvedimenti per prevenire i rischi di infiltrazione criminale ed i fenomeni di usura e di estorsione (<em>art. 4<\/em>).<\/p>\n<p><strong>Costituzione in giudizio<\/strong>. E\u2019 disciplinata la costituzione di parte civile della Regione nei procedimenti penali per processi di criminalit\u00e0 organizzata riguardanti il territorio regionale (<em>art. 7<\/em>).<\/p>\n<p><strong>Promozione della legalit\u00e0<\/strong>. La regione promuove iniziative a sostegno della cultura della legalit\u00e0 e della cittadinanza responsabile, in particole nelle scuole e nelle universit\u00e0 (<em>art. 8<\/em>): e a tal fine sottoscrive accordi con le organizzazioni di volontariato, le associazioni antiracket e le altre associazioni operanti nel settore dell&#8217;educazione alla legalit\u00e0 (<em>art. 5<\/em>).<\/p>\n<p><strong>Rating di legalit\u00e0 delle aziende<\/strong>. Sono introdotti meccanismi di premio e valorizzazione per le imprese in possesso del rating di legalit\u00e0 e che hanno acquisito il nuovo marchio etico collettivo da apporre sulle confezioni dei prodotti (<em>art. 9<\/em>).<\/p>\n<p><strong>Misure anticorruzione e di prevenzione delle infiltrazioni mafiose<\/strong>. La Regione cura la puntuale applicazione delle misure previste dalla legislazione nazionale per la trasparenza della amministrazione pubblica (piani anticorruzione, codice etico, anagrafe degli eletti e dei titolari di incarichi etc) e svolge un\u2019azione di prevenzione e di supporto nei confronti dei comuni coinvolti nelle procedure di verifica delle infiltrazioni della criminalit\u00e0 organizzata (<em>art. 10<\/em>).<\/p>\n<p><strong>Interventi di inclusione sociale<\/strong>. La Regione realizza percorsi di inclusione sociale e di diffusione della legalit\u00e0 in favore di minori e giovani adulti provenienti da contesti familiari fortemente disagiati, al fine di favorire il loro recupero e l\u2019inclusione nel mondo del lavoro (<em>art. 11<\/em>). Analoghe iniziative sono assunte nei confronti delle vittime innocenti di fenomeni di violenza, di dipendenza, di sfruttamento e di tratta connessi al crimine organizzato e mafioso (<em>art. 20<\/em>).<\/p>\n<p><strong>Contrasto dell\u2019usura e dell\u2019estorsione e gioco d\u2019azzardo<\/strong>. La Regione svolge attivit\u00e0 educative e informative per favorire l&#8217;emersione del fenomeno ed eroga contributi alle vittime di usura e di estorsione, a valere su un apposito Fondo regionale (<em>artt. 12-15<\/em>). Per prevenire l\u2019usura connessa al <strong>gioco d&#8217;azzardo patologico <\/strong>sono previste campagne di sensibilizzazione e prevenzione ed introdotte limitazioni alla collocazione delle sale da gioco e dei loro orari di apertura, nonch\u00e9 meccanismi di premio per gli esercizi no slot (<em>art. 16); <\/em>\u00e8 inoltre introdotto un<em> no slot day (art. 54) (Sulle misure in materia di gioco vedi pi\u00f9 diffusamente questa <strong><a href=\"https:\/\/welaikaadv.site\/avviso\/home\/cosa-facciamo\/informare\/documenti-tematici\/gioco-dazzardo\/la-legge-della-regione-calabria-di-contrasto-del-gioco-patologico\/\">scheda<\/a><\/strong><\/em>).<\/p>\n<p><strong>Beni confiscati<\/strong>. La Regione promuove forme di supporto anche economico alle iniziative di riutilizzo sociale dei beni immobili e delle aziende confiscati alla criminalit\u00e0 organizzata e ai lavoratori in esse inserite (<em>artt. 17-19<\/em>).<\/p>\n<p><strong>Appalti<\/strong>. La Regione cura il massimo rispetto della normativa sulla trasparenza delle procedure di gara; in tale ambito favorisce la riduzione del numero delle stazioni appaltanti ed il controllo del rispetto delle norme a tutela dei lavoratori, anche attraverso accordi con le parti sociali. Sono introdotti meccanismi premiali per le imprese che denunciano i fenomeni estorsivi e criminali (<em>artt. 21-23<\/em>).<\/p>\n<p><strong>Edilizia e costruzioni<\/strong>. Una specifica attenzione \u00e8 rivolta alla puntuale applicazione della normativa nazionale nel settore dell\u2019edilizia e delle costruzioni, da sviluppare anche attraverso un potenziamento dei controlli e l\u2019applicazione della certificazione antimafia (<em>artt. 24-29<\/em>).<\/p>\n<p><strong>Legalit\u00e0 in altri settori produttivi<\/strong>. La legge introduce meccanismi di puntuale rispetto della normativa e dei contratti vigenti nei settori del facchinaggio <em>(artt. 30-33)<\/em>, commercio e turismo <em>(art.34)<\/em>, agricoltura, anche per contrastare il fenomeno del caporalato <em>(artt. 35-37), <\/em>estrazione minerali (<em>art. 38<\/em>), interventi in materia ambientale (<em>art. 39<\/em>).<\/p>\n<p><strong>Trasparenza degli organi politici e amministrativi della Regione<\/strong>. E\u2019 previsto un codice etico dei consiglieri e assessori regionali (<em>art. 40<\/em>) e l\u2019istituzione di un\u2019anagrafe pubblica (che riguarda anche i familiari) in cui riportare tutti i dati su redditi, contributi ricevuti e spese sostenute, altri incarichi avuti, nonch\u00e9 l\u2019appartenenza ad associazioni etc (<em>artt. 41-50<\/em>). Le norme sulle dichiarazioni dei redditi si applicano anche ai titolari di cariche istituzionali di garanzia (Difensore civico, membri del Corecom, Garante per l\u2019infanzia) (<em>art. 51<\/em>) e ai titolari di cariche direttive di determinate Amministrazioni pubbliche (<em>art. 52<\/em>).<\/p>\n<p><strong>Ricorrenze<\/strong>. La legge istituisce il 30 aprile come giornata dedicata ad iniziative di sensibilizzazione sul gioco d\u2019azzardo (art. 54), il 21 marzo come giornata della memoria e dell&#8217;impegno in ricordo delle vittime delle mafie (<em>art. 56<\/em>) e per la promozione della cittadinanza responsabile e a febbraio una settimana sul tema del bullismo e cyberbullismo (<em>art. 55<\/em>).<\/p>\n<p><strong>Partecipazione ad Avviso Pubblico<\/strong>. La legge conferma l\u2019adesione ad all&#8217;associazione &#8220;Avviso pubblico&#8221;, Enti locali e Regioni per la formazione civile contro le mafie (<em>art. 57<\/em>).<\/p>\n<p><strong>Monitoraggio della legge<\/strong>. Ogni tre anni la Giunta regionale presenta una relazione che fornisce informazioni sulla concreta attuazione della normativa e sui risultati conseguiti (<em>art. 58<\/em>).<\/p>\n<p><strong><a href=\"https:\/\/welaikaadv.site\/avviso\/wp-content\/uploads\/2018\/05\/legge-regione-calabria-2018.pdf\">Legge Regione Calabria n. 9 del 2018<\/a><\/strong><\/p>\n<p><em>Per una ricostruzione dei provvedimenti adottati dalle Regioni sul contrasto della criminalit\u00e0 organizzata e della corruzione leggi questa <\/em><a href=\"https:\/\/welaikaadv.site\/avviso\/home\/cosa-facciamo\/informare\/documenti-tematici\/mafie\/normativa-regionale-materia-lotta-alla-criminalita-riutilizzo-dei-beni-confiscati\/\"><strong><em>scheda<\/em><\/strong><\/a><em>.<\/em><\/p>\n","protected":false},"excerpt":{"rendered":"<p>Premessa. Il Consiglio regionale della Calabria ha approvato la legge 26 aprile 2018 n. 9 Interventi regionali per la prevenzione e il contrasto del fenomeno&nbsp;<span class=\"hellipsis\">[&hellip;]<\/span><a class=\"more-link\" href=\"https:\/\/welaikaadv.site\/avviso\/home\/cosa-facciamo\/informare\/documenti-tematici\/mafie\/la-nuova-legge-della-regione-calabria-per-il-contrasto-della-ndrangheta\/\">Leggi tutto <span class=\"screen-reader-text\">La nuova legge della Regione Calabria per il contrasto della \u2018ndrangheta<\/span> <span class=\"meta-nav\" aria-hidden=\"true\">&rarr;<\/span><\/a><\/p>\n","protected":false},"author":1,"featured_media":0,"parent":207,"menu_order":0,"comment_status":"closed","ping_status":"closed","template":"","meta":{"_acf_changed":false,"_exactmetrics_skip_tracking":false,"_exactmetrics_sitenote_active":false,"_exactmetrics_sitenote_note":"","_exactmetrics_sitenote_category":0,"wp_social_preview_title":"","wp_social_preview_description":"","wp_social_preview_image":0,"footnotes":""},"class_list":["post-25652","page","type-page","status-publish","hentry"],"acf":[],"yoast_head":"<!-- This site is optimized with the Yoast SEO plugin v27.2 - https:\/\/yoast.com\/product\/yoast-seo-wordpress\/ -->\n<title>La nuova legge della Regione Calabria per il contrasto della \u2018ndrangheta - Staging Avviso Pubblico<\/title>\n<meta name=\"robots\" content=\"noindex, follow, max-snippet:-1, max-image-preview:large, max-video-preview:-1\" \/>\n<meta property=\"og:locale\" content=\"it_IT\" \/>\n<meta property=\"og:type\" content=\"article\" \/>\n<meta property=\"og:title\" content=\"La nuova legge della Regione Calabria per il contrasto della \u2018ndrangheta - Staging Avviso Pubblico\" \/>\n<meta property=\"og:description\" content=\"Premessa. Il Consiglio regionale della Calabria ha approvato la legge 26 aprile 2018 n. 9 Interventi regionali per la prevenzione e il contrasto del fenomeno&nbsp;[&hellip;]Leggi tutto La nuova legge della Regione Calabria per il contrasto della \u2018ndrangheta &rarr;\" \/>\n<meta property=\"og:url\" content=\"https:\/\/welaikaadv.site\/avviso\/home\/cosa-facciamo\/informare\/documenti-tematici\/mafie\/la-nuova-legge-della-regione-calabria-per-il-contrasto-della-ndrangheta\/\" \/>\n<meta property=\"og:site_name\" content=\"Staging Avviso Pubblico\" \/>\n<meta name=\"twitter:card\" content=\"summary_large_image\" \/>\n<meta name=\"twitter:label1\" content=\"Tempo di lettura stimato\" \/>\n\t<meta name=\"twitter:data1\" content=\"5 minuti\" \/>\n<script type=\"application\/ld+json\" class=\"yoast-schema-graph\">{\"@context\":\"https:\/\/schema.org\",\"@graph\":[{\"@type\":\"WebPage\",\"@id\":\"https:\/\/welaikaadv.site\/avviso\/home\/cosa-facciamo\/informare\/documenti-tematici\/mafie\/la-nuova-legge-della-regione-calabria-per-il-contrasto-della-ndrangheta\/\",\"url\":\"https:\/\/welaikaadv.site\/avviso\/home\/cosa-facciamo\/informare\/documenti-tematici\/mafie\/la-nuova-legge-della-regione-calabria-per-il-contrasto-della-ndrangheta\/\",\"name\":\"La nuova legge della Regione Calabria per il contrasto della \u2018ndrangheta - Staging Avviso Pubblico\",\"isPartOf\":{\"@id\":\"https:\/\/welaikaadv.site\/avviso\/#website\"},\"datePublished\":\"2018-05-21T15:02:24+00:00\",\"breadcrumb\":{\"@id\":\"https:\/\/welaikaadv.site\/avviso\/home\/cosa-facciamo\/informare\/documenti-tematici\/mafie\/la-nuova-legge-della-regione-calabria-per-il-contrasto-della-ndrangheta\/#breadcrumb\"},\"inLanguage\":\"it-IT\",\"potentialAction\":[{\"@type\":\"ReadAction\",\"target\":[\"https:\/\/welaikaadv.site\/avviso\/home\/cosa-facciamo\/informare\/documenti-tematici\/mafie\/la-nuova-legge-della-regione-calabria-per-il-contrasto-della-ndrangheta\/\"]}]},{\"@type\":\"BreadcrumbList\",\"@id\":\"https:\/\/welaikaadv.site\/avviso\/home\/cosa-facciamo\/informare\/documenti-tematici\/mafie\/la-nuova-legge-della-regione-calabria-per-il-contrasto-della-ndrangheta\/#breadcrumb\",\"itemListElement\":[{\"@type\":\"ListItem\",\"position\":1,\"name\":\"Home\",\"item\":\"https:\/\/welaikaadv.site\/avviso\/\"},{\"@type\":\"ListItem\",\"position\":2,\"name\":\"La nuova legge della Regione Calabria per il contrasto della \u2018ndrangheta\"}]},{\"@type\":\"WebSite\",\"@id\":\"https:\/\/welaikaadv.site\/avviso\/#website\",\"url\":\"https:\/\/welaikaadv.site\/avviso\/\",\"name\":\"Staging Avviso Pubblico\",\"description\":\"\",\"publisher\":{\"@id\":\"https:\/\/welaikaadv.site\/avviso\/#organization\"},\"potentialAction\":[{\"@type\":\"SearchAction\",\"target\":{\"@type\":\"EntryPoint\",\"urlTemplate\":\"https:\/\/welaikaadv.site\/avviso\/?s={search_term_string}\"},\"query-input\":{\"@type\":\"PropertyValueSpecification\",\"valueRequired\":true,\"valueName\":\"search_term_string\"}}],\"inLanguage\":\"it-IT\"},{\"@type\":\"Organization\",\"@id\":\"https:\/\/welaikaadv.site\/avviso\/#organization\",\"name\":\"Staging Avviso Pubblico\",\"url\":\"https:\/\/welaikaadv.site\/avviso\/\",\"logo\":{\"@type\":\"ImageObject\",\"inLanguage\":\"it-IT\",\"@id\":\"https:\/\/welaikaadv.site\/avviso\/#\/schema\/logo\/image\/\",\"url\":\"https:\/\/welaikaadv.site\/avviso\/wp-content\/uploads\/2024\/08\/logoAPsito-400.png\",\"contentUrl\":\"https:\/\/welaikaadv.site\/avviso\/wp-content\/uploads\/2024\/08\/logoAPsito-400.png\",\"width\":400,\"height\":97,\"caption\":\"Staging Avviso Pubblico\"},\"image\":{\"@id\":\"https:\/\/welaikaadv.site\/avviso\/#\/schema\/logo\/image\/\"}}]}<\/script>\n<!-- \/ Yoast SEO plugin. -->","yoast_head_json":{"title":"La nuova legge della Regione Calabria per il contrasto della \u2018ndrangheta - Staging Avviso Pubblico","robots":{"index":"noindex","follow":"follow","max-snippet":"max-snippet:-1","max-image-preview":"max-image-preview:large","max-video-preview":"max-video-preview:-1"},"og_locale":"it_IT","og_type":"article","og_title":"La nuova legge della Regione Calabria per il contrasto della \u2018ndrangheta - Staging Avviso Pubblico","og_description":"Premessa. Il Consiglio regionale della Calabria ha approvato la legge 26 aprile 2018 n. 9 Interventi regionali per la prevenzione e il contrasto del fenomeno&nbsp;[&hellip;]Leggi tutto La nuova legge della Regione Calabria per il contrasto della \u2018ndrangheta &rarr;","og_url":"https:\/\/welaikaadv.site\/avviso\/home\/cosa-facciamo\/informare\/documenti-tematici\/mafie\/la-nuova-legge-della-regione-calabria-per-il-contrasto-della-ndrangheta\/","og_site_name":"Staging Avviso Pubblico","twitter_card":"summary_large_image","twitter_misc":{"Tempo di lettura stimato":"5 minuti"},"schema":{"@context":"https:\/\/schema.org","@graph":[{"@type":"WebPage","@id":"https:\/\/welaikaadv.site\/avviso\/home\/cosa-facciamo\/informare\/documenti-tematici\/mafie\/la-nuova-legge-della-regione-calabria-per-il-contrasto-della-ndrangheta\/","url":"https:\/\/welaikaadv.site\/avviso\/home\/cosa-facciamo\/informare\/documenti-tematici\/mafie\/la-nuova-legge-della-regione-calabria-per-il-contrasto-della-ndrangheta\/","name":"La nuova legge della Regione Calabria per il contrasto della \u2018ndrangheta - Staging Avviso Pubblico","isPartOf":{"@id":"https:\/\/welaikaadv.site\/avviso\/#website"},"datePublished":"2018-05-21T15:02:24+00:00","breadcrumb":{"@id":"https:\/\/welaikaadv.site\/avviso\/home\/cosa-facciamo\/informare\/documenti-tematici\/mafie\/la-nuova-legge-della-regione-calabria-per-il-contrasto-della-ndrangheta\/#breadcrumb"},"inLanguage":"it-IT","potentialAction":[{"@type":"ReadAction","target":["https:\/\/welaikaadv.site\/avviso\/home\/cosa-facciamo\/informare\/documenti-tematici\/mafie\/la-nuova-legge-della-regione-calabria-per-il-contrasto-della-ndrangheta\/"]}]},{"@type":"BreadcrumbList","@id":"https:\/\/welaikaadv.site\/avviso\/home\/cosa-facciamo\/informare\/documenti-tematici\/mafie\/la-nuova-legge-della-regione-calabria-per-il-contrasto-della-ndrangheta\/#breadcrumb","itemListElement":[{"@type":"ListItem","position":1,"name":"Home","item":"https:\/\/welaikaadv.site\/avviso\/"},{"@type":"ListItem","position":2,"name":"La nuova legge della Regione Calabria per il contrasto della \u2018ndrangheta"}]},{"@type":"WebSite","@id":"https:\/\/welaikaadv.site\/avviso\/#website","url":"https:\/\/welaikaadv.site\/avviso\/","name":"Staging Avviso Pubblico","description":"","publisher":{"@id":"https:\/\/welaikaadv.site\/avviso\/#organization"},"potentialAction":[{"@type":"SearchAction","target":{"@type":"EntryPoint","urlTemplate":"https:\/\/welaikaadv.site\/avviso\/?s={search_term_string}"},"query-input":{"@type":"PropertyValueSpecification","valueRequired":true,"valueName":"search_term_string"}}],"inLanguage":"it-IT"},{"@type":"Organization","@id":"https:\/\/welaikaadv.site\/avviso\/#organization","name":"Staging Avviso Pubblico","url":"https:\/\/welaikaadv.site\/avviso\/","logo":{"@type":"ImageObject","inLanguage":"it-IT","@id":"https:\/\/welaikaadv.site\/avviso\/#\/schema\/logo\/image\/","url":"https:\/\/welaikaadv.site\/avviso\/wp-content\/uploads\/2024\/08\/logoAPsito-400.png","contentUrl":"https:\/\/welaikaadv.site\/avviso\/wp-content\/uploads\/2024\/08\/logoAPsito-400.png","width":400,"height":97,"caption":"Staging Avviso Pubblico"},"image":{"@id":"https:\/\/welaikaadv.site\/avviso\/#\/schema\/logo\/image\/"}}]}},"_links":{"self":[{"href":"https:\/\/welaikaadv.site\/avviso\/wp-json\/wp\/v2\/pages\/25652","targetHints":{"allow":["GET"]}}],"collection":[{"href":"https:\/\/welaikaadv.site\/avviso\/wp-json\/wp\/v2\/pages"}],"about":[{"href":"https:\/\/welaikaadv.site\/avviso\/wp-json\/wp\/v2\/types\/page"}],"author":[{"embeddable":true,"href":"https:\/\/welaikaadv.site\/avviso\/wp-json\/wp\/v2\/users\/1"}],"replies":[{"embeddable":true,"href":"https:\/\/welaikaadv.site\/avviso\/wp-json\/wp\/v2\/comments?post=25652"}],"version-history":[{"count":0,"href":"https:\/\/welaikaadv.site\/avviso\/wp-json\/wp\/v2\/pages\/25652\/revisions"}],"up":[{"embeddable":true,"href":"https:\/\/welaikaadv.site\/avviso\/wp-json\/wp\/v2\/pages\/207"}],"wp:attachment":[{"href":"https:\/\/welaikaadv.site\/avviso\/wp-json\/wp\/v2\/media?parent=25652"}],"curies":[{"name":"wp","href":"https:\/\/api.w.org\/{rel}","templated":true}]}}