{"id":2587,"date":"2017-07-22T07:00:37","date_gmt":"2017-07-22T05:00:37","guid":{"rendered":"http:\/\/www.avvisopubblico.it\/osservatorio\/?page_id=2587"},"modified":"2017-07-22T07:00:37","modified_gmt":"2017-07-22T05:00:37","slug":"progetti-di-legge-in-discussione","status":"publish","type":"page","link":"https:\/\/welaikaadv.site\/avviso\/home\/cosa-facciamo\/informare\/osservatorio-parlamentare\/attivita-legislativa\/progetti-di-legge-in-discussione\/","title":{"rendered":"La discussione parlamentare dei progetti di legge"},"content":{"rendered":"<p>In questa sottosezione \u00e8 fornito un quadro generale dei progetti di legge per i quali \u00e8 stata gi\u00e0 avviata la discussione\u00a0e degli altri progetti di legge presentati presso Camera o Senato. Un&#8217;attenzione particolare \u00e8 dedicata ai temi della revisione del codice antimafia e delle misure sui beni confiscati alle organizzazioni criminali, della modifica delle norme sulla prescrizione, della disciplina del <em>whistleblowing,<\/em>\u00a0dei conflitti di interesse, del gioco d&#8217;azzardo e della disciplina dei gruppi di interesse<em>.<\/em><\/p>\n<h2><a title=\"Quadro generale dell\u2019attivit\u00e0 legislativa in corso\" href=\"\/home\/home\/cosa-facciamo\/informare\/osservatorio-parlamentare\/attivita-legislativa\/progetti-di-legge-in-discussione\/quadro-generale-dellattivita-legislativa-in-corso\/\">QUADRO GENERALE<\/a><\/h2>\n<h2><strong>RIFORMA DEL CODICE ANTIMAFIA E\u00a0BENI CONFISCATI<\/strong><\/h2>\n<ul>\n<li><a href=\"\/home\/home\/cosa-facciamo\/informare\/osservatorio-parlamentare\/attivita-legislativa\/progetti-di-legge-in-discussione\/riutilizzo-dei-beni-confiscati-alla-criminalita-organizzata-e-riforma-del-codice-antimafia-notizie-sulliter-parlamentare\/\"><strong>Stato iter dei diversi progetti di legge<\/strong><\/a><\/li>\n<li><strong><a title=\"Nuovo testo unificato in materia di beni confiscati alla criminalit\u00e0 organizzata\" href=\"\/home\/home\/cosa-facciamo\/informare\/osservatorio-parlamentare\/attivita-legislativa\/progetti-di-legge-in-discussione\/nuovo-testo-unificato-in-materia-di-beni-confiscati-alla-criminalita-organizzata\/\">Il primo testo unificato di riforma della materia &#8211; ottobre 2014<\/a><\/strong><\/li>\n<li><strong><a href=\"\/home\/home\/cosa-facciamo\/informare\/osservatorio-parlamentare\/attivita-legislativa\/progetti-di-legge-in-discussione\/nuovo-testo-unificato-del-29-ottobre-2015-su-beni-confiscati-e-riforma-del-codice-antimafia-scheda-di-sintesi\/\">Il secondo testo unificato &#8211; ottobre 2015<\/a><\/strong><\/li>\n<li><strong><a href=\"https:\/\/welaikaadv.site\/avviso\/home\/cosa-facciamo\/informare\/osservatorio-parlamentare\/attivita-legislativa\/progetti-di-legge-in-discussione\/disposizioni-in-materia-di-beni-confiscati-alla-mafia\/\">Il testo approvato dalla Camera &#8211; novembre 2015<\/a><\/strong><\/li>\n<li><strong><a href=\"\/home\/home\/cosa-facciamo\/informare\/osservatorio-parlamentare\/attivita-legislativa\/progetti-di-legge-in-discussione\/beni-confiscati-e-riforma-del-codice-antimafia-sintesi-del-testo-approvato-dal-senato-luglio-2017\/\">Il testo definitivo della legge &#8211; settembre 2017<\/a><\/strong><\/li>\n<li><a title=\"Disposizioni in materia di beni confiscati alla mafia\" href=\"\/home\/home\/cosa-facciamo\/informare\/osservatorio-parlamentare\/attivita-legislativa\/progetti-di-legge-in-discussione\/disposizioni-in-materia-di-beni-confiscati-alla-mafia\/\"><strong>Altre disposizioni in materia di beni confiscati alla mafia<\/strong><\/a><\/li>\n<\/ul>\n<h2><a href=\"\/home\/home\/cosa-facciamo\/informare\/osservatorio-parlamentare\/attivita-legislativa\/progetti-di-legge-in-discussione\/disposizioni-per-la-protezione-degli-autori-di-segnalazioni-di-reati-o-irregolarita-nellinteresse-pubblico-ac-1751\/\"><strong>SEGNALAZIONE DI REATI E IRREGOLARIT\u00c0<\/strong><\/a><\/h2>\n<h2><b>GIOCO D&#8217;AZZARDO<\/b><\/h2>\n<ul>\n<li><strong><a href=\"\/home\/home\/cosa-facciamo\/informare\/osservatorio-parlamentare\/attivita-legislativa\/progetti-di-legge-in-discussione\/gioco-dazzardo\/ludopatia-e-gioco-dazzardo-il-dibattito-parlamentare-nella-xvii-legislatura\/?hilite=%22quadro%22\">Il dibattito parlamentare: quadro generale<\/a><\/strong><\/li>\n<li><strong><a href=\"\/home\/home\/cosa-facciamo\/informare\/osservatorio-parlamentare\/attivita-legislativa\/progetti-di-legge-in-discussione\/gioco-dazzardo\/prevenzione-del-gioco-dazzardo-le-proposte-di-legge-allesame-della-commissione-affari-sociali-della-camera\/\">Le proposte di legge all&#8217;esame della Commissione Affari sociali della Camera<\/a><\/strong><\/li>\n<\/ul>\n<h2><strong><a href=\"\/home\/home\/cosa-facciamo\/informare\/osservatorio-parlamentare\/attivita-legislativa\/progetti-di-legge-in-discussione\/le-proposte-di-legge-in-materia-di-conflitti-di-interesse\/\">NUOVA DISCIPLINA DEI CONFLITTI DI INTERESSE<\/a><\/strong><\/h2>\n<h2><strong>DISCIPLINA DEI GRUPPI\u00a0DI INTERESSE<\/strong><\/h2>\n<ul>\n<li><strong><a href=\"\/home\/home\/cosa-facciamo\/informare\/osservatorio-parlamentare\/attivita-legislativa\/progetti-di-legge-in-discussione\/nuova-disciplina-dei-gruppi-di-interesse\/\">Analisi dell&#8217;AS 1522<\/a><\/strong><\/li>\n<li><strong><a href=\"\/home\/home\/cosa-facciamo\/informare\/osservatorio-parlamentare\/attivita-legislativa\/progetti-di-legge-in-discussione\/disciplina-dei-gruppi-di-interesse-le-audizioni-della-commissione-affari-costituzionali\/\">Sintesi delle audizioni svolte dalla Commissione Affari costituzionali<\/a><\/strong><\/li>\n<li><strong><a href=\"\/home\/home\/cosa-facciamo\/informare\/osservatorio-parlamentare\/attivita-legislativa\/progetti-di-legge-in-discussione\/codice-di-condotta-dei-deputati-e-disciplina-dellattivita-di-lobbying-allinterno-della-camera\/\">La discussione in Giunta per il regolamento della Camera<\/a><\/strong><\/li>\n<\/ul>\n<h2><b>TESTIMONI DI GIUSTIZIA<\/b><\/h2>\n<ul>\n<li><strong><a href=\"\/home\/home\/cosa-facciamo\/informare\/osservatorio-parlamentare\/attivita-legislativa\/progetti-di-legge-in-discussione\/disposizioni-per-la-protezione-dei-testimoni-di-giustizia-ac-3500-scheda-di-sintesi\/\">Analisi del provvedimento (AC 3500- AS2740)<\/a><\/strong><\/li>\n<li><a href=\"https:\/\/welaikaadv.site\/avviso\/home\/cosa-facciamo\/informare\/osservatorio-parlamentare\/attivita-legislativa\/progetti-di-legge-in-discussione\/testimoni-di-giustizia-sintesi-delle-audizioni-della-commissione-giustizia-della-camera\/\"><b>Sintesi dell&#8217;indagine conoscitiva della Commissione Giustizia della Camera<\/b><\/a><\/li>\n<\/ul>\n<h2><b>IMMIGRAZIONE<\/b><\/h2>\n<ul>\n<li><a href=\"\/home\/home\/cosa-facciamo\/informare\/osservatorio-parlamentare\/attivita-legislativa\/progetti-di-legge-in-discussione\/progetti-di-legge-su-immigrazione-asilo-e-cittadinanza-in-discussione-in-parlamento-quadro-generale\/\"><b>Quadro generale<\/b><\/a><\/li>\n<\/ul>\n<h2><strong><a href=\"\/home\/home\/cosa-facciamo\/informare\/osservatorio-parlamentare\/attivita-legislativa\/progetti-di-legge-in-discussione\/legalizzazione-della-coltivazione-lavorazione-e-vendita-della-cannabis-e-dei-suoi-derivati-sintesi-del-dibattito-parlamentare-sulla-proposta-di-legge-ac-3235\/\">USO TERAPEUTICO DELLA CANNABIS<\/a>\u00a0<\/strong><\/h2>\n<h2><strong><a href=\"\/home\/home\/cosa-facciamo\/informare\/osservatorio-parlamentare\/attivita-legislativa\/progetti-di-legge-in-discussione\/misure-di-contrasto-della-contraffazione-analisi-dellas-2308\/\">CONTRAFFAZIONE<\/a>\u00a0<\/strong><\/h2>\n<h2><a title=\"XVII legislatura: altri progetti di legge in materia di lotta alla criminalit\u00e0 e trasparenza della pubblica amministrazione\" href=\"\/home\/home\/cosa-facciamo\/informare\/osservatorio-parlamentare\/attivita-legislativa\/progetti-di-legge-in-discussione\/xvii-legislatura-altri-progetti-di-legge-in-materia-di-lotta-alla-criminalita\/\"><strong>ALTRI PROGETTI DI LEGGE IN MATERIA DI LOTTA ALLA CRIMINALIT\u00c0\u00a0E TRASPARENZA DELLA PUBBLICA AMMINISTRAZIONE<\/strong><\/a><\/h2>\n","protected":false},"excerpt":{"rendered":"<p>In questa sottosezione \u00e8 fornito un quadro generale dei progetti di legge per i quali \u00e8 stata gi\u00e0 avviata la discussione\u00a0e degli altri progetti di&nbsp;<span class=\"hellipsis\">[&hellip;]<\/span><a class=\"more-link\" href=\"https:\/\/welaikaadv.site\/avviso\/home\/cosa-facciamo\/informare\/osservatorio-parlamentare\/attivita-legislativa\/progetti-di-legge-in-discussione\/\">Leggi tutto <span class=\"screen-reader-text\">La discussione parlamentare dei progetti di legge<\/span> <span class=\"meta-nav\" aria-hidden=\"true\">&rarr;<\/span><\/a><\/p>\n","protected":false},"author":1,"featured_media":0,"parent":2537,"menu_order":2,"comment_status":"closed","ping_status":"closed","template":"","meta":{"_acf_changed":false,"_exactmetrics_skip_tracking":false,"_exactmetrics_sitenote_active":false,"_exactmetrics_sitenote_note":"","_exactmetrics_sitenote_category":0,"wp_social_preview_title":"","wp_social_preview_description":"","wp_social_preview_image":0,"footnotes":""},"class_list":["post-2587","page","type-page","status-publish","hentry"],"acf":[],"yoast_head":"<!-- This site is optimized with the Yoast SEO plugin v27.2 - https:\/\/yoast.com\/product\/yoast-seo-wordpress\/ -->\n<title>La discussione parlamentare dei progetti di legge - Staging Avviso Pubblico<\/title>\n<meta name=\"robots\" content=\"noindex, follow, max-snippet:-1, max-image-preview:large, max-video-preview:-1\" \/>\n<meta property=\"og:locale\" content=\"it_IT\" \/>\n<meta property=\"og:type\" content=\"article\" \/>\n<meta property=\"og:title\" content=\"La discussione parlamentare dei progetti di legge - Staging Avviso Pubblico\" \/>\n<meta property=\"og:description\" content=\"In questa sottosezione \u00e8 fornito un quadro generale dei progetti di legge per i quali \u00e8 stata gi\u00e0 avviata la discussione\u00a0e degli altri progetti di&nbsp;[&hellip;]Leggi tutto La discussione parlamentare dei progetti di legge &rarr;\" \/>\n<meta property=\"og:url\" content=\"https:\/\/welaikaadv.site\/avviso\/home\/cosa-facciamo\/informare\/osservatorio-parlamentare\/attivita-legislativa\/progetti-di-legge-in-discussione\/\" \/>\n<meta property=\"og:site_name\" content=\"Staging Avviso Pubblico\" \/>\n<meta name=\"twitter:card\" content=\"summary_large_image\" \/>\n<meta name=\"twitter:label1\" content=\"Tempo di lettura stimato\" \/>\n\t<meta name=\"twitter:data1\" content=\"1 minuto\" \/>\n<script type=\"application\/ld+json\" class=\"yoast-schema-graph\">{\"@context\":\"https:\/\/schema.org\",\"@graph\":[{\"@type\":\"WebPage\",\"@id\":\"https:\/\/welaikaadv.site\/avviso\/home\/cosa-facciamo\/informare\/osservatorio-parlamentare\/attivita-legislativa\/progetti-di-legge-in-discussione\/\",\"url\":\"https:\/\/welaikaadv.site\/avviso\/home\/cosa-facciamo\/informare\/osservatorio-parlamentare\/attivita-legislativa\/progetti-di-legge-in-discussione\/\",\"name\":\"La discussione parlamentare dei progetti di legge - Staging Avviso Pubblico\",\"isPartOf\":{\"@id\":\"https:\/\/welaikaadv.site\/avviso\/#website\"},\"datePublished\":\"2017-07-22T05:00:37+00:00\",\"breadcrumb\":{\"@id\":\"https:\/\/welaikaadv.site\/avviso\/home\/cosa-facciamo\/informare\/osservatorio-parlamentare\/attivita-legislativa\/progetti-di-legge-in-discussione\/#breadcrumb\"},\"inLanguage\":\"it-IT\",\"potentialAction\":[{\"@type\":\"ReadAction\",\"target\":[\"https:\/\/welaikaadv.site\/avviso\/home\/cosa-facciamo\/informare\/osservatorio-parlamentare\/attivita-legislativa\/progetti-di-legge-in-discussione\/\"]}]},{\"@type\":\"BreadcrumbList\",\"@id\":\"https:\/\/welaikaadv.site\/avviso\/home\/cosa-facciamo\/informare\/osservatorio-parlamentare\/attivita-legislativa\/progetti-di-legge-in-discussione\/#breadcrumb\",\"itemListElement\":[{\"@type\":\"ListItem\",\"position\":1,\"name\":\"Home\",\"item\":\"https:\/\/welaikaadv.site\/avviso\/\"},{\"@type\":\"ListItem\",\"position\":2,\"name\":\"La discussione parlamentare dei progetti di legge\"}]},{\"@type\":\"WebSite\",\"@id\":\"https:\/\/welaikaadv.site\/avviso\/#website\",\"url\":\"https:\/\/welaikaadv.site\/avviso\/\",\"name\":\"Staging Avviso Pubblico\",\"description\":\"\",\"publisher\":{\"@id\":\"https:\/\/welaikaadv.site\/avviso\/#organization\"},\"potentialAction\":[{\"@type\":\"SearchAction\",\"target\":{\"@type\":\"EntryPoint\",\"urlTemplate\":\"https:\/\/welaikaadv.site\/avviso\/?s={search_term_string}\"},\"query-input\":{\"@type\":\"PropertyValueSpecification\",\"valueRequired\":true,\"valueName\":\"search_term_string\"}}],\"inLanguage\":\"it-IT\"},{\"@type\":\"Organization\",\"@id\":\"https:\/\/welaikaadv.site\/avviso\/#organization\",\"name\":\"Staging Avviso Pubblico\",\"url\":\"https:\/\/welaikaadv.site\/avviso\/\",\"logo\":{\"@type\":\"ImageObject\",\"inLanguage\":\"it-IT\",\"@id\":\"https:\/\/welaikaadv.site\/avviso\/#\/schema\/logo\/image\/\",\"url\":\"https:\/\/welaikaadv.site\/avviso\/wp-content\/uploads\/2024\/08\/logoAPsito-400.png\",\"contentUrl\":\"https:\/\/welaikaadv.site\/avviso\/wp-content\/uploads\/2024\/08\/logoAPsito-400.png\",\"width\":400,\"height\":97,\"caption\":\"Staging Avviso Pubblico\"},\"image\":{\"@id\":\"https:\/\/welaikaadv.site\/avviso\/#\/schema\/logo\/image\/\"}}]}<\/script>\n<!-- \/ Yoast SEO plugin. -->","yoast_head_json":{"title":"La discussione parlamentare dei progetti di legge - Staging Avviso Pubblico","robots":{"index":"noindex","follow":"follow","max-snippet":"max-snippet:-1","max-image-preview":"max-image-preview:large","max-video-preview":"max-video-preview:-1"},"og_locale":"it_IT","og_type":"article","og_title":"La discussione parlamentare dei progetti di legge - Staging Avviso Pubblico","og_description":"In questa sottosezione \u00e8 fornito un quadro generale dei progetti di legge per i quali \u00e8 stata gi\u00e0 avviata la discussione\u00a0e degli altri progetti di&nbsp;[&hellip;]Leggi tutto La discussione parlamentare dei progetti di legge &rarr;","og_url":"https:\/\/welaikaadv.site\/avviso\/home\/cosa-facciamo\/informare\/osservatorio-parlamentare\/attivita-legislativa\/progetti-di-legge-in-discussione\/","og_site_name":"Staging Avviso Pubblico","twitter_card":"summary_large_image","twitter_misc":{"Tempo di lettura stimato":"1 minuto"},"schema":{"@context":"https:\/\/schema.org","@graph":[{"@type":"WebPage","@id":"https:\/\/welaikaadv.site\/avviso\/home\/cosa-facciamo\/informare\/osservatorio-parlamentare\/attivita-legislativa\/progetti-di-legge-in-discussione\/","url":"https:\/\/welaikaadv.site\/avviso\/home\/cosa-facciamo\/informare\/osservatorio-parlamentare\/attivita-legislativa\/progetti-di-legge-in-discussione\/","name":"La discussione parlamentare dei progetti di legge - Staging Avviso Pubblico","isPartOf":{"@id":"https:\/\/welaikaadv.site\/avviso\/#website"},"datePublished":"2017-07-22T05:00:37+00:00","breadcrumb":{"@id":"https:\/\/welaikaadv.site\/avviso\/home\/cosa-facciamo\/informare\/osservatorio-parlamentare\/attivita-legislativa\/progetti-di-legge-in-discussione\/#breadcrumb"},"inLanguage":"it-IT","potentialAction":[{"@type":"ReadAction","target":["https:\/\/welaikaadv.site\/avviso\/home\/cosa-facciamo\/informare\/osservatorio-parlamentare\/attivita-legislativa\/progetti-di-legge-in-discussione\/"]}]},{"@type":"BreadcrumbList","@id":"https:\/\/welaikaadv.site\/avviso\/home\/cosa-facciamo\/informare\/osservatorio-parlamentare\/attivita-legislativa\/progetti-di-legge-in-discussione\/#breadcrumb","itemListElement":[{"@type":"ListItem","position":1,"name":"Home","item":"https:\/\/welaikaadv.site\/avviso\/"},{"@type":"ListItem","position":2,"name":"La discussione parlamentare dei progetti di legge"}]},{"@type":"WebSite","@id":"https:\/\/welaikaadv.site\/avviso\/#website","url":"https:\/\/welaikaadv.site\/avviso\/","name":"Staging Avviso Pubblico","description":"","publisher":{"@id":"https:\/\/welaikaadv.site\/avviso\/#organization"},"potentialAction":[{"@type":"SearchAction","target":{"@type":"EntryPoint","urlTemplate":"https:\/\/welaikaadv.site\/avviso\/?s={search_term_string}"},"query-input":{"@type":"PropertyValueSpecification","valueRequired":true,"valueName":"search_term_string"}}],"inLanguage":"it-IT"},{"@type":"Organization","@id":"https:\/\/welaikaadv.site\/avviso\/#organization","name":"Staging Avviso Pubblico","url":"https:\/\/welaikaadv.site\/avviso\/","logo":{"@type":"ImageObject","inLanguage":"it-IT","@id":"https:\/\/welaikaadv.site\/avviso\/#\/schema\/logo\/image\/","url":"https:\/\/welaikaadv.site\/avviso\/wp-content\/uploads\/2024\/08\/logoAPsito-400.png","contentUrl":"https:\/\/welaikaadv.site\/avviso\/wp-content\/uploads\/2024\/08\/logoAPsito-400.png","width":400,"height":97,"caption":"Staging Avviso Pubblico"},"image":{"@id":"https:\/\/welaikaadv.site\/avviso\/#\/schema\/logo\/image\/"}}]}},"_links":{"self":[{"href":"https:\/\/welaikaadv.site\/avviso\/wp-json\/wp\/v2\/pages\/2587","targetHints":{"allow":["GET"]}}],"collection":[{"href":"https:\/\/welaikaadv.site\/avviso\/wp-json\/wp\/v2\/pages"}],"about":[{"href":"https:\/\/welaikaadv.site\/avviso\/wp-json\/wp\/v2\/types\/page"}],"author":[{"embeddable":true,"href":"https:\/\/welaikaadv.site\/avviso\/wp-json\/wp\/v2\/users\/1"}],"replies":[{"embeddable":true,"href":"https:\/\/welaikaadv.site\/avviso\/wp-json\/wp\/v2\/comments?post=2587"}],"version-history":[{"count":0,"href":"https:\/\/welaikaadv.site\/avviso\/wp-json\/wp\/v2\/pages\/2587\/revisions"}],"up":[{"embeddable":true,"href":"https:\/\/welaikaadv.site\/avviso\/wp-json\/wp\/v2\/pages\/2537"}],"wp:attachment":[{"href":"https:\/\/welaikaadv.site\/avviso\/wp-json\/wp\/v2\/media?parent=2587"}],"curies":[{"name":"wp","href":"https:\/\/api.w.org\/{rel}","templated":true}]}}