{"id":25884,"date":"2018-05-31T10:10:23","date_gmt":"2018-05-31T08:10:23","guid":{"rendered":"http:\/\/www.avvisopubblico.it\/home\/?page_id=25884"},"modified":"2018-05-31T10:10:23","modified_gmt":"2018-05-31T08:10:23","slug":"il-gioco-dazzardo-patologico-in-umbria-rapporto-epidemiologico-2018","status":"publish","type":"page","link":"https:\/\/welaikaadv.site\/avviso\/home\/cosa-facciamo\/informare\/documenti-tematici\/gioco-dazzardo\/il-gioco-dazzardo-patologico-in-umbria-rapporto-epidemiologico-2018\/","title":{"rendered":"IL GIOCO D\u2019AZZARDO PATOLOGICO IN UMBRIA \u2013 RAPPORTO EPIDEMIOLOGICO 2018"},"content":{"rendered":"<p><strong>Premessa<\/strong>. Il <a href=\"https:\/\/welaikaadv.site\/avviso\/wp-content\/uploads\/2018\/05\/Regione-Umbria_Rapporto-epidemiologico-2018.pdf\">rapporto<\/a>, curato dall\u2019Osservatorio epidemiologico sulle dipendenze della Regione Umbria, \u00e8 stato redatto in collaborazione con la Regione e le USL del territorio: fondamentali sono stati i dati sui consumi forniti dal CNR-Istituto di Fisiologia Clinica, sulle somme riversate nel gioco d\u2019azzardo forniti dall\u2019Agenzia delle Dogane e dei Monopoli di Stato riportati nel Libro Blu 2017, riguardanti gli iscritti all\u2019Elenco dei soggetti proprietari e i dati GEDI del gruppo l\u2019Espresso.<\/p>\n<p>Il rapporto, qui sintetizzato, permette di analizzare il fenomeno del gioco d\u2019azzardo in un\u2019ottica multidimensionale: nella sua evoluzione temporale, nella dinamica domanda-offerta a livello economico, fino alle attivit\u00e0 di risposta messe in atto in sinergia dalle istituzioni regionali e locali, strutturate sulla cura, la prevenzione e la regolamentazione. Tale rapporto, grazie alla sua multidisciplinariet\u00e0, vuole essere uno strumento sia per le istituzioni che per i cittadini, per leggere in modo realistico e accurato il fenomeno del gioco d\u2019azzardo e le sue conseguenze, nel territorio regionale.<\/p>\n<p><strong>Le diverse forme di dipendenza<\/strong>. Dall\u2019analisi congiunta delle diverse tipologie di dati emerge che in Umbria il consumo di giochi d\u2019azzardo si sta diffondendo fino ad eguagliare il consumo di sostanze psicoattive (tabacco, alcol), sia per la popolazione studentesca che quella in generale. Emerge dai dati infatti come il consumo del gioco d\u2019azzardo sia diffuso anche tra i minorenni, nonostante il divieto.<\/p>\n<p><img fetchpriority=\"high\" decoding=\"async\" class=\"alignnone size-medium wp-image-25876\" src=\"https:\/\/welaikaadv.site\/avviso\/wp-content\/uploads\/2018\/05\/DIpendenza-540x317.png\" alt=\"\" width=\"540\" height=\"317\" \/><\/p>\n<p><img decoding=\"async\" class=\"alignnone size-medium wp-image-25877\" src=\"https:\/\/welaikaadv.site\/avviso\/wp-content\/uploads\/2018\/05\/espad-540x304.png\" alt=\"\" width=\"540\" height=\"304\" \/><\/p>\n<p><strong>La crescita dei giocatori patologici<\/strong>. Rispetto al rapporto precedente, emerge una progressiva emersione dei bisogni di cura riguardo casi di ludopatia, in particolare in concomitanza della campagna regionale di comunicazione tra settembre e novembre 2017, con la diffusione dell\u2019informazione sul Numero verde regionale, previsto dalla legge regionale n. 21\/2014, con telefonate in prevalenza da uomini tra i 40-44 anni.<\/p>\n<p><img decoding=\"async\" class=\"alignnone size-medium wp-image-25878\" src=\"https:\/\/welaikaadv.site\/avviso\/wp-content\/uploads\/2018\/05\/numero-verde-540x240.png\" alt=\"\" width=\"540\" height=\"240\" \/><\/p>\n<p>Nel 2017 sono stati in carico presso i servizi regionali pi\u00f9 di 300 umbri dipendenti da gioco d\u2019azzardo, con un aumento del 59% dal 2013, la provenienza si concentra nei distretti di Perugia, Foligno e Terni-Narni. Un valore in linea con la media nazionale riguarda il volume sempre maggiore della spesa che i cittadini riversano nel gioco d\u2019azzardo, con il 59% sul totale dei vari giochi che in Umbria si concentra sugli apparecchi\/SLOT, sia nella popolazione studentesca che in quella generale. Mettendo in relazione la disponibilit\u00e0 di apparecchi e l\u2019intensit\u00e0 di gioco, risulta esserci una correlazione positiva che spiega quasi il 71% dell\u2019incidenza del fenomeno, che si evidenzia maggiormente nel territorio dell\u2019Alta Umbria.<\/p>\n<p><img loading=\"lazy\" decoding=\"async\" class=\"alignnone size-medium wp-image-25879\" src=\"https:\/\/welaikaadv.site\/avviso\/wp-content\/uploads\/2018\/05\/intensit\u00e0-540x304.png\" alt=\"\" width=\"540\" height=\"304\" \/><\/p>\n<p><strong>Le iniziative della Regione Umbria<\/strong>. Le attivit\u00e0 messe in atto dalla Regione sono articolate su fronti diversi, dall\u2019informazione alla prevenzione per diffondere una maggiore consapevolezza dei rischi associati al gioco d\u2019azzardo, dare indicazioni sui servizi disponibili come il Numero verde attivo, ed in particolare coinvolgere in un ruolo positivo la cruciale figura dei gestori dei locali: il tutto per permettere la promozione, su tutti i livelli che compongono questo settore, di un cambiamento culturale. Gli interventi si sono articolati in attivit\u00e0 di contenimento e controllo dell\u2019offerta dei giochi leciti (ad esempio la distanza minima di 500 metri dai luoghi sensibili) di incentivi per gli esercizi no slot (con la maggiorazione dell\u2019IRAP per gli esercizi che detengono apparecchi e di campagne di sensibilizzazione (importante, come si rileva dai dati, la campagna regionale \u201cUmbria No slot\u201d di informazione e comunicazione, composta da un concorso iniziale e una campagna mediatica condotta sui canali tradizionali e sui social media; le attivit\u00e0 hanno coinvolto anche le scuole di tutti i gradi per la prevenzione e la promozione della salute, con programmi e progetti adattati alle diverse fasce d\u2019et\u00e0). Inoltre sono state predisposte attivit\u00e0 di formazione per i gestori e il personale delle sale da gioco, rese obbligatorie dalla legge regionale 21\/2014. Dai dati risultano aver partecipato ai corsi circa 1223 addetti ai lavori, in data 28 febbraio 2018, con concentrazioni nelle zone di Perugia, Foligno e Terni. Tutte azioni che dall\u2019ultimo rapporto si sono modificate, aumentando in quantit\u00e0 e qualit\u00e0, con una costante valutazione dei risultati prodotti in relazione ai dati, sempre pi\u00f9 compositi e referenziati.<\/p>\n<p>&nbsp;<\/p>\n<p><em>(a cura di Sara Capitanio, vincitrice della borsa di studio di Avviso Pubblico sul gioco d\u2019azzardo)<\/em><\/p>\n","protected":false},"excerpt":{"rendered":"<p>Premessa. Il rapporto, curato dall\u2019Osservatorio epidemiologico sulle dipendenze della Regione Umbria, \u00e8 stato redatto in collaborazione con la Regione e le USL del territorio: fondamentali&nbsp;<span class=\"hellipsis\">[&hellip;]<\/span><a class=\"more-link\" href=\"https:\/\/welaikaadv.site\/avviso\/home\/cosa-facciamo\/informare\/documenti-tematici\/gioco-dazzardo\/il-gioco-dazzardo-patologico-in-umbria-rapporto-epidemiologico-2018\/\">Leggi tutto <span class=\"screen-reader-text\">IL GIOCO D\u2019AZZARDO PATOLOGICO IN UMBRIA \u2013 RAPPORTO EPIDEMIOLOGICO 2018<\/span> <span class=\"meta-nav\" aria-hidden=\"true\">&rarr;<\/span><\/a><\/p>\n","protected":false},"author":1,"featured_media":0,"parent":202,"menu_order":0,"comment_status":"closed","ping_status":"closed","template":"","meta":{"_acf_changed":false,"_exactmetrics_skip_tracking":false,"_exactmetrics_sitenote_active":false,"_exactmetrics_sitenote_note":"","_exactmetrics_sitenote_category":0,"wp_social_preview_title":"","wp_social_preview_description":"","wp_social_preview_image":0,"footnotes":""},"class_list":["post-25884","page","type-page","status-publish","hentry"],"acf":[],"yoast_head":"<!-- This site is optimized with the Yoast SEO plugin v27.2 - https:\/\/yoast.com\/product\/yoast-seo-wordpress\/ -->\n<title>IL GIOCO D\u2019AZZARDO PATOLOGICO IN UMBRIA \u2013 RAPPORTO EPIDEMIOLOGICO 2018 - Staging Avviso Pubblico<\/title>\n<meta name=\"robots\" content=\"noindex, follow, max-snippet:-1, max-image-preview:large, max-video-preview:-1\" \/>\n<meta property=\"og:locale\" content=\"it_IT\" \/>\n<meta property=\"og:type\" content=\"article\" \/>\n<meta property=\"og:title\" content=\"IL GIOCO D\u2019AZZARDO PATOLOGICO IN UMBRIA \u2013 RAPPORTO EPIDEMIOLOGICO 2018 - Staging Avviso Pubblico\" \/>\n<meta property=\"og:description\" content=\"Premessa. Il rapporto, curato dall\u2019Osservatorio epidemiologico sulle dipendenze della Regione Umbria, \u00e8 stato redatto in collaborazione con la Regione e le USL del territorio: fondamentali&nbsp;[&hellip;]Leggi tutto IL GIOCO D\u2019AZZARDO PATOLOGICO IN UMBRIA \u2013 RAPPORTO EPIDEMIOLOGICO 2018 &rarr;\" \/>\n<meta property=\"og:url\" content=\"https:\/\/welaikaadv.site\/avviso\/home\/cosa-facciamo\/informare\/documenti-tematici\/gioco-dazzardo\/il-gioco-dazzardo-patologico-in-umbria-rapporto-epidemiologico-2018\/\" \/>\n<meta property=\"og:site_name\" content=\"Staging Avviso Pubblico\" \/>\n<meta property=\"og:image\" content=\"https:\/\/welaikaadv.site\/avviso\/wp-content\/uploads\/2018\/05\/DIpendenza-540x317.png\" \/>\n<meta name=\"twitter:card\" content=\"summary_large_image\" \/>\n<meta name=\"twitter:label1\" content=\"Tempo di lettura stimato\" \/>\n\t<meta name=\"twitter:data1\" content=\"3 minuti\" \/>\n<script type=\"application\/ld+json\" class=\"yoast-schema-graph\">{\"@context\":\"https:\/\/schema.org\",\"@graph\":[{\"@type\":\"WebPage\",\"@id\":\"https:\/\/welaikaadv.site\/avviso\/home\/cosa-facciamo\/informare\/documenti-tematici\/gioco-dazzardo\/il-gioco-dazzardo-patologico-in-umbria-rapporto-epidemiologico-2018\/\",\"url\":\"https:\/\/welaikaadv.site\/avviso\/home\/cosa-facciamo\/informare\/documenti-tematici\/gioco-dazzardo\/il-gioco-dazzardo-patologico-in-umbria-rapporto-epidemiologico-2018\/\",\"name\":\"IL GIOCO D\u2019AZZARDO PATOLOGICO IN UMBRIA \u2013 RAPPORTO EPIDEMIOLOGICO 2018 - Staging Avviso Pubblico\",\"isPartOf\":{\"@id\":\"https:\/\/welaikaadv.site\/avviso\/#website\"},\"primaryImageOfPage\":{\"@id\":\"https:\/\/welaikaadv.site\/avviso\/home\/cosa-facciamo\/informare\/documenti-tematici\/gioco-dazzardo\/il-gioco-dazzardo-patologico-in-umbria-rapporto-epidemiologico-2018\/#primaryimage\"},\"image\":{\"@id\":\"https:\/\/welaikaadv.site\/avviso\/home\/cosa-facciamo\/informare\/documenti-tematici\/gioco-dazzardo\/il-gioco-dazzardo-patologico-in-umbria-rapporto-epidemiologico-2018\/#primaryimage\"},\"thumbnailUrl\":\"https:\/\/welaikaadv.site\/avviso\/wp-content\/uploads\/2018\/05\/DIpendenza-540x317.png\",\"datePublished\":\"2018-05-31T08:10:23+00:00\",\"breadcrumb\":{\"@id\":\"https:\/\/welaikaadv.site\/avviso\/home\/cosa-facciamo\/informare\/documenti-tematici\/gioco-dazzardo\/il-gioco-dazzardo-patologico-in-umbria-rapporto-epidemiologico-2018\/#breadcrumb\"},\"inLanguage\":\"it-IT\",\"potentialAction\":[{\"@type\":\"ReadAction\",\"target\":[\"https:\/\/welaikaadv.site\/avviso\/home\/cosa-facciamo\/informare\/documenti-tematici\/gioco-dazzardo\/il-gioco-dazzardo-patologico-in-umbria-rapporto-epidemiologico-2018\/\"]}]},{\"@type\":\"ImageObject\",\"inLanguage\":\"it-IT\",\"@id\":\"https:\/\/welaikaadv.site\/avviso\/home\/cosa-facciamo\/informare\/documenti-tematici\/gioco-dazzardo\/il-gioco-dazzardo-patologico-in-umbria-rapporto-epidemiologico-2018\/#primaryimage\",\"url\":\"https:\/\/welaikaadv.site\/avviso\/wp-content\/uploads\/2018\/05\/DIpendenza-540x317.png\",\"contentUrl\":\"https:\/\/welaikaadv.site\/avviso\/wp-content\/uploads\/2018\/05\/DIpendenza-540x317.png\"},{\"@type\":\"BreadcrumbList\",\"@id\":\"https:\/\/welaikaadv.site\/avviso\/home\/cosa-facciamo\/informare\/documenti-tematici\/gioco-dazzardo\/il-gioco-dazzardo-patologico-in-umbria-rapporto-epidemiologico-2018\/#breadcrumb\",\"itemListElement\":[{\"@type\":\"ListItem\",\"position\":1,\"name\":\"Home\",\"item\":\"https:\/\/welaikaadv.site\/avviso\/\"},{\"@type\":\"ListItem\",\"position\":2,\"name\":\"IL GIOCO D\u2019AZZARDO PATOLOGICO IN UMBRIA \u2013 RAPPORTO EPIDEMIOLOGICO 2018\"}]},{\"@type\":\"WebSite\",\"@id\":\"https:\/\/welaikaadv.site\/avviso\/#website\",\"url\":\"https:\/\/welaikaadv.site\/avviso\/\",\"name\":\"Staging Avviso Pubblico\",\"description\":\"\",\"publisher\":{\"@id\":\"https:\/\/welaikaadv.site\/avviso\/#organization\"},\"potentialAction\":[{\"@type\":\"SearchAction\",\"target\":{\"@type\":\"EntryPoint\",\"urlTemplate\":\"https:\/\/welaikaadv.site\/avviso\/?s={search_term_string}\"},\"query-input\":{\"@type\":\"PropertyValueSpecification\",\"valueRequired\":true,\"valueName\":\"search_term_string\"}}],\"inLanguage\":\"it-IT\"},{\"@type\":\"Organization\",\"@id\":\"https:\/\/welaikaadv.site\/avviso\/#organization\",\"name\":\"Staging Avviso Pubblico\",\"url\":\"https:\/\/welaikaadv.site\/avviso\/\",\"logo\":{\"@type\":\"ImageObject\",\"inLanguage\":\"it-IT\",\"@id\":\"https:\/\/welaikaadv.site\/avviso\/#\/schema\/logo\/image\/\",\"url\":\"https:\/\/welaikaadv.site\/avviso\/wp-content\/uploads\/2024\/08\/logoAPsito-400.png\",\"contentUrl\":\"https:\/\/welaikaadv.site\/avviso\/wp-content\/uploads\/2024\/08\/logoAPsito-400.png\",\"width\":400,\"height\":97,\"caption\":\"Staging Avviso Pubblico\"},\"image\":{\"@id\":\"https:\/\/welaikaadv.site\/avviso\/#\/schema\/logo\/image\/\"}}]}<\/script>\n<!-- \/ Yoast SEO plugin. -->","yoast_head_json":{"title":"IL GIOCO D\u2019AZZARDO PATOLOGICO IN UMBRIA \u2013 RAPPORTO EPIDEMIOLOGICO 2018 - Staging Avviso Pubblico","robots":{"index":"noindex","follow":"follow","max-snippet":"max-snippet:-1","max-image-preview":"max-image-preview:large","max-video-preview":"max-video-preview:-1"},"og_locale":"it_IT","og_type":"article","og_title":"IL GIOCO D\u2019AZZARDO PATOLOGICO IN UMBRIA \u2013 RAPPORTO EPIDEMIOLOGICO 2018 - Staging Avviso Pubblico","og_description":"Premessa. Il rapporto, curato dall\u2019Osservatorio epidemiologico sulle dipendenze della Regione Umbria, \u00e8 stato redatto in collaborazione con la Regione e le USL del territorio: fondamentali&nbsp;[&hellip;]Leggi tutto IL GIOCO D\u2019AZZARDO PATOLOGICO IN UMBRIA \u2013 RAPPORTO EPIDEMIOLOGICO 2018 &rarr;","og_url":"https:\/\/welaikaadv.site\/avviso\/home\/cosa-facciamo\/informare\/documenti-tematici\/gioco-dazzardo\/il-gioco-dazzardo-patologico-in-umbria-rapporto-epidemiologico-2018\/","og_site_name":"Staging Avviso Pubblico","og_image":[{"url":"https:\/\/welaikaadv.site\/avviso\/wp-content\/uploads\/2018\/05\/DIpendenza-540x317.png","type":"","width":"","height":""}],"twitter_card":"summary_large_image","twitter_misc":{"Tempo di lettura stimato":"3 minuti"},"schema":{"@context":"https:\/\/schema.org","@graph":[{"@type":"WebPage","@id":"https:\/\/welaikaadv.site\/avviso\/home\/cosa-facciamo\/informare\/documenti-tematici\/gioco-dazzardo\/il-gioco-dazzardo-patologico-in-umbria-rapporto-epidemiologico-2018\/","url":"https:\/\/welaikaadv.site\/avviso\/home\/cosa-facciamo\/informare\/documenti-tematici\/gioco-dazzardo\/il-gioco-dazzardo-patologico-in-umbria-rapporto-epidemiologico-2018\/","name":"IL GIOCO D\u2019AZZARDO PATOLOGICO IN UMBRIA \u2013 RAPPORTO EPIDEMIOLOGICO 2018 - Staging Avviso Pubblico","isPartOf":{"@id":"https:\/\/welaikaadv.site\/avviso\/#website"},"primaryImageOfPage":{"@id":"https:\/\/welaikaadv.site\/avviso\/home\/cosa-facciamo\/informare\/documenti-tematici\/gioco-dazzardo\/il-gioco-dazzardo-patologico-in-umbria-rapporto-epidemiologico-2018\/#primaryimage"},"image":{"@id":"https:\/\/welaikaadv.site\/avviso\/home\/cosa-facciamo\/informare\/documenti-tematici\/gioco-dazzardo\/il-gioco-dazzardo-patologico-in-umbria-rapporto-epidemiologico-2018\/#primaryimage"},"thumbnailUrl":"https:\/\/welaikaadv.site\/avviso\/wp-content\/uploads\/2018\/05\/DIpendenza-540x317.png","datePublished":"2018-05-31T08:10:23+00:00","breadcrumb":{"@id":"https:\/\/welaikaadv.site\/avviso\/home\/cosa-facciamo\/informare\/documenti-tematici\/gioco-dazzardo\/il-gioco-dazzardo-patologico-in-umbria-rapporto-epidemiologico-2018\/#breadcrumb"},"inLanguage":"it-IT","potentialAction":[{"@type":"ReadAction","target":["https:\/\/welaikaadv.site\/avviso\/home\/cosa-facciamo\/informare\/documenti-tematici\/gioco-dazzardo\/il-gioco-dazzardo-patologico-in-umbria-rapporto-epidemiologico-2018\/"]}]},{"@type":"ImageObject","inLanguage":"it-IT","@id":"https:\/\/welaikaadv.site\/avviso\/home\/cosa-facciamo\/informare\/documenti-tematici\/gioco-dazzardo\/il-gioco-dazzardo-patologico-in-umbria-rapporto-epidemiologico-2018\/#primaryimage","url":"https:\/\/welaikaadv.site\/avviso\/wp-content\/uploads\/2018\/05\/DIpendenza-540x317.png","contentUrl":"https:\/\/welaikaadv.site\/avviso\/wp-content\/uploads\/2018\/05\/DIpendenza-540x317.png"},{"@type":"BreadcrumbList","@id":"https:\/\/welaikaadv.site\/avviso\/home\/cosa-facciamo\/informare\/documenti-tematici\/gioco-dazzardo\/il-gioco-dazzardo-patologico-in-umbria-rapporto-epidemiologico-2018\/#breadcrumb","itemListElement":[{"@type":"ListItem","position":1,"name":"Home","item":"https:\/\/welaikaadv.site\/avviso\/"},{"@type":"ListItem","position":2,"name":"IL GIOCO D\u2019AZZARDO PATOLOGICO IN UMBRIA \u2013 RAPPORTO EPIDEMIOLOGICO 2018"}]},{"@type":"WebSite","@id":"https:\/\/welaikaadv.site\/avviso\/#website","url":"https:\/\/welaikaadv.site\/avviso\/","name":"Staging Avviso Pubblico","description":"","publisher":{"@id":"https:\/\/welaikaadv.site\/avviso\/#organization"},"potentialAction":[{"@type":"SearchAction","target":{"@type":"EntryPoint","urlTemplate":"https:\/\/welaikaadv.site\/avviso\/?s={search_term_string}"},"query-input":{"@type":"PropertyValueSpecification","valueRequired":true,"valueName":"search_term_string"}}],"inLanguage":"it-IT"},{"@type":"Organization","@id":"https:\/\/welaikaadv.site\/avviso\/#organization","name":"Staging Avviso Pubblico","url":"https:\/\/welaikaadv.site\/avviso\/","logo":{"@type":"ImageObject","inLanguage":"it-IT","@id":"https:\/\/welaikaadv.site\/avviso\/#\/schema\/logo\/image\/","url":"https:\/\/welaikaadv.site\/avviso\/wp-content\/uploads\/2024\/08\/logoAPsito-400.png","contentUrl":"https:\/\/welaikaadv.site\/avviso\/wp-content\/uploads\/2024\/08\/logoAPsito-400.png","width":400,"height":97,"caption":"Staging Avviso Pubblico"},"image":{"@id":"https:\/\/welaikaadv.site\/avviso\/#\/schema\/logo\/image\/"}}]}},"_links":{"self":[{"href":"https:\/\/welaikaadv.site\/avviso\/wp-json\/wp\/v2\/pages\/25884","targetHints":{"allow":["GET"]}}],"collection":[{"href":"https:\/\/welaikaadv.site\/avviso\/wp-json\/wp\/v2\/pages"}],"about":[{"href":"https:\/\/welaikaadv.site\/avviso\/wp-json\/wp\/v2\/types\/page"}],"author":[{"embeddable":true,"href":"https:\/\/welaikaadv.site\/avviso\/wp-json\/wp\/v2\/users\/1"}],"replies":[{"embeddable":true,"href":"https:\/\/welaikaadv.site\/avviso\/wp-json\/wp\/v2\/comments?post=25884"}],"version-history":[{"count":0,"href":"https:\/\/welaikaadv.site\/avviso\/wp-json\/wp\/v2\/pages\/25884\/revisions"}],"up":[{"embeddable":true,"href":"https:\/\/welaikaadv.site\/avviso\/wp-json\/wp\/v2\/pages\/202"}],"wp:attachment":[{"href":"https:\/\/welaikaadv.site\/avviso\/wp-json\/wp\/v2\/media?parent=25884"}],"curies":[{"name":"wp","href":"https:\/\/api.w.org\/{rel}","templated":true}]}}