{"id":26115,"date":"2018-06-11T14:06:57","date_gmt":"2018-06-11T12:06:57","guid":{"rendered":"http:\/\/www.avvisopubblico.it\/home\/?page_id=26115"},"modified":"2018-06-11T14:06:57","modified_gmt":"2018-06-11T12:06:57","slug":"disturbo-da-gioco-dazzardo-un-progetto-sperimentale-condotto-dal-centro-nazionale-dipendenze-e-dallistituto-superiore-di-sanita","status":"publish","type":"page","link":"https:\/\/welaikaadv.site\/avviso\/home\/cosa-facciamo\/informare\/documenti-tematici\/gioco-dazzardo\/disturbo-da-gioco-dazzardo-un-progetto-sperimentale-condotto-dal-centro-nazionale-dipendenze-e-dallistituto-superiore-di-sanita\/","title":{"rendered":"Disturbo da gioco d\u2019azzardo: un progetto sperimentale condotto dal Centro Nazionale Dipendenze e dall\u2019Istituto Superiore di Sanit\u00e0"},"content":{"rendered":"<p style=\"text-align: justify;\"><strong>Premessa<\/strong>. \u201cSistema di sorveglianza nazionale sul disturbo da gioco d\u2019azzardo&#8221; \u00e8 un progetto sperimentale coordinato tra il 2015 e il 2016 dal Centro Nazionale Dipendenze e Doping e dall\u2019Istituto Superiore di Sanit\u00e0. Lo scorso mese di maggio <strong><a href=\"https:\/\/welaikaadv.site\/avviso\/wp-content\/uploads\/2018\/06\/Istituto-Superiore-Sanit\u00e0-Risultati-progetto-sperimentale.pdf\">\u00e8 stata pubblicata una monografia<\/a> <\/strong>che presenta i risultati di alcune indagini originali volte a raccogliere le evidenze scientifiche sul tema e dati nazionali inerenti: la distribuzione delle strutture cliniche di trattamento; la percezione del fenomeno da parte della popolazione generale e dei pazienti; l\u2019impianto legislativo sul gioco d\u2019azzardo oggi vigente in Italia. Di seguito sono sintetizzati i principali risultati contenuti nella <strong>prima parte della monografia, relativa alla dimensione \u201csocio-sanitaria\u201d<\/strong>.<\/p>\n<p><strong>Strutture cliniche per il trattamento del disturbo da gioco d\u2019azzardo<\/strong>. \u00c8 stata effettuata una revisione dei database disponibili nel web ed \u00e8 stato creato un archivio elettronico per raggruppare tutte le strutture pubbliche e del privato sociale individuate. Il 56% delle 615 strutture del Servizio Sanitario Nazionale (SSN) contattate, 343 in totale, hanno fornito risposta all\u2019indagine. Analogamente appena il 17,2% di 769 centri del privato sociale, 137 in totale, ha fornito un feedback (<a href=\"https:\/\/welaikaadv.site\/avviso\/home\/cosa-facciamo\/informare\/documenti-tematici\/gioco-dazzardo\/rapporto-2017-dellistituto-superiore-sanita-sulle-strutture-prevenzione-recupero-dei-giocatori-patologici-scheda-sintesi\/\">per approfondire clicca qui<\/a>).<\/p>\n<p><strong>Percezione del fenomeno \u201cgioco d\u2019azzardo\u201d nella popolazione generale<\/strong>. \u00c8 stato preso in considerazione un campione composto da 1437 uomini e 1563 donne, con un\u2019et\u00e0 media di\u00a0 circa 49 anni. Il 46% dei rispondenti risiede in un comune del Nord Italia, il 20% in uno del Centro e il restante 34% in uno del Sud\/Isole. Il 55% dichiara un grado medio-elevato di istruzione. Il 57% del campione riconosce la <strong>casualit\u00e0 della vincita o perdita di denaro<\/strong> quale caratteristica specifica del gioco d\u2019azzardo, ma un 8% circa attribuisce l\u2019esito del gioco ad una qualche abilit\u00e0 del giocatore.<\/p>\n<p>Agli intervistati \u00e8 stata mostrata una lista di giochi ed \u00e8 stato chiesto <strong>quali potessero essere definiti giochi d\u2019azzardo o meno<\/strong>. Il poker \u00e8 stato il gioco pi\u00f9 citato (81%), seguito dal videopoker (79%). Oltre la met\u00e0 degli intervistati non ritiene che i Gratta e Vinci (56%), il Lotto (54%), il Win for life (51%) rientrino nella categoria gioco d\u2019azzardo. \u00a0Gli uomini riconoscono meno delle donne i giochi d\u2019azzardo, mentre non sono state osservate differenze rilevanti per classi di et\u00e0 e area geografica. Il 49.7% del campione ha praticato almeno un gioco d\u2019azzardo nell\u2019anno preso in considerazione (2016).<\/p>\n<p><a href=\"https:\/\/welaikaadv.site\/avviso\/home\/cosa-facciamo\/informare\/documenti-tematici\/gioco-dazzardo\/disturbo-da-gioco-dazzardo-un-progetto-sperimentale-condotto-dal-centro-nazionale-dipendenze-e-dallistituto-superiore-di-sanita\/gioco-azzardo-1\/\" rel=\"attachment wp-att-26116\"><img fetchpriority=\"high\" decoding=\"async\" class=\"alignnone size-full wp-image-26116\" src=\"https:\/\/welaikaadv.site\/avviso\/wp-content\/uploads\/2018\/06\/Gioco-azzardo-1.png\" alt=\"\" width=\"681\" height=\"280\" \/><\/a><\/p>\n<p><a href=\"https:\/\/welaikaadv.site\/avviso\/home\/cosa-facciamo\/informare\/documenti-tematici\/gioco-dazzardo\/disturbo-da-gioco-dazzardo-un-progetto-sperimentale-condotto-dal-centro-nazionale-dipendenze-e-dallistituto-superiore-di-sanita\/gioco-dazzardo-2-3\/\" rel=\"attachment wp-att-26117\"><img decoding=\"async\" class=\"alignnone size-full wp-image-26117\" src=\"https:\/\/welaikaadv.site\/avviso\/wp-content\/uploads\/2018\/06\/Gioco-dazzardo-2.png\" alt=\"\" width=\"647\" height=\"295\" \/><\/a><\/p>\n<p style=\"text-align: center;\"><a href=\"https:\/\/welaikaadv.site\/avviso\/home\/cosa-facciamo\/informare\/documenti-tematici\/gioco-dazzardo\/disturbo-da-gioco-dazzardo-un-progetto-sperimentale-condotto-dal-centro-nazionale-dipendenze-e-dallistituto-superiore-di-sanita\/gioco-dazzardo-3-2\/\" rel=\"attachment wp-att-26119\"><img decoding=\"async\" class=\"alignnone size-full wp-image-26119\" src=\"https:\/\/welaikaadv.site\/avviso\/wp-content\/uploads\/2018\/06\/Gioco-dazzardo-3.png\" alt=\"\" width=\"649\" height=\"298\" \/><\/a><\/p>\n<p>Tra i <strong>provvedimenti per limitare i problemi legati al gioco d\u2019azzardo<\/strong>, quello considerato pi\u00f9 indicato dagli intervistati \u00e8 l\u2019eliminazione delle slot machine da bar e locali pubblici (51,8%) e il divieto di fare pubblicit\u00e0 (34,3%). Sia uomini che donne ritengono come pi\u00f9 indicato il provvedimento di togliere le slot machine dai bar e dai locali pubblici (54% donne e 50% uomini). Le donne esprimono un ulteriore preferenza per provvedimenti quali fornire maggiori informazioni sui danni del gioco d\u2019azzardo (29% vs 25%) e permettere il gioco solo in spazi dedicati (15% vs 14%).\u00a0 Provvedimenti ritenuti utili pi\u00f9 dagli uomini che dalle donne sono il divieto di fare pubblicit\u00e0 (35% vs 33%), le iniziative di prevenzione nelle scuole (31% vs 30%), la limitazione del tetto massimo delle giocate (30% vs 28%) e del numero delle sale giochi nel territorio o del numero di apparecchi per abitante (26,4% vs 26,7%).<\/p>\n<p><strong>Perch\u00e9 si gioca?<\/strong> Le difficolt\u00e0 economiche da fronteggiare sono ritenute la motivazione principale da donne (36,2%) e da uomini (34%), a seguire il disagio sociale (uomini 32,6% vs maschi 31,3%). Le donne pi\u00f9 degli uomini dichiarano che vivere un momento di particolare difficolt\u00e0 possa essere un fattore scatenante.<\/p>\n<p><a href=\"https:\/\/welaikaadv.site\/avviso\/home\/cosa-facciamo\/informare\/documenti-tematici\/gioco-dazzardo\/disturbo-da-gioco-dazzardo-un-progetto-sperimentale-condotto-dal-centro-nazionale-dipendenze-e-dallistituto-superiore-di-sanita\/gioco-dazzardo-4-2\/\" rel=\"attachment wp-att-26118\"><img loading=\"lazy\" decoding=\"async\" class=\"alignnone size-full wp-image-26118\" src=\"https:\/\/welaikaadv.site\/avviso\/wp-content\/uploads\/2018\/06\/Gioco-dazzardo-4.png\" alt=\"\" width=\"619\" height=\"275\" \/><\/a><\/p>\n<p><strong>Il disturbo dal gioco d\u2019azzardo visto dal giocatore<\/strong>. Sono state individuate e coinvolte 11 strutture distribuite sul territorio nazionale dislocate quattro al Nord, quattro al Centro e tre nel Sud-Isole. I centri sono stati selezionati in base alla loro appartenenza ai due ambiti assistenziali: sei strutture rappresentative del servizio pubblico (SerD e SerT) e cinque appartenenti al \u201cprivato sociale\u201d (comunit\u00e0 terapeutiche residenziali, gruppi di auto-mutuo aiuto, onlus, associazioni). Durante i <strong><em>focus group<\/em><\/strong> sono stati osservati 100 utenti, 25 donne e 75 uomini (50 nei servizi del Servizio Sanitario Nazionale-SSN e 50 nelle strutture del privato sociale).<\/p>\n<p>I risultati pi\u00f9 significativi hanno riguardato l\u2019individuazione di un insieme di temi inerenti al miglioramento dei processi di accesso e di presa in carico dei pazienti da parte dei centri<strong>.<\/strong> Di seguito si riportano in ordine di frequenza di riscontro <strong>i temi pi\u00f9 rilevanti emersi negli incontri<\/strong> e mostrano l\u2019ampio spettro delle sollecitazioni di contenuto raccolte dagli intervistati:<\/p>\n<ul>\n<li>Importanza della tempestivit\u00e0 nell\u2019individuare il luogo di cura per arginare rovina economica<\/li>\n<li>Necessit\u00e0 di favorire l\u2019accesso delle donne ai servizi<\/li>\n<li>Utilit\u00e0 del coinvolgere la famiglia nell\u2019intervento terapeutico;<\/li>\n<li>Difficolt\u00e0 per il paziente con disturbo da gioco di azzardo nel condividere gli spazi con i pazienti tossicodipendenti;<\/li>\n<li>Bisogno di presa in carico a pi\u00f9 livelli (clinico, sociale e legale);<\/li>\n<li>Importanza di individuare diversi livelli di obiettivi terapeutici (rimodulabili);<\/li>\n<li>Importanza dell\u2019aiuto per il fronteggiamento del debito;<\/li>\n<li>Importanza del ruolo dell\u2019amministratore di sostegno;<\/li>\n<li>Valutare l\u2019incidenza del debito illecito nello stato debitorio;<\/li>\n<li>Importanza di valorizzare il ruolo dell\u2019antiusura;<\/li>\n<li>Importanza di affrontare il problema del sovra indebitamento (facilit\u00e0 di accesso al credito);<\/li>\n<li>Importanza dell\u2019indagare la familiarit\u00e0 dei comportamenti additivi;<\/li>\n<li>Necessit\u00e0 di rimettere i giochi nei \u201cluoghi del gioco\u201d<\/li>\n<\/ul>\n<p>Ai 100 utenti \u00e8 stato somministrato un questionario, a cui hanno risposto in 74. Per un utente su due (49,0%) l\u2019arrivo alla struttura di presa in carico \u00e8 stato conseguente a un suggerimento dei familiari e solo per un quarto (26,7%) l\u2019accesso \u00e8 stato del tutto volontario. Un utente su due (50,7%) \u00e8 in trattamento da meno di un anno e circa due su tre (62,0%) frequentano il servizio una volta alla settimana. <strong>Il 62,0% dei rispondenti ha dichiarato di aver avuto una preferenza di gioco soprattutto rivolta alle slot machine e\/o alle videolottery (VLT<\/strong>).<\/p>\n<p>L\u2019ultima sezione del questionario, a cui hanno risposto in 67, ha rilevato il <strong>livello autopercepito di gravit\u00e0 del disturbo<\/strong> sulla base delle risposte fornite alle domande disegnate sui criteri diagnostici per disturbo da gioco d\u2019azzardo. Emerge l\u2019abitudine a giocare per rincorrere la vincita, infatti due giocatori su tre (42\/67, 63%) dichiarano di tornare a giocare \u201csempre\u201d o \u201cfrequentemente\u201d dopo aver perso. A causa di questi comportamenti circa due intervistati su tre (63%) dichiarano di aver raccontato, frequentemente o sempre, bugie per nascondere il loro coinvolgimento nel gioco e di aver messo a repentaglio, o perso, relazioni affettive, un lavoro o un\u2019opportunit\u00e0 di carriera a causa del gioco (29\/67, 47%). Circa il 30% dei rispondenti \u00e8 inoltre ricorso ad altri per far fronte alla situazione finanziaria negativa causata dalle perdite al gioco.<\/p>\n<p><strong>L\u2019identikit<\/strong> che emerge dai dati dello studio \u00e8 quello di un giocatore con disturbo da gioco d\u2019azzardo <strong>maschio, ultraquarantenne, con un livello di scolarit\u00e0 medio-superiore<\/strong> e, nella met\u00e0 dei casi, sposato, con un lavoro a tempo pieno e in possesso di un\u2019abitazione.<\/p>\n<p>&nbsp;<\/p>\n<p style=\"text-align: left;\"><em>(a cura di <a href=\"mailto:claudio.forleo@avvisopubblico.it\"><strong>Claudio Forleo<\/strong><\/a>, giornalista<\/em>)<\/p>\n","protected":false},"excerpt":{"rendered":"<p>Premessa. \u201cSistema di sorveglianza nazionale sul disturbo da gioco d\u2019azzardo&#8221; \u00e8 un progetto sperimentale coordinato tra il 2015 e il 2016 dal Centro Nazionale Dipendenze&nbsp;<span class=\"hellipsis\">[&hellip;]<\/span><a class=\"more-link\" href=\"https:\/\/welaikaadv.site\/avviso\/home\/cosa-facciamo\/informare\/documenti-tematici\/gioco-dazzardo\/disturbo-da-gioco-dazzardo-un-progetto-sperimentale-condotto-dal-centro-nazionale-dipendenze-e-dallistituto-superiore-di-sanita\/\">Leggi tutto <span class=\"screen-reader-text\">Disturbo da gioco d\u2019azzardo: un progetto sperimentale condotto dal Centro Nazionale Dipendenze e dall\u2019Istituto Superiore di Sanit\u00e0<\/span> <span class=\"meta-nav\" aria-hidden=\"true\">&rarr;<\/span><\/a><\/p>\n","protected":false},"author":1,"featured_media":0,"parent":202,"menu_order":0,"comment_status":"closed","ping_status":"closed","template":"","meta":{"_acf_changed":false,"_exactmetrics_skip_tracking":false,"_exactmetrics_sitenote_active":false,"_exactmetrics_sitenote_note":"","_exactmetrics_sitenote_category":0,"wp_social_preview_title":"","wp_social_preview_description":"","wp_social_preview_image":0,"footnotes":""},"class_list":["post-26115","page","type-page","status-publish","hentry"],"acf":[],"yoast_head":"<!-- This site is optimized with the Yoast SEO plugin v27.2 - https:\/\/yoast.com\/product\/yoast-seo-wordpress\/ -->\n<title>Disturbo da gioco d\u2019azzardo: un progetto sperimentale condotto dal Centro Nazionale Dipendenze e dall\u2019Istituto Superiore di Sanit\u00e0 - Staging Avviso Pubblico<\/title>\n<meta name=\"robots\" content=\"noindex, follow, max-snippet:-1, max-image-preview:large, max-video-preview:-1\" \/>\n<meta property=\"og:locale\" content=\"it_IT\" \/>\n<meta property=\"og:type\" content=\"article\" \/>\n<meta property=\"og:title\" content=\"Disturbo da gioco d\u2019azzardo: un progetto sperimentale condotto dal Centro Nazionale Dipendenze e dall\u2019Istituto Superiore di Sanit\u00e0 - Staging Avviso Pubblico\" \/>\n<meta property=\"og:description\" content=\"Premessa. \u201cSistema di sorveglianza nazionale sul disturbo da gioco d\u2019azzardo&#8221; \u00e8 un progetto sperimentale coordinato tra il 2015 e il 2016 dal Centro Nazionale Dipendenze&nbsp;[&hellip;]Leggi tutto Disturbo da gioco d\u2019azzardo: un progetto sperimentale condotto dal Centro Nazionale Dipendenze e dall\u2019Istituto Superiore di Sanit\u00e0 &rarr;\" \/>\n<meta property=\"og:url\" content=\"https:\/\/welaikaadv.site\/avviso\/home\/cosa-facciamo\/informare\/documenti-tematici\/gioco-dazzardo\/disturbo-da-gioco-dazzardo-un-progetto-sperimentale-condotto-dal-centro-nazionale-dipendenze-e-dallistituto-superiore-di-sanita\/\" \/>\n<meta property=\"og:site_name\" content=\"Staging Avviso Pubblico\" \/>\n<meta property=\"og:image\" content=\"https:\/\/welaikaadv.site\/avviso\/wp-content\/uploads\/2018\/06\/Gioco-azzardo-1.png\" \/>\n<meta name=\"twitter:card\" content=\"summary_large_image\" \/>\n<meta name=\"twitter:label1\" content=\"Tempo di lettura stimato\" \/>\n\t<meta name=\"twitter:data1\" content=\"5 minuti\" \/>\n<script type=\"application\/ld+json\" class=\"yoast-schema-graph\">{\"@context\":\"https:\/\/schema.org\",\"@graph\":[{\"@type\":\"WebPage\",\"@id\":\"https:\/\/welaikaadv.site\/avviso\/home\/cosa-facciamo\/informare\/documenti-tematici\/gioco-dazzardo\/disturbo-da-gioco-dazzardo-un-progetto-sperimentale-condotto-dal-centro-nazionale-dipendenze-e-dallistituto-superiore-di-sanita\/\",\"url\":\"https:\/\/welaikaadv.site\/avviso\/home\/cosa-facciamo\/informare\/documenti-tematici\/gioco-dazzardo\/disturbo-da-gioco-dazzardo-un-progetto-sperimentale-condotto-dal-centro-nazionale-dipendenze-e-dallistituto-superiore-di-sanita\/\",\"name\":\"Disturbo da gioco d\u2019azzardo: un progetto sperimentale condotto dal Centro Nazionale Dipendenze e dall\u2019Istituto Superiore di Sanit\u00e0 - Staging Avviso Pubblico\",\"isPartOf\":{\"@id\":\"https:\/\/welaikaadv.site\/avviso\/#website\"},\"primaryImageOfPage\":{\"@id\":\"https:\/\/welaikaadv.site\/avviso\/home\/cosa-facciamo\/informare\/documenti-tematici\/gioco-dazzardo\/disturbo-da-gioco-dazzardo-un-progetto-sperimentale-condotto-dal-centro-nazionale-dipendenze-e-dallistituto-superiore-di-sanita\/#primaryimage\"},\"image\":{\"@id\":\"https:\/\/welaikaadv.site\/avviso\/home\/cosa-facciamo\/informare\/documenti-tematici\/gioco-dazzardo\/disturbo-da-gioco-dazzardo-un-progetto-sperimentale-condotto-dal-centro-nazionale-dipendenze-e-dallistituto-superiore-di-sanita\/#primaryimage\"},\"thumbnailUrl\":\"https:\/\/welaikaadv.site\/avviso\/wp-content\/uploads\/2018\/06\/Gioco-azzardo-1.png\",\"datePublished\":\"2018-06-11T12:06:57+00:00\",\"breadcrumb\":{\"@id\":\"https:\/\/welaikaadv.site\/avviso\/home\/cosa-facciamo\/informare\/documenti-tematici\/gioco-dazzardo\/disturbo-da-gioco-dazzardo-un-progetto-sperimentale-condotto-dal-centro-nazionale-dipendenze-e-dallistituto-superiore-di-sanita\/#breadcrumb\"},\"inLanguage\":\"it-IT\",\"potentialAction\":[{\"@type\":\"ReadAction\",\"target\":[\"https:\/\/welaikaadv.site\/avviso\/home\/cosa-facciamo\/informare\/documenti-tematici\/gioco-dazzardo\/disturbo-da-gioco-dazzardo-un-progetto-sperimentale-condotto-dal-centro-nazionale-dipendenze-e-dallistituto-superiore-di-sanita\/\"]}]},{\"@type\":\"ImageObject\",\"inLanguage\":\"it-IT\",\"@id\":\"https:\/\/welaikaadv.site\/avviso\/home\/cosa-facciamo\/informare\/documenti-tematici\/gioco-dazzardo\/disturbo-da-gioco-dazzardo-un-progetto-sperimentale-condotto-dal-centro-nazionale-dipendenze-e-dallistituto-superiore-di-sanita\/#primaryimage\",\"url\":\"https:\/\/welaikaadv.site\/avviso\/wp-content\/uploads\/2018\/06\/Gioco-azzardo-1.png\",\"contentUrl\":\"https:\/\/welaikaadv.site\/avviso\/wp-content\/uploads\/2018\/06\/Gioco-azzardo-1.png\"},{\"@type\":\"BreadcrumbList\",\"@id\":\"https:\/\/welaikaadv.site\/avviso\/home\/cosa-facciamo\/informare\/documenti-tematici\/gioco-dazzardo\/disturbo-da-gioco-dazzardo-un-progetto-sperimentale-condotto-dal-centro-nazionale-dipendenze-e-dallistituto-superiore-di-sanita\/#breadcrumb\",\"itemListElement\":[{\"@type\":\"ListItem\",\"position\":1,\"name\":\"Home\",\"item\":\"https:\/\/welaikaadv.site\/avviso\/\"},{\"@type\":\"ListItem\",\"position\":2,\"name\":\"Disturbo da gioco d\u2019azzardo: un progetto sperimentale condotto dal Centro Nazionale Dipendenze e dall\u2019Istituto Superiore di Sanit\u00e0\"}]},{\"@type\":\"WebSite\",\"@id\":\"https:\/\/welaikaadv.site\/avviso\/#website\",\"url\":\"https:\/\/welaikaadv.site\/avviso\/\",\"name\":\"Staging Avviso Pubblico\",\"description\":\"\",\"publisher\":{\"@id\":\"https:\/\/welaikaadv.site\/avviso\/#organization\"},\"potentialAction\":[{\"@type\":\"SearchAction\",\"target\":{\"@type\":\"EntryPoint\",\"urlTemplate\":\"https:\/\/welaikaadv.site\/avviso\/?s={search_term_string}\"},\"query-input\":{\"@type\":\"PropertyValueSpecification\",\"valueRequired\":true,\"valueName\":\"search_term_string\"}}],\"inLanguage\":\"it-IT\"},{\"@type\":\"Organization\",\"@id\":\"https:\/\/welaikaadv.site\/avviso\/#organization\",\"name\":\"Staging Avviso Pubblico\",\"url\":\"https:\/\/welaikaadv.site\/avviso\/\",\"logo\":{\"@type\":\"ImageObject\",\"inLanguage\":\"it-IT\",\"@id\":\"https:\/\/welaikaadv.site\/avviso\/#\/schema\/logo\/image\/\",\"url\":\"https:\/\/welaikaadv.site\/avviso\/wp-content\/uploads\/2024\/08\/logoAPsito-400.png\",\"contentUrl\":\"https:\/\/welaikaadv.site\/avviso\/wp-content\/uploads\/2024\/08\/logoAPsito-400.png\",\"width\":400,\"height\":97,\"caption\":\"Staging Avviso Pubblico\"},\"image\":{\"@id\":\"https:\/\/welaikaadv.site\/avviso\/#\/schema\/logo\/image\/\"}}]}<\/script>\n<!-- \/ Yoast SEO plugin. -->","yoast_head_json":{"title":"Disturbo da gioco d\u2019azzardo: un progetto sperimentale condotto dal Centro Nazionale Dipendenze e dall\u2019Istituto Superiore di Sanit\u00e0 - Staging Avviso Pubblico","robots":{"index":"noindex","follow":"follow","max-snippet":"max-snippet:-1","max-image-preview":"max-image-preview:large","max-video-preview":"max-video-preview:-1"},"og_locale":"it_IT","og_type":"article","og_title":"Disturbo da gioco d\u2019azzardo: un progetto sperimentale condotto dal Centro Nazionale Dipendenze e dall\u2019Istituto Superiore di Sanit\u00e0 - Staging Avviso Pubblico","og_description":"Premessa. \u201cSistema di sorveglianza nazionale sul disturbo da gioco d\u2019azzardo&#8221; \u00e8 un progetto sperimentale coordinato tra il 2015 e il 2016 dal Centro Nazionale Dipendenze&nbsp;[&hellip;]Leggi tutto Disturbo da gioco d\u2019azzardo: un progetto sperimentale condotto dal Centro Nazionale Dipendenze e dall\u2019Istituto Superiore di Sanit\u00e0 &rarr;","og_url":"https:\/\/welaikaadv.site\/avviso\/home\/cosa-facciamo\/informare\/documenti-tematici\/gioco-dazzardo\/disturbo-da-gioco-dazzardo-un-progetto-sperimentale-condotto-dal-centro-nazionale-dipendenze-e-dallistituto-superiore-di-sanita\/","og_site_name":"Staging Avviso Pubblico","og_image":[{"url":"https:\/\/welaikaadv.site\/avviso\/wp-content\/uploads\/2018\/06\/Gioco-azzardo-1.png","type":"","width":"","height":""}],"twitter_card":"summary_large_image","twitter_misc":{"Tempo di lettura stimato":"5 minuti"},"schema":{"@context":"https:\/\/schema.org","@graph":[{"@type":"WebPage","@id":"https:\/\/welaikaadv.site\/avviso\/home\/cosa-facciamo\/informare\/documenti-tematici\/gioco-dazzardo\/disturbo-da-gioco-dazzardo-un-progetto-sperimentale-condotto-dal-centro-nazionale-dipendenze-e-dallistituto-superiore-di-sanita\/","url":"https:\/\/welaikaadv.site\/avviso\/home\/cosa-facciamo\/informare\/documenti-tematici\/gioco-dazzardo\/disturbo-da-gioco-dazzardo-un-progetto-sperimentale-condotto-dal-centro-nazionale-dipendenze-e-dallistituto-superiore-di-sanita\/","name":"Disturbo da gioco d\u2019azzardo: un progetto sperimentale condotto dal Centro Nazionale Dipendenze e dall\u2019Istituto Superiore di Sanit\u00e0 - Staging Avviso Pubblico","isPartOf":{"@id":"https:\/\/welaikaadv.site\/avviso\/#website"},"primaryImageOfPage":{"@id":"https:\/\/welaikaadv.site\/avviso\/home\/cosa-facciamo\/informare\/documenti-tematici\/gioco-dazzardo\/disturbo-da-gioco-dazzardo-un-progetto-sperimentale-condotto-dal-centro-nazionale-dipendenze-e-dallistituto-superiore-di-sanita\/#primaryimage"},"image":{"@id":"https:\/\/welaikaadv.site\/avviso\/home\/cosa-facciamo\/informare\/documenti-tematici\/gioco-dazzardo\/disturbo-da-gioco-dazzardo-un-progetto-sperimentale-condotto-dal-centro-nazionale-dipendenze-e-dallistituto-superiore-di-sanita\/#primaryimage"},"thumbnailUrl":"https:\/\/welaikaadv.site\/avviso\/wp-content\/uploads\/2018\/06\/Gioco-azzardo-1.png","datePublished":"2018-06-11T12:06:57+00:00","breadcrumb":{"@id":"https:\/\/welaikaadv.site\/avviso\/home\/cosa-facciamo\/informare\/documenti-tematici\/gioco-dazzardo\/disturbo-da-gioco-dazzardo-un-progetto-sperimentale-condotto-dal-centro-nazionale-dipendenze-e-dallistituto-superiore-di-sanita\/#breadcrumb"},"inLanguage":"it-IT","potentialAction":[{"@type":"ReadAction","target":["https:\/\/welaikaadv.site\/avviso\/home\/cosa-facciamo\/informare\/documenti-tematici\/gioco-dazzardo\/disturbo-da-gioco-dazzardo-un-progetto-sperimentale-condotto-dal-centro-nazionale-dipendenze-e-dallistituto-superiore-di-sanita\/"]}]},{"@type":"ImageObject","inLanguage":"it-IT","@id":"https:\/\/welaikaadv.site\/avviso\/home\/cosa-facciamo\/informare\/documenti-tematici\/gioco-dazzardo\/disturbo-da-gioco-dazzardo-un-progetto-sperimentale-condotto-dal-centro-nazionale-dipendenze-e-dallistituto-superiore-di-sanita\/#primaryimage","url":"https:\/\/welaikaadv.site\/avviso\/wp-content\/uploads\/2018\/06\/Gioco-azzardo-1.png","contentUrl":"https:\/\/welaikaadv.site\/avviso\/wp-content\/uploads\/2018\/06\/Gioco-azzardo-1.png"},{"@type":"BreadcrumbList","@id":"https:\/\/welaikaadv.site\/avviso\/home\/cosa-facciamo\/informare\/documenti-tematici\/gioco-dazzardo\/disturbo-da-gioco-dazzardo-un-progetto-sperimentale-condotto-dal-centro-nazionale-dipendenze-e-dallistituto-superiore-di-sanita\/#breadcrumb","itemListElement":[{"@type":"ListItem","position":1,"name":"Home","item":"https:\/\/welaikaadv.site\/avviso\/"},{"@type":"ListItem","position":2,"name":"Disturbo da gioco d\u2019azzardo: un progetto sperimentale condotto dal Centro Nazionale Dipendenze e dall\u2019Istituto Superiore di Sanit\u00e0"}]},{"@type":"WebSite","@id":"https:\/\/welaikaadv.site\/avviso\/#website","url":"https:\/\/welaikaadv.site\/avviso\/","name":"Staging Avviso Pubblico","description":"","publisher":{"@id":"https:\/\/welaikaadv.site\/avviso\/#organization"},"potentialAction":[{"@type":"SearchAction","target":{"@type":"EntryPoint","urlTemplate":"https:\/\/welaikaadv.site\/avviso\/?s={search_term_string}"},"query-input":{"@type":"PropertyValueSpecification","valueRequired":true,"valueName":"search_term_string"}}],"inLanguage":"it-IT"},{"@type":"Organization","@id":"https:\/\/welaikaadv.site\/avviso\/#organization","name":"Staging Avviso Pubblico","url":"https:\/\/welaikaadv.site\/avviso\/","logo":{"@type":"ImageObject","inLanguage":"it-IT","@id":"https:\/\/welaikaadv.site\/avviso\/#\/schema\/logo\/image\/","url":"https:\/\/welaikaadv.site\/avviso\/wp-content\/uploads\/2024\/08\/logoAPsito-400.png","contentUrl":"https:\/\/welaikaadv.site\/avviso\/wp-content\/uploads\/2024\/08\/logoAPsito-400.png","width":400,"height":97,"caption":"Staging Avviso Pubblico"},"image":{"@id":"https:\/\/welaikaadv.site\/avviso\/#\/schema\/logo\/image\/"}}]}},"_links":{"self":[{"href":"https:\/\/welaikaadv.site\/avviso\/wp-json\/wp\/v2\/pages\/26115","targetHints":{"allow":["GET"]}}],"collection":[{"href":"https:\/\/welaikaadv.site\/avviso\/wp-json\/wp\/v2\/pages"}],"about":[{"href":"https:\/\/welaikaadv.site\/avviso\/wp-json\/wp\/v2\/types\/page"}],"author":[{"embeddable":true,"href":"https:\/\/welaikaadv.site\/avviso\/wp-json\/wp\/v2\/users\/1"}],"replies":[{"embeddable":true,"href":"https:\/\/welaikaadv.site\/avviso\/wp-json\/wp\/v2\/comments?post=26115"}],"version-history":[{"count":0,"href":"https:\/\/welaikaadv.site\/avviso\/wp-json\/wp\/v2\/pages\/26115\/revisions"}],"up":[{"embeddable":true,"href":"https:\/\/welaikaadv.site\/avviso\/wp-json\/wp\/v2\/pages\/202"}],"wp:attachment":[{"href":"https:\/\/welaikaadv.site\/avviso\/wp-json\/wp\/v2\/media?parent=26115"}],"curies":[{"name":"wp","href":"https:\/\/api.w.org\/{rel}","templated":true}]}}