{"id":26129,"date":"2018-06-12T14:18:51","date_gmt":"2018-06-12T12:18:51","guid":{"rendered":"http:\/\/www.avvisopubblico.it\/home\/?page_id=26129"},"modified":"2018-06-12T14:18:51","modified_gmt":"2018-06-12T12:18:51","slug":"verifica-delle-distanze-dai-luoghi-sensibili-le-circolari-del-ministero-dellinterno-sulle-competenze-delle-questure","status":"publish","type":"page","link":"https:\/\/welaikaadv.site\/avviso\/home\/cosa-facciamo\/informare\/documenti-tematici\/gioco-dazzardo\/verifica-delle-distanze-dai-luoghi-sensibili-le-circolari-del-ministero-dellinterno-sulle-competenze-delle-questure\/","title":{"rendered":"Verifica delle distanze dai &#8220;luoghi sensibili&#8221;: le circolari del Ministero dell&#8217;Interno sulle competenze delle Questure"},"content":{"rendered":"<p><strong>Premessa<\/strong>. Il Dipartimento della pubblica sicurezza del Ministero dell\u2019Interno il 21 Maggio scorso ha rilasciato una nuova <strong><u><a href=\"https:\/\/welaikaadv.site\/avviso\/wp-content\/uploads\/2018\/03\/Ministero-interno-circolare-2018.pdf\">Circolare<\/a><\/u><\/strong> che indica alle Questure, in sede di rilascio delle licenze ex art. 88 TULPS, di tenere conto delle discipline regionali e locali riguardo il tema delle distanze minime da luoghi qualificati come \u201csensibili\u201d degli esercizi con attivit\u00e0 di scommesse, sale giochi con apparecchi videolottery e sale bingo.<\/p>\n<p>La circolare \u00e8 stata disposta, in risposta a diversi quesiti, in ordine alla verifica delle distanze minime da luoghi sensibili, nati dall\u2019interpretazione della <a href=\"https:\/\/welaikaadv.site\/avviso\/gioco-dazzardo-la-circolare-del-ministero-dellinterno-sulle-competenze-delle-questure\/?hilite=%27circolare%27\"><strong>circolare n.577\/PASS\/U\/003881\/12001 in tema di licenze<\/strong><\/a>, con la quale si innovava la prassi precedente, attribuendo alla Questura anche la verifica del rispetto dei requisiti previsti dalle normative regionali e comunali.<\/p>\n<p>Le indicazioni presenti all\u2019interno della circolare, rifacendosi alle disposizioni regionali e locali fino ad oggi approvate sui limiti distanziometrici dai luoghi sensibili, sottolinea come i provvedimenti presi dagli enti locali siano oggi fondamentali per prevenire e contrastare la diffusione della dipendenza dal gioco d\u2019azzardo nei territori, e come il ruolo di controllo preventivo delle Questure sul rilascio delle licenze sia una parte essenziale per l\u2019attuazione di tali provvedimenti.<\/p>\n<p><strong>Nuove aperture. <\/strong>La circolare \u201csi applica alle nuove richieste di autorizzazione ed ai procedimenti amministrativi la cui istruttoria sia ancora in corso alla data della circolare medesima\u201d in richiamo a quanto Regioni ed enti locali si sono impegnati ad adottare per permettere una distribuzione equilibrata del gioco sul territorio, all\u2019interno dell\u2019<u><a href=\"https:\/\/welaikaadv.site\/avviso\/home\/cosa-facciamo\/informare\/documenti-tematici\/gioco-dazzardo\/raggiunta-lintesa-sul-gioco-dazzardo-conferenza-unificata-un-primo-commento\/?hilite=%27intesa%27%2C%27conferenza%27%2C%27unificata%27\">intesa<\/a><\/u> raggiunta in sede di Conferenza Unificata. Tale circolare si applica alle richieste di nuove licenze per l\u2019apertura fisica di locali dove i nuovi esercizi commerciali sono ubicati. Non rientrano all\u2019interno di questa categoria le autorizzazioni che in data di emanazione della circolare riguardano esercizi gi\u00e0 in attivit\u00e0 per la variazione: della titolarit\u00e0, del concessionario o del rappresentante.<\/p>\n<p><strong>Corner e punti gioco d.l. n. 223\/2006. <\/strong>Le distanze minime in relazione ad autorizzazioni dipendono dalle tipologie di attivit\u00e0 alle quali le singole leggi regionali fanno riferimento. A titolo di esempio nella sentenza n. 1570\/2015 del TAR della Lombardia, viene posto questo quesito in riferimento alla <strong><u><a href=\"http:\/\/normelombardia.consiglio.regione.lombardia.it\/NormeLombardia\/Accessibile\/main.aspx?view=showdoc&amp;exp_coll=lr002013102100008&amp;rebuildtree=1&amp;selnode=lr002013102100008&amp;iddoc=lr002013102100008&amp;testo=\">Legge Regionale n.8\/2013<\/a><\/u><\/strong>, dove le distanze minime si riferivano alle sole sale con apparecchi VLT. Quindi, vista la natura regionale della regolamentazione, in caso di dubbi, le Questure potranno chiedere chiarimenti interpretativi alle Regioni.<\/p>\n<p><strong>Punti raccolta (ex CTD). <\/strong>La <u><a href=\"https:\/\/welaikaadv.site\/avviso\/home\/cosa-facciamo\/informare\/osservatorio-parlamentare\/attivita-legislativa\/leggi-approvate\/le-leggi-approvate-nella-xvii-legislatura\/legge-n-205-del-2017-legge-bilancio-2018\/\">legge di bilancio del 2018<\/a><\/u> all\u2019art. 1, comma 1048, prevede che \u201cle concessioni in essere, nonch\u00e9 la titolarit\u00e0 dei punti di raccolta regolarizzati\u201d con le leggi di stabilit\u00e0 2015 e 2016 &#8220;sono prorogate al 31 dicembre 2018&#8221;, e tale circolare, vista l\u2019opera di aggiornamento dei titoli autorizzativi relativi a tali punti di raccolta riguardanti\u00a0 attivit\u00e0 gi\u00e0 esistenti, non viene applicata.<\/p>\n<p><strong>Sentenze giudici amministrativi<\/strong>. Per l\u2019applicazione di tale disposizione vedi la <a href=\"https:\/\/welaikaadv.site\/avviso\/home\/cosa-facciamo\/informare\/documenti-tematici\/gioco-dazzardo\/sentenza-consiglio-di-stato-conferma-competenza-questura-in-materia-di-distanziamento-dai-luoghi-sensibili\/?hilite=%27pisa%27\"><strong>sentenza del Consiglio di stato n. 4604\/2018<\/strong><\/a>.<\/p>\n<p style=\"text-align: center;\"><em>(a cura di <strong>Sara Capitanio<\/strong>, vincitrice della borsa di studio di Avviso Pubblico sul gioco d\u2019azzardo<\/em>)<\/p>\n","protected":false},"excerpt":{"rendered":"<p>Premessa. Il Dipartimento della pubblica sicurezza del Ministero dell\u2019Interno il 21 Maggio scorso ha rilasciato una nuova Circolare che indica alle Questure, in sede di&nbsp;<span class=\"hellipsis\">[&hellip;]<\/span><a class=\"more-link\" href=\"https:\/\/welaikaadv.site\/avviso\/home\/cosa-facciamo\/informare\/documenti-tematici\/gioco-dazzardo\/verifica-delle-distanze-dai-luoghi-sensibili-le-circolari-del-ministero-dellinterno-sulle-competenze-delle-questure\/\">Leggi tutto <span class=\"screen-reader-text\">Verifica delle distanze dai &#8220;luoghi sensibili&#8221;: le circolari del Ministero dell&#8217;Interno sulle competenze delle Questure<\/span> <span class=\"meta-nav\" aria-hidden=\"true\">&rarr;<\/span><\/a><\/p>\n","protected":false},"author":1,"featured_media":0,"parent":202,"menu_order":0,"comment_status":"closed","ping_status":"closed","template":"","meta":{"_acf_changed":false,"_exactmetrics_skip_tracking":false,"_exactmetrics_sitenote_active":false,"_exactmetrics_sitenote_note":"","_exactmetrics_sitenote_category":0,"wp_social_preview_title":"","wp_social_preview_description":"","wp_social_preview_image":0,"footnotes":""},"class_list":["post-26129","page","type-page","status-publish","hentry"],"acf":[],"yoast_head":"<!-- This site is optimized with the Yoast SEO plugin v27.2 - https:\/\/yoast.com\/product\/yoast-seo-wordpress\/ -->\n<title>Verifica delle distanze dai &quot;luoghi sensibili&quot;: le circolari del Ministero dell&#039;Interno sulle competenze delle Questure - Staging Avviso Pubblico<\/title>\n<meta name=\"robots\" content=\"noindex, follow, max-snippet:-1, max-image-preview:large, max-video-preview:-1\" \/>\n<meta property=\"og:locale\" content=\"it_IT\" \/>\n<meta property=\"og:type\" content=\"article\" \/>\n<meta property=\"og:title\" content=\"Verifica delle distanze dai &quot;luoghi sensibili&quot;: le circolari del Ministero dell&#039;Interno sulle competenze delle Questure - Staging Avviso Pubblico\" \/>\n<meta property=\"og:description\" content=\"Premessa. Il Dipartimento della pubblica sicurezza del Ministero dell\u2019Interno il 21 Maggio scorso ha rilasciato una nuova Circolare che indica alle Questure, in sede di&nbsp;[&hellip;]Leggi tutto Verifica delle distanze dai &#8220;luoghi sensibili&#8221;: le circolari del Ministero dell&#8217;Interno sulle competenze delle Questure &rarr;\" \/>\n<meta property=\"og:url\" content=\"https:\/\/welaikaadv.site\/avviso\/home\/cosa-facciamo\/informare\/documenti-tematici\/gioco-dazzardo\/verifica-delle-distanze-dai-luoghi-sensibili-le-circolari-del-ministero-dellinterno-sulle-competenze-delle-questure\/\" \/>\n<meta property=\"og:site_name\" content=\"Staging Avviso Pubblico\" \/>\n<meta name=\"twitter:card\" content=\"summary_large_image\" \/>\n<meta name=\"twitter:label1\" content=\"Tempo di lettura stimato\" \/>\n\t<meta name=\"twitter:data1\" content=\"2 minuti\" \/>\n<script type=\"application\/ld+json\" class=\"yoast-schema-graph\">{\"@context\":\"https:\/\/schema.org\",\"@graph\":[{\"@type\":\"WebPage\",\"@id\":\"https:\/\/welaikaadv.site\/avviso\/home\/cosa-facciamo\/informare\/documenti-tematici\/gioco-dazzardo\/verifica-delle-distanze-dai-luoghi-sensibili-le-circolari-del-ministero-dellinterno-sulle-competenze-delle-questure\/\",\"url\":\"https:\/\/welaikaadv.site\/avviso\/home\/cosa-facciamo\/informare\/documenti-tematici\/gioco-dazzardo\/verifica-delle-distanze-dai-luoghi-sensibili-le-circolari-del-ministero-dellinterno-sulle-competenze-delle-questure\/\",\"name\":\"Verifica delle distanze dai \\\"luoghi sensibili\\\": le circolari del Ministero dell'Interno sulle competenze delle Questure - Staging Avviso Pubblico\",\"isPartOf\":{\"@id\":\"https:\/\/welaikaadv.site\/avviso\/#website\"},\"datePublished\":\"2018-06-12T12:18:51+00:00\",\"breadcrumb\":{\"@id\":\"https:\/\/welaikaadv.site\/avviso\/home\/cosa-facciamo\/informare\/documenti-tematici\/gioco-dazzardo\/verifica-delle-distanze-dai-luoghi-sensibili-le-circolari-del-ministero-dellinterno-sulle-competenze-delle-questure\/#breadcrumb\"},\"inLanguage\":\"it-IT\",\"potentialAction\":[{\"@type\":\"ReadAction\",\"target\":[\"https:\/\/welaikaadv.site\/avviso\/home\/cosa-facciamo\/informare\/documenti-tematici\/gioco-dazzardo\/verifica-delle-distanze-dai-luoghi-sensibili-le-circolari-del-ministero-dellinterno-sulle-competenze-delle-questure\/\"]}]},{\"@type\":\"BreadcrumbList\",\"@id\":\"https:\/\/welaikaadv.site\/avviso\/home\/cosa-facciamo\/informare\/documenti-tematici\/gioco-dazzardo\/verifica-delle-distanze-dai-luoghi-sensibili-le-circolari-del-ministero-dellinterno-sulle-competenze-delle-questure\/#breadcrumb\",\"itemListElement\":[{\"@type\":\"ListItem\",\"position\":1,\"name\":\"Home\",\"item\":\"https:\/\/welaikaadv.site\/avviso\/\"},{\"@type\":\"ListItem\",\"position\":2,\"name\":\"Verifica delle distanze dai &#8220;luoghi sensibili&#8221;: le circolari del Ministero dell&#8217;Interno sulle competenze delle Questure\"}]},{\"@type\":\"WebSite\",\"@id\":\"https:\/\/welaikaadv.site\/avviso\/#website\",\"url\":\"https:\/\/welaikaadv.site\/avviso\/\",\"name\":\"Staging Avviso Pubblico\",\"description\":\"\",\"publisher\":{\"@id\":\"https:\/\/welaikaadv.site\/avviso\/#organization\"},\"potentialAction\":[{\"@type\":\"SearchAction\",\"target\":{\"@type\":\"EntryPoint\",\"urlTemplate\":\"https:\/\/welaikaadv.site\/avviso\/?s={search_term_string}\"},\"query-input\":{\"@type\":\"PropertyValueSpecification\",\"valueRequired\":true,\"valueName\":\"search_term_string\"}}],\"inLanguage\":\"it-IT\"},{\"@type\":\"Organization\",\"@id\":\"https:\/\/welaikaadv.site\/avviso\/#organization\",\"name\":\"Staging Avviso Pubblico\",\"url\":\"https:\/\/welaikaadv.site\/avviso\/\",\"logo\":{\"@type\":\"ImageObject\",\"inLanguage\":\"it-IT\",\"@id\":\"https:\/\/welaikaadv.site\/avviso\/#\/schema\/logo\/image\/\",\"url\":\"https:\/\/welaikaadv.site\/avviso\/wp-content\/uploads\/2024\/08\/logoAPsito-400.png\",\"contentUrl\":\"https:\/\/welaikaadv.site\/avviso\/wp-content\/uploads\/2024\/08\/logoAPsito-400.png\",\"width\":400,\"height\":97,\"caption\":\"Staging Avviso Pubblico\"},\"image\":{\"@id\":\"https:\/\/welaikaadv.site\/avviso\/#\/schema\/logo\/image\/\"}}]}<\/script>\n<!-- \/ Yoast SEO plugin. -->","yoast_head_json":{"title":"Verifica delle distanze dai \"luoghi sensibili\": le circolari del Ministero dell'Interno sulle competenze delle Questure - Staging Avviso Pubblico","robots":{"index":"noindex","follow":"follow","max-snippet":"max-snippet:-1","max-image-preview":"max-image-preview:large","max-video-preview":"max-video-preview:-1"},"og_locale":"it_IT","og_type":"article","og_title":"Verifica delle distanze dai \"luoghi sensibili\": le circolari del Ministero dell'Interno sulle competenze delle Questure - Staging Avviso Pubblico","og_description":"Premessa. Il Dipartimento della pubblica sicurezza del Ministero dell\u2019Interno il 21 Maggio scorso ha rilasciato una nuova Circolare che indica alle Questure, in sede di&nbsp;[&hellip;]Leggi tutto Verifica delle distanze dai &#8220;luoghi sensibili&#8221;: le circolari del Ministero dell&#8217;Interno sulle competenze delle Questure &rarr;","og_url":"https:\/\/welaikaadv.site\/avviso\/home\/cosa-facciamo\/informare\/documenti-tematici\/gioco-dazzardo\/verifica-delle-distanze-dai-luoghi-sensibili-le-circolari-del-ministero-dellinterno-sulle-competenze-delle-questure\/","og_site_name":"Staging Avviso Pubblico","twitter_card":"summary_large_image","twitter_misc":{"Tempo di lettura stimato":"2 minuti"},"schema":{"@context":"https:\/\/schema.org","@graph":[{"@type":"WebPage","@id":"https:\/\/welaikaadv.site\/avviso\/home\/cosa-facciamo\/informare\/documenti-tematici\/gioco-dazzardo\/verifica-delle-distanze-dai-luoghi-sensibili-le-circolari-del-ministero-dellinterno-sulle-competenze-delle-questure\/","url":"https:\/\/welaikaadv.site\/avviso\/home\/cosa-facciamo\/informare\/documenti-tematici\/gioco-dazzardo\/verifica-delle-distanze-dai-luoghi-sensibili-le-circolari-del-ministero-dellinterno-sulle-competenze-delle-questure\/","name":"Verifica delle distanze dai \"luoghi sensibili\": le circolari del Ministero dell'Interno sulle competenze delle Questure - Staging Avviso Pubblico","isPartOf":{"@id":"https:\/\/welaikaadv.site\/avviso\/#website"},"datePublished":"2018-06-12T12:18:51+00:00","breadcrumb":{"@id":"https:\/\/welaikaadv.site\/avviso\/home\/cosa-facciamo\/informare\/documenti-tematici\/gioco-dazzardo\/verifica-delle-distanze-dai-luoghi-sensibili-le-circolari-del-ministero-dellinterno-sulle-competenze-delle-questure\/#breadcrumb"},"inLanguage":"it-IT","potentialAction":[{"@type":"ReadAction","target":["https:\/\/welaikaadv.site\/avviso\/home\/cosa-facciamo\/informare\/documenti-tematici\/gioco-dazzardo\/verifica-delle-distanze-dai-luoghi-sensibili-le-circolari-del-ministero-dellinterno-sulle-competenze-delle-questure\/"]}]},{"@type":"BreadcrumbList","@id":"https:\/\/welaikaadv.site\/avviso\/home\/cosa-facciamo\/informare\/documenti-tematici\/gioco-dazzardo\/verifica-delle-distanze-dai-luoghi-sensibili-le-circolari-del-ministero-dellinterno-sulle-competenze-delle-questure\/#breadcrumb","itemListElement":[{"@type":"ListItem","position":1,"name":"Home","item":"https:\/\/welaikaadv.site\/avviso\/"},{"@type":"ListItem","position":2,"name":"Verifica delle distanze dai &#8220;luoghi sensibili&#8221;: le circolari del Ministero dell&#8217;Interno sulle competenze delle Questure"}]},{"@type":"WebSite","@id":"https:\/\/welaikaadv.site\/avviso\/#website","url":"https:\/\/welaikaadv.site\/avviso\/","name":"Staging Avviso Pubblico","description":"","publisher":{"@id":"https:\/\/welaikaadv.site\/avviso\/#organization"},"potentialAction":[{"@type":"SearchAction","target":{"@type":"EntryPoint","urlTemplate":"https:\/\/welaikaadv.site\/avviso\/?s={search_term_string}"},"query-input":{"@type":"PropertyValueSpecification","valueRequired":true,"valueName":"search_term_string"}}],"inLanguage":"it-IT"},{"@type":"Organization","@id":"https:\/\/welaikaadv.site\/avviso\/#organization","name":"Staging Avviso Pubblico","url":"https:\/\/welaikaadv.site\/avviso\/","logo":{"@type":"ImageObject","inLanguage":"it-IT","@id":"https:\/\/welaikaadv.site\/avviso\/#\/schema\/logo\/image\/","url":"https:\/\/welaikaadv.site\/avviso\/wp-content\/uploads\/2024\/08\/logoAPsito-400.png","contentUrl":"https:\/\/welaikaadv.site\/avviso\/wp-content\/uploads\/2024\/08\/logoAPsito-400.png","width":400,"height":97,"caption":"Staging Avviso Pubblico"},"image":{"@id":"https:\/\/welaikaadv.site\/avviso\/#\/schema\/logo\/image\/"}}]}},"_links":{"self":[{"href":"https:\/\/welaikaadv.site\/avviso\/wp-json\/wp\/v2\/pages\/26129","targetHints":{"allow":["GET"]}}],"collection":[{"href":"https:\/\/welaikaadv.site\/avviso\/wp-json\/wp\/v2\/pages"}],"about":[{"href":"https:\/\/welaikaadv.site\/avviso\/wp-json\/wp\/v2\/types\/page"}],"author":[{"embeddable":true,"href":"https:\/\/welaikaadv.site\/avviso\/wp-json\/wp\/v2\/users\/1"}],"replies":[{"embeddable":true,"href":"https:\/\/welaikaadv.site\/avviso\/wp-json\/wp\/v2\/comments?post=26129"}],"version-history":[{"count":0,"href":"https:\/\/welaikaadv.site\/avviso\/wp-json\/wp\/v2\/pages\/26129\/revisions"}],"up":[{"embeddable":true,"href":"https:\/\/welaikaadv.site\/avviso\/wp-json\/wp\/v2\/pages\/202"}],"wp:attachment":[{"href":"https:\/\/welaikaadv.site\/avviso\/wp-json\/wp\/v2\/media?parent=26129"}],"curies":[{"name":"wp","href":"https:\/\/api.w.org\/{rel}","templated":true}]}}