{"id":26170,"date":"2018-06-13T15:09:19","date_gmt":"2018-06-13T13:09:19","guid":{"rendered":"http:\/\/www.avvisopubblico.it\/home\/?page_id=26170"},"modified":"2018-06-13T15:09:19","modified_gmt":"2018-06-13T13:09:19","slug":"comune-di-modena-la-mappatura-dei-luoghi-sensibili-e-la-ricollocazione-delle-sale-da-gioco","status":"publish","type":"page","link":"https:\/\/welaikaadv.site\/avviso\/home\/cosa-facciamo\/informare\/documenti-tematici\/gioco-dazzardo\/comune-di-modena-la-mappatura-dei-luoghi-sensibili-e-la-ricollocazione-delle-sale-da-gioco\/","title":{"rendered":"Comune di Modena: la mappatura dei \u201cluoghi sensibili\u201d e la ricollocazione delle sale da gioco"},"content":{"rendered":"<p><strong>Premessa<\/strong>. Il Comune di Modena ha assunto nel corso degli ultimi anni numerose iniziative per contrastare la diffusione del gioco d\u2019azzardo patologico sul proprio territorio, per sostenere il recupero dei giocatori problematici e patologici, oltre che sul piano della sensibilizzazione della popolazione, ed in particolare di quella scolastica, sui pericoli della dipendenza da gioco d\u2019azzardo.<\/p>\n<p>Il Comune ha adottato nel marzo del 2017 un\u2019ordinanza che limita il periodo di accensione delle slot machine e delle altre attrezzature da gioco per esigenze di tutela della salute, della quiete pubblica e di circolazione stradale (<a href=\"https:\/\/welaikaadv.site\/avviso\/home\/cosa-facciamo\/informare\/documenti-tematici\/gioco-dazzardo\/nuova-disciplina-degli-orari-delle-slot-machine-approvata-dal-comune-modena\/\">clicca qui per approfondire<\/a>).<\/p>\n<p><strong>La delibera sulla mappatura dei \u201cluoghi sensibili<\/strong>\u201d. A seguire, nel dicembre 2017, \u00e8 stata presentata <a href=\"https:\/\/welaikaadv.site\/avviso\/wp-content\/uploads\/2018\/06\/Delibera-Modena-luoghi-sensibili.pdf\">una delibera sulla \u201cmappatura dei luoghi sensibili\u201d<\/a>, in ottemperanza alle modalit\u00e0 applicative previste dalla legge regionale dell\u2019Emilia-Romagna sul gioco d\u2019azzardo patologico del 2013, riprese e ulteriormente rafforzate dal Testo unico per la promozione della legalit\u00e0 che ha visto la luce alla fine del 2016, approvate con delibera regionale n. 831 del 12\/06\/2017 (<a href=\"https:\/\/welaikaadv.site\/avviso\/gioco-dazzardo-dalla-regione-emilia-romagna-stop-allapertura-delle-sale-da-gioco-vicino-ai-luoghi-sensibili-piu-frequentati-dai-giovani\/\">clicca qui per approfondire<\/a>).<\/p>\n<p>In base alla normativa regionale, il Comune ha dunque provveduto a stendere entro sei mesi una mappa dei suoi luoghi sensibili e, in conseguenza di questo, stilare un elenco con l&#8217;individuazione di sale giochi e scommesse, esercizi commerciali che ospitano apparecchi per il gioco d\u2019azzardo lecito, situate a meno di 500 metri dai luoghi sensibili individuati, vale a dire:<\/p>\n<ul>\n<li><strong>Istituti Scolastici di ogni ordine e grado pubblici e privati<\/strong>, esclusi gli asili nido, considerati un servizio sociale educativo, comprese le sedi universitarie.<\/li>\n<li><strong>Luoghi di culto, intesi quelli formalizzati e riconosciuti ufficialmente<\/strong>. Il Comune ha per\u00f2 facolt\u00e0 di aggiungere altri luoghi di culto ritenuti sensibili per quel territorio. Non vanno considerati luoghi di culto i cimiteri, a parte quelli che ospitano una chiesa aperta al pubblico per manifestazioni religiose e di culto. Non sono luoghi di culto i luoghi di preghiera.<\/li>\n<li><strong>Impianti sportivi<\/strong>, aperti al pubblico, che ospitano federazioni associate al CONI o federazioni olimpiche, che organizzano eventi con richiamo di pubblico. Si considerano tali anche le palestre pubbliche date in concessione dal Comune ad associazioni per organizzare attivit\u00e0 sportive per conto del Comune stesso.<\/li>\n<li><strong>Strutture residenziali e semiresidenziali in ambito sanitario o sociosanitario<\/strong>, vale a dire gli ospedali e tutte le strutture sanitarie o socio sanitarie, pubbliche o private, per: anziani, disabili, persone con patologie psichiatriche, con dipendenze patologiche. Non sono luoghi sensibili i poliambulatori, i servizi sanitari territoriali, le Case della Salute (a meno che non vi abbia sede una delle strutture sopracitate).<\/li>\n<li><strong>Strutture ricettive per categorie protette<\/strong>: case famiglia, gruppi appartamento, appartamenti protetti e altre strutture di accoglienza senza finalit\u00e0 assistenziali per minori e soggetti fragili<\/li>\n<li><strong>Luoghi di aggregazione giovanile ed oratori<\/strong>: si intendono quelli che offrono in modo strutturato e permanente attivit\u00e0 o attrezzature di richiamo per minori\/ adolescenti. Non si ritiene che un campo o una piazza possano essere considerati luoghi sensibili, fatta salva la potest\u00e0 del Comune di decidere diversamente sulla base di considerazioni locali. Teatri e biblioteche non sono di per s\u00e9 luoghi sensibili, ma \u00e8 facolt\u00e0 del Comune indicarli come luoghi di aggregazione giovanile.<\/li>\n<\/ul>\n<p><strong>La delibera di \u201cricollocazione delle sale\u201d<\/strong>. La succitata mappa dei luoghi sensibili \u00e8 stata debitamente pubblicata sul sito istituzionale del Comune di Modena. A seguire gli Uffici del Comune, con l\u2019ausilio di appositi strumenti informatici in dotazione, hanno provveduto alla <strong>compilazione dell\u2019elenco delle sale giochi e sale scommesse situate a meno di 500 metri dai luoghi sensibili<\/strong>, incompatibili a norma di legge.<\/p>\n<p>Il <strong>6 giugno 2018<\/strong> il Comune ha approvato la <a href=\"https:\/\/welaikaadv.site\/avviso\/wp-content\/uploads\/2018\/06\/Delibera-ricollocazione-Modena.pdf\">delibera relativa all\u2019Individuazione e all\u2019Incompatibilit\u00e0 delle Sale Gioco e Sale Scommesse<\/a>, che demanda agli Uffici di comunicare ai titolari ricadenti nel divieto di esercizio l\u2019inclusione nell\u2019elenco e <strong>che, trascorsi sei mesi, \u00e8 fatto obbligo a ciascuno di cessare l\u2019attivit\u00e0 in quel luogo<\/strong>. \u00c8 prevista una proroga per un periodo non superiore ai due mesi, a patto che i titolari abbiano \u201cconcretamente manifestato la reale intenzione di delocalizzare avendo presentato permesso di costruire o domanda di licenza al Questore per apertura di nuova attivit\u00e0 di cui all\u2019art. 88 TULPS, per una nuova sede che non presenti incompatibilit\u00e0\u201d ai sensi delle leggi regionali e dei provvedimenti locali.<\/p>\n<p>La delibera prevede inoltre che sar\u00e0 approvato in un secondo momento<strong> \u201cl\u2019elenco delle incompatibilit\u00e0 relativo alla nuova installazione di apparecchi per il gioco d&#8217;azzardo lecito\u201d presso gli esercizi commerciali,<\/strong> nelle aree aperte al pubblico, nei circoli privati ed associazioni e in tutti gli esercizi autorizzati ai sensi degli art.li 86 e 88 TULPS.<\/p>\n<p>&nbsp;<\/p>\n<p style=\"text-align: left;\"><em>(a cura di <a href=\"mailto:claudio.forleo@avvisopubblico.it\"><strong>Claudio Forleo<\/strong><\/a>, giornalista)<\/em><\/p>\n","protected":false},"excerpt":{"rendered":"<p>Premessa. Il Comune di Modena ha assunto nel corso degli ultimi anni numerose iniziative per contrastare la diffusione del gioco d\u2019azzardo patologico sul proprio territorio,&nbsp;<span class=\"hellipsis\">[&hellip;]<\/span><a class=\"more-link\" href=\"https:\/\/welaikaadv.site\/avviso\/home\/cosa-facciamo\/informare\/documenti-tematici\/gioco-dazzardo\/comune-di-modena-la-mappatura-dei-luoghi-sensibili-e-la-ricollocazione-delle-sale-da-gioco\/\">Leggi tutto <span class=\"screen-reader-text\">Comune di Modena: la mappatura dei \u201cluoghi sensibili\u201d e la ricollocazione delle sale da gioco<\/span> <span class=\"meta-nav\" aria-hidden=\"true\">&rarr;<\/span><\/a><\/p>\n","protected":false},"author":1,"featured_media":0,"parent":202,"menu_order":81,"comment_status":"closed","ping_status":"closed","template":"","meta":{"_acf_changed":false,"_exactmetrics_skip_tracking":false,"_exactmetrics_sitenote_active":false,"_exactmetrics_sitenote_note":"","_exactmetrics_sitenote_category":0,"wp_social_preview_title":"","wp_social_preview_description":"","wp_social_preview_image":0,"footnotes":""},"class_list":["post-26170","page","type-page","status-publish","hentry"],"acf":[],"yoast_head":"<!-- This site is optimized with the Yoast SEO plugin v27.2 - https:\/\/yoast.com\/product\/yoast-seo-wordpress\/ -->\n<title>Comune di Modena: la mappatura dei \u201cluoghi sensibili\u201d e la ricollocazione delle sale da gioco - Staging Avviso Pubblico<\/title>\n<meta name=\"robots\" content=\"noindex, follow, max-snippet:-1, max-image-preview:large, max-video-preview:-1\" \/>\n<meta property=\"og:locale\" content=\"it_IT\" \/>\n<meta property=\"og:type\" content=\"article\" \/>\n<meta property=\"og:title\" content=\"Comune di Modena: la mappatura dei \u201cluoghi sensibili\u201d e la ricollocazione delle sale da gioco - Staging Avviso Pubblico\" \/>\n<meta property=\"og:description\" content=\"Premessa. Il Comune di Modena ha assunto nel corso degli ultimi anni numerose iniziative per contrastare la diffusione del gioco d\u2019azzardo patologico sul proprio territorio,&nbsp;[&hellip;]Leggi tutto Comune di Modena: la mappatura dei \u201cluoghi sensibili\u201d e la ricollocazione delle sale da gioco &rarr;\" \/>\n<meta property=\"og:url\" content=\"https:\/\/welaikaadv.site\/avviso\/home\/cosa-facciamo\/informare\/documenti-tematici\/gioco-dazzardo\/comune-di-modena-la-mappatura-dei-luoghi-sensibili-e-la-ricollocazione-delle-sale-da-gioco\/\" \/>\n<meta property=\"og:site_name\" content=\"Staging Avviso Pubblico\" \/>\n<meta name=\"twitter:card\" content=\"summary_large_image\" \/>\n<meta name=\"twitter:label1\" content=\"Tempo di lettura stimato\" \/>\n\t<meta name=\"twitter:data1\" content=\"4 minuti\" \/>\n<script type=\"application\/ld+json\" class=\"yoast-schema-graph\">{\"@context\":\"https:\/\/schema.org\",\"@graph\":[{\"@type\":\"WebPage\",\"@id\":\"https:\/\/welaikaadv.site\/avviso\/home\/cosa-facciamo\/informare\/documenti-tematici\/gioco-dazzardo\/comune-di-modena-la-mappatura-dei-luoghi-sensibili-e-la-ricollocazione-delle-sale-da-gioco\/\",\"url\":\"https:\/\/welaikaadv.site\/avviso\/home\/cosa-facciamo\/informare\/documenti-tematici\/gioco-dazzardo\/comune-di-modena-la-mappatura-dei-luoghi-sensibili-e-la-ricollocazione-delle-sale-da-gioco\/\",\"name\":\"Comune di Modena: la mappatura dei \u201cluoghi sensibili\u201d e la ricollocazione delle sale da gioco - Staging Avviso Pubblico\",\"isPartOf\":{\"@id\":\"https:\/\/welaikaadv.site\/avviso\/#website\"},\"datePublished\":\"2018-06-13T13:09:19+00:00\",\"breadcrumb\":{\"@id\":\"https:\/\/welaikaadv.site\/avviso\/home\/cosa-facciamo\/informare\/documenti-tematici\/gioco-dazzardo\/comune-di-modena-la-mappatura-dei-luoghi-sensibili-e-la-ricollocazione-delle-sale-da-gioco\/#breadcrumb\"},\"inLanguage\":\"it-IT\",\"potentialAction\":[{\"@type\":\"ReadAction\",\"target\":[\"https:\/\/welaikaadv.site\/avviso\/home\/cosa-facciamo\/informare\/documenti-tematici\/gioco-dazzardo\/comune-di-modena-la-mappatura-dei-luoghi-sensibili-e-la-ricollocazione-delle-sale-da-gioco\/\"]}]},{\"@type\":\"BreadcrumbList\",\"@id\":\"https:\/\/welaikaadv.site\/avviso\/home\/cosa-facciamo\/informare\/documenti-tematici\/gioco-dazzardo\/comune-di-modena-la-mappatura-dei-luoghi-sensibili-e-la-ricollocazione-delle-sale-da-gioco\/#breadcrumb\",\"itemListElement\":[{\"@type\":\"ListItem\",\"position\":1,\"name\":\"Home\",\"item\":\"https:\/\/welaikaadv.site\/avviso\/\"},{\"@type\":\"ListItem\",\"position\":2,\"name\":\"Comune di Modena: la mappatura dei \u201cluoghi sensibili\u201d e la ricollocazione delle sale da gioco\"}]},{\"@type\":\"WebSite\",\"@id\":\"https:\/\/welaikaadv.site\/avviso\/#website\",\"url\":\"https:\/\/welaikaadv.site\/avviso\/\",\"name\":\"Staging Avviso Pubblico\",\"description\":\"\",\"publisher\":{\"@id\":\"https:\/\/welaikaadv.site\/avviso\/#organization\"},\"potentialAction\":[{\"@type\":\"SearchAction\",\"target\":{\"@type\":\"EntryPoint\",\"urlTemplate\":\"https:\/\/welaikaadv.site\/avviso\/?s={search_term_string}\"},\"query-input\":{\"@type\":\"PropertyValueSpecification\",\"valueRequired\":true,\"valueName\":\"search_term_string\"}}],\"inLanguage\":\"it-IT\"},{\"@type\":\"Organization\",\"@id\":\"https:\/\/welaikaadv.site\/avviso\/#organization\",\"name\":\"Staging Avviso Pubblico\",\"url\":\"https:\/\/welaikaadv.site\/avviso\/\",\"logo\":{\"@type\":\"ImageObject\",\"inLanguage\":\"it-IT\",\"@id\":\"https:\/\/welaikaadv.site\/avviso\/#\/schema\/logo\/image\/\",\"url\":\"https:\/\/welaikaadv.site\/avviso\/wp-content\/uploads\/2024\/08\/logoAPsito-400.png\",\"contentUrl\":\"https:\/\/welaikaadv.site\/avviso\/wp-content\/uploads\/2024\/08\/logoAPsito-400.png\",\"width\":400,\"height\":97,\"caption\":\"Staging Avviso Pubblico\"},\"image\":{\"@id\":\"https:\/\/welaikaadv.site\/avviso\/#\/schema\/logo\/image\/\"}}]}<\/script>\n<!-- \/ Yoast SEO plugin. -->","yoast_head_json":{"title":"Comune di Modena: la mappatura dei \u201cluoghi sensibili\u201d e la ricollocazione delle sale da gioco - Staging Avviso Pubblico","robots":{"index":"noindex","follow":"follow","max-snippet":"max-snippet:-1","max-image-preview":"max-image-preview:large","max-video-preview":"max-video-preview:-1"},"og_locale":"it_IT","og_type":"article","og_title":"Comune di Modena: la mappatura dei \u201cluoghi sensibili\u201d e la ricollocazione delle sale da gioco - Staging Avviso Pubblico","og_description":"Premessa. Il Comune di Modena ha assunto nel corso degli ultimi anni numerose iniziative per contrastare la diffusione del gioco d\u2019azzardo patologico sul proprio territorio,&nbsp;[&hellip;]Leggi tutto Comune di Modena: la mappatura dei \u201cluoghi sensibili\u201d e la ricollocazione delle sale da gioco &rarr;","og_url":"https:\/\/welaikaadv.site\/avviso\/home\/cosa-facciamo\/informare\/documenti-tematici\/gioco-dazzardo\/comune-di-modena-la-mappatura-dei-luoghi-sensibili-e-la-ricollocazione-delle-sale-da-gioco\/","og_site_name":"Staging Avviso Pubblico","twitter_card":"summary_large_image","twitter_misc":{"Tempo di lettura stimato":"4 minuti"},"schema":{"@context":"https:\/\/schema.org","@graph":[{"@type":"WebPage","@id":"https:\/\/welaikaadv.site\/avviso\/home\/cosa-facciamo\/informare\/documenti-tematici\/gioco-dazzardo\/comune-di-modena-la-mappatura-dei-luoghi-sensibili-e-la-ricollocazione-delle-sale-da-gioco\/","url":"https:\/\/welaikaadv.site\/avviso\/home\/cosa-facciamo\/informare\/documenti-tematici\/gioco-dazzardo\/comune-di-modena-la-mappatura-dei-luoghi-sensibili-e-la-ricollocazione-delle-sale-da-gioco\/","name":"Comune di Modena: la mappatura dei \u201cluoghi sensibili\u201d e la ricollocazione delle sale da gioco - Staging Avviso Pubblico","isPartOf":{"@id":"https:\/\/welaikaadv.site\/avviso\/#website"},"datePublished":"2018-06-13T13:09:19+00:00","breadcrumb":{"@id":"https:\/\/welaikaadv.site\/avviso\/home\/cosa-facciamo\/informare\/documenti-tematici\/gioco-dazzardo\/comune-di-modena-la-mappatura-dei-luoghi-sensibili-e-la-ricollocazione-delle-sale-da-gioco\/#breadcrumb"},"inLanguage":"it-IT","potentialAction":[{"@type":"ReadAction","target":["https:\/\/welaikaadv.site\/avviso\/home\/cosa-facciamo\/informare\/documenti-tematici\/gioco-dazzardo\/comune-di-modena-la-mappatura-dei-luoghi-sensibili-e-la-ricollocazione-delle-sale-da-gioco\/"]}]},{"@type":"BreadcrumbList","@id":"https:\/\/welaikaadv.site\/avviso\/home\/cosa-facciamo\/informare\/documenti-tematici\/gioco-dazzardo\/comune-di-modena-la-mappatura-dei-luoghi-sensibili-e-la-ricollocazione-delle-sale-da-gioco\/#breadcrumb","itemListElement":[{"@type":"ListItem","position":1,"name":"Home","item":"https:\/\/welaikaadv.site\/avviso\/"},{"@type":"ListItem","position":2,"name":"Comune di Modena: la mappatura dei \u201cluoghi sensibili\u201d e la ricollocazione delle sale da gioco"}]},{"@type":"WebSite","@id":"https:\/\/welaikaadv.site\/avviso\/#website","url":"https:\/\/welaikaadv.site\/avviso\/","name":"Staging Avviso Pubblico","description":"","publisher":{"@id":"https:\/\/welaikaadv.site\/avviso\/#organization"},"potentialAction":[{"@type":"SearchAction","target":{"@type":"EntryPoint","urlTemplate":"https:\/\/welaikaadv.site\/avviso\/?s={search_term_string}"},"query-input":{"@type":"PropertyValueSpecification","valueRequired":true,"valueName":"search_term_string"}}],"inLanguage":"it-IT"},{"@type":"Organization","@id":"https:\/\/welaikaadv.site\/avviso\/#organization","name":"Staging Avviso Pubblico","url":"https:\/\/welaikaadv.site\/avviso\/","logo":{"@type":"ImageObject","inLanguage":"it-IT","@id":"https:\/\/welaikaadv.site\/avviso\/#\/schema\/logo\/image\/","url":"https:\/\/welaikaadv.site\/avviso\/wp-content\/uploads\/2024\/08\/logoAPsito-400.png","contentUrl":"https:\/\/welaikaadv.site\/avviso\/wp-content\/uploads\/2024\/08\/logoAPsito-400.png","width":400,"height":97,"caption":"Staging Avviso Pubblico"},"image":{"@id":"https:\/\/welaikaadv.site\/avviso\/#\/schema\/logo\/image\/"}}]}},"_links":{"self":[{"href":"https:\/\/welaikaadv.site\/avviso\/wp-json\/wp\/v2\/pages\/26170","targetHints":{"allow":["GET"]}}],"collection":[{"href":"https:\/\/welaikaadv.site\/avviso\/wp-json\/wp\/v2\/pages"}],"about":[{"href":"https:\/\/welaikaadv.site\/avviso\/wp-json\/wp\/v2\/types\/page"}],"author":[{"embeddable":true,"href":"https:\/\/welaikaadv.site\/avviso\/wp-json\/wp\/v2\/users\/1"}],"replies":[{"embeddable":true,"href":"https:\/\/welaikaadv.site\/avviso\/wp-json\/wp\/v2\/comments?post=26170"}],"version-history":[{"count":0,"href":"https:\/\/welaikaadv.site\/avviso\/wp-json\/wp\/v2\/pages\/26170\/revisions"}],"up":[{"embeddable":true,"href":"https:\/\/welaikaadv.site\/avviso\/wp-json\/wp\/v2\/pages\/202"}],"wp:attachment":[{"href":"https:\/\/welaikaadv.site\/avviso\/wp-json\/wp\/v2\/media?parent=26170"}],"curies":[{"name":"wp","href":"https:\/\/api.w.org\/{rel}","templated":true}]}}