{"id":2622,"date":"2014-11-02T17:56:19","date_gmt":"2014-11-02T16:56:19","guid":{"rendered":"http:\/\/www.avvisopubblico.it\/osservatorio\/?page_id=2622"},"modified":"2014-11-02T17:56:19","modified_gmt":"2014-11-02T16:56:19","slug":"disposizioni-in-materia-di-beni-confiscati-alla-mafia","status":"publish","type":"page","link":"https:\/\/welaikaadv.site\/avviso\/home\/cosa-facciamo\/informare\/osservatorio-parlamentare\/attivita-legislativa\/progetti-di-legge-in-discussione\/disposizioni-in-materia-di-beni-confiscati-alla-mafia\/","title":{"rendered":"Disposizioni in materia di beni confiscati alla mafia"},"content":{"rendered":"<h4><strong>Atto Camera 2256, articolo 8<\/strong><\/h4>\n<h5><strong>Premessa<\/strong><\/h5>\n<p>E\u2019 in corso di esame presso la Commissione Bilancio della Camera dei deputati la <strong><a title=\"proposta di legge AC 2256\" href=\"http:\/\/www.camera.it\/leg17\/995?sezione=documenti&amp;tipoDoc=lavori_testo_pdl&amp;idLegislatura=17&amp;codice=17PDL0019440&amp;back_to=http:\/\/www.camera.it\/leg17\/126?tab=2-e-leg=17-e-idDocumento=2256-e-sede=-e-tipo=\" target=\"_blank\" rel=\"noopener\">proposta di legge AC 2256<\/a><\/strong>, gi\u00e0 approvata dal Senato il 27 marzo 2014, che riproduce alcune disposizioni contenute nei decreti legge n. 126 e n. 151 del 2013, in materia di regioni ed enti locali, ma non convertiti in legge. Tra queste c\u2019\u00e8 l\u2019art. 8 in materia di beni confiscati alla mafia.<\/p>\n<hr \/>\n<h5><strong>Testo dell\u2019art. 8<\/strong><\/h5>\n<p>L\u2019art. 8 (Modifiche al codice delle leggi antimafia in materia di trasferimento di beni confiscati al patrimonio degli enti territoriali) cos\u00ec recita: \u201c1. Al codice delle leggi antimafia e delle misure di prevenzione, di cui al decreto legislativo 6 settembre 2011, n. 159, sono apportate le seguenti modifiche:<\/p>\n<ol>\n<li>all&#8217;articolo 48, dopo il comma 8 \u00e8 inserito il seguente:<br \/>\n\u00ab8-bis. I beni di cui al comma 8 possono essere altres\u00ec trasferiti, per le finalit\u00e0 istituzionali o sociali di cui al comma 3, lettere c) e d), in via prioritaria al patrimonio del comune ove il bene \u00e8 sito, ovvero al patrimonio della provincia o della regione, qualora tale destinazione non sia tale da pregiudicare i diritti dei creditori dell&#8217;azienda medesima. Con decreto del Ministro dell&#8217;economia e delle finanze, di concerto con i Ministri dell&#8217;interno e della giustizia, sono determinate le modalit\u00e0 attuative della disposizione di cui al precedente periodo che assicurino il migliore e pi\u00f9 efficiente utilizzo dei suddetti beni senza pregiudizio per le finalit\u00e0 cui sono destinati i relativi proventi e senza nuovi o maggiori oneri per la finanza pubblica. Il trasferimento di cui al presente comma \u00e8 disposto, conformemente al decreto di cui al periodo precedente, con apposita delibera dell&#8217;Agenzia\u00bb;<\/li>\n<li>all&#8217;articolo 117, comma 8, primo periodo, le parole da: \u00abqualora si tratti\u00bb fino alla fine del periodo sono soppresse;<\/li>\n<li>all&#8217;articolo 117, dopo il comma 8 \u00e8 aggiunto il seguente:<br \/>\n\u00ab8-bis. L&#8217;Agenzia dispone altres\u00ec, ai sensi del comma 8, l&#8217;estromissione e il trasferimento dei beni immobili aziendali, in via prioritaria, al patrimonio degli enti territoriali che abbiano sottoscritto con l&#8217;Agenzia o comunque con pubbliche amministrazioni protocolli di intesa, accordi di programma ovvero analoghi atti idonei a disporre il trasferimento in propriet\u00e0 degli stessi beni, con efficacia decorrente dalla data indicata nei medesimi atti\u00bb.<\/li>\n<\/ol>\n<hr \/>\n<h5><strong>Note esplicative<\/strong><\/h5>\n<p>La disposizione in esame, integrando quanto previsto dal Codice antimafia (<em>art. 48<\/em>), prevede un\u2019ulteriore modalit\u00e0 di destinazione dei beni aziendali, che si aggiunge a quelle attualmente previste (affitto, vendita, liquidazione): infatti i beni aziendali possono anche essere trasferiti &#8211; per finalit\u00e0 istituzionali o sociali &#8211; prioritariamente al patrimonio di comuni, province o regioni, senza tuttavia pregiudicare i diritti dei creditori dell\u2019azienda. Spetter\u00e0 ad un decreto interministeriale definire le modalit\u00e0 di attuazione della disposizione \u201cche assicurino il migliore e pi\u00f9 efficiente utilizzo dei suddetti beni senza pregiudizio per le finalit\u00e0 cui sono destinati i relativi proventi\u201d.<\/p>\n<p>Anche con le modifiche all\u2019<em>art. 117<\/em> del Codice antimafia, si estende la possibilit\u00e0 di assegnazione agli enti territoriali dei beni aziendali: attualmente il comma 8 consente all\u2019Agenzia nazionale di sottrarre all\u2019azienda confiscata, ma non in liquidazione, singoli beni immobili ai fini del loro trasferimento al patrimonio degli enti territoriali \u201cche gi\u00e0 utilizzino quei beni per finalit\u00e0 istituzionali\u201d. In nuovo testo elimina il requisito della previa utilizzazione da parte dell\u2019ente, cos\u00ec estendendo la possibile estromissione a tutti i beni immobili dell\u2019azienda.<\/p>\n<p>Infine il nuovo <em>comma 8-bis all\u2019art. 117<\/em> del Codice prevede una priorit\u00e0 nel trasferimento dei beni aziendali estromessi in favore degli enti territoriali che abbiano sottoscritto con l\u2019Agenzia specifici protocolli, accordi di programma o atti analoghi idonei a disporre il trasferimento di propriet\u00e0 degli stessi beni.<\/p>\n<hr \/>\n<h5><strong>Commento<\/strong><\/h5>\n<p>Le disposizioni in esame appaiono volte a facilitare l\u2019assegnazione agli enti territoriali di alcuni beni aziendali, recependo per questo aspetto le indicazioni espresse anche dai responsabili dell\u2019Agenzia per i beni confiscati (vedi <a title=\"seduta della Commissione antimafia del 16 gennaio 2014\" href=\"http:\/\/www.camera.it\/leg17\/1058?idLegislatura=17&amp;tipologia=audiz2&amp;sottotipologia=audizione&amp;anno=2014&amp;mese=01&amp;giorno=16&amp;idCommissione=24&amp;numero=0008&amp;file=indice_stenografico\" target=\"_blank\" rel=\"noopener\"><strong>seduta della Commissione antimafia del 16 gennaio 2014<\/strong><\/a>).<\/p>\n<p style=\"text-align: right;\">(Ottobre 2014)<\/p>\n","protected":false},"excerpt":{"rendered":"<p>Atto Camera 2256, articolo 8 Premessa E\u2019 in corso di esame presso la Commissione Bilancio della Camera dei deputati la proposta di legge AC 2256,&nbsp;<span class=\"hellipsis\">[&hellip;]<\/span><a class=\"more-link\" href=\"https:\/\/welaikaadv.site\/avviso\/home\/cosa-facciamo\/informare\/osservatorio-parlamentare\/attivita-legislativa\/progetti-di-legge-in-discussione\/disposizioni-in-materia-di-beni-confiscati-alla-mafia\/\">Leggi tutto <span class=\"screen-reader-text\">Disposizioni in materia di beni confiscati alla mafia<\/span> <span class=\"meta-nav\" aria-hidden=\"true\">&rarr;<\/span><\/a><\/p>\n","protected":false},"author":1,"featured_media":0,"parent":2587,"menu_order":0,"comment_status":"closed","ping_status":"closed","template":"","meta":{"_acf_changed":false,"_exactmetrics_skip_tracking":false,"_exactmetrics_sitenote_active":false,"_exactmetrics_sitenote_note":"","_exactmetrics_sitenote_category":0,"wp_social_preview_title":"","wp_social_preview_description":"","wp_social_preview_image":0,"footnotes":""},"class_list":["post-2622","page","type-page","status-publish","hentry"],"acf":[],"yoast_head":"<!-- This site is optimized with the Yoast SEO plugin v27.2 - https:\/\/yoast.com\/product\/yoast-seo-wordpress\/ -->\n<title>Disposizioni in materia di beni confiscati alla mafia - Staging Avviso Pubblico<\/title>\n<meta name=\"robots\" content=\"noindex, follow, max-snippet:-1, max-image-preview:large, max-video-preview:-1\" \/>\n<meta property=\"og:locale\" content=\"it_IT\" \/>\n<meta property=\"og:type\" content=\"article\" \/>\n<meta property=\"og:title\" content=\"Disposizioni in materia di beni confiscati alla mafia - Staging Avviso Pubblico\" \/>\n<meta property=\"og:description\" content=\"Atto Camera 2256, articolo 8 Premessa E\u2019 in corso di esame presso la Commissione Bilancio della Camera dei deputati la proposta di legge AC 2256,&nbsp;[&hellip;]Leggi tutto Disposizioni in materia di beni confiscati alla mafia &rarr;\" \/>\n<meta property=\"og:url\" content=\"https:\/\/welaikaadv.site\/avviso\/home\/cosa-facciamo\/informare\/osservatorio-parlamentare\/attivita-legislativa\/progetti-di-legge-in-discussione\/disposizioni-in-materia-di-beni-confiscati-alla-mafia\/\" \/>\n<meta property=\"og:site_name\" content=\"Staging Avviso Pubblico\" \/>\n<meta name=\"twitter:card\" content=\"summary_large_image\" \/>\n<meta name=\"twitter:label1\" content=\"Tempo di lettura stimato\" \/>\n\t<meta name=\"twitter:data1\" content=\"3 minuti\" \/>\n<script type=\"application\/ld+json\" class=\"yoast-schema-graph\">{\"@context\":\"https:\/\/schema.org\",\"@graph\":[{\"@type\":\"WebPage\",\"@id\":\"https:\/\/welaikaadv.site\/avviso\/home\/cosa-facciamo\/informare\/osservatorio-parlamentare\/attivita-legislativa\/progetti-di-legge-in-discussione\/disposizioni-in-materia-di-beni-confiscati-alla-mafia\/\",\"url\":\"https:\/\/welaikaadv.site\/avviso\/home\/cosa-facciamo\/informare\/osservatorio-parlamentare\/attivita-legislativa\/progetti-di-legge-in-discussione\/disposizioni-in-materia-di-beni-confiscati-alla-mafia\/\",\"name\":\"Disposizioni in materia di beni confiscati alla mafia - Staging Avviso Pubblico\",\"isPartOf\":{\"@id\":\"https:\/\/welaikaadv.site\/avviso\/#website\"},\"datePublished\":\"2014-11-02T16:56:19+00:00\",\"breadcrumb\":{\"@id\":\"https:\/\/welaikaadv.site\/avviso\/home\/cosa-facciamo\/informare\/osservatorio-parlamentare\/attivita-legislativa\/progetti-di-legge-in-discussione\/disposizioni-in-materia-di-beni-confiscati-alla-mafia\/#breadcrumb\"},\"inLanguage\":\"it-IT\",\"potentialAction\":[{\"@type\":\"ReadAction\",\"target\":[\"https:\/\/welaikaadv.site\/avviso\/home\/cosa-facciamo\/informare\/osservatorio-parlamentare\/attivita-legislativa\/progetti-di-legge-in-discussione\/disposizioni-in-materia-di-beni-confiscati-alla-mafia\/\"]}]},{\"@type\":\"BreadcrumbList\",\"@id\":\"https:\/\/welaikaadv.site\/avviso\/home\/cosa-facciamo\/informare\/osservatorio-parlamentare\/attivita-legislativa\/progetti-di-legge-in-discussione\/disposizioni-in-materia-di-beni-confiscati-alla-mafia\/#breadcrumb\",\"itemListElement\":[{\"@type\":\"ListItem\",\"position\":1,\"name\":\"Home\",\"item\":\"https:\/\/welaikaadv.site\/avviso\/\"},{\"@type\":\"ListItem\",\"position\":2,\"name\":\"Disposizioni in materia di beni confiscati alla mafia\"}]},{\"@type\":\"WebSite\",\"@id\":\"https:\/\/welaikaadv.site\/avviso\/#website\",\"url\":\"https:\/\/welaikaadv.site\/avviso\/\",\"name\":\"Staging Avviso Pubblico\",\"description\":\"\",\"publisher\":{\"@id\":\"https:\/\/welaikaadv.site\/avviso\/#organization\"},\"potentialAction\":[{\"@type\":\"SearchAction\",\"target\":{\"@type\":\"EntryPoint\",\"urlTemplate\":\"https:\/\/welaikaadv.site\/avviso\/?s={search_term_string}\"},\"query-input\":{\"@type\":\"PropertyValueSpecification\",\"valueRequired\":true,\"valueName\":\"search_term_string\"}}],\"inLanguage\":\"it-IT\"},{\"@type\":\"Organization\",\"@id\":\"https:\/\/welaikaadv.site\/avviso\/#organization\",\"name\":\"Staging Avviso Pubblico\",\"url\":\"https:\/\/welaikaadv.site\/avviso\/\",\"logo\":{\"@type\":\"ImageObject\",\"inLanguage\":\"it-IT\",\"@id\":\"https:\/\/welaikaadv.site\/avviso\/#\/schema\/logo\/image\/\",\"url\":\"https:\/\/welaikaadv.site\/avviso\/wp-content\/uploads\/2024\/08\/logoAPsito-400.png\",\"contentUrl\":\"https:\/\/welaikaadv.site\/avviso\/wp-content\/uploads\/2024\/08\/logoAPsito-400.png\",\"width\":400,\"height\":97,\"caption\":\"Staging Avviso Pubblico\"},\"image\":{\"@id\":\"https:\/\/welaikaadv.site\/avviso\/#\/schema\/logo\/image\/\"}}]}<\/script>\n<!-- \/ Yoast SEO plugin. -->","yoast_head_json":{"title":"Disposizioni in materia di beni confiscati alla mafia - Staging Avviso Pubblico","robots":{"index":"noindex","follow":"follow","max-snippet":"max-snippet:-1","max-image-preview":"max-image-preview:large","max-video-preview":"max-video-preview:-1"},"og_locale":"it_IT","og_type":"article","og_title":"Disposizioni in materia di beni confiscati alla mafia - Staging Avviso Pubblico","og_description":"Atto Camera 2256, articolo 8 Premessa E\u2019 in corso di esame presso la Commissione Bilancio della Camera dei deputati la proposta di legge AC 2256,&nbsp;[&hellip;]Leggi tutto Disposizioni in materia di beni confiscati alla mafia &rarr;","og_url":"https:\/\/welaikaadv.site\/avviso\/home\/cosa-facciamo\/informare\/osservatorio-parlamentare\/attivita-legislativa\/progetti-di-legge-in-discussione\/disposizioni-in-materia-di-beni-confiscati-alla-mafia\/","og_site_name":"Staging Avviso Pubblico","twitter_card":"summary_large_image","twitter_misc":{"Tempo di lettura stimato":"3 minuti"},"schema":{"@context":"https:\/\/schema.org","@graph":[{"@type":"WebPage","@id":"https:\/\/welaikaadv.site\/avviso\/home\/cosa-facciamo\/informare\/osservatorio-parlamentare\/attivita-legislativa\/progetti-di-legge-in-discussione\/disposizioni-in-materia-di-beni-confiscati-alla-mafia\/","url":"https:\/\/welaikaadv.site\/avviso\/home\/cosa-facciamo\/informare\/osservatorio-parlamentare\/attivita-legislativa\/progetti-di-legge-in-discussione\/disposizioni-in-materia-di-beni-confiscati-alla-mafia\/","name":"Disposizioni in materia di beni confiscati alla mafia - Staging Avviso Pubblico","isPartOf":{"@id":"https:\/\/welaikaadv.site\/avviso\/#website"},"datePublished":"2014-11-02T16:56:19+00:00","breadcrumb":{"@id":"https:\/\/welaikaadv.site\/avviso\/home\/cosa-facciamo\/informare\/osservatorio-parlamentare\/attivita-legislativa\/progetti-di-legge-in-discussione\/disposizioni-in-materia-di-beni-confiscati-alla-mafia\/#breadcrumb"},"inLanguage":"it-IT","potentialAction":[{"@type":"ReadAction","target":["https:\/\/welaikaadv.site\/avviso\/home\/cosa-facciamo\/informare\/osservatorio-parlamentare\/attivita-legislativa\/progetti-di-legge-in-discussione\/disposizioni-in-materia-di-beni-confiscati-alla-mafia\/"]}]},{"@type":"BreadcrumbList","@id":"https:\/\/welaikaadv.site\/avviso\/home\/cosa-facciamo\/informare\/osservatorio-parlamentare\/attivita-legislativa\/progetti-di-legge-in-discussione\/disposizioni-in-materia-di-beni-confiscati-alla-mafia\/#breadcrumb","itemListElement":[{"@type":"ListItem","position":1,"name":"Home","item":"https:\/\/welaikaadv.site\/avviso\/"},{"@type":"ListItem","position":2,"name":"Disposizioni in materia di beni confiscati alla mafia"}]},{"@type":"WebSite","@id":"https:\/\/welaikaadv.site\/avviso\/#website","url":"https:\/\/welaikaadv.site\/avviso\/","name":"Staging Avviso Pubblico","description":"","publisher":{"@id":"https:\/\/welaikaadv.site\/avviso\/#organization"},"potentialAction":[{"@type":"SearchAction","target":{"@type":"EntryPoint","urlTemplate":"https:\/\/welaikaadv.site\/avviso\/?s={search_term_string}"},"query-input":{"@type":"PropertyValueSpecification","valueRequired":true,"valueName":"search_term_string"}}],"inLanguage":"it-IT"},{"@type":"Organization","@id":"https:\/\/welaikaadv.site\/avviso\/#organization","name":"Staging Avviso Pubblico","url":"https:\/\/welaikaadv.site\/avviso\/","logo":{"@type":"ImageObject","inLanguage":"it-IT","@id":"https:\/\/welaikaadv.site\/avviso\/#\/schema\/logo\/image\/","url":"https:\/\/welaikaadv.site\/avviso\/wp-content\/uploads\/2024\/08\/logoAPsito-400.png","contentUrl":"https:\/\/welaikaadv.site\/avviso\/wp-content\/uploads\/2024\/08\/logoAPsito-400.png","width":400,"height":97,"caption":"Staging Avviso Pubblico"},"image":{"@id":"https:\/\/welaikaadv.site\/avviso\/#\/schema\/logo\/image\/"}}]}},"_links":{"self":[{"href":"https:\/\/welaikaadv.site\/avviso\/wp-json\/wp\/v2\/pages\/2622","targetHints":{"allow":["GET"]}}],"collection":[{"href":"https:\/\/welaikaadv.site\/avviso\/wp-json\/wp\/v2\/pages"}],"about":[{"href":"https:\/\/welaikaadv.site\/avviso\/wp-json\/wp\/v2\/types\/page"}],"author":[{"embeddable":true,"href":"https:\/\/welaikaadv.site\/avviso\/wp-json\/wp\/v2\/users\/1"}],"replies":[{"embeddable":true,"href":"https:\/\/welaikaadv.site\/avviso\/wp-json\/wp\/v2\/comments?post=2622"}],"version-history":[{"count":0,"href":"https:\/\/welaikaadv.site\/avviso\/wp-json\/wp\/v2\/pages\/2622\/revisions"}],"up":[{"embeddable":true,"href":"https:\/\/welaikaadv.site\/avviso\/wp-json\/wp\/v2\/pages\/2587"}],"wp:attachment":[{"href":"https:\/\/welaikaadv.site\/avviso\/wp-json\/wp\/v2\/media?parent=2622"}],"curies":[{"name":"wp","href":"https:\/\/api.w.org\/{rel}","templated":true}]}}