{"id":2694,"date":"2015-04-29T13:40:11","date_gmt":"2015-04-29T11:40:11","guid":{"rendered":"http:\/\/www.avvisopubblico.it\/osservatorio\/?page_id=2694"},"modified":"2015-04-29T13:40:11","modified_gmt":"2015-04-29T11:40:11","slug":"audizioni-svolte-dalla-commissione-antimafia-con-i-responsabili-dei-tribunali-per-le-misure-di-prevenzione","status":"publish","type":"page","link":"https:\/\/welaikaadv.site\/avviso\/home\/cosa-facciamo\/informare\/osservatorio-parlamentare\/attivita-dinchiesta\/attivita-dinchiesta-xvii\/commissione-bicamerale-antimafia\/audizioni-svolte-dalla-commissione-antimafia-con-i-responsabili-dei-tribunali-per-le-misure-di-prevenzione\/","title":{"rendered":"Commissione antimafia: audizioni con i responsabili dei tribunali per le misure di prevenzione"},"content":{"rendered":"<p>La Commissione antimafia ha svolto diverse audizioni con i magistrati responsabili delle misure di prevenzione patrimoniale nei confronti di soggetti mafiosi: vedi in particolare la seduta dell\u201911 marzo 2014 con il <strong><a title=\"Presidente della Sezione misure di prevenzione del Tribunale di Roma\" href=\"http:\/\/www.camera.it\/leg17\/1058?idLegislatura=17&amp;tipologia=audiz2&amp;sottotipologia=audizione&amp;anno=2014&amp;mese=03&amp;giorno=11&amp;idCommissione=24&amp;numero=0019&amp;file=indice_stenografico#stenograficoCommissione.tit00010.int00010\" target=\"_blank\" rel=\"noopener\">Presidente della Sezione misure di prevenzione del Tribunale di Roma<\/a><\/strong> e di quella del 18 marzo 2014 con i <strong><a title=\"Presidenti della sezione misure di prevenzione dei Tribunale di Napoli e Bari\" href=\"http:\/\/www.camera.it\/leg17\/1058?idLegislatura=17&amp;tipologia=audiz2&amp;sottotipologia=audizione&amp;anno=2014&amp;mese=03&amp;giorno=18&amp;idCommissione=24&amp;numero=0022&amp;file=indice_stenografico#stenograficoCommissione.tit00010.int00010\" target=\"_blank\" rel=\"noopener\">Presidenti della sezione misure di prevenzione dei Tribunale di Napoli e Bari<\/a><\/strong>.\u00a0 Vedi anche la seduta del 14 aprile 2014 con il <strong><a title=\"Procuratore aggiunto della Repubblica presso il tribunale di Reggio Calabria\" href=\"http:\/\/www.camera.it\/leg17\/1058?idLegislatura=17&amp;tipologia=audiz2&amp;sottotipologia=audizione&amp;anno=2014&amp;mese=04&amp;giorno=14&amp;idCommissione=24&amp;numero=0027&amp;file=indice_stenografico\" target=\"_blank\" rel=\"noopener\">Procuratore aggiunto della Repubblica presso il tribunale di Reggio Calabria<\/a><\/strong>. Un ulteriore audizione si \u00e8 svolta il <strong><a href=\"http:\/\/www.camera.it\/leg17\/824?tipo=C&amp;anno=2015&amp;mese=04&amp;giorno=28&amp;view=&amp;commissione=24&amp;pagina=#data.20150428.com24.bollettino.sede00010.tit00010\">28 aprile 2015<\/a><\/strong> con i magistrati del Tribunale di Palermo. Qui di seguito sono sintetizzati alcuni dei temi trattati, sulla base degli stenografici sino pubblicati.<\/p>\n<hr \/>\n<p><strong>La crescita dei procedimenti di sequestro<\/strong><\/p>\n<p>I procedimenti di sequestro costituiscono uno strumento essenziale nella lotta alla criminalit\u00e0 organizzata, che infatti si oppone con ogni mezzo in sede processuale per contrastare tali misure di prevenzione. Le risorse umane a disposizione degli uffici sono spesso inadeguate a far fronte ai complessi adempimenti richiesti.<\/p>\n<p>In particolare, a Roma si registra negli ultimi anni una crescita notevole delle misure patrimoniali: si \u00e8 passati da una media di meno di 10 misure patrimoniali all&#8217;anno alle 73 del 2013. Il Tribunale di Roma sta gestendo un numero elevatissimo di beni (1.052 immobili, 476 aziende, 362 veicoli e varie imbarcazioni). Per gli immobili, in particolare, le tipologie sono assai varie: ma molti di essi potrebbero essere destinati utilmente sia per finalit\u00e0 sociali (cittadini senza casa, studenti fuori sede, centri antiviolenza, centri per anziani etc) oppure per le esigenze delle forze di polizia, ottenendo significativi risparmi nelle spese di\u00a0 locazione.<\/p>\n<hr \/>\n<p><strong>La valorizzazione dei beni sequestrati<\/strong><\/p>\n<p>Il Presidente della sezione misure di prevenzione del tribunale di Roma sottolinea l\u2019importanza del protocollo firmato il 10 marzo 2014 tra la Presidenza del Tribunale Roma capitale, la regione Lazio, Confindustria Lazio, Confcommercio e ABI, cui potranno aderire anche altri soggetti (camera di commercio, sindacati, Libera, Confagricoltura, Confartigianato etc); esso fa seguito a quello di Milano; anche altri Tribunali sono interessati a seguire tale esempio. Il protocollo \u00e8 volto a facilitare la destinazione ottimale dei beni ed in particolare la gestione delle aziende, con l&#8217;accordo di Confcommercio e Confindustria, che devono assicurare un appoggio manageriale sia per le scelte gestionali iniziali sia per l&#8217;individuazione di manager da porre a capo dell&#8217;azienda una volta sostituito il soggetto pericoloso, in grado di dare le indicazioni concrete per l&#8217;attivit\u00e0. Normalmente, l&#8217;amministratore giudiziario \u00e8 infatti un commercialista che non possiede le conoscenze necessarie a gestire settori con caratteristiche molto diverse tra loro (come possono essere quelli della distribuzione, della ristorazione, dei cantieri navali etc): in questo caso disporre di elenco di persone esperte nei diversi campi potrebbe essere molto utile, anche quando si tratta di piccole ditte (come ad esempio delle pizzerie).<\/p>\n<p>In quest\u2019ottica, si potrebbe nominare come preposto alla gestione del bene un manager specializzato, retribuito, magari attingendo a quei manager che sono usciti dal mercato per la crisi economica oppure agli imprenditori che hanno perso le attivit\u00e0 come soggetti passivi di azioni criminali.<\/p>\n<p>Un aspetto centrale \u00e8 quello del credito, perch\u00e9 il sequestro determina in tantissimi casi l\u2019interruzione delle linee di credito: l\u2019ABI sottolinea al riguardo l&#8217;opportunit\u00e0 di creare un fondo di garanzia a favore delle banche in relazione ai nuovi finanziamenti per agevolare la gestione delle aziende sane soggette a confisca; a tal fine potrebbero essere utilizzate anche le risorse del Fondo unico per la giustizia.<\/p>\n<p>Occorre in ogni caso superare una visione pi\u00f9 ristretta, propria del diritto fallimentare, in modo da assicurare il raggiungimento della finalit\u00e0 delle disposizioni in materia di riutilizzo dei beni confiscati, che sono volte proprio a mantenere e aumentare il valore dei beni sequestrati; tenere un bene efficiente non significa necessariamente avere un canone di locazione, ma anche evitarne il deterioramento.<\/p>\n<p>Nel caso di alcune pizzerie sottoposte a sequestro a Roma, riciclando i soldi del clan camorristico Contini, il Tribunale si \u00e8 preoccupato innanzitutto di salvaguardare i posti di lavoro, mettendo in regola tutti i dipendenti, e far proseguire l\u2019attivit\u00e0. Sono stati allontanati solo i proposti ed i loro pi\u00f9 stretti familiari che gestivano i locali, sostituendoli con nuovi amministratori.<\/p>\n<p>Chiaramente, questo discorso del salvataggio e della valorizzazione non si pu\u00f2 applicare per le aziende che non sono in grado di proseguire l&#8217;attivit\u00e0 perch\u00e9, per esempio, servivano unicamente a commettere reati ovvero non hanno nessuna consistenza patrimoniale, ovvero sono scatole vuote; in tali casi l\u2019unica soluzione \u00e8 quella di dissequestrare e liquidare le aziende. Questa tesi \u00e8 stata sostenuta anche, nella <strong><a title=\"seduta del 12.2.2014\" href=\"http:\/\/www.camera.it\/leg17\/1058?idLegislatura=17&amp;tipologia=audiz2&amp;sottotipologia=audizione&amp;anno=2014&amp;mese=02&amp;giorno=12&amp;idCommissione=24&amp;numero=0017&amp;file=indice_stenografico\" target=\"_blank\" rel=\"noopener\">seduta del 12.2.2014<\/a><\/strong>, dal Procuratore generale presso il Tribunale di Roma, con riferimento proprio alle aziende che non hanno una vera e propria realt\u00e0 economico-imprenditoriale e si limitano, da un lato, a fornire un apparente posto di lavoro a parenti o amici prestanome del mafioso che ne sia il reale proprietario e, dall&#8217;altro, a svolgere improbabili attivit\u00e0 economiche che occultano e coprono una sostanziale attivit\u00e0 di riciclaggio. (Sulle aziende che vivono in una situazione di concorrenza distorta \u00a0vedi anche le considerazioni del Procuratore aggiunto della Repubblica presso il tribunale di Reggio Calabria nella <a href=\"http:\/\/www.camera.it\/leg17\/1058?idLegislatura=17&amp;tipologia=audiz2&amp;sottotipologia=audizione&amp;anno=2014&amp;mese=04&amp;giorno=14&amp;idCommissione=24&amp;numero=0027&amp;file=indice_stenografico\">seduta del 14 aprile 2014<\/a>). Siamo in presenza in moltissimi casi di piccole imprese a carattere familiare in cui sono impiegati i parenti stretti del proprietario. Il salvataggio di queste imprese \u00e8 giudicato inutile ed anche dannoso.<\/p>\n<hr \/>\n<p><strong>L\u2019udienza di verifica dei crediti e i diritti dei terzi<\/strong><\/p>\n<p>Un problema importante riguarda i tempi del riconoscimento e pagamento dei debiti pregressi, attualmente rinviato all&#8217;udienza di verifica dei crediti; questa soluzione \u00e8 quella pi\u00f9 logica nelle procedure del diritto fallimentare, ma che mal si concilia con l\u2019 esigenza di garantire immediatamente la prosecuzione dell\u2019attivit\u00e0 di un\u2019azienda sottoposta a sequestro, perch\u00e9 di tratta di rinviare per moltissimo tempo \u00a0\u2013 l&#8217;udienza di verifica dei crediti, infatti, dura anni e in genere finisce dopo la confisca definitiva \u2013 il pagamento di forniture fatte da terzi la cui buona fede, soprattutto nei casi in cui la fornitura \u00e8 utilizzata proprio per la vita dell&#8217;azienda sequestrata.<\/p>\n<p>Un altro aspetto \u00e8 quello della vendita degli immobili: anche qui non \u00e8 opportuno attendere l&#8217;esito dell&#8217;udienza di verifica dei crediti, perch\u00e9 in attesa della conclusione del procedimento di confisca \u00e8 inevitabile che l&#8217;azienda o l&#8217;immobile, se non ben gestito, perda gran parte del suo valore. Attualmente l&#8217;articolo 48 del codice antimafia stabilisce che i beni immobili possono essere venduti solo ove non sia possibile effettuare la destinazione o il trasferimento a enti pubblici. Occorrerebbe introdurre una disposizione che venga in aiuto del terzo creditore in buona fede perch\u00e9 i crediti siano almeno in parte pagati, attraverso l\u2019istituzione di un fondo di garanzia.<\/p>\n<p>Un\u2019altra proposta riguarda l\u2019ampliamento delle ipotesi di restituzione per equivalente, oggi limitata a casi particolari.<\/p>\n<hr \/>\n<p><strong>I problemi della competenza territoriale<\/strong><\/p>\n<p>Sulla base della normativa vigente e della giurisprudenza, la competenza di basa sulla dimora del soggetto mafioso; se si tratta di soggetto appartenente ad associazione mafiosa, questa va individuata nel luogo ove l&#8217;associazione \u00e8 attiva. In tal modo, per\u00f2 sorgono notevoli problemi per una situazione come quella di Roma, che \u00e8 spesso luogo di investimento e riciclaggio dei beni di organizzazioni criminali operanti fuori della Capitale e praticamente la stragrande maggioranza dei procedimenti di prevenzione dovrebbe essere gestita dai Tribunali di Napoli, Reggio Calabria, Catanzaro, Palermo, Caltanissetta etc. E\u2019 stata sottolineata la necessit\u00e0 di specificare in modo diverso la competenza territoriale, a prescindere dal fatto che il proposto appartenga o meno a un sodalizio mafioso operante in altro territorio. E se il soggetto pericoloso manifesta la pericolosit\u00e0 in luoghi diversi (cosa abbastanza frequente) la competenza potrebbe spettare al tribunale del capoluogo di distretto dove il proposto dimora abitualmente.<\/p>\n<p>Sempre in tema di competenza territoriale, si dovrebbe consentire l\u2019eccezione di incompetenza entro la conclusione del procedimento di primo grado per evitare che si agiti come una specie di spada di Damocle su tutto il procedimento sino alla fine. Occorrerebbe infine introdurre un rimedio analogo a quell&#8217;articolo 27 del codice di procedura penale nel caso di dichiarazione di incompetenza del tribunale, consentendo cos\u00ec di mantenere il sequestro sino all&#8217;eventuale provvedimento di convalida del giudice competente, ed evitando cos\u00ec la perdita del bene.<\/p>\n<hr \/>\n<p><strong>I rapporti con l\u2019Agenzia per i beni confiscati<\/strong><\/p>\n<p>I responsabili dei Tribunale di Roma e Napoli sottolineano l\u2019opportunit\u00e0 di affidare alla sola amministrazione giudiziaria la gestione del bene sequestrato fino alla confisca definitiva, ferma restando l\u2019attivit\u00e0 di assistenza e di coordinamento da parte dell\u2019Agenzia per i beni confiscati, perch\u00e9 l\u2019attuale sovrapposizione di competenze, ai sensi dell\u2019art. 38 del codice antimafia, pu\u00f2 determinare pericolosi ritardi.<\/p>\n<p style=\"text-align: right;\">(<em>ultimo aggiornamento 29 aprile 2015<\/em>)<\/p>\n","protected":false},"excerpt":{"rendered":"<p>La Commissione antimafia ha svolto diverse audizioni con i magistrati responsabili delle misure di prevenzione patrimoniale nei confronti di soggetti mafiosi: vedi in particolare la&nbsp;<span class=\"hellipsis\">[&hellip;]<\/span><a class=\"more-link\" href=\"https:\/\/welaikaadv.site\/avviso\/home\/cosa-facciamo\/informare\/osservatorio-parlamentare\/attivita-dinchiesta\/attivita-dinchiesta-xvii\/commissione-bicamerale-antimafia\/audizioni-svolte-dalla-commissione-antimafia-con-i-responsabili-dei-tribunali-per-le-misure-di-prevenzione\/\">Leggi tutto <span class=\"screen-reader-text\">Commissione antimafia: audizioni con i responsabili dei tribunali per le misure di prevenzione<\/span> <span class=\"meta-nav\" aria-hidden=\"true\">&rarr;<\/span><\/a><\/p>\n","protected":false},"author":1,"featured_media":0,"parent":2662,"menu_order":0,"comment_status":"closed","ping_status":"closed","template":"","meta":{"_acf_changed":false,"_exactmetrics_skip_tracking":false,"_exactmetrics_sitenote_active":false,"_exactmetrics_sitenote_note":"","_exactmetrics_sitenote_category":0,"wp_social_preview_title":"","wp_social_preview_description":"","wp_social_preview_image":0,"footnotes":""},"class_list":["post-2694","page","type-page","status-publish","hentry"],"acf":[],"yoast_head":"<!-- This site is optimized with the Yoast SEO plugin v27.2 - https:\/\/yoast.com\/product\/yoast-seo-wordpress\/ -->\n<title>Commissione antimafia: audizioni con i responsabili dei tribunali per le misure di prevenzione - Staging Avviso Pubblico<\/title>\n<meta name=\"robots\" content=\"noindex, follow, max-snippet:-1, max-image-preview:large, max-video-preview:-1\" \/>\n<meta property=\"og:locale\" content=\"it_IT\" \/>\n<meta property=\"og:type\" content=\"article\" \/>\n<meta property=\"og:title\" content=\"Commissione antimafia: audizioni con i responsabili dei tribunali per le misure di prevenzione - Staging Avviso Pubblico\" \/>\n<meta property=\"og:description\" content=\"La Commissione antimafia ha svolto diverse audizioni con i magistrati responsabili delle misure di prevenzione patrimoniale nei confronti di soggetti mafiosi: vedi in particolare la&nbsp;[&hellip;]Leggi tutto Commissione antimafia: audizioni con i responsabili dei tribunali per le misure di prevenzione &rarr;\" \/>\n<meta property=\"og:url\" content=\"https:\/\/welaikaadv.site\/avviso\/home\/cosa-facciamo\/informare\/osservatorio-parlamentare\/attivita-dinchiesta\/attivita-dinchiesta-xvii\/commissione-bicamerale-antimafia\/audizioni-svolte-dalla-commissione-antimafia-con-i-responsabili-dei-tribunali-per-le-misure-di-prevenzione\/\" \/>\n<meta property=\"og:site_name\" content=\"Staging Avviso Pubblico\" \/>\n<meta name=\"twitter:card\" content=\"summary_large_image\" \/>\n<meta name=\"twitter:label1\" content=\"Tempo di lettura stimato\" \/>\n\t<meta name=\"twitter:data1\" content=\"7 minuti\" \/>\n<script type=\"application\/ld+json\" class=\"yoast-schema-graph\">{\"@context\":\"https:\/\/schema.org\",\"@graph\":[{\"@type\":\"WebPage\",\"@id\":\"https:\/\/welaikaadv.site\/avviso\/home\/cosa-facciamo\/informare\/osservatorio-parlamentare\/attivita-dinchiesta\/attivita-dinchiesta-xvii\/commissione-bicamerale-antimafia\/audizioni-svolte-dalla-commissione-antimafia-con-i-responsabili-dei-tribunali-per-le-misure-di-prevenzione\/\",\"url\":\"https:\/\/welaikaadv.site\/avviso\/home\/cosa-facciamo\/informare\/osservatorio-parlamentare\/attivita-dinchiesta\/attivita-dinchiesta-xvii\/commissione-bicamerale-antimafia\/audizioni-svolte-dalla-commissione-antimafia-con-i-responsabili-dei-tribunali-per-le-misure-di-prevenzione\/\",\"name\":\"Commissione antimafia: audizioni con i responsabili dei tribunali per le misure di prevenzione - Staging Avviso Pubblico\",\"isPartOf\":{\"@id\":\"https:\/\/welaikaadv.site\/avviso\/#website\"},\"datePublished\":\"2015-04-29T11:40:11+00:00\",\"breadcrumb\":{\"@id\":\"https:\/\/welaikaadv.site\/avviso\/home\/cosa-facciamo\/informare\/osservatorio-parlamentare\/attivita-dinchiesta\/attivita-dinchiesta-xvii\/commissione-bicamerale-antimafia\/audizioni-svolte-dalla-commissione-antimafia-con-i-responsabili-dei-tribunali-per-le-misure-di-prevenzione\/#breadcrumb\"},\"inLanguage\":\"it-IT\",\"potentialAction\":[{\"@type\":\"ReadAction\",\"target\":[\"https:\/\/welaikaadv.site\/avviso\/home\/cosa-facciamo\/informare\/osservatorio-parlamentare\/attivita-dinchiesta\/attivita-dinchiesta-xvii\/commissione-bicamerale-antimafia\/audizioni-svolte-dalla-commissione-antimafia-con-i-responsabili-dei-tribunali-per-le-misure-di-prevenzione\/\"]}]},{\"@type\":\"BreadcrumbList\",\"@id\":\"https:\/\/welaikaadv.site\/avviso\/home\/cosa-facciamo\/informare\/osservatorio-parlamentare\/attivita-dinchiesta\/attivita-dinchiesta-xvii\/commissione-bicamerale-antimafia\/audizioni-svolte-dalla-commissione-antimafia-con-i-responsabili-dei-tribunali-per-le-misure-di-prevenzione\/#breadcrumb\",\"itemListElement\":[{\"@type\":\"ListItem\",\"position\":1,\"name\":\"Home\",\"item\":\"https:\/\/welaikaadv.site\/avviso\/\"},{\"@type\":\"ListItem\",\"position\":2,\"name\":\"Commissione antimafia: audizioni con i responsabili dei tribunali per le misure di prevenzione\"}]},{\"@type\":\"WebSite\",\"@id\":\"https:\/\/welaikaadv.site\/avviso\/#website\",\"url\":\"https:\/\/welaikaadv.site\/avviso\/\",\"name\":\"Staging Avviso Pubblico\",\"description\":\"\",\"publisher\":{\"@id\":\"https:\/\/welaikaadv.site\/avviso\/#organization\"},\"potentialAction\":[{\"@type\":\"SearchAction\",\"target\":{\"@type\":\"EntryPoint\",\"urlTemplate\":\"https:\/\/welaikaadv.site\/avviso\/?s={search_term_string}\"},\"query-input\":{\"@type\":\"PropertyValueSpecification\",\"valueRequired\":true,\"valueName\":\"search_term_string\"}}],\"inLanguage\":\"it-IT\"},{\"@type\":\"Organization\",\"@id\":\"https:\/\/welaikaadv.site\/avviso\/#organization\",\"name\":\"Staging Avviso Pubblico\",\"url\":\"https:\/\/welaikaadv.site\/avviso\/\",\"logo\":{\"@type\":\"ImageObject\",\"inLanguage\":\"it-IT\",\"@id\":\"https:\/\/welaikaadv.site\/avviso\/#\/schema\/logo\/image\/\",\"url\":\"https:\/\/welaikaadv.site\/avviso\/wp-content\/uploads\/2024\/08\/logoAPsito-400.png\",\"contentUrl\":\"https:\/\/welaikaadv.site\/avviso\/wp-content\/uploads\/2024\/08\/logoAPsito-400.png\",\"width\":400,\"height\":97,\"caption\":\"Staging Avviso Pubblico\"},\"image\":{\"@id\":\"https:\/\/welaikaadv.site\/avviso\/#\/schema\/logo\/image\/\"}}]}<\/script>\n<!-- \/ Yoast SEO plugin. -->","yoast_head_json":{"title":"Commissione antimafia: audizioni con i responsabili dei tribunali per le misure di prevenzione - Staging Avviso Pubblico","robots":{"index":"noindex","follow":"follow","max-snippet":"max-snippet:-1","max-image-preview":"max-image-preview:large","max-video-preview":"max-video-preview:-1"},"og_locale":"it_IT","og_type":"article","og_title":"Commissione antimafia: audizioni con i responsabili dei tribunali per le misure di prevenzione - Staging Avviso Pubblico","og_description":"La Commissione antimafia ha svolto diverse audizioni con i magistrati responsabili delle misure di prevenzione patrimoniale nei confronti di soggetti mafiosi: vedi in particolare la&nbsp;[&hellip;]Leggi tutto Commissione antimafia: audizioni con i responsabili dei tribunali per le misure di prevenzione &rarr;","og_url":"https:\/\/welaikaadv.site\/avviso\/home\/cosa-facciamo\/informare\/osservatorio-parlamentare\/attivita-dinchiesta\/attivita-dinchiesta-xvii\/commissione-bicamerale-antimafia\/audizioni-svolte-dalla-commissione-antimafia-con-i-responsabili-dei-tribunali-per-le-misure-di-prevenzione\/","og_site_name":"Staging Avviso Pubblico","twitter_card":"summary_large_image","twitter_misc":{"Tempo di lettura stimato":"7 minuti"},"schema":{"@context":"https:\/\/schema.org","@graph":[{"@type":"WebPage","@id":"https:\/\/welaikaadv.site\/avviso\/home\/cosa-facciamo\/informare\/osservatorio-parlamentare\/attivita-dinchiesta\/attivita-dinchiesta-xvii\/commissione-bicamerale-antimafia\/audizioni-svolte-dalla-commissione-antimafia-con-i-responsabili-dei-tribunali-per-le-misure-di-prevenzione\/","url":"https:\/\/welaikaadv.site\/avviso\/home\/cosa-facciamo\/informare\/osservatorio-parlamentare\/attivita-dinchiesta\/attivita-dinchiesta-xvii\/commissione-bicamerale-antimafia\/audizioni-svolte-dalla-commissione-antimafia-con-i-responsabili-dei-tribunali-per-le-misure-di-prevenzione\/","name":"Commissione antimafia: audizioni con i responsabili dei tribunali per le misure di prevenzione - Staging Avviso Pubblico","isPartOf":{"@id":"https:\/\/welaikaadv.site\/avviso\/#website"},"datePublished":"2015-04-29T11:40:11+00:00","breadcrumb":{"@id":"https:\/\/welaikaadv.site\/avviso\/home\/cosa-facciamo\/informare\/osservatorio-parlamentare\/attivita-dinchiesta\/attivita-dinchiesta-xvii\/commissione-bicamerale-antimafia\/audizioni-svolte-dalla-commissione-antimafia-con-i-responsabili-dei-tribunali-per-le-misure-di-prevenzione\/#breadcrumb"},"inLanguage":"it-IT","potentialAction":[{"@type":"ReadAction","target":["https:\/\/welaikaadv.site\/avviso\/home\/cosa-facciamo\/informare\/osservatorio-parlamentare\/attivita-dinchiesta\/attivita-dinchiesta-xvii\/commissione-bicamerale-antimafia\/audizioni-svolte-dalla-commissione-antimafia-con-i-responsabili-dei-tribunali-per-le-misure-di-prevenzione\/"]}]},{"@type":"BreadcrumbList","@id":"https:\/\/welaikaadv.site\/avviso\/home\/cosa-facciamo\/informare\/osservatorio-parlamentare\/attivita-dinchiesta\/attivita-dinchiesta-xvii\/commissione-bicamerale-antimafia\/audizioni-svolte-dalla-commissione-antimafia-con-i-responsabili-dei-tribunali-per-le-misure-di-prevenzione\/#breadcrumb","itemListElement":[{"@type":"ListItem","position":1,"name":"Home","item":"https:\/\/welaikaadv.site\/avviso\/"},{"@type":"ListItem","position":2,"name":"Commissione antimafia: audizioni con i responsabili dei tribunali per le misure di prevenzione"}]},{"@type":"WebSite","@id":"https:\/\/welaikaadv.site\/avviso\/#website","url":"https:\/\/welaikaadv.site\/avviso\/","name":"Staging Avviso Pubblico","description":"","publisher":{"@id":"https:\/\/welaikaadv.site\/avviso\/#organization"},"potentialAction":[{"@type":"SearchAction","target":{"@type":"EntryPoint","urlTemplate":"https:\/\/welaikaadv.site\/avviso\/?s={search_term_string}"},"query-input":{"@type":"PropertyValueSpecification","valueRequired":true,"valueName":"search_term_string"}}],"inLanguage":"it-IT"},{"@type":"Organization","@id":"https:\/\/welaikaadv.site\/avviso\/#organization","name":"Staging Avviso Pubblico","url":"https:\/\/welaikaadv.site\/avviso\/","logo":{"@type":"ImageObject","inLanguage":"it-IT","@id":"https:\/\/welaikaadv.site\/avviso\/#\/schema\/logo\/image\/","url":"https:\/\/welaikaadv.site\/avviso\/wp-content\/uploads\/2024\/08\/logoAPsito-400.png","contentUrl":"https:\/\/welaikaadv.site\/avviso\/wp-content\/uploads\/2024\/08\/logoAPsito-400.png","width":400,"height":97,"caption":"Staging Avviso Pubblico"},"image":{"@id":"https:\/\/welaikaadv.site\/avviso\/#\/schema\/logo\/image\/"}}]}},"_links":{"self":[{"href":"https:\/\/welaikaadv.site\/avviso\/wp-json\/wp\/v2\/pages\/2694","targetHints":{"allow":["GET"]}}],"collection":[{"href":"https:\/\/welaikaadv.site\/avviso\/wp-json\/wp\/v2\/pages"}],"about":[{"href":"https:\/\/welaikaadv.site\/avviso\/wp-json\/wp\/v2\/types\/page"}],"author":[{"embeddable":true,"href":"https:\/\/welaikaadv.site\/avviso\/wp-json\/wp\/v2\/users\/1"}],"replies":[{"embeddable":true,"href":"https:\/\/welaikaadv.site\/avviso\/wp-json\/wp\/v2\/comments?post=2694"}],"version-history":[{"count":0,"href":"https:\/\/welaikaadv.site\/avviso\/wp-json\/wp\/v2\/pages\/2694\/revisions"}],"up":[{"embeddable":true,"href":"https:\/\/welaikaadv.site\/avviso\/wp-json\/wp\/v2\/pages\/2662"}],"wp:attachment":[{"href":"https:\/\/welaikaadv.site\/avviso\/wp-json\/wp\/v2\/media?parent=2694"}],"curies":[{"name":"wp","href":"https:\/\/api.w.org\/{rel}","templated":true}]}}