{"id":27626,"date":"2018-09-04T18:32:30","date_gmt":"2018-09-04T16:32:30","guid":{"rendered":"http:\/\/www.avvisopubblico.it\/home\/?page_id=27626"},"modified":"2018-09-04T18:32:30","modified_gmt":"2018-09-04T16:32:30","slug":"chiusura-di-una-sala-gioco-per-violazione-delle-norme-sulle-distanze-minime-dai-luoghi-sensibili","status":"publish","type":"page","link":"https:\/\/welaikaadv.site\/avviso\/chiusura-di-una-sala-gioco-per-violazione-delle-norme-sulle-distanze-minime-dai-luoghi-sensibili\/","title":{"rendered":"Chiusura di una sala gioco per violazione delle norme sulle distanze minime dai luoghi sensibili"},"content":{"rendered":"<p><strong>Premessa<\/strong>. Il TAR Lombardia (<em>sentenza n. 1916\/2018<\/em>) ha respinto il ricorso presentato dal titolare di una sala giochi contro un provvedimento di chiusura dell\u2019attivit\u00e0, ex art. 110, c. 6 del TULPS, notificato dal Comune di San Martino Siccomario (PV) per la violazione del \u201cRegolamento comunale per l\u2019apertura e la gestione del gioco\u201d.<\/p>\n<p><strong>Violazioni<\/strong>. Nella sentenza viene sottolineato come l\u2019attivit\u00e0 di sala giochi \u00e8 stata esercitata per tre anni, \u201cin assenza di autorizzazione comunale\u201d che non viene assorbita dalla licenza ex art. 88 del TULPS in possesso del titolare \u201coperando i due titoli su piani e a tutela di interessi pubblici distinti\u201d; in particolare l\u2019atvit\u00e0 \u00e8 stata svolta \u201cin violazione del criterio demografico di cui all\u2019art. 5, c. 1, del Regolamento Comunale e in violazione dei criteri di ubicazione (distanziometro)\u201d, essendo situata a meno di 250 metri dai luoghi sensibili individuati da Regolamento comunale. Inoltre all\u2019interno dell\u2019esercizio sono presenti apparecchi VLT, rendendo \u201cnecessarie sia la licenza di polizia rilasciata dal Questore, a norma dell\u2019art. 88 TULPS, sia l\u2019autorizzazione del Comune, ai sensi dell\u2019art. 86 TULPS\u201d, come espressamente previsto dall\u2019art. 4 del d.lgs. n. 222\/2016, che indica \u201cche l\u2019esercizio di tali attivit\u00e0 sia subordinato ad un\u2019autorizzazione, e non pertanto ad una semplice Scia (TAR Lombardia, n. 766\/2018)\u201d. Tale mancante autorizzazione \u00e8 prevista per \u201ctutelare e preservare la qualit\u00e0 ambientale, nonch\u00e9 la peculiarit\u00e0 e tipicit\u00e0 del tessuto urbano al cui interno la sala giochi si colloca, e la tutela del consumatore rispetto alla c.d. ludopatia\u201d.<\/p>\n<p><em>(a cura di Sara Capitanio, vincitrice della borsa di studio di Avviso Pubblico sul gioco d\u2019azzardo)<\/em><\/p>\n","protected":false},"excerpt":{"rendered":"<p>Premessa. Il TAR Lombardia (sentenza n. 1916\/2018) ha respinto il ricorso presentato dal titolare di una sala giochi contro un provvedimento di chiusura dell\u2019attivit\u00e0, ex&nbsp;<span class=\"hellipsis\">[&hellip;]<\/span><a class=\"more-link\" href=\"https:\/\/welaikaadv.site\/avviso\/chiusura-di-una-sala-gioco-per-violazione-delle-norme-sulle-distanze-minime-dai-luoghi-sensibili\/\">Leggi tutto <span class=\"screen-reader-text\">Chiusura di una sala gioco per violazione delle norme sulle distanze minime dai luoghi sensibili<\/span> <span class=\"meta-nav\" aria-hidden=\"true\">&rarr;<\/span><\/a><\/p>\n","protected":false},"author":1,"featured_media":0,"parent":0,"menu_order":0,"comment_status":"closed","ping_status":"closed","template":"","meta":{"_acf_changed":false,"_exactmetrics_skip_tracking":false,"_exactmetrics_sitenote_active":false,"_exactmetrics_sitenote_note":"","_exactmetrics_sitenote_category":0,"wp_social_preview_title":"","wp_social_preview_description":"","wp_social_preview_image":0,"footnotes":""},"class_list":["post-27626","page","type-page","status-publish","hentry"],"acf":[],"yoast_head":"<!-- This site is optimized with the Yoast SEO plugin v27.2 - https:\/\/yoast.com\/product\/yoast-seo-wordpress\/ -->\n<title>Chiusura di una sala gioco per violazione delle norme sulle distanze minime dai luoghi sensibili - Staging Avviso Pubblico<\/title>\n<meta name=\"robots\" content=\"noindex, follow, max-snippet:-1, max-image-preview:large, max-video-preview:-1\" \/>\n<meta property=\"og:locale\" content=\"it_IT\" \/>\n<meta property=\"og:type\" content=\"article\" \/>\n<meta property=\"og:title\" content=\"Chiusura di una sala gioco per violazione delle norme sulle distanze minime dai luoghi sensibili - Staging Avviso Pubblico\" \/>\n<meta property=\"og:description\" content=\"Premessa. Il TAR Lombardia (sentenza n. 1916\/2018) ha respinto il ricorso presentato dal titolare di una sala giochi contro un provvedimento di chiusura dell\u2019attivit\u00e0, ex&nbsp;[&hellip;]Leggi tutto Chiusura di una sala gioco per violazione delle norme sulle distanze minime dai luoghi sensibili &rarr;\" \/>\n<meta property=\"og:url\" content=\"https:\/\/welaikaadv.site\/avviso\/chiusura-di-una-sala-gioco-per-violazione-delle-norme-sulle-distanze-minime-dai-luoghi-sensibili\/\" \/>\n<meta property=\"og:site_name\" content=\"Staging Avviso Pubblico\" \/>\n<meta name=\"twitter:card\" content=\"summary_large_image\" \/>\n<meta name=\"twitter:label1\" content=\"Tempo di lettura stimato\" \/>\n\t<meta name=\"twitter:data1\" content=\"1 minuto\" \/>\n<script type=\"application\/ld+json\" class=\"yoast-schema-graph\">{\"@context\":\"https:\/\/schema.org\",\"@graph\":[{\"@type\":\"WebPage\",\"@id\":\"https:\/\/welaikaadv.site\/avviso\/chiusura-di-una-sala-gioco-per-violazione-delle-norme-sulle-distanze-minime-dai-luoghi-sensibili\/\",\"url\":\"https:\/\/welaikaadv.site\/avviso\/chiusura-di-una-sala-gioco-per-violazione-delle-norme-sulle-distanze-minime-dai-luoghi-sensibili\/\",\"name\":\"Chiusura di una sala gioco per violazione delle norme sulle distanze minime dai luoghi sensibili - Staging Avviso Pubblico\",\"isPartOf\":{\"@id\":\"https:\/\/welaikaadv.site\/avviso\/#website\"},\"datePublished\":\"2018-09-04T16:32:30+00:00\",\"breadcrumb\":{\"@id\":\"https:\/\/welaikaadv.site\/avviso\/chiusura-di-una-sala-gioco-per-violazione-delle-norme-sulle-distanze-minime-dai-luoghi-sensibili\/#breadcrumb\"},\"inLanguage\":\"it-IT\",\"potentialAction\":[{\"@type\":\"ReadAction\",\"target\":[\"https:\/\/welaikaadv.site\/avviso\/chiusura-di-una-sala-gioco-per-violazione-delle-norme-sulle-distanze-minime-dai-luoghi-sensibili\/\"]}]},{\"@type\":\"BreadcrumbList\",\"@id\":\"https:\/\/welaikaadv.site\/avviso\/chiusura-di-una-sala-gioco-per-violazione-delle-norme-sulle-distanze-minime-dai-luoghi-sensibili\/#breadcrumb\",\"itemListElement\":[{\"@type\":\"ListItem\",\"position\":1,\"name\":\"Home\",\"item\":\"https:\/\/welaikaadv.site\/avviso\/\"},{\"@type\":\"ListItem\",\"position\":2,\"name\":\"Chiusura di una sala gioco per violazione delle norme sulle distanze minime dai luoghi sensibili\"}]},{\"@type\":\"WebSite\",\"@id\":\"https:\/\/welaikaadv.site\/avviso\/#website\",\"url\":\"https:\/\/welaikaadv.site\/avviso\/\",\"name\":\"Staging Avviso Pubblico\",\"description\":\"\",\"publisher\":{\"@id\":\"https:\/\/welaikaadv.site\/avviso\/#organization\"},\"potentialAction\":[{\"@type\":\"SearchAction\",\"target\":{\"@type\":\"EntryPoint\",\"urlTemplate\":\"https:\/\/welaikaadv.site\/avviso\/?s={search_term_string}\"},\"query-input\":{\"@type\":\"PropertyValueSpecification\",\"valueRequired\":true,\"valueName\":\"search_term_string\"}}],\"inLanguage\":\"it-IT\"},{\"@type\":\"Organization\",\"@id\":\"https:\/\/welaikaadv.site\/avviso\/#organization\",\"name\":\"Staging Avviso Pubblico\",\"url\":\"https:\/\/welaikaadv.site\/avviso\/\",\"logo\":{\"@type\":\"ImageObject\",\"inLanguage\":\"it-IT\",\"@id\":\"https:\/\/welaikaadv.site\/avviso\/#\/schema\/logo\/image\/\",\"url\":\"https:\/\/welaikaadv.site\/avviso\/wp-content\/uploads\/2024\/08\/logoAPsito-400.png\",\"contentUrl\":\"https:\/\/welaikaadv.site\/avviso\/wp-content\/uploads\/2024\/08\/logoAPsito-400.png\",\"width\":400,\"height\":97,\"caption\":\"Staging Avviso Pubblico\"},\"image\":{\"@id\":\"https:\/\/welaikaadv.site\/avviso\/#\/schema\/logo\/image\/\"}}]}<\/script>\n<!-- \/ Yoast SEO plugin. -->","yoast_head_json":{"title":"Chiusura di una sala gioco per violazione delle norme sulle distanze minime dai luoghi sensibili - Staging Avviso Pubblico","robots":{"index":"noindex","follow":"follow","max-snippet":"max-snippet:-1","max-image-preview":"max-image-preview:large","max-video-preview":"max-video-preview:-1"},"og_locale":"it_IT","og_type":"article","og_title":"Chiusura di una sala gioco per violazione delle norme sulle distanze minime dai luoghi sensibili - Staging Avviso Pubblico","og_description":"Premessa. Il TAR Lombardia (sentenza n. 1916\/2018) ha respinto il ricorso presentato dal titolare di una sala giochi contro un provvedimento di chiusura dell\u2019attivit\u00e0, ex&nbsp;[&hellip;]Leggi tutto Chiusura di una sala gioco per violazione delle norme sulle distanze minime dai luoghi sensibili &rarr;","og_url":"https:\/\/welaikaadv.site\/avviso\/chiusura-di-una-sala-gioco-per-violazione-delle-norme-sulle-distanze-minime-dai-luoghi-sensibili\/","og_site_name":"Staging Avviso Pubblico","twitter_card":"summary_large_image","twitter_misc":{"Tempo di lettura stimato":"1 minuto"},"schema":{"@context":"https:\/\/schema.org","@graph":[{"@type":"WebPage","@id":"https:\/\/welaikaadv.site\/avviso\/chiusura-di-una-sala-gioco-per-violazione-delle-norme-sulle-distanze-minime-dai-luoghi-sensibili\/","url":"https:\/\/welaikaadv.site\/avviso\/chiusura-di-una-sala-gioco-per-violazione-delle-norme-sulle-distanze-minime-dai-luoghi-sensibili\/","name":"Chiusura di una sala gioco per violazione delle norme sulle distanze minime dai luoghi sensibili - Staging Avviso Pubblico","isPartOf":{"@id":"https:\/\/welaikaadv.site\/avviso\/#website"},"datePublished":"2018-09-04T16:32:30+00:00","breadcrumb":{"@id":"https:\/\/welaikaadv.site\/avviso\/chiusura-di-una-sala-gioco-per-violazione-delle-norme-sulle-distanze-minime-dai-luoghi-sensibili\/#breadcrumb"},"inLanguage":"it-IT","potentialAction":[{"@type":"ReadAction","target":["https:\/\/welaikaadv.site\/avviso\/chiusura-di-una-sala-gioco-per-violazione-delle-norme-sulle-distanze-minime-dai-luoghi-sensibili\/"]}]},{"@type":"BreadcrumbList","@id":"https:\/\/welaikaadv.site\/avviso\/chiusura-di-una-sala-gioco-per-violazione-delle-norme-sulle-distanze-minime-dai-luoghi-sensibili\/#breadcrumb","itemListElement":[{"@type":"ListItem","position":1,"name":"Home","item":"https:\/\/welaikaadv.site\/avviso\/"},{"@type":"ListItem","position":2,"name":"Chiusura di una sala gioco per violazione delle norme sulle distanze minime dai luoghi sensibili"}]},{"@type":"WebSite","@id":"https:\/\/welaikaadv.site\/avviso\/#website","url":"https:\/\/welaikaadv.site\/avviso\/","name":"Staging Avviso Pubblico","description":"","publisher":{"@id":"https:\/\/welaikaadv.site\/avviso\/#organization"},"potentialAction":[{"@type":"SearchAction","target":{"@type":"EntryPoint","urlTemplate":"https:\/\/welaikaadv.site\/avviso\/?s={search_term_string}"},"query-input":{"@type":"PropertyValueSpecification","valueRequired":true,"valueName":"search_term_string"}}],"inLanguage":"it-IT"},{"@type":"Organization","@id":"https:\/\/welaikaadv.site\/avviso\/#organization","name":"Staging Avviso Pubblico","url":"https:\/\/welaikaadv.site\/avviso\/","logo":{"@type":"ImageObject","inLanguage":"it-IT","@id":"https:\/\/welaikaadv.site\/avviso\/#\/schema\/logo\/image\/","url":"https:\/\/welaikaadv.site\/avviso\/wp-content\/uploads\/2024\/08\/logoAPsito-400.png","contentUrl":"https:\/\/welaikaadv.site\/avviso\/wp-content\/uploads\/2024\/08\/logoAPsito-400.png","width":400,"height":97,"caption":"Staging Avviso Pubblico"},"image":{"@id":"https:\/\/welaikaadv.site\/avviso\/#\/schema\/logo\/image\/"}}]}},"_links":{"self":[{"href":"https:\/\/welaikaadv.site\/avviso\/wp-json\/wp\/v2\/pages\/27626","targetHints":{"allow":["GET"]}}],"collection":[{"href":"https:\/\/welaikaadv.site\/avviso\/wp-json\/wp\/v2\/pages"}],"about":[{"href":"https:\/\/welaikaadv.site\/avviso\/wp-json\/wp\/v2\/types\/page"}],"author":[{"embeddable":true,"href":"https:\/\/welaikaadv.site\/avviso\/wp-json\/wp\/v2\/users\/1"}],"replies":[{"embeddable":true,"href":"https:\/\/welaikaadv.site\/avviso\/wp-json\/wp\/v2\/comments?post=27626"}],"version-history":[{"count":0,"href":"https:\/\/welaikaadv.site\/avviso\/wp-json\/wp\/v2\/pages\/27626\/revisions"}],"wp:attachment":[{"href":"https:\/\/welaikaadv.site\/avviso\/wp-json\/wp\/v2\/media?parent=27626"}],"curies":[{"name":"wp","href":"https:\/\/api.w.org\/{rel}","templated":true}]}}