{"id":27644,"date":"2018-09-05T18:24:45","date_gmt":"2018-09-05T16:24:45","guid":{"rendered":"http:\/\/www.avvisopubblico.it\/home\/?page_id=27644"},"modified":"2018-09-05T18:24:45","modified_gmt":"2018-09-05T16:24:45","slug":"il-tar-lecce-respinge-il-ricorso-di-una-sala-giochi-per-mancato-rispetto-del-distanziometro","status":"publish","type":"page","link":"https:\/\/welaikaadv.site\/avviso\/home\/cosa-facciamo\/informare\/documenti-tematici\/gioco-dazzardo\/il-tar-lecce-respinge-il-ricorso-di-una-sala-giochi-per-mancato-rispetto-del-distanziometro\/","title":{"rendered":"Il Tar Lecce respinge il ricorso di una sala giochi per mancato rispetto del distanziometro"},"content":{"rendered":"<p><strong>Premessa<\/strong>. Il Tar Lecce (<em>sentenza n. 1031 del 2018<\/em>) ha respinto il ricorso del titolare di una sala giochi avverso il provvedimento dell\u2019Amministrazione del comune di Taranto, che aveva negato il subentro nella autorizzazione ex art. 86 TULPS per la gestione di apparecchi da intrattenimento.<\/p>\n<p><strong>Le motivazioni<\/strong>. Il giudice amministrativo ricorda che la legge regionale Puglia (<strong>n. 43 del 2013<\/strong>), all\u2019art 7, prevede che \u201cfuori dai casi previsti dall\u2019articolo 110, comma 7, del r.d. 773\/1931\u201d l\u2019autorizzazione agli esercizi commerciali venga concessa solo nel caso di ubicazioni in un raggio superiore a cinquecento metri \u201cmisurati per la distanza pedonale pi\u00f9 breve, da istituti scolastici di qualsiasi grado, luoghi di culto, oratori, impianti sportivi e centri giovanili, centri sociali o altri istituti frequentati principalmente da giovani o strutture residenziali o semiresidenziali operanti in ambito sanitario o socio-assistenziale e, inoltre, strutture ricettive per categorie protette. L\u2019autorizzazione \u00e8 concessa per cinque anni e pu\u00f2 essere chiesto il rinnovo dopo la scadenza. Per le autorizzazioni esistenti il termine di cinque anni decorre dalla data di entrata in vigore della presente legge\u201d.<\/p>\n<p>Il Tar Lecce sottolinea che la legge regionale ha disposto espressamente che l\u2019autorizzazione all\u2019esercizio ed alla installazione delle slot possa prescindere dalla distanza superiore ai 500 metri dagli istituti scolastici e altri istituti frequentati da minori <strong>solamente nei casi previsti dall\u2019articolo 110, comma 7, del r.d. 773\/1931<\/strong> (cio\u00e8 \u201cgli apparecchi senza monitor attivabili con l&#8217;introduzione di monete metalliche, di valore complessivo non superiore, per ciascuna partita, ad un euro, che distribuiscono, direttamente e immediatamente dopo la conclusione della partita, premi consistenti in prodotti di piccola oggettistica, non convertibili in denaro o scambiabili con premi di diversa specie\u201d); tale disposizione si applica anche alle autorizzazioni esistenti al momento dell\u2019entrata in vigore della legge regionale, con riferimento sia all\u2019installazione di slot machine che all\u2019esercizio delle sale da gioco. L\u2019Amministrazione \u00e8 perci\u00f2 tenuta ad esercitare il controllo di legittimit\u00e0 sul possesso di tutti i presupposti di legge da parte dell\u2019esercente, ivi incluso il rispetto delle distanze minime da scuole, istituti di culto, e dalle altre strutture indicate dalla legge.<\/p>\n<p>Il Tar richiama a tale riguardo la <strong>sentenza della Corte costituzionale n. 108 del 2017<\/strong><em> (riportata in allegato alla <strong>scheda sulla collocazione delle sale da gioco<\/strong><\/em>) che ha affermato la costituzionalit\u00e0 delle disposizioni della legge regionale. La Corte, ribadendo il proprio orientamento (<em>vedi sentenze nn. 300 del 2011 e 220 del 2014<\/em>) ha affermato la legittimit\u00e0 di tali misure di contenimento della ludopatia, in quanto non si avrebbe alcuna \u201cinvasione\u201d della competenza esclusiva dello Stato in materia di \u201cordine pubblico e sicurezza\u201d. Gli interventi in esame infatti non hanno la finalit\u00e0 di \u201ccontrastare il gioco illegale, n\u00e9 per disciplinare direttamente le modalit\u00e0 di installazione e di utilizzo degli apparecchi da gioco leciti e nemmeno per individuare i giochi leciti\u201d, ma trovano invece il loro fondamento nella materia della \u201ctutela della salute\u201d, nella quale le regioni possono legiferare nel rispetto dei principi dettati dalla legislazione statale \u201cper evitare la prossimit\u00e0 delle sale e degli apparecchi da gioco a determinati luoghi, ove si radunano soggetti ritenuti psicologicamente pi\u00f9 esposti all\u2019illusione di conseguire vincite e facili guadagni e, quindi, al rischio di cadere vittime della \u2018dipendenza da gioco d\u2019azzardo\u2019: fenomeno da tempo riconosciuto come vero e proprio disturbo del comportamento, assimilabile, per certi versi, alla tossicodipendenza e all\u2019alcoolismo\u201d.<\/p>\n","protected":false},"excerpt":{"rendered":"<p>Premessa. Il Tar Lecce (sentenza n. 1031 del 2018) ha respinto il ricorso del titolare di una sala giochi avverso il provvedimento dell\u2019Amministrazione del comune&nbsp;<span class=\"hellipsis\">[&hellip;]<\/span><a class=\"more-link\" href=\"https:\/\/welaikaadv.site\/avviso\/home\/cosa-facciamo\/informare\/documenti-tematici\/gioco-dazzardo\/il-tar-lecce-respinge-il-ricorso-di-una-sala-giochi-per-mancato-rispetto-del-distanziometro\/\">Leggi tutto <span class=\"screen-reader-text\">Il Tar Lecce respinge il ricorso di una sala giochi per mancato rispetto del distanziometro<\/span> <span class=\"meta-nav\" aria-hidden=\"true\">&rarr;<\/span><\/a><\/p>\n","protected":false},"author":1,"featured_media":0,"parent":202,"menu_order":0,"comment_status":"closed","ping_status":"closed","template":"","meta":{"_acf_changed":false,"_exactmetrics_skip_tracking":false,"_exactmetrics_sitenote_active":false,"_exactmetrics_sitenote_note":"","_exactmetrics_sitenote_category":0,"wp_social_preview_title":"","wp_social_preview_description":"","wp_social_preview_image":0,"footnotes":""},"class_list":["post-27644","page","type-page","status-publish","hentry"],"acf":[],"yoast_head":"<!-- This site is optimized with the Yoast SEO plugin v27.2 - https:\/\/yoast.com\/product\/yoast-seo-wordpress\/ -->\n<title>Il Tar Lecce respinge il ricorso di una sala giochi per mancato rispetto del distanziometro - Staging Avviso Pubblico<\/title>\n<meta name=\"robots\" content=\"noindex, follow, max-snippet:-1, max-image-preview:large, max-video-preview:-1\" \/>\n<meta property=\"og:locale\" content=\"it_IT\" \/>\n<meta property=\"og:type\" content=\"article\" \/>\n<meta property=\"og:title\" content=\"Il Tar Lecce respinge il ricorso di una sala giochi per mancato rispetto del distanziometro - Staging Avviso Pubblico\" \/>\n<meta property=\"og:description\" content=\"Premessa. Il Tar Lecce (sentenza n. 1031 del 2018) ha respinto il ricorso del titolare di una sala giochi avverso il provvedimento dell\u2019Amministrazione del comune&nbsp;[&hellip;]Leggi tutto Il Tar Lecce respinge il ricorso di una sala giochi per mancato rispetto del distanziometro &rarr;\" \/>\n<meta property=\"og:url\" content=\"https:\/\/welaikaadv.site\/avviso\/home\/cosa-facciamo\/informare\/documenti-tematici\/gioco-dazzardo\/il-tar-lecce-respinge-il-ricorso-di-una-sala-giochi-per-mancato-rispetto-del-distanziometro\/\" \/>\n<meta property=\"og:site_name\" content=\"Staging Avviso Pubblico\" \/>\n<meta name=\"twitter:card\" content=\"summary_large_image\" \/>\n<meta name=\"twitter:label1\" content=\"Tempo di lettura stimato\" \/>\n\t<meta name=\"twitter:data1\" content=\"3 minuti\" \/>\n<script type=\"application\/ld+json\" class=\"yoast-schema-graph\">{\"@context\":\"https:\/\/schema.org\",\"@graph\":[{\"@type\":\"WebPage\",\"@id\":\"https:\/\/welaikaadv.site\/avviso\/home\/cosa-facciamo\/informare\/documenti-tematici\/gioco-dazzardo\/il-tar-lecce-respinge-il-ricorso-di-una-sala-giochi-per-mancato-rispetto-del-distanziometro\/\",\"url\":\"https:\/\/welaikaadv.site\/avviso\/home\/cosa-facciamo\/informare\/documenti-tematici\/gioco-dazzardo\/il-tar-lecce-respinge-il-ricorso-di-una-sala-giochi-per-mancato-rispetto-del-distanziometro\/\",\"name\":\"Il Tar Lecce respinge il ricorso di una sala giochi per mancato rispetto del distanziometro - Staging Avviso Pubblico\",\"isPartOf\":{\"@id\":\"https:\/\/welaikaadv.site\/avviso\/#website\"},\"datePublished\":\"2018-09-05T16:24:45+00:00\",\"breadcrumb\":{\"@id\":\"https:\/\/welaikaadv.site\/avviso\/home\/cosa-facciamo\/informare\/documenti-tematici\/gioco-dazzardo\/il-tar-lecce-respinge-il-ricorso-di-una-sala-giochi-per-mancato-rispetto-del-distanziometro\/#breadcrumb\"},\"inLanguage\":\"it-IT\",\"potentialAction\":[{\"@type\":\"ReadAction\",\"target\":[\"https:\/\/welaikaadv.site\/avviso\/home\/cosa-facciamo\/informare\/documenti-tematici\/gioco-dazzardo\/il-tar-lecce-respinge-il-ricorso-di-una-sala-giochi-per-mancato-rispetto-del-distanziometro\/\"]}]},{\"@type\":\"BreadcrumbList\",\"@id\":\"https:\/\/welaikaadv.site\/avviso\/home\/cosa-facciamo\/informare\/documenti-tematici\/gioco-dazzardo\/il-tar-lecce-respinge-il-ricorso-di-una-sala-giochi-per-mancato-rispetto-del-distanziometro\/#breadcrumb\",\"itemListElement\":[{\"@type\":\"ListItem\",\"position\":1,\"name\":\"Home\",\"item\":\"https:\/\/welaikaadv.site\/avviso\/\"},{\"@type\":\"ListItem\",\"position\":2,\"name\":\"Il Tar Lecce respinge il ricorso di una sala giochi per mancato rispetto del distanziometro\"}]},{\"@type\":\"WebSite\",\"@id\":\"https:\/\/welaikaadv.site\/avviso\/#website\",\"url\":\"https:\/\/welaikaadv.site\/avviso\/\",\"name\":\"Staging Avviso Pubblico\",\"description\":\"\",\"publisher\":{\"@id\":\"https:\/\/welaikaadv.site\/avviso\/#organization\"},\"potentialAction\":[{\"@type\":\"SearchAction\",\"target\":{\"@type\":\"EntryPoint\",\"urlTemplate\":\"https:\/\/welaikaadv.site\/avviso\/?s={search_term_string}\"},\"query-input\":{\"@type\":\"PropertyValueSpecification\",\"valueRequired\":true,\"valueName\":\"search_term_string\"}}],\"inLanguage\":\"it-IT\"},{\"@type\":\"Organization\",\"@id\":\"https:\/\/welaikaadv.site\/avviso\/#organization\",\"name\":\"Staging Avviso Pubblico\",\"url\":\"https:\/\/welaikaadv.site\/avviso\/\",\"logo\":{\"@type\":\"ImageObject\",\"inLanguage\":\"it-IT\",\"@id\":\"https:\/\/welaikaadv.site\/avviso\/#\/schema\/logo\/image\/\",\"url\":\"https:\/\/welaikaadv.site\/avviso\/wp-content\/uploads\/2024\/08\/logoAPsito-400.png\",\"contentUrl\":\"https:\/\/welaikaadv.site\/avviso\/wp-content\/uploads\/2024\/08\/logoAPsito-400.png\",\"width\":400,\"height\":97,\"caption\":\"Staging Avviso Pubblico\"},\"image\":{\"@id\":\"https:\/\/welaikaadv.site\/avviso\/#\/schema\/logo\/image\/\"}}]}<\/script>\n<!-- \/ Yoast SEO plugin. -->","yoast_head_json":{"title":"Il Tar Lecce respinge il ricorso di una sala giochi per mancato rispetto del distanziometro - Staging Avviso Pubblico","robots":{"index":"noindex","follow":"follow","max-snippet":"max-snippet:-1","max-image-preview":"max-image-preview:large","max-video-preview":"max-video-preview:-1"},"og_locale":"it_IT","og_type":"article","og_title":"Il Tar Lecce respinge il ricorso di una sala giochi per mancato rispetto del distanziometro - Staging Avviso Pubblico","og_description":"Premessa. Il Tar Lecce (sentenza n. 1031 del 2018) ha respinto il ricorso del titolare di una sala giochi avverso il provvedimento dell\u2019Amministrazione del comune&nbsp;[&hellip;]Leggi tutto Il Tar Lecce respinge il ricorso di una sala giochi per mancato rispetto del distanziometro &rarr;","og_url":"https:\/\/welaikaadv.site\/avviso\/home\/cosa-facciamo\/informare\/documenti-tematici\/gioco-dazzardo\/il-tar-lecce-respinge-il-ricorso-di-una-sala-giochi-per-mancato-rispetto-del-distanziometro\/","og_site_name":"Staging Avviso Pubblico","twitter_card":"summary_large_image","twitter_misc":{"Tempo di lettura stimato":"3 minuti"},"schema":{"@context":"https:\/\/schema.org","@graph":[{"@type":"WebPage","@id":"https:\/\/welaikaadv.site\/avviso\/home\/cosa-facciamo\/informare\/documenti-tematici\/gioco-dazzardo\/il-tar-lecce-respinge-il-ricorso-di-una-sala-giochi-per-mancato-rispetto-del-distanziometro\/","url":"https:\/\/welaikaadv.site\/avviso\/home\/cosa-facciamo\/informare\/documenti-tematici\/gioco-dazzardo\/il-tar-lecce-respinge-il-ricorso-di-una-sala-giochi-per-mancato-rispetto-del-distanziometro\/","name":"Il Tar Lecce respinge il ricorso di una sala giochi per mancato rispetto del distanziometro - Staging Avviso Pubblico","isPartOf":{"@id":"https:\/\/welaikaadv.site\/avviso\/#website"},"datePublished":"2018-09-05T16:24:45+00:00","breadcrumb":{"@id":"https:\/\/welaikaadv.site\/avviso\/home\/cosa-facciamo\/informare\/documenti-tematici\/gioco-dazzardo\/il-tar-lecce-respinge-il-ricorso-di-una-sala-giochi-per-mancato-rispetto-del-distanziometro\/#breadcrumb"},"inLanguage":"it-IT","potentialAction":[{"@type":"ReadAction","target":["https:\/\/welaikaadv.site\/avviso\/home\/cosa-facciamo\/informare\/documenti-tematici\/gioco-dazzardo\/il-tar-lecce-respinge-il-ricorso-di-una-sala-giochi-per-mancato-rispetto-del-distanziometro\/"]}]},{"@type":"BreadcrumbList","@id":"https:\/\/welaikaadv.site\/avviso\/home\/cosa-facciamo\/informare\/documenti-tematici\/gioco-dazzardo\/il-tar-lecce-respinge-il-ricorso-di-una-sala-giochi-per-mancato-rispetto-del-distanziometro\/#breadcrumb","itemListElement":[{"@type":"ListItem","position":1,"name":"Home","item":"https:\/\/welaikaadv.site\/avviso\/"},{"@type":"ListItem","position":2,"name":"Il Tar Lecce respinge il ricorso di una sala giochi per mancato rispetto del distanziometro"}]},{"@type":"WebSite","@id":"https:\/\/welaikaadv.site\/avviso\/#website","url":"https:\/\/welaikaadv.site\/avviso\/","name":"Staging Avviso Pubblico","description":"","publisher":{"@id":"https:\/\/welaikaadv.site\/avviso\/#organization"},"potentialAction":[{"@type":"SearchAction","target":{"@type":"EntryPoint","urlTemplate":"https:\/\/welaikaadv.site\/avviso\/?s={search_term_string}"},"query-input":{"@type":"PropertyValueSpecification","valueRequired":true,"valueName":"search_term_string"}}],"inLanguage":"it-IT"},{"@type":"Organization","@id":"https:\/\/welaikaadv.site\/avviso\/#organization","name":"Staging Avviso Pubblico","url":"https:\/\/welaikaadv.site\/avviso\/","logo":{"@type":"ImageObject","inLanguage":"it-IT","@id":"https:\/\/welaikaadv.site\/avviso\/#\/schema\/logo\/image\/","url":"https:\/\/welaikaadv.site\/avviso\/wp-content\/uploads\/2024\/08\/logoAPsito-400.png","contentUrl":"https:\/\/welaikaadv.site\/avviso\/wp-content\/uploads\/2024\/08\/logoAPsito-400.png","width":400,"height":97,"caption":"Staging Avviso Pubblico"},"image":{"@id":"https:\/\/welaikaadv.site\/avviso\/#\/schema\/logo\/image\/"}}]}},"_links":{"self":[{"href":"https:\/\/welaikaadv.site\/avviso\/wp-json\/wp\/v2\/pages\/27644","targetHints":{"allow":["GET"]}}],"collection":[{"href":"https:\/\/welaikaadv.site\/avviso\/wp-json\/wp\/v2\/pages"}],"about":[{"href":"https:\/\/welaikaadv.site\/avviso\/wp-json\/wp\/v2\/types\/page"}],"author":[{"embeddable":true,"href":"https:\/\/welaikaadv.site\/avviso\/wp-json\/wp\/v2\/users\/1"}],"replies":[{"embeddable":true,"href":"https:\/\/welaikaadv.site\/avviso\/wp-json\/wp\/v2\/comments?post=27644"}],"version-history":[{"count":0,"href":"https:\/\/welaikaadv.site\/avviso\/wp-json\/wp\/v2\/pages\/27644\/revisions"}],"up":[{"embeddable":true,"href":"https:\/\/welaikaadv.site\/avviso\/wp-json\/wp\/v2\/pages\/202"}],"wp:attachment":[{"href":"https:\/\/welaikaadv.site\/avviso\/wp-json\/wp\/v2\/media?parent=27644"}],"curies":[{"name":"wp","href":"https:\/\/api.w.org\/{rel}","templated":true}]}}